{"id":12974,"date":"2012-10-13T19:15:19","date_gmt":"2012-10-13T17:15:19","guid":{"rendered":"https:\/\/www.freiburg-schwarzwald.de\/blog\/?page_id=12974"},"modified":"2026-04-03T17:54:26","modified_gmt":"2026-04-03T15:54:26","slug":"brauchtum","status":"publish","type":"page","link":"https:\/\/www.freiburg-schwarzwald.de\/blog\/regio\/heimat\/brauchtum\/","title":{"rendered":"Brauchtum"},"content":{"rendered":"<p>Home &gt;<a title=\"Regio\" href=\"https:\/\/www.freiburg-schwarzwald.de\/blog\/regio\/\">Regio<\/a> &gt;<a title=\"Heimat\" href=\"https:\/\/www.freiburg-schwarzwald.de\/blog\/regio\/heimat\/\">Heimat <\/a>&gt;Brauchtum<\/p>\n<div id=\"attachment_11161\" style=\"width: 647px\" class=\"wp-caption alignnone\"><a href=\"https:\/\/www.freiburg-schwarzwald.de\/blog\/natur\/wald\/kastanie\/esskastanie-laub-pan091030\/\" rel=\"attachment wp-att-11161\"><img loading=\"lazy\" decoding=\"async\" aria-describedby=\"caption-attachment-11161\" class=\"size-full wp-image-11161\" title=\"esskastanie-laub-pan091030\" src=\"https:\/\/www.freiburg-schwarzwald.de\/blog\/wp-content\/uploads\/2012\/09\/esskastanie-laub-pan091030.jpg\" alt=\"\" width=\"637\" height=\"237\" srcset=\"https:\/\/www.freiburg-schwarzwald.de\/blog\/wp-content\/uploads\/2012\/09\/esskastanie-laub-pan091030.jpg 637w, https:\/\/www.freiburg-schwarzwald.de\/blog\/wp-content\/uploads\/2012\/09\/esskastanie-laub-pan091030-180x66.jpg 180w\" sizes=\"auto, (max-width: 637px) 100vw, 637px\" \/><\/a><p id=\"caption-attachment-11161\" class=\"wp-caption-text\">Kinderversteck im Herbstlaub der Esskastanie am 30.10.2009<\/p><\/div>\n<ul>\n<li><em>Listenauswahl eines Beitrags (Artikel\/Datum, Seite\/Inhalt):\u00a0<span style=\"text-decoration: underline;\">Klicken<\/span>\u00a0oder scrollen<\/em><\/li>\n<li><a href=\"https:\/\/www.freiburg-schwarzwald.de\/blog\/osterzeit-raetscherbuben-brauch\/\">Osterzeit R\u00e4tscherbuben Brauch<\/a>\u00a0(3.4.2026)<\/li>\n<li><a href=\"https:\/\/www.freiburg-schwarzwald.de\/blog\/kirchweih-st-hilarius-300-jahre\/\">Kirchweih St.Hilarius 300 Jahre<\/a>\u00a0(25.4.2025)<\/li>\n<li><a href=\"https:\/\/www.freiburg-schwarzwald.de\/blog\/ostern-raetschen-statt-glocken-2\/\">Ostern: R\u00e4tschen statt Glocken<\/a>\u00a0(20.4.2025)<\/li>\n<li><a href=\"https:\/\/www.freiburg-schwarzwald.de\/blog\/fronleichnam-in-st-peter\/\">Fronleichnam in St. Peter<\/a>\u00a0(9.6.2023)<\/li>\n<li><a href=\"https:\/\/www.freiburg-schwarzwald.de\/blog\/ostern-raetschen-statt-glocken\/\">Ostern: R\u00e4tschen statt Kirchenglocken<\/a>\u00a0(3.4.2021)<\/li>\n<li><a href=\"https:\/\/www.freiburg-schwarzwald.de\/blog\/cego-altes-kartenspiel-online\/\">Cego \u2013 altes Kartenspiel nun online<\/a>\u00a0(14.1.2021)<\/li>\n<li><a href=\"https:\/\/www.freiburg-schwarzwald.de\/blog\/kultur\/spiele\/\">Cego-online.de \u2013 Interview mit Prof Jirka Dell\u2019Oro-Friedl<\/a>\u00a0(11.12.2020)<\/li>\n<li><a title=\"Martinsgans und Laternengans\" href=\"https:\/\/www.freiburg-schwarzwald.de\/blog\/martinsgans-und-laternengans\/\">Martinsgans und Laternengans<\/a>\u00a0(14.11.2019)<\/li>\n<li><a href=\"https:\/\/www.freiburg-schwarzwald.de\/blog\/osterfeuer-contra-klimawandel\/\">https:\/\/www.freiburg-schwarzwald.de\/blog\/osterfeuer-contra-klimawandel\/<\/a>\u00a0(22.2.2019)<\/li>\n<li><a title=\"Traditionen\" href=\"https:\/\/www.freiburg-schwarzwald.de\/blog\/global\/deutschland\/deutsche-kultur\/traditionen\/\">Laternenfest statt St.Martinsumzug &#8211; nein<\/a> (7.11.2018)<\/li>\n<li><a href=\"https:\/\/www.freiburg-schwarzwald.de\/blog\/ebnet-boellern-am-galgenberg\/\">https:\/\/www.freiburg-schwarzwald.de\/blog\/ebnet-boellern-am-galgenberg\/<\/a> (17.1.2014)<\/li>\n<li><a href=\"https:\/\/www.freiburg-schwarzwald.de\/blog\/martinsumzug-umbenennen\/\">https:\/\/www.freiburg-schwarzwald.de\/blog\/martinsumzug-umbenennen\/<\/a>\u00a0(30.11.2013)<\/li>\n<li>Maibaumstellen, Maiwecken und Maihocks\u00a0\u00a0&#8211; Brauchtum zum 1. Mai (30.4.2013)<\/li>\n<li><a href=\"https:\/\/www.freiburg-schwarzwald.de\/blog\/raetschen-vor-ostern-in-ebnet\/\">https:\/\/www.freiburg-schwarzwald.de\/blog\/raetschen-vor-ostern-in-ebnet\/<\/a>\u00a0(29.3.2013)<\/li>\n<li><a href=\"https:\/\/www.freiburg-schwarzwald.de\/brauchtum3.htm\">Aktuelle Infos zur Brauchtum-Seite ab M\u00e4rz 2005<\/a> &gt;Brauchtum3<\/li>\n<li><a href=\"https:\/\/www.freiburg-schwarzwald.de\/brauchtum2.htm\">Aktuelle Infos zur Brauchtum-Seite ab 1.1.2004<\/a> &gt;Brauchtum2<\/li>\n<li><a href=\"https:\/\/www.freiburg-schwarzwald.de\/brauchtum1.htm\">Aktuelle Infos zur Brauchtum-Seite<\/a> &gt;Brauchtum1<\/li>\n<li><\/li>\n<li><strong><a href=\"https:\/\/www.freiburg-schwarzwald.de\/brauchtum.htm\">www.freiburg-schwarzwald.de\/brauchtum.htm<\/a> &gt;Archivseite Brauchtum<\/strong><\/li>\n<li><a title=\"AltesHandwerk\" href=\"https:\/\/www.freiburg-schwarzwald.de\/blog\/business\/handwerk\/alteshandwerk\/\">Altes Handwerk<\/a><\/li>\n<li><a href=\"https:\/\/www.freiburg-schwarzwald.de\/bauernhoefe1.htm#Die sieben Schwarzw\u00e4lder Eindachh\u00e4user nach Hermann Schilli\">Bauernh\u00f6fe: Die sieben Schwarzw\u00e4lder Eindachh\u00e4user nach Hermann Schilli<\/a> &gt;Bauernhoefe1<\/li>\n<li><a href=\"https:\/\/www.freiburg-schwarzwald.de\/spiel.htm#Cego - Kartenspiel im Schwarzwald\">Cego &#8211; Kartenspiel im Schwarzwald<\/a> &gt;Spiel<\/li>\n<li><a href=\"https:\/\/www.freiburg-schwarzwald.de\/brauchtum2.htm#Landwirte aus dem Markgr\u00e4flerland zum Erntedankfest\">Erntedankfest<\/a> &gt;Brauchtum2 (2.10.2004)<\/li>\n<li><a href=\"https:\/\/www.freiburg-schwarzwald.de\/brauchtum.htm#Fasten als Exerzitien im Alltag\">Fasten als &#8222;Exerzitien im Alltag&#8220;<\/a><\/li>\n<li><a href=\"https:\/\/www.freiburg-schwarzwald.de\/brauchtum.htm#Folklore Europaea: Datenbank Feste, Br\u00e4uche, Traditionen in Europa\">Folklore Europaea: Datenbank Feste, Br\u00e4uche, Traditionen in Europa <\/a><\/li>\n<li><a href=\"https:\/\/www.freiburg-schwarzwald.de\/brauchtum.htm#Glasbl\u00e4ser in der Ravennaschlucht\">Glasbl\u00e4ser in der Ravennaschlucht<\/a> (18.5.1999)<\/li>\n<li><a href=\"https:\/\/www.freiburg-schwarzwald.de\/brauchtum.htm#Halloween - kein amerikanisches Fest, sondern keltisch-heidnischen Ursprungs\">Halloween &#8211; kein amerikanisches Fest, sondern keltisch-heidnischen Ursprungs<\/a> (25.10.2003)<\/li>\n<li><a href=\"https:\/\/www.freiburg-schwarzwald.de\/hirtenbuben.htm\">Hirtenbubentreffen<\/a> &gt;Hirtenbuben (26.9.2003)<\/li>\n<li><a href=\"https:\/\/www.freiburg-schwarzwald.de\/brauchtum.htm#Hammeltanz in Himmelreich am Kirchweihsonntag\">Hammeltanz in Himmelreich am Kirchweihsonntag<\/a><\/li>\n<li><a href=\"https:\/\/www.freiburg-schwarzwald.de\/brauchtum.htm#Hexenwahn im Schwarzwald\">Hexenwahn im Schwarzwald<\/a><\/li>\n<li><a href=\"https:\/\/www.freiburg-schwarzwald.de\/brauchtum.htm#H\u00fcsli - Schwarzw\u00e4lder Tradition und Lebensstil in Grafenhausen\">H\u00fcsli &#8211; Schwarzw\u00e4lder Tradition und Lebensstil in Grafenhausen<\/a><\/li>\n<li><a href=\"https:\/\/www.freiburg-schwarzwald.de\/littenweiler\/eschbach.htm#Kindbettweck an junge M\u00fctter - ein altes Brauch\">Kindbettweck an junge M\u00fctter &#8211; ein altes Brauchtum<\/a> &gt;Eschbach<\/li>\n<li><a href=\"https:\/\/www.freiburg-schwarzwald.de\/brauchtum.htm#Laurentiusfest in allen H\u00fctten am Feldberg\">Laurentiusfest in allen H\u00fctten am Feldberg<\/a> (9.8.)<\/li>\n<li><a href=\"https:\/\/www.freiburg-schwarzwald.de\/brauchtum.htm#Maibaum von Hand aufstellen mit Schwalben und Scheren\">Maibaum von Hand aufstellen mit Schwalben und Scheren<\/a><\/li>\n<li><a href=\"https:\/\/www.freiburg-schwarzwald.de\/littenweiler\/eschbach.htm#1.Mai-Singen des MV Eschbach von Hof zu Hof\">Mai-Singen &#8211; Am 1. Mai von Hof zu Hof<\/a> &gt;Eschbach (2.5.2005)<\/li>\n<li><a href=\"https:\/\/www.freiburg-schwarzwald.de\/brauchtum3.htm#Maiwecken in der Nacht zum 1.Mai im Dreisamtal - eine alte Tradition\">Maiwecken<\/a> &gt;Brauchtum3<\/li>\n<li><a href=\"https:\/\/www.freiburg-schwarzwald.de\/brauchtum2.htm#Burkheimer Nachtw\u00e4chterrundg\u00e4nge sind sehr gefragt\">Nachtw\u00e4chterrundg\u00e4nge in Burkheim<\/a> &gt;Brauchtum2 (11.1.2005)<\/li>\n<li><a href=\"https:\/\/www.freiburg-schwarzwald.de\/ostern.htm#Osterschwamm-Tragen in St. Peter - von Hof zu Hof\">Osterschwamm-Tragen in St. Peter &#8211; von Hof zu Hof<\/a> &gt;Ostern (23.3.2008)<\/li>\n<li><a href=\"https:\/\/www.freiburg-schwarzwald.de\/raetschen.htm#R\u00e4tschen statt Glocken\">R\u00e4tschen statt Glocken<\/a> &gt;Raetschen<\/li>\n<li><a href=\"https:\/\/www.freiburg-schwarzwald.de\/scheibenschlagen.htm\">Scheibe schlage<\/a> &gt;Scheibenschlagen<\/li>\n<li><a href=\"https:\/\/www.freiburg-schwarzwald.de\/brauchtum.htm#Schierefescht am Grie\u00dfbachhof mit dem Heimatverein Titisee\">Schierefescht am Grie\u00dfbachhof mit dem Heimatverein Titisee<\/a> (4.7.2002)<\/li>\n<li><a href=\"https:\/\/www.freiburg-schwarzwald.de\/brauchtum.htm#Schmuckbinden f\u00fcr Weidek\u00fche vor dem Viehabtrieb\">Schmuckbinden f\u00fcr Weidek\u00fche vor dem Viehabtrieb<\/a> (3.10.)<\/li>\n<li><a href=\"https:\/\/www.freiburg-schwarzwald.de\/brauchtum.htm#Schnefler - B\u00e4uerliches Brauchtum (Dreisamt\u00e4ler, 15.1.1998, S. 12)\">Schnefler &#8211; b\u00e4uerliches Brauchtum im Prissenhof<\/a> (15.1.1998)<\/li>\n<li><a href=\"https:\/\/www.freiburg-schwarzwald.de\/brauchtum.htm#Seelewecke an Allerseelen erbitten\">Seelewecke an Allerseelen erbitten<\/a> (31.10.2002)<\/li>\n<li><\/li>\n<li><a href=\"https:\/\/www.freiburg-schwarzwald.de\/blog\/religion\/kirchen\/raetschen\/\">R\u00e4tschen<\/a><\/li>\n<li><a href=\"https:\/\/www.freiburg-schwarzwald.de\/muenstertal5.htm\">Schwarzwaldhaus 1902 &#8211; Kaltwasserhof <\/a>&gt;Muenstertal5<\/li>\n<li><a href=\"https:\/\/www.freiburg-schwarzwald.de\/blog\/kultur\/spiele\/\">Spiele<\/a><\/li>\n<li><a href=\"https:\/\/www.freiburg-schwarzwald.de\/stpeter5.htm#K\u00fchhof in Eschbach-Obertal\">Storch stellen<\/a> &gt;StPeter5<\/li>\n<li><a title=\"Trachten\" href=\"https:\/\/www.freiburg-schwarzwald.de\/blog\/regio\/heimat\/trachten\/\">Trachten und Trachtengruppen<\/a><\/li>\n<li><a title=\"Traditionen\" href=\"https:\/\/www.freiburg-schwarzwald.de\/blog\/global\/deutschland\/deutsche-kultur\/traditionen\/\">Traditionen<\/a><\/li>\n<li><a href=\"https:\/\/www.freiburg-schwarzwald.de\/krippen.htm\">Weihnachtskrippen<\/a> &gt;Krippen<\/li>\n<li><a href=\"https:\/\/www.freiburg-schwarzwald.de\/alteshandwerk.htm\">Altes Handwerk<\/a> &gt;AltesHandwerk<\/li>\n<li><a href=\"https:\/\/www.freiburg-schwarzwald.de\/kleindenkmal.htm\">Kleindenkm\u00e4ler, Denkmale<\/a> &gt;Kleindenkmal<\/li>\n<li><a title=\"Kriegsdenkmale\" href=\"https:\/\/www.freiburg-schwarzwald.de\/blog\/engagement\/zukunft\/krieg\/kriegsdenkmale\/\">Kriegsdenkmale<\/a><\/li>\n<li><a href=\"https:\/\/www.freiburg-schwarzwald.de\/musik.htm\">Musikgruppen<\/a> &gt;Musik<\/li>\n<li><a href=\"https:\/\/www.freiburg-schwarzwald.de\/brauchtum.htm#Links\">Links<\/a><\/li>\n<\/ul>\n<p>&nbsp;<\/p>\n<div id=\"container\">\n<div id=\"content\">\n<div>\n<div id=\"fontScale\">\n<p><!-- RSPEAK_STOP --><!-- RSPEAK_START --><strong>Maibaumstellen, Maiwecken und Maihocks\u00a0\u00a0&#8211; Brauchtum zum 1. Mai<\/strong><\/p>\n<p>Maibaumstellen:<br \/>\nZum Maifeiertag finden auch in den Ortschaften zwischen Freiburg und <a title=\"Kaiserstuhl\" href=\"https:\/\/www.freiburg-schwarzwald.de\/blog\/regio\/kaiserstuhl\/\">Kaiserstuhl<\/a> mehrere Hocks und Brauchtumsfeiern statt. Auftakt ist am heutigen Dienstag, 30. April, mit dem Errichten des Maibaums. Diese Tradition pflegen jeweils ab 18 Uhr vor den \u00f6rtlichen Rath\u00e4usern die Landjugend in <a title=\"Boetzingen\" href=\"https:\/\/www.freiburg-schwarzwald.de\/blog\/regio\/orte\/boetzingen\/\">B\u00f6tzingen<\/a> und der neue Rekrutenjahrgang 1994 in Merdingen. Auch die Holzhauser Vereine einen Maibaum vor dem Rathaus des Marcher Ortsteils. Steht der Maibaum wird im Anschluss mit einem kleinen Hock gefeiert. In Meringen findet die traditionell erste gro\u00dfe Feier der neuen Rekruten in der Winzerhalle statt. In Gottenheim richten die Fu\u00dfballerinnen im Jugendclub ab 21 Uhr den Tanz in den Mai aus, in Holzhausen der Sportclub in seinem Vereinsheim.<br \/>\n<a href=\"https:\/\/www.freiburg-schwarzwald.de\/blog\/maibaum-28-handwerkstafeln\/\">https:\/\/www.freiburg-schwarzwald.de\/blog\/maibaum-28-handwerkstafeln\/<\/a>\u00a0(8.5.2013)<\/p>\n<p>Maiwecken:<br \/>\nAm fr\u00fchen, ersten Maimorgen wird in vielen Orten Blasmusik die B\u00fcrger wecken. In B\u00f6tzingen sorgt daf\u00fcr die Brassband, in Merdingen die Jugendkapelle, in Umkirch und Neuershausen sowie in Eichstetten jeweils die \u00f6rtlichen Musikvereine \u2013 wenn das Wetter mitspielt.<\/p>\n<p>Maihocks:<br \/>\nEine Reihe von Vereinen richten dann tags\u00fcber wieder Maihocks aus, bei denen reichlich bewirtet wird. In B\u00f6tzingen startet der Sch\u00fctzenverein seinen Hock am Sch\u00fctzenhaus unterhalb des Gagenhards bereits um 9 Uhr, von 10 Uhr an bewirtet der Sch\u00e4ferhundeverein auf seiner Anlage am Radweg nach Wasenweiler. In Eichstetten startet der Maihock des Winzerchors MixDur an der Waldh\u00fctte oberhalb der Reben um 10 Uhr. In March richtet der SC March am Sportplatz Neuershausen ab 11 Uhr einen Maihock aus, zu dem um 15 Uhr ein Mixed-Einlagespiel ausgerichtet wird. Auch der SC Holzhausen hat aber 10 Uhr sein Vereinsheim ge\u00f6ffnet.<br \/>\nIn Gottenheim findet das e Maifest des Angelsportvereins am Riedweiher ab 11 Uhr statt. Zur gleichen Zeit beginnt in Merdingen der Maihock der Zwulcher Narrenzunft an der Zehntscheune.<br \/>\n30.4.2013<br \/>\n<!-- RSPEAK_STOP --><\/p>\n<\/div>\n<\/div>\n<\/div>\n<\/div>\n","protected":false},"excerpt":{"rendered":"<p>Home &gt;Regio &gt;Heimat &gt;Brauchtum Listenauswahl eines Beitrags (Artikel\/Datum, Seite\/Inhalt):\u00a0Klicken\u00a0oder scrollen Osterzeit R\u00e4tscherbuben Brauch\u00a0(3.4.2026) Kirchweih St.Hilarius 300 Jahre\u00a0(25.4.2025) Ostern: R\u00e4tschen statt Glocken\u00a0(20.4.2025) Fronleichnam in St. Peter\u00a0(9.6.2023) Ostern: R\u00e4tschen statt Kirchenglocken\u00a0(3.4.2021) Cego \u2013 altes Kartenspiel nun online\u00a0(14.1.2021) Cego-online.de \u2013 Interview mit Prof &hellip; <a href=\"https:\/\/www.freiburg-schwarzwald.de\/blog\/regio\/heimat\/brauchtum\/\">Weiterlesen <span class=\"meta-nav\">&rarr;<\/span><\/a><\/p>\n","protected":false},"author":4,"featured_media":0,"parent":1681,"menu_order":0,"comment_status":"open","ping_status":"closed","template":"","meta":{"footnotes":""},"class_list":["post-12974","page","type-page","status-publish","hentry"],"_links":{"self":[{"href":"https:\/\/www.freiburg-schwarzwald.de\/blog\/wp-json\/wp\/v2\/pages\/12974","targetHints":{"allow":["GET"]}}],"collection":[{"href":"https:\/\/www.freiburg-schwarzwald.de\/blog\/wp-json\/wp\/v2\/pages"}],"about":[{"href":"https:\/\/www.freiburg-schwarzwald.de\/blog\/wp-json\/wp\/v2\/types\/page"}],"author":[{"embeddable":true,"href":"https:\/\/www.freiburg-schwarzwald.de\/blog\/wp-json\/wp\/v2\/users\/4"}],"replies":[{"embeddable":true,"href":"https:\/\/www.freiburg-schwarzwald.de\/blog\/wp-json\/wp\/v2\/comments?post=12974"}],"version-history":[{"count":5,"href":"https:\/\/www.freiburg-schwarzwald.de\/blog\/wp-json\/wp\/v2\/pages\/12974\/revisions"}],"predecessor-version":[{"id":147462,"href":"https:\/\/www.freiburg-schwarzwald.de\/blog\/wp-json\/wp\/v2\/pages\/12974\/revisions\/147462"}],"up":[{"embeddable":true,"href":"https:\/\/www.freiburg-schwarzwald.de\/blog\/wp-json\/wp\/v2\/pages\/1681"}],"wp:attachment":[{"href":"https:\/\/www.freiburg-schwarzwald.de\/blog\/wp-json\/wp\/v2\/media?parent=12974"}],"curies":[{"name":"wp","href":"https:\/\/api.w.org\/{rel}","templated":true}]}}