{"id":128750,"date":"2024-11-23T19:37:07","date_gmt":"2024-11-23T18:37:07","guid":{"rendered":"https:\/\/www.freiburg-schwarzwald.de\/blog\/?page_id=128750"},"modified":"2026-03-14T11:55:19","modified_gmt":"2026-03-14T10:55:19","slug":"verwahrlosung","status":"publish","type":"page","link":"https:\/\/www.freiburg-schwarzwald.de\/blog\/global\/deutschland\/verwahrlosung\/","title":{"rendered":"Verwahrlosung"},"content":{"rendered":"<p><a href=\"https:\/\/www.freiburg-schwarzwald.de\/blog\">Home<\/a> &gt;<a href=\"https:\/\/www.freiburg-schwarzwald.de\/blog\/global\/deutschland\/deutsche-kultur\/\">Deutsche Kultur<\/a>\u00a0&gt;<a href=\"https:\/\/www.freiburg-schwarzwald.de\/blog\/kultur\/kulturverlust\/\">Kulturverlust<\/a> &gt;<a href=\"https:\/\/www.freiburg-schwarzwald.de\/blog\/global\/deutschland\/deutschland2024\/\">Deutschland\u00a0<\/a>&gt;<a href=\"https:\/\/www.freiburg-schwarzwald.de\/blog\/kultur\/kulturverlust\/woke-lost\/\">woke<\/a> &gt;Verwahrlosung<\/p>\n<div id=\"attachment_128406\" style=\"width: 649px\" class=\"wp-caption alignnone\"><a href=\"https:\/\/www.freiburg-schwarzwald.de\/blog\/wp-content\/uploads\/2024\/11\/stmaergen-kandel-pan241110.jpg\"><img loading=\"lazy\" decoding=\"async\" aria-describedby=\"caption-attachment-128406\" class=\"size-full wp-image-128406\" src=\"https:\/\/www.freiburg-schwarzwald.de\/blog\/wp-content\/uploads\/2024\/11\/stmaergen-kandel-pan241110.jpg\" alt=\"\" width=\"639\" height=\"397\" srcset=\"https:\/\/www.freiburg-schwarzwald.de\/blog\/wp-content\/uploads\/2024\/11\/stmaergen-kandel-pan241110.jpg 639w, https:\/\/www.freiburg-schwarzwald.de\/blog\/wp-content\/uploads\/2024\/11\/stmaergen-kandel-pan241110-180x112.jpg 180w\" sizes=\"auto, (max-width: 639px) 100vw, 639px\" \/><\/a><p id=\"caption-attachment-128406\" class=\"wp-caption-text\">Blick nach Norden \u00fcber Schweigh\u00f6fe und St. M\u00e4rgen zum Kandel am 10.11.2024<\/p><\/div>\n<p>&nbsp;<\/p>\n<ul>\n<li><em>Listenauswahl eines Beitrags (Artikel\/Datum, Seite\/Inhalt):\u00a0<span style=\"text-decoration: underline;\">Klicken<\/span>\u00a0oder scrollen<\/em><\/li>\n<li><a href=\"https:\/\/www.freiburg-schwarzwald.de\/blog\/vergewaltigung-vertuscht-islam\/\">Vergewaltigung vertuscht: Islam<\/a>\u00a0(14.3.2026)<\/li>\n<li><a href=\"https:\/\/www.freiburg-schwarzwald.de\/blog\/stadtbild-statement-von-merz\/\">Stadtbild-Statement von Merz<\/a>\u00a0(20.10.2025)<\/li>\n<li><a href=\"https:\/\/www.freiburg-schwarzwald.de\/blog\/kultur\/kulturverlust\/gewohnheit\/\">Dener: Gew\u00f6hnung ist der Anfang vom Ende<\/a> (22.7.2025)<\/li>\n<li><a href=\"https:\/\/www.freiburg-schwarzwald.de\/blog\/pro-asyl-konzern-pro-migration\/\">Pro-Asyl Konzern Pro-Migration<\/a>\u00a0(10.6.2025)<\/li>\n<li>Ein Sch\u00fcler fliegt aus dem Fenster, ein Mann stirbt im Einkaufszentrum (27.6.2025)<\/li>\n<li><a href=\"https:\/\/www.freiburg-schwarzwald.de\/blog\/global\/deutschland\/zerfall\/\">Der Einsch\u00fcchterungskrieg gegen die Bev\u00f6lkerung<\/a>\u00a0(25.6.2025)<\/li>\n<li><a href=\"https:\/\/www.freiburg-schwarzwald.de\/blog\/engagement\/verantwortung\/\">Generation Verantwortungslosigkeit<\/a>\u00a0(30.11.2024)<\/li>\n<li>Friedrich Pohlmann: Wie unsere Gesellschaft aussieht \u2013 vulg\u00e4rdekadent, \u00fcberfremdet, verwahrlost (17.11.2024)<\/li>\n<li><\/li>\n<li><a href=\"https:\/\/www.freiburg-schwarzwald.de\/blog\/kultur\/kulturverlust\/dekadenz\/\">Dekadenz<\/a><\/li>\n<li><a href=\"https:\/\/www.freiburg-schwarzwald.de\/blog\/global\/deutschland\/gesellschaft\/\">Gesellschaft<\/a><\/li>\n<li><a href=\"https:\/\/www.freiburg-schwarzwald.de\/blog\/kultur\/kulturverlust\/gewohnheit\/\">Gewohnheit<\/a><\/li>\n<li><a href=\"https:\/\/www.freiburg-schwarzwald.de\/blog\/kultur\/kunst\/graffiti\/\">Graffiti<\/a><\/li>\n<li><a href=\"https:\/\/www.freiburg-schwarzwald.de\/blog\/business\/volkswirtschaft\/niedergang\/\">Niedergang<\/a><\/li>\n<li><a href=\"https:\/\/www.freiburg-schwarzwald.de\/blog\/global\/deutschland\/zerfall\/\">Zerfall<\/a><\/li>\n<\/ul>\n<p>&nbsp;<\/p>\n<p><strong>Ein Sch\u00fcler fliegt aus dem Fenster, ein Mann stirbt im Einkaufszentrum<\/strong><br \/>\n<strong>Brutalit\u00e4t im Alltag \u2013 und keiner sieht hin<\/strong><br \/>\nDa ist dieser 15-j\u00e4hrige Junge an einer berufsbildenden Schule mit Technikschwerpunkt (HTL) im \u00f6sterreichischen V\u00f6cklabruck. Mitsch\u00fcler werfen ihn aus dem Fenster. <a href=\"https:\/\/www.heute.at\/s\/mitschueler-werfen-bub-15-in-htl-aus-dem-fenster-120116012\">https:\/\/www.heute.at\/s\/mitschueler-werfen-bub-15-in-htl-aus-dem-fenster-120116012<\/a><br \/>\nAus dem ersten Stock. Nicht im Affekt, nicht als Unfall \u2013 sondern gezielt. Er \u00fcberlebt, schwer verletzt. Die Schule spricht von einem \u201eVorfall\u201c, man werde das intern aufarbeiten. Die T\u00e4ter? Wieder im Unterricht.<br \/>\nKeine 48 Stunden sp\u00e4ter: Hamburg, Billstedt. Ein Mann wird im Einkaufszentrum niedergestochen. <a href=\"https:\/\/www.bild.de\/news\/inland\/hamburg-mann-stirbt-nach-messerattacke-in-einkaufscenter-685d82e53446cc6249ea6672\">https:\/\/www.bild.de\/news\/inland\/hamburg-mann-stirbt-nach-messerattacke-in-einkaufscenter-685d82e53446cc6249ea6672<\/a> \u00d6ffentlich. Vor Zeugen. Er stirbt wenig sp\u00e4ter im Krankenhaus. Der T\u00e4ter fl\u00fcchtet. Auch hier: keine gro\u00dfe Sondersendung. Kein Brennpunkt. Kein Aufschrei.<br \/>\nZwei Taten, wie sie brutaler kaum sein k\u00f6nnten. Zwei Tatorte, die eigentlich sicher sein sollten \u2013 ein Klassenzimmer, ein Einkaufszentrum. Und zwei Reaktionen, die mehr sagen als jede Statistik: Schulterzucken. Achselzucken. Weitergehen.<br \/>\n&#8230; Alles vom 27.6.2025 bitte lesen auf<br \/>\n<a href=\"https:\/\/reitschuster.de\/post\/ein-schueler-fliegt-aus-dem-fenster-ein-mann-stirbt-im-einkaufszentrum\/\">https:\/\/reitschuster.de\/post\/ein-schueler-fliegt-aus-dem-fenster-ein-mann-stirbt-im-einkaufszentrum\/<\/a><\/p>\n<p>&nbsp;<\/p>\n<p><strong>Friedrich Pohlmann: Wie unsere Gesellschaft aussieht \u2013 vulg\u00e4rdekadent, \u00fcberfremdet, verwahrlost<\/strong><br \/>\n<strong>Kontrafunk Audimax<\/strong><br \/>\nAn drei Beispielen von Alltagswahrnehmungen soll unsere Gegenwartsgesellschaft plastisch charakterisiert werden:<br \/>\nErstens wird das typische Aussehen und der Habitus vieler Einheimischer mittels des Oberbegriffs der \u201eVulg\u00e4rdekadenz\u201c und milieuspezifischer Varianten derselben gedeutet;<br \/>\nzweitens wird der \u201eMultikulturalismus\u201c konkreter anhand des Aussehens und Verhaltens bestimmter Gruppen von Fremden und zwangsl\u00e4ufig darauf entstehender xenophober Reaktionen von Indigenen untersucht; und<br \/>\ndrittens wird am Beispiel der sogenannten Graffiti die Verwahrlosung unserer Gesellschaft in den Blick genommen.<br \/>\n&#8230; Alles vom 17.11.2024 von <a href=\"https:\/\/www.freiburg-schwarzwald.de\/blog\/kultur\/dichter\/literatur\/buch\/rezensionen\/\">Friedrich Pohlmann<\/a> bitte h\u00f6ren (53 min) auf<br \/>\n<a href=\"https:\/\/kontrafunk.radio\/de\/sendung-nachhoeren\/kultur-und-wissenschaft\/audimax-das-kontrafunkkolleg\/audimax-friedrich-pohlmann-wie-unsere-gesellschaft-aussieht-vulgaerdekadent-ueberfremdet-verwahrlost\">https:\/\/kontrafunk.radio\/de\/sendung-nachhoeren\/kultur-und-wissenschaft\/audimax-das-kontrafunkkolleg\/audimax-friedrich-pohlmann-wie-unsere-gesellschaft-aussieht-vulgaerdekadent-ueberfremdet-verwahrlost<\/a><br \/>\noder<br \/>\n<a href=\"https:\/\/podcasts.apple.com\/de\/podcast\/audimax-friedrich-pohlmann-wie-unsere-gesellschaft\/id1658994252?i=1000677203292\">https:\/\/podcasts.apple.com\/de\/podcast\/audimax-friedrich-pohlmann-wie-unsere-gesellschaft\/id1658994252?i=1000677203292<\/a><br \/>\noder<br \/>\n<a href=\"https:\/\/www.youtube.com\/watch?v=dP_Tm6iaaEw\">https:\/\/www.youtube.com\/watch?v=dP_Tm6iaaEw<\/a><br \/>\n.<br \/>\n<a href=\"https:\/\/kontrafunk.radio\/de\/stimmen\/gaeste\/p\/friedrich-pohlmann\">https:\/\/kontrafunk.radio\/de\/stimmen\/gaeste\/p\/friedrich-pohlmann<\/a><br \/>\n.<br \/>\nEinige Kommentare:<br \/>\nSeltsamerweise gilt in muslimischen L\u00e4ndern die Gastfreundschaft als eines der h\u00f6chsten G\u00fcter. Mir scheint, dass sich diese Mentalit\u00e4t in einem fremden Land umkehrt und zu einer Art \u201eForderung an die Gastgeber\u201c entwickeln kann. tino5901<br \/>\n.<br \/>\nDie deutsche Gesellschaft als eine im Grunde amerikanisierte? Wenn es doch so w\u00e4re: Dort sind echte Regierungswechsel noch m\u00f6glich! Und bei uns? Chris<br \/>\n.<br \/>\nMir geht es genauso. Meine Abwehrreaktionen gegen diese \u00dcberfremdung laufen ebenso ab und ich bin heilfroh, dass ich noch in einem heilen Umfeld lebe. Ich empfinde es wirklich als eine Insel der Seligen, wo die Nachbarn freundlich und hilfsbereit sind, ich im Dunklen unbehelligt durch die Stra\u00dfen laufen kann und das Dorf friedlich, gepflegt und ordentlich ist. Wenn ich mir vorstelle, so nicht mehr leben zu k\u00f6nnen, l\u00e4uft es mir kalt den R\u00fccken herunter. Tarkeena<br \/>\nEnde Kommentare<\/p>\n<p>&nbsp;<\/p>\n","protected":false},"excerpt":{"rendered":"<p>Home &gt;Deutsche Kultur\u00a0&gt;Kulturverlust &gt;Deutschland\u00a0&gt;woke &gt;Verwahrlosung &nbsp; Listenauswahl eines Beitrags (Artikel\/Datum, Seite\/Inhalt):\u00a0Klicken\u00a0oder scrollen Vergewaltigung vertuscht: Islam\u00a0(14.3.2026) Stadtbild-Statement von Merz\u00a0(20.10.2025) Dener: Gew\u00f6hnung ist der Anfang vom Ende (22.7.2025) Pro-Asyl Konzern Pro-Migration\u00a0(10.6.2025) Ein Sch\u00fcler fliegt aus dem Fenster, ein Mann stirbt im Einkaufszentrum &hellip; <a href=\"https:\/\/www.freiburg-schwarzwald.de\/blog\/global\/deutschland\/verwahrlosung\/\">Weiterlesen <span class=\"meta-nav\">&rarr;<\/span><\/a><\/p>\n","protected":false},"author":2,"featured_media":0,"parent":62490,"menu_order":0,"comment_status":"closed","ping_status":"closed","template":"","meta":{"footnotes":""},"class_list":["post-128750","page","type-page","status-publish","hentry"],"_links":{"self":[{"href":"https:\/\/www.freiburg-schwarzwald.de\/blog\/wp-json\/wp\/v2\/pages\/128750","targetHints":{"allow":["GET"]}}],"collection":[{"href":"https:\/\/www.freiburg-schwarzwald.de\/blog\/wp-json\/wp\/v2\/pages"}],"about":[{"href":"https:\/\/www.freiburg-schwarzwald.de\/blog\/wp-json\/wp\/v2\/types\/page"}],"author":[{"embeddable":true,"href":"https:\/\/www.freiburg-schwarzwald.de\/blog\/wp-json\/wp\/v2\/users\/2"}],"replies":[{"embeddable":true,"href":"https:\/\/www.freiburg-schwarzwald.de\/blog\/wp-json\/wp\/v2\/comments?post=128750"}],"version-history":[{"count":6,"href":"https:\/\/www.freiburg-schwarzwald.de\/blog\/wp-json\/wp\/v2\/pages\/128750\/revisions"}],"predecessor-version":[{"id":146704,"href":"https:\/\/www.freiburg-schwarzwald.de\/blog\/wp-json\/wp\/v2\/pages\/128750\/revisions\/146704"}],"up":[{"embeddable":true,"href":"https:\/\/www.freiburg-schwarzwald.de\/blog\/wp-json\/wp\/v2\/pages\/62490"}],"wp:attachment":[{"href":"https:\/\/www.freiburg-schwarzwald.de\/blog\/wp-json\/wp\/v2\/media?parent=128750"}],"curies":[{"name":"wp","href":"https:\/\/api.w.org\/{rel}","templated":true}]}}