{"id":128154,"date":"2024-11-10T20:05:30","date_gmt":"2024-11-10T19:05:30","guid":{"rendered":"https:\/\/www.freiburg-schwarzwald.de\/blog\/?page_id=128154"},"modified":"2025-07-24T10:49:02","modified_gmt":"2025-07-24T08:49:02","slug":"dunkelflaute","status":"publish","type":"page","link":"https:\/\/www.freiburg-schwarzwald.de\/blog\/energie\/strom\/dunkelflaute\/","title":{"rendered":"Dunkelflaute"},"content":{"rendered":"<p>Home &gt;<a title=\"Energie\" href=\"https:\/\/www.freiburg-schwarzwald.de\/blog\/energie\/\">Energie<\/a> &gt;<a href=\"https:\/\/www.freiburg-schwarzwald.de\/blog\/energie\/strom\/\">Strom<\/a> &gt;<a href=\"https:\/\/www.freiburg-schwarzwald.de\/blog\/energie\/strom\/strommangel\/\">Strommangel<\/a> &gt;Dunkelflaute<\/p>\n<div id=\"attachment_126347\" style=\"width: 650px\" class=\"wp-caption alignnone\"><a href=\"https:\/\/www.freiburg-schwarzwald.de\/blog\/wp-content\/uploads\/2024\/08\/windrad-schauinsland2408pan.jpg\"><img loading=\"lazy\" decoding=\"async\" aria-describedby=\"caption-attachment-126347\" class=\"size-full wp-image-126347\" src=\"https:\/\/www.freiburg-schwarzwald.de\/blog\/wp-content\/uploads\/2024\/08\/windrad-schauinsland2408pan.jpg\" alt=\"\" width=\"640\" height=\"396\" srcset=\"https:\/\/www.freiburg-schwarzwald.de\/blog\/wp-content\/uploads\/2024\/08\/windrad-schauinsland2408pan.jpg 640w, https:\/\/www.freiburg-schwarzwald.de\/blog\/wp-content\/uploads\/2024\/08\/windrad-schauinsland2408pan-180x111.jpg 180w\" sizes=\"auto, (max-width: 640px) 100vw, 640px\" \/><\/a><p id=\"caption-attachment-126347\" class=\"wp-caption-text\">Rotorblatt auf dem Weg zum Schauinsland 8\/2024<\/p><\/div>\n<ul>\n<li><em>Listenauswahl eines Beitrags: Bitte <span style=\"text-decoration: underline;\">anklicke<\/span>n oder runterscrollen<\/em><\/li>\n<li><a href=\"https:\/\/www.freiburg-schwarzwald.de\/blog\/energie\/energiewende\/energiewende-gescheitert\/\">Die Energiewende st\u00fcrzt Deutschland ins Stromchaos<\/a>\u00a0(23.7.2025)<\/li>\n<li><a href=\"https:\/\/www.freiburg-schwarzwald.de\/blog\/energiemix-statt-ideologie\/\">Energiemix statt Ideologie<\/a>\u00a0(1.1.2025)<\/li>\n<li>Manfred Haferburg: Energiewende ins Dunkeldeutschland (14.12.2024)<\/li>\n<li>Dunkelflaute \u2013 Europ\u00e4isch (14.11.2024)<\/li>\n<li>Die Dunkelflaute und die Gr\u00fcnmedien (9.11.2024)<\/li>\n<\/ul>\n<p>&nbsp;<\/p>\n<p><strong>Ohne Sonne und ohne Wind herrscht Dunkelflaute<\/strong><br \/>\n=======================================================<\/p>\n<p><strong>Manfred Haferburg: Energiewende ins Dunkeldeutschland<\/strong><br \/>\nManchmal fallen sogenannten gefl\u00fcgelten Worten ungewollt ganz neue Bedeutungen zu. Meinte der ehemalige Bundespr\u00e4sident Gauck noch, seine ostdeutschen Landsleute vom hohen Schloss Bellevue aus mit dem herabw\u00fcrdigend gemeinten Begriff Dunkeldeutschland abkanzeln zu k\u00f6nnen, weil sie seiner hochwohlgeborenen Meinung nach falsch w\u00e4hlten, so trat am 12.12.2024 in Deutschland ein Zustand ein, den man durchaus als \u201eDunkeldeutschland\u201c bezeichnen k\u00f6nnte. Das Gauckwort bekam eine ganz neue Bedeutung.<br \/>\nGanz Deutschland lag grau unter einer dicken Wolkendecke, und kein Bl\u00e4ttchen bewegte sich in der Windstille. Auch die \u00fcber drei\u00dfigtausend Windr\u00e4der blieben stehen, und es h\u00e4tten sich auch nicht mehr von ihnen gedreht, wenn es 100.000 gewesen w\u00e4ren. Die fast vier Millionen \u201eSolarkraftwerke\u201c lieferten weniger als ein Prozent ihrer installierten Leistung. Und auch f\u00fcr sie gilt \u2013 mehr Solarpaneele h\u00e4tten auch nicht wirklich mehr Sonne gesehen und Strom produziert. Eine bew\u00f6lkte Windstille, genannt Dunkelflaute, verwandelte gestern Deutschland beinahe w\u00f6rtlich in Dunkeldeutschland \u2013 ein Land, das haarscharf daran vorbeischrammte, im Stockdunkel eines verheerenden Blackouts zu sitzen.<br \/>\n&#8230;<br \/>\nDie Position Deutschlands kann man mit einem Bankrotteur vergleichen, der unter gro\u00dfem Beifall immer neue Saalrunden bestellt und damit rechnet, dass seine Tischnachbarn ungefragt bezahlen.<br \/>\n&#8230;<br \/>\nWir haben noch nicht einmal Weihnachten, der b\u00f6se Januar und der b\u00f6se Februar mit Dunkelflauten-Gefahr und hohem Strombedarf kommen erst noch. Und sollte keine Dunkelflaute kommen, sehe ich mich im n\u00e4chsten Fr\u00fchsommer vor einer Starkwindperiode mit viel Sonnenschein warnen, weil dann durch die enorme \u00dcberproduktion der Erneuerbaren ein Netzzusammenbruch durch zu hohe Frequenz droht. Immerhin ist schon die dreifache Menge an Erzeugungsleistung installiert, die zur Deckung des Strombedarfs ben\u00f6tigt wird. Und die vielen Elektrolyseure, die den \u00fcbersch\u00fcssigen Strom aufnehmen und in Wasserstoff umwandeln sollen, existieren nur in den Delirien der Energiewender. Und selbst wenn es sie g\u00e4be \u2013 dann fehlte immer noch die gesamte Wasserstoff-Infrastruktur, um den so erzeugten gr\u00fcnen Wasserstoff zu nutzen. Das sind unter anderem nur 10.000 Kilometer hochkomplizierter Wasserstoffleitungen im ganzen Land.<br \/>\n&#8230; Alles vom 14.12.2024 von Manfred Haferburg bitte lesen auf<br \/>\n<a href=\"https:\/\/www.achgut.com\/artikel\/energiewende_ins_dunkeldeutschland\">https:\/\/www.achgut.com\/artikel\/energiewende_ins_dunkeldeutschland<\/a><\/p>\n<p>&nbsp;<\/p>\n<p><strong>Dunkelflaute \u2013 Europ\u00e4isch<\/strong><br \/>\nDer Deutsche Begriff \u201eDunkelflaute\u201c hat es in das wissenschaftliche Schrifttum geschafft schon seit Jahren, obwohl man da sonst nur Englisch als Sprache verwendet. Kein Wunder: Eine CO2-arme Energieproduktion, die ausschlie\u00dflich auf Sonne und Wind setzt wie die deutsche, ist auch ganz besonders betroffen von der Meteorologie, wenn Sonne und Wind \u00fcber l\u00e4ngere Phasen ausbleiben. Solche Nebel\/Hochnebellagen \u201cdes Grauens\u201d f\u00fcr erneuerbare Energien kommen zwischen November und Februar immer mal wieder vor und sind keinesfalls selten. Wir hatten hier \u00fcber so ein stabiles Hochdruckgebiet berichtet.<\/p>\n<p>Die Auswirkungen auf die deutsche Stromproduktion sind verheerend, die CO2-arme Produktion f\u00e4llt nahezu komplett aus und aller Kohlenstoff, der verf\u00fcgbar ist (Kohle, Gas, \u00d6l, Holz\u2026) muss dann ran und verbrannt werden, mit den denkbar schlechtesten Auswirkungen auf die CO2-Emissionen. Der Zeitraum zwischen dem 2.11.24 und dem 12.11.24 st\u00fcndlich ausgewertet, die Daten gibt\u2019s bei \u201eAgora\u201c:<br \/>\n&#8230;<br \/>\nEs macht \u00fcberhaupt keinen Sinn, einfach weiterzumachen wie bisher. Jede Regierung gr\u00e4bt dann das Loch, in das man sich \u00fcber lange Jahre hineinman\u00f6vriert hat, nur noch tiefer. Erster Schritt zur Besserung also: Aufh\u00f6ren zu graben und die Rechnung ohne den Wirt, hier das europ\u00e4ische Wetter machen! Man kommt nicht umhin als ersten Schritt, die Kernkraft aus der politischen Schmuddelecke zu holen, in die sie seit den 2010er Jahren gestellt wurde. Klimaschutz und rigorose Ablehnung von Kernkraft geht objektiv nicht zusammen, das zeigt das Beispiel Deutschland, wenn man es mit Frankreich vergleicht. Unser Nachbarland ist auch in der Dunkelflaute so klimafreundlich, wie es auch Deutschland als Ziel hat, durch politische Irrwege jedoch so weit weg ist davon wie schon lange nicht.<br \/>\n&#8230; Alles vom 14.11.2024 von Frank Bosse bitte lesen auf<br \/>\n<a href=\"https:\/\/klimanachrichten.de\/2024\/11\/14\/dunkelflaute-europaeisch\/\">https:\/\/klimanachrichten.de\/2024\/11\/14\/dunkelflaute-europaeisch\/<\/a><\/p>\n<p>&nbsp;<\/p>\n<p><strong>Die Dunkelflaute und die Gr\u00fcnmedien<\/strong><br \/>\nDeutschland produzierte in den letzten Tagen zu horrenden Kosten 10 Mal soviel CO2 pro Kilowattstunde, wie das Kernenergieland Frankreich und wurde so wieder mal Europameister in Kohlendioxyd-Aussto\u00df.<\/p>\n<p>Wir auf der Achse haben schon am 6.11.2024 <a href=\"https:\/\/www.achgut.com\/artikel\/katastrophen_trump_und_die_dunkelflaute\">https:\/\/www.achgut.com\/artikel\/katastrophen_trump_und_die_dunkelflaute<\/a> dar\u00fcber berichtet, dass gegenw\u00e4rtig eine Dunkelflaute herrscht, die das Stromnetz an seine Grenzen bringt und sinnlos Unmengen Geld verschlingt. Eine ganze Woche kein Wind und keine Sonne \u2013 es konnte praktisch kein \u201eerneuerbarer\u201c Strom erzeugt werden.<\/p>\n<p>Import-Steinkohle, Braunkohle, teures Import-Gas und noch teureres \u00d6l verbrennende Kraftwerke produzierten auf Teufel komm raus und es mussten in Spitzenzeiten 20 Gigawatt importiert werden, zum Preis von bis zu 820 Euro pro Megawattstunde, was einem <em><strong>Kilowattstundenpreis von 82 Cent<\/strong><\/em> entspricht \u2013 dem Zwanzigfachen des normalen Preises &#8211; auf den noch Steuern Netzentgelte, und andere neckische Stromverteuerungsabgaben oben drauf kommen.<br \/>\n<em><strong>Deutschland produzierte 10 Mal soviel CO2 pro Kilowattstunde, wie das Kernenergieland Frankreich<\/strong> <strong>und wurde so wieder mal Europameister in Kohlendioxyd-Aussto\u00df.<br \/>\n<\/strong><\/em><br \/>\nDie Gr\u00fcnmedien berichteten lieber nichts dar\u00fcber. Nur der brave Daniel Wetzel von der Welt schrieb zwei Tage sp\u00e4ter am 8.11. 2024 <a href=\"https:\/\/www.welt.de\/wirtschaft\/plus254429264\/Strom-Kein-Wind-keine-Sonne-Deutschland-erlebt-Dunkelflaute-mit-gewaltigen-Folgen.html\">https:\/\/www.welt.de\/wirtschaft\/plus254429264\/Strom-Kein-Wind-keine-Sonne-Deutschland-erlebt-Dunkelflaute-mit-gewaltigen-Folgen.html<\/a> einen Artikel: \u201eJetzt erlebt Deutschland den \u00d6kostrom-Ausfall \u2013 mit gewaltigen Folgen\u201c, der alle unsere Aussagen nur best\u00e4tigen konnte.<br \/>\n&#8230; Alles vom 9.11.2024 bitte lesen auf<br \/>\n<a href=\"https:\/\/www.achgut.com\/artikel\/die_dunkelflaute_und_die_gruenmedien\">https:\/\/www.achgut.com\/artikel\/die_dunkelflaute_und_die_gruenmedien<\/a><\/p>\n<p>&nbsp;<\/p>\n","protected":false},"excerpt":{"rendered":"<p>Home &gt;Energie &gt;Strom &gt;Strommangel &gt;Dunkelflaute Listenauswahl eines Beitrags: Bitte anklicken oder runterscrollen Die Energiewende st\u00fcrzt Deutschland ins Stromchaos\u00a0(23.7.2025) Energiemix statt Ideologie\u00a0(1.1.2025) Manfred Haferburg: Energiewende ins Dunkeldeutschland (14.12.2024) Dunkelflaute \u2013 Europ\u00e4isch (14.11.2024) Die Dunkelflaute und die Gr\u00fcnmedien (9.11.2024) &nbsp; Ohne Sonne &hellip; <a href=\"https:\/\/www.freiburg-schwarzwald.de\/blog\/energie\/strom\/dunkelflaute\/\">Weiterlesen <span class=\"meta-nav\">&rarr;<\/span><\/a><\/p>\n","protected":false},"author":2,"featured_media":0,"parent":1476,"menu_order":0,"comment_status":"closed","ping_status":"closed","template":"","meta":{"footnotes":""},"class_list":["post-128154","page","type-page","status-publish","hentry"],"_links":{"self":[{"href":"https:\/\/www.freiburg-schwarzwald.de\/blog\/wp-json\/wp\/v2\/pages\/128154","targetHints":{"allow":["GET"]}}],"collection":[{"href":"https:\/\/www.freiburg-schwarzwald.de\/blog\/wp-json\/wp\/v2\/pages"}],"about":[{"href":"https:\/\/www.freiburg-schwarzwald.de\/blog\/wp-json\/wp\/v2\/types\/page"}],"author":[{"embeddable":true,"href":"https:\/\/www.freiburg-schwarzwald.de\/blog\/wp-json\/wp\/v2\/users\/2"}],"replies":[{"embeddable":true,"href":"https:\/\/www.freiburg-schwarzwald.de\/blog\/wp-json\/wp\/v2\/comments?post=128154"}],"version-history":[{"count":5,"href":"https:\/\/www.freiburg-schwarzwald.de\/blog\/wp-json\/wp\/v2\/pages\/128154\/revisions"}],"predecessor-version":[{"id":136763,"href":"https:\/\/www.freiburg-schwarzwald.de\/blog\/wp-json\/wp\/v2\/pages\/128154\/revisions\/136763"}],"up":[{"embeddable":true,"href":"https:\/\/www.freiburg-schwarzwald.de\/blog\/wp-json\/wp\/v2\/pages\/1476"}],"wp:attachment":[{"href":"https:\/\/www.freiburg-schwarzwald.de\/blog\/wp-json\/wp\/v2\/media?parent=128154"}],"curies":[{"name":"wp","href":"https:\/\/api.w.org\/{rel}","templated":true}]}}