{"id":127933,"date":"2024-11-03T19:55:57","date_gmt":"2024-11-03T18:55:57","guid":{"rendered":"https:\/\/www.freiburg-schwarzwald.de\/blog\/?page_id=127933"},"modified":"2026-04-15T21:04:04","modified_gmt":"2026-04-15T19:04:04","slug":"rezensionen","status":"publish","type":"page","link":"https:\/\/www.freiburg-schwarzwald.de\/blog\/kultur\/dichter\/literatur\/buch\/rezensionen\/","title":{"rendered":"Rezensionen"},"content":{"rendered":"<p>Home &gt;<a title=\"Kultur\" href=\"https:\/\/www.freiburg-schwarzwald.de\/blog\/kultur\/\">Kultur<\/a>\u00a0&gt;<a title=\"Dichter\" href=\"https:\/\/www.freiburg-schwarzwald.de\/blog\/kultur\/dichter\/\">Dichter<\/a>\u00a0&gt;<a title=\"Literatur\" href=\"https:\/\/www.freiburg-schwarzwald.de\/blog\/kultur\/dichter\/literatur\/\">Literatur<\/a>\u00a0&gt;<a title=\"Buch\" href=\"https:\/\/www.freiburg-schwarzwald.de\/blog\/kultur\/dichter\/literatur\/buch\/\">Buch<\/a> &gt;<a href=\"https:\/\/www.freiburg-schwarzwald.de\/blog\/kultur\/dichter\/literatur\/buchmesse\/\">Buchmesse<\/a> &gt;Rezensionen<\/p>\n<div id=\"attachment_127666\" style=\"width: 651px\" class=\"wp-caption alignnone\"><a href=\"https:\/\/www.freiburg-schwarzwald.de\/blog\/wp-content\/uploads\/2024\/10\/feigenernte-kakilaub-pan241019.jpg\"><img loading=\"lazy\" decoding=\"async\" aria-describedby=\"caption-attachment-127666\" class=\"size-full wp-image-127666\" src=\"https:\/\/www.freiburg-schwarzwald.de\/blog\/wp-content\/uploads\/2024\/10\/feigenernte-kakilaub-pan241019.jpg\" alt=\"\" width=\"641\" height=\"397\" srcset=\"https:\/\/www.freiburg-schwarzwald.de\/blog\/wp-content\/uploads\/2024\/10\/feigenernte-kakilaub-pan241019.jpg 641w, https:\/\/www.freiburg-schwarzwald.de\/blog\/wp-content\/uploads\/2024\/10\/feigenernte-kakilaub-pan241019-180x111.jpg 180w\" sizes=\"auto, (max-width: 641px) 100vw, 641px\" \/><\/a><p id=\"caption-attachment-127666\" class=\"wp-caption-text\">Feigenernte unterm herbstlichen Kakibaum am 19.10.2024<\/p><\/div>\n<ul>\n<li><em>Listenauswahl eines Beitrags (Artikel\/Datum, Seite\/Inhalt):\u00a0<span style=\"text-decoration: underline;\">Klicken<\/span>\u00a0oder scrollen<\/em><\/li>\n<li>Kulke\/Mohr: Wenn das Denken die Richtung \u00e4ndert (15.4.2026)<\/li>\n<li><a href=\"https:\/\/www.freiburg-schwarzwald.de\/blog\/engagement\/zukunft\/demokratie\/demokratie-nation\/\">Baberowski: Am Volk vorbei \u2013 Zur Krise der liberalen Demokratie<\/a> (6,4.2925)<\/li>\n<li><a href=\"https:\/\/www.freiburg-schwarzwald.de\/blog\/business\/dienste\/banken\/geld\/\">Mudlack: Geld als Machterhaltungsmittel oder Alternativen in der Geldpolitik<\/a> (9.1.2026)<\/li>\n<li><a href=\"https:\/\/www.freiburg-schwarzwald.de\/blog\/natur\/tiere\/huehner\/\">Volker Kempf: Auf der Suche nach Wirklichkeit in der Mensch-Nutztier-Beziehung<\/a>\u00a0(18.12.202)<\/li>\n<li><a href=\"https:\/\/www.freiburg-schwarzwald.de\/blog\/business\/gesund\/corona-virus\/impf-versprechen\/\">Helmut Sterz: Die Impf-Mafia -Pfizers Ex-Cheftoxikologe packt aus<\/a>\u00a0(27.11.2025)<\/li>\n<li>Verschwunden und wieder aufgetaucht: G\u00f3mez D\u00e1vilas scharfe S\u00e4tze (16.11.2025)<\/li>\n<li><a href=\"https:\/\/www.freiburg-schwarzwald.de\/blog\/zerstoerung-der-meinungsfreiheit\/\">Zerst\u00f6rung der Meinungsfreiheit<\/a>\u00a0(12.11.2025)<\/li>\n<li><a href=\"https:\/\/www.freiburg-schwarzwald.de\/blog\/global\/russland\/nie-wieder-gegen-russland\/\">Albrecht M\u00fcller: \u201eWir wollen ein Volk der guten Nachbarn sein\u201c<\/a>\u00a0(4.11.2025)<\/li>\n<li><a href=\"https:\/\/www.freiburg-schwarzwald.de\/blog\/engagement\/zukunft\/demokratie\/gleichheit\/\">Anna-Maria Scherer: Der Gleichheitswahn<\/a> (3.11.2025)<\/li>\n<li><a href=\"https:\/\/www.freiburg-schwarzwald.de\/blog\/engagement\/zukunft\/demokratie\/staatsversagen\/staatsverrat\/\">Gunter Frank et al: Der Staatsverrat. Corona als Vorbote des Totalit\u00e4ren<\/a>\u00a0<em>\u00a0<\/em>(25.10.2025)<\/li>\n<li><a href=\"https:\/\/www.freiburg-schwarzwald.de\/blog\/engagement\/zukunft\/demokratie\/freiheit\/freedomofspeech\/\">Christian Zeller: Zerst\u00f6rung der Meinungsfreiheit<\/a> (17.10.2025)<\/li>\n<li><a href=\"https:\/\/www.freiburg-schwarzwald.de\/blog\/kultur\/dichter\/literatur\/sachbuch\/\">ChatGPT, kennst du das Buch \u201eSp\u00e4tlese\u201c von Egon W. Kreutzer<\/a> (15.10.2025)<\/li>\n<li><a href=\"https:\/\/www.freiburg-schwarzwald.de\/blog\/bildung\/wissenschaft\/informatik\/kuenstliche-intelligenz\/\">KAI \u2013 Roman von Raymond Unger. Das Netzwerk des B\u00f6sen<\/a> (10.10.2025)<\/li>\n<li><a href=\"https:\/\/www.freiburg-schwarzwald.de\/blog\/vereine\/ngo\/correctiv\/\">Die Potsdam-Legende \u2013 Buch von Simone Baum<\/a>\u00a0(10.10.2025)<\/li>\n<li><a href=\"https:\/\/www.freiburg-schwarzwald.de\/blog\/global\/deutschland\/deutsche-geschichte\/\">Deutsche Legenden, Wer schreibt unsere Geschichte?<\/a> (8.10.2025)<\/li>\n<li>Gloria von Thurn und Taxis: Schnackseln &#8211; umstritten &#8211; Buch (24.9.2025)<\/li>\n<li><a href=\"https:\/\/www.freiburg-schwarzwald.de\/blog\/vahlefeld-die-krisenmaschine\/\">Vahlefeld: Die Krisenmaschine<\/a>\u00a0(29.6.2025)<\/li>\n<li><a href=\"https:\/\/www.freiburg-schwarzwald.de\/blog\/kultur\/leitkultur\/multikulti\/bunt\/\">Klonovsky: Alles f\u00fcr Buntland \u2013 Acta Diurna 2022-2023<\/a>\u00a0(5.6.2025)<\/li>\n<li><a href=\"https:\/\/www.freiburg-schwarzwald.de\/blog\/andrick-ich-bin-nicht-dabei\/\">Andrick: Ich bin nicht dabei<\/a>\u00a0(29.5.2025)<\/li>\n<li>Raymond Unger: KAI &#8211; Gr\u00fcne+CDU=Gr\u00fcne Demokratische Union (23.3.2025)<\/li>\n<li><a href=\"https:\/\/www.freiburg-schwarzwald.de\/blog\/graesslinwie-lichter-in-der-nacht\/\">Gr\u00e4sslin: Wie Lichter in der Nacht<\/a> (24.1.2025)<\/li>\n<li><a href=\"https:\/\/www.freiburg-schwarzwald.de\/blog\/religion\/gott\/\">Jordan B. Peterson: Gott \u2013 von Matthias Matussek<\/a>\u00a0(20.12.2024)<\/li>\n<li><a href=\"https:\/\/www.freiburg-schwarzwald.de\/blog\/freiheit2-merkel-abdel-samad\/\">Zweimal Freiheit: Merkel, Abdel-Samad<\/a>\u00a0(16.12.2024)<\/li>\n<li><a href=\"https:\/\/www.freiburg-schwarzwald.de\/blog\/kultur\/zivilisation\/\">Chaim Noll, Heinz Theisen: Verteidigung der Zivilisation<\/a>\u00a0(14.12.2024)<\/li>\n<li><a href=\"https:\/\/www.freiburg-schwarzwald.de\/blog\/business\/gesund\/corona-virus\/corona-aufarbeitung\/\">Heiko Schrang: Die Jahrtausendl\u00fcge \u2013 das verbotene Wissen<\/a> (9.12.2024)<\/li>\n<li><a href=\"https:\/\/www.freiburg-schwarzwald.de\/blog\/global\/eu\/europa\/europa-untergang\/\">Emmanuel Todd: Der Westen im Niedergang<\/a> (22.11.2024)<\/li>\n<li><a href=\"https:\/\/www.freiburg-schwarzwald.de\/blog\/global\/deutschland\/deutschland-ukraine\/\">Helmut Roewer: Nicht mein Krieg. Deutschland und der Ukrainekonflikt<\/a> (21.11.2024)<\/li>\n<li>Friedrich Pohlmann: Das Reich der gro\u00dfen L\u00fcge (20.11.2024)<\/li>\n<li><a href=\"https:\/\/www.freiburg-schwarzwald.de\/blog\/kultur\/medien\/freie-medien\/\">Gorus, Oliver (Hrsg): \u201eDer Sandwirt Herbst 2024<\/a> (3.11.2024)<\/li>\n<li><a href=\"https:\/\/www.freiburg-schwarzwald.de\/blog\/energie\/akw\/kernkraft\/\">Klaus-Dieter Humpich, Manfred Haferburg: Atomenergie \u2013 jetzt aber richtig<\/a> (3.11.2024)<\/li>\n<li>Josef Kraus: Im Rausch der Dekadenz (3.11.2024)<\/li>\n<li><a href=\"https:\/\/www.freiburg-schwarzwald.de\/blog\/religion\/islam\/abdel-samad\/\">Hamed Abdel-Samad: Der Preis der Freiheit<\/a> (3.11.2024)<\/li>\n<li><a href=\"https:\/\/www.freiburg-schwarzwald.de\/blog\/business\/gesund\/corona-virus\/corona-rechenschaft\/\">Streeck: Deutschland hat \u201ebeim Thema Impfen zwei Fehler gemacht\u201c<\/a>\u00a0(30.10.2024)<\/li>\n<li><\/li>\n<li><a href=\"https:\/\/www.freiburg-schwarzwald.de\/blog\/kultur\/leitkultur\/multikulti\/bunt\/\">bunt<\/a><\/li>\n<li><a href=\"https:\/\/www.freiburg-schwarzwald.de\/blog\/engagement\/zukunft\/demokratie\/freiheit\/freedomofspeech\/\">FreedomOfSpeech<\/a><\/li>\n<li><a href=\"https:\/\/www.freiburg-schwarzwald.de\/blog\/global\/eu\/europa\/europa-untergang\/\">Europa-Untergang<\/a><\/li>\n<li><a href=\"https:\/\/www.freiburg-schwarzwald.de\/blog\/engagement\/zukunft\/demokratie\/staatsversagen\/staatsverrat\/\">Staatsverrat<\/a><\/li>\n<\/ul>\n<p>&nbsp;<\/p>\n<p><strong>Kulke\/Mohr: Wenn das Denken die Richtung \u00e4ndert<\/strong><br \/>\nAbschied von einer Sekte, oder: Warum Helmut Kohl nicht \u201ebodypositiv\u201c ist<br \/>\n&#8230;<br \/>\nTAZ-Mitgr\u00fcnder Ulli Kulke und Publizist Reinhard Mohr haben ein interessantes Buch herausgegeben: \u201eWenn das Denken die Richtung \u00e4ndert. Warum wir nicht mehr links sind\u201c. Es versammelt 14 prominente Personen des \u00f6ffentlichen Lebens: ein St\u00fcck Zeitgeschichte.<br \/>\nSammelb\u00e4nde sind unbeliebt \u2013 bei Verlegern wie beim Publikum. Warum diese Sammlung von biographisch gef\u00e4rbten, sehr politischen Essays anscheinend zwei Jahre keinen Verlag fand, d\u00fcrfte andere Gr\u00fcnde haben: Sie ist ein Dokument des Renegatentums. Vierzehn teils prominente Intellektuelle erz\u00e4hlen und begr\u00fcnden darin, warum sie <a href=\"https:\/\/www.freiburg-schwarzwald.de\/blog\/engagement\/zukunft\/demokratie\/rechts\/rechts-links\/\">nicht mehr links<\/a> sind. Warum sie ausgebrochen sind aus ihren alten Milieus, und die dort herumgereichten politischen Theorien samt Aktivismus nicht mehr teilen. Was dazu f\u00fchrt, dass sie heute alle von den links-gr\u00fcn-woken Diskursw\u00e4rtern als irgendwie \u201erechts\u201c oder gar als \u201eNazi\u201c verunglimpft werden.<br \/>\nMathias Brodkorb, ehemaliger SPD-Spitzenpolitiker, z\u00e4hlt ebenso zu den Autoren wie die Kabarettisten Monika Gruber, Dieter Nuhr und Andreas Rebers. Die Kolumnisten Harald Martenstein und Henryk M. Broder haben ebenso zum Sammelband beigetragen, der k\u00fcrzlich verstorbene Schriftsteller Peter Schneider, der Ex-Gr\u00fcnen-Politiker Hubert Kleinert oder die Hannah-Arendt-Expertin Antonia Grunenberg. Die wenigsten von ihnen sehen heute ihre politische Heimat rechts der Mitte. Vielmehr schildern sie fast alle einen Punkt, einen Moment in ihrem Leben, an dem sie sich an der Doppelmoral, der Heuchelei oder schlicht der intellektuellen D\u00fcrftigkeit linker Organisationen und Freundeskreise wund stie\u00dfen \u2013 und ihr Denken schlie\u00dflich die Richtung \u00e4nderte.<br \/>\n&#8230; Alles vom 15.4.2026 bitte lesen auf<br \/>\n<a href=\"https:\/\/www.publicomag.com\/2026\/04\/publico-literatur-dreimal-richtungswechsel\">https:\/\/www.publicomag.com\/2026\/04\/publico-literatur-dreimal-richtungswechsel<\/a><\/p>\n<p>&nbsp;<\/p>\n<p><strong>Verschwunden und wieder aufgetaucht: G\u00f3mez D\u00e1vilas scharfe S\u00e4tze<\/strong><br \/>\nvon Alexander Wendt<br \/>\nDank <a href=\"https:\/\/www.freiburg-schwarzwald.de\/blog\/kultur\/dichter\/klonovsky\/\">Michael Klonovsky<\/a> kam ein Buch zustande, das ebenfalls Aufmerksamkeit und Leser verdient: eine Neuausgabe der Aphorismen des kolumbianischen Philosophen Nicol\u00e1s G\u00f3mez D\u00e1vila. Eine Auswahl aus dem dreib\u00e4ndigen Gesamtwerk des Katholiken, Reaktion\u00e4rs und exzellenten Stilisten stellte Klonovsky 2007 schon einmal f\u00fcr den Reclam-Verlag zusammen. Der Band verschwand, wie das Nachwort erkl\u00e4rt, im Jahr 2019 \u201eauf eine sehr deutsche Weise\u201c: Ein Tugendw\u00e4chter verlangte damals von dem Verlag eine Stellungnahme, warum man \u201edem Gauland-Redenschreiber\u201c erlaube, ein Buch herauszugeben. Zwar existierte 2007 die AfD noch gar nicht, und Michael Klonovsky schrieb noch f\u00fcr den Focus. Reclam parierte trotzdem, nahm die Anthologie aus seinem Programm und l\u00f6schte sie zus\u00e4tzlich, sicher ist sicher, aus der Verlagschronik.<br \/>\nKlonovskys kenntnisreiche Zusammenstellung ergibt einen \u201eD\u00e1vila f\u00fcr die Hosentasche\u201c, ideal f\u00fcr alle, die das Werk des 1994 verstorbenen Kolumbianers noch nicht kennen, wegen der Gliederung in thematische Abschnitte aber auch empfehlenswert f\u00fcr alle, die sich neben der D\u00e1vila-Gesamtausgabe noch eine handliche Version w\u00fcnschen. Wer ihn liest oder wieder liest, der staunt, wie gut viele seiner Aphorismen zur Gegenwart passen, obwohl oder gerade weil ihr Autor nie zeitgem\u00e4\u00df sein und keine politischen Botschaften verschicken wollte. Der hoch gebildete Skeptiker f\u00fchrte vielmehr ein lebenslanges Selbstgespr\u00e4ch, das er zum Gl\u00fcck festhielt. Ein D\u00e1vila-Satz lautet: \u201eGewalt reicht nicht aus, um eine Zivilisation zu zerst\u00f6ren. Jede Zivilisation stirbt an der Gleichg\u00fcltigkeit gegen\u00fcber den ihr eigent\u00fcmlichen Werten, die sie begr\u00fcnden\u201c. \u00dcber die Eigent\u00fcmlichkeit der westlichen Kultur schrieb der Einsiedler-Philosoph so scharfsinnig wie nur wenige seiner Zeitgenossen.<br \/>\n&#8230; Alles vom 16.11.2025 von Alexander Wendt bitte lesen auf<br \/>\n<a href=\"https:\/\/www.publicomag.com\/2025\/11\/publico-literatur-von-ueppigem-genuss-schaedlichen-tabus-und-erfuelltem-freiheitsdrang\">https:\/\/www.publicomag.com\/2025\/11\/publico-literatur-von-ueppigem-genuss-schaedlichen-tabus-und-erfuelltem-freiheitsdrang<\/a><\/p>\n<p><em>Nicol\u00e1s G\u00f3mez D\u00e1vila (Hrsg. Michael Klonovsky), \u201eDer Skeptizismus ist die asketische Nachtwache vor dem Kreuzzug: Aphorismen\u201c,<br \/>\nEdition BuchHaus Loschwitz, 2025, 172 Seiten, 24 Euro<\/em><\/p>\n<p>&nbsp;<\/p>\n<p><strong>Gloria von Thurn und Taxis: Schnackseln &#8211; umstritten &#8211; Buch<\/strong><br \/>\nDer Begriff \u201eumstritten\u201c geh\u00f6rt zu den deutschen Eselsworten. Es sei eine Lieblingsvokabel derer, die sich niemals exponierten, notierte Ernst J\u00fcnger. Wenn der Journalist das Wort verwendet, will er eine Person als anst\u00f6\u00dfig markieren. Der Umstrittene hat irgendeinen Konsens verlassen, und dem braven Deutschen ist der Konsens bekanntlich heilig. <a href=\"https:\/\/www.freiburg-schwarzwald.de\/blog\/kultur\/kulturverlust\/umstritten\/\">Umstrittensein<\/a> ist die Vorstufe zur Pariaexistenz.<br \/>\nWann aber ger\u00e4t ein Mensch aus dem allgemein anerkannten ins \u201eumstrittene\u201c Fach? Selten l\u00e4sst sich dieser Wechsel so exakt terminieren wie im Falle der F\u00fcrstin Gloria von Thurn und Taxis. Es geschah am Abend des 9. Mai 2001 in der TV-Sendung \u201eFriedman\u201c, als die regelm\u00e4\u00dfige Afrikabesucherin \u2013 es ging im Gespr\u00e4ch unter anderem um das Thema Aids und Empf\u00e4ngnisverh\u00fctung \u2013 die seither gefl\u00fcgelten Worte sprach: \u201eAfrika hat die Probleme nicht wegen Verh\u00fctung. Der Schwarze schnackselt halt gern.\u201c<br \/>\n&#8230;<br \/>\nDiese Aussage, schreibt die F\u00fcrstin Gloria von Thurn und Taxis in ihrem soeben erschienen Buch \u201eLieber unerh\u00f6rt als ungeh\u00f6rt\u201c, \u201ehat mein Leben gewisserma\u00dfen in zwei Teile zerbrochen, in ein Davor, wo ich mich allgemeiner Beliebtheit in den Medien erfreute, und ein Danach, von wo ab ich pl\u00f6tzlich \u201aumstritten\u2018 war\u201c. Nach neuerer Auffassung sei das n\u00e4mlich eine rassistische Aussage, obwohl sie eigentlich nichts Negatives beinhalte: \u201eWelcher Mann l\u00e4sst sich widerwillig nachsagen, dass er gern schnackselt? Es hat sich auch nie ein Schwarzer \u00fcber diese Bemerkung bei mir beschwert.\u201c<\/p>\n<p>Aber kollektive Zuschreibungen, welcher Art auch immer, sind heutzutage tabu, weil sie das Grunddogma der herrschenden progressistischen Weltsicht ersch\u00fcttern, dass alle Ethnien und Kulturen irgendwie gleich seien \u2013 die suprematistische westliche Kultur samt ihrer Sch\u00f6pfer, der wei\u00dfen M\u00e4nner, selbstverst\u00e4ndlich ausgenommen. Doch das nur am Rande.<br \/>\n&#8230; Alles vom 24.9.2025 bitte lesen auf<br \/>\n<a href=\"https:\/\/www.klonovsky.de\/2025\/09\/lektuere-empfehlung-2\/\">https:\/\/www.klonovsky.de\/2025\/09\/lektuere-empfehlung-2\/<\/a><br \/>\n.<br \/>\n<em>Gloria von Thurn und Taxis: Lieber unerh\u00f6rt als ungeh\u00f6rt<\/em><br \/>\n<em>Lektionen aus meinem Leben<\/em><br \/>\n<em>Langen M\u00fcller, 240 Seiten, 24 Euro<\/em><\/p>\n<p>&nbsp;<\/p>\n<p><strong>Raymond Unger: KAI &#8211; Gr\u00fcne+CDU=Gr\u00fcne Demokratische Union<\/strong><br \/>\n<strong>Indubio Folge 373 \u2013 GDU, die Gr\u00fcne Demokratische Union<\/strong><br \/>\nGerd Buurmann im Gespr\u00e4ch mit Raymond Unger. Dessen aktueller Roman tr\u00e4gt den Titel &#8222;KAI&#8220;. Es ist ein Thriller, der in einer Welt spielt, in der sich die Gr\u00fcnen und die CDU zur Gr\u00fcnen Demokratischen Union (GDU) zusammengeschlossen haben, w\u00e4hrend die Welt von einer k\u00fcnstlichen Intelligenz terrorisiert wird.<br \/>\n<a href=\"https:\/\/www.youtube.com\/watch?v=xGXTyj5bOR4\">https:\/\/www.youtube.com\/watch?v=xGXTyj5bOR4<\/a><br \/>\nEin Gespr\u00e4ch \u00fcber Mitl\u00e4ufertum, Ausgrenzung, Verdr\u00e4ngung und die Frage, wie sehr die k\u00fcnstliche Intelligenz das Leben der Menschen ver\u00e4ndern wird. Dabei geht es auch um den leider viel zu fr\u00fch verstorbenen Autoren und Philosophen <a href=\"https:\/\/www.freiburg-schwarzwald.de\/blog\/bildung\/philosophie\/\">Gunnar Kaiser<\/a> \u00fcber den Unger das Buch schrieb: &#8222;Habe ich genug getan? In memoriam Gunnar Kaiser&#8220;.<br \/>\n&#8230; Alles vom 23.3.2025 bitte lesen auf<br \/>\n<a href=\"https:\/\/www.achgut.com\/artikel\/indubio_folge_373_gdu_die_gruene_demokratische_union\">https:\/\/www.achgut.com\/artikel\/indubio_folge_373_gdu_die_gruene_demokratische_union<\/a><\/p>\n<p>Raymond Unger: KAI<br \/>\nEuropa Verlag 3\/2025, 432 Seiten, 25 Euro<br \/>\n.<br \/>\nRaymond Unger: Habe ich genug getan? In memoriam Gunnar Kaiser<br \/>\nEuropa Verlag, 189 Seiten, 17 Euro<\/p>\n<p>&nbsp;<\/p>\n<p><strong>Friedrich Pohlmann: Das Reich der gro\u00dfen L\u00fcge<\/strong><br \/>\nEssays zur Transformation Deutschlands<br \/>\nBroschiert. 236 Seiten, ISBN: 978-3-948075-96-5<br \/>\nDie Werkreihe von TUMULT#12<br \/>\nmanuscriptum Verlag 2021, 18,00 \u20ac<br \/>\n.<br \/>\nZum Buch:<br \/>\nZweifellos ist die westliche Welt seit dem radikalen Epochenwechsel 1989 von einer noch tiefergehenden Entzweiung gezeichnet als es uns der medial inszenierte Kulturkampf weismachen m\u00f6chte. Vielmehr haben wir es mit der scheinbar paradoxen Allianz zu tun, in der sich ein weltumspannender neoliberaler Kapitalismus im Gleichschritt mit einem humanitaristischen Moraluniversalismus eines l\u00e4ngst \u00f6konomistisch verbildeten Globalistenlagers zur allm\u00e4chtigen Instanz erhebt. Letzteres verk\u00f6rpert dabei idealtypisch jene gew\u00fcnschten ortlosen, von familialen wie staatlichen Bindungen an Geschichte und Kultur weitgehend losgel\u00f6sten Individuen. Ihrer einm\u00fctigen Losung: \u00bbNo borders!\u00ab wird hier \u00fcberzeugend die anthropologisch begr\u00fcndete Dialektik von Grenzsetzung und Grenz\u00fcberschreitung entgegengestellt.<br \/>\nDieser Entwicklung f\u00f6rderlich war auch der Wandel im Rollenverst\u00e4ndnis der Geschlechter, der zu einer folgenreichen Feminisierung der westlichen Gesellschaften f\u00fchrte. Am deutlichsten zeigt sich das in der konsequent praktizierten \u00dcbertragung einer urspr\u00fcnglich familial gepr\u00e4gten Ethik auf eine abstrakte \u00bbMenschheit\u00ab. Die damit verbundene Idealisierung des Fremden geht einher mit einer fast schon pathologisch anmutenden Abwertung des Eigenen und traditioneller kultureller Pr\u00e4gungen. Diese bewusste Selbstschw\u00e4chung des s\u00e4kularen Westens bietet somit einer politischen Religion wie dem Islam durch gew\u00e4hrte Masseneinwanderung aus islamischen L\u00e4ndern eine geradezu fahrl\u00e4ssige Einflussnahme, die wenig integrativ uns mit neuen Formen des Antisemitismus und r\u00fcckschrittlichen Haltungen konfrontiert.<br \/>\nFriedrich Pohlmann zeichnet pr\u00e4zise jene einwirkenden Kr\u00e4fte nach, die zur sozialen und mentalen Transformation der Weltbilder im Westen und mit kompensatorischer Sch\u00e4rfe in Deutschland gef\u00fchrt haben. Gerade der allgegenw\u00e4rtig einge\u00fcbte Konformismus aus Furcht vor gesellschaftlicher \u00c4chtung durch ein Sprachregime politischer Korrektheit &#8211; mit ihrer Instrumentalisierung alles Minorit\u00e4ren &#8211; erfordert Mut im physischen wie moralischen Sinn. Der Autor erweist sich dabei als entschiedener Vertreter der parrhesia, der mutigen \u00f6ffentlichen Rede. Widerstand zu leisten, besonders in der gegenw\u00e4rtigen Situation eines quasi Ausnahmezustandes im \u00bbReich der gro\u00dfen L\u00fcge\u00ab, erscheint ihm als unabdingbares b\u00fcrgerrechtliches Gebot.<\/p>\n<p>&nbsp;<\/p>\n<p><strong>Josef Kraus: Im Rausch der Dekadenz<\/strong><br \/>\n&#8230; Die Gesellschaft sei gepr\u00e4gt durch Dilettanten, die viel wollten, aber nur wenig k\u00f6nnten. Kraus schreibt, dass sich diese Klage durch die ganze Menschheitsgeschichte zieht. Dazu passt ein Zitat von Adam Smith, \u201cDer Wohlstand der Nationen\u201c, 2. Buch, S.282 (Erstausgabe anno 1776) : <em>\u201eGro\u00dfe Nationen werden niemals durch private, doch bisweilen durch \u00f6ffentliche Verschwendung und Misswirtschaft ruiniert. In den meisten L\u00e4ndern werden n\u00e4mlich alle oder nahezu alle \u00f6ffentlichen Einnahmen dazu verwendet, um unproduktive Leute zu unterhalten.\u201c<\/em> Der Verlust an Wohlstand wird langsam sp\u00fcrbar, f\u00fcr alle sozialen Schichten.<br \/>\nAllerdings kann jeder von uns seit Jahren t\u00e4glich die Moralf\u00fcrsorge in den Medien sp\u00fcren, die mit staatlicher Propaganda gef\u00fcttert werden. Der moralische Kompass ist wichtiger als unvoreingenommene Berichterstattung. Ein Gef\u00fchl von Aussichtslosigkeit macht sich in Umfragen breit. In der aktuellen FORSA &#8211; Umfrage trauen nur noch 24 Prozent der Befragten dem Staat zu, seine Aufgaben erf\u00fcllen zu k\u00f6nnen. In derselben Umfrage geben nur 21 Prozent an, ein gro\u00dfes Vertrauen in die Bundesregierung zu haben.<br \/>\n&#8230;<br \/>\nF\u00fcr Avantgardisten oder Opportunisten zitiert er zum allgemeinen Am\u00fcsement Beispiele (mit Fundstelle) f\u00fcr eine <a href=\"https:\/\/www.freiburg-schwarzwald.de\/blog\/selbsthilfe\/frauen\/gender\/gender-sprache\/\">\u201egerechte Sprache\u201c<\/a>:<br \/>\nPassagierende<br \/>\nKinder und Kinderinnen,<br \/>\nSamenspender*innen<br \/>\nKrankenschwesterinnnen<br \/>\nEltern und Elterinnen<br \/>\nFeuerwehrm\u00e4nnerinnen<br \/>\nVerstorbene Mitarbeitende<br \/>\nProstatapatienten und Prostatapatientinnen,<br \/>\nStudierende im Schlaf erstochen<br \/>\nWie man den Flammen Herr oder Frau werden kann<br \/>\nDeutsche und Deutschinnen<br \/>\nSensenfrau<br \/>\nWitwer und Witwerinnen<br \/>\nWeibliche Priesterinnen<br \/>\netc.<br \/>\n.<br \/>\n<em><strong>S\u00fcndenstolz<\/strong><\/em><br \/>\nSein wichtigster Punkt, mit dem er die <a href=\"https:\/\/www.freiburg-schwarzwald.de\/blog\/kultur\/kulturverlust\/dekadenz\/\">Dekadenz als Selbstaufgabe<\/a> und Selbstverschlampung festmacht, ist der europ\u00e4ische und deutsche S\u00fcndenstolz. \u201eDie st\u00e4ndige Wiederholung: Wir waren die Schlimmsten in der Weltgeschichte, wir haben nur \u00dcbel \u00fcber die Welt gebracht, und es w\u00e4re alles ein Paradies, wenn wir nicht gewesen w\u00e4ren.\u201c<br \/>\nEr zitiert die Ethnologin <a href=\"https:\/\/www.freiburg-schwarzwald.de\/blog\/kultur\/kulturverlust\/wokeismus\/\">Susanne Schr\u00f6ter<\/a>. Sie schreibt \u00fcber die Dauerbeschallung mit Achtsamkeitsparolen: \u201eEine laute Minderheit versucht, der Gesellschaft die eigene Weltsicht \u00fcberzust\u00fclpen. Unternehmen, Politiker und Individuen m\u00fcssen den Vorstellungen dieser Ideologen nachgeben. Und sie knicken ein. An den Universit\u00e4ten werden Professoren unter Druck gesetzt, sich einem woken \u201aUnterwerfungssystem\u2018 zu beugen\u2026so vergiftet wie derzeit war das Debattenklima seit den \u201a1968ern\u2018 nicht mehr\u2026\u201c<br \/>\n1968 bek\u00e4mpften sie den Staat, heute sind sie Abgeordnete, Richter, Journalisten oder Gr\u00fcnder einer NGO, die vom Staat alimentiert wird.<br \/>\n&#8230; Alles vom 3.11.2024 von Volker Seitz bitte lesen auf<br \/>\n<a href=\"https:\/\/www.achgut.com\/artikel\/im_rausch_der_dekadenz\">https:\/\/www.achgut.com\/artikel\/im_rausch_der_dekadenz<\/a><br \/>\n.<br \/>\n<em>Josef Kraus: Im Rausch der Dekadenz <\/em><br \/>\n<em>&#8211; Der Westen am Scheideweg, <\/em><br \/>\n<em>Verlag: LMV, 2024, ISBN-13: 9783784437248, 336 Seiten, 24,00 Euro<\/em><br \/>\n.<br \/>\nVolker Seitz, ist Botschafter a.D. und Autor des Bestsellers \u201eAfrika wird armregiert\u201c, dtv, 2021 (11. aktualisierte Auflage)<\/p>\n","protected":false},"excerpt":{"rendered":"<p>Home &gt;Kultur\u00a0&gt;Dichter\u00a0&gt;Literatur\u00a0&gt;Buch &gt;Buchmesse &gt;Rezensionen Listenauswahl eines Beitrags (Artikel\/Datum, Seite\/Inhalt):\u00a0Klicken\u00a0oder scrollen Kulke\/Mohr: Wenn das Denken die Richtung \u00e4ndert (15.4.2026) Baberowski: Am Volk vorbei \u2013 Zur Krise der liberalen Demokratie (6,4.2925) Mudlack: Geld als Machterhaltungsmittel oder Alternativen in der Geldpolitik (9.1.2026) Volker &hellip; <a href=\"https:\/\/www.freiburg-schwarzwald.de\/blog\/kultur\/dichter\/literatur\/buch\/rezensionen\/\">Weiterlesen <span class=\"meta-nav\">&rarr;<\/span><\/a><\/p>\n","protected":false},"author":2,"featured_media":0,"parent":1062,"menu_order":0,"comment_status":"closed","ping_status":"closed","template":"","meta":{"footnotes":""},"class_list":["post-127933","page","type-page","status-publish","hentry"],"_links":{"self":[{"href":"https:\/\/www.freiburg-schwarzwald.de\/blog\/wp-json\/wp\/v2\/pages\/127933","targetHints":{"allow":["GET"]}}],"collection":[{"href":"https:\/\/www.freiburg-schwarzwald.de\/blog\/wp-json\/wp\/v2\/pages"}],"about":[{"href":"https:\/\/www.freiburg-schwarzwald.de\/blog\/wp-json\/wp\/v2\/types\/page"}],"author":[{"embeddable":true,"href":"https:\/\/www.freiburg-schwarzwald.de\/blog\/wp-json\/wp\/v2\/users\/2"}],"replies":[{"embeddable":true,"href":"https:\/\/www.freiburg-schwarzwald.de\/blog\/wp-json\/wp\/v2\/comments?post=127933"}],"version-history":[{"count":6,"href":"https:\/\/www.freiburg-schwarzwald.de\/blog\/wp-json\/wp\/v2\/pages\/127933\/revisions"}],"predecessor-version":[{"id":147963,"href":"https:\/\/www.freiburg-schwarzwald.de\/blog\/wp-json\/wp\/v2\/pages\/127933\/revisions\/147963"}],"up":[{"embeddable":true,"href":"https:\/\/www.freiburg-schwarzwald.de\/blog\/wp-json\/wp\/v2\/pages\/1062"}],"wp:attachment":[{"href":"https:\/\/www.freiburg-schwarzwald.de\/blog\/wp-json\/wp\/v2\/media?parent=127933"}],"curies":[{"name":"wp","href":"https:\/\/api.w.org\/{rel}","templated":true}]}}