{"id":127055,"date":"2024-09-28T20:05:01","date_gmt":"2024-09-28T18:05:01","guid":{"rendered":"https:\/\/www.freiburg-schwarzwald.de\/blog\/?page_id=127055"},"modified":"2026-04-13T19:30:51","modified_gmt":"2026-04-13T17:30:51","slug":"eu-kommission","status":"publish","type":"page","link":"https:\/\/www.freiburg-schwarzwald.de\/blog\/global\/eu\/eu-kommission\/","title":{"rendered":"EU-Kommission"},"content":{"rendered":"<p><a href=\"https:\/\/www.freiburg-schwarzwald.de\/blog\">Home<\/a>\u00a0&gt;<a title=\"Global\" href=\"https:\/\/www.freiburg-schwarzwald.de\/blog\/global\/\">Global<\/a>\u00a0&gt;<a title=\"EU\" href=\"https:\/\/www.freiburg-schwarzwald.de\/blog\/global\/eu\/\">EU<\/a>\u00a0&gt;<a title=\"Finanzsystem\" href=\"https:\/\/www.freiburg-schwarzwald.de\/blog\/global\/finanzsystem\/\">Finanzsystem<\/a> &gt;<a href=\"https:\/\/www.freiburg-schwarzwald.de\/blog\/global\/eu\/eu-zentralstaat\/\">EU-Zentralstaat<\/a> &gt;EU-Kommission<\/p>\n<div id=\"attachment_126981\" style=\"width: 648px\" class=\"wp-caption alignnone\"><a href=\"https:\/\/www.freiburg-schwarzwald.de\/blog\/wp-content\/uploads\/2024\/09\/Feigenernte-pan240924.jpg\"><img loading=\"lazy\" decoding=\"async\" aria-describedby=\"caption-attachment-126981\" class=\"size-full wp-image-126981\" src=\"https:\/\/www.freiburg-schwarzwald.de\/blog\/wp-content\/uploads\/2024\/09\/Feigenernte-pan240924.jpg\" alt=\"\" width=\"638\" height=\"352\" srcset=\"https:\/\/www.freiburg-schwarzwald.de\/blog\/wp-content\/uploads\/2024\/09\/Feigenernte-pan240924.jpg 638w, https:\/\/www.freiburg-schwarzwald.de\/blog\/wp-content\/uploads\/2024\/09\/Feigenernte-pan240924-180x99.jpg 180w\" sizes=\"auto, (max-width: 638px) 100vw, 638px\" \/><\/a><p id=\"caption-attachment-126981\" class=\"wp-caption-text\">Feigenernte in Freiburg am 22.9.2024<\/p><\/div>\n<p>&nbsp;<\/p>\n<ul>\n<li><em>Listenauswahl eines Beitrags (Artikel\/Datum, Seite\/Inhalt):\u00a0<span style=\"text-decoration: underline;\">Klicken<\/span>\u00a0oder scrollen<\/em><\/li>\n<li><a href=\"https:\/\/www.freiburg-schwarzwald.de\/blog\/opposition-in-hu-nicht-in-de\/\">Opposition in HU \u2013 nicht in DE<\/a>\u00a0(13.4.2026)<\/li>\n<li><a href=\"https:\/\/www.freiburg-schwarzwald.de\/blog\/atomkraft-strategischer-fehler\/\">Atomkraft strategischer Fehler<\/a>\u00a0(11..2026)<\/li>\n<li><a href=\"https:\/\/www.freiburg-schwarzwald.de\/blog\/global\/eu\/eu-reform\/\">EU: BIP halbiert \u2013 B\u00fcrokratie verdoppelt<\/a> (3.1.2025)<\/li>\n<li><a href=\"https:\/\/www.freiburg-schwarzwald.de\/blog\/eurobonds-kriegsfinanzierung\/\">Eurobonds \u2013 Kriegsfinanzierung<\/a>\u00a0(19.12.2025)<\/li>\n<li><a href=\"https:\/\/www.freiburg-schwarzwald.de\/blog\/dsa-trick-meinungsfreiheit-eu\/\">DSA-Trick Meinungsfreiheit EU<\/a>\u00a0(26.11.2025)<\/li>\n<li><a href=\"https:\/\/www.freiburg-schwarzwald.de\/blog\/vdl-verkauft-die-eu-an-die-usa\/\">vdL verkauft die EU an die USA<\/a> (29.7.2025)<\/li>\n<li>Die EU-Kommission ist korrupt \u2013 Selbst MS-Medien k\u00f6nnen nicht mehr \u00fcber das Offensichtliche hinwegsehen (7.6.20259<\/li>\n<li><a href=\"https:\/\/www.freiburg-schwarzwald.de\/blog\/global\/eu\/europa\">Europa und die USA: Ohne Einigkeit und eigene St\u00e4rke bleibt der alte Kontinent handlungsunf\u00e4hig<\/a>\u00a0(17.1.2025)<\/li>\n<li><a href=\"https:\/\/www.freiburg-schwarzwald.de\/blog\/free-speech-in-usa-nato-d\/\">\u201cFree Speech\u201c in USA, NATO, D<\/a>\u00a0(10.11.2024)<\/li>\n<li>Raffaele Fitto (Fratelli d\u2019Italia): EU-Kommissar f\u00fcr regional-\/Sozialfonds (27.9.2024)<\/li>\n<\/ul>\n<p>\u201eNiemand hat euch gew\u00e4hlt. Ihr vertretet niemanden. Ihr seid eine totalit\u00e4re Institution und k\u00f6nnt nicht einmal das Wort Meinungsfreiheit buchstabieren.\u201c (Geert Wilders zur EU-Kommission)<br \/>\n=============================================================<\/p>\n<p>.<\/p>\n<p><strong>Die EU-Kommission ist korrupt \u2013 Selbst MS-Medien k\u00f6nnen nicht mehr \u00fcber das Offensichtliche hinwegsehen<\/strong><br \/>\nWer miterlebt hat, wie europ\u00e4ische EU-Korruptokraten nach 2016 versucht haben, den Willen einer Mehrheit der Briten, ausgedr\u00fcckt in einer historischen Abwahl der EU-Korruptokratie, zu unterlaufen und den BREXIT zu verunm\u00f6glichen, der wei\u00df, dass die EU-Kommission Steuergelder einsetzt, um ihre Muppets in den Mitgliedsstaaten loszuschicken, auf dass sie Druck auf von der EU-Richtlinie abweichende Regierungen machen oder eine \u00f6ffentliche Meinung inszenieren, die EU-freundlich ist.<br \/>\nDass die EU-Kommission ein Haufen korrupter und oft genug (macht)besoffener Leute ist, das ist lange bekannt, denen, die es wissen wollen, lange bekannt.<br \/>\nInsofern sind wir einerseits belustigt, andererseits positiv \u00fcberrascht, dass die WELT eine \u201eRecherche\u201c unternommen hat https:\/\/www.welt.de\/wirtschaft\/plus256221718\/geheime-vertraege-eu-kommission-bezahlte-aktivisten-fuer-klimalobbyismus.html , die zeigt, dass EU-Korrupte aus der Kommission NGOs und andere Aktivisten finanzieren und einsetzen, um in Mitgliedsstaaten den politischen Willensbildungsprozess zu hintertreiben und valide Alternativen zu EU-\u201ePolitik\u201c aus der Welt zu schaffen.<br \/>\nDie Korruption unter SMS-von-der-Leyen ist so umfassend, so endemisch geworden, dass egal, in welche Richtung man wegschaut, man mit EU-Korruption konfrontiert ist.<br \/>\n&#8230; Alles vom 7.6.2025 bitte lesen auf<br \/>\n<a href=\"https:\/\/sciencefiles.org\/2025\/06\/07\/die-eu-kommission-ist-korrupt-selbst-ms-medien-koennen-nicht-mehr-ueber-das-offensichtliche-hinwegsehen\">https:\/\/sciencefiles.org\/2025\/06\/07\/die-eu-kommission-ist-korrupt-selbst-ms-medien-koennen-nicht-mehr-ueber-das-offensichtliche-hinwegsehen<\/a>\/<\/p>\n<p>&nbsp;<\/p>\n<p><strong>Raffaele Fitto (Fratelli d\u2019Italia): EU-Kommissar f\u00fcr regional-\/Sozialfonds<\/strong><br \/>\nWer ist der Fratelli d\u2019Italia-Minister, dessen Berufung in die neue EU-Kommission die linke Wut erregt? Ende der Brandmauer<br \/>\nAlbrecht Rothacher<\/p>\n<p>Die Deutsche Welle, Propagandaorgel der Berliner Ampelm\u00e4nnchen, machte es in einem Kurzportrait von sieben Zeilen in einfacher Sprache \u00fcberdeutlich: Raffaele Fitto, designierter EU-Kommissar und -Vizepr\u00e4sident, erhielt belegfrei viermal das Schmuckwort \u201erechtsextrem\u201c \u2013 damit es ja auch der Letzte kapiert.<br \/>\nDabei stammt er aus einem christdemokratischen Hause besserer Sorte. Sein Vater war Regionalpr\u00e4sident Apuliens, dem wundersch\u00f6nen, doch auch nach siebzig Jahren Subventionen bitterarmen Stiefelabsatz Italiens, wo Raffaele 1969 zur Welt kam. In seiner Jugend interessierte er sich nur f\u00fcr Diskotheken, Motorr\u00e4der und Fu\u00dfball. Doch nach dem Unfalltod des Vaters 1988 mauserte sich der 19j\u00e4hrige zum Musterstudenten der Juristerei, der mit zwanzig f\u00fcr die Christdemokraten in den Regionalrat einzog, wo er zum Vizepr\u00e4sidenten aufstieg.<br \/>\nAls infolge des Tangentopoli-Skandals 1992 die Altparteien Italiens im Korruptionssumpf versanken und zerfielen, versuchte Fitto es zun\u00e4chst mit konservativ-christlichen Kleinparteien aus der Erbmasse der Democrazia Cristiana, sodann ab 2001 bei Berlusconis Forza Italia und 2015 schlie\u00dflich mit der den britischen Torys nachempfundenen Eigengr\u00fcndung Conservatori e Riformisti, die 2017 mit anderen zur Direzione Italia fusionierte, die wiederum 2019 mit Melonis Fratelli d\u2019Italia verschmolz. Insgesamt war Fitto so Mitglied in nicht weniger als neun Mitte-Rechts-Parteien.<\/p>\n<p>In dieser Zeit sa\u00df er dreimal im Europaparlament. Ab 2000 bekleidete Fitto wie sein Vater das Amt des Regionalpr\u00e4sidenten Apuliens, bevor er 2005 den Kommunisten unterlag. Unter Silvio Berlusconi wurde der damals 38j\u00e4hrige 2008 erstmals Minister f\u00fcr Regionales und freundete sich mit seiner noch j\u00fcngeren Kabinettskollegin an, der 31j\u00e4hrigen Ministerin f\u00fcr Jugend und Sport Giorgia Meloni. Doch 2015 kam es mit Berlusconi wegen der Forderung nach einem Generationenwechsel zum Bruch.<br \/>\nSollte das EU-Parlament Fitto zustimmen, dann w\u00e4re der \u2018antifaschistische Schutzwall\u2019 in Br\u00fcssel Geschichte.<br \/>\nSeit Melonis Wahlsieg 2022 ist Fitto erneut Minister, zust\u00e4ndig f\u00fcr Europa und also f\u00fcr die Vergabe der 192 Milliarden Euro, die Italien von der EU an Covid-Hilfe erh\u00e4lt. W\u00e4hrend die Vorg\u00e4ngerregierung Draghi diese etwa f\u00fcr Fu\u00dfballarenen in Florenz und Venedig verschwenden wollte, wird unter Fitto offenbar professioneller vergeben, denn der \u00fcbliche Vorwurf illegaler Parteienfinanzierung perlte an ihm per Freispruch ab.<br \/>\nIn der neuen Kommission von der Leyens soll er die Regional- und Sozialfonds verantworten, also EU-Gelder in die Weiten des Ostens und den sonnigen S\u00fcden vergeben, als Verbindungsmann zur Regierung in Rom fungieren und einer von sechs Vizepr\u00e4sidenten sein. Dabei hat die herrische Kommissionspr\u00e4sidentin die Ressorts \u00fcberlappend aufgeteilt, um in den so unvermeidlichen Streitereien ihrer Kommissare stets das entscheidende Wort zu haben.<br \/>\nDoch Kommunisten, Sozialisten, Gr\u00fcne und Linksliberale im EU-Parlament wollen Fitto als \u201erechtsextreme Marionette Melonis\u201c ablehnen. W\u00e4hrend EVP-Chef Manfred Weber ihn f\u00fcr einen \u201ebestens geeigneten Br\u00fcckenbauer\u201c h\u00e4lt. Sollten die drei Rechtsfraktionen dem zustimmen, d\u00fcrfte mit Raffaele Fittos Dienstantritt am 1. November der \u201eantifaschistische Schutzwall\u201c zumindest in Br\u00fcssel und Stra\u00dfburg Geschichte sein. www.raffaelefitto.com<br \/>\n&#8230; Alles vom 27.9.2024 von Albrecht Rothacher bitte lesen in der JF 40\/24, Seite 3<br \/>\nhttps:\/\/www.junge-freiheit.de<\/p>\n","protected":false},"excerpt":{"rendered":"<p>Home\u00a0&gt;Global\u00a0&gt;EU\u00a0&gt;Finanzsystem &gt;EU-Zentralstaat &gt;EU-Kommission &nbsp; Listenauswahl eines Beitrags (Artikel\/Datum, Seite\/Inhalt):\u00a0Klicken\u00a0oder scrollen Opposition in HU \u2013 nicht in DE\u00a0(13.4.2026) Atomkraft strategischer Fehler\u00a0(11..2026) EU: BIP halbiert \u2013 B\u00fcrokratie verdoppelt (3.1.2025) Eurobonds \u2013 Kriegsfinanzierung\u00a0(19.12.2025) DSA-Trick Meinungsfreiheit EU\u00a0(26.11.2025) vdL verkauft die EU an die USA &hellip; <a href=\"https:\/\/www.freiburg-schwarzwald.de\/blog\/global\/eu\/eu-kommission\/\">Weiterlesen <span class=\"meta-nav\">&rarr;<\/span><\/a><\/p>\n","protected":false},"author":2,"featured_media":0,"parent":2859,"menu_order":0,"comment_status":"closed","ping_status":"closed","template":"","meta":{"footnotes":""},"class_list":["post-127055","page","type-page","status-publish","hentry"],"_links":{"self":[{"href":"https:\/\/www.freiburg-schwarzwald.de\/blog\/wp-json\/wp\/v2\/pages\/127055","targetHints":{"allow":["GET"]}}],"collection":[{"href":"https:\/\/www.freiburg-schwarzwald.de\/blog\/wp-json\/wp\/v2\/pages"}],"about":[{"href":"https:\/\/www.freiburg-schwarzwald.de\/blog\/wp-json\/wp\/v2\/types\/page"}],"author":[{"embeddable":true,"href":"https:\/\/www.freiburg-schwarzwald.de\/blog\/wp-json\/wp\/v2\/users\/2"}],"replies":[{"embeddable":true,"href":"https:\/\/www.freiburg-schwarzwald.de\/blog\/wp-json\/wp\/v2\/comments?post=127055"}],"version-history":[{"count":5,"href":"https:\/\/www.freiburg-schwarzwald.de\/blog\/wp-json\/wp\/v2\/pages\/127055\/revisions"}],"predecessor-version":[{"id":147853,"href":"https:\/\/www.freiburg-schwarzwald.de\/blog\/wp-json\/wp\/v2\/pages\/127055\/revisions\/147853"}],"up":[{"embeddable":true,"href":"https:\/\/www.freiburg-schwarzwald.de\/blog\/wp-json\/wp\/v2\/pages\/2859"}],"wp:attachment":[{"href":"https:\/\/www.freiburg-schwarzwald.de\/blog\/wp-json\/wp\/v2\/media?parent=127055"}],"curies":[{"name":"wp","href":"https:\/\/api.w.org\/{rel}","templated":true}]}}