{"id":126862,"date":"2024-09-10T11:05:32","date_gmt":"2024-09-10T09:05:32","guid":{"rendered":"https:\/\/www.freiburg-schwarzwald.de\/blog\/?page_id=126862"},"modified":"2024-09-10T11:10:57","modified_gmt":"2024-09-10T09:10:57","slug":"buergergipfel","status":"publish","type":"page","link":"https:\/\/www.freiburg-schwarzwald.de\/blog\/global\/deutschland\/gesellschaft\/buergergipfel\/","title":{"rendered":"Buergergipfel"},"content":{"rendered":"<p><a href=\"https:\/\/freiburg-schwarzwald.de\/blog\">Home<\/a>\u00a0&gt;<a title=\"Demokratie\" href=\"https:\/\/www.freiburg-schwarzwald.de\/blog\/engagement\/zukunft\/demokratie\/\">Demokratie<\/a>\u00a0&gt;<a title=\"Deutschland\" href=\"https:\/\/www.freiburg-schwarzwald.de\/blog\/global\/deutschland\/\">Deutschland<\/a>\u00a0&gt;<a title=\"Gesellschaft\" href=\"https:\/\/www.freiburg-schwarzwald.de\/blog\/global\/deutschland\/gesellschaft\/\">Gesellschaft<\/a>\u00a0&gt;<a href=\"https:\/\/www.freiburg-schwarzwald.de\/blog\/engagement\/buerger\/\">Buerger<\/a>\u00a0&gt;<a href=\"https:\/\/www.freiburg-schwarzwald.de\/blog\/global\/deutschland\/gesellschaft\/buergerrechte\/\">Buergerrechte<\/a>\u00a0 &gt;Buergergipfel<\/p>\n<div id=\"attachment_126605\" style=\"width: 650px\" class=\"wp-caption alignnone\"><a href=\"https:\/\/www.freiburg-schwarzwald.de\/blog\/wp-content\/uploads\/2024\/09\/drei-eichen-abendsonne-pan240831.jpg\"><img loading=\"lazy\" decoding=\"async\" aria-describedby=\"caption-attachment-126605\" class=\"size-full wp-image-126605\" src=\"https:\/\/www.freiburg-schwarzwald.de\/blog\/wp-content\/uploads\/2024\/09\/drei-eichen-abendsonne-pan240831.jpg\" alt=\"\" width=\"640\" height=\"396\" srcset=\"https:\/\/www.freiburg-schwarzwald.de\/blog\/wp-content\/uploads\/2024\/09\/drei-eichen-abendsonne-pan240831.jpg 640w, https:\/\/www.freiburg-schwarzwald.de\/blog\/wp-content\/uploads\/2024\/09\/drei-eichen-abendsonne-pan240831-180x111.jpg 180w\" sizes=\"auto, (max-width: 640px) 100vw, 640px\" \/><\/a><p id=\"caption-attachment-126605\" class=\"wp-caption-text\">Drei Eichen (eine davon ist anders) in der Abendsonne bei Freiburg am 31.8.2024<\/p><\/div>\n<ul>\n<li>B\u00fcrgergipfel: Die Zw\u00f6lf Stuttgarter Artikel (19.9.2024)<\/li>\n<li><\/li>\n<li><a href=\"https:\/\/www.freiburg-schwarzwald.de\/blog\/kultur\/medien\/journalismus\/buergerjournalismus\/\">B\u00fcrgerjournalismus<\/a><\/li>\n<li><a href=\"https:\/\/www.freiburg-schwarzwald.de\/blog\/engagement\/zukunft\/demokratie\/freiheit\/freiheitsrechte\/\">Freiheitsrechte<\/a><\/li>\n<li><a href=\"https:\/\/www.freiburg-schwarzwald.de\/blog\/engagement\/zukunft\/demokratie\/liberalismus\/libertarismus\/\">Libertarismus<\/a><\/li>\n<\/ul>\n<p>&nbsp;<\/p>\n<p><strong>B\u00fcrgergipfel: Die Zw\u00f6lf Stuttgarter Artikel<\/strong><br \/>\n&#8230;<br \/>\nIm Namen der Freiheit von Zwang und Gewalt und der Freiheit zu gestalten, zu sch\u00f6pfen und zu schaffen richten wir rund 900 Teilnehmer des B\u00fcrgergipfels in Stuttgart am 7. September 2024 folgende zw\u00f6lf Artikel an die deutschsprachige \u00d6ffentlichkeit:<\/p>\n<p>1. Wir wollen s\u00e4mtliche Anreize in Form von Geld- oder Sachleistungen f\u00fcr illegale Einwanderer ersatzlos streichen. Wir wollen die Zur\u00fcckweisung von Einwanderern aus sicheren Drittstaaten an der Grenze gem\u00e4\u00df Art 16a GG wieder in Kraft setzen.<\/p>\n<p>2. Wir lehnen die Machtverlagerung nach Br\u00fcssel ohne demokratische Legitimation ab und wollen die nationale Souver\u00e4nit\u00e4t st\u00e4rken. Wir bef\u00fcrworten die Wirtschafts- und Freihandelsunion, lehnen aber die politische und insbesondere die Steuer-, Finanz- und Schuldenunion der EU ab.<\/p>\n<p>3. Wir wollen die Gewaltenteilung st\u00e4rken bzw. einf\u00fchren. Dazu geh\u00f6rt die Unabh\u00e4ngigkeit der Staatsanwaltschaften und die Entmachtung der Parteien bei der Bestellung von Richtern.<\/p>\n<p>4. Wir wollen die Unver\u00e4u\u00dferlichkeit der Grund- und Freiheitsrechte wieder herstellen. Wir wollen, dass Regierungen, Parlamenten und Gerichten erschwert bzw. unm\u00f6glich gemacht wird, in staatlich ausgerufenen Notlagen die Grundrechte der B\u00fcrger einzuschr\u00e4nken.<\/p>\n<p>5. Wir wollen das Recht auf freie Meinungs\u00e4u\u00dferung auch im Internet garantieren. Das NetzDG und den DSA wollen wir genauso abschaffen wie andere Zensurma\u00dfnahmen online oder offline.<\/p>\n<p>6. Wir wollen die B\u00fcrgerrechte bei der Strafverfolgung besser sch\u00fctzen und gewaltt\u00e4tige \u00dcbergriffe der Polizei wie bei den Corona-Demonstrationen oder einsch\u00fcchternde Hausdurchsuchungen aufarbeiten und streng bestrafen. Gleichzeitig wollen wir die Polizeiarbeit zur Pr\u00e4vention und Verfolgung von schwerer Kriminalit\u00e4t verbessern.<\/p>\n<p>7. Wir wollen es dem Staat generell und auf allen Ebenen verbieten, NGOs zu finanzieren.<\/p>\n<p>8. Wir wollen die Steuerlast f\u00fcr alle Einkommensgruppen und Unternehmen deutlich reduzieren. Wir wollen das Steuersystem stark vereinfachen.<\/p>\n<p>9. Wir wollen, dass sich der Staat aus Entscheidungen f\u00fcr oder gegen den Einsatz bestimmter Technologien wie Elektromobilit\u00e4t oder Kernkraft heraush\u00e4lt. Forschung an und Entwicklung von neuen Technologien wollen wir soweit wie m\u00f6glich von staatlichen Vorgaben befreien.<\/p>\n<p>10. Wir wollen die b\u00fcrokratischen H\u00fcrden f\u00fcr B\u00fcrger und Privatunternehmen konsequent reduzieren und durch schlanke und effiziente Verwaltungsvorg\u00e4nge ersetzen oder, wo es geht, abschaffen.<\/p>\n<p>11. Wir wollen das Menschenrecht auf Privateigentum st\u00e4rker gegen staatliche Eingriffe sch\u00fctzen. Enteignungen durch Akteure des Staats wollen wir erschweren bzw. verbieten und Zwangsabgaben wollen wir reduzieren bzw. abschaffen.<\/p>\n<p>12. Wir wollen Volksabstimmungen analog dem Schweizer Modell einf\u00fchren.<br \/>\n&#8230; Alles vom 10.9.2024 von Oliver Gorus bitte lesen auf<br \/>\n<a href=\"https:\/\/www.dersandwirt.de\/die-zwoelf-stuttgarter-artikel\/\">https:\/\/www.dersandwirt.de\/die-zwoelf-stuttgarter-artikel\/<\/a><br \/>\n.<br \/>\n<a href=\"https:\/\/www.buergergipfel.de\">https:\/\/www.buergergipfel.de<\/a><\/p>\n","protected":false},"excerpt":{"rendered":"<p>Home\u00a0&gt;Demokratie\u00a0&gt;Deutschland\u00a0&gt;Gesellschaft\u00a0&gt;Buerger\u00a0&gt;Buergerrechte\u00a0 &gt;Buergergipfel B\u00fcrgergipfel: Die Zw\u00f6lf Stuttgarter Artikel (19.9.2024) B\u00fcrgerjournalismus Freiheitsrechte Libertarismus &nbsp; B\u00fcrgergipfel: Die Zw\u00f6lf Stuttgarter Artikel &#8230; Im Namen der Freiheit von Zwang und Gewalt und der Freiheit zu gestalten, zu sch\u00f6pfen und zu schaffen richten wir rund 900 &hellip; <a href=\"https:\/\/www.freiburg-schwarzwald.de\/blog\/global\/deutschland\/gesellschaft\/buergergipfel\/\">Weiterlesen <span class=\"meta-nav\">&rarr;<\/span><\/a><\/p>\n","protected":false},"author":2,"featured_media":0,"parent":66712,"menu_order":0,"comment_status":"closed","ping_status":"closed","template":"","meta":{"footnotes":""},"class_list":["post-126862","page","type-page","status-publish","hentry"],"_links":{"self":[{"href":"https:\/\/www.freiburg-schwarzwald.de\/blog\/wp-json\/wp\/v2\/pages\/126862","targetHints":{"allow":["GET"]}}],"collection":[{"href":"https:\/\/www.freiburg-schwarzwald.de\/blog\/wp-json\/wp\/v2\/pages"}],"about":[{"href":"https:\/\/www.freiburg-schwarzwald.de\/blog\/wp-json\/wp\/v2\/types\/page"}],"author":[{"embeddable":true,"href":"https:\/\/www.freiburg-schwarzwald.de\/blog\/wp-json\/wp\/v2\/users\/2"}],"replies":[{"embeddable":true,"href":"https:\/\/www.freiburg-schwarzwald.de\/blog\/wp-json\/wp\/v2\/comments?post=126862"}],"version-history":[{"count":5,"href":"https:\/\/www.freiburg-schwarzwald.de\/blog\/wp-json\/wp\/v2\/pages\/126862\/revisions"}],"predecessor-version":[{"id":126867,"href":"https:\/\/www.freiburg-schwarzwald.de\/blog\/wp-json\/wp\/v2\/pages\/126862\/revisions\/126867"}],"up":[{"embeddable":true,"href":"https:\/\/www.freiburg-schwarzwald.de\/blog\/wp-json\/wp\/v2\/pages\/66712"}],"wp:attachment":[{"href":"https:\/\/www.freiburg-schwarzwald.de\/blog\/wp-json\/wp\/v2\/media?parent=126862"}],"curies":[{"name":"wp","href":"https:\/\/api.w.org\/{rel}","templated":true}]}}