{"id":126218,"date":"2024-08-18T12:26:03","date_gmt":"2024-08-18T10:26:03","guid":{"rendered":"https:\/\/www.freiburg-schwarzwald.de\/blog\/?page_id=126218"},"modified":"2026-01-23T16:48:24","modified_gmt":"2026-01-23T15:48:24","slug":"buergerjournalismus","status":"publish","type":"page","link":"https:\/\/www.freiburg-schwarzwald.de\/blog\/kultur\/medien\/journalismus\/buergerjournalismus\/","title":{"rendered":"B\u00fcrgerjournalismus"},"content":{"rendered":"<p><a href=\"https:\/\/www.freiburg-schwarzwald.de\/blog\">Home<\/a>\u00a0&gt;<a title=\"Kultur\" href=\"https:\/\/www.freiburg-schwarzwald.de\/blog\/kultur\/\">Kultur<\/a>\u00a0&gt;<a title=\"Medien\" href=\"https:\/\/www.freiburg-schwarzwald.de\/blog\/kultur\/medien\/\">Medien<\/a>\u00a0&gt;<a href=\"https:\/\/www.freiburg-schwarzwald.de\/blog\/kultur\/medien\/journalismus\/\">Journalismus<\/a>\u00a0&gt;<a href=\"https:\/\/www.freiburg-schwarzwald.de\/blog\/kultur\/medien\/journalismus\/haltungsjournalismus\/\">Haltungsjournalismus<\/a> &gt;B\u00fcrgerjournalismus<\/p>\n<div id=\"attachment_125927\" style=\"width: 647px\" class=\"wp-caption alignnone\"><a href=\"https:\/\/www.freiburg-schwarzwald.de\/blog\/wp-content\/uploads\/2024\/08\/dinos-am-teich-pan240730.jpg\"><img loading=\"lazy\" decoding=\"async\" aria-describedby=\"caption-attachment-125927\" class=\"size-full wp-image-125927\" src=\"https:\/\/www.freiburg-schwarzwald.de\/blog\/wp-content\/uploads\/2024\/08\/dinos-am-teich-pan240730.jpg\" alt=\"\" width=\"637\" height=\"370\" srcset=\"https:\/\/www.freiburg-schwarzwald.de\/blog\/wp-content\/uploads\/2024\/08\/dinos-am-teich-pan240730.jpg 637w, https:\/\/www.freiburg-schwarzwald.de\/blog\/wp-content\/uploads\/2024\/08\/dinos-am-teich-pan240730-180x105.jpg 180w\" sizes=\"auto, (max-width: 637px) 100vw, 637px\" \/><\/a><p id=\"caption-attachment-125927\" class=\"wp-caption-text\">Reptilien: Dino-Saurier mitsamt Nachwuchs am kleinen Teich am 30. Juli 2024<\/p><\/div>\n<p>&nbsp;<\/p>\n<ul>\n<li><em>Listenauswahl eines Beitrags (Artikel\/Datum, Seite\/Inhalt): <span style=\"text-decoration: underline;\">Klicken<\/span> oder scrollen<\/em><\/li>\n<li><a href=\"https:\/\/www.freiburg-schwarzwald.de\/blog\/kultur\/medien\/meinungsfreiheit\/meinungszensur\/\">Asymetrie: Beh\u00f6rden und NGOs gegen einzelne B\u00fcrger wie Alexander Wallasch<\/a>\u00a0(23.1.2026)<\/li>\n<li><a href=\"https:\/\/www.freiburg-schwarzwald.de\/blog\/engagement\/zukunft\/demokratie\/staatsversagen\/staat-kapituliert\/\">Anabel Schunke: Der Staat ist machtlos \u2013 weil er machtlos sein WILL<\/a> (6.1.2026)<\/li>\n<li><a href=\"https:\/\/www.freiburg-schwarzwald.de\/blog\/kultur\/medien\/journalismus\/matuschek\/\">Ex-Mainstream Journalist Milosz Matuschek packt aus: Was wirklich hinter den Kulissen l\u00e4uft!<\/a>\u00a0(4.10.2025)<\/li>\n<li><a href=\"https:\/\/www.freiburg-schwarzwald.de\/blog\/informiere-dich-medien-taeglich\/\">Informiere Dich: Medien t\u00e4glich<\/a>\u00a0(6.8.2025)<\/li>\n<li><a href=\"https:\/\/www.freiburg-schwarzwald.de\/blog\/kultur\/medien\/desinformation\/\">Falschinformationen von ARD und ZDF<\/a>\u00a0(25.7.2025)<\/li>\n<li><a href=\"https:\/\/www.freiburg-schwarzwald.de\/blog\/kultur\/medien\/meinungsfreiheit\/nostr\/\">Nostr &amp; Bitcoin: Die Werkzeuge der Selbsterm\u00e4chtigung \u2013 Luther<\/a> (23.7.2025)<\/li>\n<li><a href=\"https:\/\/www.freiburg-schwarzwald.de\/blog\/diskussionskultur-guerot-hoecke\/\">Diskussionskultur: Gu\u00e9rot und H\u00f6cke<\/a>\u00a0(15.7.2025)<\/li>\n<li><a href=\"https:\/\/www.freiburg-schwarzwald.de\/blog\/kultur\/medien\/meinungsfreiheit\/nostr\/\">Zensurresistente Plattformen auf Nostr mit Pareto<\/a>\u00a0(9.3.2025)<\/li>\n<li><a href=\"https:\/\/www.freiburg-schwarzwald.de\/blog\/engagement\/bequemlichkeit\/passiv\/\">Alle warten \u2013 aber worauf?<\/a>\u00a0(1.7.2025)<\/li>\n<li><a href=\"https:\/\/www.freiburg-schwarzwald.de\/blog\/kultur\/medien\/journalismus\/ruthenberg-medien\/\">Katharina Schmieder vom SWR als \u201eCritical_Cat\u201c zu X<\/a>\u00a0(23.5.2025)<\/li>\n<li>F\u00fcreinander Hier e.V. in St. Peter (5.5.2025)<\/li>\n<li>Der Hochschwarzwald hat jetzt ein digitales Unterst\u00fctzerportal (6.4.2025)<\/li>\n<li><a href=\"https:\/\/www.freiburg-schwarzwald.de\/blog\/kultur\/medien\/alternative-medien\/polit-blog\/\">Publico von Alexander Wendt \u2013 freies Medium ohne Staatsgeld<\/a>\u00a0(1.1.2025)<\/li>\n<li><a href=\"https:\/\/www.freiburg-schwarzwald.de\/blog\/global\/globalisierung\/wef\/\">Alternativ-WEF in Prag vs WEF in Davos<\/a>\u00a0(23.12.2024)<\/li>\n<li><a href=\"https:\/\/www.freiburg-schwarzwald.de\/blog\/trusted-flagger-respect-zensur\/\">Trusted Flagger: REspect Zensur<\/a>\u00a0(13.10.2024)<\/li>\n<li><a href=\"https:\/\/www.freiburg-schwarzwald.de\/blog\/polit-bloggerin-anabel-schunke\/\">Polit-Bloggerin Anabel Schunke<\/a>\u00a0(1.9.2024)<\/li>\n<li><a href=\"https:\/\/www.freiburg-schwarzwald.de\/blog\/kultur\/medien\/alternative-medien\/\">Droht eine Gesinnungssteuer f\u00fcr alternative Medien?<\/a> (3.9.2024)<\/li>\n<li>Pressefreiheit gilt auch f\u00fcr den B\u00fcrgerjournalismus (15.8.2024)<\/li>\n<li><a href=\"https:\/\/www.freiburg-schwarzwald.de\/blog\/einen-tag-mal-freie-medien\/\">Einen Tag mal freie Medien<\/a> (29.11.2022)<\/li>\n<li><\/li>\n<li><a href=\"https:\/\/www.freiburg-schwarzwald.de\/blog\/kultur\/medien\/alternative-medien\/\">Alternative-Medien<\/a><\/li>\n<\/ul>\n<ul>\n<li><a href=\"https:\/\/www.freiburg-schwarzwald.de\/blog\/engagement\/buerger\/\">B\u00fcrger<\/a><\/li>\n<li><a title=\"Diskussionskultur\" href=\"https:\/\/www.freiburg-schwarzwald.de\/blog\/kultur\/medien\/diskussionskultur\/\">Diskussionskultur<\/a><\/li>\n<li><a href=\"https:\/\/www.freiburg-schwarzwald.de\/blog\/kultur\/medien\/informiere-dich\/\">Informiere-dich<\/a><\/li>\n<li><a href=\"https:\/\/www.freiburg-schwarzwald.de\/blog\/kultur\/medien\/journalismus\/journalismus-wende\/\">Journalismus-Wende<\/a><\/li>\n<li><a href=\"https:\/\/www.freiburg-schwarzwald.de\/blog\/kultur\/medien\/konservative-medien\/\">Konservative-Medien<\/a><\/li>\n<li><a href=\"https:\/\/www.freiburg-schwarzwald.de\/blog\/kultur\/medien\/journalismus\/matuschek\/\">Matuschek<\/a><\/li>\n<li><a title=\"Medienvielfalt\" href=\"https:\/\/www.freiburg-schwarzwald.de\/blog\/kultur\/medien\/medienvielfalt\/\">Medienvielfalt<\/a><\/li>\n<li><a href=\"https:\/\/www.freiburg-schwarzwald.de\/blog\/kultur\/medien\/meinungsfreiheit\/meinungsdelikte\/\">Meinungsdelikte<\/a><\/li>\n<li><a href=\"https:\/\/www.freiburg-schwarzwald.de\/blog\/kultur\/medien\/neue-medien\/\">Neue Medien<\/a><\/li>\n<li><a href=\"https:\/\/www.freiburg-schwarzwald.de\/blog\/kultur\/medien\/meinungsfreiheit\/nostr\/\">Nostr<\/a><\/li>\n<li><a href=\"https:\/\/www.freiburg-schwarzwald.de\/blog\/engagement\/bequemlichkeit\/passiv\/\">passiv<\/a><\/li>\n<li><a href=\"https:\/\/www.freiburg-schwarzwald.de\/blog\/kultur\/medien\/alternative-medien\/polit-blog\/\">Polit-Blog<\/a><\/li>\n<li><a href=\"https:\/\/www.freiburg-schwarzwald.de\/blog\/kultur\/medien\/pressefreiheit\/\">Pressefreiheit<\/a><\/li>\n<li><a href=\"https:\/\/www.freiburg-schwarzwald.de\/blog\/kultur\/medien\/journalismus\/recherche\/\">Recherche<\/a><\/li>\n<li><a href=\"https:\/\/www.freiburg-schwarzwald.de\/blog\/kultur\/medien\/rundfunk\/\">Rundfunk-Geb\u00fchren<\/a><\/li>\n<li><a href=\"https:\/\/www.freiburg-schwarzwald.de\/blog\/kultur\/medien\/zensur\/sprechverbot\/\">Sprechverbot<\/a><\/li>\n<li><a href=\"https:\/\/www.freiburg-schwarzwald.de\/blog\/engagement\/zukunft\/demokratie\/tabu\/\">Tabu<\/a><\/li>\n<li><a href=\"https:\/\/www.freiburg-schwarzwald.de\/blog\/kultur\/medien\/vierte-gewalt\/\">Vierte-Gewalt<\/a><\/li>\n<\/ul>\n<p>&nbsp;<\/p>\n<p><strong>F\u00fcreinander Hier e.V. in St. Peter<\/strong><br \/>\nUnser Verein F\u00fcreinander Hier e.V. ist aus einem gemeinschaftlichen B\u00fcrger-Engagement in <a href=\"https:\/\/www.freiburg-schwarzwald.de\/blog\/regio\/orte\/stpeter\/\">St. Peter<\/a> entstanden. Uns geht es um die F\u00f6rderung eines guten d\u00f6rflichen Zusammenlebens. Der Verein tr\u00e4gt dazu bei, dass lokal und regional erzeugte Produkte angeboten, wahrgenommen und konsumiert werden k\u00f6nnen. Er unterst\u00fctzt die Anbieter, eine lokale Vernetzung und den Gemeinschaftssinn. Aus der Kraft der Gemeinschaft finden wir L\u00f6sungen f\u00fcr die Themen unserer Zeit.<br \/>\nMiteinander \u2013 F\u00fcreinander \u2013 Regional \u2013 Sei dabei!<br \/>\n<a href=\"https:\/\/fuereinanderhier.de\/\">https:\/\/fuereinanderhier.de\/<\/a>, <a href=\"mailto:info@fuereinanderhier.de\">info@fuereinanderhier.de<\/a><br \/>\nCommunity:<br \/>\n<a href=\"https:\/\/herzlicht.fuereinanderhier.de\/user\/auth\/login\">https:\/\/herzlicht.fuereinanderhier.de\/user\/auth\/login<\/a><\/p>\n<p>Hotel und Restaurant Sonne in St. Peter<br \/>\nmit Laden &#8222;Heimatland&#8220;<br \/>\nHausgemachtes, Bio-K\u00e4se, Honig, Schnaps, Backwaren<br \/>\n<a href=\"https:\/\/www.sonne-schwarzwald.de\">https:\/\/www.sonne-schwarzwald.de<\/a><\/p>\n<p>.<\/p>\n<p><strong>Der Hochschwarzwald hat jetzt ein digitales Unterst\u00fctzerportal<\/strong><br \/>\nChristoph Boldt lebt dort (in <a href=\"https:\/\/www.freiburg-schwarzwald.de\/blog\/regio\/orte\/stpeter\/\">St.Peter<\/a>) im Au\u00dfenbereich auf dem Hausberg Kandel in einem Nebengeb\u00e4ude eines Hofs. Er arbeitete 20 Jahre lang als Krankenpfleger, absolvierte eine Umschulung zum Kaufmann im Gesundheitswesen und fand eine Anstellung in der Verwaltung der Chirurgie der Uniklinik in Freiburg. Dabei entwickelte er sich zum EDV-Spezialisten und Webdesigner.<br \/>\nSeither betreibt er freiberuflich eine Webdesign-Agentur von zu Hause aus und leitet als EDV-Dozent Kurse bei Bildungseinrichtungen. Und au\u00dferdem macht er sich Gedanken \u00fcber die Vereinzelung der Menschen in der heutigen Gesellschaft, insbesondere auf dem Land. Schon vor einiger Zeit hat er versucht, in St. Peter eine digitale Tauschb\u00f6rse einzurichten.<br \/>\nDabei ging es nicht nur um Gegenst\u00e4nde, Maschinen oder Werkzeuge. Auch Hilfeleistungen, Talente und Mitfahrgelegenheiten konnten angeboten oder gesucht werden. F\u00fcr Boldt entscheidend war, dass alles vollkommen bargeldlos und im Sinne des solidarischen Teilens und Tauschens ablaufen und dadurch die Kommunikation im Dorf gef\u00f6rdert werden sollte. Allerdings: So richtig kam seine Initiative bisher nicht in Schwung.<br \/>\n&#8230; Alles vom 6.4.2025 von Erich Krieger bitte lesen auf<br \/>\n<a href=\"https:\/\/www.badische-zeitung.de\/der-hochschwarzwald-hat-jetzt-ein-digitales-unterstuetzerportal\">https:\/\/www.badische-zeitung.de\/der-hochschwarzwald-hat-jetzt-ein-digitales-unterstuetzerportal<\/a><br \/>\n<a href=\"https:\/\/www.schwarzwald-netzwerk.de\">https:\/\/www.schwarzwald-netzwerk.de<\/a><\/p>\n<p>.<\/p>\n<p><strong>Pressefreiheit gilt auch f\u00fcr den B\u00fcrgerjournalismus<\/strong><br \/>\nWas der DJV gro\u00dfenteils unter <a href=\"https:\/\/www.freiburg-schwarzwald.de\/blog\/kultur\/medien\/pressefreiheit\/\">Pressefreiheit<\/a> versteht kann man auf dessen Webseiten nachlesen, insbesondere hinsichtlich der Vergabe des Presseausweises, was Zugang oder Ausschluss von dem entspricht, was Presse eigentlich ausmacht. Dazu geh\u00f6ren ja nicht nur die derweil monopolartigen Verlage mit ihrer gebietsweise monopolartigen Meinungsf\u00fchrerschaft, sondern nach der Definition z.B. auch B\u00fcrgerjournalismus, was sich gro\u00dfenteils in (unabh\u00e4ngigen) Blogs niederschl\u00e4gt.<\/p>\n<p>Frei und ungehindert berichten zu d\u00fcrfen, das ist eigentlich Pressefreiheit. Das ist nicht das Recht, sich m\u00f6glicher Konkurrenz zu entledigen und sich ungeniert die Tasche vollmachen zu d\u00fcrfen! Wie aber ist die Wirklichkeit, wenn man veranstalterseitig pauschal, auch auf Betreiben der Presse, Blogger von jeglicher Zulassung ausschlie\u00dft? Da zeigt sich was man darunter versteht! Wie was das denn wenn es da heisst, Zulassung erhalten nur gewerbliche Bewerber? Damit sind alle, die es nicht des Geldes wegen machen, ausgeschlossen, wie bei vielen Sportveranstaltungen! Ist das Pressefreiheit? Nein, das kommt einem Meinungsmonopol gleich! Dass es auch anders geht zeigen inzwischen andere Veranstaltungen, die an einer m\u00f6glichst breiten Berichterstattung ein Eigeninteresse haben, weil sie erkannt haben dass es ihnen hilft. Wer Pressefreiheit als Freiheit zum Geldverdienen versteht hat etwas anderes nicht verstanden! Das ist, was der &#8222;etablierten&#8220; Presse oft genug vorzuhalten ist.<br \/>\n15.8.2023, Thomas Laut<\/p>\n","protected":false},"excerpt":{"rendered":"<p>Home\u00a0&gt;Kultur\u00a0&gt;Medien\u00a0&gt;Journalismus\u00a0&gt;Haltungsjournalismus &gt;B\u00fcrgerjournalismus &nbsp; Listenauswahl eines Beitrags (Artikel\/Datum, Seite\/Inhalt): Klicken oder scrollen Asymetrie: Beh\u00f6rden und NGOs gegen einzelne B\u00fcrger wie Alexander Wallasch\u00a0(23.1.2026) Anabel Schunke: Der Staat ist machtlos \u2013 weil er machtlos sein WILL (6.1.2026) Ex-Mainstream Journalist Milosz Matuschek packt aus: &hellip; <a href=\"https:\/\/www.freiburg-schwarzwald.de\/blog\/kultur\/medien\/journalismus\/buergerjournalismus\/\">Weiterlesen <span class=\"meta-nav\">&rarr;<\/span><\/a><\/p>\n","protected":false},"author":2,"featured_media":0,"parent":68087,"menu_order":0,"comment_status":"closed","ping_status":"closed","template":"","meta":{"footnotes":""},"class_list":["post-126218","page","type-page","status-publish","hentry"],"_links":{"self":[{"href":"https:\/\/www.freiburg-schwarzwald.de\/blog\/wp-json\/wp\/v2\/pages\/126218","targetHints":{"allow":["GET"]}}],"collection":[{"href":"https:\/\/www.freiburg-schwarzwald.de\/blog\/wp-json\/wp\/v2\/pages"}],"about":[{"href":"https:\/\/www.freiburg-schwarzwald.de\/blog\/wp-json\/wp\/v2\/types\/page"}],"author":[{"embeddable":true,"href":"https:\/\/www.freiburg-schwarzwald.de\/blog\/wp-json\/wp\/v2\/users\/2"}],"replies":[{"embeddable":true,"href":"https:\/\/www.freiburg-schwarzwald.de\/blog\/wp-json\/wp\/v2\/comments?post=126218"}],"version-history":[{"count":6,"href":"https:\/\/www.freiburg-schwarzwald.de\/blog\/wp-json\/wp\/v2\/pages\/126218\/revisions"}],"predecessor-version":[{"id":144692,"href":"https:\/\/www.freiburg-schwarzwald.de\/blog\/wp-json\/wp\/v2\/pages\/126218\/revisions\/144692"}],"up":[{"embeddable":true,"href":"https:\/\/www.freiburg-schwarzwald.de\/blog\/wp-json\/wp\/v2\/pages\/68087"}],"wp:attachment":[{"href":"https:\/\/www.freiburg-schwarzwald.de\/blog\/wp-json\/wp\/v2\/media?parent=126218"}],"curies":[{"name":"wp","href":"https:\/\/api.w.org\/{rel}","templated":true}]}}