{"id":126000,"date":"2024-08-07T11:02:01","date_gmt":"2024-08-07T09:02:01","guid":{"rendered":"https:\/\/www.freiburg-schwarzwald.de\/blog\/?page_id=126000"},"modified":"2026-04-17T11:17:17","modified_gmt":"2026-04-17T09:17:17","slug":"islamogauchisme","status":"publish","type":"page","link":"https:\/\/www.freiburg-schwarzwald.de\/blog\/engagement\/zukunft\/demokratie\/islamogauchisme\/","title":{"rendered":"IslamoGauchisme"},"content":{"rendered":"<p><a href=\"https:\/\/freiburg-schwarzwald.de\/blog\">Home<\/a>\u00a0&gt;<a title=\"Engagement\" href=\"https:\/\/www.freiburg-schwarzwald.de\/blog\/engagement\/\">Engagement<\/a>\u00a0&gt;<a title=\"Zukunft\" href=\"https:\/\/www.freiburg-schwarzwald.de\/blog\/engagement\/zukunft\/\">Zukunft<\/a>\u00a0&gt;<a title=\"Demokratie\" href=\"https:\/\/www.freiburg-schwarzwald.de\/blog\/engagement\/zukunft\/demokratie\/\">Demokratie<\/a> &gt;<a href=\"https:\/\/www.freiburg-schwarzwald.de\/blog\/engagement\/zukunft\/demokratie\/links\/\">Links<\/a> &gt;<a href=\"https:\/\/www.freiburg-schwarzwald.de\/blog\/religion\/islam\/islamismus\/\">Islamismus<\/a> &gt;IslamoGauchisme<\/p>\n<div id=\"attachment_117060\" style=\"width: 650px\" class=\"wp-caption alignnone\"><a href=\"https:\/\/www.freiburg-schwarzwald.de\/blog\/wp-content\/uploads\/2023\/11\/Neptunbrunnen-berlin-pan231105.jpg\"><img loading=\"lazy\" decoding=\"async\" aria-describedby=\"caption-attachment-117060\" class=\"size-full wp-image-117060\" src=\"https:\/\/www.freiburg-schwarzwald.de\/blog\/wp-content\/uploads\/2023\/11\/Neptunbrunnen-berlin-pan231105.jpg\" alt=\"\" width=\"640\" height=\"373\" srcset=\"https:\/\/www.freiburg-schwarzwald.de\/blog\/wp-content\/uploads\/2023\/11\/Neptunbrunnen-berlin-pan231105.jpg 640w, https:\/\/www.freiburg-schwarzwald.de\/blog\/wp-content\/uploads\/2023\/11\/Neptunbrunnen-berlin-pan231105-180x105.jpg 180w\" sizes=\"auto, (max-width: 640px) 100vw, 640px\" \/><\/a><p id=\"caption-attachment-117060\" class=\"wp-caption-text\">Neptunbrunnen in Berlin 5.11.2023: Es geht um Judenhass und Antisemitismus<\/p><\/div>\n<ul>\n<li><em>Listenauswahl eines Beitrags (Artikel\/Datum, Seite\/Inhalt): <span style=\"text-decoration: underline;\">Klicken<\/span> oder scrollen\u00a0<\/em><\/li>\n<li><a href=\"https:\/\/www.freiburg-schwarzwald.de\/blog\/global\/deutschland\/deutschland-islam\/\">Warum die Islamisierung eine extreme Gefahr f\u00fcr Deutschland ist<\/a>\u00a0(15.4.2026)<\/li>\n<li><a href=\"https:\/\/www.freiburg-schwarzwald.de\/blog\/christen-ostern-bis-pfingsten\/\">Christen: Ostern bis Pfingsten<\/a>\u00a0(2.4.2026)<\/li>\n<li><a href=\"https:\/\/www.freiburg-schwarzwald.de\/blog\/engagement\/zukunft\/demokratie\/sozialismus\/kulturmarxismus\/\">Kulturmarxismus \u2013 Kampfbegriff gegen Religion, Nation und Familie<\/a>\u00a0(29.3.2026)<\/li>\n<li><a href=\"https:\/\/www.freiburg-schwarzwald.de\/blog\/global\/iran\/iran2026\/\">Bettina R\u00f6hl: Gr\u00f6\u00dfter Feind des Irans ist unsere Besserwisser-Westlinke<\/a>\u00a0(15.3.2026)<\/li>\n<li>Islamogauchisme: Der Islam wird die Linke ausl\u00f6schen (28.2.2026)<\/li>\n<li><a href=\"https:\/\/www.freiburg-schwarzwald.de\/blog\/free-iran-ein-deutsches-tabu\/\">\u201eFree Iran\u201c \u2013 ein deutsches Tabu<\/a>\u00a0(15.1.2026)<\/li>\n<li><a href=\"https:\/\/www.freiburg-schwarzwald.de\/blog\/engagement\/zukunft\/demokratie\/westen\/westen-suizid\/\">Samuel Huntingtons \u201eKampf der Kulturen\u201c : Ukrainekrieg, Gaza, islamisierung<\/a> (20.10.2025)<\/li>\n<li><a href=\"https:\/\/www.freiburg-schwarzwald.de\/blog\/engagement\/zukunft\/demokratie\/westen\/westen-suizid\/\">Die intellektuelle Selbstzerst\u00f6rung des Westens: Woke-islamistische Allianz<\/a>\u00a0(17.10.2025)<\/li>\n<li><a href=\"https:\/\/www.freiburg-schwarzwald.de\/blog\/religion\/christen\/christlich-islamischer-dialog\/\">Frankfurter Forschungszentrum Globaler Islam FFGI von Susanne Schr\u00f6ter ist Geschichte<\/a>\u00a0(30.8.2025)<\/li>\n<li><a href=\"https:\/\/www.freiburg-schwarzwald.de\/blog\/global\/deutschland\/buergerkrieg\/\">David J. Betz: Hat in Westeuropa schon der B\u00fcrgerkrieg begonnen?<\/a>\u00a0(21.7.2025)<\/li>\n<li><a href=\"https:\/\/www.freiburg-schwarzwald.de\/blog\/christen-veraengstigt-wehrlos\/\">Christen: ver\u00e4ngstigt, wehrlos<\/a>\u00a0(17.7.2025)<\/li>\n<li>Linke und politischer Islam solidarisieren sich (3.7.2025)<\/li>\n<li>Alexander Wendt: Raubsozialismus mit Prophetengr\u00fcn (30.6.2025)<\/li>\n<li>Linke &amp; Islamisten. Die untersch\u00e4tzte Allianz gegen das freie Deutschland (26.5.2025)<\/li>\n<li>Wenn die Feinde der Freiheit gemeinsame Sache machen (25,5,2025)<\/li>\n<li>Islamisten und Linksextreme verb\u00fcnden sich &#8211; Verfassungsschutz warnt (21.5.2025)<\/li>\n<li><a href=\"https:\/\/www.freiburg-schwarzwald.de\/blog\/signale-southport-und-berlin\/\">Signale von Southport 29.6.2024 und Berlin 3.8.2024<\/a>\u00a0(8.8.2024)<\/li>\n<li><a href=\"https:\/\/www.freiburg-schwarzwald.de\/blog\/global\/deutschland\/deutschland-islam\/\">Wie die politische Vernunft in Europa vor dem Islam versagt<\/a> (4.8.2024)<\/li>\n<li><a href=\"https:\/\/www.freiburg-schwarzwald.de\/blog\/global\/deutschland\/deutschland-hamas\/\">Ein Linker kann nie ein Hamas-Unterst\u00fctzer sein<\/a>\u00a0(28.12.2023)<\/li>\n<li><a href=\"https:\/\/www.freiburg-schwarzwald.de\/blog\/kultur\/kulturkampf\/\">Frank Furedi: \u201eDer Kulturkampf ist real\u201c<\/a> (1.6.2021)<\/li>\n<li><\/li>\n<li><a href=\"https:\/\/www.freiburg-schwarzwald.de\/blog\/global\/deutschland\/deutschland-islam\/\">Deutschland-Islam<\/a><\/li>\n<li><a href=\"https:\/\/www.freiburg-schwarzwald.de\/blog\/global\/eu\/europa\/europa-kulturkreis\/\">Europa-Kulturkreis<\/a><\/li>\n<li><a href=\"https:\/\/www.freiburg-schwarzwald.de\/blog\/global\/france\/frankreich2022\/\">Frankreich2022<\/a><\/li>\n<li><a href=\"https:\/\/www.freiburg-schwarzwald.de\/blog\/global\/france\/frankreich-islam\/\">Frankreich-Islam<\/a><\/li>\n<li><a href=\"https:\/\/www.freiburg-schwarzwald.de\/blog\/religion\/islam\/islam-antisemitismus\/\">Islam-Antisemitismus<\/a><\/li>\n<li><a href=\"https:\/\/www.freiburg-schwarzwald.de\/blog\/religion\/islam\/islamisierung\/\">Islamisierung<\/a><\/li>\n<li><a href=\"https:\/\/www.freiburg-schwarzwald.de\/blog\/religion\/islam\/islamismus\/\">Islamismus<\/a><\/li>\n<li><a href=\"https:\/\/www.freiburg-schwarzwald.de\/blog\/religion\/islam\/islamkritik\/\">Islamkritik<\/a><\/li>\n<li><a href=\"https:\/\/www.freiburg-schwarzwald.de\/blog\/religion\/islam\/islam-politik\/\">Islam-Politik<\/a><\/li>\n<li><a href=\"https:\/\/www.freiburg-schwarzwald.de\/blog\/kultur\/medien\/kritik\/\">Kritik<\/a><\/li>\n<li><a href=\"https:\/\/www.freiburg-schwarzwald.de\/blog\/kultur\/kulturkampf\/\">Kulturkampf<\/a><\/li>\n<li><a href=\"https:\/\/www.freiburg-schwarzwald.de\/blog\/engagement\/zukunft\/demokratie\/sozialismus\/kulturmarxismus\/\">Kulturmarxismus<\/a><\/li>\n<li><a href=\"https:\/\/www.freiburg-schwarzwald.de\/blog\/engagement\/zukunft\/demokratie\/extremismus\/linksextremismus\/\">Linksextremismus<\/a><\/li>\n<li><a href=\"https:\/\/www.freiburg-schwarzwald.de\/blog\/religion\/juden\/links-antisemitismus\/\">Links-Antisemitismus<\/a><\/li>\n<li><a href=\"https:\/\/www.freiburg-schwarzwald.de\/blog\/engagement\/zukunft\/demokratie\/westen\/westen-suizid\/\">Westen-Suizid<\/a><\/li>\n<\/ul>\n<p>&nbsp;<\/p>\n<p><strong>Islamogauchisme (deutsch: Islam-Linke)<\/strong> steht als Schlagwort f\u00fcr die ideologische Verbindung von Islamismus (politischer Islam) und Linken. Der aus Frankreich stammende Begriff gilt heute ebenso f\u00fcr England (Rotherham, <a href=\"https:\/\/www.freiburg-schwarzwald.de\/blog\/southport-29-6-24-messermorde\/\">Southport<\/a>) wie Deutschland (islam-linker <a href=\"https:\/\/www.freiburg-schwarzwald.de\/blog\/religion\/juden\/antisemitismus\/\">Antisemitismus<\/a>).<br \/>\nSpaltung der europ\u00e4ischen Staaten: Islamogauchisme versus Konservative &#8211;<br \/>\ngem\u00e4\u00df dem US-Vorbild Demokaten versus Republikaner.<br \/>\n.<br \/>\n<strong>Kritik am IslamoGauchisme<\/strong> beinhaltet Kritik am Islam wie auch an der politisch Linken. Dabei richtet sich &#8222;Islamkritik&#8220; nicht gegen die zahlreichen bei uns lebenden Muslime, die hier friedlich leben und arbeiten und dabei einem gem\u00e4\u00dfigten Islam nachgehen. Sondern gegen den politischen Islam bzw. <a href=\"https:\/\/www.freiburg-schwarzwald.de\/blog\/religion\/islam\/islamismus\/\">Islamismus<\/a>. Sie kritisiert nicht die Mitb\u00fcrger mit Migrationshintergrund, sondern ideologische Machtstrukturen eines Systems, das Koran und Scharia bzw. Religion und Rechtssystem als starre Einheit in Deutschland durchsetzen will.<br \/>\nDiese Islamkritik als Religionskritik basiert auf dem Grundgesetz, das seit 1949 gilt und in Artikel 5 das Recht auf freie Meinungs\u00e4u\u00dferung sowie in Artikel 20 Absatz 4 das Widerstandsrecht gegen verfassungswidrige Entwicklungen sch\u00fctzt.<br \/>\n=============================================================<br \/>\n.<br \/>\n.<br \/>\n<strong>Islamogauchisme: Der Islam wird die Linke ausl\u00f6schen<\/strong><br \/>\nDie absonderliche Allianz aus politischem Islam und europ\u00e4ischer Linker, die Pierre-Andr\u00e9 Taguieff auf den Begriff Islamogauchisme gebracht hat, kann man schon seit einigen S\u00fcndenj\u00e4hrchen bei den noch weiter islamisierten westeurop\u00e4ischen Nachbarn beobachten, zum Beispiel in der englischen Labour-Partei oder in Gestalt der sich kurioserweise La France insoumise nennenden linksextremen Truppe von Jean-Luc M\u00e9lenchon. Dass die Internationalsozialisten der Linkspartei dabei mitttun, ist so absto\u00dfend wie kaum \u00fcberraschend.<br \/>\nNat\u00fcrlich wird auch dieses revolution\u00e4re Subjekt die Linke wieder entt\u00e4uschen, verraten und am Ende bek\u00e4mpfen \u2013 die iranischen Linken, die Chomeini gegen den Schah unterst\u00fctzten, haben es bereits erlebt \u2013, doch diesmal besteht die gute Gelegenheit, dass es sie ausl\u00f6scht.<br \/>\n&#8230; Alles vom 28.2.2026 von Michael Klonovsky bitte lesen auf<br \/>\n<a href=\"https:\/\/www.klonovsky.de\/2026\/02\/28-februar-2026\/\">https:\/\/www.klonovsky.de\/2026\/02\/28-februar-2026\/<\/a><\/p>\n<p><strong>Linke und politischer Islam solidarisieren sich<\/strong><br \/>\nWie und warum die aktuelle Linke sich mit dem politischen Islam solidarisiert bzw. zusammentut (bis der sie am Ende abtut, notfalls mit Kehlschnitt), hat zuletzt Alexander Wendt in einem trefflichen Text auf seiner Webseite Publico beschrieben.<br \/>\n<a href=\"https:\/\/www.publicomag.com\/2025\/06\/die-neue-brachiallinke-und-ihr-angebot-raubsozialismus-plus-prophetengruen\/\">https:\/\/www.publicomag.com\/2025\/06\/die-neue-brachiallinke-und-ihr-angebot-raubsozialismus-plus-prophetengruen\/<\/a><br \/>\nNat\u00fcrlich bedient sich hier jede Seite wechselseitig der anderen, doch man muss ziemlich dumm sein, um nicht extrapolieren zu k\u00f6nnen, wer am Ende derjenige sein wird, der die Oberhand beh\u00e4lt und sich des anderen entledigt. Freilich neigen viele Linke in ihrer schrecklichen Neidwut auf das Sch\u00f6ne, Funktionierende und Gelungene dazu, die westliche Zivilisation so sehr zu hassen, dass sie f\u00fcr deren Zerst\u00f6rung ihre eigene Vernichtung mit in den Kauf n\u00e4hmen.<br \/>\nZur gleichnishaften Beschreibung dieser mentalen Konstitution kommt mir ein mittelm\u00e4\u00dfig guter und schon etwas alter Witz in den Sinn:<br \/>\nEin Amerikaner, ein Russe und ein Ostfriese fallen Kannibalen in die H\u00e4nde. Die Kannibalen sind gro\u00dfz\u00fcgig und gew\u00e4hren jedem der drei einen letzten Wunsch, bevor er geschlachtet wird. Der Amerikaner w\u00fcnscht sich einen Bourbon und bekommt ihn; dann erschlagen sie ihn, ziehen ihm die Haut ab, werfen das Fleisch in den Topf und machen aus der Haut ein Schlauchboot. Danach kommt der Russe an die Reihe, w\u00fcnscht sich eine Wodka (Wodka ist weiblich), bekommt sie; dann erschlagen sie ihn, ziehen ihm die Haut ab, werfen das Fleisch in den Topf und machen aus der Haut ein Schlauchboot. Zuletzt ist der Ostfriese an der Reihe. Der w\u00fcnscht sich eine Gabel. Die Kannibalen wundern sich, geben ihm aber eine, woraufhin der Ostfriese sich mit der Gabel hektisch an allen m\u00f6glichen Stellen in den K\u00f6rper sticht und schreit: \u201eAus mir macht ihr kein Schlauchboot!\u201d<br \/>\nDieser Ostfriese ist praktisch der Linke.<br \/>\n&#8230; Alles vom 3.7.2025 von Michael Klonovsky bitte lesen auf<br \/>\n<a href=\"https:\/\/www.klonovsky.de\/2025\/07\/3-juli-2025\/\">https:\/\/www.klonovsky.de\/2025\/07\/3-juli-2025\/<\/a><\/p>\n<p>.<\/p>\n<p><strong>Alexander Wendt: Raubsozialismus mit Prophetengr\u00fcn<\/strong><br \/>\nDas, was vor allem westeurop\u00e4ischen L\u00e4ndern bevorsteht, l\u00e4sst sich also mit dem Begriff Raubsozialismus mit Prophetengr\u00fcn zusammenfassen. Das einschl\u00e4gige Erscheinungsbild sieht etwa so aus: <a href=\"https:\/\/x.com\/kroschel\/status\/1936871830083580199\">https:\/\/x.com\/kroschel\/status\/1936871830083580199<\/a><br \/>\nIn Frankreich ordnete sich die Linke entlang dieser Linie schon l\u00e4ngst neu. Die Allianz f\u00fchrt dort uneinholbar die islamolinke Partei von Jean-Luc M\u00e9lenchon an, der vor einiger Zeit in ein von ihm unbemerktes offenes Mikrofon die programmatischen S\u00e4tze sprach: Man solle die Arbeiter vergessen, die Zukunft liege bei den Jugendlichen in den Banlieues. Auch in Deutschland k\u00f6nnte sich eine Reichinnek-Ko\u00e7ak-Partei dauerhaft vor die Gr\u00fcnen und die SPD schieben, und zwar gerade deshalb, weil die beiden anderen sie so engagiert kopieren. Die meisten Stimmen landen erfahrungsgem\u00e4\u00df beim Original.<br \/>\nEine links-kleptokratisch-islamophile Herrschaft, mag mancher einwenden, k\u00f6nnte sich aber unm\u00f6glich \u00fcber l\u00e4ngere Zeit halten. Hoffentlich stellt sich das nicht als Irrtum heraus.<br \/>\nIn Venezuela klammert sich ein kleptokratisch-sozialistisches Regime sogar ohne islamgr\u00fcne Beigabe schon l\u00e4nger als 25 Jahre an die Macht, und es \u00fcberlebte bisher alles:<br \/>\nDen Tod der Gr\u00fcnderfigur Ch\u00e1vez, den Verfall des \u00d6lpreises, die Abwanderung von f\u00fcnf Millionen Landsleuten und 2024 sogar den Wahlsieg der Opposition, den der Regierungsapparat kurzerhand wegf\u00e4lschte. F\u00fcr den Machterhalt reichen drei Elemente: Eine Schicht wirklich privilegierter Funktion\u00e4re, etliche abh\u00e4ngige Kleinkleptokraten, die mitprofitieren \u2013 und die brutale Unterdr\u00fcckung der Opposition.<br \/>\nDiese Entwicklung l\u00e4sst sich in Westeuropa nur verhindern, wenn der Kapitalismus dort sein Aufstiegsversprechen wiederherstellt, am besten nach diesem Vorbild.<br \/>\n<a href=\"https:\/\/x.com\/UntergrundBonn\/status\/1937810451846566384\">https:\/\/x.com\/UntergrundBonn\/status\/1937810451846566384<\/a> (&#8222;ich bin v\u00f6llig entsetzt gewesen&#8220;, sagt Merz \u00fcber Lidners Milei-Vorsto\u00df&#8220;). Zugegeben nicht ganz einfach. Aber die Alternative nimmt jetzt konkrete Konturen an. Nein, es handelt sich nicht um eine Phase, die ohne gr\u00f6\u00dfere Spuren vorbeigeht.<br \/>\n&#8230; Alles vom 28.6.2025 von Alexander Wendt bitte lesen auf<br \/>\n<a href=\"https:\/\/www.publicomag.com\/2025\/06\/die-neue-brachiallinke-und-ihr-angebot-raubsozialismus-plus-prophetengruen\/\">https:\/\/www.publicomag.com\/2025\/06\/die-neue-brachiallinke-und-ihr-angebot-raubsozialismus-plus-prophetengruen\/<\/a><\/p>\n<p>.<\/p>\n<p><strong>Linke &amp; Islamisten. Die untersch\u00e4tzte Allianz gegen das freie Deutschland<\/strong><br \/>\nAchtung: Diese Analyse richtet sich nicht gegen Muslime, sondern gegen das Wirken des Islam in Deutschland. Sie kritisiert ideologische Machtstrukturen, nicht Menschen. Ihre Grundlage ist das Grundgesetz, das seit dem 24. Mai 1949 gilt, insbesondere Artikel 5, der das Recht auf freie Meinungs\u00e4u\u00dferung sch\u00fctzt, und Artikel 20 Absatz 4, der das Widerstandsrecht gegen verfassungswidrige Entwicklungen festschreibt.<br \/>\n.<br \/>\nIn unseren St\u00e4dten w\u00e4chst ein B\u00fcndnis heran, das unsere Ordnung unterwandert, nicht aus Gleichklang, sondern aus Kalk\u00fcl. Islamisten und Linke, zwei Lager, ein Ziel, die Abschaffung der Freiheit. Was auf den ersten Blick gegens\u00e4tzlich erscheint, offenbart sich bei n\u00e4herem Hinsehen als strategische Allianz gegen das freiheitliche Fundament Deutschlands.<br \/>\nDabei ist eines entscheidend festzuhalten. Den Islam kann man nicht trennen, nicht in religi\u00f6s und politisch, nicht in gem\u00e4\u00dfigt und radikal. Es gibt nur einen Islam. Und wer ihn ins Land holt, bekommt ihn als Gesamtpaket, mit Rechtsordnung, Gesellschaftsbild und Herrschaftsanspruch. &#8230; Der Islam duldet keine Trennung von Religion und Politik, er ist beides. Und genau deshalb ist der Islam in Deutschland nicht mit der freiheitlich-demokratischen Grundordnung vereinbar. Verb\u00e4nde, Parteien und Institutionen, die das verharmlosen, ignorieren oder aktiv unterst\u00fctzen, stehen nicht auf dem Boden der Verfassung. Sie untergraben sie. Nach ihrem eigenen Ma\u00dfstab sind sie die wahren Verfassungsfeinde.<\/p>\n<p>Der Sozialismus wiederum operiert im Namen der Gerechtigkeit, beansprucht Gleichheit, aber meint Gleichmacherei. Er will den B\u00fcrger umerziehen, den Markt kontrollieren, das Denken regulieren. Und wie der Islam duldet auch er keine echte Abweichung. Wer ausschert, ist verd\u00e4chtig. Wer widerspricht, wird bek\u00e4mpft. Beide Systeme sind in ihrem Wesen kollektivistisch. Der Sozialismus vertraut auf das Kollektiv der Klasse oder des Volkes, der Islam auf die Umma, die Gemeinschaft der Gl\u00e4ubigen. In beiden F\u00e4llen z\u00e4hlt nicht das Individuum, sondern die Gruppe. Das Eigenst\u00e4ndige, das Abweichende, das Freie wird untergeordnet oder ausgel\u00f6scht. Beide Ideologien stellen das Kollektiv \u00fcber das Individuum und damit gegen die freiheitliche Ordnung, die genau das Gegenteil verteidigt, n\u00e4mlich Selbstbestimmung, Eigentum, Meinungsfreiheit und Pluralit\u00e4t.<\/p>\n<p>Diese Allianz ist in den westlichen Gro\u00dfst\u00e4dten l\u00e4ngst sichtbar. Der Islam bildet dort abgeschottete Parallelstrukturen, w\u00e4hrend linke Kr\u00e4fte in Politik und Medien jede Kritik daran unterdr\u00fccken. Beide Seiten wissen, was sie aneinander haben. Der Islam bringt Masse, die Linke bringt Macht. Zwei verschiedene Teufel, die sich umarmen, jeder mit dem Blick auf den eigenen Vorteil. Und wenn die Zeit reif ist, wird einer dem anderen das Messer in den R\u00fccken rammen. Denn weder teilen sie dieselben Ideale, noch vertrauen sie einander wirklich. Sie sehen sich als Mittel zum Zweck, der eine nutzt den anderen, um seine Ordnung durchzusetzen. Die Linke hofiert den Islam, weil sie ihn als taktischen Verb\u00fcndeten gegen das konservative B\u00fcrgertum sieht. Der Islam nutzt die Linke, weil diese ihm Zugang zu Ressourcen, Rechtsfreir\u00e4umen und politischem Einfluss gew\u00e4hrt. In Deutschland ist diese gegenseitige Unterst\u00fctzung besonders tief. Parteien, NGOs, Gewerkschaften und Kirchen arbeiten mit islamischen Verb\u00e4nden zusammen, finanzieren integrationsfeindliche Projekte und verschweigen islamische Gewalt, aus Angst, W\u00e4hler zu verlieren oder rechte Narrative zu bedienen.<br \/>\nDiese ideologische Allianz ist l\u00e4ngst nicht nur eine kulturelle Erscheinung, sie ist auch politische Realit\u00e4t. Ein zentrales Beispiel daf\u00fcr ist die Verabschiedung des Global Compact for Migration, initiiert unter ma\u00dfgeblichem Einfluss linker und globalistischer Akteure und ratifiziert auch von der Bundesregierung. Dieser Pakt gilt offiziell als unverbindlich, doch seine politische Wirkung ist real.<br \/>\n&#8230;<br \/>\nWas hier entsteht, ist kein humanit\u00e4res Projekt, sondern ein systematischer Umbau der Gesellschaft, mit dem Ziel, nationale Identit\u00e4ten aufzul\u00f6sen und durch steuerbare, abh\u00e4ngige Bev\u00f6lkerungsgruppen zu ersetzen. Die Linke schafft die Infrastruktur, der Islam f\u00fcllt sie. Ein taktisches Gleichgewicht, ein Pakt auf Zeit. Beide wissen, dass nur einer \u00fcbrig bleibt.<br \/>\nDabei ist klar zu unterscheiden. Nicht jeder Muslim ist ein Islamvertreter. Viele leben friedlich, arbeiten hart, sind loyal. Doch der Islam als System ist eindeutig. Er kennt keine Trennung von Glauben und Macht. Und genau diese Struktur wird politisch missbraucht, von jenen, die unter dem Deckmantel der Toleranz die Aush\u00f6hlung der Freiheit betreiben.<br \/>\nWer den Islam als blo\u00dfe Religion behandelt, verkennt seine Struktur. Wer den Sozialismus als blo\u00dfes Umverteilungsmodell betrachtet, verkennt seine Strategie. Und wer ihre Allianz nicht erkennt, wird die Freiheit nicht verteidigen k\u00f6nnen.Was uns heute als Toleranz verkauft und permanent eingeimpft wird, ist in Wahrheit die Abschaffung des Selbsterhaltungstriebes. Ein stiller, kultivierter Suizid.<br \/>\n&#8230; Alles vom 26.5.2025 von Kevin E\u00dfer bitte lesen auf<br \/>\n<a href=\"https:\/\/x.com\/Kevin_Esser91\/status\/1925247339641405716\">https:\/\/x.com\/Kevin_Esser91\/status\/1925247339641405716<\/a><br \/>\n<a href=\"https:\/\/x.com\/Kevin_Esser91\/\">https:\/\/x.com\/Kevin_Esser91\/<\/a><\/p>\n<p>.<br \/>\n<strong>Wenn die Feinde der Freiheit gemeinsame Sache machen<\/strong><br \/>\nLinksextreme und Islamisten verb\u00fcnden sich \u2013 gegen alles, was unser Land einmal ausmachte.<br \/>\nEigentlich klingt es wie ein schlechter Witz: Ausgerechnet Linksextreme, die sich gerne als K\u00e4mpfer gegen \u201ereligi\u00f6sen Fundamentalismus\u201c inszenieren, machen gemeinsame Sache mit Islamisten, die Frauenrechte verachten, Homosexuelle verfolgen und Meinungsfreiheit nur f\u00fcr sich selbst gelten lassen. Doch was auf den ersten Blick paradox erscheint, ist in Wahrheit l\u00e4ngst ein eingespieltes B\u00fcndnis \u2013 gegen das, was sie beide zutiefst hassen: die offene Gesellschaft, den demokratischen Rechtsstaat, das freiheitliche Denken.<br \/>\n.. Alles vom 25.5.2025 bitte lesen auf<br \/>\n<a href=\"https:\/\/reitschuster.de\/post\/wenn-die-feinde-der-freiheit-gemeinsame-sache-machen\/\">https:\/\/reitschuster.de\/post\/wenn-die-feinde-der-freiheit-gemeinsame-sache-machen\/<\/a><br \/>\n.<br \/>\n.<br \/>\n<strong>Islamisten und Linksextreme verb\u00fcnden sich &#8211; Verfassungsschutz warnt<\/strong><br \/>\nDer Berliner Verfassungsschutz hat seinen neuen Bericht \u00fcber das vergangene Jahr ver\u00f6ffentlicht \u2013 und warnt vor einer gef\u00e4hrlichen Allianz zwischen Islamisten und Linksradikalen. Ihr gemeinsames Feindbild: Israel, Juden und Polizisten.<br \/>\n\u00dcber die Pal\u00e4stina-Demos seit dem Hamas-Angriff auf Israel am 7. Oktober 2023 hei\u00dft es, sie fungierten \u201eals Plattform f\u00fcr antisemitische und israelfeindliche Propaganda\u201c. Die Demos dienten dazu, \u201eden offenen Israelhass und Antisemitismus zu plausibilisieren und emotional zu befeuern\u201c.<br \/>\nDie Teilnehmer \u201esolidarisierten sich mit dem \u201apal\u00e4stinensischen Widerstand\u2018, der regelm\u00e4\u00dfig auch den bewaffneten Widerstand einschloss\u201c. So wurden Verbrechen der islamistischen Terror-Organisationen Hamas (Gaza) und Hisbollah (Libanon) sowie des iranischen Mullah-Regimes \u201everharmlost, oft gerechtfertigt und zuweilen sogar aus der Menge heraus bejubelt\u201c.<br \/>\nDer Kern der Szene in Berlin setze sich aus \u201everschiedenen B\u00fcndnissen mehrerer Gruppierungen aus dem Spektrum des auslandsbezogenen Extremismus sowie der islamistischen und Teilen der linksextremistischen Szene zusammen\u201c. Hei\u00dft: Ein B\u00fcndnis aus Islamisten und Linksextremisten.<br \/>\nAuch an Berliner Unis, wo immer wieder Israel-Hasser demonstrieren und randalieren, waren die \u201etreibenden Kr\u00e4fte (\u2026) organisierte dogmatische Linksextremisten und internationalistische Gruppierungen\u201c.<br \/>\n&#8230; Alles vom 21.5.2025 bitte lesen auf<br \/>\n<a href=\"https:\/\/www.bz-berlin.de\/berlin\/islamisten-linksextreme-verbuenden-sich\">https:\/\/www.bz-berlin.de\/berlin\/islamisten-linksextreme-verbuenden-sich<\/a><\/p>\n<p>&nbsp;<\/p>\n","protected":false},"excerpt":{"rendered":"<p>Home\u00a0&gt;Engagement\u00a0&gt;Zukunft\u00a0&gt;Demokratie &gt;Links &gt;Islamismus &gt;IslamoGauchisme Listenauswahl eines Beitrags (Artikel\/Datum, Seite\/Inhalt): Klicken oder scrollen\u00a0 Warum die Islamisierung eine extreme Gefahr f\u00fcr Deutschland ist\u00a0(15.4.2026) Christen: Ostern bis Pfingsten\u00a0(2.4.2026) Kulturmarxismus \u2013 Kampfbegriff gegen Religion, Nation und Familie\u00a0(29.3.2026) Bettina R\u00f6hl: Gr\u00f6\u00dfter Feind des Irans ist &hellip; <a href=\"https:\/\/www.freiburg-schwarzwald.de\/blog\/engagement\/zukunft\/demokratie\/islamogauchisme\/\">Weiterlesen <span class=\"meta-nav\">&rarr;<\/span><\/a><\/p>\n","protected":false},"author":2,"featured_media":0,"parent":21084,"menu_order":0,"comment_status":"closed","ping_status":"closed","template":"","meta":{"footnotes":""},"class_list":["post-126000","page","type-page","status-publish","hentry"],"_links":{"self":[{"href":"https:\/\/www.freiburg-schwarzwald.de\/blog\/wp-json\/wp\/v2\/pages\/126000","targetHints":{"allow":["GET"]}}],"collection":[{"href":"https:\/\/www.freiburg-schwarzwald.de\/blog\/wp-json\/wp\/v2\/pages"}],"about":[{"href":"https:\/\/www.freiburg-schwarzwald.de\/blog\/wp-json\/wp\/v2\/types\/page"}],"author":[{"embeddable":true,"href":"https:\/\/www.freiburg-schwarzwald.de\/blog\/wp-json\/wp\/v2\/users\/2"}],"replies":[{"embeddable":true,"href":"https:\/\/www.freiburg-schwarzwald.de\/blog\/wp-json\/wp\/v2\/comments?post=126000"}],"version-history":[{"count":6,"href":"https:\/\/www.freiburg-schwarzwald.de\/blog\/wp-json\/wp\/v2\/pages\/126000\/revisions"}],"predecessor-version":[{"id":147975,"href":"https:\/\/www.freiburg-schwarzwald.de\/blog\/wp-json\/wp\/v2\/pages\/126000\/revisions\/147975"}],"up":[{"embeddable":true,"href":"https:\/\/www.freiburg-schwarzwald.de\/blog\/wp-json\/wp\/v2\/pages\/21084"}],"wp:attachment":[{"href":"https:\/\/www.freiburg-schwarzwald.de\/blog\/wp-json\/wp\/v2\/media?parent=126000"}],"curies":[{"name":"wp","href":"https:\/\/api.w.org\/{rel}","templated":true}]}}