{"id":12586,"date":"2012-10-09T13:17:56","date_gmt":"2012-10-09T11:17:56","guid":{"rendered":"https:\/\/www.freiburg-schwarzwald.de\/blog\/?page_id=12586"},"modified":"2023-06-30T09:32:04","modified_gmt":"2023-06-30T07:32:04","slug":"badenova","status":"publish","type":"page","link":"https:\/\/www.freiburg-schwarzwald.de\/blog\/energie\/strom\/badenova\/","title":{"rendered":"badenova"},"content":{"rendered":"<p>Home &gt;<a title=\"Energie\" href=\"https:\/\/www.freiburg-schwarzwald.de\/blog\/energie\/\">Energie<\/a> &gt;<a title=\"Strom\" href=\"https:\/\/www.freiburg-schwarzwald.de\/blog\/energie\/strom\/\">Strom<\/a> &gt;badenova<\/p>\n<div id=\"attachment_12185\" style=\"width: 647px\" class=\"wp-caption alignnone\"><a href=\"https:\/\/www.freiburg-schwarzwald.de\/blog\/regio\/freiburg\/littenweiler\/schlossberg13littenweiler-pan21002\/\" rel=\"attachment wp-att-12185\"><img loading=\"lazy\" decoding=\"async\" aria-describedby=\"caption-attachment-12185\" class=\"size-full wp-image-12185\" title=\"schlossberg13littenweiler-pan21002\" src=\"https:\/\/www.freiburg-schwarzwald.de\/blog\/wp-content\/uploads\/2012\/04\/schlossberg13littenweiler-pan21002.jpg\" alt=\"\" width=\"637\" height=\"195\" srcset=\"https:\/\/www.freiburg-schwarzwald.de\/blog\/wp-content\/uploads\/2012\/04\/schlossberg13littenweiler-pan21002.jpg 637w, https:\/\/www.freiburg-schwarzwald.de\/blog\/wp-content\/uploads\/2012\/04\/schlossberg13littenweiler-pan21002-180x55.jpg 180w\" sizes=\"auto, (max-width: 637px) 100vw, 637px\" \/><\/a><p id=\"caption-attachment-12185\" class=\"wp-caption-text\">Blick vom Schlossberg nach Osten \u00fcber Littenweiler ins Dreisamtal hoch bis zum Hinterwaldkopf (hinten rechts) am 2.10.2012<\/p><\/div>\n<p>&nbsp;<\/p>\n<ul>\n<li><a href=\"https:\/\/www.freiburg-schwarzwald.de\/blog\/energie\/geothermie\/\">Wie die Badenova Geothermie im Markgr\u00e4flerland nutzen will<\/a> (10.5.2023)<\/li>\n<li><a title=\"Crowfunding\" href=\"https:\/\/www.freiburg-schwarzwald.de\/blog\/business\/crowfunding\/\">Schwarzwald-Crowd.de sammelt Geld f\u00fcr Vereine ein<\/a> (28.1.2020)<\/li>\n<li><a href=\"https:\/\/www.freiburg-schwarzwald.de\/blog\/engagement\/sparsamkeit\/\">Im Gewerbekanal soll der \u201ePlastikmensch\u201c aufr\u00fctteln \u2013 badenova<\/a>\u00a0(14.9.2018)<\/li>\n<li><a href=\"https:\/\/www.freiburg-schwarzwald.de\/blog\/brennstoffzelle-strom-waerme\/\">https:\/\/www.freiburg-schwarzwald.de\/blog\/brennstoffzelle-strom-waerme\/<\/a>\u00a0(26.4.2013)<\/li>\n<li><a href=\"https:\/\/www.freiburg-schwarzwald.de\/wyhl1.htm#Rolf B\u00f6hme: Wyhl - Oberrhein als Modellregion zur Energiewende der EU\">Rolf B\u00f6hme: Wyhl &#8211; Oberrhein als Modellregion zur Energiewende der EU<\/a> &gt;Wyhl1 (13.7.2011)<\/li>\n<li><a href=\"https:\/\/www.freiburg-schwarzwald.de\/littenweiler\/betzenhausen.htm#W\u00e4rme S\u00fcd West GmbH: Gr\u00fcndung von Badenova und Unm\u00fcssig\">W\u00e4rme S\u00fcd West GmbH: Gr\u00fcndung von Badenova und Unm\u00fcssig<\/a> &gt;Betzenhausen (30.11.10)<\/li>\n<li><a href=\"https:\/\/www.freiburg-schwarzwald.de\/geothermie.htm#Badenova plant Probebohrungen beim Rimsinger Ei\">Badenova plant Probebohrungen beim Rimsinger Ei<\/a> &gt;Geothermie (17.9.2009)<\/li>\n<li><a href=\"https:\/\/www.freiburg-schwarzwald.de\/elektroauto.htm#ISE und badenova starten Projekt Effiziente Mobilit\u00e4t\">ISE und badenova starten Projekt &#8222;Effiziente Mobilit\u00e4t&#8220;<\/a> &gt;Elektroauto (26.8.2009)<\/li>\n<li><a href=\"https:\/\/www.freiburg-schwarzwald.de\/wald5.htm#Thomas Rees aus Freiburg-Kappel - Waldmensch mit Tiefgang\">Thomas Rees aus Freiburg-Kappel &#8211; Waldmensch mit Tiefgang<\/a> &gt;Wald5 (3.7.2009)<\/li>\n<li><a href=\"https:\/\/www.freiburg-schwarzwald.de\/energiepolitik4.htm#Kommunen sollten die Th\u00fcga zur\u00fcckgewinnen\">Kommunen sollten die Th\u00fcga zur\u00fcckgewinnen<\/a> &gt;Energiepolitik4 (4.3.2009)<\/li>\n<li><a href=\"https:\/\/www.freiburg-schwarzwald.de\/freiburg4.htm#R\u00fcckkauf Badenova - Th\u00fcga \u00fcber einen B\u00fcrger-\u00d6koEnergie-Fonds\">R\u00fcckkauf Badenova &#8211; Th\u00fcga \u00fcber einen B\u00fcrger-\u00d6koEnergie-Fonds<\/a> &gt;Freiburg4 (1.12.2008)<\/li>\n<li><a href=\"https:\/\/www.freiburg-schwarzwald.de\/klima2.htm#Klima-Podcast von Freiburger Jugendlichen - 6 Sendungen geplant\">Klima-Podcast von Freiburger Jugendlichen &#8211; 6 Sendungen geplant<\/a> &gt;Klima2 (14.8.2008)<\/li>\n<li><a href=\"https:\/\/www.freiburg-schwarzwald.de\/muellheim1.htm#Stadtwerke M\u00fcllheim und Staufen: Badenova hat Nachsehen\">Stadtwerke M\u00fcllheim und Staufen: Badenova hat Nachsehen<\/a> &gt;Muellheim1 (26.4.2008)<\/li>\n<li><a href=\"https:\/\/www.freiburg-schwarzwald.de\/littenweiler\/solar3.htm#Solar-Baupflicht vorteilhaft: E-on zieht Stromgeld aus Regio ab\">Solar-Baupflicht vorteilhaft: E-on zieht Stromgeld aus Regio ab<\/a> &gt;Solar3 (25.3.2008)<\/li>\n<li><a href=\"https:\/\/www.freiburg-schwarzwald.de\/greencity.htm#Die gr\u00fcnen Leitideen zu Neubaugebieten und Energie fehlen\">Die gr\u00fcnen Leitideen zu Neubaugebieten und Energie fehlen<\/a> &gt;Greencity (3.3.2008)<\/li>\n<li><a href=\"https:\/\/www.freiburg-schwarzwald.de\/strom1.htm#Stromerzeugende Stirling-Heizungen gehen in Serie\">Stromerzeugende Stirling-Heizungen gehen in Serie<\/a> &gt;Strom1 (1.2.2008)<\/li>\n<li><a href=\"https:\/\/www.freiburg-schwarzwald.de\/strom.htm#EWS mit Projektidee: Badenova bald wieder in badische Hand\">EWS mit Projektidee: Badenova bald wieder in badische Hand?<\/a> &gt;Strom (21.12.2007)<\/li>\n<li><a href=\"https:\/\/www.freiburg-schwarzwald.de\/klima1.htm#Klimaschutz in Freiburg - Podiumsdiskussion im BZ-Haus\">Klimaschutz in Freiburg &#8211; Podiumsdiskussion im BZ-Haus<\/a> &gt;Klima1 (14.9.2007)<\/li>\n<li><a href=\"https:\/\/www.freiburg-schwarzwald.de\/littenweiler\/scfreiburg1.htm\">BZ-Ferienaktion: Solardach, W\u00e4rmekonzept und VIP-R\u00e4ume<\/a> &gt;SCFreiburg1 (3.8.2007)<\/li>\n<li><a href=\"https:\/\/www.freiburg-schwarzwald.de\/littenweiler\/solar2.htm#14 Gemeinden und Badenova installieren 4000 qm Solarmodule\">14 Gemeinden und Badenova installieren 4000 qm Solarmodule<\/a>\u00a0&gt;Solar2 (26.7.2006)<\/li>\n<li><a href=\"https:\/\/www.freiburg-schwarzwald.de\/klima.htm#Innovationsfonds Klima- und Wasserschutz der Badenova\">Innovationsfonds Klima- und Wasserschutz der Badenova<\/a>\u00a0&gt;Klima (26.7.2006)<\/li>\n<\/ul>\n<p>&nbsp;<\/p>\n<p><strong>badenova<\/strong><br \/>\nEnergieversorger, an dem die Stadt Freiburg mit 32,8% beteiligt ist<br \/>\n<a href=\"mailto:joerg.selinger@badenova.de\">joerg.selinger@badenova.de<\/a> , <a href=\"mailto:martin.barnsteiner@badenova.de\">martin.barnsteiner@badenova.de<\/a> , <a href=\"mailto:erich.moeck@badenova.de\">erich.moeck@badenova.de<br \/>\nMathias<\/a> Nilokay, Vorstandsmitglied, <a href=\"mailto:mathias.nikolay@badenova.de\">mathias.nikolay@badenova.de<\/a><br \/>\n<a href=\"https:\/\/www.badenova.de\/\">www.badenova.de<br \/>\nMeine<\/a> Energie, Kundenzeitschrift, <a href=\"mailto:robin.grey@badenova.de\">robin.grey@badenova.de<\/a><br \/>\n<a href=\"https:\/\/www.freiburg-schwarzwald.de\/littenweiler\/dreisamtal.htm#Wasserschutzgebiet Ebnet\">Trinkwasser f\u00fcr Freiburg vom Wasserschutzgebiet Ebnet<\/a> &gt;Dreisamtal<br \/>\n<a href=\"https:\/\/www.freiburg-schwarzwald.de\/littenweiler\/wasserschloessle.htm\">Wasserschl\u00f6ssle am Sternwald<\/a><br \/>\n<a href=\"https:\/\/www.freiburg-schwarzwald.de\/littenweiler\/dreisamtal.htm#Wasserkosten = Trinkwasser + Abwasser\">Wasserkosten = Trinkwasser + Abwasser<\/a> &gt;Dreisamtal<\/p>\n<p>&nbsp;<\/p>\n<p><strong>Strassenlaternen &#8211; Kaputte Laternen melden<\/strong><br \/>\nDas st\u00e4dtische Garten- und Tiefbauamt und der regionale Energieversorger Badenova bitten um Hinweise, wo es defekte Stra\u00dfenlaternen gibt, damit diese gerade jetzt \u2014 zu Beginn der &#8222;dunklen Jahreszeit&#8220; \u2014 repariert werden k\u00f6nnen. Im gesamten Stadtgebiet, so das Garten- und Tiefbauamt, komme es immer wieder zu Ausf\u00e4llen einzelner Leuchten aufgrund technischer M\u00e4ngel oder durch mutwillige Zerst\u00f6rung. Zwar unternehme Badenova regelm\u00e4\u00dfig Kontrollfahrten, wegen des gro\u00dfen Aufwandes k\u00f6nnten dabei aber nur die Hauptverkehrsstra\u00dfen abgefahren werden. Um die schnelle Reparatur ausgefallener Leuchten zu erm\u00f6glichen, sollen diese nach M\u00f6glichkeit direkt bei der Badenova-Leitstelle gemeldet werden. Dadurch k\u00f6nnten die Reparaturen stadtteilweise geb\u00fcndelt und somit kosteng\u00fcnstiger abgewickelt werden. Meldungen \u00fcber ausgefallene Leuchten erbittet die Leitstelle des Energieversorgers Badenova unter Tel 0761 \/ 279-2255 oder 01802 \/ 767767. <img loading=\"lazy\" decoding=\"async\" src=\"https:\/\/img.badische-zeitung.de\/leer.gif\" alt=\"\" width=\"1\" height=\"1\" border=\"0\" \/><br clear=\"all\" \/>Die Badenova f\u00f6rdert Sonnenkollektoren, Informationen unter\u00a0 oder [TEL] 0761\/ 279-2555.<\/p>\n<p>&nbsp;<\/p>\n<p>&nbsp;<\/p>\n<p>&nbsp;<\/p>\n","protected":false},"excerpt":{"rendered":"<p>Home &gt;Energie &gt;Strom &gt;badenova &nbsp; Wie die Badenova Geothermie im Markgr\u00e4flerland nutzen will (10.5.2023) Schwarzwald-Crowd.de sammelt Geld f\u00fcr Vereine ein (28.1.2020) Im Gewerbekanal soll der \u201ePlastikmensch\u201c aufr\u00fctteln \u2013 badenova\u00a0(14.9.2018) https:\/\/www.freiburg-schwarzwald.de\/blog\/brennstoffzelle-strom-waerme\/\u00a0(26.4.2013) Rolf B\u00f6hme: Wyhl &#8211; Oberrhein als Modellregion zur Energiewende der &hellip; <a href=\"https:\/\/www.freiburg-schwarzwald.de\/blog\/energie\/strom\/badenova\/\">Weiterlesen <span class=\"meta-nav\">&rarr;<\/span><\/a><\/p>\n","protected":false},"author":4,"featured_media":0,"parent":1476,"menu_order":0,"comment_status":"open","ping_status":"closed","template":"","meta":{"footnotes":""},"class_list":["post-12586","page","type-page","status-publish","hentry"],"_links":{"self":[{"href":"https:\/\/www.freiburg-schwarzwald.de\/blog\/wp-json\/wp\/v2\/pages\/12586","targetHints":{"allow":["GET"]}}],"collection":[{"href":"https:\/\/www.freiburg-schwarzwald.de\/blog\/wp-json\/wp\/v2\/pages"}],"about":[{"href":"https:\/\/www.freiburg-schwarzwald.de\/blog\/wp-json\/wp\/v2\/types\/page"}],"author":[{"embeddable":true,"href":"https:\/\/www.freiburg-schwarzwald.de\/blog\/wp-json\/wp\/v2\/users\/4"}],"replies":[{"embeddable":true,"href":"https:\/\/www.freiburg-schwarzwald.de\/blog\/wp-json\/wp\/v2\/comments?post=12586"}],"version-history":[{"count":2,"href":"https:\/\/www.freiburg-schwarzwald.de\/blog\/wp-json\/wp\/v2\/pages\/12586\/revisions"}],"predecessor-version":[{"id":113296,"href":"https:\/\/www.freiburg-schwarzwald.de\/blog\/wp-json\/wp\/v2\/pages\/12586\/revisions\/113296"}],"up":[{"embeddable":true,"href":"https:\/\/www.freiburg-schwarzwald.de\/blog\/wp-json\/wp\/v2\/pages\/1476"}],"wp:attachment":[{"href":"https:\/\/www.freiburg-schwarzwald.de\/blog\/wp-json\/wp\/v2\/media?parent=12586"}],"curies":[{"name":"wp","href":"https:\/\/api.w.org\/{rel}","templated":true}]}}