{"id":12575,"date":"2012-10-09T11:46:21","date_gmt":"2012-10-09T09:46:21","guid":{"rendered":"https:\/\/www.freiburg-schwarzwald.de\/blog\/?page_id=12575"},"modified":"2014-06-28T12:58:53","modified_gmt":"2014-06-28T10:58:53","slug":"ews-schoenau","status":"publish","type":"page","link":"https:\/\/www.freiburg-schwarzwald.de\/blog\/energie\/strom\/ews-schoenau\/","title":{"rendered":"EWS-Schoenau"},"content":{"rendered":"<p>Home &gt;<a title=\"Energie\" href=\"https:\/\/www.freiburg-schwarzwald.de\/blog\/energie\/\">Energie<\/a> &gt;<a title=\"Strom\" href=\"https:\/\/www.freiburg-schwarzwald.de\/blog\/energie\/strom\/\">Strom<\/a> &gt;EWS-Schoenau<\/p>\n<div id=\"attachment_8611\" style=\"width: 612px\" class=\"wp-caption alignnone\"><a href=\"https:\/\/www.freiburg-schwarzwald.de\/blog\/regio\/heimat\/hecker\/rohrberg-pfaffenberg-pan100221\/\" rel=\"attachment wp-att-8611\"><img loading=\"lazy\" decoding=\"async\" aria-describedby=\"caption-attachment-8611\" class=\"size-full wp-image-8611\" title=\"rohrberg-pfaffenberg-pan100221\" alt=\"\" src=\"https:\/\/www.freiburg-schwarzwald.de\/blog\/wp-content\/uploads\/2012\/08\/rohrberg-pfaffenberg-pan100221.jpg\" width=\"602\" height=\"189\" srcset=\"https:\/\/www.freiburg-schwarzwald.de\/blog\/wp-content\/uploads\/2012\/08\/rohrberg-pfaffenberg-pan100221.jpg 602w, https:\/\/www.freiburg-schwarzwald.de\/blog\/wp-content\/uploads\/2012\/08\/rohrberg-pfaffenberg-pan100221-180x56.jpg 180w\" sizes=\"auto, (max-width: 602px) 100vw, 602px\" \/><\/a><p id=\"caption-attachment-8611\" class=\"wp-caption-text\">Blick von Rohrberg nach Westen \u00fcbers Wiesental zu Pfaffenberg, Ittenschwander Horn und Belchen (von links) am 21.2.2010<\/p><\/div>\n<ul>\n<li>Stromrebellen ziehen sich zur\u00fcck \u2013 S\u00f6hne \u00fcbernehmen (28.6.2014)<\/li>\n<li><a href=\"https:\/\/www.freiburg-schwarzwald.de\/blog\/japan-atomgegner-bei-ews\/\">https:\/\/www.freiburg-schwarzwald.de\/blog\/japan-atomgegner-bei-ews\/<\/a>\u00a0(16.8.2013)<\/li>\n<li><a href=\"https:\/\/www.freiburg-schwarzwald.de\/blog\/ews-stromrebell-2013-berlin\/\">https:\/\/www.freiburg-schwarzwald.de\/blog\/ews-stromrebell-2013-berlin\/<\/a>\u00a0(8.7.2013)<\/li>\n<li><a href=\"https:\/\/www.freiburg-schwarzwald.de\/blog\/el-hierro-windkraft-und-psw\/\">https:\/\/www.freiburg-schwarzwald.de\/blog\/el-hierro-windkraft-und-psw\/<\/a>\u00a0(19.5.2013)<\/li>\n<li><a href=\"https:\/\/www.freiburg-schwarzwald.de\/blog\/strompreiserhoehung-2013-eeg\/\">https:\/\/www.freiburg-schwarzwald.de\/blog\/strompreiserhoehung-2013-eeg\/<\/a>\u00a0(15.10.2012)<\/li>\n<li><a href=\"https:\/\/www.freiburg-schwarzwald.de\/blog\/energiewende-humor-ews-frank-sauer-bernward-janzing\/\">https:\/\/www.freiburg-schwarzwald.de\/blog\/energiewende-humor-ews-frank-sauer-bernward-janzing\/<\/a>\u00a0(9.10.12)<\/li>\n<li><a href=\"https:\/\/www.freiburg-schwarzwald.de\/strom1.htm#Protest gegen Befreiung energieintensiver Unternehmen von den Netzkosten\">Protest gegen Befreiung energieintensiver Unternehmen von den Netzkosten<\/a> &gt;Strom1 (25.11)<\/li>\n<li><a href=\"https:\/\/www.freiburg-schwarzwald.de\/energiepolitik4.htm#Atomstromimport aus F: Erpre\u00dft der volkseigene Betrieb EnBW das Volk\">Atomstromimport aus F: Erpre\u00dft der volkseigene Betrieb EnBW das Volk?<\/a> &gt;En4 (19.4.2011)<\/li>\n<li><a href=\"https:\/\/www.freiburg-schwarzwald.de\/energiepolitik4.htm#Gr\u00fcner Nobelpreis f\u00fcr Ursula Sladek, die Mutter der Stromrebellen\">&#8222;Gr\u00fcner Nobelpreis&#8220; f\u00fcr Ursula Sladek, die Mutter der Stromrebellen<\/a> &gt;Energiepolitik4 (11.4.2011)<\/li>\n<li><a href=\"https:\/\/www.freiburg-schwarzwald.de\/akw12.htm#Japan demonstriert die Unbeherrschbarkeit der Atomenergie\">Japan demonstriert die Unbeherrschbarkeit der Atomenergie<\/a>\u00a0 &gt;AKW12 (19.3.2011)<\/li>\n<li><a href=\"https:\/\/www.freiburg-schwarzwald.de\/akw12.htm#Info Strom aus Uran - Film Uranium - Film YellowCace\">Info Strom aus Uran &#8211; Film Uranium &#8211; Film YellowCake<\/a> &gt;AKW12 (5.3.2011)<\/li>\n<li><a href=\"https:\/\/www.freiburg-schwarzwald.de\/strom1.htm#EWS Sch\u00f6nau begr\u00fc\u00dft den 100.000 Oekostromkunden\">EWS Sch\u00f6nau begr\u00fc\u00dft den 100.000 Oekostromkunden<\/a>\u00a0 &gt;Strom1 (13.12.2010)<\/li>\n<li><a href=\"https:\/\/www.freiburg-schwarzwald.de\/littenweiler\/solar4.htm#Deutscher Solarpreis f\u00fcr Freiburger Journalisten Bernward Janzing\">Deutscher Solarpreis f\u00fcr Freiburger Journalisten Bernward Janzing<\/a> &gt;Solar4 (9.10.2010)<\/li>\n<li><a href=\"https:\/\/www.freiburg-schwarzwald.de\/strom1.htm#\u00d6kostrom der EWS Sch\u00f6nau schl\u00e4gt Atom- und Kohlestrom\">\u00d6kostrom der EWS Sch\u00f6nau schl\u00e4gt Atom- und Kohlestrom<\/a> &gt;Strom1 (31.8.2010)<\/li>\n<li><a href=\"https:\/\/www.freiburg-schwarzwald.de\/elsass3.htm#Franz\u00f6sische Atomlobby gegen Stilllegung von Fessenheim\">Franz\u00f6sische Atomlobby gegen Stilllegung von Fessenheim<\/a> &gt;Elsass3 (2.2.2010)<\/li>\n<li><a href=\"https:\/\/www.freiburg-schwarzwald.de\/strom1.htm#Statt B\u00f6ller: 100%-\u00d6kostrom-Silvesterknaller z\u00fcnden\">Statt B\u00f6ller: 100%-\u00d6kostrom-Silvesterknaller z\u00fcnden<\/a> &gt;Strom1 (29.12.2009)<\/li>\n<li><span><a href=\"https:\/\/www.freiburg-schwarzwald.de\/energiepolitik4.htm#Kreuzzug f\u00fcr das Klima: TV-Dokumentation am 18.11. um 24 Uhr\">Kreuzzug f\u00fcr das Klima: TV-Dokumentation am 18.11. um 24 Uhr<\/a> &gt;Energiepolitik4 (16.11.)<\/span><\/li>\n<li><span><a href=\"https:\/\/www.freiburg-schwarzwald.de\/genossenschaften1.htm#Energie in B\u00fcrgerhand: Einstieg bei der Th\u00fcga AG\">Energie in B\u00fcrgerhand: Einstieg bei der Th\u00fcga AG<\/a> &gt;Genossenschaften1 (8.5.2009)<\/span><\/li>\n<li><span><a href=\"https:\/\/www.freiburg-schwarzwald.de\/strom1.htm#St\u00f6rfall mit Charme - Buch von Bernward Janzing \u00fcber die Stromrebellen\">St\u00f6rfall mit Charme &#8211; Buch von Bernward Janzing \u00fcber die Stromrebellen<\/a> &gt;Strom1 (25.11.2008)<\/span><\/li>\n<li><a href=\"https:\/\/www.freiburg-schwarzwald.de\/soziales3.htm#Ashoka zeichnet Ursula Sladek von EWS als Social Entrepreneur aus\">Ashoka zeichnet Ursula Sladek von EWS als Social Entrepreneur aus<\/a> &gt;Soziales3 (9.11.08)<\/li>\n<li><a href=\"https:\/\/www.freiburg-schwarzwald.de\/gas.htm#EWS-Gesch\u00e4ftsf\u00fchrerin Ursula Sladek zum Einstieg ins Gasgesch\u00e4ft\">WS-Gesch\u00e4ftsf\u00fchrerin Ursula Sladek zum Einstieg ins Gasgesch\u00e4ft<\/a> &gt;Gas (1.9.2008)<\/li>\n<li><a href=\"https:\/\/www.freiburg-schwarzwald.de\/strom1.htm#Regionalgeldinitiative Dreyecker und Sch\u00f6nauer EWS - Kooperation\">Regionalgeldinitiative Dreyecker und Sch\u00f6nauer EWS &#8211; Kooperation<\/a> &gt;Strom1 (31.5.2008)<\/li>\n<li><span><a href=\"https:\/\/www.freiburg-schwarzwald.de\/langenordnach1.htm#Solarforum Hochschwarzwald feiert zehnj\u00e4hriges Bestehen\">Solarforum Hochschwarzwald feiert zehnj\u00e4hriges Bestehen<\/a> &gt;Langenordnach1 (14.4.2008)<\/span><\/li>\n<li><span><a href=\"https:\/\/www.freiburg-schwarzwald.de\/strom.htm#Ursula Sladek: Unser \u00d6kostrom kommt aus neuen Wasserkraftwerken\">Ursula Sladek: Unser \u00d6kostrom kommt aus neuen Wasserkraftwerken<\/a> &gt;Strom (30.1.2008)<\/span><\/li>\n<li><span><a href=\"https:\/\/www.freiburg-schwarzwald.de\/strom.htm#EWS mit Projektidee: Badenova bald wieder in badische Hand\">EWS mit Projektidee: Badenova bald wieder in badische Hand?<\/a> &gt;Strom (21.12.2007)<\/span><\/li>\n<li><a href=\"https:\/\/www.freiburg-schwarzwald.de\/strom.htm#Dr. Eva Stegen von EWS: Zu \u00d6kostrom wechseln\">Dr. Eva Stegen von EWS: Zu \u00d6kostrom wechseln<\/a> &gt;Strom (7.7.2007)<\/li>\n<li><a href=\"https:\/\/www.freiburg-schwarzwald.de\/strom.htm#Elektrizit\u00e4tswerke Sch\u00f6nau erhalten Deutschen Gr\u00fcnderpreis\">Elektrizit\u00e4tswerke Sch\u00f6nau erhalten Deutschen Gr\u00fcnderpreis<\/a> &gt;Strom (20.6.2007)<\/li>\n<li><a href=\"https:\/\/www.freiburg-schwarzwald.de\/energiepolitik3.htm#EWS erhalten Preis des Forum Zukunfts\u00f6konomie\">EWS erhalten Preis des Forum Zukunfts\u00f6konomie<\/a> &gt;Energiepolitik3 (9.12.2006)<\/li>\n<li><a href=\"https:\/\/www.freiburg-schwarzwald.de\/energiepolitik3.htm#20 Jahre Sch\u00f6nauer Stromrebellen\">20 Jahre Sch\u00f6nauer Stromrebellen<\/a> &gt;Energiepolitik3 (19.4.2006)<\/li>\n<li><a href=\"https:\/\/www.freiburg-schwarzwald.de\/akw4.htm#818 CDU-Mitglieder im CDAK boykottieren Atomstrom\">818 CDU-Mitglieder im CDAK boykottieren Atomstrom<\/a> &gt;AKW4 (17.3.2006)<\/li>\n<li><a href=\"https:\/\/www.freiburg-schwarzwald.de\/energiepolitik2.htm#F\u00f6rderverein f\u00fcr umweltfreundliche Stromverteilung und Energieerzeugung Sch\u00f6nau ? FUSS e.V\">F\u00f6rderverein f\u00fcr umweltfreundliche Stromverteilung und Energieerzeugung Sch\u00f6nau\u00a0 FUSS e.V<\/a> (1.10.2005)<\/li>\n<li><a href=\"https:\/\/www.freiburg-schwarzwald.de\/schoenau1.htm#Stromrebellen - EWS erh\u00e4lt 1,2 Millionen Euro zur\u00fcck\">Stromrebellen &#8211; EWS erh\u00e4lt 1,2 Millionen Euro zur\u00fcck<\/a>\u00a0&gt;Schoenau1 (29.7.2005)<\/li>\n<li><a href=\"https:\/\/www.freiburg-schwarzwald.de\/golfclubs1.htm#Golfclubs Sch\u00f6nau - 4500 Euro f\u00fcr Krebsklinik und Osteuropahilfe\">Golfclub Sch\u00f6nau &#8211; 4500 Euro f\u00fcr Krebsklinik und Osteuropahilfe<\/a> &gt;Golfclubs1 (3.5.2005)<br \/>\n<span style=\"font-family: Arial; font-size: x-small;\"><span style=\"font-family: Arial; font-size: x-small;\"><span style=\"font-family: Arial; font-size: x-small;\"><br \/>\n<\/span><\/span><\/span><\/li>\n<li>Elektrizit\u00e4tswerke Sch\u00f6nau<\/li>\n<\/ul>\n<p>&nbsp;<\/p>\n<p><strong>Stromrebellen ziehen sich zur\u00fcck \u2013 S\u00f6hne \u00fcbernehmen<\/strong><\/p>\n<p>Sie stehen f\u00fcr den Kampf David gegen Goliath, den Traum, aus einer verwegenen Idee eine Erfolgsgeschichte zu machen: Jetzt ziehen sich die Stromrebellen Ursula und Michael Sladek aus den Energiewerken Sch\u00f6nau zur\u00fcck. &#8230; Alles vom 28.6.2014 bitte lesen auf<br \/>\n<a href=\"https:\/\/www.badische-zeitung.de\/wirtschaft-3\/stromrebellen-ziehen-sich-zurueck-soehne-uebernehmen--86746425.html\">https:\/\/www.badische-zeitung.de\/wirtschaft-3\/stromrebellen-ziehen-sich-zurueck-soehne-uebernehmen&#8211;86746425.html<\/a><\/p>\n<p>&nbsp;<\/p>\n<p><strong>Elektrizit\u00e4tswerke Sch\u00f6nau<\/strong><br \/>\n<a href=\"https:\/\/www.ews-schoenau.de\/\">www.ews-schoenau.de<\/a>, eMail info at ews-schoenau.de<br \/>\n<a href=\"https:\/\/www.stromrebellen.de\/\">www.stromrebellen.de<\/a> , <a href=\"https:\/\/www.100-gute-gruende.de\/\">www.100-gute-gruende.de<\/a><\/p>\n<p>KWS, Kraft-W\u00e4rme-Sch\u00f6nau GmbH<br \/>\nFriedrichstra\u00dfe 55, 79677 Sch\u00f6nau,<br \/>\n<a href=\"https:\/\/www.kws-schoenau.de\/\">www.kws-schoenau.de<\/a><br \/>\n<a href=\"https:\/\/www.freiburg-schwarzwald.de\/energie\/index.htm#100 Prozent GmbH - Wirtschaftsverband in Freiburg\">EWS Mitglied in 100 Prozent GmbH &#8211; Wirtschaftsverband in Freiburg<\/a> &gt;Energie<\/p>\n<p>Ursula Sladek als <a title=\"Sozialunternehmen\" href=\"https:\/\/www.freiburg-schwarzwald.de\/blog\/business\/sozialunternehmen\/\">Sozialunternehmerin<\/a> ist Fellow des Entrepreneur-Netzwerks Ashoka<\/p>\n<p>2014 beziehen mehr als 150 000 Kunden ihren Strom und knapp 10 000 Kunden ihr Erdgas von den EWS.<br \/>\nDie EWS ist Netzbetreiber\u00a0in der Stadt Sch\u00f6nau und in den\u00a0acht Gemeinden des Gemeindeverwaltungsverbands Sch\u00f6nau.<br \/>\nDie EWS\u00a0sind an der Energieversorgung Titisee-Neustadt und den Stadtwerken Stuttgart\u00a0als Energielieferant beteiligt.<br \/>\nDie EWS-Gruppe, die \u00fcber die Dachgesellschaft Netzkauf EWS eG insgesamt rund 3500 Genossenschaftsmitgliedern geh\u00f6rt, hat derzeit 93 Mitarbeiter.<br \/>\nDer Bilanzgewinn stieg im Jahr 2013 auf 1,96 Mio Euro, gegen\u00fcber 1,58 Mio im Vorjahr.<\/p>\n","protected":false},"excerpt":{"rendered":"<p>Home &gt;Energie &gt;Strom &gt;EWS-Schoenau Stromrebellen ziehen sich zur\u00fcck \u2013 S\u00f6hne \u00fcbernehmen (28.6.2014) https:\/\/www.freiburg-schwarzwald.de\/blog\/japan-atomgegner-bei-ews\/\u00a0(16.8.2013) https:\/\/www.freiburg-schwarzwald.de\/blog\/ews-stromrebell-2013-berlin\/\u00a0(8.7.2013) https:\/\/www.freiburg-schwarzwald.de\/blog\/el-hierro-windkraft-und-psw\/\u00a0(19.5.2013) https:\/\/www.freiburg-schwarzwald.de\/blog\/strompreiserhoehung-2013-eeg\/\u00a0(15.10.2012) https:\/\/www.freiburg-schwarzwald.de\/blog\/energiewende-humor-ews-frank-sauer-bernward-janzing\/\u00a0(9.10.12) Protest gegen Befreiung energieintensiver Unternehmen von den Netzkosten &gt;Strom1 (25.11) Atomstromimport aus F: Erpre\u00dft der volkseigene Betrieb EnBW das Volk? &gt;En4 (19.4.2011) &#8222;Gr\u00fcner &hellip; <a href=\"https:\/\/www.freiburg-schwarzwald.de\/blog\/energie\/strom\/ews-schoenau\/\">Weiterlesen <span class=\"meta-nav\">&rarr;<\/span><\/a><\/p>\n","protected":false},"author":4,"featured_media":0,"parent":1476,"menu_order":0,"comment_status":"open","ping_status":"closed","template":"","meta":{"footnotes":""},"class_list":["post-12575","page","type-page","status-publish","hentry"],"_links":{"self":[{"href":"https:\/\/www.freiburg-schwarzwald.de\/blog\/wp-json\/wp\/v2\/pages\/12575","targetHints":{"allow":["GET"]}}],"collection":[{"href":"https:\/\/www.freiburg-schwarzwald.de\/blog\/wp-json\/wp\/v2\/pages"}],"about":[{"href":"https:\/\/www.freiburg-schwarzwald.de\/blog\/wp-json\/wp\/v2\/types\/page"}],"author":[{"embeddable":true,"href":"https:\/\/www.freiburg-schwarzwald.de\/blog\/wp-json\/wp\/v2\/users\/4"}],"replies":[{"embeddable":true,"href":"https:\/\/www.freiburg-schwarzwald.de\/blog\/wp-json\/wp\/v2\/comments?post=12575"}],"version-history":[{"count":0,"href":"https:\/\/www.freiburg-schwarzwald.de\/blog\/wp-json\/wp\/v2\/pages\/12575\/revisions"}],"up":[{"embeddable":true,"href":"https:\/\/www.freiburg-schwarzwald.de\/blog\/wp-json\/wp\/v2\/pages\/1476"}],"wp:attachment":[{"href":"https:\/\/www.freiburg-schwarzwald.de\/blog\/wp-json\/wp\/v2\/media?parent=12575"}],"curies":[{"name":"wp","href":"https:\/\/api.w.org\/{rel}","templated":true}]}}