{"id":125630,"date":"2024-07-23T11:10:21","date_gmt":"2024-07-23T09:10:21","guid":{"rendered":"https:\/\/www.freiburg-schwarzwald.de\/blog\/?page_id=125630"},"modified":"2024-07-23T11:21:59","modified_gmt":"2024-07-23T09:21:59","slug":"cordon-sanitaire","status":"publish","type":"page","link":"https:\/\/www.freiburg-schwarzwald.de\/blog\/kultur\/medien\/cordon-sanitaire\/","title":{"rendered":"Cordon-Sanitaire"},"content":{"rendered":"<p><a href=\"https:\/\/www.freiburg-schwarzwald.de\/blog\">Home<\/a>\u00a0&gt;<a title=\"Kultur\" href=\"https:\/\/www.freiburg-schwarzwald.de\/blog\/kultur\/\">Kultur<\/a>\u00a0&gt;<a title=\"Medien\" href=\"https:\/\/www.freiburg-schwarzwald.de\/blog\/kultur\/medien\/\">Medien<\/a>\u00a0&gt;<a title=\"Zeitung\" href=\"https:\/\/www.freiburg-schwarzwald.de\/blog\/kultur\/medien\/zeitung\/\">Zeitung<\/a> &gt;<a href=\"https:\/\/www.freiburg-schwarzwald.de\/blog\/kultur\/medien\/medienleute\/\">Medienleute<\/a>\u00a0 &gt;<a href=\"https:\/\/www.freiburg-schwarzwald.de\/blog\/vereine\/partei\/cdu\/brandmauer\/\">Brandmauer<\/a> &gt;Cordon Sanitaire<\/p>\n<div id=\"attachment_125550\" style=\"width: 650px\" class=\"wp-caption alignnone\"><a href=\"https:\/\/www.freiburg-schwarzwald.de\/blog\/wp-content\/uploads\/2014\/09\/reineclaude-doppel240715pan.jpg\"><img loading=\"lazy\" decoding=\"async\" aria-describedby=\"caption-attachment-125550\" class=\"size-full wp-image-125550\" src=\"https:\/\/www.freiburg-schwarzwald.de\/blog\/wp-content\/uploads\/2014\/09\/reineclaude-doppel240715pan.jpg\" alt=\"\" width=\"640\" height=\"340\" srcset=\"https:\/\/www.freiburg-schwarzwald.de\/blog\/wp-content\/uploads\/2014\/09\/reineclaude-doppel240715pan.jpg 640w, https:\/\/www.freiburg-schwarzwald.de\/blog\/wp-content\/uploads\/2014\/09\/reineclaude-doppel240715pan-180x96.jpg 180w\" sizes=\"auto, (max-width: 640px) 100vw, 640px\" \/><\/a><p id=\"caption-attachment-125550\" class=\"wp-caption-text\">Reineclaude &#8211; Zwillings- und Einzelfrucht &#8211; am 14 Juli 2024<\/p><\/div>\n<p>&nbsp;<\/p>\n<ul>\n<li>Harris gegen Trump: zur\u00fcck auf Start \u2013 Brandmauer von Paris bis Berlin (23.7.2024)<\/li>\n<li><a href=\"https:\/\/www.freiburg-schwarzwald.de\/blog\/global\/eu\/eu-parlament\/\">Angst fressen Rechte auf \u2013 \u00dcberlegungen zum neuen EU-Parlament<\/a>\u00a0(23.7.2024)<\/li>\n<li>\u201eCordon sanitaire\u201c f\u00fcr rechte Politiker in Europa \u2013 AfD wieder ausgeschlossen (22.7.2024)<\/li>\n<\/ul>\n<p>&nbsp;<\/p>\n<p><strong>Harris gegen Trump: zur\u00fcck auf Start \u2013 Brandmauer von Paris bis Berlin<\/strong><br \/>\nIn den USA d\u00fcrfte Harris als Kandidat feststehen. Harris gegen Trump bedeutet f\u00fcr die Siegesgewissheit der Reps nach dem Attentat: zur\u00fcck auf Start. Daher vorab: Dass die USA nach der Pr\u00e4sidentenwahl wirtschaftspolitisch protektionistischer und milit\u00e4risch fordernder den EU-Staaten gegen\u00fcber auftreten werden, h\u00e4ngt nicht von Harris oder Trump ab. Zwischen Reps und Dems geht es um mehr als die Pr\u00e4sidentschaft. In den USA wie in Europa bahnt sich ein gradueller Politikwechsel nach rechts durch nicht-rechte Regierungen an statt der Abl\u00f6sung alter Machtkartelle durch neue Regierungskonstellationen.<br \/>\nEin Gespenst geht um: die Brandmauer. Grenzenlose Bewegungsfreiheit im Inneren sollte eine gemeinsame EU-Au\u00dfengrenze bewirken. Diese Au\u00dfengrenze opferte die EU dem UN-Migrationspakt unter Merkels Anf\u00fchrung. Innerhalb vieler EU-L\u00e4nder hat das woke Machtkartell eine neue Grenze gezogen: die Brandmauer \u2013 einen \u201eantifaschistischen Schutzwall\u201c, nicht zwischen Staaten, sondern quer durch ihre Gesellschaften. Wen die selbsternannten Demokraten nicht zu den ihren z\u00e4hlen, wird von der Mitwirkung in den Institutionen der Demokratie ausgeschlossen: In den Parlamenten Deutschlands, der franz\u00f6sischen Nationalversammlung und noch viel fr\u00fcher in Belgien, nun auch im EU-Parlament. \u2013 Was die Woken in Wahlen verlieren, kassieren sie durch Manipulation der Regeln wieder ein. Sie sind die Nicht-Demokraten.Ex-Democrat Tulsi Gabbard sagt: Die das Land tats\u00e4chlich regieren, sind die nicht gew\u00e4hlte Machtelite des nationalen Sicherheitsstaats, des milit\u00e4risch-industriellen Komplexes, mit den riesigen Propagandamedien als Sprachrohr. Dieselben Leute, die das Land mit Biden als Aush\u00e4ngeschild regieren, werden es auch weiterhin mit Kamala Harris als Aush\u00e4ngeschild regieren.<br \/>\n&#8230; Alles vom 23.7.2024 bitte lesen auf<br \/>\n<a href=\"https:\/\/www.tichyseinblick.de\/daili-es-sentials\/brandmauer-harris-trump-tusk-eu-usa\/\">https:\/\/www.tichyseinblick.de\/daili-es-sentials\/brandmauer-harris-trump-tusk-eu-usa\/<\/a><br \/>\n.<\/p>\n<p><strong>\u201eCordon sanitaire\u201c f\u00fcr rechte Politiker in Europa \u2013 AfD wieder ausgeschlossen<\/strong><br \/>\nWas in Deutschland die Brandmauer ist, ist in der EU der Cordon sanitaire. Rechte Parteien werden systematisch daran gehindert, den Posten eines parlamentarischen Vizepr\u00e4sidenten zu \u00fcbernehmen, oder in Aussch\u00fcssen benachteiligt. Die AfD macht auch in Stra\u00dfburg dieselben Erfahrungen.<br \/>\nTrotz ihrer betr\u00e4chtlichen Zuw\u00e4chse in ganz EU-Europa bleiben die rechten Parteien in den meisten Mitgliedstaaten und den institutionellen Strukturen der Europ\u00e4ischen Union an den Rand gedr\u00e4ngt.<br \/>\nDiese \u201eCordon sanitaire\u201c-Strategie hat sie effektiv von wichtigen gesetzgeberischen Aufgaben ferngehalten, so dass ihr Einfluss begrenzt bleibt.<br \/>\nIn Frankreich konnte der Rassemblement National (RN), obwohl er mit 126 Sitzen die zweitst\u00e4rkste Kraft im Parlament ist, keine Schl\u00fcsselpositionen im Pr\u00e4sidium der Nationalversammlung besetzen.<br \/>\n&#8230;<br \/>\nAuch auf EU-Ebene wurden die Rechten ausgegrenzt.<br \/>\nAm 16. und 17. Juli verhinderten die neu gew\u00e4hlten Mitglieder des EU-Parlaments, dass die rechten Fraktionen Vizepr\u00e4sidenten- und Qu\u00e4storenposten erhalten. Qu\u00e4storen werden gew\u00e4hlt, um unter anderem administrative und finanzielle Angelegenheiten zu \u00fcberwachen, die die Abgeordneten direkt betreffen.<br \/>\nDas EU-Parlament reagierte auf Forderungen aus den Reihen der EU, die Zugewinne der Rechten zu beschneiden. Die regierenden deutschen Linksparteien forderten beispielsweise einen Cordon sanitaire gegen die neu gegr\u00fcndete Fraktion der \u201ePatrioten f\u00fcr Europa\u201c im EP.<br \/>\nInfolgedessen erhielten weder die Patrioten f\u00fcr Europa, angef\u00fchrt von RN-Pr\u00e4sident Jordan Bardella, noch das von der Alternative f\u00fcr Deutschland (AfD) gef\u00fchrte Europa der Souver\u00e4nen Nationen (ESN) Vizepr\u00e4sidenten oder Qu\u00e4storen im neuen EU-Parlament.<br \/>\nDas Exekutivb\u00fcro der Versammlung mit seinen 14 Vizepr\u00e4sidenten und f\u00fcnf Qu\u00e4storen ist von entscheidender Bedeutung, da es die Regeln und den Haushalt des neuen EU-Parlaments festlegt.<br \/>\nDer Cordon sanitaire, der in der letzten Legislaturperiode f\u00fcr die ehemalige EU-Fraktion \u201eIdentit\u00e4t und Demokratie\u201c (ID) galt, wurde nun auf die Bl\u00f6cke Patrioten f\u00fcr Europa und Europa der Souver\u00e4nen Nationen ausgedehnt.<br \/>\n&#8230; Alles vom 23.7.2024 bitte lesen auf<br \/>\n<a href=\"https:\/\/www.tichyseinblick.de\/gastbeitrag\/cordon-sanitaire-rechte-politiker-eu-afd-rn-patrios-for-europe\/\">https:\/\/www.tichyseinblick.de\/gastbeitrag\/cordon-sanitaire-rechte-politiker-eu-afd-rn-patrios-for-europe\/<\/a><\/p>\n<p>Einige Kommentare:<br \/>\nFrau Merkel hat offen Sympathie f\u00fcr das chinesische Einparteiensystem gezeigt, da dies nicht funktioniert haben wir nun die Blockpartei aus CDU\/CSU\/GR\u00dcNEN\/LINKEN\/SPD\/FDP. So kann man sch\u00f6n durchregieren, nennt sich demokratisch und schlie\u00dft alle anderen Meinungen aus. Das Gleiche nun im EU Parlament \u2013 da sieht man wo die Reise hingeht. Moc<br \/>\n.<br \/>\nUngleichbehandlung\u201c ist das Ende des sozialen Friedens und der Zusammenarbeit. Gruppen werden schamlos bevorzugt bzw. die immerhin von Millionen W\u00e4hlern gew\u00e4hlte \u201eKonkurrenz\u201c ihrer Rechte beraubt. Wenn Dummheit und Machtmissbrauch regieren. Beides f\u00fchrt ins Verderben. Ana<br \/>\n.<br \/>\nDas Mauerbauen ist zutiefst undemokratisch, denn Demokratie, die diesen Namen verdient, fu\u00dft gerade darauf, dass jeder mit jedem zu reden bereit ist, was die Eigner des Konstruktes \u201eUnsere Demokratie\u201c nicht bereit sind zu akzeptieren. Die Pseudodemokraten des Blocks \u201eUnsere Demokratie\u201c betrachten Demokratie als ihr Eigentum, selbstverst\u00e4ndlich auch als ihr materielles Eigentum, zum Generieren von Eink\u00fcnften in erheblichem Umfang. Nob<br \/>\nEnde Kommentare<\/p>\n<p>&nbsp;<\/p>\n","protected":false},"excerpt":{"rendered":"<p>Home\u00a0&gt;Kultur\u00a0&gt;Medien\u00a0&gt;Zeitung &gt;Medienleute\u00a0 &gt;Brandmauer &gt;Cordon Sanitaire &nbsp; Harris gegen Trump: zur\u00fcck auf Start \u2013 Brandmauer von Paris bis Berlin (23.7.2024) Angst fressen Rechte auf \u2013 \u00dcberlegungen zum neuen EU-Parlament\u00a0(23.7.2024) \u201eCordon sanitaire\u201c f\u00fcr rechte Politiker in Europa \u2013 AfD wieder ausgeschlossen (22.7.2024) &hellip; <a href=\"https:\/\/www.freiburg-schwarzwald.de\/blog\/kultur\/medien\/cordon-sanitaire\/\">Weiterlesen <span class=\"meta-nav\">&rarr;<\/span><\/a><\/p>\n","protected":false},"author":2,"featured_media":0,"parent":678,"menu_order":0,"comment_status":"closed","ping_status":"closed","template":"","meta":{"footnotes":""},"class_list":["post-125630","page","type-page","status-publish","hentry"],"_links":{"self":[{"href":"https:\/\/www.freiburg-schwarzwald.de\/blog\/wp-json\/wp\/v2\/pages\/125630","targetHints":{"allow":["GET"]}}],"collection":[{"href":"https:\/\/www.freiburg-schwarzwald.de\/blog\/wp-json\/wp\/v2\/pages"}],"about":[{"href":"https:\/\/www.freiburg-schwarzwald.de\/blog\/wp-json\/wp\/v2\/types\/page"}],"author":[{"embeddable":true,"href":"https:\/\/www.freiburg-schwarzwald.de\/blog\/wp-json\/wp\/v2\/users\/2"}],"replies":[{"embeddable":true,"href":"https:\/\/www.freiburg-schwarzwald.de\/blog\/wp-json\/wp\/v2\/comments?post=125630"}],"version-history":[{"count":3,"href":"https:\/\/www.freiburg-schwarzwald.de\/blog\/wp-json\/wp\/v2\/pages\/125630\/revisions"}],"predecessor-version":[{"id":125637,"href":"https:\/\/www.freiburg-schwarzwald.de\/blog\/wp-json\/wp\/v2\/pages\/125630\/revisions\/125637"}],"up":[{"embeddable":true,"href":"https:\/\/www.freiburg-schwarzwald.de\/blog\/wp-json\/wp\/v2\/pages\/678"}],"wp:attachment":[{"href":"https:\/\/www.freiburg-schwarzwald.de\/blog\/wp-json\/wp\/v2\/media?parent=125630"}],"curies":[{"name":"wp","href":"https:\/\/api.w.org\/{rel}","templated":true}]}}