{"id":125354,"date":"2024-07-16T11:41:38","date_gmt":"2024-07-16T09:41:38","guid":{"rendered":"https:\/\/www.freiburg-schwarzwald.de\/blog\/?page_id=125354"},"modified":"2025-10-15T21:18:05","modified_gmt":"2025-10-15T19:18:05","slug":"klimarettung","status":"publish","type":"page","link":"https:\/\/www.freiburg-schwarzwald.de\/blog\/global\/deutschland\/klimarettung\/","title":{"rendered":"Klimarettung"},"content":{"rendered":"<p><a href=\"https:\/\/freiburg-schwarzwald.de\/blog\">Home<\/a> &gt;<a title=\"Global\" href=\"https:\/\/www.freiburg-schwarzwald.de\/blog\/global\/\">Global<\/a>\u00a0&gt;<a title=\"Deutschland\" href=\"https:\/\/www.freiburg-schwarzwald.de\/blog\/global\/deutschland\/\">Deutschland<\/a>\u00a0&gt;<a href=\"https:\/\/www.freiburg-schwarzwald.de\/blog\/global\/deutschland\/deutschland-kaputt\/\">Deutschland-kaputt<\/a> &gt;<a href=\"https:\/\/www.freiburg-schwarzwald.de\/blog\/global\/deutschland\/weltrettung\/\">Weltrettung<\/a> &gt;Klimarettung<\/p>\n<div id=\"attachment_125129\" style=\"width: 650px\" class=\"wp-caption alignnone\"><a href=\"https:\/\/www.freiburg-schwarzwald.de\/blog\/wp-content\/uploads\/2024\/07\/vogesen-elsass-kamille13062024pan.jpg\"><img loading=\"lazy\" decoding=\"async\" aria-describedby=\"caption-attachment-125129\" class=\"size-full wp-image-125129\" src=\"https:\/\/www.freiburg-schwarzwald.de\/blog\/wp-content\/uploads\/2024\/07\/vogesen-elsass-kamille13062024pan.jpg\" alt=\"\" width=\"640\" height=\"370\" srcset=\"https:\/\/www.freiburg-schwarzwald.de\/blog\/wp-content\/uploads\/2024\/07\/vogesen-elsass-kamille13062024pan.jpg 640w, https:\/\/www.freiburg-schwarzwald.de\/blog\/wp-content\/uploads\/2024\/07\/vogesen-elsass-kamille13062024pan-180x104.jpg 180w\" sizes=\"auto, (max-width: 640px) 100vw, 640px\" \/><\/a><p id=\"caption-attachment-125129\" class=\"wp-caption-text\">Blick vom Rheintal bei Colmar \u00fcber bl\u00fchende Kamille zu den Vogesen am 13.6.2024<\/p><\/div>\n<ul>\n<li><em>Listenauswahl eines Beitrags (Artikel\/Datum, Seite\/Inhalt): <span style=\"text-decoration: underline;\">Klicken<\/span> oder scrollen<\/em><\/li>\n<li><a href=\"https:\/\/www.freiburg-schwarzwald.de\/blog\/global\/deutschland\/weltrettung\/geberland\/\">Deutschland: Gr\u00f6\u00dftes Geberland der Welt<\/a>\u00a0(2.10.2025)<\/li>\n<li>Deutsche Klimazahlungen 11,8 Milliarden Euro (3.10.2025)<\/li>\n<li><a href=\"https:\/\/www.freiburg-schwarzwald.de\/blog\/prof-sinn-oekonomie-ruiniert\/\">Prof Sinn: \u00d6konomie ruiniert<\/a>\u00a0(3.9.2024)<\/li>\n<li>Klimafreundlich verelendet: Belege f\u00fcr eine absichtliche Zerst\u00f6rung (15.7.2024)<\/li>\n<li>Ich will das Klima nicht retten \u2013 von Sylvie-Sophie Schindler (5.5.2022)<\/li>\n<\/ul>\n<ul>\n<li><a href=\"https:\/\/www.freiburg-schwarzwald.de\/blog\/afrika-klima\/\">Afrika-Klima<\/a><\/li>\n<li><a href=\"https:\/\/www.freiburg-schwarzwald.de\/blog\/religion\/kirchen\/deep-church\/\">Deep-Church<\/a><\/li>\n<li><a href=\"https:\/\/www.freiburg-schwarzwald.de\/blog\/global\/deutschland\/weltrettung\/geberland\/\">Geberland<\/a><\/li>\n<li><a href=\"https:\/\/www.freiburg-schwarzwald.de\/blog\/engagement\/zukunft\/groessenwahn\/\">Groessenwahn<\/a><\/li>\n<li><a href=\"https:\/\/www.freiburg-schwarzwald.de\/blog\/engagement\/zukunft\/demokratie\/grundgesetz\/grundgesetz-klima\/\">Grundgesetz-Klima<\/a><\/li>\n<li><a href=\"https:\/\/www.freiburg-schwarzwald.de\/blog\/natur\/klima\/hitze\/\">Hitze<\/a><\/li>\n<li><a href=\"https:\/\/www.freiburg-schwarzwald.de\/blog\/natur\/klima\/klima-system\/\">Klima-System<\/a><\/li>\n<li><a href=\"https:\/\/www.freiburg-schwarzwald.de\/blog\/global\/deutschland\/moral2015\/moralismus\/\">Moralismus<\/a><\/li>\n<li><a href=\"https:\/\/www.freiburg-schwarzwald.de\/blog\/religion\/christen\/naechstenliebe\/\">N\u00e4chstenliebe<\/a><\/li>\n<li><a href=\"https:\/\/www.freiburg-schwarzwald.de\/blog\/engagement\/zukunft\/demokratie\/nation\/nation-building\/\">Nation-Building<\/a><\/li>\n<li><a href=\"https:\/\/www.freiburg-schwarzwald.de\/blog\/global\/globalisierung\/wef\/\">WEF<\/a><\/li>\n<li><a href=\"https:\/\/www.freiburg-schwarzwald.de\/blog\/global\/globalisierung\/world-ranking\/\">World-Ranking<\/a><\/li>\n<li><a href=\"https:\/\/www.freiburg-schwarzwald.de\/blog\/religion\/zivilreligion\/\">Zivilreligion<\/a><\/li>\n<\/ul>\n<p>&nbsp;<\/p>\n<p>&nbsp;<\/p>\n<p><strong>Deutsche Klimazahlungen 11,8 Milliarden Euro<\/strong><br \/>\nIn Vorbereitung der UN-Klimakonferenz (COP 30) vom 10. bis 21. November in der brasilianischen Millionenstadt Bel\u00e9m hat die Bundesregierung am Montag der EU-Kommission die \u00dcbererf\u00fcllung ihrer \u201einternationalen Klimafinanzierung\u201c gemeldet. Aus Steuermitteln zahlte der Bund voriges Jahr 6,1 Milliarden Euro \u2013 das waren 400 Millionen Euro mehr als 2023 und fast doppelt soviel wie 2018.<br \/>\nZudem wurden 2024 insgesamt 4,6 Milliarden Euro f\u00fcr \u201eKreditlinien an lokale (Entwicklungs-)Banken, Beteiligungen in strukturierten Fonds und Public-Private-Partnerships\u201c bereitgestellt. Zusammen mit der \u201eprivaten Klimafinanzierung\u201c (\u00fcber eine Milliarde Euro; 2023: 475 Millionen Euro) summierten sich die 2023 auf der Klimakonferenz in Dubai (COP28) freiwillig zugesagten Gelder auf 11,8 Milliarden Euro. Damit wurde die zugesagte Zielmarke von j\u00e4hrlich mindestens sechs Milliarden Euro aus Haushaltsmitteln \u00fcberschritten.<br \/>\n\u201eDeutschland steht auch in schwierigen Zeiten an der Seite des Globalen S\u00fcdens. Der Klimawandel betrifft alle. Er macht an keinen Grenzen Halt\u201c, erkl\u00e4rte Entwicklungshilfeministerin Reem Alabali Radovan. Man sei \u201emit einer neuen Rekordsumme vorangegangen, denn Klimaschutz bedeutet Zukunftssicherheit, wirtschaftliche Stabilit\u00e4t und Frieden\u201c, erl\u00e4uterte die SPD-Politikerin. Ihr Parteigenosse Carsten Schneider sieht auch \u201ebei der Mobilisierung privater Investitionen\u201c erfreuliche Zahlen: \u201eStrom aus Wind und Sonne wird immer g\u00fcnstiger und braucht entsprechend weniger \u00f6ffentliche Finanzierung\u201c, behauptete der fr\u00fchere Staatsminister von Kanzler Olaf Scholz. Das erlaube, \u201e\u00f6ffentliche Mittel k\u00fcnftig noch st\u00e4rker auf die Anpassung an den Klimawandel auszurichten\u201c.<br \/>\n80 Prozent der Klimaprojektfinanzierung (4,88 Milliarden Euro) seien in die \u201ebilaterale Zusammenarbeit\u201c geflossen. Das meiste ging nach Afrika (1,7 Milliarden Euro) und in die Region \u201eAsien, Nahost, S\u00fcdosteuropa\u201c (1,7 Milliarden Euro). Insgesamt 1,24 Milliarden Euro seien 2024 in das \u201emultilaterale Engagement der Bundesregierung\u201c geflossen. (fis)<br \/>\n<a href=\"https:\/\/www.bmz.de\/de\/aktuelles\">https:\/\/www.bmz.de\/de\/aktuelles<\/a><br \/>\n&#8230; Alles vom 3.10.2025 von Dieter Stein bitte lesen in der JF 41\/25, Seite 22<\/p>\n<p>.<\/p>\n<p><strong>Klimafreundlich verelendet: Belege f\u00fcr eine absichtliche Zerst\u00f6rung<\/strong><br \/>\nWie nennen Sie jemanden, der es auf sich genommen hat, seine gesamte Nachbarschaft unter Androhung eines empfindlichen Leidens, um ihre Ersparnisse zu erleichtern, um diese Ersparnisse einzusetzen, um den Wohnort vor einer gro\u00dfen Sturzflut zu retten, die er im Jahr 2045 erwartet?<br \/>\nWie nennen Sie diesen jemand, wenn er, nachdem er seine Nachbarn bereits um ihr Erspartes erleichtert hat, dieselben dazu verpflichtet, jedes zweite Haus abzurei\u00dfen, um einem Kanal graben zu k\u00f6nnen, um damit die Voraussetzungen f\u00fcr eine z\u00fcgige Ableitung eventuell im Jahr 2045 bzw. nach neuesten Berechnungen im Jahr 2070 \u00fcber den Schutzdamm gelangender Wassermassen zu schaffen?<br \/>\nWie nennen Sie diesen jemand, wenn er einst wohlhabende B\u00fcrger von seinen militarisierten Horden in eigens errichtete Internierungslager verbringen l\u00e4sst, Lager, die in W\u00fcsten gebaut wurden, die als \u201cflutungssicher\u201d gelten, um sie dort in miserablen und krankheitserreger freundlichen Verh\u00e4ltnissen zu halten und vor der gro\u00dfen Flut, die nun f\u00fcr das Jahr 2100 angek\u00fcndigt ist, zu retten.<br \/>\nWie nennen Sie diesen jemand?<br \/>\nPsychopath?<br \/>\nVerbrecher?<br \/>\nMenschenfeind?<br \/>\nMitglied der Bundesregierung?<\/p>\n<p><em><strong>Tats\u00e4chlich ist diese Allegorie nicht so weit weg von dem, was derzeit passiert,<\/strong><\/em> denn unter dem Vorwand, man wolle das Klima retten, eine absurde und gr\u00f6\u00dfenwahnsinnige Behauptung, die dem Versuch gleicht, die Sonne zu l\u00f6schen, wird derzeit aktiv die deutsche Wirtschaft zerst\u00f6rt, aktiv daf\u00fcr gesorgt, dass es B\u00fcrgern nicht etwa besser, sondern schlechter geht, aktiv ihr Lebensstandard reduziert, ihre Versorgung mit dem, was (nicht nur) f\u00fcr ein modernes Leben notwendig ist, vom Strom bis zur Nahrung gef\u00e4hrdet und ihre Lebensfreude mit F\u00fc\u00dfen getreten, und zwar von einer Klimasekte, die es auf sich genommen hat, derzeit lebende Menschen als Kollateralschaden ihres Klimawahns zu opfern.<br \/>\n&#8230; Alles vom 15.7.2024 bitte lesen auf<br \/>\n<a href=\"https:\/\/sciencefiles.org\/2024\/07\/15\/klimafreundlich-verelendet-belege-fuer-eine-absichtliche-zerstoerung\/\">https:\/\/sciencefiles.org\/2024\/07\/15\/klimafreundlich-verelendet-belege-fuer-eine-absichtliche-zerstoerung\/<\/a><\/p>\n<p>.<\/p>\n<p><strong>Ich will das Klima nicht retten \u2013 von Sylvie-Sophie Schindler<\/strong><br \/>\n\u201eIch will das Klima nicht retten, weil ich mit dieser Anma\u00dfung nichts anfangen kann\u201c, sagt Kommentatorin Sylvie-Sophie Schindler. Sie hat eine Ideologie-Allergie. Sie meint: Gegen den Machbarkeitswahn helfe im Grunde nur: Demut.<br \/>\n\u201eWir haben 15 Jahre gebraucht, um den Flugplatz in Berlin zu bauen (die Chinesen ben\u00f6tigten 2 Jahre Bauzeit f\u00fcr einen doppelt so gro\u00dfen) und \u00fcber 3000 marode Autobahnbr\u00fccken, wie sollen wir dann die gesamte Welt retten k\u00f6nnen?\u201c<br \/>\n\u2026 Alles vom 5.5.2022 bitte lesen auf<br \/>\n<a href=\"https:\/\/www.radiomuenchen.net\/podcast-archiv\/radiomuenchen-themen\/2013-04-04-17-32-41\/2007-ich-will-das-klima-nicht-retten-ein-kommentar-von-sylvie-sophie-schindler.html\">https:\/\/www.radiomuenchen.net\/podcast-archiv\/radiomuenchen-themen\/2013-04-04-17-32-41\/2007-ich-will-das-klima-nicht-retten-ein-kommentar-von-sylvie-sophie-schindler.html<\/a><\/p>\n","protected":false},"excerpt":{"rendered":"<p>Home &gt;Global\u00a0&gt;Deutschland\u00a0&gt;Deutschland-kaputt &gt;Weltrettung &gt;Klimarettung Listenauswahl eines Beitrags (Artikel\/Datum, Seite\/Inhalt): Klicken oder scrollen Deutschland: Gr\u00f6\u00dftes Geberland der Welt\u00a0(2.10.2025) Deutsche Klimazahlungen 11,8 Milliarden Euro (3.10.2025) Prof Sinn: \u00d6konomie ruiniert\u00a0(3.9.2024) Klimafreundlich verelendet: Belege f\u00fcr eine absichtliche Zerst\u00f6rung (15.7.2024) Ich will das Klima nicht &hellip; <a href=\"https:\/\/www.freiburg-schwarzwald.de\/blog\/global\/deutschland\/klimarettung\/\">Weiterlesen <span class=\"meta-nav\">&rarr;<\/span><\/a><\/p>\n","protected":false},"author":2,"featured_media":0,"parent":62490,"menu_order":0,"comment_status":"closed","ping_status":"closed","template":"","meta":{"footnotes":""},"class_list":["post-125354","page","type-page","status-publish","hentry"],"_links":{"self":[{"href":"https:\/\/www.freiburg-schwarzwald.de\/blog\/wp-json\/wp\/v2\/pages\/125354","targetHints":{"allow":["GET"]}}],"collection":[{"href":"https:\/\/www.freiburg-schwarzwald.de\/blog\/wp-json\/wp\/v2\/pages"}],"about":[{"href":"https:\/\/www.freiburg-schwarzwald.de\/blog\/wp-json\/wp\/v2\/types\/page"}],"author":[{"embeddable":true,"href":"https:\/\/www.freiburg-schwarzwald.de\/blog\/wp-json\/wp\/v2\/users\/2"}],"replies":[{"embeddable":true,"href":"https:\/\/www.freiburg-schwarzwald.de\/blog\/wp-json\/wp\/v2\/comments?post=125354"}],"version-history":[{"count":5,"href":"https:\/\/www.freiburg-schwarzwald.de\/blog\/wp-json\/wp\/v2\/pages\/125354\/revisions"}],"predecessor-version":[{"id":140201,"href":"https:\/\/www.freiburg-schwarzwald.de\/blog\/wp-json\/wp\/v2\/pages\/125354\/revisions\/140201"}],"up":[{"embeddable":true,"href":"https:\/\/www.freiburg-schwarzwald.de\/blog\/wp-json\/wp\/v2\/pages\/62490"}],"wp:attachment":[{"href":"https:\/\/www.freiburg-schwarzwald.de\/blog\/wp-json\/wp\/v2\/media?parent=125354"}],"curies":[{"name":"wp","href":"https:\/\/api.w.org\/{rel}","templated":true}]}}