{"id":125348,"date":"2024-07-16T11:31:26","date_gmt":"2024-07-16T09:31:26","guid":{"rendered":"https:\/\/www.freiburg-schwarzwald.de\/blog\/?page_id=125348"},"modified":"2025-12-07T19:30:38","modified_gmt":"2025-12-07T18:30:38","slug":"world-ranking","status":"publish","type":"page","link":"https:\/\/www.freiburg-schwarzwald.de\/blog\/global\/globalisierung\/world-ranking\/","title":{"rendered":"World-Ranking"},"content":{"rendered":"<p><a href=\"https:\/\/www.freiburg-schwarzwald.de\/blog\">Home<\/a>\u00a0&gt;<a title=\"Global\" href=\"https:\/\/www.freiburg-schwarzwald.de\/blog\/global\/\">Global<\/a>\u00a0&gt;<a title=\"Globalisierung\" href=\"https:\/\/www.freiburg-schwarzwald.de\/blog\/global\/globalisierung\/\">Globalisierung<\/a>\u00a0&gt;<a href=\"https:\/\/www.freiburg-schwarzwald.de\/blog\/global\/globalisierung\/nwo\/\">NWO<\/a>\u00a0&gt;<a href=\"https:\/\/www.freiburg-schwarzwald.de\/blog\/global\/globalisierung\/world-government\/\">World-Government<\/a> &gt;World-Ranking<\/p>\n<div id=\"attachment_123302\" style=\"width: 650px\" class=\"wp-caption alignnone\"><a href=\"https:\/\/www.freiburg-schwarzwald.de\/blog\/wp-content\/uploads\/2024\/05\/who-plaene-stoppen-Freiburg-pan240504.jpg\"><img loading=\"lazy\" decoding=\"async\" aria-describedby=\"caption-attachment-123302\" class=\"size-full wp-image-123302\" src=\"https:\/\/www.freiburg-schwarzwald.de\/blog\/wp-content\/uploads\/2024\/05\/who-plaene-stoppen-Freiburg-pan240504.jpg\" alt=\"\" width=\"640\" height=\"330\" srcset=\"https:\/\/www.freiburg-schwarzwald.de\/blog\/wp-content\/uploads\/2024\/05\/who-plaene-stoppen-Freiburg-pan240504.jpg 640w, https:\/\/www.freiburg-schwarzwald.de\/blog\/wp-content\/uploads\/2024\/05\/who-plaene-stoppen-Freiburg-pan240504-180x93.jpg 180w\" sizes=\"auto, (max-width: 640px) 100vw, 640px\" \/><\/a><p id=\"caption-attachment-123302\" class=\"wp-caption-text\">WHO-Pl\u00e4ne stoppen &#8211; Friedensdemo FR 4.5.2024<\/p><\/div>\n<ul>\n<li><em>Listenauswahl eines Beitrags (Artikel\/Datum, Seite\/Inhalt):\u00a0<span style=\"text-decoration: underline;\">Klicken<\/span>\u00a0oder scrollen<\/em><\/li>\n<li><a href=\"https:\/\/www.freiburg-schwarzwald.de\/blog\/global\/eu\/europa\/europa-untergang\/\">Niedergang: Von EU-USA-China in 2000 zu China-USA-EU in 2022<\/a> (7.12.2025)<\/li>\n<li><a href=\"https:\/\/www.freiburg-schwarzwald.de\/blog\/engagement\/zukunft\/demokratie\/grundgesetz\/grundgesetz-klima\/\">Klima-Urteil des BVerfG vom 24. M\u00e4rz 2021 schadet der Wirtschaft<\/a>\u00a0(12.8.2025)<\/li>\n<li>World-Competitiveness Ranking: D auf Platz 24 von 67 abgerutscht (15&#8230;7.2024)<\/li>\n<li><a href=\"https:\/\/www.freiburg-schwarzwald.de\/blog\/global\/deutschland\/klimarettung\/\">Klimafreundlich verelendet: Belege f\u00fcr eine absichtliche Zerst\u00f6rung<\/a> (15.7.2024)<\/li>\n<li><\/li>\n<\/ul>\n<p><strong>World-Competitiveness Ranking: D auf Platz 24 von 67 abgerutscht<\/strong><br \/>\n&#8230;<br \/>\nUnd obschon es schwierig ist, laufende Zerst\u00f6rung, die \u00fcber viele kleine Prozesse ihren Niederschlag findet, die erst dann einen sichtbaren Ausdruck finden, wenn die nicht gewartete Br\u00fccke zusammenst\u00fcrzt, dingfest zu machen, gibt es massive Anzeichen, Alarmzeichen daf\u00fcr, dass der gr\u00fcne Kult, der mit seinem Endzeitempfinden Deutschland sicher in Richtung Untergang f\u00fchren wird, auf diesem Weg schon ein erhebliches St\u00fcck vorangeschritten ist.<br \/>\nEiner dieser Anzeiger ist das World-Competitiveness Ranking, das vom Institut for Management Development (IMD) herausgegeben wird. Das IMD ist, wenn man so will, eine wissenschaftliche Gegenveranstaltung zum World Economic Forum, mit einem Campus in Lausanne und Singapur und einem Entwicklungszentrum in Shenzhen, China. Das World Competitiveness Ranking wird seit rund 36 Jahren erstellt und umfasst derzeit 67 mehr oder weniger entwickelte Volkswirtschaften, die im Hinblick auf die Effektivit\u00e4t von Regierung, Wirtschaft, die Infrastruktur und die \u00f6konomische Performanz miteinander verglichen werden.<br \/>\n&#8230;<br \/>\nIn den vier Jahren, in denen das rot-gr\u00fcn-gelbe Abri\u00dfunternehmen am Werkeln ist, hat sich Deutschland bei der Einsch\u00e4tzung der wirtschaftlichen Gesamtentwicklung <em><strong>von Platz 5 (2020) auf Platz 13 (2024) veschlechtert<\/strong><\/em> <a href=\"https:\/\/www.imd.org\/centers\/wcc\/world-competitiveness-center\/rankings\/world-competitiveness-ranking\/\">https:\/\/www.imd.org\/centers\/wcc\/world-competitiveness-center\/rankings\/world-competitiveness-ranking\/<\/a>, die Effektivit\u00e4t der Regierung qualifiziert Deutschland 2024 noch zu Platz 32, 2020 war es immerhin noch Platz 24.<br \/>\nDie Effektivit\u00e4t der Wirtschaft Deutschlands ist nach Einsch\u00e4tzung des IMD mittlerweile so gering, dass es nur noch zu Platz 35 reicht, 2020 war Deutschland noch auf Platz 25 verortet. Die Infrastruktur ist mittlerweile so schlecht, dass Deutschland als angebliche Wirtschaftsmacht, als ehemaliger Exportweltmeister 2024 auf Platz 20 zur\u00fcckgefallen ist, 2020 war es noch Platz 11. In nur vier Jahren einen solchen Absturz hinzulegen, das ist eine reife Leistung, ein Dokument der Zerst\u00f6rung, wie es nur selten zu sehen ist.<br \/>\n.<br \/>\nInsgesamt rangiert Deutschland auf Platz 24 von 67 Staaten <a href=\"https:\/\/www.imd.org\/centers\/wcc\/world-competitiveness-center\/rankings\/world-competitiveness-ranking\/rankings\/wcr-rankings\/\">https:\/\/www.imd.org\/centers\/wcc\/world-competitiveness-center\/rankings\/world-competitiveness-ranking\/rankings\/wcr-rankings\/<\/a> , hinter Singapur (1), der Schweiz (2), D\u00e4nemark (3), Irland, (4), Hongkong (5) \u2026 den United Arab Emirates (7), Taiwan (8), China (14), Saudi Arabien (16), Korea (20), Bahrain (21)\u2026<br \/>\n&#8230; Alles vom 15.7.2024 bitte lesen auf<br \/>\n<a href=\"https:\/\/sciencefiles.org\/2024\/07\/15\/klimafreundlich-verelendet-belege-fuer-eine-absichtliche-zerstoerung\/\">https:\/\/sciencefiles.org\/2024\/07\/15\/klimafreundlich-verelendet-belege-fuer-eine-absichtliche-zerstoerung\/<\/a><\/p>\n","protected":false},"excerpt":{"rendered":"<p>Home\u00a0&gt;Global\u00a0&gt;Globalisierung\u00a0&gt;NWO\u00a0&gt;World-Government &gt;World-Ranking Listenauswahl eines Beitrags (Artikel\/Datum, Seite\/Inhalt):\u00a0Klicken\u00a0oder scrollen Niedergang: Von EU-USA-China in 2000 zu China-USA-EU in 2022 (7.12.2025) Klima-Urteil des BVerfG vom 24. M\u00e4rz 2021 schadet der Wirtschaft\u00a0(12.8.2025) World-Competitiveness Ranking: D auf Platz 24 von 67 abgerutscht (15&#8230;7.2024) Klimafreundlich verelendet: &hellip; <a href=\"https:\/\/www.freiburg-schwarzwald.de\/blog\/global\/globalisierung\/world-ranking\/\">Weiterlesen <span class=\"meta-nav\">&rarr;<\/span><\/a><\/p>\n","protected":false},"author":2,"featured_media":0,"parent":1180,"menu_order":0,"comment_status":"closed","ping_status":"closed","template":"","meta":{"footnotes":""},"class_list":["post-125348","page","type-page","status-publish","hentry"],"_links":{"self":[{"href":"https:\/\/www.freiburg-schwarzwald.de\/blog\/wp-json\/wp\/v2\/pages\/125348","targetHints":{"allow":["GET"]}}],"collection":[{"href":"https:\/\/www.freiburg-schwarzwald.de\/blog\/wp-json\/wp\/v2\/pages"}],"about":[{"href":"https:\/\/www.freiburg-schwarzwald.de\/blog\/wp-json\/wp\/v2\/types\/page"}],"author":[{"embeddable":true,"href":"https:\/\/www.freiburg-schwarzwald.de\/blog\/wp-json\/wp\/v2\/users\/2"}],"replies":[{"embeddable":true,"href":"https:\/\/www.freiburg-schwarzwald.de\/blog\/wp-json\/wp\/v2\/comments?post=125348"}],"version-history":[{"count":5,"href":"https:\/\/www.freiburg-schwarzwald.de\/blog\/wp-json\/wp\/v2\/pages\/125348\/revisions"}],"predecessor-version":[{"id":142603,"href":"https:\/\/www.freiburg-schwarzwald.de\/blog\/wp-json\/wp\/v2\/pages\/125348\/revisions\/142603"}],"up":[{"embeddable":true,"href":"https:\/\/www.freiburg-schwarzwald.de\/blog\/wp-json\/wp\/v2\/pages\/1180"}],"wp:attachment":[{"href":"https:\/\/www.freiburg-schwarzwald.de\/blog\/wp-json\/wp\/v2\/media?parent=125348"}],"curies":[{"name":"wp","href":"https:\/\/api.w.org\/{rel}","templated":true}]}}