{"id":12405,"date":"2012-10-07T19:12:44","date_gmt":"2012-10-07T17:12:44","guid":{"rendered":"https:\/\/www.freiburg-schwarzwald.de\/blog\/?page_id=12405"},"modified":"2023-05-07T16:57:04","modified_gmt":"2023-05-07T14:57:04","slug":"museum","status":"publish","type":"page","link":"https:\/\/www.freiburg-schwarzwald.de\/blog\/kultur\/museum\/","title":{"rendered":"Museum"},"content":{"rendered":"<p>Home &gt;<a title=\"Kultur\" href=\"https:\/\/www.freiburg-schwarzwald.de\/blog\/kultur\/\">Kultur<\/a> &gt;Museum<\/p>\n<div id=\"attachment_12185\" style=\"width: 647px\" class=\"wp-caption alignnone\"><a href=\"https:\/\/www.freiburg-schwarzwald.de\/blog\/regio\/freiburg\/littenweiler\/schlossberg13littenweiler-pan21002\/\" rel=\"attachment wp-att-12185\"><img loading=\"lazy\" decoding=\"async\" aria-describedby=\"caption-attachment-12185\" class=\"size-full wp-image-12185\" title=\"schlossberg13littenweiler-pan21002\" src=\"https:\/\/www.freiburg-schwarzwald.de\/blog\/wp-content\/uploads\/2012\/04\/schlossberg13littenweiler-pan21002.jpg\" alt=\"\" width=\"637\" height=\"195\" srcset=\"https:\/\/www.freiburg-schwarzwald.de\/blog\/wp-content\/uploads\/2012\/04\/schlossberg13littenweiler-pan21002.jpg 637w, https:\/\/www.freiburg-schwarzwald.de\/blog\/wp-content\/uploads\/2012\/04\/schlossberg13littenweiler-pan21002-180x55.jpg 180w\" sizes=\"auto, (max-width: 637px) 100vw, 637px\" \/><\/a><p id=\"caption-attachment-12185\" class=\"wp-caption-text\">Blick vom Schlossberg nach Osten \u00fcber Littenweiler ins Dreisamtal hoch bis zum Hinterwaldkopf (hinten rechts) am 2.10.2012<\/p><\/div>\n<ul>\n<li><a href=\"https:\/\/www.freiburg-schwarzwald.de\/blog\/benin-bronzen-an-afrika-privat\/\">Benin-Bronzen an Afrika privat<\/a>\u00a0(7.5.2023)<\/li>\n<li><a title=\"Stadtbild\" href=\"https:\/\/www.freiburg-schwarzwald.de\/blog\/vereine\/stadtbild\/\">Hermann Hein: Heimatwohnmuseum im Holbeinviertel<\/a>\u00a0(30.4.2020)<\/li>\n<li><a href=\"https:\/\/www.freiburg-schwarzwald.de\/blog\/museumslandschaft-freiburg\/\">https:\/\/www.freiburg-schwarzwald.de\/blog\/museumslandschaft-freiburg\/<\/a>\u00a0(1.2.2013)<\/li>\n<li><a href=\"https:\/\/www.freiburg-schwarzwald.de\/museum2.htm\">Aktuelle Infos zur Museum-Seite ab August 2005<\/a> &gt;Museum2<\/li>\n<li><a href=\"https:\/\/www.freiburg-schwarzwald.de\/museum1.htm\">Aktuelle Infos zu Museen ab 7.9.2002<\/a> &gt;Museum1<\/li>\n<li><a href=\"https:\/\/www.freiburg-schwarzwald.de\/museum.htm#Verein Oberrheinischer Museums-Pass\">Verein Oberrheinischer Museums-Pass<\/a><\/li>\n<li><a href=\"https:\/\/www.freiburg-schwarzwald.de\/museum.htm#Achkaren am Kaiserstuhl - Weinbaumuseum\">Achkarren am Kaiserstuhl &#8211; Weinbaumuseum<\/a><\/li>\n<li><a href=\"https:\/\/www.freiburg-schwarzwald.de\/auggen.htm#Mineralien - Sammlung Schmidlin\">Auggen &#8211; Mineraliensammlung<\/a> &gt;Auggen<\/li>\n<li><a href=\"https:\/\/www.freiburg-schwarzwald.de\/krozingen.htm#Tasteninstrumente-Sammlung im Schlo\u00df\">Bad Krozingen &#8211; Tasteninstrumente<\/a> &gt;Krozingen<\/li>\n<li><a href=\"https:\/\/www.freiburg-schwarzwald.de\/bauernhofmuseum.htm\">Bauernhof- bzw. Heimatmuseen<\/a> &gt;Bauernhofmuseum<\/li>\n<li><a href=\"https:\/\/www.freiburg-schwarzwald.de\/museum1.htm#Hans-Thoma-Museum in Bernau jetzt mit Audio-F\u00fchrung\">Bernau: Hans-Thoma-Museum<\/a> &gt;Museum1<\/li>\n<li><a href=\"https:\/\/www.freiburg-schwarzwald.de\/museum.htm#Breisach - Museum f\u00fcr Stadtgeschichte\">Breisach &#8211; Museum f\u00fcr Stadtgeschichte<\/a><\/li>\n<li><a href=\"https:\/\/www.freiburg-schwarzwald.de\/hansmeyerhof.htm\">Buchenbach-Griesdobel &#8211; Hansmeyerhof mit Bauernhofmuseum<\/a> &gt;Hansmeyerhof<\/li>\n<li><a href=\"https:\/\/www.freiburg-schwarzwald.de\/buggingen.htm#Kalibergwerk - Kalimuseum\">Buggingen &#8211; Kalimuseum<\/a> &gt;Buggingen<\/li>\n<li><a href=\"https:\/\/www.freiburg-schwarzwald.de\/kaiserstuhl3.htm#Burkheim am Kaiserstuhl - Bernhard Maurers Korkenziehermuseum\">Burkheim am Kaiserstuhl &#8211; Bernhard Maurers Korkenziehermuseum<\/a> &gt;Kaiserstuhl3 (31.12.2005)<\/li>\n<li><a href=\"https:\/\/www.freiburg-schwarzwald.de\/littenweiler\/colombi.htm#Freiburg - Museum f\u00fcr Ur- und Fr\u00fchgeschichte\">Colombi-Museum in FR f\u00fcr Ur- und Fr\u00fchgeschichte<\/a> &gt;Colombi<\/li>\n<li><a href=\"https:\/\/www.freiburg-schwarzwald.de\/spielsucht.htm#Computerspielemuseum Berlin\">Computerspielemuseum Berlin<\/a> &gt;Spielsucht<\/li>\n<li><a href=\"https:\/\/www.freiburg-schwarzwald.de\/eichstetten.htm#Dorfmuseum\">Eichstetten &#8211; Dorfmuseum<\/a><\/li>\n<li><a href=\"https:\/\/www.freiburg-schwarzwald.de\/eisenbach.htm#Heimatstube in der Wolfwinkelhalle\">Eisenbach &#8211; Heimatstube<\/a> &gt;Eisenbach<\/li>\n<li><a href=\"https:\/\/www.freiburg-schwarzwald.de\/kaeserei.htm#K\u00e4sereimuseum Risch in Endingen\">Endingen &#8211; K\u00e4sereimuseum<\/a> &gt;Kaeserei<\/li>\n<li><a href=\"https:\/\/www.freiburg-schwarzwald.de\/museum.htm#Feldberg-B\u00e4rental - Brennereimuseum er\u00f6ffnet\">Feldberg-B\u00e4rental &#8211; Brennereimuseum er\u00f6ffnet<\/a> (5.9.2004)<\/li>\n<li><a href=\"https:\/\/www.freiburg-schwarzwald.de\/fessenheim.htm#Schoelcher-Museum in Fessenheim\">Fessenheim: Schoelcher-Museum in Fessenheim<\/a> &gt;Fessenheim 19.3.2007)<\/li>\n<li><a href=\"https:\/\/www.freiburg-schwarzwald.de\/museum.htm#Freiburg - Adelhausermuseum f\u00fcr Natur- und V\u00f6lkerkunde\">Freiburg &#8211; Adelhausermuseum f\u00fcr Natur- und V\u00f6lkerkunde<\/a><\/li>\n<li><a href=\"https:\/\/www.freiburg-schwarzwald.de\/museum.htm#Arch\u00e4ologische Sammlung der Uni\">Freiburg &#8211; Arch\u00e4ologische Sammlung der Uni<\/a><\/li>\n<li><a title=\"Augustinermuseum\" href=\"https:\/\/www.freiburg-schwarzwald.de\/blog\/kultur\/museum\/augustinermuseum\/\">Freiburg &#8211; Augustinermuseum<\/a><\/li>\n<li><a href=\"https:\/\/www.freiburg-schwarzwald.de\/museum.htm#Freiburg - Fasnetmuseum\">Freiburg &#8211; Fasnetmuseum<\/a><\/li>\n<li><a href=\"https:\/\/www.freiburg-schwarzwald.de\/museum.htm#Kleines Stuck-Museum\">Freiburg &#8211; Kleines Stuck-Museum<\/a><\/li>\n<li><a href=\"https:\/\/www.freiburg-schwarzwald.de\/museum.htm#Morat-Institut in Freiburg\">Freiburg: Morat-Institut<\/a><\/li>\n<li><a href=\"https:\/\/www.freiburg-schwarzwald.de\/museum.htm#Museum f\u00fcr Neue Kunst\">Freiburg &#8211; Museum f\u00fcr Neue Kunst<\/a><\/li>\n<li><a href=\"https:\/\/www.freiburg-schwarzwald.de\/littenweiler\/colombi.htm#Freiburg - Museum f\u00fcr Ur- und Fr\u00fchgeschichte\">Freiburg &#8211; Museum f\u00fcr Ur- und Fr\u00fchgeschichte<\/a> &gt;Colombi<\/li>\n<li><a href=\"https:\/\/www.freiburg-schwarzwald.de\/littenweiler\/littenweiler10.htm#Museumsp\u00e4dagogischer Dienst Freiburg\">Freiburg &#8211; Museumsp\u00e4dagogischer Dienst<\/a> &gt;Littenweiler10<\/li>\n<li><a href=\"https:\/\/www.freiburg-schwarzwald.de\/museum2.htm#Puppenstuben- und Puppenmuseum Kleine Welt in Freiburg\">Freiburg &#8211; Puppenstuben- und Puppenmuseum &#8222;Kleine Welt&#8220; in Freiburg<\/a> &gt;Museum2 (14.7.07)<\/li>\n<li><a href=\"https:\/\/www.freiburg-schwarzwald.de\/museum.htm#St\u00e4dtische Museen\">Freiburg &#8211; St\u00e4dtische Museen<\/a><\/li>\n<li><a href=\"https:\/\/www.freiburg-schwarzwald.de\/museum.htm#Uniseum\">Freiburg &#8211; Uniseum<\/a><\/li>\n<li><a href=\"https:\/\/www.freiburg-schwarzwald.de\/museum.htm#Wentzingerhaus\">Freiburg &#8211; Wentzingerhaus<\/a><\/li>\n<li><a href=\"https:\/\/www.freiburg-schwarzwald.de\/museum.htm#Zinnfigurenklause Freiburg\">Freiburg &#8211; Zinnfigurenklause<\/a><\/li>\n<li><a href=\"https:\/\/www.freiburg-schwarzwald.de\/museum.htm#Furtwangen: Deutsches Uhrenmuseum\">Furtwangen: Deutsches Uhrenmuseum <\/a><\/li>\n<li><a href=\"https:\/\/www.freiburg-schwarzwald.de\/museum.htm#Gengenbach - Fl\u00f6sserei-Museum\">Gengenbach: Fl\u00f6sserei-Museum<\/a><\/li>\n<li><a href=\"https:\/\/www.freiburg-schwarzwald.de\/museum.htm#huesli\">Grafenhausen &#8211; Rothaus: H\u00fcsli<\/a><\/li>\n<li><a href=\"https:\/\/www.freiburg-schwarzwald.de\/guetenbach.htm#G\u00fctenbach - Dorfmuseum\">G\u00fctenbach &#8211; Dorfmuseum<\/a> &gt;Guetenbach<\/li>\n<li><a href=\"https:\/\/www.freiburg-schwarzwald.de\/vogtsbauernhof.htm\">Gutach: Vogtsbauernhof &#8211; Schwarzw\u00e4lder Freilichtmuseum<\/a> &gt;Vogtsbauernhof<\/li>\n<li><a href=\"https:\/\/www.freiburg-schwarzwald.de\/museum.htm#Schwarzw\u00e4lder Trachtenmuseum in Haslach im Kinzigtal\">Haslach im Kinzigtal: Schwarzw\u00e4lder Trachtenmuseum<\/a><\/li>\n<li>Hausen: Hebelhaus und Museum <a href=\"https:\/\/www.ghshauseniw.de\/heblhaus\/Heblhaus.htm\">www.ghshauseniw.de\/heblhaus\/Heblhaus.htm<\/a><\/li>\n<li><a href=\"https:\/\/www.freiburg-schwarzwald.de\/skimuseum.htm\">Hinterzarten &#8211; Skimuseum<\/a> &gt;Skimuseum<\/li>\n<li><a href=\"https:\/\/www.freiburg-schwarzwald.de\/hinterzarten5.htm#Bankenhof in Bruderhalde\">Hinterzarten &#8211; Museum Alte Landtechnik im Bankenhof<\/a> &gt;Hinterzarten5<\/li>\n<li><a href=\"https:\/\/www.freiburg-schwarzwald.de\/museum.htm#Spielzeugmuseum Hinterzarten\">Hinterzarten: Spielzeugmuseum<\/a><\/li>\n<li><a href=\"https:\/\/www.freiburg-schwarzwald.de\/ausflug.htm#Bauernhausmuseum Schniederlihof auf dem Schauinsland\">Hofsgrund: Bauernhofmuseum Schniederlihof<\/a> &gt;Ausflug<\/li>\n<li><a href=\"https:\/\/www.freiburg-schwarzwald.de\/ibach.htm#B\u00fcrstenmuseum\">Ibach: B\u00fcrstenmuseum<\/a> &gt;Ibach<\/li>\n<li>March-Hugstetten: Ofenmuseum<\/li>\n<li><a href=\"https:\/\/www.freiburg-schwarzwald.de\/museum.htm#M\u00fcllheim - Markgr\u00e4fler Museum\">M\u00fcllheim &#8211; Markgr\u00e4fler Museum<\/a><\/li>\n<li><a href=\"https:\/\/www.freiburg-schwarzwald.de\/imker.htm#Bienenkundemuseum in M\u00fcnstertal\">M\u00fcnstertal &#8211; Bienenkundemuseum<\/a> &gt;Imker<\/li>\n<li><a href=\"https:\/\/www.freiburg-schwarzwald.de\/cuckooclocks.htm#M\u00fcnstertal: Uhrensammlerverein, Uhrenstube im Muldental\">M\u00fcnstertal: Uhrenstube mit Uhrenmuseum im Muldental<\/a> &gt;Cuckooclocks (5.4.2008)<\/li>\n<li><a href=\"https:\/\/www.freiburg-schwarzwald.de\/muenstertal5.htm#Kaltwasserhof\">M\u00fcnstertal &#8211; Kaltwasserhof: Bauernhofmuseum (Fernsehserie mit den Boros)<\/a> &gt;Muenstertal5<\/li>\n<li><a href=\"https:\/\/www.freiburg-schwarzwald.de\/littenweiler\/schniederlihof.htm\">Oberried &#8211; Schniederlihof, Bauernhofmuseum in Hofsgrund<\/a> &gt;Schniederlihof<\/li>\n<li><a href=\"https:\/\/www.freiburg-schwarzwald.de\/pfaffenweiler.htm#Dorfmuseum - seit \u00fcber 20 Jahren von Erika Schwaiberger betreut\">Pfaffenweiler: Dorfmuseum &#8211; von Erika Schwaiberger betreut &gt;Pfaffenweiler (1.2009)<\/a><\/li>\n<li><a href=\"https:\/\/www.freiburg-schwarzwald.de\/riegel.htm#messmer foundation - Kunsthalle - ehemals Brauerei\">Riegel: messmer foundation &#8211; Kunsthalle &#8211; ehemals Brauerei<\/a> &gt;Riegel<\/li>\n<li><a href=\"https:\/\/www.freiburg-schwarzwald.de\/bergwerk.htm#Forschungsgruppe Steiber\">Schauinsland &#8211; Museumsbergwerk<\/a> &gt;Bergwerk<\/li>\n<li><a href=\"https:\/\/www.freiburg-schwarzwald.de\/museum.htm#Schramberg: Auto und Uhrenmuseum ErfinderZeiten\">Schramberg: Auto und Uhrenmuseum &#8222;ErfinderZeiten&#8220;<\/a> &gt;Museum<\/li>\n<li><a href=\"https:\/\/www.freiburg-schwarzwald.de\/skimuseum.htm\">Skimuseum<\/a> &gt;Skimuseum<\/li>\n<li><a href=\"https:\/\/www.freiburg-schwarzwald.de\/keramikmuseum.htm\">Staufen &#8211; Keramikmuseum<\/a> &gt;Keramikmuseum<\/li>\n<li><a href=\"https:\/\/www.freiburg-schwarzwald.de\/museum.htm#Foltermuseum in Staufen - Grausamkeiten aus dem Mittelalter\">Staufen &#8211; Foltermuseum mit Grausamkeiten aus dem Mittelalter<\/a>\u00a0&gt;Staufen1 (5.9.2005)<\/li>\n<li><a href=\"https:\/\/www.freiburg-schwarzwald.de\/museum1.htm#St.M\u00e4rgen - Museum der Schwarzw\u00e4lder Uhrmacherei\">St.M\u00e4rgen &#8211; Museum der Schwarzw\u00e4lder Uhrmacherei<\/a>&gt;Museum1<\/li>\n<li><a href=\"https:\/\/www.freiburg-schwarzwald.de\/stmaergen1.htm#Bauernhofmuseum im Michelehof spendet f\u00fcr Kinderkrebsnachsorge\">St.M\u00e4rgen &#8211; Bauernhofmuseum im Michelehof spendet<\/a> &gt;StMaergen1 (12.1.2005)<\/li>\n<li><a href=\"https:\/\/www.freiburg-schwarzwald.de\/museum.htm#Trossingen - Hamonikamuseum\">Trossingen &#8211; Hamonikamuseum<\/a><\/li>\n<li><a href=\"https:\/\/www.freiburg-schwarzwald.de\/bodensee.htm#Pfahlbaumuseum Unteruhldingen: Steinzeit - Das Experiment\">Unteruhldingen &#8211; Pfahlbaumuseum: &#8222;Steinzeit &#8211; Das Experiment&#8220;<\/a> &gt;Bodensee (27.7.2007)<\/li>\n<li><a href=\"https:\/\/www.freiburg-schwarzwald.de\/voerstetten.htm#B\u00e4ckereimuseum von Walter Leimenstoll\">B\u00e4ckereimuseum von Walter Leimenstoll<\/a> &gt;Voerstetten<\/li>\n<li><a href=\"https:\/\/www.freiburg-schwarzwald.de\/museum1.htm#Kaiserst\u00fchler Weinbaumuseum in Vogtsburg-Achkarren\">Vogtsburg-Achkarren &#8211; Kaiserst\u00fchler Weinbaumuseum<\/a><\/li>\n<li><a href=\"https:\/\/www.freiburg-schwarzwald.de\/vogtsbauernhof.htm\">Vogtsbauernhof &#8211; Schwarzw\u00e4lder Freilichtmuseum in Gutach<\/a> &gt;Vogtsbauernhof<\/li>\n<li><a href=\"https:\/\/www.freiburg-schwarzwald.de\/alteshandwerk1.htm#Schwarzw\u00e4lder Geigenbau - alte und neue Instrumente\">Villingen\/Schwenningen &#8211; Franziskanermuseum &#8211; Schwarzw\u00e4lder Geigenbau &#8211; alte und neue Instrumente<\/a> &gt;AltesHandwerk1 (3.7.2004)<\/li>\n<li><a href=\"https:\/\/www.freiburg-schwarzwald.de\/museum.htm#Waldkirch - Elztalmuseum\">Waldkirch &#8211; Elztalmuseum <\/a><\/li>\n<li><a href=\"https:\/\/www.freiburg-schwarzwald.de\/museum.htm#Wolfach - Glasmuseum Dorotheenh\u00fctte\">Wolfach <!--insert_ende:adressname2_2-->&#8211; Glasmuseum Dorotheenh\u00fctte<\/a><\/li>\n<li><a href=\"https:\/\/www.freiburg-schwarzwald.de\/museum.htm#Museum-Links\">Museum-Links<\/a><\/li>\n<li><a href=\"https:\/\/www.freiburg-schwarzwald.de\/bauernhofmuseum.htm\">Bauernhof- bzw. Heimatmuseen<\/a> &gt;Bauernhofmuseum<\/li>\n<\/ul>\n<p>&nbsp;<\/p>\n<p><strong>Ofenmuseum in March-Hu<\/strong><strong>gstetten<\/strong><\/p>\n<p><a href=\"https:\/\/www.freiburg-schwarzwald.de\/blog\/kultur\/museum\/ofenmuseum1hugstetten131129\/\" rel=\"attachment wp-att-41474\"><img loading=\"lazy\" decoding=\"async\" class=\"alignnone size-thumbnail wp-image-41474\" title=\"ofenmuseum1hugstetten131129\" src=\"https:\/\/www.freiburg-schwarzwald.de\/blog\/wp-content\/uploads\/2012\/10\/ofenmuseum1hugstetten131129-135x180.jpg\" alt=\"\" width=\"135\" height=\"180\" srcset=\"https:\/\/www.freiburg-schwarzwald.de\/blog\/wp-content\/uploads\/2012\/10\/ofenmuseum1hugstetten131129-135x180.jpg 135w, https:\/\/www.freiburg-schwarzwald.de\/blog\/wp-content\/uploads\/2012\/10\/ofenmuseum1hugstetten131129.jpg 480w\" sizes=\"auto, (max-width: 135px) 100vw, 135px\" \/><\/a>\u00a0\u00a0\u00a0\u00a0\u00a0\u00a0\u00a0\u00a0\u00a0\u00a0\u00a0\u00a0\u00a0\u00a0\u00a0\u00a0\u00a0 <a href=\"https:\/\/www.freiburg-schwarzwald.de\/blog\/kultur\/museum\/ofenmuseum2hugstetten131129\/\" rel=\"attachment wp-att-41475\"><img loading=\"lazy\" decoding=\"async\" class=\"alignnone size-thumbnail wp-image-41475\" title=\"ofenmuseum2hugstetten131129\" src=\"https:\/\/www.freiburg-schwarzwald.de\/blog\/wp-content\/uploads\/2012\/10\/ofenmuseum2hugstetten131129-180x135.jpg\" alt=\"\" width=\"180\" height=\"135\" srcset=\"https:\/\/www.freiburg-schwarzwald.de\/blog\/wp-content\/uploads\/2012\/10\/ofenmuseum2hugstetten131129-180x135.jpg 180w, https:\/\/www.freiburg-schwarzwald.de\/blog\/wp-content\/uploads\/2012\/10\/ofenmuseum2hugstetten131129.jpg 640w\" sizes=\"auto, (max-width: 180px) 100vw, 180px\" \/><\/a>\u00a0\u00a0\u00a0\u00a0\u00a0\u00a0\u00a0\u00a0\u00a0 <a href=\"https:\/\/www.freiburg-schwarzwald.de\/blog\/kultur\/museum\/ofenmuseum3hugstetten131129\/\" rel=\"attachment wp-att-41476\"><img loading=\"lazy\" decoding=\"async\" class=\"alignnone size-thumbnail wp-image-41476\" title=\"ofenmuseum3hugstetten131129\" src=\"https:\/\/www.freiburg-schwarzwald.de\/blog\/wp-content\/uploads\/2012\/10\/ofenmuseum3hugstetten131129-180x135.jpg\" alt=\"\" width=\"180\" height=\"135\" srcset=\"https:\/\/www.freiburg-schwarzwald.de\/blog\/wp-content\/uploads\/2012\/10\/ofenmuseum3hugstetten131129-180x135.jpg 180w, https:\/\/www.freiburg-schwarzwald.de\/blog\/wp-content\/uploads\/2012\/10\/ofenmuseum3hugstetten131129.jpg 640w\" sizes=\"auto, (max-width: 180px) 100vw, 180px\" \/><\/a><br \/>\n(1) Peter Gerspach am Klaver\u00a0\u00a0\u00a0\u00a0\u00a0\u00a0\u00a0\u00a0 (2) \u00d6fen in Halle 1 am 29.11.2013\u00a0\u00a0\u00a0\u00a0\u00a0\u00a0\u00a0 (3) \u00d6fen in Halle 2 in Hugstetten<\/p>\n<p>\u00dcber 300 \u00d6fen. Viele Spieluhren, Drehorgeln und Klaviere, dere Spiel \u00fcber Lochstreifen gesteuert wird.<\/p>\n<p>Ofenmuseum und Vesperst\u00fcble<br \/>\nPeter und Heidi Gerspach, Industriestrasse 2, 79232 March-Hugstetten<br \/>\nTel 07665\/1515<br \/>\n<a href=\"https:\/\/www.freiburg-schwarzwald.de\/march1.htm#Ofenmuseum in Hugstetten: \u00dcber 300 St\u00fccke bei Ofen-Peter\">Ofenmuseum in Hugstetten: \u00dcber 300 St\u00fccke bei Ofen-Peter<\/a> &gt;March1<\/p>\n<p>&nbsp;<\/p>\n","protected":false},"excerpt":{"rendered":"<p>Home &gt;Kultur &gt;Museum Benin-Bronzen an Afrika privat\u00a0(7.5.2023) Hermann Hein: Heimatwohnmuseum im Holbeinviertel\u00a0(30.4.2020) https:\/\/www.freiburg-schwarzwald.de\/blog\/museumslandschaft-freiburg\/\u00a0(1.2.2013) Aktuelle Infos zur Museum-Seite ab August 2005 &gt;Museum2 Aktuelle Infos zu Museen ab 7.9.2002 &gt;Museum1 Verein Oberrheinischer Museums-Pass Achkarren am Kaiserstuhl &#8211; Weinbaumuseum Auggen &#8211; Mineraliensammlung &gt;Auggen &hellip; <a href=\"https:\/\/www.freiburg-schwarzwald.de\/blog\/kultur\/museum\/\">Weiterlesen <span class=\"meta-nav\">&rarr;<\/span><\/a><\/p>\n","protected":false},"author":4,"featured_media":0,"parent":30,"menu_order":0,"comment_status":"open","ping_status":"closed","template":"","meta":{"footnotes":""},"class_list":["post-12405","page","type-page","status-publish","hentry"],"_links":{"self":[{"href":"https:\/\/www.freiburg-schwarzwald.de\/blog\/wp-json\/wp\/v2\/pages\/12405","targetHints":{"allow":["GET"]}}],"collection":[{"href":"https:\/\/www.freiburg-schwarzwald.de\/blog\/wp-json\/wp\/v2\/pages"}],"about":[{"href":"https:\/\/www.freiburg-schwarzwald.de\/blog\/wp-json\/wp\/v2\/types\/page"}],"author":[{"embeddable":true,"href":"https:\/\/www.freiburg-schwarzwald.de\/blog\/wp-json\/wp\/v2\/users\/4"}],"replies":[{"embeddable":true,"href":"https:\/\/www.freiburg-schwarzwald.de\/blog\/wp-json\/wp\/v2\/comments?post=12405"}],"version-history":[{"count":1,"href":"https:\/\/www.freiburg-schwarzwald.de\/blog\/wp-json\/wp\/v2\/pages\/12405\/revisions"}],"predecessor-version":[{"id":112308,"href":"https:\/\/www.freiburg-schwarzwald.de\/blog\/wp-json\/wp\/v2\/pages\/12405\/revisions\/112308"}],"up":[{"embeddable":true,"href":"https:\/\/www.freiburg-schwarzwald.de\/blog\/wp-json\/wp\/v2\/pages\/30"}],"wp:attachment":[{"href":"https:\/\/www.freiburg-schwarzwald.de\/blog\/wp-json\/wp\/v2\/media?parent=12405"}],"curies":[{"name":"wp","href":"https:\/\/api.w.org\/{rel}","templated":true}]}}