{"id":123241,"date":"2024-05-03T18:29:55","date_gmt":"2024-05-03T16:29:55","guid":{"rendered":"https:\/\/www.freiburg-schwarzwald.de\/blog\/?page_id=123241"},"modified":"2024-05-03T18:43:24","modified_gmt":"2024-05-03T16:43:24","slug":"natcon","status":"publish","type":"page","link":"https:\/\/www.freiburg-schwarzwald.de\/blog\/engagement\/zukunft\/demokratie\/konservativ\/natcon\/","title":{"rendered":"NatCon"},"content":{"rendered":"<p><a href=\"https:\/\/freiburg-schwarzwald.de\/blog\">Home<\/a>\u00a0&gt;<a title=\"Engagement\" href=\"https:\/\/www.freiburg-schwarzwald.de\/blog\/engagement\/\">Engagement<\/a>\u00a0&gt;<a title=\"Zukunft\" href=\"https:\/\/www.freiburg-schwarzwald.de\/blog\/engagement\/zukunft\/\">Zukunft<\/a>\u00a0&gt;<a title=\"Demokratie\" href=\"https:\/\/www.freiburg-schwarzwald.de\/blog\/engagement\/zukunft\/demokratie\/\">Demokratie<\/a>\u00a0&gt;<a title=\"Parlament\" href=\"https:\/\/www.freiburg-schwarzwald.de\/blog\/engagement\/zukunft\/demokratie\/parlament\/\">Parlament<\/a> &gt;<a href=\"https:\/\/www.freiburg-schwarzwald.de\/blog\/engagement\/zukunft\/demokratie\/konservativ\/natcon\/\">Konservatismus<\/a>\u00a0 &gt;NatCon<\/p>\n<div id=\"attachment_121840\" style=\"width: 650px\" class=\"wp-caption alignnone\"><a href=\"https:\/\/www.freiburg-schwarzwald.de\/blog\/wp-content\/uploads\/2024\/03\/heimatliebe-pan240318-2.jpg\"><img loading=\"lazy\" decoding=\"async\" aria-describedby=\"caption-attachment-121840\" class=\"size-full wp-image-121840\" src=\"https:\/\/www.freiburg-schwarzwald.de\/blog\/wp-content\/uploads\/2024\/03\/heimatliebe-pan240318-2.jpg\" alt=\"\" width=\"640\" height=\"294\" srcset=\"https:\/\/www.freiburg-schwarzwald.de\/blog\/wp-content\/uploads\/2024\/03\/heimatliebe-pan240318-2.jpg 640w, https:\/\/www.freiburg-schwarzwald.de\/blog\/wp-content\/uploads\/2024\/03\/heimatliebe-pan240318-2-180x83.jpg 180w\" sizes=\"auto, (max-width: 640px) 100vw, 640px\" \/><\/a><p id=\"caption-attachment-121840\" class=\"wp-caption-text\">&#8222;Heimatliebe ist kein Verbrechen&#8220; am Gmnasium Ribnitz-Damgarten &#8211; von der Polizei konfisziert am 18.3.2024<\/p><\/div>\n<ul>\n<li>Europas Bedrohung entgegnen! Eine Stimme aus der T\u00fcrkei (3.5.2024)<\/li>\n<li><\/li>\n<li><a href=\"https:\/\/www.freiburg-schwarzwald.de\/blog\/global\/eu\/eu-zentralstaat\/\">EU-Zentralstaat<\/a><\/li>\n<li><a href=\"https:\/\/www.freiburg-schwarzwald.de\/blog\/engagement\/zukunft\/demokratie\/nation\/national\/\">national<\/a><\/li>\n<\/ul>\n<p><strong>National Conservatism Conference (NatCon)<br \/>\n=====================================================<\/strong><\/p>\n<p>&nbsp;<\/p>\n<p><strong>Europas Bedrohung entgegnen! Eine Stimme aus der T\u00fcrkei<\/strong><br \/>\nVon Uzay Bulut.<br \/>\nDie invasive Bedrohung in Europa durch den Islam wird immer deutlicher. In der T\u00fcrkei ist diese \u00dcbernahme bereits vollzogen worden.<br \/>\nMeine Damen und Herren, guten Tag.<br \/>\nIch bin heute hier, um Ihnen meine Beobachtungen \u00fcber die kulturellen Gefahren, denen Europa ausgesetzt ist, mitzuteilen und zu erkl\u00e4ren, warum eine konservative Zukunft den alten Kontinent retten k\u00f6nnte. Ein konservatives Europa w\u00fcrde f\u00fcr starke Grenzen, Rechtsstaatlichkeit, Freiheit, eine starke Verteidigung oder Frieden durch St\u00e4rke und sein christliches Erbe stehen.<br \/>\nIch komme aus einem Land, das jahrhundertelang mehrheitlich christlich, ethnisch griechisch, armenisch oder assyrisch war. Aber dieses Land ist islamisiert worden. Heute sind die meisten Menschen griechischer oder armenischer Abstammung, aber da unsere Vorfahren nach der islamischen Eroberung unseres Landes gewaltsam zum Islam konvertiert sind, ist die Erinnerung an eine christliche Vergangenheit verschwunden.<br \/>\nDieses Land ist Anatolien, das einst das Kernland des byzantinischen oder ostr\u00f6mischen Reiches war. Es liegt innerhalb der Grenzen der heutigen T\u00fcrkei. Die Islamisierung des christlichen Anatoliens und des armenischen Hochlandes, in dem es einst auch gro\u00dfe j\u00fcdische Gemeinden gab, begann im elften Jahrhundert. Sie erfolgte durch eine milit\u00e4rische Invasion muslimischer T\u00fcrken, die urspr\u00fcnglich aus Zentralasien stammten; die Invasion und die anschlie\u00dfende Islamisierung erfolgten in mehreren Phasen \u00fcber die Jahrhunderte hinweg. Unter der muslimischen Herrschaft der Osmanen wurden Christen und Juden als Dhimmis bezeichnet, als B\u00fcrger zweiter Klasse, deren Anwesenheit in einem islamischen Staat toleriert wurde. Sie durften nur am Leben bleiben, wenn sie eine hohe \u201eSchutz\u201c-Steuer, die so genannte Jizya, zahlten.<\/p>\n<p>Der Islam bedroht die gesamte Menschheit<br \/>\nDie St\u00e4dte in der heutigen T\u00fcrkei wurden von Griechen, Armeniern, Assyrern und anderen nicht-t\u00fcrkischen V\u00f6lkern gebaut und bereichert. Diese Menschen sind die Vorfahren der meisten Menschen in der T\u00fcrkei. Sie sind meine Vorfahren. Und sie wurden gewaltsam islamisiert. Heute gibt es in diesen St\u00e4dten fast keine Christen mehr. Die griechische Bev\u00f6lkerung Konstantinopels oder Istanbuls bel\u00e4uft sich derzeit auf etwa 1.200. Heute sind nur noch 0,1 Prozent der Gesamtbev\u00f6lkerung der T\u00fcrkei Christen und Juden. Dieser Bev\u00f6lkerungsr\u00fcckgang ist das Ergebnis einer jahrhundertelangen Unterdr\u00fcckung von Nicht-Muslimen, die unter anderem zu Zwangskonvertierungen, Massakern, Pogromen, Deportationen und diskriminierenden Gesetzen f\u00fchrte.<\/p>\n<p>In der Stadt, in der ich aufgewachsen bin, wurde der italienische Priester der einzigen verbliebenen katholischen Kirche in der Region 2006 von einem Muslim mit einem Schuss in den R\u00fccken ermordet. Das kulturelle und religi\u00f6se Erbe der Christen \u2013 einschlie\u00dflich ihrer Kirchen, Schulen und Friedh\u00f6fe \u2013 wurde fast vollst\u00e4ndig zerst\u00f6rt. Durch diese harten Realit\u00e4ten habe ich aus erster Hand erfahren, wie radikal und bedrohlich der Islam f\u00fcr die gesamte Menschheit ist, nicht nur f\u00fcr Europa. Die T\u00fcrkei, mein Geburtsland, wird heute von einer dschihadistischen Regierung regiert, die versucht, den Islamismus in der gesamten Region zu verbreiten, indem sie Terrorgruppen wie die Hamas und ISIS unterst\u00fctzt.<\/p>\n<p>Heute erleben wir, wie sich ein \u00e4hnlicher Prozess in Europa vollzieht. Diesmal hat er nicht mit einer milit\u00e4rischen Invasion begonnen. Die Islamisierung Europas findet aufgrund der massenhaften muslimischen Migration statt. Massenmigration und Islamisierung bedrohen nicht nur Europas Sicherheit, sondern auch Europas Identit\u00e4t und Seele. Eine falsche und fehlgeleitete Politik der Toleranz und eine Politik der unbegrenzten, ungepr\u00fcften Zuwanderung hat gro\u00dfe Teile Europas an den Rand der demografischen Abl\u00f6sung gebracht. Die offiziellen Bev\u00f6lkerungsdaten vieler L\u00e4nder best\u00e4tigen diese Realit\u00e4t.<\/p>\n<p>Regierungs-Tyrannei<br \/>\nEs sind vor allem die Globalisten, die uns erz\u00e4hlen, dass die Massenmigration eine Politik ist, die Europas Probleme wie die \u00dcberalterung der Bev\u00f6lkerung und die sinkenden Geburtenraten l\u00f6sen w\u00fcrde. Sie sagen uns, dass alle Kulturen gleich sind und dass der Islam eine Religion des Friedens ist. Das sind alles L\u00fcgen. Die Wahrheit ist, dass die Stra\u00dfen Westeuropas f\u00fcr Christen, Juden und andere Nicht-Muslime, einschlie\u00dflich Ex-Muslime, nicht mehr sicher sind. Vor allem f\u00fcr Frauen und Kinder ist die Sicherheit nicht mehr gegeben.<\/p>\n<p>Nie zuvor in der Geschichte haben Regierungen zugelassen, dass Scharen von M\u00e4nnern im wehrf\u00e4higen Alter aus einer feindlich gesinnten Kultur durch Massenmigration in ihre L\u00e4nder eindringen und dort ihre B\u00fcrger t\u00f6ten oder misshandeln. Die muslimische Massenzuwanderung hat viele Probleme nach Europa gebracht, darunter eine Zunahme der Kriminalit\u00e4t, Morde, Schlepperbanden, Vergewaltigungen von Frauen und Kindern, eine sehr hasserf\u00fcllte, m\u00f6rderische und b\u00f6sartige Form des Antisemitismus, den islamischen Antisemitismus, sowie eine Einschr\u00e4nkung der Redefreiheit.<\/p>\n<p>Diese Invasion und all ihre schrecklichen Folgen sind absolute Regierungs-Tyrannei aus einem einfachen Grund: Hat irgendeine EU-Regierung ihre B\u00fcrger gefragt, ob sie die Massenmigration guthei\u00dfen? Stattdessen ist das Gegenteil der Fall. Berichten zufolge betreiben zum Beispiel viele Lehrer in England Selbstzensur, um ihre muslimischen Sch\u00fcler nicht zu beleidigen. In Frankreich werden Lehrer mit dem Tod bedroht und sogar von Islamisten ermordet. Die jungen Europ\u00e4er sehen zunehmend, dass ihre Rechte und Freiheiten, ihre eigene Identit\u00e4t und ihre eigene Zivilisation ernsthaft in Gefahr sind. Doch wenn sie ihre sehr realen Sorgen \u00e4u\u00dfern, die auf ihren eigenen pers\u00f6nlichen Beobachtungen und ihrem eigenen Leben beruhen, sind Beschimpfungen die Antwort der globalistischen Politiker. Sie werden als islamfeindlich, bigott oder rassistisch bezeichnet. Und ihre Fragen bleiben unbeantwortet. Sie werden zum Schweigen gebracht und unterdr\u00fcckt.<\/p>\n<p>Alles steht auf dem Spiel<br \/>\nDie existenzielle Frage, vor der Europa heute steht, lautet: Wird Europa Europa bleiben oder wird Europa zu Eurabia? Wird Europa seinen christlichen Glauben bewahren oder wird es ein mehrheitlich muslimischer Kontinent werden? Wird Europa starke Grenzen haben oder keine Grenzen? Eine konservative Zukunft w\u00fcrde Europa retten, und junge Menschen sollten eine konservative Bewegung anf\u00fchren. Alles, was den jungen Menschen in Europa lieb und teuer ist \u2013 ihre Kultur, ihre Redefreiheit, ihre Religionsfreiheit, ihre Zivilisation selbst \u2013 steht auf dem Spiel. Die Globalisten bieten keine L\u00f6sungen an. Sie verursachen diese Probleme.<\/p>\n<p>So viele Generationen haben daf\u00fcr gek\u00e4mpft, Europa am Leben zu erhalten und es zur gr\u00f6\u00dften Zivilisation der Welt zu machen. Doch heute k\u00e4mpft Europa gegen Globalisten, die eine woke, antiwestliche Agenda verfolgen. Die Globalisten greifen diesen wundersch\u00f6nen Kontinent an \u2013 insbesondere seine Religion, das Christentum. Diese besondere Erscheinungsform der Globalisierung sollte uns alle beunruhigen. Sie manifestiert sich in der F\u00f6rderung der antiwestlichen und insbesondere der antichristlichen Kultur in Europa und folglich in der Islamisierung des europ\u00e4ischen Kontinents.<\/p>\n<p>Ich habe aus erster Hand erfahren, was die Islamisierung der Zivilisation und der Freiheit antut. Deshalb finde ich das, was allm\u00e4hlich mit Europa geschieht, verheerend. Die Islamisierung Europas muss gestoppt werden. Wenn dies nicht geschieht, wird es das Ende der europ\u00e4ischen Zivilisation sein, wie wir sie kennen. Wenn Europa \u00fcberleben und eine Zukunft als Europa haben soll, dann muss diese Zukunft konservativ sein, konservativ im Sinne von kulturell restaurativ, so dass die Zukunft Europas und die Zukunft des Konservatismus in Europa untrennbar miteinander verbunden sind.<br \/>\nIch danke Ihnen f\u00fcr Ihre Aufmerksamkeit.<br \/>\nUzay Bulut<\/p>\n<p>&#8230; Alles vom 3.5.2024 bitte lesen auf<br \/>\n<a href=\"https:\/\/www.achgut.com\/artikel\/der_bedrohung_europas_entgegnen_eine_stimme_aus_der_tuerkei\">https:\/\/www.achgut.com\/artikel\/der_bedrohung_europas_entgegnen_eine_stimme_aus_der_tuerkei<\/a><br \/>\n.<br \/>\n<em>Uzay Bulut ist eine t\u00fcrkische Journalistin <a href=\"https:\/\/moderndiplomacy.eu\/author\/uzaybulut\/\">https:\/\/moderndiplomacy.eu\/author\/uzaybulut\/<\/a> , die in Ankara arbeitete. Sie ver\u00f6ffentlichte u.a. in der Washington Times, The Jerusalem Post und Al-Ahram.\u00a0<\/em><br \/>\n<em>Uzay Bulut hielt diese Rede auf der National Conservatism Conference (kurz: NatCon, <a href=\"https:\/\/www.achgut.com\/artikel\/diesmal_sind_sie_zu_weit_gegangen\">https:\/\/www.achgut.com\/artikel\/diesmal_sind_sie_zu_weit_gegangen<\/a> ), die am 17. April 2024 in Br\u00fcssel stattfand.<\/em><br \/>\n.<br \/>\nEinige Kommentare:<br \/>\nMan stelle sich vor, diese Rede sei in Deutschland gehalten worden. Von einem Deutschen. Inzwischen undenkbar &#8211; zumindest w\u00e4re der-\/diejenige anschlie\u00dfend regelrecht demontiert worden, von Politik und Medien. Traurig, aber wahr. Die Wahrheit, sie ist in Deutschland unsagbar gemacht worden. Wer sich jahrzehntelang fragte, wie es zu den Diktaturen 1933 und 1949 kommen konnte: er\/sie kann es sp\u00e4testens seit dem Merkel-Regime hautnah miterleben. Demokratie und Deutschland, das scheint sich nicht zu vertragen. Und so wird die sozialistische Machtergreifung den Weg ebnen f\u00fcr die islamische. Durchsetzen wird sich letztere Ideologie und die gr\u00fcn-schwarz-roten Steigb\u00fcgelhalter\/innen flugs eliminieren. R,M,<br \/>\n.<br \/>\n\u201cDie Islamisierung Europas muss gestoppt werden. Wenn dies nicht geschieht, wird es das Ende der europ\u00e4ischen Zivilisation sein, wie wir sie kennen.\u201d Weise Worte einer jungen t\u00fcrkischen Journalistin. Nur, wo habe ich sie schon mal geh\u00f6rt? Ach ja, vor 10 Jahren in Dresden bei PEGIDA. Daraufhin wurde von allen guten Seiten und Parteien auf die Stadt eingedroschen. Dunkeldeutschland\u2026 buuhhh. Nun ist es zu sp\u00e4t, die Islamisierung kommt und ich freue mich darauf (wie KGE). Dann darf ich mir 4 Frauen halten. Sind sie sch\u00f6n, verstecke ich sie unter einem Schleier. Sind sie h\u00e4sslich, auch, dann sieht es keiner. Das Beste, sie m\u00fcssen gehorchen und d\u00fcrfen nicht widersprechen. Super Ideologie, dieser Islam. Dieben wird wieder die Hand abgehackt und \u00fcberhaupt kehrt wieder Recht und Ordnung ein in dieses verlotterte Land. Was machen die eigentlich mit den unz\u00e4hligen Drogendealern? Au\u00dferdem endet die Dominanz der dummen gr\u00fcnen Weiber in den Talkshows und von Kevin K\u00fchnert h\u00f6rt und sieht man dann auch nichts mehr. Mal eine Frage an ganz schlaue Leute: Wie weit ist es von \u201cDer Islam geh\u00f6rt zu Deutschland.\u201d bis \u201cDas Kalifat ist die L\u00f6sung.\u201d ?? Also nicht die Entfernung vom Berliner Regierungsviertel bis nach Hamburg, sondern in Jahren? Und bekommt Deutschland seinen eigenen nationalen Kalifen oder wird da auch eine europ\u00e4ische L\u00f6sung bevorzugt? Es bleibt spannend. M.St.<br \/>\n.<br \/>\nJeder einzelne Buchstabe trifft mitten ins Schwarze und das Ganze gewinnt nochmals enorm an Authentizit\u00e4t, da es von einer Frau aus einem muslimischen Land verfasst wurde! Was will man (eher noch Frau) mehr? Wie viel Warnungen braucht\u2019s noch, bis es zu sp\u00e4t ist (wenn\u2019s nicht schon l\u00e4ngst ist)??? Z.W.<br \/>\n.<br \/>\nVielen Dank f\u00fcr den ausgezeichneten Text, der aussagt, was uns noch bevorstehen kann. Die Frage ist, warum so viele L\u00e4nder in Europa die Zuwanderung nicht stoppen wollen. Denn man muss davon ausgehen, dass die Regierungen wissen, welche Nachteile das f\u00fcr ein Land hat. Es scheint auch so, dass kein Politiker Mitleid mit den Menschen hat, die von Muslimen get\u00f6tet, verletzt, beraubt oder vergewaltigt woden sind. Das wird einfach so hingenommen oder wie geschehen mit dem Satz relativiert \u201cMehr Menschen bedeutet auch mehr Kriminalit\u00e4t.\u201d Es scheint so, dass es politische Kr\u00e4fte (auch Parteien) gibt, die mutwillig die Bev\u00f6lkerungsstruktur zum Schaden eines Landes ver\u00e4ndern wollen. Oder hat man gewisse L\u00e4nder erpresst und m\u00fcssen nun die weitere Zuwanderung zulassen? U.B.<br \/>\nEnde Kommentare<\/p>\n","protected":false},"excerpt":{"rendered":"<p>Home\u00a0&gt;Engagement\u00a0&gt;Zukunft\u00a0&gt;Demokratie\u00a0&gt;Parlament &gt;Konservatismus\u00a0 &gt;NatCon Europas Bedrohung entgegnen! Eine Stimme aus der T\u00fcrkei (3.5.2024) EU-Zentralstaat national National Conservatism Conference (NatCon) ===================================================== &nbsp; Europas Bedrohung entgegnen! Eine Stimme aus der T\u00fcrkei Von Uzay Bulut. Die invasive Bedrohung in Europa durch den Islam wird &hellip; <a href=\"https:\/\/www.freiburg-schwarzwald.de\/blog\/engagement\/zukunft\/demokratie\/konservativ\/natcon\/\">Weiterlesen <span class=\"meta-nav\">&rarr;<\/span><\/a><\/p>\n","protected":false},"author":2,"featured_media":0,"parent":53059,"menu_order":0,"comment_status":"closed","ping_status":"closed","template":"","meta":{"footnotes":""},"class_list":["post-123241","page","type-page","status-publish","hentry"],"_links":{"self":[{"href":"https:\/\/www.freiburg-schwarzwald.de\/blog\/wp-json\/wp\/v2\/pages\/123241","targetHints":{"allow":["GET"]}}],"collection":[{"href":"https:\/\/www.freiburg-schwarzwald.de\/blog\/wp-json\/wp\/v2\/pages"}],"about":[{"href":"https:\/\/www.freiburg-schwarzwald.de\/blog\/wp-json\/wp\/v2\/types\/page"}],"author":[{"embeddable":true,"href":"https:\/\/www.freiburg-schwarzwald.de\/blog\/wp-json\/wp\/v2\/users\/2"}],"replies":[{"embeddable":true,"href":"https:\/\/www.freiburg-schwarzwald.de\/blog\/wp-json\/wp\/v2\/comments?post=123241"}],"version-history":[{"count":5,"href":"https:\/\/www.freiburg-schwarzwald.de\/blog\/wp-json\/wp\/v2\/pages\/123241\/revisions"}],"predecessor-version":[{"id":123252,"href":"https:\/\/www.freiburg-schwarzwald.de\/blog\/wp-json\/wp\/v2\/pages\/123241\/revisions\/123252"}],"up":[{"embeddable":true,"href":"https:\/\/www.freiburg-schwarzwald.de\/blog\/wp-json\/wp\/v2\/pages\/53059"}],"wp:attachment":[{"href":"https:\/\/www.freiburg-schwarzwald.de\/blog\/wp-json\/wp\/v2\/media?parent=123241"}],"curies":[{"name":"wp","href":"https:\/\/api.w.org\/{rel}","templated":true}]}}