{"id":123071,"date":"2024-04-25T20:35:35","date_gmt":"2024-04-25T18:35:35","guid":{"rendered":"https:\/\/www.freiburg-schwarzwald.de\/blog\/?page_id=123071"},"modified":"2025-04-14T21:57:26","modified_gmt":"2025-04-14T19:57:26","slug":"profiteure","status":"publish","type":"page","link":"https:\/\/www.freiburg-schwarzwald.de\/blog\/global\/deutschland\/gesellschaft\/profiteure\/","title":{"rendered":"Profiteure"},"content":{"rendered":"<p><a href=\"https:\/\/freiburg-schwarzwald.de\/blog\">Home<\/a> &gt;<a title=\"Demokratie\" href=\"https:\/\/www.freiburg-schwarzwald.de\/blog\/engagement\/zukunft\/demokratie\/\">Demokratie<\/a>\u00a0&gt;<a title=\"Global\" href=\"https:\/\/www.freiburg-schwarzwald.de\/blog\/global\/\">Global<\/a>\u00a0&gt;<a title=\"Deutschland\" href=\"https:\/\/www.freiburg-schwarzwald.de\/blog\/global\/deutschland\/\">Deutschland<\/a>\u00a0&gt;<a title=\"Gesellschaft\" href=\"https:\/\/www.freiburg-schwarzwald.de\/blog\/global\/deutschland\/gesellschaft\/\">Gesellschaft\u00a0<\/a> &gt;<a href=\"https:\/\/www.freiburg-schwarzwald.de\/blog\/global\/deutschland\/gesellschaft\/anywheres\/\">Anywheres<\/a> &gt;Profiteure<\/p>\n<div id=\"attachment_119504\" style=\"width: 630px\" class=\"wp-caption alignnone\"><a href=\"https:\/\/www.freiburg-schwarzwald.de\/blog\/wp-content\/uploads\/2024\/01\/bauernproteste-traktoren-buerger-pan240115.jpg\"><img loading=\"lazy\" decoding=\"async\" aria-describedby=\"caption-attachment-119504\" class=\"size-full wp-image-119504\" src=\"https:\/\/www.freiburg-schwarzwald.de\/blog\/wp-content\/uploads\/2024\/01\/bauernproteste-traktoren-buerger-pan240115.jpg\" alt=\"Mittelstand protestiert 2024: Bauern, Handwerk, Dienstleister, ...\" width=\"620\" height=\"413\" srcset=\"https:\/\/www.freiburg-schwarzwald.de\/blog\/wp-content\/uploads\/2024\/01\/bauernproteste-traktoren-buerger-pan240115.jpg 620w, https:\/\/www.freiburg-schwarzwald.de\/blog\/wp-content\/uploads\/2024\/01\/bauernproteste-traktoren-buerger-pan240115-180x120.jpg 180w\" sizes=\"auto, (max-width: 620px) 100vw, 620px\" \/><\/a><p id=\"caption-attachment-119504\" class=\"wp-caption-text\">Mittelstand protestiert 2024: Bauern, Handwerk, Dienstleister, &#8230;<\/p><\/div>\n<ul>\n<li><em>Listenauswahl eines Beitrags: Bitte <span style=\"text-decoration: underline;\">anklicken<\/span> oder runterscrollen<\/em><\/li>\n<li><a href=\"https:\/\/www.freiburg-schwarzwald.de\/blog\/ist-gewinn-unmoralisch-nein\/\">Ist Gewinn unmoralisch? Nein<\/a>\u00a0(12.4.2025)<\/li>\n<li>Hoppe: Produzenten und Profiteure (18.4.2024)<\/li>\n<li><\/li>\n<li><a href=\"https:\/\/www.freiburg-schwarzwald.de\/blog\/global\/deutschland\/gesellschaft\/anywheres\/\">Anywheres<\/a><\/li>\n<li><a href=\"https:\/\/www.freiburg-schwarzwald.de\/blog\/global\/deutschland\/spaltung\/\">Spaltung<\/a><\/li>\n<\/ul>\n<p>&nbsp;<\/p>\n<p><strong>Hoppe: Produzenten und Profiteure<\/strong><br \/>\n<strong>Die getarnte Tyrannei<\/strong><br \/>\n<em>Der Begriff \u201eDemokratie\u201c wird zunehmend missbraucht, um die Zustimmung der B\u00fcrger zu ihrer eigenen Beraubung und Unterdr\u00fcckung zu erwirken.<\/em><br \/>\n&#8230;<br \/>\nWer hierzu eine interessante Theorie hat, ist Hans-Hermann Hoppe (geboren 1949); \u00d6konom der \u00d6sterreichischen Schule von Ludwig von Mises, beeinflusst unter anderem durch seinen Doktorvater J\u00fcrgen Habermas. H\u00e4tte ich sein Buch Demokratie \u2014 Der Gott, der keiner ist (1) bei dessen Erscheinen 2001 gelesen, h\u00e4tte ich seine Analyse \u2014 trotz meiner damaligen Kritik am bestehenden System \u2014 vielleicht noch f\u00fcr \u00fcberzogen erachtet. Heute allerdings &#8230;<br \/>\nWelches sind die Kritikpunkte Hoppes an der Demokratie? Mit Blick auf die Entwicklung in Deutschland nach dem Zweiten Weltkrieg konstatiert er, dass \u201epolitisch korrekt\u201c nach 1945 das war, was die USA dazu erkl\u00e4rten. Dementsprechend wurden auch die neu gegr\u00fcndeten Medien zugelassen: Wer sich verpflichtete, den Kommunismus zu bek\u00e4mpfen, dem wurde seine Nazi-Vergangenheit nachgesehen, ein Beispiel: die Springer-Presse. Es hat also nie wirklich Meinungsfreiheit bestanden.<\/p>\n<p>\u00d6konomie des Diebstahls<br \/>\nHinzu kommt, dass in einer repr\u00e4sentativen Demokratie die durch Wahlen in Machtpositionen gelangten \u201eVertreter des Volkes\u201c m\u00f6glichst lange dort bleiben wollen, vor allem, wenn sie wegen mangelnder Qualifikation woanders keine Chance h\u00e4tten. Um ihre Wiederwahl zu sichern, machen sie Versprechungen, die Geld kosten, welches sie durch Steuern von dem Teil der Bev\u00f6lkerung abpressen, der noch produktiv ist. Diese \u201e\u00d6konomie des Diebstahls\u201c f\u00fchrt zu einem egalit\u00e4ren Kollektivismus, der als \u201esoziale Gerechtigkeit\u201c kaschiert wird.<br \/>\nDamit diese institutionalisierte Kleptokratie fortdauern kann, m\u00fcssen immer mehr Menschen, die Einfluss auf die Meinungsbildung haben, in den Kreis der Profiteure einbezogen werden: Medienvertreter, Lehrer, Professoren, Intellektuelle, K\u00fcnstler, \u00d6konomen, \u201eExperten\u201c &#8230;<br \/>\nDie Methoden sind: Subventionen, Korruption, Verschuldung, Inflation, Staatsanleihen. So vergr\u00f6\u00dfert sich der Kreis der Schmarotzer, die selbst keine wirkliche Leistung erbringen, w\u00e4hrend immer weniger Menschen produktiv etwas f\u00fcr die Gesellschaft beitragen. Wichtige Voraussetzung: Fiatgeld, also ungedecktes, beliebig vermehrbares Zentralbankgeld. Dies erm\u00f6glicht es einer Generation, auf Kosten der nachfolgenden zu konsumieren. Das Ende steht die Enteignung durch eine W\u00e4hrungsreform.<br \/>\nNun ist f\u00fcr Hoppe die L\u00f6sung nicht die Monarchie, obwohl die in seinen Augen besser als die repr\u00e4sentative Demokratie abschneidet, da ein Herrscher, dem ein Land geh\u00f6rt, langfristiger und sorgsamer mit seinen Ressourcen plant als tempor\u00e4re Verwalter. Wer nur vor\u00fcbergehend in einer Machtposition ist, tendiert leicht dazu, diese zu seinem eigenen Vorteil auszunutzen \u2014 und zum Schaden der Allgemeinheit. Misswirtschaft f\u00fchrt auch h\u00e4ufig zu einem Wechsel in der Parteienkonstellation, die die Regierung bilden \u2014 sollen die anderen den Mist beseitigen, den die Vorg\u00e4nger hinterlassen haben!<\/p>\n<p><em><strong>Hoppe unterteilt ganz deutlich in<\/strong><\/em> <em><strong>Produzenten und Profiteure<\/strong><\/em>. Im Laufe der Zeit w\u00fcrden letztere in der repr\u00e4sentativen Demokratie immer zahlreicher, was zu einer \u00dcberlastung derer f\u00fchrt, die noch Waren und Dienstleistungen erzeugen. Seine Pr\u00e4misse f\u00fcr das Funktionieren eines Gemeinwesens ist der Markt: Jeder bietet etwas an, was andere brauchen. So finden Eigennutz und Fremdnutzen auf dem Boden der Freiwilligkeit und unter Wahrung der Vertragsfreiheit zueinander. Jeder Marktteilnehmer tut dies in Eigenverantwortung \u2014 eine wichtige Voraussetzung daf\u00fcr ist f\u00fcr Hoppe das Privateigentum! Der gegenseitige und auf Augenh\u00f6he beruhende Respekt f\u00fcreinander schafft die Grundlage f\u00fcr eine allgemein akzeptierte Moral.<br \/>\nDamit der freie Markt ohne Betrug und Ausbeutung funktionieren k\u00f6nnte, br\u00e4uchte es ein stabiles, durch ein nicht beliebig vermehrbares Gut gedecktes Geld.<br \/>\n&#8230;<br \/>\nFazit<br \/>\nUm Vertreter der \u201enat\u00fcrlichen Elite\u201c, so Hoppe, in die Parlamente entsenden zu k\u00f6nnen, bedarf es direkter Wahlen. Somit ist die Abschaffung des derzeitigen Parteiensystems vordringlich, denn dieses sp\u00fclt \u2014 quod erat demonstrandum \u2014 ganz offenkundig das falsche Personal nach oben! Doch irgendwann merkt auch das geduldigste Volk, dass seine Interessen nicht vertreten, sondern mit F\u00fc\u00dfen getreten werden! Momentan jedenfalls scheint es, als w\u00fcrde der Patient Deutschland von der Intensivstation in den Aufwachraum verlegt \u2026 Gute Besserung!<br \/>\n-&#8230; Alles vom 18.4.2024 bitte lesen auf<br \/>\n<a href=\"https:\/\/www.manova.news\/artikel\/die-getarnte-tyrannei\">https:\/\/www.manova.news\/artikel\/die-getarnte-tyrannei<\/a><\/p>\n<p>(1) Hoppe lebt und lehrte in den USA. Sein Buch schrieb er auf Englisch: \u201eDemocracy \u2013 The God that failed\u201c.<br \/>\nHans-Hermann Hoppe: Demokratie &#8211; Der Gott der keiner ist,<br \/>\n2001,<br \/>\n.<br \/>\nDas Info-Portal <a href=\"https:\/\/www.manova.news\">https:\/\/www.manova.news<\/a>\u00a0 bietet ausgezeichnete Beitr\u00e4ge zum politischen Zeitgeschehen an. Ein informativer Lesegenuss!<\/p>\n","protected":false},"excerpt":{"rendered":"<p>Home &gt;Demokratie\u00a0&gt;Global\u00a0&gt;Deutschland\u00a0&gt;Gesellschaft\u00a0 &gt;Anywheres &gt;Profiteure Listenauswahl eines Beitrags: Bitte anklicken oder runterscrollen Ist Gewinn unmoralisch? Nein\u00a0(12.4.2025) Hoppe: Produzenten und Profiteure (18.4.2024) Anywheres Spaltung &nbsp; Hoppe: Produzenten und Profiteure Die getarnte Tyrannei Der Begriff \u201eDemokratie\u201c wird zunehmend missbraucht, um die Zustimmung der &hellip; <a href=\"https:\/\/www.freiburg-schwarzwald.de\/blog\/global\/deutschland\/gesellschaft\/profiteure\/\">Weiterlesen <span class=\"meta-nav\">&rarr;<\/span><\/a><\/p>\n","protected":false},"author":2,"featured_media":0,"parent":66712,"menu_order":0,"comment_status":"closed","ping_status":"closed","template":"","meta":{"footnotes":""},"class_list":["post-123071","page","type-page","status-publish","hentry"],"_links":{"self":[{"href":"https:\/\/www.freiburg-schwarzwald.de\/blog\/wp-json\/wp\/v2\/pages\/123071","targetHints":{"allow":["GET"]}}],"collection":[{"href":"https:\/\/www.freiburg-schwarzwald.de\/blog\/wp-json\/wp\/v2\/pages"}],"about":[{"href":"https:\/\/www.freiburg-schwarzwald.de\/blog\/wp-json\/wp\/v2\/types\/page"}],"author":[{"embeddable":true,"href":"https:\/\/www.freiburg-schwarzwald.de\/blog\/wp-json\/wp\/v2\/users\/2"}],"replies":[{"embeddable":true,"href":"https:\/\/www.freiburg-schwarzwald.de\/blog\/wp-json\/wp\/v2\/comments?post=123071"}],"version-history":[{"count":5,"href":"https:\/\/www.freiburg-schwarzwald.de\/blog\/wp-json\/wp\/v2\/pages\/123071\/revisions"}],"predecessor-version":[{"id":132766,"href":"https:\/\/www.freiburg-schwarzwald.de\/blog\/wp-json\/wp\/v2\/pages\/123071\/revisions\/132766"}],"up":[{"embeddable":true,"href":"https:\/\/www.freiburg-schwarzwald.de\/blog\/wp-json\/wp\/v2\/pages\/66712"}],"wp:attachment":[{"href":"https:\/\/www.freiburg-schwarzwald.de\/blog\/wp-json\/wp\/v2\/media?parent=123071"}],"curies":[{"name":"wp","href":"https:\/\/api.w.org\/{rel}","templated":true}]}}