{"id":122464,"date":"2024-04-09T21:42:57","date_gmt":"2024-04-09T19:42:57","guid":{"rendered":"https:\/\/www.freiburg-schwarzwald.de\/blog\/?page_id=122464"},"modified":"2025-08-25T21:07:44","modified_gmt":"2025-08-25T19:07:44","slug":"kirche-repression","status":"publish","type":"page","link":"https:\/\/www.freiburg-schwarzwald.de\/blog\/religion\/kirchen\/kirche-repression\/","title":{"rendered":"Kirche-Repression"},"content":{"rendered":"<p><a href=\"https:\/\/www.freiburg-schwarzwald.de\/blog\">Home<\/a>\u00a0&gt;<a title=\"Religion\" href=\"https:\/\/www.freiburg-schwarzwald.de\/blog\/religion\/\">Religion<\/a>\u00a0&gt;<a title=\"Kirchen\" href=\"https:\/\/www.freiburg-schwarzwald.de\/blog\/religion\/kirchen\/\">Kirchen<\/a> &gt;<a href=\"https:\/\/www.freiburg-schwarzwald.de\/blog\/religion\/kirche-politik\/\">Kirche-Politik<\/a> &gt;Kirche-Repression<\/p>\n<div id=\"attachment_26418\" style=\"width: 648px\" class=\"wp-caption alignnone\"><a href=\"https:\/\/www.freiburg-schwarzwald.de\/blog\/wp-content\/uploads\/2013\/04\/feldbergkirche100216pan.jpg\"><img loading=\"lazy\" decoding=\"async\" aria-describedby=\"caption-attachment-26418\" class=\"size-full wp-image-26418\" src=\"https:\/\/www.freiburg-schwarzwald.de\/blog\/wp-content\/uploads\/2013\/04\/feldbergkirche100216pan.jpg\" alt=\"\" width=\"638\" height=\"257\" srcset=\"https:\/\/www.freiburg-schwarzwald.de\/blog\/wp-content\/uploads\/2013\/04\/feldbergkirche100216pan.jpg 638w, https:\/\/www.freiburg-schwarzwald.de\/blog\/wp-content\/uploads\/2013\/04\/feldbergkirche100216pan-180x72.jpg 180w\" sizes=\"auto, (max-width: 638px) 100vw, 638px\" \/><\/a><p id=\"caption-attachment-26418\" class=\"wp-caption-text\">Blick nach S\u00fcden zur Feldbergkirche &#8222;Verkl\u00e4rung Christi&#8220; am 14.2.2010<\/p><\/div>\n<p>&nbsp;<\/p>\n<ul>\n<li><em>Listenauswahl eines Beitrags (Artikel\/Datum, Seite\/Inhalt): <span style=\"text-decoration: underline;\">Klicken<\/span> oder scrollen<\/em><\/li>\n<li><a href=\"https:\/\/www.freiburg-schwarzwald.de\/blog\/kirche-gegen-passives-wahlrecht\/\">Kirche gegen passives Wahlrecht<\/a>\u00a0(25.8.2025)<\/li>\n<li>Pfarrer Michaelis zur Amtsenthebung: \u201eDas ist offener Rechtsbruch\u201c (5.4.2024)<\/li>\n<li><a href=\"https:\/\/www.freiburg-schwarzwald.de\/blog\/frieden-mit-pfarrer-michaelis\/\">Frieden mit Pfarrer Miichaelis<\/a> (23.12.2023)<\/li>\n<\/ul>\n<ul>\n<li><a title=\"Christen\" href=\"https:\/\/www.freiburg-schwarzwald.de\/blog\/religion\/christen\/\">Christen<\/a><\/li>\n<li><a href=\"https:\/\/www.freiburg-schwarzwald.de\/blog\/religion\/kirchen\/deep-church\/\">Deep-Church<\/a><\/li>\n<li><a href=\"https:\/\/www.freiburg-schwarzwald.de\/blog\/religion\/evangelisch\/\">Evangelisch<\/a><\/li>\n<li><a href=\"https:\/\/www.freiburg-schwarzwald.de\/blog\/religion\/kirchen\/kirche-repression\/\">Kirche-Repression<\/a><\/li>\n<li><a title=\"Kirche-Staat\" href=\"https:\/\/www.freiburg-schwarzwald.de\/blog\/religion\/kirche-staat\/\">Kirche-Staat<\/a><\/li>\n<li><a href=\"https:\/\/www.freiburg-schwarzwald.de\/blog\/religion\/kirchen\/kirchenschliessungen\/\">Kirchenschliessungen<\/a><\/li>\n<li><a title=\"Kirchentag\" href=\"https:\/\/www.freiburg-schwarzwald.de\/blog\/religion\/kirchen\/kirchentag\/\">Kirchentag<\/a><\/li>\n<li><a title=\"Politische-Bildung\" href=\"https:\/\/www.freiburg-schwarzwald.de\/blog\/bildung\/politische-bildung\/\">Politische Bildung (Lehrer)<\/a><\/li>\n<li><a title=\"Religion-Privatsache\" href=\"https:\/\/www.freiburg-schwarzwald.de\/blog\/religion\/religion-privatsache\/\">Religion-Privatsache<\/a><\/li>\n<\/ul>\n<p>&nbsp;<\/p>\n<p><strong>Pfarrer Michaelis zur Amtsenthebung: \u201eDas ist offener Rechtsbruch\u201c<\/strong><br \/>\nInterview: Martin Michaelis will als Parteiloser auf der Liste der AfD in Quedlinburg zur Stadtratswahl antreten. Nun hat die Kirche den schon mehrfach sanktionierten Pfarrer demonstrativ auch seines letzten Amtes enthoben<br \/>\nMoritz Schwarz<\/p>\n<p>Herr Pfarrer, wieso \u201ebegr\u00fcnden Sie ihren Menschenha\u00df ausgerechnet mit dem Evangelium\u201c?<br \/>\nMartin Michaelis: Diese Behauptung ist ebenso unverst\u00e4ndlich wie unversch\u00e4mt. Ich wollte es zun\u00e4chst gar nicht glauben, als ich das gelesen habe.<\/p>\n<p>Das schreibt die \u201eZeit\u201c \u00fcber Sie, laut der Sie der Vertreter einer Str\u00f6mung in der evangelischen Kirche sind, die auf \u201eeinen Faschisten als Ministerpr\u00e4sident\u201c und die \u201eAuferstehung des deutschen Volkes\u201c hofft.<br \/>\nMichaelis: Was f\u00fcr Unsinn. Mir scheint, dieser Zeit-Autor leidet an Fieberphantasien.<\/p>\n<p>Gibt es keine solche Str\u00f6mung in der EKD?<br \/>\nMichaelis: Nein, ich kenne niemanden. Es mag einzelne geben, die so denken, das kann man nie ausschlie\u00dfen, aber eine wahrnehmbare Gr\u00f6\u00dfe? Absurd!<\/p>\n<p>Immerhin wollen Sie bei den Kommunalwahlen in Sachsen-Anhalt am 9. Juni in Quedlinburg auf der Liste der AfD kandidieren.<br \/>\nMichaelis: Darauf bezieht sich die Zeit ja eigentlich, was ihr Faschismus-Gefasel jedoch nur um so bizarrer macht: Sogar den NS-Reichsbischof Ludwig M\u00fcller bietet das Blatt auf \u2013 welcher Zusammenhang zwischen ihm und mir, zwischen der NSDAP und der AfD besteht, wird allerdings nicht erkl\u00e4rt. Aber ich glaube, darum geht es auch gar nicht, sondern nur darum, die Partei und mich irgendwie in einem Atemzug mit dem Nationalsozialismus zu nennen. Vielleicht ist es ja als ein Lehrst\u00fcck lupenreinen Framings gedacht, weil es so leicht zu durchschauen ist. Ich halte es jedoch f\u00fcr sehr gef\u00e4hrlich.<\/p>\n<p>Warum?<br \/>\nMichaelis: Weil so der Eindruck entsteht, Reichsbischof M\u00fcller sei ungef\u00e4hrlich, ja harmlos gewesen \u2013 so wie ich. \u00dcbrigens haben mir vor wenigen Monaten Nachkommen eines Mitgr\u00fcnders der Bekennenden Kirche das Sakristeigebet ihres Vaters geschenkt \u2013 ausdr\u00fccklich als W\u00fcrdigung meines Wirkens in den letzten wenigen Jahren. Sie kennen mich. Das ist wohl der entscheidende Punkt.<\/p>\n<p>\u201eWo bitte setzt sich die AfD f\u00fcr Diskriminierung ein?\u201c<br \/>\nF\u00fcr Ihre Landeskirche \u2013 die Evangelische Kirche in Mitteldeutschland (EKM) \u2013 scheint ein Zusammenhang zwischen M\u00fcller und Ihnen allerdings nicht so abwegig zu sein: Wegen Ihrer Kandidatur hat sie Ihnen nun die T\u00e4tigkeit als Gemeindepfarrer untersagt.<\/p>\n<p>Michaelis: Ja, obwohl Paragraph 35 des Pfarrdienstgesetzes erlaubt, bei Kommunalwahlen zu kandidieren. Deshalb h\u00e4tte mich die Landeskirche sogar in Schutz nehmen m\u00fcssen, da laut Paragraph 47 Pfarrer \u201egegen ungerechtfertigte Angriffe in Schutz zu nehmen sind, insbesondere gegen politisch motivierte Angriffe\u201c. Meine Familie und ich sind in Quedlinburg nun einmal heimisch geworden, und ich m\u00f6chte mich f\u00fcr die Stadt engagieren.<\/p>\n<p>Aber warum auf der Liste der AfD?<br \/>\nMichaelis: Um die geht es mir weniger, sondern um das kommunale Mandat. Doch kamen zwei Bekannte auf die Idee, wir k\u00f6nnten hier etwas bewegen: Nun treten wir gemeinsam an \u2013 alle parteilos.<\/p>\n<p>H\u00e4tten Sie also auch auf anderen Listen kandidiert?<br \/>\nMichaelis: Prinzipiell ja, doch habe ich mit der AfD viele \u00dcbereinstimmungen, etwa beim Schutz des ungeborenen Lebens, der St\u00e4rkung demokratischer Mitbestimmungsrechte der B\u00fcrger oder da\u00df meine Klarstellung, im Falle meiner Wahl bin ich nur meinem Gewissen, nicht aber der Parteidisziplin verpflichtet, \u00e4u\u00dferst positiv aufgenommen wurde.<\/p>\n<p>Warum treten Sie der AfD nicht bei?<br \/>\nMichaelis: Grunds\u00e4tzlich trete ich keiner Partei bei. Unabh\u00e4ngigkeit ist gerade in meinem Beruf wichtig.<\/p>\n<p>\u201eParteiloser tritt in Kleinstadt zur Kommunalwahl an\u201c \u2013 Pardon, aber unbedeutender geht es doch kaum.<br \/>\nMichaelis: Um so absurder die Reaktion: Kaum hatte ich meine Kandidatur erkl\u00e4rt, teilte die EKM \u00f6ffentlich mit, ich sei mit sofortiger Wirkung des Amtes enthoben, was in den Gemeinden und dar\u00fcber hinaus nat\u00fcrlich sehr viele bemerkten. Der Superintendent h\u00f6chstpers\u00f6nlich \u00fcberbrachte mir das entsprechende Schreiben, und wie wichtig ihm meine Bestrafung war, zeigt auch, da\u00df er mir, obwohl das Verbot erst anderentags in Kraft trat, mit Verweis auf seine Weisungsbefugnis ab sofort verbot, mein Amt als Pfarrer auszu\u00fcben. So durfte ich selbst im schon vorbereiteten Abendgottesdienst nicht mehr predigen, zur Entt\u00e4uschung seiner Besucher \u2013 einige erz\u00e4hlten mir, da\u00df sie deshalb gleich gegangen seien.<\/p>\n<p>Wu\u00dften Sie denn, was auf Sie zukommt?<br \/>\nMichaelis: Nun, der Auftritt des Superintendenten hat mich insofern \u00fcberrascht, als das Landeskirchenamt auf meine Ank\u00fcndigung einer Kandidatur Mitte Februar gar nicht reagiert hat. Der Kreiskirchenrat dagegen teilte mir schriftlich mit, sollte ich das wahrmachen, w\u00fcrde ich mein Amt verlieren.<\/p>\n<p>Warum haben Sie es dennoch getan?<br \/>\nMichaelis: Erstens, ganz einfach: Weil ich es darf. Denn die Rechtslage ist klar, ich nehme ein von Grundgesetz und Landesverfassung garantiertes Recht wahr. Zweitens, weil ich es unverfroren finde, wenn mir jemand mein Recht nehmen will. Die kirchliche Gesetzgebung r\u00e4umt der Kirchenleitung, egal welcher Ebene, keinen Ermessensspielraum ein, sie hat dies schlicht zur Kenntnis zu nehmen. Ich hatte daher auch Zweifel, ob sie tats\u00e4chlich Ernst machen w\u00fcrden oder es blo\u00df ein Einsch\u00fcchterungsversuch war. Und wie sie nun weiter damit umgehen wollen, ist mir schleierhaft. Denn dies ist ein Rechtsbruch, bei dem ich keinesfalls mitwirken werde, auch nicht durch Gehorsam wider besseres Wissen. Zudem meine ich, da\u00df die \u00c4chtung der AfD, insbesondere ihren Mitgliedern den christlichen Glauben abzusprechen, nicht gerechtfertigt ist.<\/p>\n<p>Warum nicht?<br \/>\nMichaelis: Weil es daf\u00fcr keinerlei substantielle und gerichtlich best\u00e4tigte Begr\u00fcndung gibt. Und es widerspricht der Zwei-Reiche-Lehre Luthers, wonach die Aufgabe der Kirche in der geistlichen Verk\u00fcndigung liegt und sie sich nicht in die Aufgaben des Staates zu mengen hat. Woran ich mich \u00fcbrigens immer gehalten habe \u2013 denn nie habe oder w\u00fcrde ich etwa auf der Kanzel Werbung f\u00fcr eine Partei machen oder vor einer Partei namentlich warnen. Deshalb kritisiere ich auch, da\u00df der Superintendent von Halberstadt die Kanzel f\u00fcr Reden ausdr\u00fccklich gegen die AfD mi\u00dfbraucht.<\/p>\n<p>Aber Sie wollen doch nun selbst in die Politik.<br \/>\nMichaelis: Ja, doch nicht als Pfarrer, sondern als Privatmann und B\u00fcrger.<\/p>\n<p>\u201eEs ist zwar im Kircheninteresse, da\u00df Pfarrer sich politisch engagieren\u201c, so die EKM in einer Erkl\u00e4rung zu Ihrer Suspendierung, \u201edies gilt aber nicht f\u00fcr Parteien mit verfassungsrechtlich fragw\u00fcrdigen Positionen.\u201c<br \/>\nMichaelis: Das ist ebenso an den Haaren herbeigezogen wie die Behauptung der Zeit, ich st\u00fcnde \u201eam Rand oder gar au\u00dferhalb des verfassungstreuen Spektrums\u201c. Gibt es f\u00fcr all diese Unterstellungen eigentlich irgendwelche Belege?<\/p>\n<p>\u201eWir k\u00f6nnen uns nicht neutral verhalten, wenn Menschen ausgegrenzt, verachtet, verfolgt oder bedroht werden\u201c, begr\u00fcndete Anna-Nicole Heinrich, Pr\u00e4ses der Synode der EKD \u2013 zu der die EKM geh\u00f6rt \u2013 den Kurs.<br \/>\nMichaelis: Bedrohen, verachten und ausgrenzen? Nun, das ist genau das, was die EKM mit mir macht \u2013 und sie merkt es nicht! Da f\u00e4llt mir eine Aussage Martin Luthers ein: \u201eWen Gott recht strafen will, den macht er zuerst blind.\u201c Wohin soll dieser Umgang mit Menschen anderer Meinung f\u00fchren?<\/p>\n<p>Unl\u00e4ngst hat sich die EKD und damit auch die EKM dem B\u00fcndnis \u201eZusammen f\u00fcr Demokratie\u201c angeschlossen, um \u201ef\u00fcr eine vielf\u00e4ltige, freie, offene Gesellschaft &#8230; das Recht auf gutes, friedliches Leben &#8230; und gegen jede Form von Diskriminierung durch Rechte\u201c zu k\u00e4mpfen.<\/p>\n<p>Michaelis: Im Klartext, gegen die AfD! Es f\u00e4llt mir schwer, all diese Vorw\u00fcrfe zu entkr\u00e4ften \u2013 weil ich n\u00e4mlich nichts erkennen kann, was sie bekr\u00e4ftigt: Wo bitte setzt sich die AfD gegen Freiheit, Frieden, ein gutes Leben oder f\u00fcr Diskriminierung ein? Liest man nach, wof\u00fcr sie eintritt, dann ist vielmehr genau das Gegenteil der Fall!<\/p>\n<p>\u201eUndemokratisch, unchristlich und menschlich entt\u00e4uschend\u201c<br \/>\nSie kennen doch die Vorw\u00fcrfe: Menschenfeindlichkeit, Sexismus, Antisemitismus, Rassismus etc.<br \/>\nMichaelis: Eine kritische Haltung etwa zu ungeregelter Einwanderung hat nichts mit Menschenfeindlichkeit, gar Rassismus zu tun. Die Behauptung der letzten Wochen, die AfD wolle jeden Nichtdeutschen \u201edeportieren\u201c, Menschen \u201enach rassischen Kriterien\u201c sortieren und \u201evertreiben\u201c, haben sich als unwahr herausgestellt. Pers\u00f6nlich mir bekannte AfD-Mitglieder etwa w\u00fcnschen sich nur, da\u00df die Dinge wieder korrekt nach Recht und Gesetz verlaufen. Nein, das ist \u00fcble Nachrede und Framing, um zu tun, was man als Christ auf gar keinen Fall tun soll, andere auszugrenzen! Vor allem aber entm\u00fcndigt man die Menschen subtil, da so ihr Wahlverhalten beeinflu\u00dft werden soll \u2013 diese Aufgabe steht wirklich in keiner Kirchenverfassung.<\/p>\n<p>Kann man aber nicht zu Recht argumentieren: Die AfD widersetzt sich, jeden aufzunehmen \u2013 was das christliche Gebot der N\u00e4chstenliebe jedoch gebietet.<br \/>\nMichaelis: Nein, das ist vollkommen falsch.<\/p>\n<p>Warum?<br \/>\nMichaelis: Weil der christliche Glaube kein politisches Programm ist und seine Instrumentalisierung per se genannter Zwei-Reiche-Lehre widerspricht.<\/p>\n<p>Unpolitisch ist die Bibel allerdings nicht, sie verlangt durchaus ein bestimmtes Verhalten etwa gegen\u00fcber Armen und Hilfsbed\u00fcrftigen und unterscheidet so durchaus zwischen guter und schlechter Herrschaft \u2013 beziehungsweise Politik, wie wir heute dazu sagen.<br \/>\nMichaelis: Ja, indem die Kirche das Gewissen der Politiker sch\u00e4rft, nicht aber, indem sie eine ganz konkrete Politik verlangt: Nat\u00fcrlich soll die weltliche Macht vom christlichen Geist inspiriert sein, doch wie sie ihn politisch umsetzt, ist ihre Sache. \u00dcbrigens ist dies getrennt zu haben eine wichtige Errungenschaft des Abendlandes aus der Zeit der Reformation, die beide sch\u00fctzt, den Staat und die Kirche, und die zugleich in die Schranken weist! Und auf eben dieser Grundlage habe ich mich zum Beispiel w\u00e4hrend der Corona-Zeit \u00f6ffentlich engagiert, als ich die negativen Folgen der Corona-Ma\u00dfnahmen f\u00fcr die Menschen kritisiert, nicht aber der Regierung die richtige Politik diktiert habe.<\/p>\n<p>Mit diesem Einsatz haben Sie bereits 2021 Bekanntheit erlangt. Der \u201eSpiegel\u201c zitierte Sie damals so: \u201eWer hier Angst hat, hat das richtige Gesp\u00fcr und ist richtig im Kopf.\u201c Und auch daf\u00fcr wurden Sie schon bestraft.<br \/>\nMichaelis: Es war der Spiegel, der das erst richtig in Gang setzte, denn er erw\u00e4hnte mich in ein- und demselben Text mit Tommy Frenck.<\/p>\n<p>Wer?<br \/>\nMichaelis: Das habe ich mich auch gefragt. Laut Spiegel ein Gastwirt aus Hildburghausen, der \u201eF\u00fchrerschnitzel\u201c f\u00fcr 8,88 Euro verkauft. Ich kenne ihn nicht und habe auch nie ein F\u00fchrerschnitzel bestellt, serviert bekommen, gegessen etc.<\/p>\n<p>Hat der \u201eSpiegel\u201c denn eine Beziehung zwischen ihm und Ihnen hergestellt.<br \/>\nMichaelis: Nein.<\/p>\n<p>Wo liegt dann das Problem?<br \/>\nMichaelis: Es hie\u00df, es reiche, da\u00df ich in einem Text auftauche, in dem auch Herr Frenck vorkommt, um untragbar zu sein. In der Folge wurde ich aus meinem Amt als Vorsitzender der Gesamtvertretung der VELKD vertrieben &#8230;<\/p>\n<p>&#8230; also der Vereinigten Evangelisch-Lutherischen Kirche Deutschlands, einem konfessionellen Verband innerhalb der EKD &#8230;<br \/>\nMichaelis: &#8230; und kurz darauf auch aus dem Vorsitz der Pfarrvereine. Zudem wurde ich nicht mehr f\u00fcr die Dienstrechtliche Kommission der EKD vorgeschlagen, in der ich bis dato Mitglied war. Und schlie\u00dflich setzte man ein Disziplinarverfahren gegen mich in Kraft, das bis heute anh\u00e4ngig ist. Ich habe also bereits damals fast alle \u00c4mter verloren. Obwohl die von \u201eMultipolar\u201c erklagten RKI-Akten belegen, da\u00df ich mit allem damals von mir Gesagtem richtiglag. Dieses umfassende Strafgericht gegen mich war schon damals ein eigentlich unfa\u00dfbarer Vorgang.<\/p>\n<p>Warum?<br \/>\nMichaelis: Weil es ein Ma\u00df an Intoleranz und antidemokratischer Gesinnung offenbart, das all die hochheiligen Beteuerungen der demokratischen und christlichen Werte, die st\u00e4ndig beschworen werden und verteidigt werden sollen, hohnspricht.<\/p>\n<p>Was ist die Ursache daf\u00fcr?<\/p>\n<p>Michaelis: Die Kirche scheint gar nicht zu bemerken, da\u00df sie trotz der historischen Erfahrung erneut einer Ideologie auf den Leim geht. Augenf\u00e4llig wird das etwa, wenn sie den Gemeinden Banner mit der Aufschrift \u201eUnsere Kreuze haben keine Haken\u201c anbietet, um sie an Kircht\u00fcrmen oder vor ihren Kirchen zu hissen. Dazu mu\u00df man wissen, da\u00df die EKD 1947, nach der Erfahrung des Nationalsozialismus, als an vielen Kirchen Hakenkreuzfahnen wehten, beschlo\u00df, fortan sei ausschlie\u00dflich die \u2013 1919 entstandene und 1926 offiziell eingef\u00fchrte \u2013 Kirchenfahne der EKD mit dem bekannten lilafarbenen Kreuz auf wei\u00dfem Grund zu zeigen. Diese Flaggenverordnung gilt bis heute und soll eigentlich gerade das unm\u00f6glich machen, was nun wieder geschieht, da\u00df die evangelische Kirche sich \u00f6ffentlich in den Dienst einer Ideologie und einer Regierung stellt!<\/p>\n<p>Die offiziellen Strafma\u00dfnahmen gegen Sie sind eine Sache, wie aber ist der pers\u00f6nliche Umgang mit Ihnen?<br \/>\nMichaelis: Leider auch entt\u00e4uschend und alles andere als demokratisch und christlich. Glauben Sie nicht, man h\u00e4tte je das Gespr\u00e4ch mit mir gesucht, versucht, meinen Standpunkt zu verstehen, meine Argumente zu w\u00e4gen. Und so war es auch schon 2021. Ein weiteres Beispiel ist, da\u00df schon vor sechs Monaten \u2013 also lange vor Ank\u00fcndigung meiner Kandidatur auf der AfD-Liste \u2013 \u00fcber mich ein Predigt- und Kasualverbot in Quedlinburg verh\u00e4ngt wurde. Das zeigt den Umgang mit Andersdenkenden, zuerst mit Gemeindegliedern, die mich in Anspruch nehmen m\u00f6chten, aber auch mit mir selbst.<\/p>\n<p>Wie ist all das zu erkl\u00e4ren?<br \/>\nMichaelis: Nun, man will die Demokratie verteidigen \u2013 mit undemokratischen Mitteln. Und man bemerkt den Widerspruch nicht einmal! Ebenso absurd ist es, zur \u201eRettung der Demokratie\u201c hier im Osten den Ausschlu\u00df eines Drittels der W\u00e4hler aus dem politischen Diskurs zu fordern. Dabei spricht man den Menschen sowohl das moralische Recht als auch die F\u00e4higkeit ab, sich eine eigene Meinung zu bilden, entm\u00fcndigt sie also \u2013 zur \u201eRettung der Demokratie\u201c. Und nicht nur das, auch ihr rechter Glaube wird ihnen abgesprochen: Man mu\u00df sich das vorstellen, im Grunde werden politisch Andersdenkende zu Ungl\u00e4ubigen erkl\u00e4rt! In unserer Kirche, der EKM, soll durch Synodenbeschlu\u00df demn\u00e4chst festgezurrt werden, da\u00df AfD-Mitglieder und sogar -Unterst\u00fctzer nicht in Gemeindekirchenr\u00e4te gew\u00e4hlt werden k\u00f6nnen. Das alles zeigt, da\u00df wir es nicht, wie behauptet, mit Werten zu tun haben, sondern mit Ideologie! Und im Grunde wiederholt sich auch die alte Problematik des Verh\u00e4ltnisses zwischen Kirche und weltlicher Macht. Denn wenn wir die Zwei-Reiche-Lehre in unsere Gegenwart \u00fcbersetzen, dann ist wichtigster Teil des weltlichen Regiments heute das Volk \u2013 ein jeder mit seinem gottgegebenen und hoffentlich wachen Gewissen \u2013, das in der Demokratie ja der Souver\u00e4n ist. Dem aber darf die Kirche nicht \u201eins Handwerk pfuschen\u201c, wie Luther gemahnt hat, auch nicht bei einer Wahl. Und tut sie es doch, so ist das nicht etwa die Verteidigung, sondern der Angriff auf die demokratische Volksherrschaft.<\/p>\n<p>&#8230; Komplettes Interview von Moritz Schwarz mit Pfarrer Martin Michaelis vom 5,4,2024 bitte lesen in der JF 15\/24, Seite 3<br \/>\n<a href=\"https:\/\/www.junge-freiheit.de\">https:\/\/www.junge-freiheit.de<\/a><\/p>\n<p><em>Martin Michaelis: Der Physiklaborant und Theologe, geboren 1961 in Jena, war Pfarrer in Altenburg, Steinach und von 2017 bis zur Suspendierung in Gatersleben\/Seeland bei Quedlinburg<\/em><\/p>\n","protected":false},"excerpt":{"rendered":"<p>Home\u00a0&gt;Religion\u00a0&gt;Kirchen &gt;Kirche-Politik &gt;Kirche-Repression &nbsp; Listenauswahl eines Beitrags (Artikel\/Datum, Seite\/Inhalt): Klicken oder scrollen Kirche gegen passives Wahlrecht\u00a0(25.8.2025) Pfarrer Michaelis zur Amtsenthebung: \u201eDas ist offener Rechtsbruch\u201c (5.4.2024) Frieden mit Pfarrer Miichaelis (23.12.2023) Christen Deep-Church Evangelisch Kirche-Repression Kirche-Staat Kirchenschliessungen Kirchentag Politische Bildung (Lehrer) &hellip; <a href=\"https:\/\/www.freiburg-schwarzwald.de\/blog\/religion\/kirchen\/kirche-repression\/\">Weiterlesen <span class=\"meta-nav\">&rarr;<\/span><\/a><\/p>\n","protected":false},"author":2,"featured_media":0,"parent":459,"menu_order":0,"comment_status":"closed","ping_status":"closed","template":"","meta":{"footnotes":""},"class_list":["post-122464","page","type-page","status-publish","hentry"],"_links":{"self":[{"href":"https:\/\/www.freiburg-schwarzwald.de\/blog\/wp-json\/wp\/v2\/pages\/122464","targetHints":{"allow":["GET"]}}],"collection":[{"href":"https:\/\/www.freiburg-schwarzwald.de\/blog\/wp-json\/wp\/v2\/pages"}],"about":[{"href":"https:\/\/www.freiburg-schwarzwald.de\/blog\/wp-json\/wp\/v2\/types\/page"}],"author":[{"embeddable":true,"href":"https:\/\/www.freiburg-schwarzwald.de\/blog\/wp-json\/wp\/v2\/users\/2"}],"replies":[{"embeddable":true,"href":"https:\/\/www.freiburg-schwarzwald.de\/blog\/wp-json\/wp\/v2\/comments?post=122464"}],"version-history":[{"count":5,"href":"https:\/\/www.freiburg-schwarzwald.de\/blog\/wp-json\/wp\/v2\/pages\/122464\/revisions"}],"predecessor-version":[{"id":138303,"href":"https:\/\/www.freiburg-schwarzwald.de\/blog\/wp-json\/wp\/v2\/pages\/122464\/revisions\/138303"}],"up":[{"embeddable":true,"href":"https:\/\/www.freiburg-schwarzwald.de\/blog\/wp-json\/wp\/v2\/pages\/459"}],"wp:attachment":[{"href":"https:\/\/www.freiburg-schwarzwald.de\/blog\/wp-json\/wp\/v2\/media?parent=122464"}],"curies":[{"name":"wp","href":"https:\/\/api.w.org\/{rel}","templated":true}]}}