{"id":122374,"date":"2024-04-08T22:38:59","date_gmt":"2024-04-08T20:38:59","guid":{"rendered":"https:\/\/www.freiburg-schwarzwald.de\/blog\/?page_id=122374"},"modified":"2026-04-13T14:36:59","modified_gmt":"2026-04-13T12:36:59","slug":"produktionsverlagerung","status":"publish","type":"page","link":"https:\/\/www.freiburg-schwarzwald.de\/blog\/business\/industrie\/produktionsverlagerung\/","title":{"rendered":"Produktionsverlagerung"},"content":{"rendered":"<p>Home &gt;<a title=\"Business\" href=\"https:\/\/www.freiburg-schwarzwald.de\/blog\/business\/\">Business<\/a>\u00a0&gt;<a title=\"Industrie\" href=\"https:\/\/www.freiburg-schwarzwald.de\/blog\/business\/industrie\/\">Industrie<\/a> &gt;<a href=\"https:\/\/www.freiburg-schwarzwald.de\/blog\/business\/industrie\/produktion\/\">Produktion<\/a> &gt;Produktionsverlagerung<\/p>\n<div id=\"attachment_121840\" style=\"width: 650px\" class=\"wp-caption alignnone\"><a href=\"https:\/\/www.freiburg-schwarzwald.de\/blog\/wp-content\/uploads\/2024\/03\/heimatliebe-pan240318-2.jpg\"><img loading=\"lazy\" decoding=\"async\" aria-describedby=\"caption-attachment-121840\" class=\"size-full wp-image-121840\" src=\"https:\/\/www.freiburg-schwarzwald.de\/blog\/wp-content\/uploads\/2024\/03\/heimatliebe-pan240318-2.jpg\" alt=\"\" width=\"640\" height=\"294\" srcset=\"https:\/\/www.freiburg-schwarzwald.de\/blog\/wp-content\/uploads\/2024\/03\/heimatliebe-pan240318-2.jpg 640w, https:\/\/www.freiburg-schwarzwald.de\/blog\/wp-content\/uploads\/2024\/03\/heimatliebe-pan240318-2-180x83.jpg 180w\" sizes=\"auto, (max-width: 640px) 100vw, 640px\" \/><\/a><p id=\"caption-attachment-121840\" class=\"wp-caption-text\">&#8222;Heimatliebe ist kein Verbrechen&#8220; am Gymnasium Ribnitz-Damgarten &#8211; von der Polizei konfisziert am 18.3.2024<\/p><\/div>\n<p>&nbsp;<\/p>\n<ul>\n<li><em>Listenauswahl eines Beitrags (Artikel\/Datum, Seite\/Inhalt):\u00a0Klicken\u00a0oder scrollen<\/em><\/li>\n<li><a href=\"https:\/\/www.freiburg-schwarzwald.de\/blog\/auswandern-da-planwirtschaft\/\">Auswandern, da Planwirtschaft<\/a>\u00a0(13.4.2026)<\/li>\n<li><a href=\"https:\/\/www.freiburg-schwarzwald.de\/blog\/tesla-gutes-oder-boeses-auto\/\">Tesla \u2013 gutes oder b\u00f6ses Auto?<\/a>\u00a0(14.4.2025)<\/li>\n<li><a href=\"https:\/\/www.freiburg-schwarzwald.de\/blog\/auch-die-basf-verlaesst-das-land\/\">Auch die BASF verl\u00e4sst das Land<\/a>\u00a0(23.5.2024)<\/li>\n<li>Industrie wandert ab: \u201eDer Kipp-Punkt ist erreicht worden, es beginnt\u201c (8.4.2024)<\/li>\n<\/ul>\n<p>&nbsp;<\/p>\n<p><strong>Industrie wandert ab: \u201eDer Kipp-Punkt ist erreicht worden, es beginnt\u201c<\/strong><br \/>\nWie geht es mit dem Wirtschaftsstandort Deutschland weiter? Der \u00d6konom Daniel Stelter blickt wegen der hohen Energiekosten pessimistisch in die Zukunft. Er sieht einen Kipp-Punkt erreicht, wie er im Gespr\u00e4ch mit dem Youtube-Kanal \u201eRen\u00e9 will Rendite\u201c sagte.<br \/>\nDer industrielle Kern in Deutschland sei trotz vieler negativer Einflussfaktoren in den vergangenen Jahren relativ stabil geblieben, so Stelter. Doch damit sei es nun vorbei. Fertigungen w\u00fcrden geschlossen und Produktion verlagert. &#8222;Der Kipp-Punkt ist erreicht worden. Es beginnt.&#8220;<br \/>\nDamit drohe eine Abw\u00e4rtsspirale, wo immer mehr Unternehmen ihren Standort \u00fcberdenken und Konsequenzen ziehen. &#8222;Und wenn die Firmen mal weg sind, dann kommen die auch nicht wieder&#8220;, warnte Stelter.<br \/>\nDer \u00d6konom wundert sich daher, dass die Jugend vor allem f\u00fcr den Klimaschutz auf die Stra\u00dfe geht, nicht aber f\u00fcr bessere Zukunftschancen. &#8222;Wir unterminieren in jeglicher Hinsicht die Grundlage des k\u00fcnftigen Wohlstands. Wir machen es daher f\u00fcr die nachfolgende Generation noch schwerer, f\u00fcr die Alten zu bezahlen. Das ist ein Programm der massiven Wohlstandsvernichtung.&#8220; Die Jugend sollte daher nicht f\u00fcr mehr Klimaschutz demonstrieren. &#8222;Die Jugendlichen sollten sagen: ,Unsere Zukunft h\u00e4ngt davon ab, wie fit ihr uns macht und wie ihr uns ausstattet. Wenn aber die Industrie ins Ausland abwandert, weil ihr sie vertrieben habt &#8211; dann kann das nicht funktionieren.&#8220;<br \/>\n&#8230; Alles vom 8.4.2024 von Daniel Stelter bitte lesen auf<br \/>\n<a href=\"https:\/\/www.focus.de\/finanzen\/boerse\/rene_will_rendite\/interview-mit-daniel-stelter-industrie-wandert-ab-der-kipp-punkt-ist-erreicht-worden-es-beginnt_id_259826267.html\">https:\/\/www.focus.de\/finanzen\/boerse\/rene_will_rendite\/interview-mit-daniel-stelter-industrie-wandert-ab-der-kipp-punkt-ist-erreicht-worden-es-beginnt_id_259826267.html<\/a><br \/>\n.<br \/>\n<strong>Daniel Stelter: Deutschland ist auf dem Weg in die Deindustralisierung<\/strong><br \/>\n<strong>&#8222;Wir haben einen Kipppunkt erreicht&#8220;<\/strong><br \/>\n<strong>&#8222;Unsere Rente ist ein gro\u00dfes Schneeball-System&#8220;<\/strong><br \/>\n<a href=\"https:\/\/www.youtube.com\/watch?v=T2b6Y5gswFA&amp;t=5s\">https:\/\/www.youtube.com\/watch?v=T2b6Y5gswFA&amp;t=5s<\/a><br \/>\n&#8230;<br \/>\nWichtige Stellen:<br \/>\n00:00 &#8222;Das Rentenpaket ist ein gro\u00dfz\u00fcgiges Wahlgeschenk&#8220;<br \/>\n01:27 Die Regierung ignoriert bei der Rente die Reformvorschl\u00e4ge der Experten<br \/>\n02:16 &#8222;Fridays for Future&#8220; m\u00fcsste eigentlich noch f\u00fcr vielmehr demonstrieren als nur das Klima<br \/>\n02:44 Das Wachstumspotenzial sinkt, doch dagegen wird nichts getan. Deswegen drohen Verteilungsk\u00e4mpfe<br \/>\n04:02 Warum klebt sich keiner f\u00fcr die Rente fest?<br \/>\n05:57 &#8222;Man lernt im deutschen Schulsystem, dass die Welt untergeht&#8220;<br \/>\n06:21 &#8222;Herr Heil teilt aus, als h\u00e4tte er einen Geldspeicher. Aber was er verteilt, muss er anderen Leuten wegnehmen&#8220;<br \/>\n06:48 &#8222;Es wird noch schlimmer werden und wir werden noch mehr Umverteilung zugunsten der Rentner sehen&#8220;<br \/>\n08:35 Massive Auswanderung: &#8222;Die jungen stimmen mit den F\u00fc\u00dfen ab&#8220;<br \/>\n10:05 &#8222;Die Rente ist nicht anderes als ein gro\u00dfes Ponzi-Schema&#8220;<br \/>\n11:15 &#8222;Beim Rentenniveau hat die Regierung nicht Unrecht&#8220;<br \/>\n12:09 Was Daniel Stelter am Renteneintrittsalter bem\u00e4ngelt &#8222;Wir d\u00fcrfen nicht immer nur an den Dachdecker denken&#8220;<br \/>\n15:17 Die Aktienrente ist aus Sicht von Daniel Stelter erstmal nicht schlecht, aber sie ist zu klein<br \/>\n15:42 Daniel Stelters Vorschlag zur Rettung der Rente<br \/>\n20:06 &#8222;Der CO2-R\u00fcckgang in Deutschland nutzt dem Weltklima \u00fcberhaupt nichts&#8220;<br \/>\n21:28 Der abstruse Gerechtigkeits-Vorwurf des Europarats<br \/>\n23:59 Die Politik h\u00e4lt die B\u00fcrger in der Abh\u00e4ngigkeit<br \/>\n27:43 Wer f\u00fcrs Alter vorsorgt, wird bestraft<br \/>\n28:19 &#8222;Das ist ein Programm zur Verarmung der Mittelschicht&#8220;<br \/>\n31:39 Die Politik packt nicht die Probleme in Deutschland an<br \/>\n<strong><em>33:21 Deutschland ist auf dem Weg in die Deindustralisierung: &#8222;Wir haben einen Kipppunkt erreicht&#8220;<\/em><\/strong><br \/>\n37:46 Was wirklich die deutsche Solarindustrie kaputt gemacht hat &#8211; den gleichen Fehler macht die Politik gerade wieder bei Wasserstoff<br \/>\n39:44 &#8222;Wir unterminieren die Grundlage des zuk\u00fcnftigen Wohlstands&#8220;<br \/>\n39:58 Jetzt ist die Jugend gefordert<br \/>\n40:49 Kostenloses PDF zum Rentensystem erhalten<br \/>\n&#8230; Alles vom 24.4.2024 bitte lesen auf<br \/>\n<a href=\"https:\/\/www.youtube.com\/watch?v=T2b6Y5gswFA&amp;t=5s\">https:\/\/www.youtube.com\/watch?v=T2b6Y5gswFA&amp;t=5s<\/a><\/p>\n<p>&nbsp;<\/p>\n","protected":false},"excerpt":{"rendered":"<p>Home &gt;Business\u00a0&gt;Industrie &gt;Produktion &gt;Produktionsverlagerung &nbsp; Listenauswahl eines Beitrags (Artikel\/Datum, Seite\/Inhalt):\u00a0Klicken\u00a0oder scrollen Auswandern, da Planwirtschaft\u00a0(13.4.2026) Tesla \u2013 gutes oder b\u00f6ses Auto?\u00a0(14.4.2025) Auch die BASF verl\u00e4sst das Land\u00a0(23.5.2024) Industrie wandert ab: \u201eDer Kipp-Punkt ist erreicht worden, es beginnt\u201c (8.4.2024) &nbsp; Industrie wandert &hellip; <a href=\"https:\/\/www.freiburg-schwarzwald.de\/blog\/business\/industrie\/produktionsverlagerung\/\">Weiterlesen <span class=\"meta-nav\">&rarr;<\/span><\/a><\/p>\n","protected":false},"author":2,"featured_media":0,"parent":846,"menu_order":0,"comment_status":"closed","ping_status":"closed","template":"","meta":{"footnotes":""},"class_list":["post-122374","page","type-page","status-publish","hentry"],"_links":{"self":[{"href":"https:\/\/www.freiburg-schwarzwald.de\/blog\/wp-json\/wp\/v2\/pages\/122374","targetHints":{"allow":["GET"]}}],"collection":[{"href":"https:\/\/www.freiburg-schwarzwald.de\/blog\/wp-json\/wp\/v2\/pages"}],"about":[{"href":"https:\/\/www.freiburg-schwarzwald.de\/blog\/wp-json\/wp\/v2\/types\/page"}],"author":[{"embeddable":true,"href":"https:\/\/www.freiburg-schwarzwald.de\/blog\/wp-json\/wp\/v2\/users\/2"}],"replies":[{"embeddable":true,"href":"https:\/\/www.freiburg-schwarzwald.de\/blog\/wp-json\/wp\/v2\/comments?post=122374"}],"version-history":[{"count":5,"href":"https:\/\/www.freiburg-schwarzwald.de\/blog\/wp-json\/wp\/v2\/pages\/122374\/revisions"}],"predecessor-version":[{"id":147824,"href":"https:\/\/www.freiburg-schwarzwald.de\/blog\/wp-json\/wp\/v2\/pages\/122374\/revisions\/147824"}],"up":[{"embeddable":true,"href":"https:\/\/www.freiburg-schwarzwald.de\/blog\/wp-json\/wp\/v2\/pages\/846"}],"wp:attachment":[{"href":"https:\/\/www.freiburg-schwarzwald.de\/blog\/wp-json\/wp\/v2\/media?parent=122374"}],"curies":[{"name":"wp","href":"https:\/\/api.w.org\/{rel}","templated":true}]}}