{"id":121943,"date":"2024-03-24T19:34:48","date_gmt":"2024-03-24T18:34:48","guid":{"rendered":"https:\/\/www.freiburg-schwarzwald.de\/blog\/?page_id=121943"},"modified":"2025-07-07T16:53:53","modified_gmt":"2025-07-07T14:53:53","slug":"loretta-schule","status":"publish","type":"page","link":"https:\/\/www.freiburg-schwarzwald.de\/blog\/bildung\/schulen\/loretta-schule\/","title":{"rendered":"Loretta-Schule"},"content":{"rendered":"<p>Home &gt;<a title=\"Bildung\" href=\"https:\/\/www.freiburg-schwarzwald.de\/blog\/bildung\/\">Bildung<\/a>\u00a0&gt;<a title=\"Schulen\" href=\"https:\/\/www.freiburg-schwarzwald.de\/blog\/bildung\/schulen\/\">Schulen<\/a> &gt;<a href=\"https:\/\/www.freiburg-schwarzwald.de\/blog\/bildung\/schulen\/schulfrieden\/\">Schulfrieden<\/a>\u00a0 &gt;<a href=\"https:\/\/www.freiburg-schwarzwald.de\/blog\/kultur\/medien\/einschuechterung\/\">Einsch\u00fcchterung<\/a> &gt;Loretta-Schule<\/p>\n<div id=\"attachment_121840\" style=\"width: 650px\" class=\"wp-caption alignnone\"><a href=\"https:\/\/www.freiburg-schwarzwald.de\/blog\/wp-content\/uploads\/2024\/03\/heimatliebe-pan240318-2.jpg\"><img loading=\"lazy\" decoding=\"async\" aria-describedby=\"caption-attachment-121840\" class=\"size-full wp-image-121840\" src=\"https:\/\/www.freiburg-schwarzwald.de\/blog\/wp-content\/uploads\/2024\/03\/heimatliebe-pan240318-2.jpg\" alt=\"\" width=\"640\" height=\"294\" srcset=\"https:\/\/www.freiburg-schwarzwald.de\/blog\/wp-content\/uploads\/2024\/03\/heimatliebe-pan240318-2.jpg 640w, https:\/\/www.freiburg-schwarzwald.de\/blog\/wp-content\/uploads\/2024\/03\/heimatliebe-pan240318-2-180x83.jpg 180w\" sizes=\"auto, (max-width: 640px) 100vw, 640px\" \/><\/a><p id=\"caption-attachment-121840\" class=\"wp-caption-text\">&#8222;Heimatliebe ist kein Verbrechen&#8220; am Gmnasium Ribnitz-Damgarten &#8211; von der Polizei konfisziert am 18.3.2024<\/p><\/div>\n<ul>\n<li><em>Listenauswahl eines Beitrags (Artikel\/Datum, Seite\/Inhalt): <span style=\"text-decoration: underline;\">Klicken<\/span> oder scrollen<\/em><\/li>\n<li>Fall Loretta B.: Polizei handelte rechtswidrig (4.7.2025)<\/li>\n<li>Landesregierung: Polizeieinsatz um \u201eSchlumpf-Sch\u00fclerin\u201c war falsch (30.5.2024)<\/li>\n<li><a href=\"https:\/\/www.freiburg-schwarzwald.de\/blog\/selbsthilfe\/jugend\/jugend-opfer\/\">Thorsten Hinz: Loretta bzw. deutsche Jugendliche als Opfer<\/a>\u00a0(5.4.2024)<\/li>\n<li><a href=\"https:\/\/www.freiburg-schwarzwald.de\/blog\/resignation-der-buerger\/\">Resignation der B\u00fcrger<\/a>\u00a0(27.3.2024)<\/li>\n<li>Wenn Sch\u00fcler indoktriniert werden: Interview mit Josef Kraus (24.3.2024)<\/li>\n<li>P\u00e4dagogik der Einsch\u00fcchterung von Sch\u00fclern \u2013 Loretta\u00a0(21.3.2024)<\/li>\n<li><a href=\"https:\/\/www.freiburg-schwarzwald.de\/blog\/taeter-opfer-umkehr-an-schulen\/\">T\u00e4ter-Opfer-Umkehr an Schulen<\/a>\u00a0(24.3.2024)<\/li>\n<li><a href=\"https:\/\/www.freiburg-schwarzwald.de\/blog\/engagement\/zukunft\/demokratie\/gesinnungsethik\/gesinnungspruefung\/\">Die Sch\u00fclerin Loretta bei der Gef\u00e4hrderansprache: \u201eWie eine Straft\u00e4terin\u201c<\/a> (22.3.2024)<\/li>\n<li><a href=\"https:\/\/www.freiburg-schwarzwald.de\/blog\/friedensbewegung-schulgewalt\/\">Friedensbewegung Schulgewalt<\/a>\u00a0(20.3.2024)<\/li>\n<li><a href=\"https:\/\/www.freiburg-schwarzwald.de\/blog\/engagement\/zukunft\/demokratie\/gesinnungsethik\/gesinnungspruefung\/\">Nach Meinungsterror: Jetzt auch noch Rufmord an Sch\u00fclerin<\/a> (20.3.2024)<\/li>\n<li><a href=\"https:\/\/www.freiburg-schwarzwald.de\/blog\/engagement\/zukunft\/demokratie\/gesinnungsethik\/gesinnungspruefung\/\">Die vergiftete Medienkampagne gegen Loretta: Was steckt dahinter?<\/a> (19.3.2024)<\/li>\n<li><a href=\"https:\/\/www.freiburg-schwarzwald.de\/blog\/rektor-denunziert-schuelerin\/\">Rektor denunziert Sch\u00fclerin<\/a>\u00a0(17.3.2024)<\/li>\n<li><a href=\"https:\/\/www.freiburg-schwarzwald.de\/blog\/engagement\/zukunft\/barbe\/\">Barbe zum 18.3.: Assange Haft \u2013 DDR 1990 Wahl \u2013 Loretta denunziert<\/a>\u00a0(18.3.2024)<\/li>\n<li><a href=\"https:\/\/www.freiburg-schwarzwald.de\/blog\/global\/integration\/fluechtlinge-kriminalitaet\/opfer-taeter-umkehr\/\">Opfer-T\u00e4ter-Umkehr bei Schulgewalt am Gymnasium Ribnitz-Damgarte<\/a>n (19.3.2024)<\/li>\n<li><a href=\"https:\/\/www.freiburg-schwarzwald.de\/blog\/bildung\/schulen\/schulen-gewalt\/\">Polizei mit zweierlei Ma\u00df bei Schulgewalt<\/a>\u00a0(19.3.2024)<\/li>\n<li><a href=\"https:\/\/www.freiburg-schwarzwald.de\/blog\/engagement\/zukunft\/demokratie\/gesinnungsethik\/gesinnungspruefung\/\">Wie Politiker und Medien die Aff\u00e4re um die Tiktok-Sch\u00fclerin kleinreden wollen<\/a> (19.3.2024)<\/li>\n<li><a href=\"https:\/\/www.freiburg-schwarzwald.de\/blog\/engagement\/zukunft\/demokratie\/gesinnungsethik\/gesinnungspruefung\/\">Von Lehrern eingesch\u00fcchtert und denunziert: \u201dWie soll sich die Gemeinschaft Dir gegen\u00fcber verhalten?\u201d<\/a> (18.3.2024)<\/li>\n<li><a href=\"https:\/\/www.freiburg-schwarzwald.de\/blog\/kultur\/medien\/einschuechterung\/\">Einsch\u00fcchterung: Das Lieblingswerkzeug des sanften Totalitarismus<\/a> (1.3.2024)<\/li>\n<li><\/li>\n<li><a href=\"https:\/\/www.freiburg-schwarzwald.de\/blog\/engagement\/zukunft\/demokratie\/denunziation\/\">Denunziation<\/a><\/li>\n<li><a href=\"https:\/\/www.freiburg-schwarzwald.de\/blog\/kultur\/medien\/einschuechterung\/\">Einsch\u00fcchterung<\/a><\/li>\n<li><a href=\"https:\/\/www.freiburg-schwarzwald.de\/blog\/kultur\/medien\/gesinnungsdiktatur\/\">Gesinnungsdiktatur<\/a><\/li>\n<li><a href=\"https:\/\/www.freiburg-schwarzwald.de\/blog\/engagement\/zukunft\/demokratie\/verfassung\/verfassungsschutz\/gesinnungspolizei\/\">Gesinnungspolizei<\/a><\/li>\n<li><a href=\"https:\/\/www.freiburg-schwarzwald.de\/blog\/bildung\/schulen\/indoktrinierung\/\">Indoktrinierung<\/a><\/li>\n<li><a href=\"https:\/\/www.freiburg-schwarzwald.de\/blog\/selbsthilfe\/jugend\/jugend-opfer\/\">Jugend-Opfer<\/a><\/li>\n<li><a href=\"https:\/\/www.freiburg-schwarzwald.de\/blog\/kultur\/kunst\/loretta\/\">Loretta (Holzskulptur)<\/a><\/li>\n<li><a href=\"https:\/\/www.freiburg-schwarzwald.de\/blog\/bildung\/schulen\/schulen-gewalt\/\">Schulen-Gewalt<\/a><\/li>\n<\/ul>\n<p><strong>Loretta \u2013 Gesinnnungspr\u00fcfung nach Denunziation wegen Tiktok-Post:<\/strong><br \/>\nDie 16-j\u00e4hrige Sch\u00fclerin Loretta eines Gymnasiums in Ribnitz-Damgarten wird am 27.2.2024 von drei Polizisten und dem Schulleiter aus dem Unterricht abgef\u00fchrt und einer Gef\u00e4hrderansprache unterzogen. Infos auf dieser Seite und auch\u00a0<a href=\"https:\/\/www.freiburg-schwarzwald.de\/blog\/rektor-denunziert-schuelerin\/\">hier.<\/a><br \/>\n===========================================================<\/p>\n<p>&nbsp;<\/p>\n<p><strong>Fall Loretta B.: Polizei handelte rechtswidrig<\/strong><\/p>\n<p>GREIFSWALD. Das Verwaltungsgericht Greifswald hat den Polizeieinsatz gegen die Sch\u00fclerin Loretta B. (JF 13\/24) f\u00fcr rechtswidrig erkl\u00e4rt. Zuvor hatte die Familie der Jugendlichen eine Feststellungsklage gegen das Land Mecklenburg-Vorpommern und das dortige Innenministerium erhoben. Hintergrund war das Verhalten der Polizei im Februar 2024, als die Sch\u00fclerin wegen angeblich rechtsextremer TikTok-Posts von drei Beamten in ihrer Schule aufgesucht und aus dem Unterricht geholt wurde. \u201eDie Art und Weise der Durchf\u00fchrung der Ma\u00dfnahme ist nicht verh\u00e4ltnism\u00e4\u00dfig gewesen. Das Gespr\u00e4ch der Polizisten mit Loretta h\u00e4tte auch zu Hause oder auf der Polizeiwache stattfinden k\u00f6nnen. Es ist nicht notwendig gewesen, sie vor aller Augen aus dem Unterricht zu holen und damit eine Stigmatisierungswirkung hervorzurufen\u201c, f\u00fchrte das Gericht in seiner Urteilsbegr\u00fcndung aus. \u201eMeine Tochter soll rehabilitiert werden\u201c hatte Lorettas Mutter Annett B. vor dem Urteil gegen\u00fcber der JUNGEN FREIHEIT deutlich gemacht. (dh)<br \/>\n&#8230; Alles vom 4.7.2025 von Dieter Stein bitte lesen in der JF 28\/25, Seite 6<\/p>\n<p>&nbsp;<\/p>\n<p><strong>Landesregierung: Polizeieinsatz um \u201eSchlumpf-Sch\u00fclerin\u201c war falsch<\/strong><br \/>\nWegen TikTok-Posts einer 16-J\u00e4hrigen alarmierte ein Schulleiter aus Mecklenburg-Vorpommern im Februar die Polizei. Drei Beamte f\u00fchrten das M\u00e4dchen aus dem Unterricht ab. Jetzt stellt das Bildungsministerium klar, dass in einem solchen Fall nur \u201eeine Meldung per Meldebogen angezeigt\u201c ist. Hei\u00dft: Der Polizeieinsatz war \u00fcberzogen.<br \/>\n&#8230;<br \/>\nIn der Antwort der Landesregierung hei\u00dft es zum Fall Loretta: \u201eMit Bezug auf den Sachstand vom 27.02. 2024 ist eine Meldung per Meldebogen angezeigt.\u201c Hei\u00dft: Der Schulleiter h\u00e4tte die Polizei nicht rufen m\u00fcssen. So steht es auch in einem Rundschreiben, das vom Ministerium f\u00fcr Bildung erst wenige Tage vorher an alle Schulen in dem Bundesland verschickt wurde.<br \/>\n&#8230;<br \/>\n\u201eDie Antwort kann nur so verstanden werden, dass auch die Landesregierung endlich anerkennt, dass bereits das Ausl\u00f6sen des Polizeieinsatzes durch den Schulleiter nicht erforderlich und damit evident rechtswidrig war. Das gilt auch f\u00fcr die darauf aufbauenden polizeilichen Ma\u00dfnahmen\u201c, erkl\u00e4rt der Anwalt. Stark hofft, dass die Verantwortlichen sich bei seiner Mandantin entschuldigen. Vom Schulamt fordert der Anwalt disziplinarische Ma\u00dfnahmen gegen den Schulleiter.<br \/>\n,,, Alles vom 30.5.2024 bitte lesen auf<br \/>\n<a href=\"https:\/\/www.bild.de\/politik\/inland\/aus-unterricht-geholt-polizeieinsatz-um-schlumpf-schuelerin-war-falsch-6655eda00f091d0f9cd66b2f\">https:\/\/www.bild.de\/politik\/inland\/aus-unterricht-geholt-polizeieinsatz-um-schlumpf-schuelerin-war-falsch-6655eda00f091d0f9cd66b2f<\/a><\/p>\n<p>&nbsp;<\/p>\n<p><strong>Wenn Sch\u00fcler indoktriniert werden: Interview mit Josef Kraus<\/strong><br \/>\nKindern und Jugendlichen soll Angst gemacht werden: Vor dem Klimawandel, vor einer Pandemie oder vor der \u201eGefahr von Rechts\u201c. Dazu sprechen Roland Tichy und der langj\u00e4hrige Schuldirektor, fr\u00fchere Pr\u00e4sident des Deutschen Lehrerverbandes sowie Tichys Einblick-Bildungsexperte Josef Kraus.<br \/>\n<a href=\"https:\/\/www.youtube.com\/watch?v=0Nj107eW-S8\">https:\/\/www.youtube.com\/watch?v=0Nj107eW-S8<\/a><br \/>\n&#8230; Alles vom 24.3.2024 bitte lesen auf<br \/>\n<a href=\"https:\/\/www.tichyseinblick.de\/video\/interview\/josef-kraus-indoktrination-schueler\/\">https:\/\/www.tichyseinblick.de\/video\/interview\/josef-kraus-indoktrination-schueler\/<\/a><\/p>\n<p>&nbsp;<\/p>\n<p><strong>P\u00e4dagogik der Einsch\u00fcchterung von Sch\u00fclern &#8211; Loretta<\/strong><br \/>\nEine Sch\u00fclerin macht ein politisches TikTok-Video. Die Konsequenz ist eine Ansprache der Polizei und Schikane durch den Schulleiter. Es ist ein brutales Zeichen: Schulen verstehen sich nicht als Ort, an dem die ihnen anvertrauten Kinder in Mathematik, Deutsch und Geografie unterrichtet werden. Stattdessen sollen die Sch\u00fcler auch zum richtigen Denken erzogen werden. Egal, ob es rechte oder linke Lehrer sind \u2013 und aktuell sind es oft linke: Das ist ein klarer Versto\u00df gegen die Prinzipien der unpolitischen Bildung der n\u00e4chsten Generation. Es ist ein Mechanismus des Totalitarismus, wenn Sch\u00fcler mittels Einsch\u00fcchterung zum Staatsb\u00fcrger und nicht zum freien B\u00fcrger erzogen werden sollen, findet David Boos. Dazu unterh\u00e4lt er sich auch mit der TE-Volont\u00e4rin Charlotte Kirchhof, die sich nach einem Besuch der Corona-Demonstrationen gegen \u00c4nderungen am Grundgesetz ganz \u00e4hnlichen Repressalien ausgesetzt sah.<br \/>\n<a href=\"https:\/\/www.youtube.com\/watch?v=G7Fs6tKaw48\">https:\/\/www.youtube.com\/watch?v=G7Fs6tKaw48<\/a><\/p>\n<p>&#8230; Alles vom 21.3.2024 bitte lesen auf<br \/>\n<a href=\"https:\/\/www.tichyseinblick.de\/video\/redaktionsschluss\/paedagogik-einschuechterung\/\">https:\/\/www.tichyseinblick.de\/video\/redaktionsschluss\/paedagogik-einschuechterung\/<\/a><br \/>\n.<br \/>\nEinige Kommentare<br \/>\nAn den Schulen angekommen? Besser gesagt: er ist von den Schulen ausgegangen. Und das schon seit Jahrzehnten. Resultat: eine durch linksradikalisierte Gehirnw\u00e4sche politisierte Lehrerschaft. Ich wei\u00df wovon ich rede, denn ich bin nicht nur selbst Lehrer, sondern auch einer der ganz wenigen, die sich nicht haben vereinnahmen lassen.<br \/>\nF\u00fcr die \u201e68-er\u201c (Wegbereiter des RAF-Linksterrorismus) war es von Anfang an erkl\u00e4rtes und sogar \u00f6ffentlich proklamiertes Ziel: der Marsch durch die Institutionen. Und vor allem an den Bildungsanstalten (Schulen und Universit\u00e4ten) ist es ihnen in hohem Ma\u00dfe gelungen. Dort wird nicht mehr gelehrt und gelernt, es wird \u00fcberwiegend indoktriniert.<br \/>\nDie Folgen: PISA-Katstrophe und eine zersetzte, nicht mehr arbeitsf\u00e4hige Gesellschaft im woken Paranoia-Zustand. Unser Land braucht unbedingt eine b\u00fcrgerlich-konservative Politikwende, und dann ein Aufr\u00e4umen an den Schulen: Radikalenerlass, Verbot von Politisierung und Indoktrination, Entlassung linksradikaler Lehrer und Berufsverbot f\u00fcr dieselben. H.Ch.<br \/>\n.<br \/>\nP\u00e4dagogik der Einsch\u00fcchterung. Man schaue sich doch bitte mal die Website der \u201eDeutschen Vereinigung f\u00fcr Politische Bildung e.V.\u201c an. (https:\/\/dvpb.de ) Dort die Resolution \u201eDemokratie braucht Politische Bildung, keine Neutralit\u00e4t!\u201c Verantwortlich zeichnen: GEW, DGB und BundesElternRat.<br \/>\n\u201eDie Schule ist kein politisch neutraler Ort! Sie ist den demokratischen Prinzipien und Werten, wie etwa dem Schutz der W\u00fcrde des Menschen und dem Schutz vor Diskriminierung, verpflichtet. Auch aus den Geboten zur parteipolitischen Neutralit\u00e4t oder zur politischen M\u00e4\u00dfigung von Beamt*innen ist nicht abzuleiten, dass sich Lehrkr\u00e4fte zu menschen- oder demokratiefeindlichen \u00c4u\u00dferungen neutral verhalten m\u00fcssen. Dies gilt auch f\u00fcr Aussagen von Politiker*innen! Neutralit\u00e4t der B\u00fcrger*innen als Bildungsziel taugt f\u00fcr autorit\u00e4re und totalit\u00e4re Staaten, aber nicht f\u00fcr die Demokratie! [Sch\u00f6ner, wenn auch m. E. irgendwie verwirrender Satz.] Auch die Rechtsprechung ist eindeutig: \u201aVon einer Lehrkraft, die sich zur Erf\u00fcllung ihres p\u00e4dagogischen Auftrags in gewissem Ma\u00dfe auch mit ihrer Pers\u00f6nlichkeit einbringen muss, wird eine vollst\u00e4ndige politische Enthaltsamkeit im Unterricht nicht verlangt!\u2018 \u201c<br \/>\nHier wird Politische Bildung, sehr dezent und clever, implizit wohl als Verfolgung gr\u00fcn-linker Ziele verstanden. Die W\u00fcrde des Menschen und der Schutz vor Diskriminierung sind offenkundig am besten zu verteidigen, \u2026 wenn die Lehrkr\u00e4fte sich politisch nicht enthaltsam zeigen.<br \/>\nDass GEW und DGB so denken, ist plausibel. Der BundesElternRat als Dachorganisation der Landeselternvertretungen sollte aber evtl. etwas vorsichtiger mit seiner Positionierung sein. Ob er wohl den Beutelsbacher Konsens kennt, der seit Ende der 1970er-Jahre so etwas wie die Leitlinie einer demokratischen politischen Bildung darstellt. Da geht es eben genau darum, den Sch\u00fcler \u2013 mit welchen Mitteln auch immer \u2013 n i c h t im Sinne erw\u00fcnschter Meinungen zu \u00fcberrumpeln und damit an der Gewinnung eines selbst\u00e4ndigen Urteils zu hindern. Und machen wir uns nichts vor, Menschenw\u00fcrde und Diskriminierung sind in diesen Zeiten arg interpretationsf\u00e4hige (partei-)politische Begrifflichkeiten und keine objektiven Leitplanken. lo<br \/>\n.<br \/>\nGibt es in letzter Zeit auch F\u00e4lle, wo \u201erechte\u201c Lehrer Kinder in ihrem Sinne beeinflussen wollen? Die w\u00e4ren wahrscheinlich schnell weg vom Fenster. \u201eLehrer\u201c geh\u00f6ren mittlerweile zu einem Berufsstand, der \u00e4hnlich vertrauensw\u00fcrdig ist wie \u201eJournalisten\u201c. Beide Berufe sind in der \u201eHaltungsbranche\u201c t\u00e4tig\u2026 .<br \/>\nTE berichtete gestern \u00fcber den Fall einer solchen \u201eLe(e)rerin, die ihre nicht-islamischen Sch\u00fcler dazu aufforderte, aus \u201eToleranz\u201c gegen\u00fcber ihren muslimischen Mitsch\u00fclern auf das Trinken zu verzichten. Auch wenn es manche nicht begriffen haben: es geht nicht darum, ob Sch\u00fcler nicht auch eine Dreiviertelstunde ohne Getr\u00e4nk auskommen k\u00f6nnen. Sondern darum, da\u00df sie von einer Lehrerin, die der Neutralit\u00e4tspflicht unterliegt, gen\u00f6tigt werden, sich den Br\u00e4uchen einer anderen Religion anzupassen. Der Fall von Mecklenburg-Vorpommern ist noch schlimmer, zeigt aber, wie totalit\u00e4r und r\u00fccksichtslos die gr\u00fcne Ideologie mittlerweile umgesetzt wird, beginnend schon im Kinderfernsehen. ima<br \/>\nEnde Kommentare<\/p>\n","protected":false},"excerpt":{"rendered":"<p>Home &gt;Bildung\u00a0&gt;Schulen &gt;Schulfrieden\u00a0 &gt;Einsch\u00fcchterung &gt;Loretta-Schule Listenauswahl eines Beitrags (Artikel\/Datum, Seite\/Inhalt): Klicken oder scrollen Fall Loretta B.: Polizei handelte rechtswidrig (4.7.2025) Landesregierung: Polizeieinsatz um \u201eSchlumpf-Sch\u00fclerin\u201c war falsch (30.5.2024) Thorsten Hinz: Loretta bzw. deutsche Jugendliche als Opfer\u00a0(5.4.2024) Resignation der B\u00fcrger\u00a0(27.3.2024) Wenn Sch\u00fcler &hellip; <a href=\"https:\/\/www.freiburg-schwarzwald.de\/blog\/bildung\/schulen\/loretta-schule\/\">Weiterlesen <span class=\"meta-nav\">&rarr;<\/span><\/a><\/p>\n","protected":false},"author":2,"featured_media":0,"parent":209,"menu_order":0,"comment_status":"closed","ping_status":"closed","template":"","meta":{"footnotes":""},"class_list":["post-121943","page","type-page","status-publish","hentry"],"_links":{"self":[{"href":"https:\/\/www.freiburg-schwarzwald.de\/blog\/wp-json\/wp\/v2\/pages\/121943","targetHints":{"allow":["GET"]}}],"collection":[{"href":"https:\/\/www.freiburg-schwarzwald.de\/blog\/wp-json\/wp\/v2\/pages"}],"about":[{"href":"https:\/\/www.freiburg-schwarzwald.de\/blog\/wp-json\/wp\/v2\/types\/page"}],"author":[{"embeddable":true,"href":"https:\/\/www.freiburg-schwarzwald.de\/blog\/wp-json\/wp\/v2\/users\/2"}],"replies":[{"embeddable":true,"href":"https:\/\/www.freiburg-schwarzwald.de\/blog\/wp-json\/wp\/v2\/comments?post=121943"}],"version-history":[{"count":5,"href":"https:\/\/www.freiburg-schwarzwald.de\/blog\/wp-json\/wp\/v2\/pages\/121943\/revisions"}],"predecessor-version":[{"id":136052,"href":"https:\/\/www.freiburg-schwarzwald.de\/blog\/wp-json\/wp\/v2\/pages\/121943\/revisions\/136052"}],"up":[{"embeddable":true,"href":"https:\/\/www.freiburg-schwarzwald.de\/blog\/wp-json\/wp\/v2\/pages\/209"}],"wp:attachment":[{"href":"https:\/\/www.freiburg-schwarzwald.de\/blog\/wp-json\/wp\/v2\/media?parent=121943"}],"curies":[{"name":"wp","href":"https:\/\/api.w.org\/{rel}","templated":true}]}}