{"id":120528,"date":"2024-02-08T10:31:07","date_gmt":"2024-02-08T09:31:07","guid":{"rendered":"https:\/\/www.freiburg-schwarzwald.de\/blog\/?page_id=120528"},"modified":"2025-12-03T09:51:11","modified_gmt":"2025-12-03T08:51:11","slug":"recherche","status":"publish","type":"page","link":"https:\/\/www.freiburg-schwarzwald.de\/blog\/kultur\/medien\/journalismus\/recherche\/","title":{"rendered":"Recherche"},"content":{"rendered":"<p><a href=\"https:\/\/www.freiburg-schwarzwald.de\/blog\">Home<\/a>\u00a0&gt;<a title=\"Kultur\" href=\"https:\/\/www.freiburg-schwarzwald.de\/blog\/kultur\/\">Kultur<\/a>\u00a0&gt;<a title=\"Medien\" href=\"https:\/\/www.freiburg-schwarzwald.de\/blog\/kultur\/medien\/\">Medien<\/a>\u00a0&gt;<a title=\"Political-Correctness\" href=\"https:\/\/www.freiburg-schwarzwald.de\/blog\/kultur\/medien\/political-correctness\/\">Political-Correctness<\/a> &gt;<a href=\"https:\/\/www.freiburg-schwarzwald.de\/blog\/kultur\/medien\/journalismus\/\">Journalismus<\/a> &gt;Recherche<\/p>\n<div id=\"attachment_101752\" style=\"width: 651px\" class=\"wp-caption alignnone\"><a href=\"https:\/\/www.freiburg-schwarzwald.de\/blog\/wp-content\/uploads\/2022\/06\/tagesschau-reuters-kriegsluege-pan220613.jpg\"><img loading=\"lazy\" decoding=\"async\" aria-describedby=\"caption-attachment-101752\" class=\"size-full wp-image-101752\" src=\"https:\/\/www.freiburg-schwarzwald.de\/blog\/wp-content\/uploads\/2022\/06\/tagesschau-reuters-kriegsluege-pan220613.jpg\" alt=\"\" width=\"641\" height=\"354\" srcset=\"https:\/\/www.freiburg-schwarzwald.de\/blog\/wp-content\/uploads\/2022\/06\/tagesschau-reuters-kriegsluege-pan220613.jpg 641w, https:\/\/www.freiburg-schwarzwald.de\/blog\/wp-content\/uploads\/2022\/06\/tagesschau-reuters-kriegsluege-pan220613-180x99.jpg 180w\" sizes=\"auto, (max-width: 641px) 100vw, 641px\" \/><\/a><p id=\"caption-attachment-101752\" class=\"wp-caption-text\">Tagesschau-Medienl\u00fcge: Am 13.6.2022 einfach &#8222;ukrainisch&#8220; durch &#8222;russisch&#8220; ersetzen<\/p><\/div>\n<ul>\n<li><em>Listenauswahl eines Beitrags (Artikel\/Datum, Seite\/Inhalt):\u00a0<span style=\"text-decoration: underline;\">Klicken\u00a0<\/span>oder scrollen<\/em><\/li>\n<li><a href=\"https:\/\/www.freiburg-schwarzwald.de\/blog\/selbsthilfe\/krise\/gewalt\/linke-gewalt\/giessen29nov2025linkegewalt\/\">Gie\u00dfen: Tichys gef\u00e4hrlichste Reportage<\/a> (2.12.2025)<\/li>\n<li><a href=\"https:\/\/www.freiburg-schwarzwald.de\/blog\/kultur\/medien\/journalismus\/\">Weimer-Journalismus: \u201eGem\u00fctlichmachen im Kreis der Macht\u201c<\/a> (23.11.2025)<\/li>\n<li><a href=\"https:\/\/www.freiburg-schwarzwald.de\/blog\/business\/gesund\/corona-virus\/corona-gesundheit\/\">Aya Vel\u00e1zquez: Die Investigavjournalistin bei Jasmin Kosube<\/a>k (4.9.2025)<\/li>\n<li><a href=\"https:\/\/www.freiburg-schwarzwald.de\/blog\/kultur\/medien\/desinformation\/\">Falschinformationen von ARD und ZDF<\/a>\u00a0(25.7.2025)<\/li>\n<li><a href=\"https:\/\/www.freiburg-schwarzwald.de\/blog\/buerger-taeuschung-deportation\/\">B\u00fcrger-T\u00e4uschung: Deportation<\/a>\u00a0(22.10.2024)<\/li>\n<li><a href=\"https:\/\/www.freiburg-schwarzwald.de\/blog\/kultur\/medien\/journalismus\/staatsjournalismus\/\">Michael Meyen: \u201eDer Journalismus wird zerquetscht\u201c<\/a> (16.2.2024)<\/li>\n<li>Das \u201eGeheimtreffen&#8220;: Vom Journalismus und seinen ethischen Grunds\u00e4tzen (7.2.2024)<\/li>\n<li><\/li>\n<li><a href=\"https:\/\/www.freiburg-schwarzwald.de\/blog\/business\/gesund\/corona-virus\/corona-gesundheit\/\">Corona-Gesundheit<\/a><\/li>\n<li><a href=\"https:\/\/www.freiburg-schwarzwald.de\/blog\/vereine\/ngo\/correctiv\/\">Correctiv<\/a><\/li>\n<li><a href=\"https:\/\/www.freiburg-schwarzwald.de\/blog\/kultur\/medien\/framing\/geheimtreffen\/\">Geheimtreffen<\/a><\/li>\n<li><a href=\"https:\/\/www.freiburg-schwarzwald.de\/blog\/selbsthilfe\/krise\/gewalt\/linke-gewalt\/giessen29nov2025linkegewalt\/\">Gie\u00dfen29Nov2025LinkeGewalt<\/a><\/li>\n<li><a href=\"https:\/\/www.freiburg-schwarzwald.de\/blog\/kultur\/medien\/journalismus\/haltungsjournalismus\/\">Haltungsjournalismus<\/a><\/li>\n<li><a href=\"https:\/\/www.freiburg-schwarzwald.de\/blog\/kultur\/medien\/mainstream\/\">Mainstream<\/a><\/li>\n<li><a href=\"https:\/\/www.freiburg-schwarzwald.de\/blog\/engagement\/buergerinitiativen\/demo\/massendemonstrationen\/\">Massendemonstrationen<\/a><\/li>\n<li><a href=\"https:\/\/www.freiburg-schwarzwald.de\/blog\/kultur\/medien\/rundfunk\/\">Rundfunk-Geb\u00fchren<\/a><\/li>\n<li><a href=\"https:\/\/www.freiburg-schwarzwald.de\/blog\/kultur\/medien\/journalismus\/staatsjournalismus\/\">Staatsjournalismus<\/a><\/li>\n<\/ul>\n<p>&nbsp;<\/p>\n<p><strong>Das \u201eGeheimtreffen&#8220;: Vom Journalismus und seinen ethischen Grunds\u00e4tzen<\/strong><br \/>\n<em>Autor Dennis Riehle kritisiert die Berichterstattung der regierungsnahen Medienkollegen zum von <a href=\"https:\/\/www.freiburg-schwarzwald.de\/blog\/vereine\/ngo\/correctiv\/\">Correctiv<\/a>-Aktivisten bespitzelten Treffen im Potsdamer Landhotel Adlon.<\/em><\/p>\n<p>Betrachtet man dieser Tage die Berichterstattung \u00fcber das vermeintliche <a href=\"https:\/\/www.freiburg-schwarzwald.de\/blog\/kultur\/medien\/framing\/geheimtreffen\/\">Geheimtreffen<\/a>, so zeigt sich v\u00f6llig abseits einer unertr\u00e4glichen Instrumentalisierung dieses eigentlich wenig bedeutsamen Ereignisses zu politischen, medialen und die \u00d6ffentlichkeit aufstachelnden, polarisierenden und aufwiegelnden Zwecken ein in der j\u00fcngeren Geschichte bisher kaum dagewesenes mediales \u00dcberschreiten geltender Regelungen und Grenzen. Als Journalist bin ich einigerma\u00dfen schockiert dar\u00fcber &#8211; wenngleich nicht mehr unbedingt \u00fcberrascht, wie dreist, schamlos und ungeniert publizistische Grunds\u00e4tze \u00fcber den Haufen geworfen werden.<br \/>\nEs beginnt mit der mittlerweile nicht mehr nur f\u00fcr die \u00f6ffentlich-rechtlichen, sondern auch die privaten Sender geltenden Missachtung des Prinzips der grunds\u00e4tzlich wahrhaftigen Darstellung nach <em><strong>Ziffer 2 Pressekodex<\/strong><\/em>. Hierzu geh\u00f6rt es einerseits, dass gelieferte Informationen insbesondere dann nochmals auf ihre Plausibilit\u00e4t, Konsistenz und Ursprung eigenst\u00e4ndig \u00fcberpr\u00fcft werden m\u00fcssen, wenn sie von einem einzelnen Recherchezentrum stammen. Die Quellenkritik ist gerade dann angezeigt, wenn man mit Darstellungen von Organisationen versorgt wird, die in der Vergangenheit immer wieder durch Abh\u00e4ngigkeit zu Parteien und von F\u00f6rdergeldern einzelner Beh\u00f6rden, Organisationen und Institutionen aufgefallen sind &#8211; und dar\u00fcber hinaus wiederholt in juristische Streitigkeiten wegen der Qualit\u00e4t, Echtheit und Authentizit\u00e4t ihrer Arbeit vor Gericht standen.<\/p>\n<p>Correctiv also ungefragt, unkritisch und distanzlos zu einer Gruppe seri\u00f6ser und glaubhafter Investigativjournalisten zu erkl\u00e4ren, deren dargebotenes Material bei ein wenig gesundem Menschenverstand und f\u00fcr Medienschaffende eigentlich notwendiger Skepsis bereits h\u00e4tte aufhorchen lassen m\u00fcssen, ist nicht nur fahrl\u00e4ssig und naiv, sondern scheint der mittlerweile etablierten Methode \u201eSolidarit\u00e4t gegen das B\u00f6se&#8220; zu entsprechen. Und sp\u00e4testens, als sich Teilnehmer der Veranstaltung eindeutig von den vorgebrachten Inhalten der dokumentierten Gespr\u00e4che distanziert und ihnen widersprochen haben, stand Aussage gegen Aussage. Das Prinzip der Unschuldsvermutung gilt auch dann. Man h\u00e4tte also eindr\u00fccklich deren Gegendarstellung nachliefern und diese ebenso ausf\u00fchrlich, gleichwertig und transparent abbilden m\u00fcssen. Denn nur dann kann Fairness hergestellt werden, die zu einem elementaren Wert von Demokratie und anspruchsvollem Journalismus geh\u00f6rt.<\/p>\n<p>Es liegt aber m\u00f6glicherweise auch ein <em><strong>Versto\u00df gegen Ziffer 1 Pressekodex<\/strong><\/em> vor. Denn in einer bisher f\u00fcr mich kaum gekannten rhetorischen Eskalation, einer Zuspitzung, einer \u00dcbertreibung, einer Nazifizierung von Sprache wurde pl\u00f6tzlich aus einer anfangs noch als \u201eRemigration&#8220; bezeichneten Idee der R\u00fcckf\u00fchrung von Personen, denen in Deutschland Asyl rechtskr\u00e4ftig verweigert wurde oder die keinen Anspruch mehr auf Aufenthalt haben, eine im Indikativ formulierte und in mehreren Medien wiederholte Aussage, man habe sich auf eine \u201eDeportation von Millionen B\u00fcrgern&#8220; verst\u00e4ndigt. Dass hier mit einer weit \u00fcber die im Zuge einer seri\u00f6sen Berichterstattung zul\u00e4ssigen Kommentierung, Subjektivierung, Bewertung und Interpretation ein Sachgehalt unterstellt wurde, der mit der Ursprungsformulierung nichts mehr zu tun hat, widerspricht jedem Anspruch an Sorgfalt.<\/p>\n<p>In einer nahezu verleumderischen und den Ruf der an diesem Treffen Beteiligten bewusst massiv diskreditierenden Weise eine emotional, moralisch und politisch aufgeladene Konklusion als tats\u00e4chlich stattgefundene Absprache darzustellen, verst\u00f6\u00dft nicht nur gegen die W\u00fcrde und Integrit\u00e4t der dort Anwesenden. Viel eher wird mit der Betitelung einer \u201eWannsee-Konferenz&#8220; zudem explizit eine Parallele zur Geschichte gezogen, welche suggeriert, man habe sich in der Manier der damaligen Massenm\u00f6rder auf eine erneute Rassifizierung in diesem Land vorbereitet. Solch eine Ableitung, Verzerrung und offenkundige Falschdarstellung ist uns\u00e4glich, denn die Zeugen haben allesamt zur\u00fcckgewiesen, dass die R\u00fcckf\u00fchrung von eingeb\u00fcrgerten Personen mit deutschem Pass und Migrationshintergrund, die hinausgeht \u00fcber eine in der Verfassung als legitim und gar notwendig dargestellte Praxis der Abschiebung von Menschen, die ihren Anspruch auf Schutz in der Bundesrepublik verwirkt haben, debattiert wurde.<\/p>\n<p>Und der dritte Versto\u00df liegt sicherlich mit Blick auf <em><strong>Ziffer 4 Pressekodex<\/strong><\/em> vor. Demnach sind die Medien dazu verpflichtet, nur jene Informationen zu verwenden, die auf legalem Wege erworben wurden &#8211; und explizit nicht durch das Eindringen in die Privatsph\u00e4re. Doch hiervon muss zwangsl\u00e4ufig ausgegangen werden, da sich offenbar keiner der Beteiligten dazu bekannt hat, etwas aus den vertraulichen Beratungen an die \u00d6ffentlichkeit weitergetragen zu haben. V\u00f6llig abgesehen davon, dass es sich um eine Zusammenkunft von Funktion\u00e4ren aus der zweiten und dritten Reihe der AfD, der WerteUnion, der Identit\u00e4ren und der Wirtschaft gehandelt hat, die \u00fcberhaupt nicht befugt oder in der Position sind, irgendeinen ma\u00dfgeblichen Einfluss auf die derzeitige Politik nehmen zu k\u00f6nnen, wurde bislang die Brisanz dieser vermeintlichen Schlagzeile weder begr\u00fcndet noch belegt. Wenn wir in einen Modus \u00fcbergehen, dass in Hinterzimmern gef\u00fchrte Diskussionen keinen Schutz mehr vor dem Zugriff von selbsternannten Aufkl\u00e4rungsjournalisten genie\u00dfen, nimmt die Macht der Presse ein f\u00fcr die Grund- und Pers\u00f6nlichkeitsrechte des Einzelnen h\u00f6chst gef\u00e4hrliches Ausma\u00df an, das in keiner Weise verh\u00e4ltnism\u00e4\u00dfig ist oder mit der Bedeutung des Gesprochenen gerechtfertigt werden kann.<\/p>\n<p>Zusammenfassend liegt also ein massives Verletzen berufsethischer Vereinbarungen vor, die dazu geeignet sind, das Ansehen der Medien weiter in ernsthaften Misskredit zu ziehen. Nicht das eigentliche Treffen ist eine Story wert, sondern der Skandal um die v\u00f6llige Z\u00fcgellosigkeit eines gutmenschlichen Journalismus.<br \/>\n&#8230; Alles vom 7.2.202 von Dennis Riehle bitte lesen auf<br \/>\n<a href=\"https:\/\/www.alexander-wallasch.de\/gesellschaft\/das-geheimtreffen-vom-journalismus-und-seinen-ethischen-grundsaetzen\">https:\/\/www.alexander-wallasch.de\/gesellschaft\/das-geheimtreffen-vom-journalismus-und-seinen-ethischen-grundsaetzen<\/a><\/p>\n<p>PS: <em><strong>Fett<\/strong><\/em> wurde eingef\u00fcgt.<\/p>\n","protected":false},"excerpt":{"rendered":"<p>Home\u00a0&gt;Kultur\u00a0&gt;Medien\u00a0&gt;Political-Correctness &gt;Journalismus &gt;Recherche Listenauswahl eines Beitrags (Artikel\/Datum, Seite\/Inhalt):\u00a0Klicken\u00a0oder scrollen Gie\u00dfen: Tichys gef\u00e4hrlichste Reportage (2.12.2025) Weimer-Journalismus: \u201eGem\u00fctlichmachen im Kreis der Macht\u201c (23.11.2025) Aya Vel\u00e1zquez: Die Investigavjournalistin bei Jasmin Kosubek (4.9.2025) Falschinformationen von ARD und ZDF\u00a0(25.7.2025) B\u00fcrger-T\u00e4uschung: Deportation\u00a0(22.10.2024) Michael Meyen: \u201eDer Journalismus &hellip; <a href=\"https:\/\/www.freiburg-schwarzwald.de\/blog\/kultur\/medien\/journalismus\/recherche\/\">Weiterlesen <span class=\"meta-nav\">&rarr;<\/span><\/a><\/p>\n","protected":false},"author":2,"featured_media":0,"parent":68087,"menu_order":0,"comment_status":"closed","ping_status":"closed","template":"","meta":{"footnotes":""},"class_list":["post-120528","page","type-page","status-publish","hentry"],"_links":{"self":[{"href":"https:\/\/www.freiburg-schwarzwald.de\/blog\/wp-json\/wp\/v2\/pages\/120528","targetHints":{"allow":["GET"]}}],"collection":[{"href":"https:\/\/www.freiburg-schwarzwald.de\/blog\/wp-json\/wp\/v2\/pages"}],"about":[{"href":"https:\/\/www.freiburg-schwarzwald.de\/blog\/wp-json\/wp\/v2\/types\/page"}],"author":[{"embeddable":true,"href":"https:\/\/www.freiburg-schwarzwald.de\/blog\/wp-json\/wp\/v2\/users\/2"}],"replies":[{"embeddable":true,"href":"https:\/\/www.freiburg-schwarzwald.de\/blog\/wp-json\/wp\/v2\/comments?post=120528"}],"version-history":[{"count":5,"href":"https:\/\/www.freiburg-schwarzwald.de\/blog\/wp-json\/wp\/v2\/pages\/120528\/revisions"}],"predecessor-version":[{"id":142390,"href":"https:\/\/www.freiburg-schwarzwald.de\/blog\/wp-json\/wp\/v2\/pages\/120528\/revisions\/142390"}],"up":[{"embeddable":true,"href":"https:\/\/www.freiburg-schwarzwald.de\/blog\/wp-json\/wp\/v2\/pages\/68087"}],"wp:attachment":[{"href":"https:\/\/www.freiburg-schwarzwald.de\/blog\/wp-json\/wp\/v2\/media?parent=120528"}],"curies":[{"name":"wp","href":"https:\/\/api.w.org\/{rel}","templated":true}]}}