{"id":120351,"date":"2024-02-04T17:46:46","date_gmt":"2024-02-04T16:46:46","guid":{"rendered":"https:\/\/www.freiburg-schwarzwald.de\/blog\/?page_id=120351"},"modified":"2024-02-04T17:55:22","modified_gmt":"2024-02-04T16:55:22","slug":"psychose","status":"publish","type":"page","link":"https:\/\/www.freiburg-schwarzwald.de\/blog\/selbsthilfe\/psyche\/psychose\/","title":{"rendered":"Psychose"},"content":{"rendered":"<p>Home &gt;<a title=\"Selbsthilfe\" href=\"https:\/\/www.freiburg-schwarzwald.de\/blog\/selbsthilfe\/\">Selbsthilfe<\/a>\u00a0&gt;<a title=\"Psyche\" href=\"https:\/\/www.freiburg-schwarzwald.de\/blog\/selbsthilfe\/psyche\/\">Psyche<\/a>\u00a0&gt;<a href=\"https:\/\/www.freiburg-schwarzwald.de\/blog\/selbsthilfe\/psyche\/wahn\/\">Wahn<\/a> &gt;<a href=\"https:\/\/www.freiburg-schwarzwald.de\/blog\/selbsthilfe\/psyche\/massenpsychose\/\">Massenpsychose<\/a> &gt;Psychose<\/p>\n<div id=\"attachment_119834\" style=\"width: 647px\" class=\"wp-caption alignnone\"><a href=\"https:\/\/www.freiburg-schwarzwald.de\/blog\/wp-content\/uploads\/2024\/01\/mordaufruf-gegen-afd-demo-aachen-pan240120.jpg\"><img loading=\"lazy\" decoding=\"async\" aria-describedby=\"caption-attachment-119834\" class=\"size-full wp-image-119834\" src=\"https:\/\/www.freiburg-schwarzwald.de\/blog\/wp-content\/uploads\/2024\/01\/mordaufruf-gegen-afd-demo-aachen-pan240120.jpg\" alt=\"\" width=\"637\" height=\"349\" srcset=\"https:\/\/www.freiburg-schwarzwald.de\/blog\/wp-content\/uploads\/2024\/01\/mordaufruf-gegen-afd-demo-aachen-pan240120.jpg 637w, https:\/\/www.freiburg-schwarzwald.de\/blog\/wp-content\/uploads\/2024\/01\/mordaufruf-gegen-afd-demo-aachen-pan240120-180x99.jpg 180w\" sizes=\"auto, (max-width: 637px) 100vw, 637px\" \/><\/a><p id=\"caption-attachment-119834\" class=\"wp-caption-text\">Mordaufruf &#8222;AfDler t\u00f6ten&#8220; 1\/2024 auf einer Demo in Aachen &#8211; Polizei l\u00e4uft mit (rechts)<\/p><\/div>\n<ul>\n<li>Der Psychose-Staat (3.2.2024)<\/li>\n<\/ul>\n<p>&nbsp;<\/p>\n<p><strong>Der Psychose-Staat<\/strong><br \/>\n&#8230;<br \/>\nEin alter Psychiater Witz<br \/>\nWas unterscheidet den Psychiater vom Neurotiker und dem Psychotiker?<br \/>\nDer Psychotiker baut Luftschl\u00f6sser, in denen er nicht wohnen kann,<br \/>\nder Neurotiker hat Angst, dass er daf\u00fcr nicht die Miete bezahlen kann,<br \/>\ndie schlussendlich dann der Psychiater kassiert.<\/p>\n<p>Vom Individuum auf die Gesellschaft \u00fcbertragen bedeutet das: Die Politiker bauen mtlw. nur noch Wahngeb\u00e4ude transzendentaler Obdachlosigkeit in Wolkenkuckucksheim \u2013 mit der einzigen, realen Ausnahme der gr\u00f6\u00dfenwahnsinnigen Erweiterung ihrer Regierungszentralen.<br \/>\n<a href=\"https:\/\/www.welt.de\/politik\/deutschland\/article246867816\/Haushalt-XXL-Bundestag-XXL-Ampel-XXL-Ministerien-Politik-muss-bei-sich-selbst-sparen.html\">https:\/\/www.welt.de\/politik\/deutschland\/article246867816\/Haushalt-XXL-Bundestag-XXL-Ampel-XXL-Ministerien-Politik-muss-bei-sich-selbst-sparen.html<\/a><br \/>\nHeute ist der Verarmungswahn der B\u00fcrger kein Wahngebilde mehr, denn sie k\u00f6nnen die Steuern f\u00fcr die regierungsamtlichen Wahnsinnspolitik l\u00e4ngst nicht mehr bezahlen. W\u00e4hrend zur scheinbaren Genesung dann der \u2018hilfreiche\u2018 Umverteilungsstaat als angeblich heilender Psychiater auftritt, der in Form von Steuern, Abgaben und Geldentwertung die \u2018Miete\u2018 kassiert und an seine Parteig\u00e4nger aussch\u00fcttet.<\/p>\n<p>Psychose-Druck durch Erzeugung von freiflottierenden \u00c4ngsten<br \/>\nBei den B\u00fcrgern werden durch diesen permanenten Psychose-Druck frei flottierende \u00c4ngste, politisch planvoll Dauer-Traumata erzeugt, die der Psychose-Staat nun f\u00fcr seine n\u00e4chsten politischen Wahnprojekte nutzbar macht. Dadurch hat er es fertig gebracht, dass die verr\u00fcckt gemachtesten B\u00fcrger ihre staatsinduzierten \u00c4ngste und Traumata dadurch zu b\u00e4ndigen versuchen, indem sie f\u00fcr den totalitaristischen Psychose-Staat, der diese \u00c4ngste durch seine Wahnsinnspolitik planvoll erzeugt hat, nun auch noch gegen ihre eigenen Interessen und Freiheitsrechte auf die Stra\u00dfe gehen, obwohl dieser Staat eben diese B\u00fcrger zuvor angstgef\u00fcgig gemacht und ihnen die Grundrechte genommen hat.<br \/>\nGenauso wie sich der gr\u00f6\u00dfte Teil des Volkes durch die Corona-Massenpsychose zu Millionen mehrfach mit toxischen Substanzen ohne Schutzwirkung, aber mit gravierenden Folgen f\u00fcr ihre eigene Gesundheit, impfen lie\u00df, nur weil ein Gift propagandistisch als Heilmittel geframt wurde.<br \/>\n.<br \/>\nPsychosen, von der Wirklichkeit abgeschlossene, kommunikative \u00d6kosysteme<br \/>\nPsychosen sind kommunikative \u00d6kosysteme, in denen die Realit\u00e4t der Wirklichkeit kategorisch ausgeblendet wird. Wer nicht bedingungslos bei diesen politischen Wahnsystemen mitmachen will, wird durch Ausschluss kommunikativ get\u00f6tet, gecancelt, wie man es heute amerikanisiert verniedlicht. Politisch-psychotische Staatssysteme zentrieren sich b\u00fcndelnd um Wahnideen, die dann zu mannigfaltigen, ideologischen Wahnsystemen erweitert werden und alles verfolgen und aussondern, was realit\u00e4tsbasiert in der Au\u00dfenwelt dabei nicht l\u00e4nger mitspielen m\u00f6chte. <a href=\"https:\/\/www.freiburg-schwarzwald.de\/blog\/engagement\/zukunft\/guerot\/\">U. Gu\u00e9rot<\/a> legt klar, dass der Psychose-Staat definitionsgem\u00e4\u00df faschistisch und totalitaristisch agiert und er nimmt dabei, wie in Wahnsystemen \u00fcblich, eine projektive T\u00e4ter-Opferumkehr vor.<br \/>\n<a href=\"https:\/\/www.youtube.com\/watch?v=qdjnhQiLhT8\">https:\/\/www.youtube.com\/watch?v=qdjnhQiLhT8<\/a><br \/>\nNicht der Psychosestaat agiert totalitaristisch, sondern er unterstellt seinen Opfern, die sich gegen seine wahnsinnge Politik zur Wehr zu setzen wagen, Totalitarismus, Faschismus und Neo-Nazitum nach dem Motto: \u2018Werden B\u00fcrger, Bauern, Mittelst\u00e4ndler unbequem, sind sie halt rechtsextrem\u2018.<br \/>\n.<br \/>\nErzeugung psychotischer Progrom Atmosph\u00e4ren mit \u00f6ffentlichen politischen Mordaufrufen<br \/>\nWas auf der individuellen Ebene psychotische Wahnideen mit mehr oder weiniger skurilen Inhalten sind, die aber auch im erweiterte Familiensuizid m\u00fcnden k\u00f6nnten, sind auf der Ebene des Psychose-Staates politisch geplante Progromstimmungen gegen politische Gegner. Diesen werden Grund-, B\u00fcrger- und Menschenrechte abgesprochen oder besser gleich das Menschsein \u00fcberhaupt abgesprochen. Sie werden bspw. als Tiere (Schweine, Esel, Ottergez\u00fccht), als Insekten, (Schmei\u00dffliegen, Kakerlaken, Zecken usw.), als negative mythologische Figuren (D\u00e4monen, Teufel) oder als Ballastexistenzen und Untermenschen deklariert, die zur Gesunderhaltung des Staatsk\u00f6rpers am besten ausgegrenzt oder in Vernichtungslagern gesammelt und da dann ausgemerzt, also ermordet werden m\u00fcssen.<br \/>\nUnd weil sich dagegen heftiger Widerstand, der (bisher noch) schweigenden, aber noch normalen Mehrheit gebildet hat, wird nun auch noch, nach den schon exekutierten Angriffen auf die Parteispitzen der AfD, die Progromstimmung durch reichsparteitags- und DDR vergleichbare regierungsinszenierte Massenaufm\u00e4rsche weiter angeheizt. Damit soll demonstriert werden, dass diese Progrome deshalb berechtigt, also billig, sind, eben weil sie aus der Mitte der Bev\u00f6lkerung entspringen und auch deren Mehrheit darstellen w\u00fcrden.<br \/>\nAls Folge wird in (Deut-)Schland wieder explizit zur T\u00f6tung und Ermordung von politischen Gegnern aufgerufen. Die Polizei marschiert dabei genau neben diesen \u00f6ffentlichen Mordaufrufen unt\u00e4tig einher. Die Mordaufrufe werden nicht nur geduldet und nicht nur nicht gesetzlich verfolgt, sondern polizeilich gesch\u00fctzt! Ein Mordaufruf als gratismutiges, politisches Programm der entarteten \u2018Gutmenschen\u2018 und Antifanten. Genau der Gutmenschen, die w\u00e4hrend der unrechtm\u00e4\u00dfigen Lockdowns der Corona-Krise gerade nicht protestiert hatten, sondern brav ihren Mund gehalten haben. Wenn sie ihren Mund ausnahmsweise mal aufgemacht hatten, dann haben sie auch da schon die staatlich erzeugte Propaganda-Progrom-Stimmung gegen die Impfgegner mitgetragen und in ihrem Lebensumfeld und in den sozialen Medien exekutiert. Es versteht sich von selbst, dass sie sich zuvor auch noch mit zum Heilmittel erkl\u00e4rten Giftstoffen impfen, also mehrfach (ab-)spritzen liessen.<\/p>\n<p>Toxische Metaphern des Irrsinns<br \/>\nWenn der Mainstream sich nun schon erlaubt, eine Privatkonferenz an der mehr CDU-ler, als AfD-ler teilnahmen, die Ende November 2023 stattfand, erst viele Wochen sp\u00e4ter, zur Ablenkung von den bundesweiten Bauernprotesten zu einer AfD Geheimkonferenz aufzublasen, und in einem absurden Vergleich mit der Wannsee-Konferenz zur Endl\u00f6sung der Judenfrage radikal konstruktivistisch umzubauen, dann &#8230;.<br \/>\n&#8230; Alles vom 3.2.2024 von Peter-W. Gester bitte lesen auf<br \/>\n<a href=\"https:\/\/philosophia-perennis.com\/2024\/02\/03\/der-psychose-staat\/\">https:\/\/philosophia-perennis.com\/2024\/02\/03\/der-psychose-staat\/<\/a><br \/>\n,<br \/>\n<em>Prof. em. Dr. Peter-W. Gester, Dipl.-Psych., leitet die &#8222;Gesellschaft zur Erforschung von Gedankenverbrechen&#8220; in den Vogesen: <a href=\"https:\/\/www.missing-link-institut.de\/\">https:\/\/www.missing-link-institut.de\/<\/a><\/em><br \/>\n.<br \/>\nEinige Kommentare:<br \/>\nSie tun den normalen psychiatrischen Krankenh\u00e4usern und deren Mitarbeitern gro\u00dfes Unrecht wenn Sie behaupten, das diese Einrichtungen nur dazu da sind, Menschen zu unterdr\u00fccken, zwangsmedikamentieren und einzusperren, um sie von der Gesellschaft abzusondern. Die Krankenh\u00e4user und Mitarbeiter leisten eine schwere Arbeit, die durch eben solche Vorurteile (&#8222;Einer flog \u00fcbers Kuckucksnest&#8220;) nur noch weiter erschwert wird.<br \/>\nEs gibt das Psych-KG und ich kann Ihnen versichern, das dieses umfassend in den Einrichtungen kontrolliert wird. Patienten k\u00f6nnen selbst die Polizei rufen und eine unabh\u00e4ngige Pr\u00fcfung veranlassen. So einfach ist es nicht mehr, jemanden &#8222;einfach so&#8220; einzusperren.<br \/>\nHerr Mollath hatte wiederholt die Radmuttern am Auto seiner Ex-Frau gelockert, nachdem er sie vorher anderweitig terrorisiert hat, und sie damit in Lebensgefahr gebracht. Er wurde deshalb untergebracht (wahrscheinlich war er nicht haftf\u00e4hig). Sie sehen also, das es alles nicht so einfach ist, wie es manchmal behauptet wird. sed<br \/>\n.<br \/>\nAuch dieser Artikel tut wieder so, als seinen Corona-Panik und Klimareligion ganz allen deutsche Ph\u00e4nomene. Deutschland ist ein Irrenhaus. Ja klar, und Frankreich, in dem Supermarkteink\u00e4ufe polizeilich \u00fcberwacht wurden, Australien, das an Camps f\u00fcr Ungeimpfte arbeitete und die Niederlande, die Kritiker (Willem Engel) verhaften lies &#8211; alles ganz normal? Und das sind nur einzelne Beispiele. Weltweit lassen sich unz\u00e4hlige F\u00e4lle dieses &#8222;psychotischen&#8220; Agierens finden. Man denke nur an den Woke-Zirkus, der aus den USA kommt. Ich glaube, man sch\u00e4tzt die Gefahr v\u00f6llig falsch ein, wenn man nur auf das &#8222;Irrenhaus Deutschland&#8220; weist E.K.<br \/>\nEnde Kommentare<br \/>\n.<\/p>\n<p>&nbsp;<\/p>\n","protected":false},"excerpt":{"rendered":"<p>Home &gt;Selbsthilfe\u00a0&gt;Psyche\u00a0&gt;Wahn &gt;Massenpsychose &gt;Psychose Der Psychose-Staat (3.2.2024) &nbsp; Der Psychose-Staat &#8230; Ein alter Psychiater Witz Was unterscheidet den Psychiater vom Neurotiker und dem Psychotiker? Der Psychotiker baut Luftschl\u00f6sser, in denen er nicht wohnen kann, der Neurotiker hat Angst, dass er &hellip; <a href=\"https:\/\/www.freiburg-schwarzwald.de\/blog\/selbsthilfe\/psyche\/psychose\/\">Weiterlesen <span class=\"meta-nav\">&rarr;<\/span><\/a><\/p>\n","protected":false},"author":2,"featured_media":0,"parent":1146,"menu_order":0,"comment_status":"closed","ping_status":"closed","template":"","meta":{"footnotes":""},"class_list":["post-120351","page","type-page","status-publish","hentry"],"_links":{"self":[{"href":"https:\/\/www.freiburg-schwarzwald.de\/blog\/wp-json\/wp\/v2\/pages\/120351","targetHints":{"allow":["GET"]}}],"collection":[{"href":"https:\/\/www.freiburg-schwarzwald.de\/blog\/wp-json\/wp\/v2\/pages"}],"about":[{"href":"https:\/\/www.freiburg-schwarzwald.de\/blog\/wp-json\/wp\/v2\/types\/page"}],"author":[{"embeddable":true,"href":"https:\/\/www.freiburg-schwarzwald.de\/blog\/wp-json\/wp\/v2\/users\/2"}],"replies":[{"embeddable":true,"href":"https:\/\/www.freiburg-schwarzwald.de\/blog\/wp-json\/wp\/v2\/comments?post=120351"}],"version-history":[{"count":5,"href":"https:\/\/www.freiburg-schwarzwald.de\/blog\/wp-json\/wp\/v2\/pages\/120351\/revisions"}],"predecessor-version":[{"id":120356,"href":"https:\/\/www.freiburg-schwarzwald.de\/blog\/wp-json\/wp\/v2\/pages\/120351\/revisions\/120356"}],"up":[{"embeddable":true,"href":"https:\/\/www.freiburg-schwarzwald.de\/blog\/wp-json\/wp\/v2\/pages\/1146"}],"wp:attachment":[{"href":"https:\/\/www.freiburg-schwarzwald.de\/blog\/wp-json\/wp\/v2\/media?parent=120351"}],"curies":[{"name":"wp","href":"https:\/\/api.w.org\/{rel}","templated":true}]}}