{"id":119566,"date":"2024-01-18T16:38:53","date_gmt":"2024-01-18T15:38:53","guid":{"rendered":"https:\/\/www.freiburg-schwarzwald.de\/blog\/?page_id=119566"},"modified":"2026-01-23T11:48:54","modified_gmt":"2026-01-23T10:48:54","slug":"landwirtschaft","status":"publish","type":"page","link":"https:\/\/www.freiburg-schwarzwald.de\/blog\/natur\/landwirt\/landwirtschaft\/","title":{"rendered":"Landwirtschaft"},"content":{"rendered":"<p><a href=\"https:\/\/www.freiburg-schwarzwald.de\/blog\">Home<\/a>\u00a0&gt;<a title=\"Natur\" href=\"https:\/\/www.freiburg-schwarzwald.de\/blog\/natur\/\">Natur<\/a>\u00a0&gt;<a title=\"Landwirt\" href=\"https:\/\/www.freiburg-schwarzwald.de\/blog\/natur\/landwirt\/\">Landwirt<\/a> &gt;<a href=\"https:\/\/www.freiburg-schwarzwald.de\/blog\/natur\/landwirt\/kleinbauern\/\">Kleinbauern<\/a>\u00a0 &gt;<a href=\"https:\/\/www.freiburg-schwarzwald.de\/blog\/natur\/landwirt\/bauern-protest\/\">Bauern-Protest<\/a> &gt;Landwirtschaft<\/p>\n<div id=\"attachment_119504\" style=\"width: 630px\" class=\"wp-caption alignnone\"><a href=\"https:\/\/www.freiburg-schwarzwald.de\/blog\/wp-content\/uploads\/2024\/01\/bauernproteste-traktoren-buerger-pan240115.jpg\"><img loading=\"lazy\" decoding=\"async\" aria-describedby=\"caption-attachment-119504\" class=\"size-full wp-image-119504\" src=\"https:\/\/www.freiburg-schwarzwald.de\/blog\/wp-content\/uploads\/2024\/01\/bauernproteste-traktoren-buerger-pan240115.jpg\" alt=\"Mittelstand protestiert 2024: Bauern, Handwerk, Dienstleister, ...\" width=\"620\" height=\"413\" srcset=\"https:\/\/www.freiburg-schwarzwald.de\/blog\/wp-content\/uploads\/2024\/01\/bauernproteste-traktoren-buerger-pan240115.jpg 620w, https:\/\/www.freiburg-schwarzwald.de\/blog\/wp-content\/uploads\/2024\/01\/bauernproteste-traktoren-buerger-pan240115-180x120.jpg 180w\" sizes=\"auto, (max-width: 620px) 100vw, 620px\" \/><\/a><p id=\"caption-attachment-119504\" class=\"wp-caption-text\">Mittelstand protestiert 2024: Bauern, Handwerk, Dienstleister, &#8230;<\/p><\/div>\n<p>&nbsp;<\/p>\n<ul>\n<li><em>Listenauswahl eines Beitrags (Artikel\/Datum, Seite\/Inhalt):<span style=\"text-decoration: underline;\">\u00a0Klicken<\/span>\u00a0oder scrollen<\/em><\/li>\n<li><a href=\"https:\/\/www.freiburg-schwarzwald.de\/blog\/global\/eu\/mercosur\/\">Mercosur-Abkommen und EU-Handelspolitik<\/a>\u00a0(17.1.2026)<\/li>\n<li><a href=\"https:\/\/www.freiburg-schwarzwald.de\/blog\/regio\/tal\/dreisamtal\/dreisamtal-bauern\/\">Weihnachtsbrief der Dreisamt\u00e4ler BLHV-Ortsvereine<\/a>\u00a0(18.12.2025)<\/li>\n<li><a href=\"https:\/\/www.freiburg-schwarzwald.de\/blog\/natur\/tiere\/ziegen\/\">Nach der Insolvenz: Frischer Start bei Monte Ziego in Teningen<\/a>\u00a0(19.12.2025)<\/li>\n<li><a href=\"https:\/\/www.freiburg-schwarzwald.de\/blog\/natur\/tiere\/huehner\/\">Volker Kempf: Auf der Suche nach Wirklichkeit in der Mensch-Nutztier-Beziehung<\/a>\u00a0(18.12.202)<\/li>\n<li><a href=\"https:\/\/www.freiburg-schwarzwald.de\/blog\/engagement\/verbraucher\/steuern\/co2-steuer\/\">Deutschlands Klimavorreiter-Wahn: Milliardenbu\u00dfen f\u00fcr CO2<\/a> (6.12.2025)<\/li>\n<li><a href=\"https:\/\/www.freiburg-schwarzwald.de\/blog\/bauernhof\/baldenwegerhof\/\">Betreiber des Baldenweger Hofs in Stegen: \u201eVor allem Hasen und H\u00fchner werden geklaut\u201c<\/a>\u00a0(15.11.2025)<\/li>\n<li><a href=\"https:\/\/www.freiburg-schwarzwald.de\/blog\/natur\/landwirt\/bergbauern\/\">Neun H\u00f6fe aus der Region Freiburg werden f\u00fcr Engagement bei biologischer Vielfalt ausgezeichnet<\/a> (22.10.2025)<\/li>\n<li><a href=\"https:\/\/www.freiburg-schwarzwald.de\/blog\/natur\/landwirt\/schwarzwaldbauern\/\">Siegfried J\u00e4ckle am 8.8.2025 im Alter von 80 Jahren verstorben<\/a>\u00a0(22.8.2025)<\/li>\n<li><a href=\"https:\/\/www.freiburg-schwarzwald.de\/blog\/agrikulturfestival-freiburg-2025\/\">Agrikulturfestival Freiburg 2025<\/a> (2.7.2025)<\/li>\n<li><a href=\"https:\/\/www.freiburg-schwarzwald.de\/blog\/biosphaere-vs-neue-gentechnik\/\">Biosph\u00e4re vs Neue Gentechnik<\/a>\u00a0(21.5.2025)<\/li>\n<li>Die Energiewende und die Landwirtschaft, keine Geschichte mit Happyend (29.4.2025)<\/li>\n<li><a href=\"https:\/\/www.freiburg-schwarzwald.de\/blog\/natur\/landwirt\/schwarzwaldbauern\/\">Weihnachtsgedanken 2024 \u2013 Schwarzwaldbauern<\/a>\u00a0(18.12.2024)<\/li>\n<li><a href=\"https:\/\/www.freiburg-schwarzwald.de\/blog\/bauern-demo-23-11-2024-berlin\/\">Bauern-Demo 23.11.2024 Berlin<\/a>\u00a0(23.11.2024)<\/li>\n<li><a href=\"https:\/\/www.freiburg-schwarzwald.de\/blog\/katholische-kirche-vs-bauern\/\">Katholische Kirche vs. Bauern<\/a>\u00a0(26.10.2024)<\/li>\n<li><a href=\"https:\/\/www.freiburg-schwarzwald.de\/blog\/selbsthilfe\/soziales\/arbeit\/arbeiten-lohnt-nicht\/\">Eberhard Hamer: Arbeiten lohnt sich nicht<\/a>\u00a0(16.8.2024)<\/li>\n<li><a href=\"https:\/\/www.freiburg-schwarzwald.de\/blog\/juliwetter-gut-das-ernten-nicht\/\">Juliwetter gut \u2013 das Ernten nicht<\/a>\u00a0(28.7.2024)<\/li>\n<li><a href=\"https:\/\/www.freiburg-schwarzwald.de\/blog\/natur\/landwirt\/erzeugergemeinschaft\/\">OGS und EGRO in Vogtsburg: Umsatzrekord 2023 der Obsterzeuger<\/a>\u00a0(16.6.2024)<\/li>\n<li><a href=\"https:\/\/www.freiburg-schwarzwald.de\/blog\/natur\/landwirt\/obstbau\/beeren\/\">Johannisbeer-Paten in FR-Opfingen: Obsthof F\u00fcnfgelt<\/a>\u00a0(16.6.2024)<\/li>\n<li><a href=\"https:\/\/www.freiburg-schwarzwald.de\/blog\/natur\/wasser\/trockenheit\/\">Schambachhof B\u00f6tzingen: Landwirtschaft in Zeiten des Klimawandels<\/a>\u00a0(9.4.2024)<\/li>\n<li><a href=\"https:\/\/www.freiburg-schwarzwald.de\/blog\/global\/eu\/eu-agrar\/\">Bauern-Proteste: EU-Politik zerst\u00f6rt die Landwirtschaft<\/a>\u00a0(20.2.2024)<\/li>\n<li><a href=\"https:\/\/www.freiburg-schwarzwald.de\/blog\/natur\/landwirt\/agrar\/\">EU gibt Bauern-Protesten nach<\/a>\u00a0(17.2.2024)<\/li>\n<li>Wie Machtk\u00e4mpfe in der EU die Landwirtschaft vernichten (12.2.2024)<\/li>\n<li><a href=\"https:\/\/www.freiburg-schwarzwald.de\/blog\/bauernproteste-gegen-ampel\/\">Bauernproteste gegen Ampel<\/a>\u00a0(2.2.2024)<\/li>\n<li><a href=\"https:\/\/www.freiburg-schwarzwald.de\/blog\/natur\/landwirt\/bauern-protest\/\">Bauerndemos: LSV Staffelfahrt 27.1.-7.2.2024 zu 13 Hauptst\u00e4dten in D<\/a>\u00a0(26.1.2024)<\/li>\n<li><a href=\"https:\/\/www.freiburg-schwarzwald.de\/blog\/natur\/garten\/\">Studie: Privatgarten ist Gefahr f\u00fcr Klima<\/a>\u00a0(23.1.2024)<\/li>\n<li>Bauernproteste &#8211; Erwerbsbetriebe &#8211; Einkommen (17.1.2024)<\/li>\n<li><\/li>\n<li><a href=\"https:\/\/www.freiburg-schwarzwald.de\/blog\/natur\/landwirt\/obstbau\/beeren\/\">Beeren<\/a><\/li>\n<li><a href=\"https:\/\/www.freiburg-schwarzwald.de\/blog\/engagement\/verbraucher\/steuern\/co2-steuer\/\">CO2-Steuer<\/a><\/li>\n<li><a href=\"https:\/\/www.freiburg-schwarzwald.de\/blog\/regio\/tal\/dreisamtal\/dreisamtal-bauern\/\">Dreisamtal-Bauern<\/a><\/li>\n<li><a href=\"https:\/\/www.freiburg-schwarzwald.de\/blog\/global\/eu\/eu-agrar\/\">EU-agrar<\/a><\/li>\n<\/ul>\n<p>&nbsp;<\/p>\n<p><strong>Die Energiewende und die Landwirtschaft, keine Geschichte mit Happyend<\/strong><br \/>\nNat\u00fcrlich gibt es Landwirte, die betreiben Biogas-Anlagen oder verpachten Fl\u00e4chen f\u00fcr Freifl\u00e4chen-Solar.<br \/>\nAber, das betrifft nur einen kleinen Teil. Viele Landwirte sind auf das Pachten von zus\u00e4tzlichen Fl\u00e4chen angewiesen. Wenn der eigene Hof nicht gen\u00fcgend Land hat, um dieses wirtschaftlich bestellen zu k\u00f6nnen, bleiben nur weitere Fl\u00e4chen.<br \/>\nUm diese Fl\u00e4chen konkurrieren aber nicht nur verschiedene Landwirte, sie haben zus\u00e4tzliche Konkurrenz durch die Betreiber von Solarparks.<br \/>\nDie Pachtpreise, die Dank \u00fcppiger Subventionen zahlen k\u00f6nnen, sind f\u00fcr normale Landwirte unerschwinglich.<br \/>\n&#8230;<br \/>\nNachlese zu Ostern und der Stromproduktion durch Outdoor Chiemgau in einem Video bei YouTube.<br \/>\n.<br \/>\n<em>Stromausf\u00e4lle\/Brownouts zu Ostern? &#8211; Ja. So war es tats\u00e4chlich + Wahnsinn Lkr Rottal Inn<\/em><br \/>\n<em>23.4.2025 <\/em><br \/>\n<em><a href=\"https:\/\/www.youtube.com\/watch?v=eogQUYKSssk\">https:\/\/www.youtube.com\/watch?v=eogQUYKSssk<\/a><\/em><br \/>\n.<br \/>\nEs sieht zu viel Strom im System Ostern und gleichzeitig Stromausf\u00e4lle im S\u00fcdwesten. In der Spitze wurden Ostern 15 GW mehr Strom produziert als verbraucht in Deutschland. H\u00e4tte Frankreich seine Kernkraftwerke nicht heruntergeregelt, was ja nach Meinung einiger gar nicht geht, w\u00e4re die Situation f\u00fcr Deutschland brisant geworden.<br \/>\n&#8230; Alles vom 29.4.2025 bitte lesen auf<br \/>\n<a href=\"https:\/\/klimanachrichten.de\/2025\/04\/29\/die-energiewende-und-die-landwirtschaft-keine-geschichte-mit-happyend\/\">https:\/\/klimanachrichten.de\/2025\/04\/29\/die-energiewende-und-die-landwirtschaft-keine-geschichte-mit-happyend\/<\/a><\/p>\n<p>&nbsp;<\/p>\n<p><strong>Wie Machtk\u00e4mpfe in der EU die Landwirtschaft vernichten<\/strong><br \/>\nDer Bauernprotest richtet sich vordergr\u00fcndig gegen die Besteuerung des Diesels \u2013 aber europaweit geht es um den \u201eGreen Deal\u201c und um den Machtkampf zwischen Ursula von der Leyen und ihrem erneuten Herausforderer Manfred Weber, schreibt EU-Kenner Johannis Wilhelm Friesinger.<br \/>\n&#8230;. Alles vom 12.2.2024 bitte lesen auf<br \/>\n<a href=\"https:\/\/www.tichyseinblick.de\/kolumnen\/aus-aller-welt\/wie-machtkaempfe-in-der-eu-die-landwirtschaft-vernichtet\/\">https:\/\/www.tichyseinblick.de\/kolumnen\/aus-aller-welt\/wie-machtkaempfe-in-der-eu-die-landwirtschaft-vernichtet\/<\/a><\/p>\n<p>&nbsp;<\/p>\n<p><strong>Bauernproteste &#8211; Erwerbsbetriebe &#8211; Einkommen<\/strong><br \/>\nDie Bauern waren auch in der Geschichte Verlierer.<br \/>\n&#8211; Anf\u00e4nglich Berichte \u00fcber die Demos, nun in die Pfanne gehauen<br \/>\n&#8211; Medien-Steilvorlage l\u00e4sst die Rambo-Politik nun durchgreifen<br \/>\n&#8211; Ein letzter Versuch, f\u00fcr unsere Ern\u00e4hrer eine Lanze zu brechen<br \/>\n&#8211; Anhand auch des Jahresabschlusses eines Mittelbetriebes<br \/>\n\u201eGeschlagen ziehen wir nach Haus. Unsre Enkel fechten\u2019s besser aus!\u201c So endet die letzte Strophe eines alten Bauernliedes. Ihre Aufst\u00e4nde waren nie von Erfolg gekr\u00f6nt. So auch heute nicht, die heutigen \u201eEnkel\u201c der fr\u00fcheren Bauernschaft fechten es (bisher) nicht besser aus. Fr\u00fcher mussten sie ihre Interessen gegen Kirchenm\u00e4chtige verteidigen, wovon die Schlusszeile jeder Strophe des Bauernliedes zeugte. \u201eSpie\u00df voran, drauf und dran. Setzt aufs Klosterdach den roten Hahn.\u201c Beispielhaft daf\u00fcr <a href=\"http:\/\/Hassprediger-Luther.de\/inhalt\/Luther-und-die-Bauern\/\">http:\/\/Hassprediger-Luther.de\/inhalt\/Luther-und-die-Bauern\/<\/a>. Heute haben die Kirchen keine Macht mehr, unser Staat daf\u00fcr umso mehr. Diese Macht wird dem Staat insbesondere verliehen durch die Medien, seien sie \u00f6ffentlich-rechtlich oder privat.<\/p>\n<p>Zu Beginn der Bauernproteste beschr\u00e4nkten sich die Medien auf Berichterstattungen. Doch mit jedem weiteren Tag \u00fcbernahmen sie ihre gewohnte Rolle als Meinungsmacher. Immer mehr Berichte tauchten auf, wonach es den Bauern doch blendend gehe. Auch wegen der horrenden Subventionen. Wer versuchte, mit Fakten dagegenzuhalten, wurde ausgebremst. Nach Jahren wollte der Autor wieder einmal in der heimischen Badischen Zeitung einen Leserbrief \u201eAgitation mit falschen Zahlen\u201c ver\u00f6ffentlicht haben, was von der Redaktion dankend abgelehnt wurde. Hier der Wortlaut meines Leserbriefes:<\/p>\n<p>\u201eMit Ihrem Artikel \u201aVon wegen heimische Versorgung\u2018 wird dem Bauernverband die seri\u00f6se Argumentation abgesprochen, um die Berechtigung der Bauernproteste in Zweifel zu ziehen. Deutschlands Landwirtschaft sei als viertgr\u00f6\u00dfter Exporteur mehr als leistungsf\u00e4hig, so Ihre Zeitung. Eine seri\u00f6se Betrachtung gebietet aber den Vergleich von Export und Import Die-gr\u00f6ssten-Agrarimporteure-und-Exporteure-2022, wie das auch bei anderen Waren der Fall ist. Nachfolgend Zahlen von 2022:<br \/>\nDeutschland exportierte zwar f\u00fcr 92,6 Mrd. Dollar Landwirtschaftsprodukte, importierte aber 116,4 Mrd. Dollar Lebensmittel. Die abnehmende Landwirtschaftsfl\u00e4che kann die zunehmende Bev\u00f6lkerung nicht mehr ern\u00e4hren. Lebensmittel in H\u00f6he von 23,8 Mrd. Dollar werden mehr eingef\u00fchrt als ausgef\u00fchrt. China muss sogar 138 Mrd. Dollar mehr Agrarprodukte importieren als es exportiert. Auch die USA ist nicht der gr\u00f6\u00dfte Agrarexporteuer; sie importiert mehr als sie exportiert.<\/p>\n<p>Alleine f\u00fcr Brasilien und die Niederlande trifft zu, was mit Ihrem Artikel verbreitet wird. Brasilien exportiert fast alles, die Niederlande erzielte einen Agrarexport\u00fcberschuss von 27 Mrd. Dollar und Frankreich 11 Mrd. Dollar. Doch viele Landwirte in Deutschland geben auf, weil der Preisdruck der Filialisten zu gro\u00df, die Ackerfl\u00e4chen wegen der Landnahme f\u00fcr neue Wohngebiete kleiner werden, die Wege zu den \u00c4ckern l\u00e4nger und nun auch noch die Betriebskosten f\u00fcr den unverzichtbaren Diesel h\u00f6her werden. Die Bundesregierung k\u00f6nnte alternativ Hunderttausende Zuwanderer als Helfer auf die \u00c4cker schicken, was billiger w\u00e4re als das B\u00fcrgergeld.\u201c<\/p>\n<p>Dann legte ich nochmal nach:<br \/>\n\u201eDie deutsche Landwirtschaft ist bei den Subventionen mit dem Platz 26 fast Schlusslicht, siehe Balkendiagramm aus der NZZ. Die Bauern der meisten L\u00e4nder erhalten mehr Subventionen, au\u00dfer die Nachbarn Luxemburg, Belgien, D\u00e4nemark und die Niederlande. Diese Zahlen sind unabh\u00e4ngig von der Gr\u00f6\u00dfe des Landes in Prozent angegeben. Weil der Artikel nur gegen Geb\u00fchr lesbar ist, hier f\u00fcr einige L\u00e4nder die Zahlen: Griechenland 35 Prozent Subventionen, Baltische Staaten rund 30 Prozent, die L\u00e4nder \u00f6stlich von uns rund 25 Prozent, Polen 22 Prozent, Frankreich liegt im EU-Schnitt von 18 Prozent, Deutschland bei den Subventionen bei nur 15 Prozent.\u201c<\/p>\n<p>Zur angeblichen \u201eKlimasch\u00e4dlichkeit\u201c der Landwirtschaft: Ihr \u201eAgrardiesel\u201c emittiert weniger CO2 als die Benziner auf den Stra\u00dfen. Au\u00dferdem ist die Landwirtschaft der gr\u00f6\u00dfte CO2-Absorber, sie kompensiert auf ihren Fl\u00e4chen mehr CO2 als unsere W\u00e4lder. Einfache Wiesen nehmen so viel CO2 auf wie Wald, Mais das Doppelte und R\u00fcbenfelder sogar das dreieinhalbfache! Dar\u00fcber hinaus ist die Landwirtschaft DIE Sauerstoffpumpe unseres Landes, siehe nat\u00fcrlich-CO2-binden. Doch statt meinen Leserbrief zu ver\u00f6ffentlichen, erschienen am 15. Und 16. Januar nochmals zwei Sonderseiten, die in das Horn der Obersparer vom Dienst der Berliner Regierung bliesen, bzw. ihrer Ausgaben- versus Sparpolitik freie Hand verschaffen. Und das liest sich so:<\/p>\n<p>\u201eViel Geld f\u00fcr gro\u00dfe \u2026 Betriebe \u2013 In der Europ\u00e4ischen Union wird die Landwirtschaft im Rahmen der gemeinsamen Agrarpolitik gef\u00f6rdert. In Deutschland zahlen zudem Bundesl\u00e4nder und Bund weitere Hilfen\u00a0\u2026 Das Land Baden-W\u00fcrttemberg gibt 420 Mio. Euro f\u00fcr die Landwirte aus\u00a0\u2026 Im Schnitt erh\u00e4lt jeder Bauernhof 47.600 Euro Beihilfen\u00a0\u2026\u201c So die mediale Emp\u00f6rung \u00fcber die Unterst\u00fctzung unserer Landwirtschaft. Dabei bleibt unerw\u00e4hnt, dass die Fl\u00e4chenpr\u00e4mien oft bei den Landeigent\u00fcmern landen, nicht bei den Landwirten selbst. Die zweite Sonderseite beschwichtigt:<\/p>\n<p>\u201eDie Ampel verspricht Entlastung\u201c, eine \u201eTierwohlabgabe\u201c solls richten \u2013 sollen sie nicht mehr geschlachtet werden? Nein, diese Verbraucherabgabe w\u00e4re eine weitere Belastung, zwar nicht f\u00fcr die Bauern, aber f\u00fcr die Verbraucher. Sie k\u00e4me kaum den Landwirten zugute. Denn die wenigsten Landwirte sind Vieh- oder Schweinez\u00fcchter sondern Ackerbauern. Hier noch ein paar Merkposten f\u00fcr die anstehende politische Entscheidung an die Adresse derer, die von Landwirtschaft so wenig Ahnung haben wie von einer vern\u00fcnftigen Energiepolitik:<\/p>\n<p>Der Betriebs\u00fcberschuss betrug die letzten zehn Jahre durchschnittlich 59.406 Euro vor Steuern (Quelle). Der Betrag mindert sich um die normale Einkommensteuer, das verbleibende Nettoeinkommen muss f\u00fcr alle mithelfenden Familienangeh\u00f6rigen reichen. Von einer 40-Stunden-Woche k\u00f6nnen Landwirte nur tr\u00e4umen. Oft m\u00fcssen die Eink\u00fcnfte noch mit z.B. arbeitsaufw\u00e4ndigem Weinbau verst\u00e4rkt werden. Oder mit der Vermietung von Stallungen und Weidefl\u00e4chen an Pferdeliebhaber, w\u00e4hrend sie selbst keine Zeit haben, diesem Hobby zu fr\u00f6nen. Und wenn dies auch noch nicht ausreicht, wird noch eine Arbeit im Handwerk oder Schichtarbeit in der Industrie aufgenommen. Wenn die Bauern ihre Ernten \u2013 nur eine im Jahr \u2013 abliefern, wissen sie nicht, was sie daf\u00fcr bekommen. Dies erfahren sie erst einen oder mehrere Monate sp\u00e4ter.<\/p>\n<p>Wenn der Gro\u00df- und Einzelhandel ihre Anteile einbehalten haben, wird der Landwirt schlie\u00dflich zum Restgeldempf\u00e4nger. Mit der Landwirtschaft wird man nicht reich, allenfalls an dieser. Weil immer mehr Landwirtschaftsfl\u00e4chen als Solarparks zweckentfremdet werden und jene staatlich gef\u00f6rderten Investoren mehr Pacht zahlen, erh\u00f6hen sich die Pachtzahlungen der Landwirte f\u00fcr die zu bewirtschaftenden Felder. Und je weniger Pflanzenschutzmittel eingesetzt werden d\u00fcrfen, desto intensiver m\u00fcssen die B\u00f6den bewirtschaftet werden, was Arbeit und Sprit kostet. Und jetzt sinken auch noch die Erzeugerpreise f\u00fcr Agrarprodukte. Ende 2023 erhielten die Bauern ein Drittel weniger f\u00fcr Getreide! \u201eNicht umsonst\u201c m\u00fcssen immer mehr Landwirte aufgeben. Die politischen Entscheidungstr\u00e4ger dagegen nagen nicht am Hungertuch.<\/p>\n<p>Aus der Gewinn- und Verlustrechnung eines Haupterwerbsbetriebs am Ort:<br \/>\nUmsatzerl\u00f6s 156.340 Euro aus 107.120 Euro Getreide\/Mais-Verkauf, 21.840 Euro Weinanbau und 27.370 Euro f\u00fcr das Dreschen f\u00fcr andere. Dazu kamen 40.400 Euro Zusch\u00fcsse. Dagegen stand ein Materialaufwand von 79.466 Euro, darunter 8.100 Euro f\u00fcr Diesel, und 18.476 Euro bezogene Leistungen. Rohergebnis = 99.226 Euro.<\/p>\n<p>Weiter gingen ab 4.827 Euro an Personalaufwand f\u00fcr die Sozialversicherung mit Altersvorsorge, 19.515 Euro Abschreibungen f\u00fcr Anlagen, minus 52.344 Euro sonstige Betriebsaufwendungen, davon 33.000 Euro Grundst\u00fccks- und Raumkosten, aber auch Versicherungen, Abgaben und Reparaturen. Nach Abzug dieser Kosten verblieb ein \u00dcberschuss von ganzen 22.695 Euro f\u00fcr ein ganzes Arbeitsjahr. F\u00fcr die Bewirtschaftung von 100 Hektar Land und 3,5 Hektar Weinberg! Ohne die 40.400 Euro Zusch\u00fcsse w\u00e4re ein Verlust ca. 17.700 Euro zu beklagen gewesen.<\/p>\n<p>H\u00e4tte der Landwirt den Hof aufgegeben und als heimischer B\u00fcrger B\u00fcrgergeld bezogen, h\u00e4tte er 6.024 Euro plus 8.400 Euro Warmmiete erhalten. Das w\u00e4ren zwar 8.270 Euro weniger als er mit der Landwirtschaft verdient hat. Teilt man diese aber durch die erbrachten 2.500 Jahresarbeitsstunden, sind das 3,30 Euro pro Stunde Arbeit bei Wind und Wetter. Und selbst an dieses wenige Geld gehen die Berliner Politiker ran \u2013 dass diese sich nicht sch\u00e4men!<\/p>\n<p>Der Jungbauer verlor bereits viele Stunden f\u00fcr die Beteiligung an Demonstrationen. Auf einer solchen trat er auch als Sprecher auf. Anschlie\u00dfend wurde er von einem Pressevertreter angesprochen, dass seine Rede publik gemacht worden w\u00e4re, h\u00e4tte er nicht den Fehler gemacht, den Medien das Bem\u00fchen abzusprechen, sich in die Probleme der Landwirtschaft ernsthaft einzuarbeiten \u2013 so wie ich es hier tue.<\/p>\n<p>Fazit: Die Medien sind es, welche die Macht zur Meinungsf\u00fchrerschaft im Lande innehaben und damit die Politik unseres Landes ma\u00dfgeblich gestalten. Deren Gunst gilt Vielen, aber nicht den Landwirten die mit harter Arbeit nur ein \u201eNasenwasser\u201c der Eink\u00fcnfte der Nachrichtenprominenz erzielen. 580.000 Euro Gage z.B. f\u00fcr die eigentlich sympathische Caren Miosga: Fernsehen-machen-kostet-nun-mal-Geld-meint-die Anne-Will-Nachfolgerin.<\/p>\n<p>\u201eJedem das Seine\u201c, nur den Landwirten nicht? Die Borchert-Kommission zur Zukunft der Landwirtschaft machte einige Vorschl\u00e4ge. Aber sie wurde aufgel\u00f6st. \u201eWenn Du nicht mehr weiterwei\u00dft, bilde den n\u00e4chsten Arbeitskreis\u201c, hei\u00dft es. Unter dieser Regierung wohl eine vergebliche M\u00fche. Was meinten eigentlich die Oppositionsparteien zu den Sparbeschl\u00fcsse der Sonderlast f\u00fcr die Landwirtschaft? Auf die Kommentare darf man gespannt sein.<\/p>\n<p>&#8230; Alles vom 17.1.2024 von Albrecht K\u00fcnstle bitte lesen auf <a href=\"https:\/\/www.ansage.org\">https:\/\/www.ansage.org<\/a><\/p>\n","protected":false},"excerpt":{"rendered":"<p>Home\u00a0&gt;Natur\u00a0&gt;Landwirt &gt;Kleinbauern\u00a0 &gt;Bauern-Protest &gt;Landwirtschaft &nbsp; Listenauswahl eines Beitrags (Artikel\/Datum, Seite\/Inhalt):\u00a0Klicken\u00a0oder scrollen Mercosur-Abkommen und EU-Handelspolitik\u00a0(17.1.2026) Weihnachtsbrief der Dreisamt\u00e4ler BLHV-Ortsvereine\u00a0(18.12.2025) Nach der Insolvenz: Frischer Start bei Monte Ziego in Teningen\u00a0(19.12.2025) Volker Kempf: Auf der Suche nach Wirklichkeit in der Mensch-Nutztier-Beziehung\u00a0(18.12.202) Deutschlands Klimavorreiter-Wahn: &hellip; <a href=\"https:\/\/www.freiburg-schwarzwald.de\/blog\/natur\/landwirt\/landwirtschaft\/\">Weiterlesen <span class=\"meta-nav\">&rarr;<\/span><\/a><\/p>\n","protected":false},"author":2,"featured_media":0,"parent":1014,"menu_order":0,"comment_status":"closed","ping_status":"closed","template":"","meta":{"footnotes":""},"class_list":["post-119566","page","type-page","status-publish","hentry"],"_links":{"self":[{"href":"https:\/\/www.freiburg-schwarzwald.de\/blog\/wp-json\/wp\/v2\/pages\/119566","targetHints":{"allow":["GET"]}}],"collection":[{"href":"https:\/\/www.freiburg-schwarzwald.de\/blog\/wp-json\/wp\/v2\/pages"}],"about":[{"href":"https:\/\/www.freiburg-schwarzwald.de\/blog\/wp-json\/wp\/v2\/types\/page"}],"author":[{"embeddable":true,"href":"https:\/\/www.freiburg-schwarzwald.de\/blog\/wp-json\/wp\/v2\/users\/2"}],"replies":[{"embeddable":true,"href":"https:\/\/www.freiburg-schwarzwald.de\/blog\/wp-json\/wp\/v2\/comments?post=119566"}],"version-history":[{"count":6,"href":"https:\/\/www.freiburg-schwarzwald.de\/blog\/wp-json\/wp\/v2\/pages\/119566\/revisions"}],"predecessor-version":[{"id":144673,"href":"https:\/\/www.freiburg-schwarzwald.de\/blog\/wp-json\/wp\/v2\/pages\/119566\/revisions\/144673"}],"up":[{"embeddable":true,"href":"https:\/\/www.freiburg-schwarzwald.de\/blog\/wp-json\/wp\/v2\/pages\/1014"}],"wp:attachment":[{"href":"https:\/\/www.freiburg-schwarzwald.de\/blog\/wp-json\/wp\/v2\/media?parent=119566"}],"curies":[{"name":"wp","href":"https:\/\/api.w.org\/{rel}","templated":true}]}}