{"id":119107,"date":"2024-01-05T15:03:03","date_gmt":"2024-01-05T14:03:03","guid":{"rendered":"https:\/\/www.freiburg-schwarzwald.de\/blog\/?page_id=119107"},"modified":"2024-06-15T20:06:58","modified_gmt":"2024-06-15T18:06:58","slug":"kommunalwahl2024-fr","status":"publish","type":"page","link":"https:\/\/www.freiburg-schwarzwald.de\/blog\/regio\/freiburg\/kommunalwahl2024-fr\/","title":{"rendered":"Kommunalwahl2024-FR"},"content":{"rendered":"<p><a href=\"https:\/\/www.freiburg-schwarzwald.de\/blog\">Home<\/a>\u00a0&gt;<a title=\"Regio\" href=\"https:\/\/www.freiburg-schwarzwald.de\/blog\/regio\/\">Regio<\/a>\u00a0&gt;<a title=\"Orte\" href=\"https:\/\/www.freiburg-schwarzwald.de\/blog\/regio\/orte\/\">Orte<\/a>\u00a0&gt;<a title=\"Freiburg\" href=\"https:\/\/www.freiburg-schwarzwald.de\/blog\/regio\/freiburg\/\">Freiburg<\/a> &gt;<a href=\"https:\/\/www.freiburg-schwarzwald.de\/blog\/regio\/freiburg\/augustinerplatz\/\">Augustinerplatz<\/a> &gt;Kommunalwahl2024-FR<\/p>\n<div id=\"attachment_117239\" style=\"width: 650px\" class=\"wp-caption alignnone\"><a href=\"https:\/\/www.freiburg-schwarzwald.de\/blog\/wp-content\/uploads\/2023\/11\/demo1-wir-gemeinsam-pan2311-1.jpg\"><img loading=\"lazy\" decoding=\"async\" aria-describedby=\"caption-attachment-117239\" class=\"size-full wp-image-117239\" src=\"https:\/\/www.freiburg-schwarzwald.de\/blog\/wp-content\/uploads\/2023\/11\/demo1-wir-gemeinsam-pan2311-1.jpg\" alt=\"\" width=\"640\" height=\"430\" srcset=\"https:\/\/www.freiburg-schwarzwald.de\/blog\/wp-content\/uploads\/2023\/11\/demo1-wir-gemeinsam-pan2311-1.jpg 640w, https:\/\/www.freiburg-schwarzwald.de\/blog\/wp-content\/uploads\/2023\/11\/demo1-wir-gemeinsam-pan2311-1-180x121.jpg 180w\" sizes=\"auto, (max-width: 640px) 100vw, 640px\" \/><\/a><p id=\"caption-attachment-117239\" class=\"wp-caption-text\">Gemeinsam unterwegs f\u00fcr Frieden, Freiheit und Demokratie auf der Demo in Freiburg am 11.11.2023<\/p><\/div>\n<ul>\n<li>Kommunalwahl Freiburg am 9.6.2024 &#8211; Ergebnisse (13.6.2024)<\/li>\n<li><a href=\"https:\/\/www.freiburg-schwarzwald.de\/blog\/politik-und-pizza-junge-waehler-024\/\">Politik und Pizza \u2013 junge W\u00e4hler<\/a> (24.5.2024)<\/li>\n<li><a href=\"https:\/\/www.freiburg-schwarzwald.de\/blog\/engagement\/buergerinitiativen\/friedensdemo\/\">Demo: Freie Friedensaktivisten Freiburg am 4.5.2024 ab 14 Uhr<\/a> (2.5.2024)<\/li>\n<li>Kommunalwahl Freiburg 9.6.2024: Gro\u00dfe Auswahl in der Wiehre (13.4.2024)<\/li>\n<li>20 Listen mit 2016 Kandidaten zur Gemeinderatswahl Freiburg 9.6. 2024\u00a0 (8.4.2024)<\/li>\n<li><a href=\"https:\/\/www.freiburg-schwarzwald.de\/blog\/kommunalwahl-hd-vorbild-fr\/\">Kommunalwahl: HD Vorbild f\u00fcr FR<\/a> (3.4.2024)<\/li>\n<li>Liste Meinrad Spitz &#8211; kurz: Liste SPITZ\u00a0 (29.3.2024)<\/li>\n<li>In Freiburg bewerben sich 20 Listen f\u00fcr die Kommunalwahl &#8211; so viele wie noch nie (29..2024)<\/li>\n<li>Freiburger Querdenker d\u00fcrfen nun doch nicht auf die AfD-Wahlliste (5.3.2024)<\/li>\n<li>Querdenker wollen in Freiburg bei der Kommunalwahl f\u00fcr die AfD kandidieren (4.1.2024)<\/li>\n<li><\/li>\n<li><a href=\"https:\/\/www.freiburg-schwarzwald.de\/blog\/engagement\/zukunft\/demokratie\/kommunalwahl\/kommunal\/\">kommunal<\/a><\/li>\n<li><a href=\"https:\/\/www.freiburg-schwarzwald.de\/blog\/engagement\/zukunft\/demokratie\/kommunalwahl\/\">Kommunalwahl<\/a><\/li>\n<li><a href=\"https:\/\/www.freiburg-schwarzwald.de\/blog\/engagement\/zukunft\/demokratie\/neuwahlen\/\">Neuwahlen<\/a><\/li>\n<li><a href=\"https:\/\/www.freiburg-schwarzwald.de\/blog\/engagement\/zukunft\/demokratie\/opposition\/querdenken2023\/\">Querdenker2023<\/a><\/li>\n<\/ul>\n<p><strong>Wahl zum Freiburger Gemeinderat (Stadtrat) am 9. Juni 2024<br \/>\n<\/strong>Zweck dieser Seite: Die Wahlbeteiligung erh\u00f6hen. Liebe Freiburger Bobbele, bitte geht w\u00e4hlen am 9. Juni 2024. 20 Listen bieten Auswahlm\u00f6glichkeit genug.<br \/>\n.<br \/>\n<strong>Jeder B\u00fcrger hat 48 Stimmen. Er kann kumulieren und panaschieren<\/strong><br \/>\nKumulieren = H\u00e4ufeln<br \/>\nEin W\u00e4hler kann seine 48 Stimmen auf einzelne Kandidaten h\u00e4ufeln, in dem er ihnen 1, 2 oder drei Stimmen gibt.<br \/>\nBeispiel: Auf Liste &#8222;S&#8220; mit 16 Kandidaten jedem Kandidaten 3 Stimmen geben (jeweils eine 3 reinschreiben). Damit sind alle 16*3=48 Stimmen verbraucht.<br \/>\n.<br \/>\nPanaschieren = Verteilen<br \/>\nEin W\u00e4hler kann seine 48 Stimmen auf verschiedene Listen verteilen.<br \/>\nBeispiel: Auf Liste &#8222;A&#8220; nur 15 Kandidaten je 3 Stimmen geben und auf Liste &#8222;B&#8220; einem Kandidaten 3 Stimmen geben. Auch damit sind mit 15*3=45 + 1*3=3 alle 48 Stimmen verbraucht.<br \/>\n==========================================================<br \/>\n.<\/p>\n<p><strong>Kommunalwahl Freiburg am 9.6.2024 &#8211; Ergebnisse<\/strong><br \/>\nGr\u00fcne (23,8 Prozent , 12 Sitze), SPD (12,5 Prozent, 6) , CDU ( 12,0 Prozent, 6),<br \/>\nLinke Liste (7,7 Prozent, 4), Freie W\u00e4hler (7,0 Prozent, 3).<\/p>\n<p>Jeweils zwei Sitze:<br \/>\nAfD (4,5 Prozent, 2), FDP (4,4 Prozent, 2) , Volt (3,8 Prozent, 2). Gr\u00fcne Alternative Freiburg, GAF (3,6 Prozent, 2), Junges Freiburg, JF (3,3 Prozent, 2)<\/p>\n<p>Einen Sitz f\u00fcr die Listen:<br \/>\nUrbanes Freiburg, UFR (2,9 Prozent, 1)Kulturliste Freiburg, kult (2,6 Prozent, 1), Unabh\u00e4ngige Frauen Freiburg, UFF (2,5 Prozent, 1), Die PARTEI (2,4 Prozent, 1), Freiburg Lebenswert, FL (2,4 Prozent, 1), die Liste Teilhabe und Inklusion, LTI (1,8 Prozent, 1) sowie die B\u00fcrger f\u00fcr Freiburg, BFF (1,2 Prozent, 1)<\/p>\n<p>Keinen Sitz erhalten die Listen:<br \/>\nF\u00fcr Freiburg \u2013 Politik aus christlicher Verantwortung, FFR (0,8 Prozent, 0), Meinrad Spitz (0,7 Prozent, 0) , Anarchistische Pogo-Partei Deutschlands, APPD (0,2 Prozent, 0),<\/p>\n<p>Angaben\u00a0 ohne Gew\u00e4hr<\/p>\n<p>.<\/p>\n<p><strong>Kommunalwahl Freiburg 9.6.2024: Gro\u00dfe Auswahl in der Wiehre<\/strong><br \/>\nExakt 854 B\u00fcrger kandidieren auf 20 Listen f\u00fcr den Gemeinderat. Welche Stadtteile sind wie vertreten, welche Listen sind alt, welche jung, wo liegen Hochburgen? Ein Streifzug durch die Daten.<br \/>\n&#8230; Alles vom 13.4.2024 bitte lesen auf<br \/>\n<a href=\"https:\/\/www.badische-zeitung.de\/grosse-auswahl-in-der-wiehre\">https:\/\/www.badische-zeitung.de\/grosse-auswahl-in-der-wiehre<\/a><\/p>\n<p>&nbsp;<\/p>\n<p><strong>20 Listen mit 2016 Kandidaten zur Gemeinderatswahl Freiburg 9.6. 2024<\/strong><br \/>\nFolgende Parteien und W\u00e4hlervereinigungen treten bei der Gemeinderatswahl an<br \/>\n(Reihenfolge gem\u00e4\u00df Freiburg.de):<br \/>\n1 B\u00fcndnis 90\/Die Gr\u00fcnen (GR\u00dcNE)<br \/>\n2 Sozialdemokratische Partei Deutschlands (SPD)<br \/>\n3 Christlich Demokratische Union Deutschlands (CDU)<br \/>\n4 Linke Liste &#8211; Solidarische Stadt (Linke Liste)<br \/>\n5 Gr\u00fcne Alternative Freiburg (GAF)<br \/>\n6 Freie W\u00e4hler (FW)<br \/>\n7 Freiburg Lebenswert (FL)<br \/>\n8 Junges Freiburg (JF)<br \/>\n9 Freie Demokratische Partei (FDP)<br \/>\n10 Alternative f\u00fcr Deutschland (AfD)<br \/>\n11 Urbanes Freiburg (UFR)<br \/>\n12 Partei f\u00fcr Arbeit, Rechtsstaat, Tierschutz, Elitenf\u00f6rderung und basisdemokratische<br \/>\nInitiative (Die PARTEI)<br \/>\n13 Kulturliste Freiburg (kult)<br \/>\n14 Unabh\u00e4ngige Frauen Freiburg (UFF)<br \/>\n15 B\u00fcrger f\u00fcr Freiburg (BFF)<br \/>\n16 Liste Teilhabe und Inklusion (LTI)<br \/>\n17 Anarchistische Pogo-Partei Deutschlands (APPD)<br \/>\n18 F\u00fcr Freiburg &#8211; Politik aus christlicher Verantwortung (FFR)<br \/>\n19 Volt Deutschland (Volt)<br \/>\n20 Meinrad Spitz (SPITZ)<br \/>\n.<\/p>\n<p><strong>Alle 20 Listen mitsamt insgesamt 2016 Kandidaten<br \/>\n<\/strong>Die Namen sind etwas m\u00fchsam zu finden:<strong><br \/>\n\u00d6ffentliche Bekanntmachung der Wahlvorschl\u00e4ge zur Wahl des Gemeinderats und des Ortschaftsrats am 09.06.2024<\/strong><br \/>\nAuf <a href=\"https:\/\/www.freiburg.de\/pb\/,Lde\/1482725.html\">https:\/\/www.freiburg.de\/pb\/,Lde\/1482725.html<\/a> gehen und dort unter &#8222;Bekanntmachungen &#8211; Wahl des Gemeindesrats und des Ortschaftsrats&#8220; auf den zweiten Eintrag klicken. Oder direkt diese PDF aufrufen:<br \/>\n<a href=\"https:\/\/www.freiburg.de\/pb\/site\/Freiburg\/get\/params_E338220161\/2171800\/2024_GR_OR_Bekanntmachung_der_Wahlvorschlaege_signed.pdf\">https:\/\/www.freiburg.de\/pb\/site\/Freiburg\/get\/params_E338220161\/2171800\/2024_GR_OR_Bekanntmachung_der_Wahlvorschlaege_signed.pdf<\/a><br \/>\n,<br \/>\nAm Ende finden Sie die zus\u00e4tzlichen Listen f\u00fcr die Ortschaftswahlen in Ebnet, Kappel &#8230;<\/p>\n<p>.<\/p>\n<p><strong>Liste Meinrad Spitz &#8211; kurz: Liste SPITZ)<br \/>\n<\/strong><\/p>\n<div id=\"attachment_123299\" style=\"width: 649px\" class=\"wp-caption alignnone\"><a href=\"https:\/\/www.freiburg-schwarzwald.de\/blog\/wp-content\/uploads\/2024\/05\/liste-Spitz-Freiburg-waehlen-pan240504.jpg\"><img loading=\"lazy\" decoding=\"async\" aria-describedby=\"caption-attachment-123299\" class=\"size-full wp-image-123299\" src=\"https:\/\/www.freiburg-schwarzwald.de\/blog\/wp-content\/uploads\/2024\/05\/liste-Spitz-Freiburg-waehlen-pan240504.jpg\" alt=\"\" width=\"639\" height=\"379\" srcset=\"https:\/\/www.freiburg-schwarzwald.de\/blog\/wp-content\/uploads\/2024\/05\/liste-Spitz-Freiburg-waehlen-pan240504.jpg 639w, https:\/\/www.freiburg-schwarzwald.de\/blog\/wp-content\/uploads\/2024\/05\/liste-Spitz-Freiburg-waehlen-pan240504-180x107.jpg 180w\" sizes=\"auto, (max-width: 639px) 100vw, 639px\" \/><\/a><p id=\"caption-attachment-123299\" class=\"wp-caption-text\">Friedensdemo in Freiburg am 4.5.2024 &#8211; Kommunalwahl Liste-SPITZ w\u00e4hlen<\/p><\/div>\n<p><a href=\"https:\/\/www.m-spitz.de\">https:\/\/www.m-spitz.de\u00a0<\/a><br \/>\nkontakt@m-spitz.de<br \/>\n<a href=\"https:\/\/t.me\/freiburg_berlin2020\">https:\/\/t.me\/freiburg_berlin2020<\/a><br \/>\n<a href=\"https:\/\/t.me\/mein_rad\">https:\/\/t.me\/mein_rad<\/a><br \/>\n<a href=\"https:\/\/t.me\/c\/2007147061\/688\">https:\/\/t.me\/c\/2007147061\/688<\/a><br \/>\n.<br \/>\nBZ-Artikel zu Meinrad Spitz:<br \/>\n<a href=\"https:\/\/t.me\/dreisamtalverbindedich\/3519\">https:\/\/t.me\/dreisamtalverbindedich\/3519<\/a><\/p>\n<p>.<br \/>\n<a href=\"https:\/\/www.freiburg-schwarzwald.de\/blog\/wp-content\/uploads\/2024\/04\/spitz-flyer2403.jpg\"><img loading=\"lazy\" decoding=\"async\" class=\"alignnone size-thumbnail wp-image-122222\" src=\"https:\/\/www.freiburg-schwarzwald.de\/blog\/wp-content\/uploads\/2024\/04\/spitz-flyer2403-180x127.jpg\" alt=\"\" width=\"180\" height=\"127\" srcset=\"https:\/\/www.freiburg-schwarzwald.de\/blog\/wp-content\/uploads\/2024\/04\/spitz-flyer2403-180x127.jpg 180w, https:\/\/www.freiburg-schwarzwald.de\/blog\/wp-content\/uploads\/2024\/04\/spitz-flyer2403-640x452.jpg 640w, https:\/\/www.freiburg-schwarzwald.de\/blog\/wp-content\/uploads\/2024\/04\/spitz-flyer2403-768x542.jpg 768w, https:\/\/www.freiburg-schwarzwald.de\/blog\/wp-content\/uploads\/2024\/04\/spitz-flyer2403.jpg 800w\" sizes=\"auto, (max-width: 180px) 100vw, 180px\" \/><\/a>\u00a0 \u00a0 \u00a0 \u00a0 \u00a0 \u00a0 \u00a0 \u00a0 <a href=\"https:\/\/www.freiburg-schwarzwald.de\/blog\/wp-content\/uploads\/2024\/04\/spitz-martinstor240323.jpg\"><img loading=\"lazy\" decoding=\"async\" class=\"alignnone size-thumbnail wp-image-122223\" src=\"https:\/\/www.freiburg-schwarzwald.de\/blog\/wp-content\/uploads\/2024\/04\/spitz-martinstor240323-144x180.jpg\" alt=\"\" width=\"144\" height=\"180\" srcset=\"https:\/\/www.freiburg-schwarzwald.de\/blog\/wp-content\/uploads\/2024\/04\/spitz-martinstor240323-144x180.jpg 144w, https:\/\/www.freiburg-schwarzwald.de\/blog\/wp-content\/uploads\/2024\/04\/spitz-martinstor240323-514x640.jpg 514w, https:\/\/www.freiburg-schwarzwald.de\/blog\/wp-content\/uploads\/2024\/04\/spitz-martinstor240323.jpg 650w\" sizes=\"auto, (max-width: 144px) 100vw, 144px\" \/><\/a><br \/>\n.<\/p>\n<div id=\"attachment_123181\" style=\"width: 651px\" class=\"wp-caption alignnone\"><a href=\"https:\/\/www.freiburg-schwarzwald.de\/blog\/wp-content\/uploads\/2024\/05\/spitz-liste-wahlFR-pan2404.jpg\"><img loading=\"lazy\" decoding=\"async\" aria-describedby=\"caption-attachment-123181\" class=\"size-full wp-image-123181\" src=\"https:\/\/www.freiburg-schwarzwald.de\/blog\/wp-content\/uploads\/2024\/05\/spitz-liste-wahlFR-pan2404.jpg\" alt=\"\" width=\"641\" height=\"346\" srcset=\"https:\/\/www.freiburg-schwarzwald.de\/blog\/wp-content\/uploads\/2024\/05\/spitz-liste-wahlFR-pan2404.jpg 641w, https:\/\/www.freiburg-schwarzwald.de\/blog\/wp-content\/uploads\/2024\/05\/spitz-liste-wahlFR-pan2404-180x97.jpg 180w\" sizes=\"auto, (max-width: 641px) 100vw, 641px\" \/><\/a><p id=\"caption-attachment-123181\" class=\"wp-caption-text\">Liste SPITZ Kommunalwahl 2024 in FR: Meinrad Spitz mit seinem Fahrrad am 29.4.24<\/p><\/div>\n<p>.<br \/>\n.<br \/>\n<strong>In Freiburg bewerben sich 20 Listen f\u00fcr die Kommunalwahl &#8211; so viele wie noch nie<\/strong><br \/>\nRund 175.000 Freiburgerinnen und Freiburger sind am 9. Juni aufgerufen, ihren neuen Gemeinderat und acht Ortschaftsr\u00e4te zu w\u00e4hlen. Sie haben die Wahl &#8211; und das nicht zu knapp: 20 Listen wollen sich um Sitze im Stadtparlament bewerben, das sind zwei mehr als bei der letzten Wahl. F\u00fcr die Ortschaftsr\u00e4te gingen 26 Wahlvorschl\u00e4ge ein, vor f\u00fcnf Jahren waren es 28.<br \/>\nAlle im Gemeinderat vertretenen Parteien und Gruppierungen wollen sich wieder zur Wahl stellen. Neu auf dem Wahlzettel stehen &#8211; wenn sie zugelassen werden &#8211; die Anarchistische Pogo-Partei Deutschlands (APPD), F\u00fcr Freiburg &#8211; Politik aus christlicher Verantwortung (FFR), Volt Deutschland und die Liste Meinrad Spitz (Spitz). Die Neuen hatten alle 250 Unterst\u00fctzerstimmen sammeln m\u00fcssen, um \u00fcberhaupt ins Rennen gehen zu k\u00f6nnen.<br \/>\n&#8230; Alles vom 29.3.2024 bitte lesen auf<br \/>\n<a href=\"https:\/\/www.badische-zeitung.de\/in-freiburg-bewerben-sich-20-listen-fuer-die-kommunalwahl-so-viele-wie-noch-nie\">https:\/\/www.badische-zeitung.de\/in-freiburg-bewerben-sich-20-listen-fuer-die-kommunalwahl-so-viele-wie-noch-nie<\/a><br \/>\n.<br \/>\n.<br \/>\n<strong>Freiburger Querdenker d\u00fcrfen nun doch nicht auf die AfD-Wahlliste<\/strong><br \/>\nVier Vertreter der regionalen Corona-Kritiker-Szene, die als Parteilose auf der Wahlliste der AfD f\u00fcr die Kommunalwahl antreten wollten, sind von der Partei wieder ausgeladen worden. Das best\u00e4tigte auf Anfrage Malte Wendt, neben Meinrad Spitz, Svenja Wendt und Volker Kantwerk einer der vier Interessierten.<br \/>\n&#8230; Alles vom 5.3.2024 bitte lesen auf<br \/>\n<a href=\"https:\/\/www.badische-zeitung.de\/freiburger-querdenker-duerfen-nun-doch-nicht-auf-die-afd-wahlliste\">https:\/\/www.badische-zeitung.de\/freiburger-querdenker-duerfen-nun-doch-nicht-auf-die-afd-wahlliste<\/a><\/p>\n<p><strong>Karl Schwarz (AfD) will in Freiburg Nichtw\u00e4hler an die Urne bringen<\/strong><br \/>\nKarl Schwarz, Spitzenkandidat der AfD, sieht sich selbst am \u00e4u\u00dfersten rechten demokratischen Spektrum im Gemeinderat. Die St\u00e4rke seiner Partei sei es, Nichtw\u00e4hler zu aktivieren.<br \/>\n&#8230; Alles vom 31.5.2024 bitte lesen auf<br \/>\n<a href=\"https:\/\/www.badische-zeitung.de\/karl-schwarz-afd-will-in-freiburg-nichtwaehler-an-die-urne-bringen\">https:\/\/www.badische-zeitung.de\/karl-schwarz-afd-will-in-freiburg-nichtwaehler-an-die-urne-bringen<\/a><br \/>\n.<br \/>\n<a href=\"https:\/\/kandidatencheck.swr.de\/landtagswahl-2021-bw\/kandidat\/schwarz_karl\/\">https:\/\/kandidatencheck.swr.de\/landtagswahl-2021-bw\/kandidat\/schwarz_karl\/<\/a><\/p>\n<p>.<\/p>\n<p><strong>Querdenker wollen in Freiburg bei der Kommunalwahl f\u00fcr die AfD kandidieren<\/strong><br \/>\nVier zentrale Vertreter der regionalen Corona-Kritiker-Szene wollen auf der Liste der AfD f\u00fcr die Kommunalwahl antreten. Gespr\u00e4che h\u00e4tten stattgefunden, best\u00e4tigt der AfD-Vorstand.<br \/>\nEin Video mit einer entsprechenden Ank\u00fcndigung findet sich in einem regionalen Telegram-Kanal der Partei &#8222;Die Basis&#8220; sowie auf einem Kanal von Malte Wendt, der w\u00e4hrend der Pandemie als Organisator der <a href=\"https:\/\/www.freiburg-schwarzwald.de\/blog\/engagement\/buergerinitiativen\/demos-in-freiburg\/freiseinfreiburg\/\">Freiburger Proteste<\/a> gegen die Corona-Ma\u00dfnahmen bekannt geworden war. In dem Clip stellen sich neben Wendt dessen Schwester Svenja Wendt sowie Volker Kantwerg und Meinrad Spitz vor. Auch sie sind in der Corona-Szene aktiv &#8230;<br \/>\nParteilos f\u00fcr die AfD. &#8222;Wir haben beschlossen, uns als Parteilose f\u00fcr einen Platz auf der Liste der AfD zu bewerben&#8220;, sagt Malte Wendt dann im Film.<br \/>\n&#8230; Alles vom 4.1.2024 bitte lesen auf<br \/>\n<a href=\"https:\/\/www.badische-zeitung.de\/querdenker-wollen-in-freiburg-bei-der-kommunalwahl-fuer-die-afd-kandidieren\">https:\/\/www.badische-zeitung.de\/querdenker-wollen-in-freiburg-bei-der-kommunalwahl-fuer-die-afd-kandidieren<\/a><\/p>\n<p>Kommunalwahl Freiburg 2024: Meinrad Spitz<br \/>\n<a href=\"https:\/\/t.me\/Kuelken\/8583\">https:\/\/t.me\/Kuelken\/8583<\/a>, 11 min<br \/>\nIngenieur und <a href=\"https:\/\/www.freiburg-schwarzwald.de\/blog\/engagement\/zukunft\/demokratie\/opposition\/querdenker\/\">Querdenker<\/a><br \/>\n.<br \/>\nKommunalwahl Freiburg 2024: Malte Wendt<br \/>\n<a href=\"https:\/\/t.me\/Kuelken\/8582\">https:\/\/t.me\/Kuelken\/8582<\/a> 14 min<br \/>\n<a href=\"https:\/\/t.me\/MaltesMeinung\">https:\/\/t.me\/MaltesMeinung<\/a><br \/>\n<a href=\"https:\/\/www.freiburg-schwarzwald.de\/blog\/engagement\/zukunft\/demokratie\/opposition\/querdenken2023\/\">Querdenker<\/a><br \/>\n.<br \/>\nDr. Wassmer zur Kommunalwahl in Freiburg<br \/>\n<a href=\"https:\/\/t.me\/FreiSeinFreiburg\/41772\">https:\/\/t.me\/FreiSeinFreiburg\/41772<\/a><\/p>\n","protected":false},"excerpt":{"rendered":"<p>Home\u00a0&gt;Regio\u00a0&gt;Orte\u00a0&gt;Freiburg &gt;Augustinerplatz &gt;Kommunalwahl2024-FR Kommunalwahl Freiburg am 9.6.2024 &#8211; Ergebnisse (13.6.2024) Politik und Pizza \u2013 junge W\u00e4hler (24.5.2024) Demo: Freie Friedensaktivisten Freiburg am 4.5.2024 ab 14 Uhr (2.5.2024) Kommunalwahl Freiburg 9.6.2024: Gro\u00dfe Auswahl in der Wiehre (13.4.2024) 20 Listen mit 2016 &hellip; <a href=\"https:\/\/www.freiburg-schwarzwald.de\/blog\/regio\/freiburg\/kommunalwahl2024-fr\/\">Weiterlesen <span class=\"meta-nav\">&rarr;<\/span><\/a><\/p>\n","protected":false},"author":2,"featured_media":0,"parent":389,"menu_order":0,"comment_status":"closed","ping_status":"closed","template":"","meta":{"footnotes":""},"class_list":["post-119107","page","type-page","status-publish","hentry"],"_links":{"self":[{"href":"https:\/\/www.freiburg-schwarzwald.de\/blog\/wp-json\/wp\/v2\/pages\/119107","targetHints":{"allow":["GET"]}}],"collection":[{"href":"https:\/\/www.freiburg-schwarzwald.de\/blog\/wp-json\/wp\/v2\/pages"}],"about":[{"href":"https:\/\/www.freiburg-schwarzwald.de\/blog\/wp-json\/wp\/v2\/types\/page"}],"author":[{"embeddable":true,"href":"https:\/\/www.freiburg-schwarzwald.de\/blog\/wp-json\/wp\/v2\/users\/2"}],"replies":[{"embeddable":true,"href":"https:\/\/www.freiburg-schwarzwald.de\/blog\/wp-json\/wp\/v2\/comments?post=119107"}],"version-history":[{"count":5,"href":"https:\/\/www.freiburg-schwarzwald.de\/blog\/wp-json\/wp\/v2\/pages\/119107\/revisions"}],"predecessor-version":[{"id":124402,"href":"https:\/\/www.freiburg-schwarzwald.de\/blog\/wp-json\/wp\/v2\/pages\/119107\/revisions\/124402"}],"up":[{"embeddable":true,"href":"https:\/\/www.freiburg-schwarzwald.de\/blog\/wp-json\/wp\/v2\/pages\/389"}],"wp:attachment":[{"href":"https:\/\/www.freiburg-schwarzwald.de\/blog\/wp-json\/wp\/v2\/media?parent=119107"}],"curies":[{"name":"wp","href":"https:\/\/api.w.org\/{rel}","templated":true}]}}