{"id":119093,"date":"2024-01-05T13:56:14","date_gmt":"2024-01-05T12:56:14","guid":{"rendered":"https:\/\/www.freiburg-schwarzwald.de\/blog\/?page_id=119093"},"modified":"2025-03-11T16:42:27","modified_gmt":"2025-03-11T15:42:27","slug":"rettungsdienste-gewalt","status":"publish","type":"page","link":"https:\/\/www.freiburg-schwarzwald.de\/blog\/business\/gesund\/notdienste\/rettungsdienste-gewalt\/","title":{"rendered":"Rettungsdienste-Gewalt"},"content":{"rendered":"<p><a href=\"https:\/\/www.freiburg-schwarzwald.de\/blog\">Home<\/a>\u00a0&gt;<a title=\"Business\" href=\"https:\/\/www.freiburg-schwarzwald.de\/blog\/business\/\">Business<\/a>\u00a0&gt;<a title=\"Gesund\" href=\"https:\/\/www.freiburg-schwarzwald.de\/blog\/business\/gesund\/\">Gesund<\/a> &gt;<a href=\"https:\/\/www.freiburg-schwarzwald.de\/blog\/business\/gesund\/arzt\/\">Arzt<\/a> &gt;<a href=\"https:\/\/www.freiburg-schwarzwald.de\/blog\/business\/gesund\/klinik\/\">Klinik<\/a> &gt;<a href=\"https:\/\/www.freiburg-schwarzwald.de\/blog\/business\/gesund\/notdienste\/\">Notdienste<\/a> &gt;Rettungsdienste-Gewalt<\/p>\n<div id=\"attachment_118103\" style=\"width: 649px\" class=\"wp-caption alignnone\"><a href=\"https:\/\/www.freiburg-schwarzwald.de\/blog\/wp-content\/uploads\/2023\/12\/kaki7hummelhof-pan231206.jpg\"><img loading=\"lazy\" decoding=\"async\" aria-describedby=\"caption-attachment-118103\" class=\"size-full wp-image-118103\" src=\"https:\/\/www.freiburg-schwarzwald.de\/blog\/wp-content\/uploads\/2023\/12\/kaki7hummelhof-pan231206.jpg\" alt=\"\" width=\"639\" height=\"414\" srcset=\"https:\/\/www.freiburg-schwarzwald.de\/blog\/wp-content\/uploads\/2023\/12\/kaki7hummelhof-pan231206.jpg 639w, https:\/\/www.freiburg-schwarzwald.de\/blog\/wp-content\/uploads\/2023\/12\/kaki7hummelhof-pan231206-180x117.jpg 180w\" sizes=\"auto, (max-width: 639px) 100vw, 639px\" \/><\/a><p id=\"caption-attachment-118103\" class=\"wp-caption-text\">Kaki-Fr\u00fcchte am Baum in Freiburg geerntet am 6.12.2023<\/p><\/div>\n<ul>\n<li><em>Listenauswahl eines Beitrags: Bitte anklicken oder runterscrollen<\/em><\/li>\n<li><a href=\"https:\/\/www.freiburg-schwarzwald.de\/blog\/business\/gesund\/patient\/\">Arzt: Migrant vor Einheimischem? Dieses Land (in)diskutabel<\/a> (10.3.2025)<\/li>\n<li>Gewalt in Arztpraxen (13.8.2024)<\/li>\n<li>Arzt und Pfleger in der Notaufnahme bewusstlos gepr\u00fcgelt (4.1.2024)<\/li>\n<li><\/li>\n<li><a href=\"https:\/\/www.freiburg-schwarzwald.de\/blog\/global\/integration\/fluechtlinge-kriminalitaet\/\">Fluechtlinge-Kriminalit\u00e4t<\/a><\/li>\n<li><a href=\"https:\/\/www.freiburg-schwarzwald.de\/blog\/global\/migration\/migranten-gewalt\/\">Migranten-Gewalt<\/a><\/li>\n<li><a href=\"https:\/\/www.freiburg-schwarzwald.de\/blog\/business\/gesund\/patient\/\">Patient<\/a><\/li>\n<\/ul>\n<p><strong>Gewalt gegen Rettungsdienste (\u00c4rzte, Pfleger, Sanit\u00e4ter)<\/strong><br \/>\n======================================================<\/p>\n<p><strong>Gewalt in Arztpraxen<\/strong><br \/>\n<em>\u201eDa ist einer krank, und sechs Leute kommen als Begleitung mit\u201c, klagt der Kassen\u00e4rzte-Chef<\/em><br \/>\nDie Kassen\u00e4rzte beobachten immer mehr Gewalt in Arztpraxen. \u201eOffene Aggression und ein extrem forderndes Verhalten haben deutlich zugenommen. Nicht nur in Notaufnahmen, auch bei den Niedergelassenen eskaliert die Lage immer \u00f6fter\u201c, sagte der Chef der Kassen\u00e4rztlichen Bundesvereinigung (KBV), Andreas Gassen, der \u201eNeuen Osnabr\u00fccker Zeitung\u201c. Dabei gehe es sowohl um Beleidigungen als auch k\u00f6rperliche Gewalt.<br \/>\n\u201eIch hatte selbst schon einen Patienten, der eine T\u00fcr kaputt getreten hat\u201c, sagte Gassen, der in D\u00fcsseldorf in einer Gemeinschaftspraxis praktiziert. Die Regel sei das nicht \u2013 die Probleme gingen auf eine \u201ekleine, leider aber gr\u00f6\u00dfer werdende Klientel\u201c zur\u00fcck, sagte Gassen. \u201eDass sich Patienten nicht benehmen k\u00f6nnen und eine schr\u00e4ge Einsch\u00e4tzung der eigenen Behandlungsdringlichkeit haben, ist ein Nationen-\u00fcbergreifendes Ph\u00e4nomen. Was sich allerdings auch h\u00e4uft: Da ist einer krank, und sechs Leute kommen als Begleitung mit in die Praxis oder die Notaufnahme und machen Radau. Das ist bemerkenswert und extrem unangenehm.\u201c<br \/>\n&#8230; Alles vom 13.8.2024 bitte lesen auf<br \/>\n<a href=\"https:\/\/www.welt.de\/politik\/deutschland\/article252972862\/Gewalt-in-Arztpraxen-Da-ist-einer-krank-und-sechs-Leute-kommen-als-Begleitung-mit-klagt-der-Kassenaerzte-Chef.html\">https:\/\/www.welt.de\/politik\/deutschland\/article252972862\/Gewalt-in-Arztpraxen-Da-ist-einer-krank-und-sechs-Leute-kommen-als-Begleitung-mit-klagt-der-Kassenaerzte-Chef.html<\/a><br \/>\n.<br \/>\nEinige Kommentare:<br \/>\nSolche Zust\u00e4nde, wie sie es jetzt in Deutschland gibt und die unmittelbar mit der Migration zu tun haben, sind v\u00f6llig inakzeptabel. Guckt man nach D\u00e4nemark und Schweden, kann man sehen, wie eine restriktive Migrationspolitik aussieht. Dort verlassen mehr Migranten das Land als Migranten ins Land kommen. Aber ein Teil der CDU, die SPD und die Gr\u00fcnen k\u00f6nnen und wollen aus ideologischen Gr\u00fcnden (das w\u00e4re dann ja &#8222;Rechts&#8220; oder &#8222;rassistisch&#8220; 0der diskriminerend&#8220;) nichts gegen die Probleme, die mit der Migration zu tun haben, unternehmen. Michael G.<br \/>\n.<br \/>\nDer Staat hat sich und seine B\u00fcrger zu Opfern von gewaltt\u00e4tigen Migranten fremder Kultur gemacht. Jetzt traut sich noch nicht einmal ein Arzt der bedr\u00e4ngt wurde richtig Klartext zu sprechen. Bernd W.<br \/>\n.<br \/>\nHerr Gassen ist hier sehr umsichtig vorgegangen: Er hat gesagt, was es an Problemen gibt. Und jeder versteht, was los ist. Aber niemand kann ihm den Strick daraus drehen, der bei zu klarer Aussprache folgen w\u00fcrde. Fast so umsichtig, wie Sowjet-\/DDR-B\u00fcrger formulieren mussten\u2026. The Swiss<br \/>\n.<br \/>\nEin REINES Migranten-Problem, das (zumindest in Kliniken \/ Praxen) seit Jahren bekannt ist.. Sagt meine Schwester (Kindekrankenschwester, die die st\u00e4ndigen rassistischen Beleidigungen (Nazihure ect) dieser &#8222;Klientel&#8220; bei kleinsten Hin- oder Zurechtweisungen satt hat, und deshalb zwei Jahre verfr\u00fcht in Rente gegangen ist.<br \/>\nHarald S.<br \/>\n.<br \/>\nHab von ner Krankenschwester aus dem Krankenhaus geh\u00f6rt, das m\u00e4nnliche Krankenpfleger gek\u00fcndigt haben weil sie so nicht arbeiten konnten. Muslimische Frauen konnten nicht behandelt werden, weil die Ehem\u00e4nner es nicht zulie\u00dfen, das ein m\u00e4nnlicher Pfleger sie untersuchen konnten. Inklusive Sprachbarriere da sie nicht in der Lage waren ihre Arbeit zu erkl\u00e4ren. Felix F.<br \/>\n&#8211;<br \/>\nEs sind Migranten die 1+6 in die Praxen kommen. Der arbeitende Deutsche und seine Familie (Frau arbeitet auch und Kinder sind in der Schule) hat dazu n\u00e4mlich gar keine Zeit. Sagt doch einfach mal ungeschminkt die Wahrheit wo das Problem liegt. Das ist weder rechts noch Ausl\u00e4nderfeindlich, es ist schlicht und einfach so, dass wir uns mit der unbegrenzten Masse ein Riesenproblem ins Land geholt haben. Uli P.<br \/>\n.<br \/>\n\u201eDie Probleme gingen auf eine kleine, leider aber gr\u00f6\u00dfer werdende Klientel zur\u00fcck\u201c. Diese Umschreibung muss ich mir merken. Es wird ja immer schwieriger, noch zu formulieren, was Sache ist. Lukas N.<br \/>\nEnde Kommentare<\/p>\n<p>&nbsp;<\/p>\n<p><strong>Arzt und Pfleger in der Notaufnahme bewusstlos gepr\u00fcgelt<\/strong><br \/>\nenn man es nicht mit eigenen Augen sieht, ist es kaum vorstellbar: Auf einem jetzt aufgetauchten Video, das zuerst der Berliner Zeitung zugespielt wurde, sind Szenen wie aus einem schlechten Film zu sehen. Sie spielen in der Aufnahme des Oskar-Ziethen-Krankenhauses an der Fanninger Stra\u00dfe in Berlin-Lichtenberg. Drei Br\u00fcder (16, 20, 25) gehen dort wie von Sinnen auf das Personal los. Pl\u00f6tzlich geht einer der Klinik-Mitarbeiter nach einem Faustschlag zu Boden. Der Mann im blauer Kleidung ist ein Arzt, er bleibt mit schweren Kopfverletzungen bewusstlos liegen. Sp\u00e4ter sieht man eine Krankenschwester, die ihn im Arm h\u00e4lt und sich um ihn k\u00fcmmert.<\/p>\n<p><em>Paul Brandenburg @docbrandenburg <a href=\"https:\/\/twitter.com\/docbrandenburg\">https:\/\/twitter.com\/docbrandenburg<\/a><\/em><br \/>\n<em>Silvester-Gewalt in Berlin (1.1.24, kurz nach 1 Uhr): Patient schl\u00e4gt Arzt am KH Lichtenberg nieder. Wie lautet der Vorname des (b\u00e4rtigen und dunkelhaarigen) T\u00e4ters, <a href=\"https:\/\/twitter.com\/i\/status\/1742623792185106733\">https:\/\/twitter.com\/i\/status\/1742623792185106733<\/a><\/em><br \/>\n<em>3.1.2024 <a href=\"https:\/\/twitter.com\/docbrandenburg\/status\/1742623792185106733\">https:\/\/twitter.com\/docbrandenburg\/status\/1742623792185106733<\/a><\/em><\/p>\n<p>Zur Nationalit\u00e4t der b\u00e4rtigen Br\u00fcder in ihren dunklen Jogginganz\u00fcgen machte die Polizei keine Angaben \u2013 doch die Bilder sprechen f\u00fcr sich.<br \/>\n&#8230; Alles vom 4.1.2024 bitte lesen auf<br \/>\n<a href=\"https:\/\/www.tichyseinblick.de\/daili-es-sentials\/silvester-berlin-krankenhaus-lichtenberg\/\">https:\/\/www.tichyseinblick.de\/daili-es-sentials\/silvester-berlin-krankenhaus-lichtenberg\/<\/a><br \/>\n<a href=\"https:\/\/exxpress.at\/sie-wollten-nicht-warten-brueder-pruegelten-arzt-in-notaufnahme-bewusstlos\/\">https:\/\/exxpress.at\/sie-wollten-nicht-warten-brueder-pruegelten-arzt-in-notaufnahme-bewusstlos\/<\/a><br \/>\n.<br \/>\n<strong>M\u00e4nner schlagen Klinik-Personal nieder: \u201eWir bringen deine Familie um\u201c<\/strong><br \/>\n<strong>Widerspr\u00fcche in den Medien \u2013 und T\u00e4ter alle wieder auf freiem Fu\u00df<\/strong><br \/>\nDie Szenen aus dem Sana Klinikum im Berliner Bezirk Lichtenberg sind unertr\u00e4glich. Sie zeigen, wie drei Br\u00fcder in der Rettungsstelle einen Pfleger zu Boden pr\u00fcgeln und bewusstlos schlagen sowie einen Arzt attackieren und massiv bedrohen. \u00dcber die Tat an Silvester wurde bereits berichtet: Doch erst jetzt kam das Schock-Video an die \u00d6ffentlichkeit. Darauf ist auch zu sehen, wie der Pfleger regungslos am Boden liegt.<br \/>\n&#8230;<br \/>\nNoch ersch\u00fctternder als der einzelne Vorfall ist aber, dass Kliniken inzwischen \u00fcberhaupt Sicherheitskonzepte und Wachschutz brauchen. Zumindest letzteres ist mir aus der alten Bundesrepublik nicht bekannt. Wie verroht heute die Sitten sind, berichten mir auch befreundete \u00c4rzte. Sie klagen \u00fcber zunehmende Aggressionen insbesondere von Seiten von \u201enicht l\u00e4nger hier lebenden\u201c Patienten bei ihrer medizinischen Arbeit. Fr\u00fcher, so die einhellige Meinung, h\u00e4tte es das so gut wie nie gegeben.<br \/>\nDoch nicht nur solche Erfahrungsberichte sind alarmierend. \u201ePatienten immer gewaltt\u00e4tiger: Drohungen, Angriffe, Schl\u00e4ge \u2013 jetzt lernt der Rettungsdienst, sich zu verteidigen\u201c, titelte etwa \u201eFocus Online\u201c.<br \/>\n<a href=\"https:\/\/www.focus.de\/gesundheit\/patienten-immer-gewalttaetiger-drohungen-angriffe-schlaege-jetzt-lernt-der-rettungsdienst-sich-zu-verteidigen_id_214603570.html\">https:\/\/www.focus.de\/gesundheit\/patienten-immer-gewalttaetiger-drohungen-angriffe-schlaege-jetzt-lernt-der-rettungsdienst-sich-zu-verteidigen_id_214603570.html<\/a><\/p>\n<p>Und dort ist auch folgende Meldung zu lesen: \u201eSteigende Gewaltbereitschaft: \u2018Bep\u00f6belt und bespuckt\u2018 \u2013 64 Prozent der Rettungskr\u00e4fte erleben \u00dcbergriffe.\u201c<br \/>\n<a href=\"https:\/\/www.focus.de\/gesundheit\/arzt-klinik\/steigende-gewaltbereitschaft-64-prozent-der-rettungskraefte-berichten-von-uebergriffen_id_259518172.html\">https:\/\/www.focus.de\/gesundheit\/arzt-klinik\/steigende-gewaltbereitschaft-64-prozent-der-rettungskraefte-berichten-von-uebergriffen_id_259518172.html<\/a><br \/>\n\u201eUnser Land wird sich \u00e4ndern, und zwar drastisch. Und ich freue mich darauf.\u201c Das sagte die Bundestags-Vize-Pr\u00e4sidentin Katrin G\u00f6ring Eckardt 2015 auf dem H\u00f6hepunkt der Fl\u00fcchtlingskrise.<br \/>\n&#8230; Alles vom 4.1.2024 bitte lesen auf<br \/>\n<a href=\"https:\/\/reitschuster.de\/post\/maenner-schlagen-klinik-personal-nieder-wir-bringen-deine-familie-um\/\">https:\/\/reitschuster.de\/post\/maenner-schlagen-klinik-personal-nieder-wir-bringen-deine-familie-um\/<\/a><br \/>\n.<br \/>\n<strong>Ricardo Lange: Geschlagen zu werden geh\u00f6rt zum Alltag vieler \u00c4rzte und Pfleger<\/strong><br \/>\nF\u00fcr unseren Kolumnisten ist das Video, das in dieser Woche viral ging, keine \u00dcberraschung. Als Krankenpfleger wurde Ricardo Lange ebenfalls angegriffen, bespuckt, bedroht.<br \/>\n.<br \/>\nBlaue Flecken, Platz- und Bisswunden, gebrochene Arme und Finger \u2013 um es salopp zu formulieren: <em><strong>Auf die Fresse zu kriegen geh\u00f6rt mittlerweile zum Alltag vieler \u00c4rzte und Pflegekr\u00e4fte in deutschen Kliniken.<\/strong><\/em> In der \u00d6ffentlichkeit ist das Thema nicht angekommen, nicht weil niemand dar\u00fcber spricht, sondern weil es allzu oft bagatellisiert, weggeredet oder verschwiegen wird. \u201eGewalt gegen Rettungskr\u00e4fte gibt es nicht!\u201c, hei\u00dft es dann, oder: \u201ePolizisten haben es manchmal nicht besser verdient; Patienten sind krank und k\u00f6nnen nichts daf\u00fcr; wer dar\u00fcber redet, versch\u00e4rft nur den Fachkr\u00e4ftemangel in diesen Branchen, weil noch weniger Leute Bock haben, dort zu arbeiten.\u201c<br \/>\n.<br \/>\nJetzt wurde ein Video ver\u00f6ffentlicht, das in der Silvesternacht von einer \u00dcberwachungskamera im Sana-Klinikum Lichtenberg aufgenommen und der Berliner Zeitung zugespielt wurde.<br \/>\n<a href=\"https:\/\/twitter.com\/KopietzAndreas\/status\/1742661150272004547\">https:\/\/twitter.com\/KopietzAndreas\/status\/1742661150272004547<\/a><br \/>\nDarauf ist zu sehen, wie drei junge M\u00e4nner aggressiv und v\u00f6llig enthemmt einem Arzt und einem Pfleger mehrfach ins Gesicht schlagen. Der Grund: Sie hatten die Nase voll vom Warten auf die Behandlung.<br \/>\n&#8230; Alles vom 5.1.2024 bitte lesen auf<br \/>\n<a href=\"https:\/\/www.berliner-zeitung.de\/mensch-metropole\/ricardo-lange-nach-uebergriff-im-sana-klinikum-in-berlin-lichtenberg-auf-die-fresse-zu-kriegen-gehoert-zum-alltag-vieler-aerzte-und-pfleger-li.2173891\">https:\/\/www.berliner-zeitung.de\/mensch-metropole\/ricardo-lange-nach-uebergriff-im-sana-klinikum-in-berlin-lichtenberg-auf-die-fresse-zu-kriegen-gehoert-zum-alltag-vieler-aerzte-und-pfleger-li.2173891<\/a><\/p>\n","protected":false},"excerpt":{"rendered":"<p>Home\u00a0&gt;Business\u00a0&gt;Gesund &gt;Arzt &gt;Klinik &gt;Notdienste &gt;Rettungsdienste-Gewalt Listenauswahl eines Beitrags: Bitte anklicken oder runterscrollen Arzt: Migrant vor Einheimischem? Dieses Land (in)diskutabel (10.3.2025) Gewalt in Arztpraxen (13.8.2024) Arzt und Pfleger in der Notaufnahme bewusstlos gepr\u00fcgelt (4.1.2024) Fluechtlinge-Kriminalit\u00e4t Migranten-Gewalt Patient Gewalt gegen Rettungsdienste (\u00c4rzte, &hellip; <a href=\"https:\/\/www.freiburg-schwarzwald.de\/blog\/business\/gesund\/notdienste\/rettungsdienste-gewalt\/\">Weiterlesen <span class=\"meta-nav\">&rarr;<\/span><\/a><\/p>\n","protected":false},"author":2,"featured_media":0,"parent":45776,"menu_order":0,"comment_status":"closed","ping_status":"closed","template":"","meta":{"footnotes":""},"class_list":["post-119093","page","type-page","status-publish","hentry"],"_links":{"self":[{"href":"https:\/\/www.freiburg-schwarzwald.de\/blog\/wp-json\/wp\/v2\/pages\/119093","targetHints":{"allow":["GET"]}}],"collection":[{"href":"https:\/\/www.freiburg-schwarzwald.de\/blog\/wp-json\/wp\/v2\/pages"}],"about":[{"href":"https:\/\/www.freiburg-schwarzwald.de\/blog\/wp-json\/wp\/v2\/types\/page"}],"author":[{"embeddable":true,"href":"https:\/\/www.freiburg-schwarzwald.de\/blog\/wp-json\/wp\/v2\/users\/2"}],"replies":[{"embeddable":true,"href":"https:\/\/www.freiburg-schwarzwald.de\/blog\/wp-json\/wp\/v2\/comments?post=119093"}],"version-history":[{"count":5,"href":"https:\/\/www.freiburg-schwarzwald.de\/blog\/wp-json\/wp\/v2\/pages\/119093\/revisions"}],"predecessor-version":[{"id":131610,"href":"https:\/\/www.freiburg-schwarzwald.de\/blog\/wp-json\/wp\/v2\/pages\/119093\/revisions\/131610"}],"up":[{"embeddable":true,"href":"https:\/\/www.freiburg-schwarzwald.de\/blog\/wp-json\/wp\/v2\/pages\/45776"}],"wp:attachment":[{"href":"https:\/\/www.freiburg-schwarzwald.de\/blog\/wp-json\/wp\/v2\/media?parent=119093"}],"curies":[{"name":"wp","href":"https:\/\/api.w.org\/{rel}","templated":true}]}}