{"id":118907,"date":"2024-01-01T16:03:13","date_gmt":"2024-01-01T15:03:13","guid":{"rendered":"https:\/\/www.freiburg-schwarzwald.de\/blog\/?page_id=118907"},"modified":"2024-03-25T19:18:10","modified_gmt":"2024-03-25T18:18:10","slug":"corona-verschwoerungstheorien","status":"publish","type":"page","link":"https:\/\/www.freiburg-schwarzwald.de\/blog\/business\/gesund\/corona-virus\/corona-verschwoerungstheorien\/","title":{"rendered":"Corona-Verschw\u00f6rungstheorien"},"content":{"rendered":"<p><a href=\"https:\/\/www.freiburg-schwarzwald.de\/blog\">Home<\/a>\u00a0&gt;<a title=\"Gesund\" href=\"https:\/\/www.freiburg-schwarzwald.de\/blog\/business\/gesund\/\">Gesund<\/a>\u00a0&gt;<a href=\"https:\/\/www.freiburg-schwarzwald.de\/blog\/selbsthilfe\/soziales\/justiz\/rechtsstaat\/\">Rechtsstaa<\/a>t\u00a0&gt;<a title=\"Corona-Virus\" href=\"https:\/\/www.freiburg-schwarzwald.de\/blog\/business\/gesund\/corona-virus\/\">Corona-Virus <\/a>&gt;<a href=\"https:\/\/www.freiburg-schwarzwald.de\/blog\/business\/gesund\/corona-virus\/corona-aufarbeitung\/\">Corona-Aufarbeitung<\/a> &gt;Corona-Verschw\u00f6rungstheorien<\/p>\n<div id=\"attachment_114900\" style=\"width: 650px\" class=\"wp-caption alignnone\"><a href=\"https:\/\/www.freiburg-schwarzwald.de\/blog\/wp-content\/uploads\/2023\/08\/corona-isolation-terror-pan2020.jpg\"><img loading=\"lazy\" decoding=\"async\" aria-describedby=\"caption-attachment-114900\" class=\"size-full wp-image-114900\" src=\"https:\/\/www.freiburg-schwarzwald.de\/blog\/wp-content\/uploads\/2023\/08\/corona-isolation-terror-pan2020.jpg\" alt=\"\" width=\"640\" height=\"315\" srcset=\"https:\/\/www.freiburg-schwarzwald.de\/blog\/wp-content\/uploads\/2023\/08\/corona-isolation-terror-pan2020.jpg 640w, https:\/\/www.freiburg-schwarzwald.de\/blog\/wp-content\/uploads\/2023\/08\/corona-isolation-terror-pan2020-180x89.jpg 180w\" sizes=\"auto, (max-width: 640px) 100vw, 640px\" \/><\/a><p id=\"caption-attachment-114900\" class=\"wp-caption-text\">Corona-Angstmache, Isolation, Unfreiheit 2020-2022: Wir vergessen nichts<\/p><\/div>\n<p>&nbsp;<\/p>\n<ul>\n<li><a href=\"https:\/\/www.freiburg-schwarzwald.de\/blog\/rki-files-veroeffentlicht-akteur\/\">RKI-Files ver\u00f6ffentlicht \u2013 Akteur?<\/a>\u00a0(25.3.2024)<\/li>\n<li>13 Fragen zu den Corona-Verschw\u00f6rungstheorien (1.1.2024)<\/li>\n<li><a href=\"https:\/\/www.freiburg-schwarzwald.de\/blog\/engagement\/zukunft\/demokratie\/freiheit\/abweichende-meinung\/\">Abweichende-Meinung<\/a><\/li>\n<li><a href=\"https:\/\/www.freiburg-schwarzwald.de\/blog\/business\/gesund\/corona-virus\/corona-versoehnung\/\">Corona-Vers\u00f6hnung<\/a><\/li>\n<li><a href=\"https:\/\/www.freiburg-schwarzwald.de\/blog\/kultur\/medien\/verschwoerungstheorien\/\">Verschw\u00f6rungstheorien<\/a><\/li>\n<\/ul>\n<p>&nbsp;<\/p>\n<p><strong>13 Fragen zu den Corona-Verschw\u00f6rungstheorien<\/strong><br \/>\nCorona-Ma\u00dfnahmen: Wo sind die Bitten um Entschuldigung?<br \/>\n13 Fragen zur &#8222;Pandemie&#8220;<br \/>\n&#8230;<br \/>\nZum Ende der Pandemie, die wir Dank objektiver Medienberichterstattung und umsichtiger Politik extrem gut gemeistert haben, ist es Zeit f\u00fcr eine Nachbetrachtung! Hier noch einmal einige der l\u00e4cherlichen Verschw\u00f6rungstheorien von rechtsradikalen Queerdenkern:<br \/>\nDie Todesrate von Covid liegt nicht bei 10-20% sondern maximal bei 0,3%.<br \/>\nDie Bundesregierung plant Grundrechtseinschr\u00e4nkungen.<br \/>\nDie Bundesregierung plant fl\u00e4chendeckend Lockdowns.<br \/>\nKinder sind von Covid so gut wie nie betroffen.<br \/>\nDie Bundesregierung erw\u00e4gt Demonstrationsverbote.<br \/>\nDie Bundesregierung plant einen Impfzwang.<br \/>\nDie Bundesregierung will eine Impfpflicht einf\u00fchren.<br \/>\nUngeimpfte werden demn\u00e4chst vom \u00f6ffentlichen Leben ausgeschlossen und d\u00fcrfen weder Gesch\u00e4fte noch Restaurants noch ihre Freunde besuchen.<br \/>\nEs gibt keine Pandemie der Ungeimpften.<br \/>\nEine Impfung kann bei einer grippe\u00e4hnlichen Atemwegsinfektionskrankheit nicht vor Ansteckung sch\u00fctzen.<br \/>\nEine Impfung kann nicht vor weiterer \u00dcbertragung des Virus sch\u00fctzen.<br \/>\nDie neuen, nicht ausreichend getesteten MRNA-Impfstoffe k\u00f6nnen schwere Nebenwirkungen wie Herzmuskelentz\u00fcndungen, Schlaganf\u00e4lle, Thrombosen, Autoimmunreaktionen und Todesf\u00e4lle verursachen.<br \/>\nLockdowns verursachen massivste und langfristige Gesundheits- und Wirtschaftssch\u00e4den.<br \/>\nEs findet staatlich gesteuerte, massenweise Zensur in nahezu allen Medien auch von eindeutig wahren Inhalten statt, wenn sie nicht zur Regierungslinie passen. etc.<br \/>\n.<br \/>\nDie Fragen dazu:<br \/>\n1) Welche dieser Verschw\u00f6rungstheorien, f\u00fcr die Kritiker der Ma\u00dfnahmen von Politik und Medien als Coronaleugner, Covidioten oder rechte Spinner bezeichnet wurden, ist NICHT wahr geworden?<br \/>\n2) Wo werden aktuell die Leichenberge gestapelt, da wir doch im Jahr NACH der Pandemie (2022) \u00fcber 90.000 Tote mehr hatten (ca. 10% mehr) als im Durchschnitt der letzten vier Jahre und ca. 73.000 Tote mehr als 2020?<br \/>\n3) Wo sind aktuell die Berichte \u00fcber massive \u00dcbersterblichkeit und die Berge von S\u00e4rgen, die mit Armeetransportern abtransportiert werden, wenn es doch derzeit viel mehr Tote gibt als zu jeder Corona-Hochzeit?<br \/>\n4) Wieso ist dieses Ph\u00e4nomen der massiven \u00dcbersterblichkeit derzeit nahezu weltweit der Fall?<br \/>\n5) Wieso haben L\u00e4nder wie Schweden oder Japan ohne Lockdowns und ohne massive Grundrechtseinschr\u00e4nkungen die gleichen oder im Fall von Japan sogar viele niedrigere Todesraten als Deutschland?<br \/>\n6) Wieso ist das auch in allen amerikanischen Bundesstaaten ohne strenge und langfristige Ma\u00dfnahmen im Vergleich zu den US-Bundesstaaten mit strengen und langfristig Ma\u00dfnahmen der Fall?<br \/>\n7) Wie konnte eine Minderheit (ca. 20 Mio. Ungeimpfte) entgegen jeglicher Statistik wieder zum S\u00fcndenbock f\u00fcr eine Krankheit abgestempelt werden, wo doch sonst der Schutz jeder noch so kleinen DIVERSEN Minderheit oberstes Prinzip unserer Regierungsparteien ist?<br \/>\n8) Wie konnte es m\u00f6glich sein, dass diese Menschen, wie in finstersten, vergangenen Zeiten als \u201eSozialsch\u00e4dlinge\u201c, \u201eSozialschmarotzer\u201c oder \u201eAsoziale\u201c bezeichnet wurden? Von gebildeten, aufgekl\u00e4rten, angeblichen Verteidigern der Demokratie.<br \/>\n9) Wie konnte es m\u00f6glich sein, dass Menschen, die mit dem Grundgesetz in der Hand f\u00fcr unser Grundgesetz demonstrieren, als Staats- und Verfassungsfeinde verleumdet wurden?<br \/>\n10) Wo sind die Bitten um Entschuldigung f\u00fcr unn\u00f6tige Lockdowns, Schulschlie\u00dfungen, massenhafte Zerst\u00f6rung von wirtschaftlichen Existenzen, psychische Erkrankungen, Entzug elementarster Grundrechte, Gesundheitssch\u00e4den durch die Impfung, Ausgangssperren, massenweise staatliche Zensur (wie durch die Twitter-Files belegt), Spaltung der Gesellschaft und Verleumdung, Diskriminierung und Ausgrenzung Andersdenkender?<br \/>\n11) Wie kann es sein, dass Politiker, die permanent wissenschaftlich klar widerlegte Fake-News zu angeblichen Sommerwellen, Killermutanten, Kindern auf Intensivstationen, notwendigen Schulschlie\u00dfungen und notwendigen Lockdowns, angeblich notwendigem Maskentragen, nebenwirkungsfreien Impfungen etc. verbreitet haben, heute immer noch Minister sind und weiter fast t\u00e4glich in Talkshows sitzen?<br \/>\n12) Wie kann es sein, dass eine breite \u00d6ffentlichkeit v\u00f6llig unkritisch diesen ganzen Wahnsinn hingenommen hat?<br \/>\n13) Und last but not least: Fragt sich nach diesen drei Jahren ernsthaft noch jemand, wie 1933 m\u00f6glich sein konnte?<br \/>\n&#8230; Alles vom 1.1.2024 bitte lesen auf<br \/>\n<a href=\"https:\/\/reitschuster.de\/post\/corona-massnahmen-wo-sind-die-bitten-um-entschuldigung\/\">https:\/\/reitschuster.de\/post\/corona-massnahmen-wo-sind-die-bitten-um-entschuldigung\/<\/a><\/p>\n<p>&nbsp;<\/p>\n","protected":false},"excerpt":{"rendered":"<p>Home\u00a0&gt;Gesund\u00a0&gt;Rechtsstaat\u00a0&gt;Corona-Virus &gt;Corona-Aufarbeitung &gt;Corona-Verschw\u00f6rungstheorien &nbsp; RKI-Files ver\u00f6ffentlicht \u2013 Akteur?\u00a0(25.3.2024) 13 Fragen zu den Corona-Verschw\u00f6rungstheorien (1.1.2024) Abweichende-Meinung Corona-Vers\u00f6hnung Verschw\u00f6rungstheorien &nbsp; 13 Fragen zu den Corona-Verschw\u00f6rungstheorien Corona-Ma\u00dfnahmen: Wo sind die Bitten um Entschuldigung? 13 Fragen zur &#8222;Pandemie&#8220; &#8230; Zum Ende der Pandemie, die &hellip; <a href=\"https:\/\/www.freiburg-schwarzwald.de\/blog\/business\/gesund\/corona-virus\/corona-verschwoerungstheorien\/\">Weiterlesen <span class=\"meta-nav\">&rarr;<\/span><\/a><\/p>\n","protected":false},"author":2,"featured_media":0,"parent":79419,"menu_order":0,"comment_status":"closed","ping_status":"closed","template":"","meta":{"footnotes":""},"class_list":["post-118907","page","type-page","status-publish","hentry"],"_links":{"self":[{"href":"https:\/\/www.freiburg-schwarzwald.de\/blog\/wp-json\/wp\/v2\/pages\/118907","targetHints":{"allow":["GET"]}}],"collection":[{"href":"https:\/\/www.freiburg-schwarzwald.de\/blog\/wp-json\/wp\/v2\/pages"}],"about":[{"href":"https:\/\/www.freiburg-schwarzwald.de\/blog\/wp-json\/wp\/v2\/types\/page"}],"author":[{"embeddable":true,"href":"https:\/\/www.freiburg-schwarzwald.de\/blog\/wp-json\/wp\/v2\/users\/2"}],"replies":[{"embeddable":true,"href":"https:\/\/www.freiburg-schwarzwald.de\/blog\/wp-json\/wp\/v2\/comments?post=118907"}],"version-history":[{"count":5,"href":"https:\/\/www.freiburg-schwarzwald.de\/blog\/wp-json\/wp\/v2\/pages\/118907\/revisions"}],"predecessor-version":[{"id":121988,"href":"https:\/\/www.freiburg-schwarzwald.de\/blog\/wp-json\/wp\/v2\/pages\/118907\/revisions\/121988"}],"up":[{"embeddable":true,"href":"https:\/\/www.freiburg-schwarzwald.de\/blog\/wp-json\/wp\/v2\/pages\/79419"}],"wp:attachment":[{"href":"https:\/\/www.freiburg-schwarzwald.de\/blog\/wp-json\/wp\/v2\/media?parent=118907"}],"curies":[{"name":"wp","href":"https:\/\/api.w.org\/{rel}","templated":true}]}}