{"id":118891,"date":"2023-12-31T18:14:12","date_gmt":"2023-12-31T17:14:12","guid":{"rendered":"https:\/\/www.freiburg-schwarzwald.de\/blog\/?page_id=118891"},"modified":"2026-02-20T18:44:38","modified_gmt":"2026-02-20T17:44:38","slug":"strommangel","status":"publish","type":"page","link":"https:\/\/www.freiburg-schwarzwald.de\/blog\/energie\/strom\/strommangel\/","title":{"rendered":"Strommangel"},"content":{"rendered":"<p>Home &gt;<a title=\"Energie\" href=\"https:\/\/www.freiburg-schwarzwald.de\/blog\/energie\/\">Energie<\/a> &gt;<a href=\"https:\/\/www.freiburg-schwarzwald.de\/blog\/energie\/strom\/\">Strom<\/a> &gt;Strommangel<\/p>\n<div id=\"attachment_18333\" style=\"width: 648px\" class=\"wp-caption alignnone\"><a href=\"https:\/\/www.freiburg-schwarzwald.de\/blog\/wp-content\/uploads\/2012\/05\/schrott3elektromotoren-pan1212.jpg\"><img loading=\"lazy\" decoding=\"async\" aria-describedby=\"caption-attachment-18333\" class=\"size-full wp-image-18333\" src=\"https:\/\/www.freiburg-schwarzwald.de\/blog\/wp-content\/uploads\/2012\/05\/schrott3elektromotoren-pan1212.jpg\" alt=\"\" width=\"638\" height=\"266\" srcset=\"https:\/\/www.freiburg-schwarzwald.de\/blog\/wp-content\/uploads\/2012\/05\/schrott3elektromotoren-pan1212.jpg 638w, https:\/\/www.freiburg-schwarzwald.de\/blog\/wp-content\/uploads\/2012\/05\/schrott3elektromotoren-pan1212-180x75.jpg 180w\" sizes=\"auto, (max-width: 638px) 100vw, 638px\" \/><\/a><p id=\"caption-attachment-18333\" class=\"wp-caption-text\">Elektroschrott am 20.12.2012 &#8211; Elektromotoren &#8211; Recyclingprojekt der Diakonie Freiburg<\/p><\/div>\n<ul>\n<li><em>Listenauswahl eines Beitrags: Bitte anklicken oder runterscrollen<\/em><\/li>\n<li><a href=\"https:\/\/www.freiburg-schwarzwald.de\/blog\/energiewende-bringt-uns-um\/\">Merz: Energiewende bringt uns um<\/a>\u00a0(20.2.2026)<\/li>\n<li><a href=\"https:\/\/www.freiburg-schwarzwald.de\/blog\/energie\/gas\/\">Dr. Bj\u00f6rn Peters: Gas-F\u00fcllst\u00e4nde am unteren Limit<\/a> (4.2.2026)<\/li>\n<li><a href=\"https:\/\/www.freiburg-schwarzwald.de\/blog\/energie\/energiewende\/energiewende-gescheitert\/\">Die Energiewende st\u00fcrzt Deutschland ins Stromchaos<\/a>\u00a0(23.7.2025)<\/li>\n<li><a href=\"https:\/\/www.freiburg-schwarzwald.de\/blog\/bildung\/wissenschaft\/informatik\/kuenstliche-intelligenz\/\">Zur KI-Innovation fehlt Deutschland der Strom<\/a> (16.2.2025)<\/li>\n<li><a href=\"https:\/\/www.freiburg-schwarzwald.de\/blog\/energiemix-statt-ideologie\/\">Energiemix statt Ideologie<\/a>\u00a0(1.1.2025)<\/li>\n<li><a href=\"https:\/\/www.freiburg-schwarzwald.de\/blog\/im-notfall-ist-d-ohne-strom\/\">Im Notfall ist D ohne Strom<\/a> (13.12.2024)<\/li>\n<li><a href=\"http:\/\/kohle\">Hamburg zerst\u00f6rt funktionierendes Kraftwerk Moorburg trotz drohender Stroml\u00fccken<\/a> (10.11.2024)<\/li>\n<li><a href=\"https:\/\/www.freiburg-schwarzwald.de\/blog\/energie\/strom\/dunkelflaute\/\">Die Dunkelflaute und die Gr\u00fcnmedien<\/a> (9.11.2024)<\/li>\n<li>Strommangel: Spanisches Unternehmen kann kein Rechenzentrum in Bayern bauen (29.12.2023)<\/li>\n<li><\/li>\n<li><a href=\"https:\/\/www.freiburg-schwarzwald.de\/blog\/business\/industrie\/deindustrialisierung\/\">Deindustrialisierung<\/a><\/li>\n<li><a href=\"https:\/\/www.freiburg-schwarzwald.de\/blog\/energie\/strom\/dunkelflaute\/\">Dunkelflaute<\/a><\/li>\n<li><a href=\"https:\/\/www.freiburg-schwarzwald.de\/blog\/regio\/verkehr\/e-mobil\/e-auto\/\">E-Auto<\/a><\/li>\n<li><a href=\"https:\/\/www.freiburg-schwarzwald.de\/blog\/energie\/strom\/stromzeitalter\/\">Stromzeitalter<\/a><\/li>\n<li><a href=\"https:\/\/www.freiburg-schwarzwald.de\/blog\/energie\/geothermie\/waermepumpe\/\">W\u00e4rmepumpe<\/a><\/li>\n<\/ul>\n<p>&nbsp;<\/p>\n<p>&nbsp;<\/p>\n<p><strong>Strommangel: Spanisches Unternehmen kann kein Rechenzentrum in Bayern bauen<\/strong><br \/>\nDie geplante Ansiedlung eines Gro\u00dfrechenzentrums scheitert am fehlenden Strom \u2013 die ben\u00f6tigten 50 Megawatt sind vor 2030 nicht verf\u00fcgbar. Mitten an einem Hightech-Standort verliert Deutschland den Anschluss.<br \/>\nVor einem Jahr ersch\u00fctterte die Nachricht \u00fcber den R\u00fcckzug des US-amerikanischen Unternehmens 3M und seiner Tochtergesellschaft Dyneon die Gemeinde Burgkirchen. Die Produktion von per- und polyfluorierten Chemikalien (PFAS) sollten bis Ende 2025 eingestellt werden, was voraussichtlich etwa 250 Arbeitspl\u00e4tze kosten sollte.<\/p>\n<p>Doch es gab Hoffnung, diesen Wegfall mit einer Neuansiedlung kompensieren zu k\u00f6nnen. Doch die geplante Ansiedlung eines Gro\u00dfrechenzentrums eines spanischen Unternehmens im Gewerbegebiet Hecketstall scheitert nun an einem unerwarteten Hindernis \u2013 Strommangel. Die ben\u00f6tigten 50 Megawatt konnten weder vom Netzbetreiber TenneT noch vom Bayernwerk vor dem Jahr 2030 bereitgestellt werden, da erst zu diesem Zeitpunkt eine neue 380-kV-Leitung fertiggestellt sein soll.<br \/>\n&#8230; Alles vom 29.12.2023 bitte lesen auf<br \/>\n<a href=\"https:\/\/apollo-news.net\/strommangel-spanische-firma-kann-kein-rechenzentrum-in-bayern-aufbauen-250-arbeitsplaetze-gestrichen\/\">https:\/\/apollo-news.net\/strommangel-spanische-firma-kann-kein-rechenzentrum-in-bayern-aufbauen-250-arbeitsplaetze-gestrichen\/<\/a><br \/>\n.<br \/>\nEinige Kommentare:<br \/>\nDie Begleiterscheinungen bei schweren Krankheiten wie bei AIDS sind oft t\u00f6dlicher als die Haupterkrankung. Bei AIDS ist das zB der schwarze Hautkrebs. Bei Corona die impfbedingten Nebenwirkungen. Wir haben augenblicklich die \u201eGr\u00fcne Pest\u201c. Deren Nebenwirkungen oder Begleitkrankheiten sind Arbeitslosigkeit, Deindustrialisierung, Fehlallokation von Ressourcen \u2013 und das bewirkt Armut, Hunger und Mangel an medizinischer Hilfe. jok<br \/>\n.<br \/>\nDas ist doch die gelebte Energiewende: da wo keine Industrie ist, wird kein Strom ben\u00f6tigt, also kein CO2 ausgesto\u00dfen. Super! Das ist ein tolles Beispiel f\u00fcr die gesamte Republik. Danke Robert! Noch ein paar Jahre linksgr\u00fcner Irrsinn und wir leben wie vor der Industrialisierung. Nur eben bunt und weltoffen B.L.<br \/>\n.<br \/>\n50 Megawatt? Da h\u00e4tte man direkt daneben doch \u201enur\u201c 10 Windr\u00e4der aufstellen m\u00fcssen und ein paar Hektar mit Solarpanelen zupflastern. Dann h\u00e4tte man das Rechenzentrum wenigstens wenn Wind weht und Sonne scheint betreiben k\u00f6nnen. Wie? Ach, das sollte 24\/7 in Betrieb sein? Hmmm\u2026. Dann eben noch ein paar Dutzend Biogasanlagen dazu bauen. M.R.<br \/>\n.<br \/>\nDie bayerische Landesregierung setzt eben Priorit\u00e4ten und f\u00f6rdert stattdessen \u201equeere\u201c Netzwerke mit Millionen Steuergeldern und richtet Denunzianten-Stellen gegen \u201eTransphobie\u201c ein. Mit m\u00f6glichst vielen \u00fcberf\u00fchrten Verk\u00fcndern der biologischen Wahrheit wollen die Hanseln von der CSU m\u00f6glichst schnell auf dem Weg unter die 30% kommen. Ein durchaus unterst\u00fctzenswertes Unterfangen, oder? Und ganz ehrlich: Dabei w\u00fcrde ein schn\u00f6des Wirtschaftswachstum doch nur st\u00f6ren! All<br \/>\n.<br \/>\nIch bin ein Mitarbeiter der Dyneon. Das aus der Dyneon kostete nicht nur 250, sondern 700 direkte und 300 indirekte Arbeitspl\u00e4tze. In Summe gehen der Rregion durch die Schlie\u00dfung 1000 Arbeitspl\u00e4tze verloren. St.D.<br \/>\nEnde Kommentare<\/p>\n","protected":false},"excerpt":{"rendered":"<p>Home &gt;Energie &gt;Strom &gt;Strommangel Listenauswahl eines Beitrags: Bitte anklicken oder runterscrollen Merz: Energiewende bringt uns um\u00a0(20.2.2026) Dr. Bj\u00f6rn Peters: Gas-F\u00fcllst\u00e4nde am unteren Limit (4.2.2026) Die Energiewende st\u00fcrzt Deutschland ins Stromchaos\u00a0(23.7.2025) Zur KI-Innovation fehlt Deutschland der Strom (16.2.2025) Energiemix statt Ideologie\u00a0(1.1.2025) &hellip; <a href=\"https:\/\/www.freiburg-schwarzwald.de\/blog\/energie\/strom\/strommangel\/\">Weiterlesen <span class=\"meta-nav\">&rarr;<\/span><\/a><\/p>\n","protected":false},"author":2,"featured_media":0,"parent":1476,"menu_order":0,"comment_status":"closed","ping_status":"closed","template":"","meta":{"footnotes":""},"class_list":["post-118891","page","type-page","status-publish","hentry"],"_links":{"self":[{"href":"https:\/\/www.freiburg-schwarzwald.de\/blog\/wp-json\/wp\/v2\/pages\/118891","targetHints":{"allow":["GET"]}}],"collection":[{"href":"https:\/\/www.freiburg-schwarzwald.de\/blog\/wp-json\/wp\/v2\/pages"}],"about":[{"href":"https:\/\/www.freiburg-schwarzwald.de\/blog\/wp-json\/wp\/v2\/types\/page"}],"author":[{"embeddable":true,"href":"https:\/\/www.freiburg-schwarzwald.de\/blog\/wp-json\/wp\/v2\/users\/2"}],"replies":[{"embeddable":true,"href":"https:\/\/www.freiburg-schwarzwald.de\/blog\/wp-json\/wp\/v2\/comments?post=118891"}],"version-history":[{"count":6,"href":"https:\/\/www.freiburg-schwarzwald.de\/blog\/wp-json\/wp\/v2\/pages\/118891\/revisions"}],"predecessor-version":[{"id":145953,"href":"https:\/\/www.freiburg-schwarzwald.de\/blog\/wp-json\/wp\/v2\/pages\/118891\/revisions\/145953"}],"up":[{"embeddable":true,"href":"https:\/\/www.freiburg-schwarzwald.de\/blog\/wp-json\/wp\/v2\/pages\/1476"}],"wp:attachment":[{"href":"https:\/\/www.freiburg-schwarzwald.de\/blog\/wp-json\/wp\/v2\/media?parent=118891"}],"curies":[{"name":"wp","href":"https:\/\/api.w.org\/{rel}","templated":true}]}}