{"id":118051,"date":"2023-12-05T20:30:25","date_gmt":"2023-12-05T19:30:25","guid":{"rendered":"https:\/\/www.freiburg-schwarzwald.de\/blog\/?page_id=118051"},"modified":"2026-03-14T11:55:01","modified_gmt":"2026-03-14T10:55:01","slug":"gegengesellschaft","status":"publish","type":"page","link":"https:\/\/www.freiburg-schwarzwald.de\/blog\/global\/integration\/parallelgesellschaft\/gegengesellschaft\/","title":{"rendered":"Gegengesellschaft"},"content":{"rendered":"<p><a href=\"https:\/\/www.freiburg-schwarzwald.de\/blog\">Home<\/a>\u00a0&gt;<a title=\"Global\" href=\"https:\/\/www.freiburg-schwarzwald.de\/blog\/global\/\">Global<\/a>\u00a0&gt;<a title=\"Integration\" href=\"https:\/\/www.freiburg-schwarzwald.de\/blog\/global\/integration\/\">Integration<\/a> &gt;<a href=\"https:\/\/www.freiburg-schwarzwald.de\/blog\/global\/integration\/parallelgesellschaft\/\">Parallelgesellschaft<\/a> &gt;Gegengesellschaft<\/p>\n<div id=\"attachment_117060\" style=\"width: 650px\" class=\"wp-caption alignnone\"><a href=\"https:\/\/www.freiburg-schwarzwald.de\/blog\/wp-content\/uploads\/2023\/11\/Neptunbrunnen-berlin-pan231105.jpg\"><img loading=\"lazy\" decoding=\"async\" aria-describedby=\"caption-attachment-117060\" class=\"size-full wp-image-117060\" src=\"https:\/\/www.freiburg-schwarzwald.de\/blog\/wp-content\/uploads\/2023\/11\/Neptunbrunnen-berlin-pan231105.jpg\" alt=\"\" width=\"640\" height=\"373\" srcset=\"https:\/\/www.freiburg-schwarzwald.de\/blog\/wp-content\/uploads\/2023\/11\/Neptunbrunnen-berlin-pan231105.jpg 640w, https:\/\/www.freiburg-schwarzwald.de\/blog\/wp-content\/uploads\/2023\/11\/Neptunbrunnen-berlin-pan231105-180x105.jpg 180w\" sizes=\"auto, (max-width: 640px) 100vw, 640px\" \/><\/a><p id=\"caption-attachment-117060\" class=\"wp-caption-text\">Neptunbrunnen in Berlin 5.11.2023: Es geht um Judenhass und Antisemitismus<\/p><\/div>\n<ul>\n<li><em>Listenauswahl eines Beitrags: Bitte anklicken oder runterscrollen<\/em><\/li>\n<li><a href=\"https:\/\/www.freiburg-schwarzwald.de\/blog\/vergewaltigung-vertuscht-islam\/\">Vergewaltigung vertuscht: Islam<\/a>\u00a0(14.3.2026)<\/li>\n<li><a href=\"https:\/\/www.freiburg-schwarzwald.de\/blog\/kultur\/medien\/diversity\/\">Wie viel gesellschaftliche Heterogenit\u00e4t vertragen wir?<\/a>\u00a0(4.11.2025)<\/li>\n<li><a href=\"https:\/\/www.freiburg-schwarzwald.de\/blog\/stadtbild-statement-von-merz\/\">Stadtbild-Statement von Merz<\/a>\u00a0(20.10.2025)<\/li>\n<li><a href=\"https:\/\/www.freiburg-schwarzwald.de\/blog\/trauer-integration-magdeburg\/\">Trauer Integration: Magdeburg<\/a>\u00a0(29.12.2024)<\/li>\n<li><a href=\"https:\/\/www.freiburg-schwarzwald.de\/blog\/global\/deutschland\/verwahrlosung\/\">Friedrich Pohlmann: Wie unsere Gesellschaft aussieht \u2013 vulg\u00e4rdekadent, \u00fcberfremdet, verwahrlost<\/a>\u00a0(17.11.2024)<\/li>\n<li>Ali Ertan Toprak: \u201eParallelgesellschaft war gestern, heute muss man von einer Gegengesellschaft sprechen.\u201c (11.10.2018)<\/li>\n<li><\/li>\n<li><a href=\"https:\/\/www.freiburg-schwarzwald.de\/blog\/global\/deutschland\/verwahrlosung\/\">Verwahrlosung<\/a><\/li>\n<\/ul>\n<p>&nbsp;<\/p>\n<p><strong>Ali Ertan Toprak: \u201eParallelgesellschaft war gestern, heute muss man von einer Gegengesellschaft sprechen.\u201c<\/strong><br \/>\ner studierte Sozialwissenschaftler und Jurist Ali Ertan Toprak ist kurdischer Abstammung und wurde in der T\u00fcrkei geboren. Da Toprak bereits im Alter von zwei Jahren nach Deutschland gekommen ist, kann man ohne Zweifel sagen, dass er hierzulande sozialisiert wurde, seine Wurzeln und Herkunft nie leugnete, warum auch? Ali Ertan Toprak kann man als neuen deutschen Europ\u00e4er bezeichnen, der auch ein St\u00fcck weit stolz auf die Errungenschaften dieses Deutschlands ist, der Emanzipation, dem Freiheitsgedanken sowie der Liberalit\u00e4t und der Selbstbestimmung. Das alles jedoch, sagte Toprak in seiner recht emotionalen Rede an der Ludwigsburger Hochschule f\u00fcr Verwaltung und Finanzen (bekannt auch f\u00fcr Fakult\u00e4ts\u00fcbergreifende Veranstaltungen) sei \u201eabsolut in Gefahr\u201c.<br \/>\nDie anwesenden Integrationsbeauftragten und Integrationshelfer, einige Ehrenamtliche waren auch dabei, wurden richtig gepackt, ging es doch um das Thema \u201eParallelgesellschaften und die Herausforderungen f\u00fcr die Kommunen\u201c. Drei Jahre nach Ankunft zahlreicher, gro\u00dfteils m\u00e4nnlicher Zuwanderer aus muslimischen Kulturkreisen, in einer Phase, in der die Integration gestemmt werden soll und in welcher die gro\u00dfe \u201eWillkommens-Euphorie\u201c quasi verflogen ist. Auch das \u201eEhrenamt\u201c br\u00f6ckelt sukzessive immer mehr weg.<br \/>\n&#8230;.<br \/>\nMan mag sich \u00fcber Sarrazins Ansichten und Fakten, die gegeben und tagt\u00e4glich zu beobachten sind, vielleicht noch mit einer gewissen Ignoranz emp\u00f6ren \u2013 wer aber selbst Experten und Fachleute wie Toprak oder Professor Dr. Ralph Ghadban (der auch ein Impulsreferat hielt), <a href=\"https:\/\/www.freiburg-schwarzwald.de\/blog\/religion\/islam\/abdel-samad\/\">Hamed Abdel-Samad<\/a> sowie Necla Kelek, als ausgewiesenen Kenner des Islams fast absichtlich \u00fcberh\u00f6rt oder diesen jegliche Kompetenz absprechen m\u00f6chte, ist lediglich an der Aufrechterhaltung eines sturen Trugbildes interessiert, nicht aber an Entwicklung der Menschen, an Aufkl\u00e4rung und Dialog. Mucksm\u00e4uschenstill wurde es im Saal, die Zuh\u00f6rer blickten untereinander stumm an, manche nickten still. So, als h\u00e4tten es viele der Anwesenden geahnt, teils auch aus pers\u00f6nlichen Erfahrungen durch Arbeit an der Basis (seit 2015, der Autor) resultierend. Toprak sprach es aus:<br \/>\n<em><strong>\u201eParallelgesellschaft war, wenn \u00fcberhaupt, gestern. Heute m\u00fcssen wir leider von Gegengesellschaft sprechen. Also eine Gemeinschaft, von dem Aufnahmeland ablehnend gegen\u00fcberstehenden Menschen, die aktiv und aggressiv gegen unsere Werte und unsere freie Gesellschaft agieren.\u201c<\/strong><\/em><br \/>\n&#8230;.<br \/>\nUnd als Rat f\u00fcr die Fl\u00fcchtlingshelfer und Integrationsmanager an der Basis? Welchen Tipp hat Ali Ertan Toprak f\u00fcr sie, die mit den Menschen zu tun haben, die ganz anders sozialisiert wurden und mit dem Regelwerk des Islams oft ganz andere Rechtsauslegungen ableiten? Toprak kurz und b\u00fcndig: \u201eImmer diejenigen st\u00e4rken, die sich integrieren m\u00f6chten, und den anderen immer und immer wieder unsere Gesetze und Verfassung erkl\u00e4ren!\u201c Denn eines ist klar, \u201eWer nicht den Mut\u201c aufbringe, mit \u201eLeidenschaft\u201c und aller Profession, seine freiheitlichen Werte zu verteidigen, der k\u00f6nne gegen den \u201ek\u00e4mpferischen, politischen Islam\u201c auf Sicht nur verlieren. Integration der Muslime kann gelingen. Dazu aber bed\u00fcrfe es eines selbstbewussten Landes, das seine Werte und Freiheit stets hochh\u00e4lt.<br \/>\n&#8230; Alles vom 11.10.2018 bitte lesen auf<br \/>\n<a href=\"https:\/\/www.tichyseinblick.de\/meinungen\/ali-ertan-toprak-parallelgesellschaft-war-gestern-heute-muss-man-von-einer-gegengesellschaft-sprechen\/\">https:\/\/www.tichyseinblick.de\/meinungen\/ali-ertan-toprak-parallelgesellschaft-war-gestern-heute-muss-man-von-einer-gegengesellschaft-sprechen\/<\/a><\/p>\n","protected":false},"excerpt":{"rendered":"<p>Home\u00a0&gt;Global\u00a0&gt;Integration &gt;Parallelgesellschaft &gt;Gegengesellschaft Listenauswahl eines Beitrags: Bitte anklicken oder runterscrollen Vergewaltigung vertuscht: Islam\u00a0(14.3.2026) Wie viel gesellschaftliche Heterogenit\u00e4t vertragen wir?\u00a0(4.11.2025) Stadtbild-Statement von Merz\u00a0(20.10.2025) Trauer Integration: Magdeburg\u00a0(29.12.2024) Friedrich Pohlmann: Wie unsere Gesellschaft aussieht \u2013 vulg\u00e4rdekadent, \u00fcberfremdet, verwahrlost\u00a0(17.11.2024) Ali Ertan Toprak: \u201eParallelgesellschaft war &hellip; <a href=\"https:\/\/www.freiburg-schwarzwald.de\/blog\/global\/integration\/parallelgesellschaft\/gegengesellschaft\/\">Weiterlesen <span class=\"meta-nav\">&rarr;<\/span><\/a><\/p>\n","protected":false},"author":2,"featured_media":0,"parent":28218,"menu_order":0,"comment_status":"closed","ping_status":"closed","template":"","meta":{"footnotes":""},"class_list":["post-118051","page","type-page","status-publish","hentry"],"_links":{"self":[{"href":"https:\/\/www.freiburg-schwarzwald.de\/blog\/wp-json\/wp\/v2\/pages\/118051","targetHints":{"allow":["GET"]}}],"collection":[{"href":"https:\/\/www.freiburg-schwarzwald.de\/blog\/wp-json\/wp\/v2\/pages"}],"about":[{"href":"https:\/\/www.freiburg-schwarzwald.de\/blog\/wp-json\/wp\/v2\/types\/page"}],"author":[{"embeddable":true,"href":"https:\/\/www.freiburg-schwarzwald.de\/blog\/wp-json\/wp\/v2\/users\/2"}],"replies":[{"embeddable":true,"href":"https:\/\/www.freiburg-schwarzwald.de\/blog\/wp-json\/wp\/v2\/comments?post=118051"}],"version-history":[{"count":6,"href":"https:\/\/www.freiburg-schwarzwald.de\/blog\/wp-json\/wp\/v2\/pages\/118051\/revisions"}],"predecessor-version":[{"id":146703,"href":"https:\/\/www.freiburg-schwarzwald.de\/blog\/wp-json\/wp\/v2\/pages\/118051\/revisions\/146703"}],"up":[{"embeddable":true,"href":"https:\/\/www.freiburg-schwarzwald.de\/blog\/wp-json\/wp\/v2\/pages\/28218"}],"wp:attachment":[{"href":"https:\/\/www.freiburg-schwarzwald.de\/blog\/wp-json\/wp\/v2\/media?parent=118051"}],"curies":[{"name":"wp","href":"https:\/\/api.w.org\/{rel}","templated":true}]}}