{"id":117833,"date":"2023-11-28T20:09:43","date_gmt":"2023-11-28T19:09:43","guid":{"rendered":"https:\/\/www.freiburg-schwarzwald.de\/blog\/?page_id=117833"},"modified":"2025-11-07T18:53:09","modified_gmt":"2025-11-07T17:53:09","slug":"verfassungsbruch","status":"publish","type":"page","link":"https:\/\/www.freiburg-schwarzwald.de\/blog\/engagement\/zukunft\/demokratie\/verfassung\/verfassungsbruch\/","title":{"rendered":"Verfassungsbruch"},"content":{"rendered":"<p><a href=\"https:\/\/www.freiburg-schwarzwald.de\/blog\">Home<\/a>\u00a0&gt;<a title=\"Engagement\" href=\"https:\/\/www.freiburg-schwarzwald.de\/blog\/engagement\/\">Engagement<\/a>\u00a0&gt;<a title=\"Zukunft\" href=\"https:\/\/www.freiburg-schwarzwald.de\/blog\/engagement\/zukunft\/\">Zukunft<\/a>\u00a0&gt;<a title=\"Demokratie\" href=\"https:\/\/www.freiburg-schwarzwald.de\/blog\/engagement\/zukunft\/demokratie\/\">Demokratie<\/a>\u00a0&gt;<a title=\"Grundgesetz\" href=\"https:\/\/www.freiburg-schwarzwald.de\/blog\/engagement\/zukunft\/demokratie\/grundgesetz\/\">Grundgesetz<\/a> &gt;<a href=\"https:\/\/www.freiburg-schwarzwald.de\/blog\/engagement\/zukunft\/demokratie\/verfassung\/\">Verfassung<\/a> &gt;Verfassungsbruch<\/p>\n<div id=\"attachment_117239\" style=\"width: 650px\" class=\"wp-caption alignnone\"><a href=\"https:\/\/www.freiburg-schwarzwald.de\/blog\/wp-content\/uploads\/2023\/11\/demo1-wir-gemeinsam-pan2311-1.jpg\"><img loading=\"lazy\" decoding=\"async\" aria-describedby=\"caption-attachment-117239\" class=\"size-full wp-image-117239\" src=\"https:\/\/www.freiburg-schwarzwald.de\/blog\/wp-content\/uploads\/2023\/11\/demo1-wir-gemeinsam-pan2311-1.jpg\" alt=\"\" width=\"640\" height=\"430\" srcset=\"https:\/\/www.freiburg-schwarzwald.de\/blog\/wp-content\/uploads\/2023\/11\/demo1-wir-gemeinsam-pan2311-1.jpg 640w, https:\/\/www.freiburg-schwarzwald.de\/blog\/wp-content\/uploads\/2023\/11\/demo1-wir-gemeinsam-pan2311-1-180x121.jpg 180w\" sizes=\"auto, (max-width: 640px) 100vw, 640px\" \/><\/a><p id=\"caption-attachment-117239\" class=\"wp-caption-text\">Gemeinsam unterwegs f\u00fcr Frieden, Freiheit und Demokratie auf der Demo in Freiburg am 11.11.2023<\/p><\/div>\n<ul>\n<li><em>Listenauswahl eines Beitrags (Artikel\/Datum, Seite\/Inhalt):\u00a0<span style=\"text-decoration: underline;\">Klicken<\/span>\u00a0oder scrollen<\/em><\/li>\n<li>Hubertus Knabe: Verfassungsfeind Verfassungsschutz (7.11.2025)<\/li>\n<li><a href=\"https:\/\/www.freiburg-schwarzwald.de\/blog\/religion\/islam\/islamisierung\/\">\u201eIslamisierung\u201c im Verfassungsschutzbericht<\/a>\u00a0(9.7.2025)<\/li>\n<li><a href=\"https:\/\/www.freiburg-schwarzwald.de\/blog\/minister-amtseid-spahn-faeser\/\">Minister-Amtseid: Spahn Faeser<\/a>\u00a0(25.6.2025)<\/li>\n<li><a href=\"https:\/\/www.freiburg-schwarzwald.de\/blog\/klimaneutralitaet-ins-grundgesetz\/\">Klimaneutralit\u00e4t ins Grundgesetz<\/a>\u00a0(16.3.2025)<\/li>\n<li>Staatsrechtler Murswiek: Faesers 13-Punkte-Plan ist ein Angriff auf die Grundrechte (16.3.2024)<\/li>\n<li><a href=\"https:\/\/www.freiburg-schwarzwald.de\/blog\/engagement\/zukunft\/demokratie\/gegen-rechts\/delegitimierung\/\">Murswiek zu Faesers 13-Punkte-Plan: \u201eDen Rechtsstaat aufweichen\u201c<\/a>\u00a0(23.2.2024)<\/li>\n<li><a href=\"https:\/\/www.freiburg-schwarzwald.de\/blog\/die-ampel-ist-erloschen-dubai\/\">Die Ampel ist erloschen &#8211; Dubai<\/a> (29.11.2023)<\/li>\n<li>Die Ampel will Verfassungsbruch durch Verfassungsbruch heilen (28.11.2023)<\/li>\n<li><a href=\"https:\/\/www.freiburg-schwarzwald.de\/blog\/engagement\/zukunft\/demokratie\/notlage\/\">Notstand\/Notlage \u2013 die Regierung verursacht, ruft aus und rettet<\/a>\u00a0(26.11.2023)<\/li>\n<\/ul>\n<ul>\n<li><a href=\"https:\/\/www.freiburg-schwarzwald.de\/blog\/engagement\/zukunft\/demokratie\/verfassung\/bundesverfassungsgericht\/\">Bundesverfassungsgericht<\/a><\/li>\n<li><a href=\"https:\/\/www.freiburg-schwarzwald.de\/blog\/engagement\/zukunft\/demokratie\/gegen-rechts\/delegitimierung\/\">Delegitimierung<\/a><\/li>\n<li><a href=\"https:\/\/www.freiburg-schwarzwald.de\/blog\/global\/eu\/eu-recht\/\">EU-recht<\/a><\/li>\n<li><a title=\"Immigration\" href=\"https:\/\/www.freiburg-schwarzwald.de\/blog\/global\/integration\/immigration\/\">Immigration<\/a><\/li>\n<li><a title=\"Demokratie\" href=\"https:\/\/www.freiburg-schwarzwald.de\/blog\/engagement\/zukunft\/demokratie\/\">Demokratie<\/a><\/li>\n<li><a title=\"Fluechtlinge\" href=\"https:\/\/www.freiburg-schwarzwald.de\/blog\/global\/integration\/fluechtlinge\/\">Fl\u00fcchtlinge<\/a><\/li>\n<li><a title=\"Gerichte\" href=\"https:\/\/www.freiburg-schwarzwald.de\/blog\/selbsthilfe\/soziales\/justiz\/gerichte\/\">Gerichte<\/a><\/li>\n<li><a title=\"Grundgesetz\" href=\"https:\/\/www.freiburg-schwarzwald.de\/blog\/engagement\/zukunft\/demokratie\/grundgesetz\/\">Grundgesetz<\/a><\/li>\n<li><a href=\"https:\/\/www.freiburg-schwarzwald.de\/blog\/engagement\/zukunft\/demokratie\/verfassung\/murswiek\/\">Murswiek<\/a><\/li>\n<li><a title=\"Rechtsstaat\" href=\"https:\/\/www.freiburg-schwarzwald.de\/blog\/selbsthilfe\/soziales\/justiz\/rechtsstaat\/\">Rechtsstaat<\/a><\/li>\n<li><a href=\"https:\/\/www.freiburg-schwarzwald.de\/blog\/engagement\/zukunft\/demokratie\/regulierung\/\">Regulierungswut<\/a><\/li>\n<li><a title=\"Einwanderungsland\" href=\"https:\/\/www.freiburg-schwarzwald.de\/blog\/engagement\/zukunft\/demokratie\/einwanderungsland\/\">Einwanderungsland oder Nationalstaat\/Sozialstaat<\/a><\/li>\n<li><a title=\"Verfassung\" href=\"https:\/\/www.freiburg-schwarzwald.de\/blog\/engagement\/zukunft\/demokratie\/verfassung\/\">Verfassung<\/a><\/li>\n<\/ul>\n<p>&nbsp;<\/p>\n<p><strong>Hubertus Knabe: Verfassungsfeind Verfassungsschutz<\/strong><br \/>\n<strong>Die Renaissance des <a href=\"https:\/\/www.freiburg-schwarzwald.de\/blog\/engagement\/zukunft\/demokratie\/freiheit\/ueberwachung\/\">\u00dcberwachungsstaates<\/a><\/strong><br \/>\nDer deutsche Inlandsgeheimdienst hat sich zum Aufseher \u00fcber die politischen Meinungen der B\u00fcrger entwickelt. \u00c4u\u00dferungen in sozialen Medien werden gro\u00dffl\u00e4chig \u00fcberwacht. Ausgerechnet der Verfassungsschutz verst\u00f6\u00dft damit gegen das Grundgesetz.<br \/>\n&#8230;<br \/>\nMit dem Grundgesetz ist all dies nicht vereinbar. \u201eIn \u00f6ffentlichen Angelegenheiten gilt die Vermutung zugunsten der freien Rede,\u201c entschied das Bundesverfassungsgericht 2008. <a href=\"https:\/\/www.bundesverfassungsgericht.de\/SharedDocs\/Entscheidungen\/DE\/2008\/09\/rk20080915_1bvr156505.html\">https:\/\/www.bundesverfassungsgericht.de\/SharedDocs\/Entscheidungen\/DE\/2008\/09\/rk20080915_1bvr156505.html<\/a> \u201eDie B\u00fcrger sind rechtlich nicht gehalten, die Wertsetzungen der Verfassung pers\u00f6nlich zu teilen.\u201c Und drei Jahre sp\u00e4ter urteilte es <a href=\"https:\/\/bundesverfassungsgericht.de\/SharedDocs\/Entscheidungen\/DE\/2011\/11\/rk20111128_1bvr091709.html\">https:\/\/bundesverfassungsgericht.de\/SharedDocs\/Entscheidungen\/DE\/2011\/11\/rk20111128_1bvr091709.html<\/a> : \u201eAnders als dem einzelnen Staatsb\u00fcrger kommt dem Staat kein grundrechtlich gesch\u00fctzter Ehrenschutz zu. Der Staat hat grunds\u00e4tzlich auch scharfe und polemische Kritik auszuhalten.\u201c Die Zul\u00e4ssigkeit von Systemkritik sei Teil des Grundrechtestaats.<br \/>\nAusgerechnet der Verfassungsschutz verst\u00f6\u00dft damit gegen das Grundgesetz. Auch international bringt er Deutschlands Demokratie in Misskredit. Die ausufernde \u00dcberwachung ist zudem eine enorme Ressourcenverschwendung. Statt tats\u00e4chliche Gefahren f\u00fcr die innere Sicherheit in Deutschland abzuwehren, bet\u00e4tigt sich der Verfassungsschutz als Aufseher \u00fcber die politischen Meinungen der B\u00fcrger.<br \/>\nOb sich dies unter dem neuen BfV-Pr\u00e4sidenten Sinan Selen <a href=\"https:\/\/www.verfassungsschutz.de\/SharedDocs\/pressemitteilungen\/DE\/2025\/pressemitteilung-2025-10-08-ernennung.html\">https:\/\/www.verfassungsschutz.de\/SharedDocs\/pressemitteilungen\/DE\/2025\/pressemitteilung-2025-10-08-ernennung.html<\/a> \u00e4ndern wird, ist zweifelhaft. Offiziell hat der das Amt zwar erst am 8. Oktober angetreten, doch kommissarisch nahm er es bereits seit November 2024 wahr. Das volumin\u00f6se Gutachten zur AfD entstand unter seiner Verantwortung.<br \/>\nWer sich die M\u00fche macht, das Gutachten zu lesen, erkennt unschwer die Entschlossenheit des Verfassungsschutzes, die AfD bundesweit als verfassungswidrig zu etikettieren. Dies wiederum ist die Voraussetzung, um sie vom Bundesverfassungsgericht verbieten zu lassen. Im vergangenen Jahr beantragten bereits 113 Bundestagsabgeordnete, ein solches Verfahren <a href=\"https:\/\/dserver.bundestag.de\/btd\/20\/141\/2014105.pdf\">https:\/\/dserver.bundestag.de\/btd\/20\/141\/2014105.pdf<\/a> einzuleiten und das Verm\u00f6gen der Partei einzuziehen. Schon jetzt ist Deutschland der einzige Staat in Europa, der seinen Geheimdienst gegen eine der neuen Protestparteien <a href=\"https:\/\/dserver.bundestag.de\/btd\/20\/141\/2014105.pdf\">https:\/\/dserver.bundestag.de\/btd\/20\/141\/2014105.pdf<\/a> einsetzt, die auch anderswo die Unzufriedenheit vieler B\u00fcrger mit den politischen Eliten zum Ausdruck bringen.<br \/>\n&#8230; Alles vom 7.11.2025 von Hubertus Knabe bitte lesen auf<br \/>\n<a href=\"https:\/\/www.achgut.com\/artikel\/die_renaissance_des_ueberwachungsstaates\">https:\/\/www.achgut.com\/artikel\/die_renaissance_des_ueberwachungsstaates<\/a><br \/>\n.<br \/>\n<em>Hubertus Knabe, geb. 1959, ist ein deutscher Historiker. Er war Direktor der Stiftung Gedenkst\u00e4tte Berlin-Hohensch\u00f6nhausen ab ihrer Gr\u00fcndung im Jahr 2000 bis zum September 2018. Knabes Ver\u00f6ffentlichungen widmen sich der Westarbeit der DDR-Staatssicherheit, den Oppositionsbewegungen im Ostblock, der ostdeutschen Nachkriegsgeschichte sowie der Aufarbeitung der SED-Diktatur.<\/em><br \/>\n<em>Weiterf\u00fchrende Links: <a href=\"https:\/\/www.hubertus-knabe.de\">https:\/\/www.hubertus-knabe.de<\/a><\/em><\/p>\n<p>&nbsp;<\/p>\n<p><strong>Staatsrechtler Murswiek: Faesers 13-Punkte-Plan ist ein Angriff auf die Grundrechte<\/strong><br \/>\nStaatsrechtler Dietrich Murswiek sieht in den Pl\u00e4nen Faesers eine Bedrohung der freiheitlichen Ordnung. Der Geheimdienst sei nicht f\u00fcr ein omin\u00f6ses \u201eStaatswohl\u201c zust\u00e4ndig. Au\u00dfer\u00addem warnt der Jurist vor dem Versuch der Regierung, private Organisationen f\u00fcr sich einzuspannen.<br \/>\nDen 13-Punkte-Plan von Bundesinnenministerin Nancy Faeser und ihr Ziel, gegen Personen und Organisationen schon vorzugehen, wenn sie nur ein \u201eGef\u00e4hrdungspotenzial\u201c aufweisen, h\u00e4lt der Staatsrechtler Dietrich Murswiek f\u00fcr rechtswidrig und einen Eingriff in Grundrechte. \u201eNach dem Papier des Innenministeriums soll das Vorhandensein eines Gef\u00e4hrdungspotenzials ausreichen, damit der Verfassungsschutz Ausk\u00fcnfte zum Beispiel bei Kreditinstituten \u201azu Konten, Konteninhabern [\u2026] und zu Geldbewegungen und Geldanlagen, insbesondere \u00fcber Kontostand und Zahlungsein- und -ausg\u00e4nge\u2018 einholen darf. Dies ist bislang nur zul\u00e4ssig, wenn es um gewaltbereite oder Gewaltbereitschaft durch Aufstachelung zu Hass oder Willk\u00fcrma\u00dfnahmen f\u00f6rdernde Bestrebungen geht\u201c, betont Murswiek im Gespr\u00e4ch mit der April-Ausgabe der Zeitschrift Tichys Einblick. \u201eNach dem BMI-Plan soll das Einholen von Kontoinformationen auch bei v\u00f6llig friedfertigen Organisationen m\u00f6glich sein, wenn diese ein \u201aGef\u00e4hrdungspotenzial\u2018 aufweisen.\u201c<br \/>\n&#8230;<br \/>\nZudem kritisiert Murswiek, dass der Verfassungsschutz aktuell seine Befugnisse \u00fcberschreitet. Er sei f\u00fcr den Schutz der Verfassung und nicht f\u00fcr ein \u201eStaatswohl\u201c zust\u00e4ndig. \u201eDer Verfassungsschutz kann sich nicht selbst seine Rechtsgrundlagen erweitern. Er ist f\u00fcr den Schutz der Verfassungsgrundlagen zust\u00e4ndig und nicht f\u00fcr ein dar\u00fcber hinausreichendes \u201aStaatswohl\u2018.\u201c Der Verfassungsschutz \u00fcberschreite seine Befugnisse, wenn er \u201e\u00c4u\u00dferungen, die gar nicht den Willen zur Beseitigung eines Elements der freiheitlichen demokratischen Grundordnung erkennen lassen, als Anhaltspunkte bewertet, indem er diesen verfassungsfeindlichen Willen einfach unterstellt.\u201c<br \/>\nMurswiek nennt es auffallend, dass sich Verfassungsschutzpr\u00e4sident Thomas Haldenwang \u201esehr stark in die \u00d6ffentlichkeit dr\u00e4ngt und es zum Beispiel als seine Aufgabe ansieht, daf\u00fcr zu sorgen, dass die \u201aBrandmauer gegen die AfD\u2018 h\u00e4lt. Damit \u00fcberschreitet er die Kompetenzen des Verfassungsschutzes\u201c, erkl\u00e4rt Murswiek. \u201eAuch dass der Verfassungsschutz Fake\u00ad-Accounts in den sozialen Netzwerken betreibt, die rechtsextreme Hetze verbreiten, ist besorgniserregend. Der Verfassungsschutz facht das Feuer an, dass das BMI dann mit Anti\u00ad-Rechts\u00ad-Programmen l\u00f6schen will.\u201c<br \/>\n&#8230; Alles vom 16.3.2024 bitte lesen au<br \/>\n<a href=\"https:\/\/www.tichyseinblick.de\/daili-es-sentials\/staatsrechtler-murswiek-faesers-13-punkte-plan-greift-in-grundrechte-ein\/\">https:\/\/www.tichyseinblick.de\/daili-es-sentials\/staatsrechtler-murswiek-faesers-13-punkte-plan-greift-in-grundrechte-ein\/<\/a><\/p>\n<p>&nbsp;<\/p>\n<p><strong>Die Ampel will Verfassungsbruch durch Verfassungsbruch heilen<\/strong><br \/>\n&#8230; Da die Regelgrenze der Kreditaufnahme nach Artikel 115 Grundgesetz bereits mit dem Bundeshaushalt ausgesch\u00f6pft wird, f\u00fchrt diese Kreditaufnahme zu einer entsprechenden \u00dcberschreitung dieser Regelgrenze. Daher muss der Deutsche Bundestag vor Inkrafttreten dieses Gesetzes mit der Mehrheit seiner Mitglieder gem\u00e4\u00df Artikel 115 Absatz 2 Satz 6 Grundgesetz beschlie\u00dfen, dass die Voraussetzungen f\u00fcr das \u00dcberschreiten der Kreditobergrenzen nach Artikel 115 Absatz 2 Satz 6 Grundgesetz vorliegen.\u201c Das hei\u00dft im Klartext, dass das Parlament die Notlage feststellen muss. Im Artikel 115 des Grundgesetzes steht im Absatz 2 die Formulierung, mit der Lindner seinen verfassungswidrigen Nachtragshaushalt zu rechtfertigen versucht: \u201eIm Falle von Naturkatastrophen oder au\u00dfergew\u00f6hnlichen Notsituationen, die sich der Kontrolle des Staates entziehen und die staatliche Finanzlage erheblich beeintr\u00e4chtigen, k\u00f6nnen diese Kreditobergrenzen auf Grund eines Beschlusses der Mehrheit der Mitglieder des Bundestages \u00fcberschritten werden.\u201c<\/p>\n<p>In Lindners Entwurf, dem sogar eine \u201eFormulierungshilfe eines Beschlusses des Deutschen Bundestages gem\u00e4\u00df Artikel 115 Absatz 2 Satz 6 und 7 des Grundgesetzes\u201c beiliegt, so sehr bem\u00fcht man sich, das Recht zu biegen bis es bricht, wird die \u201eau\u00dfergew\u00f6hnliche Notsituation\u201c mit \u201edem v\u00f6lkerrechtswidrigen russischen Angriffskrieg gegen die Ukraine\u201c, mit den damit \u201everbundenen tiefgreifenden humanit\u00e4ren, gesellschaftlichen und wirtschaftlichen Auswirkungen, die sich aufgrund dieses exogenen Ereignisses der Kontrolle des Staates\u201c entz\u00f6gen und die \u201eim Jahr 2023 weiter fort\u201c bestehen, begr\u00fcndet. Es wird behauptet, dass \u201eauch im Jahr 2023 einnahme- und ausgabeseitig erheblich die staatliche Finanzlage\u201c betroffen werde.<br \/>\nDas Grundgesetz spricht eindeutig von Naturkatastrophen und von <strong>\u201eau\u00dfergew\u00f6hnlichen Notsituationen, die sich der Kontrolle des Staates entziehen.\u201c<\/strong> Der Krieg in der Ukraine mag vieles sein, aber eine Naturkatastrophe ist er nicht.<br \/>\n&#8230;<br \/>\nDie \u201eau\u00dfergew\u00f6hnliche Notsituation\u201c konnte die deutsche Regierung schon im Februar 2022 nicht f\u00fcr sich in Anspruch, sie kann es erst recht nicht im Jahr 2023. Nichts von dem, was sie bewusst und gezielt unternahm, entzog sich ihrer Kontrolle. In jeder Situation war sie frei in ihren politischen Entscheidungen. Noch st\u00e4rker gilt das f\u00fcr die Behauptung, dass Deutschland unkalkulierbare Risiken ins Haus st\u00fcnden, weil sich Deutschland am Wiederaufbau der Ukraine zu beteiligen hat Dieses Vorhaben ist kein Verh\u00e4ngnis, sondern Gegenstand einer politischen Entscheidung, die sich nicht der Kontrolle der Regierung entzieht. Deutschland ist aus eigener Entscheidung nach den USA der zweitgr\u00f6\u00dfte Geldgeber der Ukraine.<br \/>\nW\u00e4re diese Entscheidung nicht kontrolliert und in Freiwilligkeit erfolgt, bes\u00e4\u00dfe die Bundesrepublik keine Souver\u00e4nit\u00e4t und w\u00e4re eine Provinz der Ukraine. W\u00e4re die Bundesrepublik eine Provinz der Ukraine, w\u00fcrde die \u201eau\u00dfergew\u00f6hnliche Notsituation\u201c Anwendung finden, weil sich dann die Entscheidungen bez\u00fcglich der Ukraine sich der Kontrolle der Bundesregierung entz\u00f6gen. Da dies aber nicht der Fall ist, kann sich die Bundesregierung nicht auf die \u201eau\u00dfergew\u00f6hnliche Notsituation\u201c und den Artikel 115 Absatz 2 des Grundgesetzes beziehen.<br \/>\nVermutlich wissen das die Juristen der Bundesregierung, denn so redundant liest sich ihre elfseitige Formulierungshilfe, die in keinem Punkt zutreffend ist.<br \/>\nDie Bundesregierung versucht, eine Notlage herbeizureden, um eine Notlage konstatieren zu k\u00f6nnen. Sie m\u00f6chte den Verfassungsbruch durch den Verfassungsbruch heilen.<br \/>\n&#8230; Alles vom 28.11.2023 von Klaus-R\u00fcdiger Mai bitte lesen auf<br \/>\n<a href=\"https:\/\/www.tichyseinblick.de\/meinungen\/bundesregierung-verfassungsbruch\/\">https:\/\/www.tichyseinblick.de\/meinungen\/bundesregierung-verfassungsbruch\/<\/a><\/p>\n","protected":false},"excerpt":{"rendered":"<p>Home\u00a0&gt;Engagement\u00a0&gt;Zukunft\u00a0&gt;Demokratie\u00a0&gt;Grundgesetz &gt;Verfassung &gt;Verfassungsbruch Listenauswahl eines Beitrags (Artikel\/Datum, Seite\/Inhalt):\u00a0Klicken\u00a0oder scrollen Hubertus Knabe: Verfassungsfeind Verfassungsschutz (7.11.2025) \u201eIslamisierung\u201c im Verfassungsschutzbericht\u00a0(9.7.2025) Minister-Amtseid: Spahn Faeser\u00a0(25.6.2025) Klimaneutralit\u00e4t ins Grundgesetz\u00a0(16.3.2025) Staatsrechtler Murswiek: Faesers 13-Punkte-Plan ist ein Angriff auf die Grundrechte (16.3.2024) Murswiek zu Faesers 13-Punkte-Plan: \u201eDen Rechtsstaat &hellip; <a href=\"https:\/\/www.freiburg-schwarzwald.de\/blog\/engagement\/zukunft\/demokratie\/verfassung\/verfassungsbruch\/\">Weiterlesen <span class=\"meta-nav\">&rarr;<\/span><\/a><\/p>\n","protected":false},"author":2,"featured_media":0,"parent":78224,"menu_order":0,"comment_status":"closed","ping_status":"closed","template":"","meta":{"footnotes":""},"class_list":["post-117833","page","type-page","status-publish","hentry"],"_links":{"self":[{"href":"https:\/\/www.freiburg-schwarzwald.de\/blog\/wp-json\/wp\/v2\/pages\/117833","targetHints":{"allow":["GET"]}}],"collection":[{"href":"https:\/\/www.freiburg-schwarzwald.de\/blog\/wp-json\/wp\/v2\/pages"}],"about":[{"href":"https:\/\/www.freiburg-schwarzwald.de\/blog\/wp-json\/wp\/v2\/types\/page"}],"author":[{"embeddable":true,"href":"https:\/\/www.freiburg-schwarzwald.de\/blog\/wp-json\/wp\/v2\/users\/2"}],"replies":[{"embeddable":true,"href":"https:\/\/www.freiburg-schwarzwald.de\/blog\/wp-json\/wp\/v2\/comments?post=117833"}],"version-history":[{"count":5,"href":"https:\/\/www.freiburg-schwarzwald.de\/blog\/wp-json\/wp\/v2\/pages\/117833\/revisions"}],"predecessor-version":[{"id":141224,"href":"https:\/\/www.freiburg-schwarzwald.de\/blog\/wp-json\/wp\/v2\/pages\/117833\/revisions\/141224"}],"up":[{"embeddable":true,"href":"https:\/\/www.freiburg-schwarzwald.de\/blog\/wp-json\/wp\/v2\/pages\/78224"}],"wp:attachment":[{"href":"https:\/\/www.freiburg-schwarzwald.de\/blog\/wp-json\/wp\/v2\/media?parent=117833"}],"curies":[{"name":"wp","href":"https:\/\/api.w.org\/{rel}","templated":true}]}}