{"id":117190,"date":"2023-11-10T19:00:30","date_gmt":"2023-11-10T18:00:30","guid":{"rendered":"https:\/\/www.freiburg-schwarzwald.de\/blog\/?page_id=117190"},"modified":"2025-02-21T10:31:13","modified_gmt":"2025-02-21T09:31:13","slug":"arc","status":"publish","type":"page","link":"https:\/\/www.freiburg-schwarzwald.de\/blog\/global\/globalisierung\/arc\/","title":{"rendered":"ARC"},"content":{"rendered":"<p><a href=\"https:\/\/www.freiburg-schwarzwald.de\/blog\">Home<\/a>\u00a0&gt;<a title=\"Global\" href=\"https:\/\/www.freiburg-schwarzwald.de\/blog\/global\/\">Global<\/a>\u00a0&gt;<a title=\"Globalisierung\" href=\"https:\/\/www.freiburg-schwarzwald.de\/blog\/global\/globalisierung\/\">Globalisierung<\/a> &gt;<a href=\"https:\/\/www.freiburg-schwarzwald.de\/blog\/global\/globalisierung\/wef\/\">WEF<\/a> &gt;<a href=\"https:\/\/www.freiburg-schwarzwald.de\/blog\/engagement\/zukunft\/demokratie\/nation\/national\/\">national<\/a>\u00a0&gt;<a href=\"https:\/\/www.freiburg-schwarzwald.de\/blog\/engagement\/buerger\/\">Buerger<\/a> &gt;<a href=\"https:\/\/www.freiburg-schwarzwald.de\/blog\/engagement\/zukunft\/demokratie\/konservativ\/\">konservativ<\/a>&gt;ARC<\/p>\n<div id=\"attachment_112764\" style=\"width: 651px\" class=\"wp-caption alignnone\"><a href=\"https:\/\/www.freiburg-schwarzwald.de\/blog\/wp-content\/uploads\/2023\/06\/schilderdemo-freiburg230603pan.jpg\"><img loading=\"lazy\" decoding=\"async\" aria-describedby=\"caption-attachment-112764\" class=\"size-full wp-image-112764\" src=\"https:\/\/www.freiburg-schwarzwald.de\/blog\/wp-content\/uploads\/2023\/06\/schilderdemo-freiburg230603pan.jpg\" alt=\"\" width=\"641\" height=\"483\" srcset=\"https:\/\/www.freiburg-schwarzwald.de\/blog\/wp-content\/uploads\/2023\/06\/schilderdemo-freiburg230603pan.jpg 641w, https:\/\/www.freiburg-schwarzwald.de\/blog\/wp-content\/uploads\/2023\/06\/schilderdemo-freiburg230603pan-180x136.jpg 180w\" sizes=\"auto, (max-width: 641px) 100vw, 641px\" \/><\/a><p id=\"caption-attachment-112764\" class=\"wp-caption-text\">Friedensdemo in Freiburg an Oberlinden 3.6.2023<\/p><\/div>\n<ul>\n<li><em>Listenauswahl eines Beitrags: Bitte anklicken oder runterscrollen<\/em><\/li>\n<li>ARC pl\u00f6tzlich Massenbewegung: Die globalen Libert\u00e4r-Konservativen sammeln sich (19.2.2025)<\/li>\n<li>Allianz f\u00fcr verantwortungsvolle Staatsb\u00fcrgerschaft: Konservative Visionen gegen die woke Welt (8.12.2023)<\/li>\n<li>ARC-Konferenz in London (10.11.2023)<\/li>\n<li><\/li>\n<\/ul>\n<p><strong>Association for Responsible Citizenship (ARC)<br \/>\nARC als Gegenst\u00fcck zum WEF<br \/>\n<\/strong>========================================================<\/p>\n<p>&nbsp;<\/p>\n<p><strong>ARC pl\u00f6tzlich Massenbewegung: Die globalen Libert\u00e4r-Konservativen sammeln sich<\/strong><br \/>\nDie zweite ARC-Konferenz an der Themse ist sehr viel gr\u00f6\u00dfer und m\u00e4chtiger als die Gr\u00fcndungsveranstaltung vor zwei Jahren. Das Netzwerk hat sein Momentum. Die Krise des Westens schildern die meisten Teilnehmer 2025 trotzdem sch\u00e4rfer als vor zwei Jahren.<br \/>\n&#8230;<br \/>\nW\u00e4hrend es 2023 darum ging, das libert\u00e4r-konservative l\u00e4nder\u00fcbergreifende Netzwerk erst einmal zu gr\u00fcnden, steht jetzt bei der ARC die Frage nach dem Gegenprogramm zu Postnationalismus und gro\u00dfer Transformation im Zentrum. In seiner Rede am zweiten Konferenztag kreiste der britische Journalist Douglas Murray um die Frage: Was macht die westliche Tradition eigentlich aus? Im Kern der woken, postkolonialen Ideologie, so Murray, stehe nach wie vor das Dogma, \u201edass wir im Westen selbst keine eigene Farbe haben, sondern dass Farben das sind, was uns andere bringen.\u201c Diese Frage \u00fcberw\u00f6lbt alle anderen: Worin liegt die kulturelle Besonderheit des Westens? Von dieser Antwort, meint er, h\u00e4ngt ab, ob der Westen als eigener kultureller Raum \u00fcberlebt.<br \/>\nObwohl sich das ARC-Netzwerk in einer sehr viel st\u00e4rkeren Position sieht als 2023, und obwohl sich der Wokismus zumindest in den USA im Niedergang befindet, versch\u00e4rfen sich die \u00f6konomischen und kulturellen Krisen in fast allen westlichen L\u00e4ndern. Daraus ergibt sich das n\u00e4chste Leitmotiv der Konferenz: die dr\u00e4ngende Zeit. \u201eDiese ganze Diskussion, was ein Mann und was eine Frau ist\u201c, so Murray, \u201ewer hat eigentlich Zeit f\u00fcr so etwas?\u201c Das Gef\u00e4hrliche an diesen Debatten, so lautet seine nicht ausgesprochene Antwort, liegt darin, dass sie nur Energie f\u00fcr die wirklich wichtigen Gesellschaftsthemen rauben.<br \/>\n&#8230; Alles vom 19.2.2025 von Alexander Wendt bitte lesen auf<br \/>\n<a href=\"https:\/\/www.tichyseinblick.de\/kolumnen\/aus-aller-welt\/ploetzlich-massenbewegung-die-globalen-libertaer-konservativen-sammeln-sich\/\">https:\/\/www.tichyseinblick.de\/kolumnen\/aus-aller-welt\/ploetzlich-massenbewegung-die-globalen-libertaer-konservativen-sammeln-sich\/<\/a><\/p>\n<p>&nbsp;<\/p>\n<p>&nbsp;<\/p>\n<p><strong>Allianz f\u00fcr verantwortungsvolle Staatsb\u00fcrgerschaft: Konservative Visionen gegen die woke Welt<\/strong><br \/>\n<strong>Einmal kurz die Welt retten<\/strong><br \/>\nAlarmstufe Rot f\u00fcr die Welt \u2013 das sei das Motto unserer Zeit. \u201eWir befinden uns inmitten eines kulturellen und gesellschaftlichen Wandels, in dem ideologisch linke Politik und die progressiven Denker der Zeit vorgeben, da\u00df wir uns in der Endzeit befinden und alles, was wir einst gewu\u00dft haben, nicht mehr richtig ist. Heute sind Geschlechter ein soziales Konstrukt des Patriarchats, Landesgrenzen sind \u00fcberfl\u00fcssig, das Klima ist die gr\u00f6\u00dfte Gefahr f\u00fcr die Menschheit und Geld wird einfach per Knopfdruck neu geschaffen\u201c, erkl\u00e4rte der kanadische Psychologe Jordan B. Peterson und verk\u00fcndete im Februar, in einer Folge des Joe Rogan Podcasts, die Gr\u00fcndung der Alliance for Responsible Citizenship (Allianz f\u00fcr verantwortungsvolle Staatsb\u00fcrgerschaft; ARC), ein internationaler Zusammenschlu\u00df, dessen Ziel es sei, \u201eso etwas wie eine alternative Zukunftsvision zu entwickeln \u2013 eine Alternative zur apokalyptischen Erz\u00e4hlung, die zumindest implizit von Organisationen wie dem Weltwirtschaftsforum verbreitet wird\u201c.<\/p>\n<p>Die ARC-Vision ist, die Menschen \u201emaximal gegen Angst und Verzweiflung\u201c zu st\u00e4rken und \u201edurch Glauben und Hoffnung\u201c zu motivieren, damit sie sich im \u201eStreben nach einer bl\u00fchenden und reichhaltigen Welt vereinen\u201c. Weitere Kernthemen sind verantwortungsvolle Staatsb\u00fcrgerschaft \u2013 selbst denken und Verantwortung f\u00fcr sich und seine Familie \u00fcbernehmen, Familie und soziales Gef\u00fcge \u2013 f\u00fcr gest\u00e4rkte und stabile zwischenmenschliche Beziehungen, einen offenen Austausch und gute Regierungsf\u00fchrung \u2013 zur F\u00f6rderung von Unternehmertum und Innovation; Energie und Ressourcen sowie Verantwortung f\u00fcr die Umwelt.<\/p>\n<p>Die Liste der Unterst\u00fctzer ist ein Sammelsurium bekannter Rechter<br \/>\nPeterson betonte gegen\u00fcber Rogan, da\u00df die Gruppe eine \u201epromenschliche Sichtweise an der Umweltverantwortungsfront\u201c haben w\u00fcrde. \u201eWenn Sie alternative Energiequellen entwickeln wollen, kein Problem. Denn, hey Mann, je mehr Energiequellen wir haben, desto besser. Aber du kannst deine utopische Vision im Dienste deines Narzi\u00dfmus nicht den Armen aufzwingen. Wir werden versuchen, die Armen reich zu machen. Wir werden versuchen, die absolute Armut zu lindern\u201c, so Peterson \u00fcber die Ziele der ARC.<br \/>\nAuf seiner Netzseite schrieb er einige Tage sp\u00e4ter, da\u00df negative Zukunftsvisionen gef\u00e4hrlich f\u00fcr die Menschheit seien. Das B\u00fcndnis will anders sein und \u201eeine positive, hoffnungsvolle, konservative zivilisatorische Vision, statt einer Politik, die die Menschen mit apokalyptischen Visionen erschreckt oder sie durch ha\u00dferf\u00fcllte Parteinahme manipuliert\u201c.<br \/>\n&#8230; Alles vom 8.12.2023 von Liz Roth bitte lesen in der JF 50\/23, Seite 12<br \/>\n<a href=\"https:\/\/www.junge-freiheit.de\">https:\/\/www.junge-freiheit.de<\/a><\/p>\n<p>&nbsp;<\/p>\n<p><strong>ARC-Konferenz in London<\/strong><br \/>\nAm Themse-Ufer liegt (vielleicht) die bessere Geschichte<br \/>\nDrei Tage lang trafen sich konservative, liberale und libert\u00e4re Wissenschaftler, Politiker und Unternehmer aus Dutzenden L\u00e4ndern in London, um die \u201eAssociation for Responsible Citizenship\u201c zu gr\u00fcnden. Ist die ARC ein anti-wokes Gegengewicht zu Davos? Ein bisschen, aber auch etwas dar\u00fcber hinaus. Es verschieben sich gerade ein paar Gewichte.<\/p>\n<p>\u201eRemember who we are\u201c, erinnern wir uns daran, wer wir sind. \u201eDas ist es, worum es in der ARC-Konferenz ging.\u201c Jordan Peterson ruft diesen Satz von der B\u00fchne des Magazin London im Norden von Greenwich zu den eintausendf\u00fcnfhundert Zuh\u00f6rern unten im Saal. Dann geschieht etwas, was Peterson, Psychologe, Autor mit gro\u00dfem Publikum, Professor in der altmodischen Bedeutung des Begriffs \u2013 Bekenner \u2013, sonst nie passiert. Seine Stimme zittert. F\u00fcr ein, zwei Sekunden ver\u00e4ndern sich seine Gesichtsz\u00fcge. Er wischt eine Tr\u00e4ne weg. Peterson h\u00e4lt an diesem Sp\u00e4tnachmittag des 3. Novembers den Schlussvortrag der ARC-Konferenz. ARC steht f\u00fcr \u201aAssociation for Responsible Citizenship\u2018. Sein Vortrag soll drei Konferenztage zusammenfassen, in denen es, frei \u00fcbersetzt, um die Begr\u00fcndung einer neuen B\u00fcrgerlichkeitsidee ging, mit Teilnehmern aus den USA, Kanada, S\u00fcdamerika, Asien. Afrika und Australien. Vielleicht merkte Peterson erst in diesem Moment, dass sich in seinem Vier-Worte-Satz alles b\u00fcndelt, wor\u00fcber Konservative, Liberal-Konservative und Libert\u00e4re, wor\u00fcber Dutzende Wissenschaftler, Unternehmer und Politiker in drei Sp\u00e4therbsttagen auf der B\u00fchne und alle 1500 G\u00e4ste in den Pausen und sp\u00e4ter beim Abendessen debattierten. Wer sind Wir im Westen? Wovon sprechen wir, wenn wir B\u00fcrger sagen?<br \/>\n&#8230;<br \/>\nKonservative und liberale Denkfabriken gibt es, sogar die eine oder andere Stiftung, wobei keine davon \u00fcber ann\u00e4hernd so viel Mittel verf\u00fcgt wie die Open Society Foundation von George Soros oder das Gro\u00dfkonglomerat World Economic Forum, kurz WEF, mit seinem j\u00e4hrlichen Auftrieb in Davos.<br \/>\n&#8230;<br \/>\nBisher gab es \u00fcberhaupt keine internationale Struktur, in der ein Jordan Peterson zu 1500 Zuh\u00f6rern aus Dutzenden L\u00e4ndern h\u00e4tte sprechen k\u00f6nnen. Noch w\u00e4hrend der Konferenz in London ging das Wort vom Anti-Davos um, das es nicht ganz trifft. Denn die Veranstaltung verfolgte ja gerade den Zweck, \u00fcber ein blo\u00dfes Gegenbild hinauszukommen. Andererseits passt es zumindest soweit, als die ARC dem WEF in ihrer Struktur \u00e4hnelt, nur eben mit anderem Vorzeichen.<br \/>\n&#8230;.<br \/>\nDas ARC-Netzwerk will nicht nur ein Gegengewicht zu den Akademikern, Studenten und Journalisten bilden, die gerade die Massaker der Hamas bejubeln oder zumindest kleinreden und den Westen in die Rolle des Dauerangeklagten zu dr\u00e4ngen suchen, nicht nur zu antiwestlichen Stichwortgebern wie Ibram X. Kendi und Neosozialisten in der Politik von Alexandria Ocasio-Cortez und Rashida Tlaib bis Ricarda Lang. Es greift auch den crony capitalism an, die Verschmelzung von wirtschaftlicher mit politischer Macht, die Globalsteuerungsphantasien, wie sie ein Klaus Schwab auf etwas clowneske, ein Bill Gates mit seiner Stiftung auf eine etwas elegantere Art verfolgt.<br \/>\n&#8230; Alles vom 10.11.2023 von Alexandr Wendt bitte lesen auf<br \/>\n<a href=\"https:\/\/www.tichyseinblick.de\/meinungen\/arc-konferenz-london-themse\/\">https:\/\/www.tichyseinblick.de\/meinungen\/arc-konferenz-london-themse\/<\/a><br \/>\n.<br \/>\nEinige Kommentare:<br \/>\nSolange solche Realit\u00e4tsverweigerer und Nichtsahnenden wie Frau Lang und ihresgleichen die Geschicke in Deutschland bestimmen, wird sich schwerlich eine Haltung durchsetzen, die auch nur im Ansatz dem Beispiel \u201eRemember who we are\u201c gleich kommt. Deutschland kriecht weiterhin auf dem Pfad des \u201eMea Culpa\u201c Gedankens und nur langsam- sehr langsam dr\u00e4ut es dem einen-oder der anderen, dass wir wie die Lemminge der Klippe des Absturzes gef\u00e4hrlich nahe kommen. Sollte es \u201eMerry old England\u201c vormachen, so liegt dem zugrunde, dass sie dort aufgrund ihrer jahrhundertealten Kolonialgeschichte viel gelernt haben. Bereuen tun sie es wohl nicht, dort auf der Insel\u2026.. Poi<br \/>\n.<br \/>\nLeider eine sehr angels\u00e4chsische Veranstaltung. Vielleicht m\u00fcssen die L\u00e4nder des Kontinents ihren eigenen Anfang beginnen. Wobei ich da weniger an Frankreich glaube, als an die Niederlande, die Schweiz, \u00d6sterreich und den ehemaligen Ostblock. Italien? W\u00e4re sch\u00f6n. Man h\u00f6rt diesbez\u00fcglich so wenig von denen. Ich w\u00fcnsche mir dann noch vor allem noch die S\u00fcdamerikaner dazu. Eines neues Erwachen des Individuums. Es w\u00e4re fast zu sch\u00f6n! P.H.<br \/>\nEnde Kommentare<\/p>\n","protected":false},"excerpt":{"rendered":"<p>Home\u00a0&gt;Global\u00a0&gt;Globalisierung &gt;WEF &gt;national\u00a0&gt;Buerger &gt;konservativ&gt;ARC Listenauswahl eines Beitrags: Bitte anklicken oder runterscrollen ARC pl\u00f6tzlich Massenbewegung: Die globalen Libert\u00e4r-Konservativen sammeln sich (19.2.2025) Allianz f\u00fcr verantwortungsvolle Staatsb\u00fcrgerschaft: Konservative Visionen gegen die woke Welt (8.12.2023) ARC-Konferenz in London (10.11.2023) Association for Responsible Citizenship (ARC) &hellip; <a href=\"https:\/\/www.freiburg-schwarzwald.de\/blog\/global\/globalisierung\/arc\/\">Weiterlesen <span class=\"meta-nav\">&rarr;<\/span><\/a><\/p>\n","protected":false},"author":2,"featured_media":0,"parent":1180,"menu_order":0,"comment_status":"closed","ping_status":"closed","template":"","meta":{"footnotes":""},"class_list":["post-117190","page","type-page","status-publish","hentry"],"_links":{"self":[{"href":"https:\/\/www.freiburg-schwarzwald.de\/blog\/wp-json\/wp\/v2\/pages\/117190","targetHints":{"allow":["GET"]}}],"collection":[{"href":"https:\/\/www.freiburg-schwarzwald.de\/blog\/wp-json\/wp\/v2\/pages"}],"about":[{"href":"https:\/\/www.freiburg-schwarzwald.de\/blog\/wp-json\/wp\/v2\/types\/page"}],"author":[{"embeddable":true,"href":"https:\/\/www.freiburg-schwarzwald.de\/blog\/wp-json\/wp\/v2\/users\/2"}],"replies":[{"embeddable":true,"href":"https:\/\/www.freiburg-schwarzwald.de\/blog\/wp-json\/wp\/v2\/comments?post=117190"}],"version-history":[{"count":5,"href":"https:\/\/www.freiburg-schwarzwald.de\/blog\/wp-json\/wp\/v2\/pages\/117190\/revisions"}],"predecessor-version":[{"id":131070,"href":"https:\/\/www.freiburg-schwarzwald.de\/blog\/wp-json\/wp\/v2\/pages\/117190\/revisions\/131070"}],"up":[{"embeddable":true,"href":"https:\/\/www.freiburg-schwarzwald.de\/blog\/wp-json\/wp\/v2\/pages\/1180"}],"wp:attachment":[{"href":"https:\/\/www.freiburg-schwarzwald.de\/blog\/wp-json\/wp\/v2\/media?parent=117190"}],"curies":[{"name":"wp","href":"https:\/\/api.w.org\/{rel}","templated":true}]}}