{"id":117096,"date":"2023-11-08T16:39:27","date_gmt":"2023-11-08T15:39:27","guid":{"rendered":"https:\/\/www.freiburg-schwarzwald.de\/blog\/?page_id=117096"},"modified":"2026-03-08T09:02:35","modified_gmt":"2026-03-08T08:02:35","slug":"islamkritik","status":"publish","type":"page","link":"https:\/\/www.freiburg-schwarzwald.de\/blog\/religion\/islam\/islamkritik\/","title":{"rendered":"Islamkritik"},"content":{"rendered":"<p><a href=\"https:\/\/freiburg-schwarzwald.de\/blog\">Home<\/a>\u00a0&gt;<a title=\"Religion\" href=\"https:\/\/www.freiburg-schwarzwald.de\/blog\/religion\/\">Religion<\/a>\u00a0&gt;<a title=\"Islam\" href=\"https:\/\/www.freiburg-schwarzwald.de\/blog\/religion\/islam\/\">Islam<\/a>\u00a0&gt;<a href=\"https:\/\/www.freiburg-schwarzwald.de\/blog\/religion\/islam\/islamisierung\/\">Islamisierung<\/a>\u00a0&gt;<a href=\"https:\/\/www.freiburg-schwarzwald.de\/blog\/religion\/islam\/islamismus\/\">Islamismus<\/a> &gt;<a href=\"https:\/\/www.freiburg-schwarzwald.de\/blog\/religion\/islam\/islam-terror\/\">Islam-Terror<\/a> &gt;Islamkritik<\/p>\n<div id=\"attachment_116453\" style=\"width: 650px\" class=\"wp-caption alignnone\"><a href=\"https:\/\/www.freiburg-schwarzwald.de\/blog\/wp-content\/uploads\/2023\/10\/brandenburgertor-islam-pan231021.jpg\"><img loading=\"lazy\" decoding=\"async\" aria-describedby=\"caption-attachment-116453\" class=\"size-full wp-image-116453\" src=\"https:\/\/www.freiburg-schwarzwald.de\/blog\/wp-content\/uploads\/2023\/10\/brandenburgertor-islam-pan231021.jpg\" alt=\"\" width=\"640\" height=\"359\" srcset=\"https:\/\/www.freiburg-schwarzwald.de\/blog\/wp-content\/uploads\/2023\/10\/brandenburgertor-islam-pan231021.jpg 640w, https:\/\/www.freiburg-schwarzwald.de\/blog\/wp-content\/uploads\/2023\/10\/brandenburgertor-islam-pan231021-180x101.jpg 180w\" sizes=\"auto, (max-width: 640px) 100vw, 640px\" \/><\/a><p id=\"caption-attachment-116453\" class=\"wp-caption-text\">Betende Muslime am Brandenburger Tor in Berlin am 21.10.2023<\/p><\/div>\n<p>Auf dieser Seite geht es nicht um den Islam als Religion bzw. den Islam als politisches System in den Herkunftsl\u00e4ndern.<br \/>\nAuf dieser Seite geht es auch nicht um etwaige Reformen des Islam in Deutschland bzw. Europa &#8211; siehe dazu die Seite <a href=\"https:\/\/www.freiburg-schwarzwald.de\/blog\/religion\/islam\/islam-reformen\/\">Islam-Reformen<\/a>.<br \/>\nAuf dieser Seite geht es um die Verbreitung des Islam in der deutschen Gesellschaft und die Information dar\u00fcber. Dabei wir klar unterschieden zwischen dem Liberalen Islam (grundgesetz-konform) und dem Islamismus.<\/p>\n<ul>\n<li><em>Listenauswahl eines Beitrags (Artikel\/Datum, Seite\/Inhalt):\u00a0<span style=\"text-decoration: underline;\">Klicken<\/span>\u00a0oder scrollen<\/em><em>\u00a0<\/em><\/li>\n<li><a href=\"https:\/\/www.freiburg-schwarzwald.de\/blog\/ramadan-im-oeffentlichen-raum\/\">Ramadan im \u00f6ffentlichen Raum? Nein<\/a>\u00a0(8.3.2026)<\/li>\n<li><a href=\"https:\/\/www.freiburg-schwarzwald.de\/blog\/ramadan-fastenzeit-frieden\/\">Ramadan Fastenzeit \u2013 Frieden<\/a>\u00a0(20.2.2026)<\/li>\n<li><a href=\"https:\/\/www.freiburg-schwarzwald.de\/blog\/global\/migration\/mannheim-messermord31mai2024\/\">Islamisten-Terroropfer Michael St\u00fcrzenberger erh\u00e4lt Besch\u00e4ftigungsverbot im Bundestag<\/a> (21.1.2026)<\/li>\n<li>Prof Susanne Schr\u00f6ter warnt vor \u201ekleinen Schritten der Islamisierung\u201c (29.9.2025)<\/li>\n<li>Susanne Schr\u00f6ter: Die letzte islamkritische Bastion an deutschen Unis wird geschlossen (5.9.2025)<\/li>\n<li><a href=\"https:\/\/www.freiburg-schwarzwald.de\/blog\/engagement\/zukunft\/demokratie\/staatsversagen\/staat-kapituliert\/\">Bildungsministerin Karin Prien zu Pal\u00e4stinensern in Berlin: Radikalisiert?<\/a> (19.7.2025)<\/li>\n<li><a href=\"https:\/\/www.freiburg-schwarzwald.de\/blog\/engagement\/zukunft\/demokratie\/islamogauchisme\/\">Linke &amp; Islamisten. Die untersch\u00e4tzte Allianz gegen das freie Deutschland<\/a> (26.5.2025)<\/li>\n<li><a href=\"https:\/\/www.freiburg-schwarzwald.de\/blog\/engagement\/zukunft\/demokratie\/unseredemokratie\/\">Tiefe Verachtung islamischer Milieus f\u00fcr \u201eunsere Demokratie\u201c<\/a>\u00a0(18.4.2025)<\/li>\n<li><a href=\"https:\/\/www.freiburg-schwarzwald.de\/blog\/freiheit2-merkel-abdel-samad\/\">Zweimal Freiheit: Merkel, Abdel-Samad<\/a>\u00a0(16.12.2024)<\/li>\n<li><a href=\"https:\/\/www.freiburg-schwarzwald.de\/blog\/viel-sylt-wenig-mannheim\/\">Viel Sylt \u2013 wenig Mannheim<\/a>\u00a0(6.6.2024)<\/li>\n<li>Der Staat kriminalisiert Islamkritik, statt sie zu sch\u00fctzen (4.6.2024)<\/li>\n<li><a href=\"https:\/\/www.freiburg-schwarzwald.de\/blog\/polizistenmord-durch-islamist\/\">Polizistenmord durch Islamist<\/a> (3.6.2024)<\/li>\n<li><a href=\"https:\/\/www.freiburg-schwarzwald.de\/blog\/ma-messer-wegen-bpe-kritik\/\">MA: Messer wegen BPE-Kritik<\/a> (31.5.2024)<\/li>\n<li><a href=\"https:\/\/www.freiburg-schwarzwald.de\/blog\/religion\/christen\/christentum\/\">750. Todestag \u2013 Thomas von Aquin: F\u00fcr Faeser ein Hassredner, f\u00fcr uns ein Warner vor dem Islam<\/a>\u00a0(7.3.2024)<\/li>\n<li>BPE informiert \u00fcber den Politischen Islam (7.11.2023)<\/li>\n<li><a href=\"https:\/\/www.freiburg-schwarzwald.de\/blog\/reichspogromnacht-9-11-1938\/\">8-J\u00e4hriger zur Lehrerin &#8222;Juden sind Schweine, keine Menschen&#8220;<\/a> (7.11.2023)<\/li>\n<li><a href=\"https:\/\/www.freiburg-schwarzwald.de\/blog\/religion\/islam\/islam-politik\/\">Politischer Islam: B\u00fcrgerbewegung PaxEuropa (BPE) informiert<\/a> (4.12.2020)<\/li>\n<li><a href=\"https:\/\/www.freiburg-schwarzwald.de\/blog\/religion\/islam\/islamkritik\/\">Islamkritik in Frankreich: \u201eIch sage, was ich denke. Ich bin keine Rassistin\u201c<\/a> (30.1.2020)<\/li>\n<li><\/li>\n<li>B\u00fcrgerbewegung Pax Europa BPE<\/li>\n<li><a href=\"https:\/\/www.freiburg-schwarzwald.de\/blog\/engagement\/zukunft\/demokratie\/islamogauchisme\/\">IslamoGauchisme<\/a><\/li>\n<li><a href=\"https:\/\/www.freiburg-schwarzwald.de\/blog\/religion\/islam\/islam-politik\/\">Politischer Islam<\/a><\/li>\n<li><a href=\"https:\/\/www.freiburg-schwarzwald.de\/blog\/religion\/religionsfreiheit\/\">Religionskritik &#8211; Religionsfreiheit<\/a><\/li>\n<\/ul>\n<p><a href=\"https:\/\/www.freiburg-schwarzwald.de\/blog\/religion\/religionsfreiheit\/\">Religionskritik<\/a> ist legitim und somit auch Islamkritik. Dabei ist zu unterscheiden zwischen dem eher s\u00e4kularen Islam (von Millionen in D lebender und integrierter Muslime) auf der einen Seite und dem politischem Islam bzw. <a href=\"https:\/\/www.freiburg-schwarzwald.de\/blog\/religion\/islam\/islamismus\/\">Islamismus<\/a> (als System von Koran + Scharia gegen die <a href=\"https:\/\/www.freiburg-schwarzwald.de\/blog\/engagement\/zukunft\/demokratie\/verfassung\/fdgo\/\">FDGO<\/a> gerichtet) andererseits.<br \/>\n.<br \/>\n&#8222;Islamkritik&#8220; richtet sich nicht gegen die zahlreichen bei uns lebenden Muslime, die hier friedlich leben und arbeiten und dabei einem gem\u00e4\u00dfigten Islam nachgehen. Sondern gegen den politischen Islam bzw. Islamismus. Sie kritisiert nicht die B\u00fcrger mit Migrationshintergrund, sondern ideologische Machtstrukturen eines Systems, das Koran und Scharia bzw. Religion und Rechtssystem als starre Einheit in Deutschland durchsetzen will.<br \/>\nDiese Islamkritik als Religionskritik basiert auf dem <a href=\"https:\/\/www.freiburg-schwarzwald.de\/blog\/engagement\/zukunft\/demokratie\/grundgesetz\/\">Grundgesetz<\/a>, das seit 1949 gilt und in Artikel 5 das Recht auf freie Meinungs\u00e4u\u00dferung sowie in Artikel 20 Absatz 4 das Widerstandsrecht gegen verfassungswidrige Entwicklungen sch\u00fctzt.<br \/>\n.<\/p>\n<p><strong>B\u00fcrgerbewegung Pax Europa BPE<\/strong><br \/>\nF\u00fcr den Schutz und Erhalt europ\u00e4ische Werte und Freiheiten!<br \/>\nGegen den Politischen Islam!<br \/>\nMichael St\u00fcrzenberger , Irfan Peci<br \/>\n<a href=\"https:\/\/paxeuropa-bpe.de\/\">https:\/\/paxeuropa-bpe.de\/<\/a>.<br \/>\n<a href=\"https:\/\/www.freiburg-schwarzwald.de\/blog\/global\/migration\/mannheim-messermord31mai2024\/\">Islamisten-Terroropfer Michael St\u00fcrzenberger erh\u00e4lt Besch\u00e4ftigungsverbot im Bundestag<\/a>\u00a0(21.1.2026)<br \/>\n==============================================================<br \/>\n.<br \/>\n.<\/p>\n<p><strong>Prof Susanne Schr\u00f6ter warnt vor \u201ekleinen Schritten der Islamisierung\u201c<\/strong><br \/>\n<strong>Uni schlie\u00dft FFGI \u2013 Schr\u00f6ter erhebt \u201ewoke\u201c-Vorw\u00fcrfe<\/strong><br \/>\nDas Wort ist heikel, die Reaktion zuverl\u00e4ssig: Wer in Deutschland von \u201eIslamisierung\u201c spricht, ger\u00e4t rasch unter Generalverdacht. Und muss sogar damit rechnen, vom Verfassungsschutz als Verdachtsfall gelistet zu werden. Doch genau diesen Begriff setzt die Ethnologin Susanne Schr\u00f6ter jetzt an den Anfang ihrer Abrechnung \u2013 nicht als Parole, sondern als Diagnose. Mit dem Ende ihrer Forschungsprofessur wird zum 1. Oktober das von ihr gegr\u00fcndete Frankfurter Forschungszentrum Globaler Islam geschlossen. Schr\u00f6ter spricht von Mobbing-Kampagnen, offenen Briefen aus dem eigenen Institut, Stigmatisierung als \u201eantimuslimische Rassistin\u201c. Eine vereinbarte Nachhaltigkeitsoption f\u00fcr das Zentrum sei nie umgesetzt worden; auf ihre Professur folgte kein Islam-Experte, sondern \u2013 so Schr\u00f6ter \u2013 eine \u201ewoke\u201c Mexiko-Expertin.<br \/>\nIhr Befund ist gr\u00f6\u00dfer als der eigene Fall. Kritische Islamforschung finde nur noch in Ausnahmef\u00e4llen statt, so Schr\u00f6ter in einem Interview, das die \u201eWelt\u201c leider schamhaft hinter einer Bezahlschranke versteckt \u2013 aber viel zu wichtig ist, um dahinter zu versauern. Heikle Themen anzusprechen sei toxisch f\u00fcr die Karriere, sagt Schr\u00f6ter \u2013 etwa Ehrengewalt, islamistische Milieus, demokratieferne Haltungen. Wer sie dennoch bearbeitet, gilt als Risiko. Das passe zu einer akademischen Mode, die Islamismus als Reaktion auf \u201eden Westen\u201c relativiere und Kritik als Rassismus deute.<br \/>\n&#8230;<br \/>\nInhaltlich trennt Schr\u00f6ter zwischen still religi\u00f6sen Gl\u00e4ubigen und dem organisierten Islam. Lib\u00e9rale Bewegungen seien dort selten; pr\u00e4gend seien fundamentalistische Str\u00f6mungen, die Religion zur umfassenden Ordnung machten. Parallel arbeiteten legalistische Islamisten langfristig: Mission nach innen, Ressentiment gegen die Mehrheitsgesellschaft, Segregation in St\u00e4dten, Netzwerke in Politik, Kirchen, Verwaltungen und NGOs. Sichtbar werde das in vielen kleinen Verschiebungen: Geschlechtertrennung bei Veranstaltungen, Bekleidungsnormen bis hin zu Ganzk\u00f6rperverschleierung f\u00fcr M\u00e4dchen, Druck in Schulen auf s\u00e4kulare Jugendliche \u2013 vom Kopftuch bis zum Fasten. Lehrer berichteten, dass w\u00e4hrend des Ramadans sogar Trinkkontrollen stattf\u00e4nden.<br \/>\n&#8230;<br \/>\nIhren Begriff eines \u201awoke-islamistischen Deep State\u2018 erkl\u00e4rt sie als pointierte Beschreibung realer Netzwerke, keine Verschw\u00f6rung. Ein Beispiel: Als in Berlin eine Beratungsstelle gegen religi\u00f6ses Mobbing entstehen sollte, formierte sich sofort Widerstand aus Wissenschaft, NGOs, Politik und ultraorthodoxen Verb\u00e4nden \u2013 das Projekt scheiterte.<br \/>\n&#8230; Alles vom 29.9.2025 bitte lesen auf<br \/>\n<a href=\"https:\/\/reitschuster.de\/post\/schroeter-warnt-vor-kleinen-schritten-der-islamisierung\/\">https:\/\/reitschuster.de\/post\/schroeter-warnt-vor-kleinen-schritten-der-islamisierung\/<\/a><\/p>\n<p>&nbsp;<\/p>\n<p><strong>Susanne Schr\u00f6ter: Die letzte islamkritische Bastion an deutschen Unis wird geschlossen<\/strong><br \/>\nDas bekannte Frankfurter Forschungszentrum Globaler Islam der Goethe-Universit\u00e4t wird zum 1. Oktober abgewickelt. Leiterin Susanne Schr\u00f6ter (Foto) sagt, ihr islamkritisches Zentrum sei schon lange \u201evielen ein Dorn im Auge\u201c gewesen.<br \/>\nVor zwei Jahren sorgte Gitta Connemann, Bundesvorsitzende der Mittelstands- und Wirtschaftsunion, f\u00fcr Schlagzeilen, als sie in einem WELT-Interview <a href=\"https:\/\/www.welt.de\/politik\/deutschland\/plus247341858\/Deutschland-Acht-Lehrstuehle-fuer-Kernforschung-aber-173-Lehrstuehle-fuer-Genderforschung.html\">https:\/\/www.welt.de\/politik\/deutschland\/plus247341858\/Deutschland-Acht-Lehrstuehle-fuer-Kernforschung-aber-173-Lehrstuehle-fuer-Genderforschung.html<\/a> \u00e4u\u00dferte: \u201eEs gibt acht Lehrst\u00fchle f\u00fcr Kernforschung, aber 173 Lehrst\u00fchle f\u00fcr Genderforschung.\u201c Bald kann man in Anlehnung an diesen Satz formulieren: \u201eEs gibt ungef\u00e4hr 40 Professuren f\u00fcr Islamische Theologie und Religionsp\u00e4dagogik <a href=\"https:\/\/aiwg.de\/islamische-theologie-an-deutschen-hochschulen\/\">https:\/\/aiwg.de\/islamische-theologie-an-deutschen-hochschulen\/<\/a> , aber nicht einmal mehr ein kritisches Forschungszentrum zum Islam.\u201c<br \/>\nDas bekannte Frankfurter Forschungszentrum Globaler Islam der Johann Wolfgang Goethe-Universit\u00e4t Frankfurt am Main wird zum 1. Oktober abgewickelt. Die Ethnologin Susanne Schr\u00f6ter hatte diese Einrichtung zur kritischen Islamforschung im Jahr 2014 gegr\u00fcndet und seither geleitet. Au\u00dferdem ist sie emeritierte Professorin am Institut f\u00fcr Ethnologie derselben Uni.<br \/>\n&#8230;<br \/>\nBei aller deutlichen Kritik legt Schr\u00f6ter stets Wert auf eine moderate Argumentation, etwa wenn sie grunds\u00e4tzlich zwischen Islam und Islamismus beziehungsweise politischem Islam unterscheidet. Nichtsdestotrotz sorgen auch ihre vergleichsweise gem\u00e4\u00dfigten \u00c4u\u00dferungen f\u00fcr enormen Gegenwind \u2013 und eine Gef\u00e4hrdung ihrer Person. Seit Jahren steht sie deshalb unter Polizeischutz.<\/p>\n<p>Bezeichnend ist daher, dass die letzte Konferenz des Frankfurter Forschungszentrum Globaler Islam \u00fcber die Gef\u00e4hrdung der liberalen Demokratie durch den Islamismus gar nicht mehr \u00f6ffentlich angek\u00fcndigt wurde, aus Mangel an Geldern f\u00fcr einen Sicherheitsdienst. Thomas Thiel berichtete dar\u00fcber j\u00fcngst in einem erstaunlich emp\u00f6rten Beitrag f\u00fcr die FAZ. An den vorherigen Konferenzen habe man \u201enur unter Polizeischutz und mit einem starken Nervenkost\u00fcm\u201c teilnehmen k\u00f6nnen, \u201eweil hier ein Thema angesprochen wurde, das man sonst meidet: der Islamismus in all seinen Formen\u201c. Verleumdungen wegen Rassismus, Sexismus oder Islamophobie seien an der Tagesordnung gewesen, ohne dass die Aktivisten konkrete Belege f\u00fcr ihre Behauptungen vorlegen konnten \u2013 da \u201efielen die Vorw\u00fcrfe schnell in sich zusammen\u201c. Die Kritik k\u00e4me \u201eaus dem islamistischen Spektrum\u201c, von \u201ealtlinken Gruppen, die einen zweiten Fr\u00fchling versp\u00fcrten, von Kollegen aus der Wissenschaft, die der Ansicht waren, dass die Verteidigung religi\u00f6ser Herrschaftsideologien ein freiheitliches Anliegen ist, oder von Politikern, die ihre Karriere vorantreiben wollten\u201c.<\/p>\n<p>Der Autor wirft der Universit\u00e4tsleitung vor, \u201eSusanne Schr\u00f6ter dem Mob\u201c ausgeliefert zu haben, \u201eohne die Vorw\u00fcrfe \u00fcberhaupt gepr\u00fcft zu haben\u201c. Au\u00dferdem sei ihr eine Mail weitergeleitet worden, \u201ein der Kollegen schrieben, man m\u00fcsse etwas gegen sie, Susanne Schr\u00f6ter, unternehmen\u201c. Als Schr\u00f6ter in einer Nachricht an die Betreffenden Genaueres erfahren wollte, erhielt sie keine Antwort. \u201eAngesichts des Dauerstresses auf dem Campus zog das Zentrum mit seinen Konferenzen schlie\u00dflich ins Historische Museum von Frankfurt um, aber auch dem Kulturdezernat kamen pl\u00f6tzlich Bedenken\u201c, hei\u00dft es im Text. Der Autor stellt abschlie\u00dfend fest: \u201eEs bleibt die traurige Erkenntnis, dass die Universit\u00e4t heute nicht die Bedingungen f\u00fcr den sachlichen Disput \u00fcber ein Thema schaffen kann, das f\u00fcr den Bestand der Demokratie zentral ist.\u201c<\/p>\n<p>Aufschlussreich ist nicht zuletzt ein Interview, das Susanne Schr\u00f6ter k\u00fcrzlich dem Humanistischen Pressedienst \u00fcber das Ende ihres Forschungszentrums gegeben hat. Darin best\u00e4tigt sie den Eindruck, dass das Projekt von Seiten der Universit\u00e4t nicht l\u00e4nger erw\u00fcnscht gewesen sei.<br \/>\n&#8230; Alles vom 5.9.2025 von Ulrike Stockmann bitte lesen auf<br \/>\n<a href=\"https:\/\/www.achgut.com\/artikel\/die_letzte_islamkritische_bastion_an_deutschen_unis_wird_geschlossen\">https:\/\/www.achgut.com\/artikel\/die_letzte_islamkritische_bastion_an_deutschen_unis_wird_geschlossen<\/a><\/p>\n<p>&nbsp;<\/p>\n<p>&nbsp;<\/p>\n<p><strong>Der Staat kriminalisiert Islamkritik, statt sie zu sch\u00fctzen<\/strong><br \/>\n<strong>Hatte St\u00fcrzenberger nicht vielleicht auch einfach recht?<\/strong><br \/>\nMichael St\u00fcrzenberger wird niedergestochen, weil er den Islam kritisiert. Belegt allein das nicht seine Warnungen vor dem politischen Islam? Aber viele glauben lieber weiter an die M\u00e4rchen von \u201eEuro-Islam\u201c und daran, dass Terror und Gewalt mit Religion nichts zu tun haben.<br \/>\n&#8230;<br \/>\nDer Staat kriminalisiert Islamkritik, statt sie zu sch\u00fctzen<br \/>\nNiemand darf jetzt so tun, als w\u00e4re das ein Einzelfall \u2013 man denke an Islamkritiker Salman Rushdie, der 2022 ein islamistisches Attentat nur knapp \u00fcberlebte. Man denke an Hamed Abdel-Samad, der unter Polizeischutz lebt, weil er den Islam kritisiert. Oder all die anderen, die wegen ihrer Kritik an einer bestimmten Religion in Angst und unter stetigem Schutz leben m\u00fcssen. Michael St\u00fcrzenberger hatte diesen Schutz nicht mal \u2013 der Staat war vielmehr damit besch\u00e4ftigt, ihn nachrichtendienstlich zu beobachten, als ihn zu sch\u00fctzen.<br \/>\n.<br \/>\nMan muss anerkennen: Mit seiner Kritik am Islam hat St\u00fcrzenberger im Kern recht. Sie mag in Teilen \u00fcber- oder zugespitzt sein. Aber die Warnungen St\u00fcrzenbergers vor dem politischen Islam sind berechtigt \u2013 da h\u00e4tte es den Messerangriff gar nicht als Beweis gebraucht. Die besondere Ironie, dass St\u00fcrzenberger f\u00fcr die Warnung vor afghanischen Muslimen als ein \u201eIslamfeind\u201c in den Verfassungsschutzbericht kam \u2013 und dann von einem afghanischen Muslim niedergestochen wurde \u2013 unterstreicht die Absurdit\u00e4t der deutschen Islamdebatte, in der \u201eHass und Hetze\u201c und \u201eIslamfeindlichkeit\u201c schlimmer und schwerer zu wiegen scheinen als Terrorismus.<br \/>\n&#8230; Alles vom 4.6.2024 von Max Roland bitte lesen auf<br \/>\n<a href=\"https:\/\/apollo-news.net\/hatte-stuerzenberger-nicht-vielleicht-auch-einfach-recht\/\">https:\/\/apollo-news.net\/hatte-stuerzenberger-nicht-vielleicht-auch-einfach-recht\/<\/a><\/p>\n<p>&nbsp;<\/p>\n<p><strong>BPE informiert \u00fcber den Politischen Islam<\/strong><br \/>\nSeit Jahren informiert die B\u00fcrgerbewegung PAX EUROPA (BPE) mit Michael St\u00fcrzenberger \u00fcber den Politischen Islam bzw. Islamismus. Sachlich und kompetent. Bislang leider begleitet durch mancherlei Anfeindungen. Seit dem \u00dcberfall der <a href=\"https:\/\/www.freiburg-schwarzwald.de\/blog\/global\/israel\/israel7-10-2023\/\">Hamas am 7.10.2023<\/a> und den anschlie\u00dfenden Islam- Demonstrationen in Deutschland sowie dem Messer\u00fcberfall des Islamisten Suleiman Ataee auf einen <a href=\"https:\/\/www.freiburg-schwarzwald.de\/blog\/ma-messer-wegen-bpe-kritik\/\">BPE-Infostand in Mannheim<\/a>\u00a0am 31.5.2024, bei dem der <a href=\"https:\/\/www.freiburg-schwarzwald.de\/blog\/polizistenmord-durch-islamist\/\">Polizist Rouven Laur ermordet<\/a> wurde, verstummt die Kritik an der Aufkl\u00e4rungsarbeit der BPE fast vollst\u00e4ndig.<br \/>\nDer Grund liegt darin, da\u00df der Politische Islam auf den zahlreichen Pro-Pal\u00e4stina-Demos nun offen seine Ziele zeigt mit &#8222;From the river to the sea&#8220; f\u00fcr Israel (Antisemitismus) und mit &#8222;Scharia statt Grundgesetz&#8220; f\u00fcr Deutschland (Demokratie-Ende durch <a href=\"https:\/\/www.freiburg-schwarzwald.de\/blog\/religion\/islam\/kalifat\/\">Kalifat<\/a>). Die Videos der BPE finden zunehmend Verbreitung. Beispiele: 1) USA, 2) TV-Sender AUF1, 3) Compact TV.<br \/>\n7.11.2023<br \/>\n.<br \/>\nEnde von Beitrag &#8222;BPE informiert \u00fcber den Politischen Islam&#8220;<br \/>\n===========================================================<br \/>\nBeginn von Anlagen (1) &#8211; (3)<br \/>\n.<br \/>\n<strong>(1) Donald Trump jr. teilt und kommentiert virales BPE-Video (11,4 Mio Zuschauer) \u00fcber radikalen Scharia-Moslem in Berlin<\/strong><br \/>\nBei der Kundgebung der B\u00fcrgerbewegung PAX EUROPA in Berlin am 21. Oktober 2022 zur Aufkl\u00e4rung \u00fcber den Politischen Islam hatte sich eine h\u00f6chst aufschlussreiche Unterhaltung mit einem b\u00e4rtigen jungen Moslem entwickelt, der offen aussprach, was seine Ideologie fordere: Jeder gl\u00e4ubige Moslem m\u00fcsse, wenn in Deutschland moslemische Mehrheiten erreicht seien, auf die Errichtung eines Islamischen Staates mitsamt der Scharia als Gesetzgebung hinwirken. Wenn n\u00f6tig, auch mit Gewalt. W\u00f6rtlich:<br \/>\n<em>&#8222;Wir werden die deutsche Verfassung aushebeln. Wenn die Muslime in der \u00dcberzahl sind . Wenn es sein mu\u00df mit Gewalt. Es ist eine islamische Pflicht, auch Deutschland einzunehmen. Wir wollen die Scharia hier. Wenn man in der Mehrheit ist, ist man befohlen, Deutschland einzunehmen. Andersgl\u00e4ubige, die hier leben: Entweder sie reisen aus oder &#8230; . Homosexuelle werden von einem Berg runtergeschmissen. Der Islam bleibt immer gleich, ohne Reformen. Jeder Muslim muss wollen, dass das Scharia-Gesetz weltweit in Kraft tritt.&#8220;<\/em><\/p>\n<p>Visegrad 24 @visegrad24<br \/>\nYoung Islamists in Germany say Muslims will become the majority in Germany, abolish the German Constitution &amp; introduce Sharia law<br \/>\nEurope has been underestimating the threat posed by Islamism<br \/>\nLive aus Berlin &#8211; Michael St\u00fcrzenberger \/ BPE &#8211; 21.10.2022<br \/>\n2:41 nachm. &#8211; 5.Nov 2023 &#8211; 9,1 Mio mal angezeigt<br \/>\n<a href=\"https:\/\/twitter.com\/visegrad24\/status\/1721160932766753200\">https:\/\/twitter.com\/visegrad24\/status\/1721160932766753200<\/a><\/p>\n<p>Dazu kommentierte Visegrad 24:<br \/>\n&#8222;Junge Islamisten in Deutschland sagen, wenn Moslems in Deutschland die Mehrheit bilden, werden sie das deutsche Grundgesetz abschaffen und die Scharia einf\u00fchren. Europa hat die Bedrohung durch den Islamismus untersch\u00e4tzt.&#8220;<br \/>\n\u201cJeder mit Verstand wusste, dass das kommen w\u00fcrde, aber die woken Idioten, die das Sagen haben, werden weiterhin ihren eigenen Untergang begr\u00fc\u00dfen, bis es zu sp\u00e4t ist.\u201d<br \/>\n.<br \/>\nDer Sohn des letzten US-Pr\u00e4sidenten, Donald Trump Junior, wurde am gleichen Tag auf den Beitrag aufmerksam und teilte ihn auf seinem Kanal:<br \/>\n&#8222;Anyone with a brain knew was coming but the woke morons in charge will von tinue in their demise till it&#8217;s too late&#8220;<br \/>\n11:14 nachm. &#8211; 5.Nov. 2023, 2,5 Mio mal angezeigt<br \/>\n<a href=\"https:\/\/youtu.be\/MN3SG8ZHMt4\">https:\/\/youtu.be\/MN3SG8ZHMt4<\/a><br \/>\n<a href=\"https:\/\/www.thegatewaypundit.com\/2023\/11\/don-jr-shares-viral-video-germany-if-necessary\/\">https:\/\/www.thegatewaypundit.com\/2023\/11\/don-jr-shares-viral-video-germany-if-necessary\/<\/a><br \/>\n<a href=\"https:\/\/twitter.com\/i\/status\/1721194294709485711\">https:\/\/twitter.com\/i\/status\/1721194294709485711<\/a><\/p>\n<p><strong>(2) TV-Sender AUF 1 mit Ausschnitten von BPE-Kundgebungen<\/strong><br \/>\nIn der Sendung vom 2.11.23 \u00fcber den Krieg in Israel berichtete der neue \u00f6sterreichische Fernsehsender AUF 1 auch \u00fcber Ausschreitungen radikaler Moslems in Deutschland. Bei Kundgebungen der B\u00fcrgerbewegung PAX EUROPA zur Aufkl\u00e4rung \u00fcber den Politischen Islam sind immer wieder Beleidigungen und Bedrohungen, aber auch k\u00f6rperliche Attacken aufgebrachter Moslems zu beobachten. In diesem Video ist hierzu ein Zusammenschnitt von AUF 1 zu sehen.<br \/>\n7.11.2023<br \/>\n<a href=\"https:\/\/youtu.be\/QJMxlQQNMAs\">https:\/\/youtu.be\/QJMxlQQNMAs<\/a><br \/>\n.<br \/>\n<strong>(3) COMPACT TV \u00fcber Scharia-Aussage eines radikalen Moslems bei BPE in Berlin<\/strong><br \/>\nBei der Kundgebung der B\u00fcrgerbewegung PAX EUROPA am 21. Oktober des vergangenen Jahres in Berlin \u00e4u\u00dferte sich ein radikaler Moslem ganz offen am Mikrofon. F\u00fcr ihn sei klar, dass jeder Moslem der Scharia verpflichtet sei. Sobald es in Deutschland moslemische Mehrheiten gebe, m\u00fcssten alle Moslems aus diesem Land einen Islamischen Staat mit der Scharia als Gesetzgebung machen. Dies sei dann auch gegebenenfalls &#8222;mit Gewalt&#8220; durchzusetzen.<br \/>\n<a href=\"https:\/\/youtu.be\/MN3SG8ZHMt4\">https:\/\/youtu.be\/MN3SG8ZHMt4<\/a><br \/>\n7.11.2023<br \/>\nEnde der Anlagen<br \/>\n.<\/p>\n<p><strong>B\u00fcrgerbewegung Pax Europa BPE<\/strong><br \/>\nF\u00fcr den Schutz und Erhalt europ\u00e4ische Werte und Freiheiten!<br \/>\nGegen den Politischen Islam!<br \/>\nMichael St\u00fcrzenberger , Irfan Peci<br \/>\n<a href=\"https:\/\/paxeuropa-bpe.de\/\">https:\/\/paxeuropa-bpe.de\/<\/a>.<\/p>\n<p><a href=\"https:\/\/www.freiburg-schwarzwald.de\/blog\/global\/migration\/mannheim-messermord31mai2024\/\">Islamisten-Terroropfer Michael St\u00fcrzenberger erh\u00e4lt Besch\u00e4ftigungsverbot im Bundestag<\/a>\u00a0(21.1.2026)<\/p>\n<p>&nbsp;<\/p>\n","protected":false},"excerpt":{"rendered":"<p>Home\u00a0&gt;Religion\u00a0&gt;Islam\u00a0&gt;Islamisierung\u00a0&gt;Islamismus &gt;Islam-Terror &gt;Islamkritik Auf dieser Seite geht es nicht um den Islam als Religion bzw. den Islam als politisches System in den Herkunftsl\u00e4ndern. Auf dieser Seite geht es auch nicht um etwaige Reformen des Islam in Deutschland bzw. Europa &#8211; &hellip; <a href=\"https:\/\/www.freiburg-schwarzwald.de\/blog\/religion\/islam\/islamkritik\/\">Weiterlesen <span class=\"meta-nav\">&rarr;<\/span><\/a><\/p>\n","protected":false},"author":2,"featured_media":0,"parent":12111,"menu_order":0,"comment_status":"closed","ping_status":"closed","template":"","meta":{"footnotes":""},"class_list":["post-117096","page","type-page","status-publish","hentry"],"_links":{"self":[{"href":"https:\/\/www.freiburg-schwarzwald.de\/blog\/wp-json\/wp\/v2\/pages\/117096","targetHints":{"allow":["GET"]}}],"collection":[{"href":"https:\/\/www.freiburg-schwarzwald.de\/blog\/wp-json\/wp\/v2\/pages"}],"about":[{"href":"https:\/\/www.freiburg-schwarzwald.de\/blog\/wp-json\/wp\/v2\/types\/page"}],"author":[{"embeddable":true,"href":"https:\/\/www.freiburg-schwarzwald.de\/blog\/wp-json\/wp\/v2\/users\/2"}],"replies":[{"embeddable":true,"href":"https:\/\/www.freiburg-schwarzwald.de\/blog\/wp-json\/wp\/v2\/comments?post=117096"}],"version-history":[{"count":5,"href":"https:\/\/www.freiburg-schwarzwald.de\/blog\/wp-json\/wp\/v2\/pages\/117096\/revisions"}],"predecessor-version":[{"id":146540,"href":"https:\/\/www.freiburg-schwarzwald.de\/blog\/wp-json\/wp\/v2\/pages\/117096\/revisions\/146540"}],"up":[{"embeddable":true,"href":"https:\/\/www.freiburg-schwarzwald.de\/blog\/wp-json\/wp\/v2\/pages\/12111"}],"wp:attachment":[{"href":"https:\/\/www.freiburg-schwarzwald.de\/blog\/wp-json\/wp\/v2\/media?parent=117096"}],"curies":[{"name":"wp","href":"https:\/\/api.w.org\/{rel}","templated":true}]}}