{"id":116753,"date":"2023-10-30T16:13:12","date_gmt":"2023-10-30T15:13:12","guid":{"rendered":"https:\/\/www.freiburg-schwarzwald.de\/blog\/?page_id=116753"},"modified":"2026-01-07T17:06:32","modified_gmt":"2026-01-07T16:06:32","slug":"corona-staatsanwalt","status":"publish","type":"page","link":"https:\/\/www.freiburg-schwarzwald.de\/blog\/business\/gesund\/corona-virus\/corona-staatsanwalt\/","title":{"rendered":"Corona-Staatsanwalt"},"content":{"rendered":"<p><a href=\"https:\/\/www.freiburg-schwarzwald.de\/blog\">Home<\/a>\u00a0&gt;<a title=\"Business\" href=\"https:\/\/www.freiburg-schwarzwald.de\/blog\/business\">Business<\/a>\u00a0&gt;<a title=\"Gesund\" href=\"https:\/\/www.freiburg-schwarzwald.de\/blog\/business\/gesund\/\">Gesund<\/a>\u00a0&gt;<a href=\"https:\/\/www.freiburg-schwarzwald.de\/blog\/selbsthilfe\/soziales\/justiz\/rechtsstaat\/\">Rechtsstaa<\/a>t\u00a0&gt;<a title=\"Corona-Virus\" href=\"https:\/\/www.freiburg-schwarzwald.de\/blog\/business\/gesund\/corona-virus\/\">Corona-Virus<\/a> &gt;<a href=\"https:\/\/www.freiburg-schwarzwald.de\/blog\/business\/gesund\/corona-virus\/corona-justiz\/\">Corona-Justiz<\/a> &gt;Corona-Staatsanwalt<\/p>\n<div id=\"attachment_114900\" style=\"width: 650px\" class=\"wp-caption alignnone\"><a href=\"https:\/\/www.freiburg-schwarzwald.de\/blog\/wp-content\/uploads\/2023\/08\/corona-isolation-terror-pan2020.jpg\"><img loading=\"lazy\" decoding=\"async\" aria-describedby=\"caption-attachment-114900\" class=\"size-full wp-image-114900\" src=\"https:\/\/www.freiburg-schwarzwald.de\/blog\/wp-content\/uploads\/2023\/08\/corona-isolation-terror-pan2020.jpg\" alt=\"\" width=\"640\" height=\"315\" srcset=\"https:\/\/www.freiburg-schwarzwald.de\/blog\/wp-content\/uploads\/2023\/08\/corona-isolation-terror-pan2020.jpg 640w, https:\/\/www.freiburg-schwarzwald.de\/blog\/wp-content\/uploads\/2023\/08\/corona-isolation-terror-pan2020-180x89.jpg 180w\" sizes=\"auto, (max-width: 640px) 100vw, 640px\" \/><\/a><p id=\"caption-attachment-114900\" class=\"wp-caption-text\">Corona-Angstmache, Isolation, Unfreiheit 2020-2022: Wir vergessen nichts<\/p><\/div>\n<ul>\n<li><em>Listenauswahl eines Beitrags: Bitte <span style=\"text-decoration: underline;\">anklicken<\/span> oder runterscrollen<\/em><\/li>\n<li>Corona-Urteil gegen Pfarrer Lothar Mack am 19.12.2025 Landgericht Freiburg (7.1.2026)<\/li>\n<li><a href=\"https:\/\/www.freiburg-schwarzwald.de\/blog\/cdu-sanktioniert-verteidiger\/\">CDU sanktioniert Verteidiger<\/a>\u00a0(23.8.2024)<\/li>\n<li>Verfolgung von F\u00fcllmich durch den Staat: Deutsches Geheimdienst-Dossier enth\u00fcllt (24.4.2025)<\/li>\n<li><a href=\"https:\/\/www.freiburg-schwarzwald.de\/blog\/cbs-der-haessliche-deutsche\/\">Anzeige gegen drei Staatsanw\u00e4lte<\/a> (18.2.2025)<\/li>\n<li><a href=\"https:\/\/www.freiburg-schwarzwald.de\/blog\/business\/gesund\/corona-virus\/corona-fazit\/\">RKI-Protokolle ungeschw\u00e4zt: Die unentrinnbaren Kreise des Wahnsinns<\/a>\u00a0(25.7.2024)<\/li>\n<li><a href=\"https:\/\/www.freiburg-schwarzwald.de\/blog\/business\/gesund\/corona-virus\/corona-justiz\/\">Anwalt Dr. Hingerl klagt an: \u201eDie Regierung hat die Justiz gekidnappt\u201c<\/a> (3.12.2023)<\/li>\n<li><a href=\"https:\/\/www.freiburg-schwarzwald.de\/blog\/business\/gesund\/corona-virus\/corona-justiz\/\">Amtsgericht Freiburg: Corona-Leugner zu Geldstrafe verurteilt<\/a>\u00a0(30.10.2023)<\/li>\n<li><a href=\"https:\/\/www.freiburg-schwarzwald.de\/blog\/engagement\/zukunft\/demokratie\/freiheit\/abweichende-meinung\/\">Wir sollten uns alle angew\u00f6hnen, viel mehr querzudenken<\/a> (28.10.2023)<\/li>\n<li>Jetzt spricht Michael Ballweg \u00fcber seinen Fall \u2013 und enth\u00fcllt einen Justizskandal (28.10.2023)<\/li>\n<li><a href=\"https:\/\/www.freiburg-schwarzwald.de\/blog\/ballweg-grundlos-9-monate-haft\/\">Ballweg grundlos 9 Monate Haft<\/a>\u00a0(15.10.2023)<\/li>\n<li><a href=\"https:\/\/www.freiburg-schwarzwald.de\/blog\/ballweg-frei-9-monate-in-haft\/\">Ballweg frei &#8211; 9 Monate in Haft<\/a> (4.4.2023)<\/li>\n<\/ul>\n<p>&nbsp;<\/p>\n<p>&nbsp;<\/p>\n<p><strong>Corona-Urteil gegen Pfarrer Lothar Mack am 19.12.2025 Landgericht Freiburg<\/strong><br \/>\nDer folgende Beitrag analysiert ein Urteil des Landgerichts Freiburg, das weit \u00fcber einen Einzelfall hinausweist: Im Mittelpunkt steht die Verurteilung eines Pfarrers (Pfarrer Lothar Mack am 19. Dezember 2025 vor dem Landgericht in Freiburg), der im Dezember 2020 bei bedr\u00e4ngten Menschen blieb und seelsorgerisch wirkte, nachdem eine Demonstration verboten worden war. Sein Handeln wurde juristisch zur \u201efaktischen Versammlungsleitung\u201c umgedeutet \u2013 obwohl Gottesdienste nach Art. 17 Versammlungsgesetz ausdr\u00fccklich nicht als Versammlungen gelten.<br \/>\nDer Text stellt diesen Fall in einen gr\u00f6\u00dferen Zusammenhang:<br \/>\n\u2013 der nachtr\u00e4glichen Erosion zentraler Corona-Begr\u00fcndungen (u. a. Fremdschutz),<br \/>\n\u2013 der fortgesetzten Sanktionierung von B\u00fcrgern, \u00c4rzten und Geistlichen,<br \/>\n\u2013 sowie einer Justizpraxis, die exekutive Narrative konserviert, statt korrigierend einzugreifen.<br \/>\nEs geht nicht um nachtr\u00e4gliche Emp\u00f6rung, sondern um eine grundlegende Frage: Welche Rolle soll die Justiz in Krisenzeiten spielen \u2013 Absicherung staatlicher Ma\u00dfnahmen oder Schutz der Grundrechte.<br \/>\nZum vollst\u00e4ndigen Text:<br \/>\n<a href=\"https:\/\/adrian-kempf.de\/wenn-der-staat-luegt-und-die-justiz-den-trost-bestraft\/\">https:\/\/adrian-kempf.de\/wenn-der-staat-luegt-und-die-justiz-den-trost-bestraft\/<\/a><br \/>\n7.1.2026<\/p>\n<p>&nbsp;<\/p>\n<p><strong>Verfolgung von F\u00fcllmich durch den Staat: Deutsches Geheimdienst-Dossier enth\u00fcllt<\/strong><br \/>\n\u2013 Dr. Reiner F\u00fcllmich muss um jeden Preis gestoppt werden<br \/>\nWeil er die Wahrheit \u00fcber die sogenannte \u201eCovid-Pandemie\u201c aufdeckte, stand Dr. Reiner F\u00fcllmich seit 2021 unter besonderer \u00dcberwachung. Das geht aus einem Dossier des deutschen Geheimdienstes hervor, das von einem Whistleblower stammt und dem Gericht \u00fcbergeben wurde.<br \/>\nIn dem Dossier hie\u00df es ausdr\u00fccklich, F\u00fcllmich sei \u201eum jeden Preis zu stoppen\u201c; es sei \u201enotwendig, ein Strafverfahren gegen F\u00fcllmich vorzubereiten, [einschlie\u00dflich] der Zusammenarbeit mit Staatsanw\u00e4lten und geeigneten Dritten\u201c; au\u00dferdem wurde empfohlen, \u201evertrauensw\u00fcrdige Personen aus F\u00fcllmichs engstem Kreis anzuwerben und einzubinden\u201c.<br \/>\nNach anhaltender Schikane und Verschleierung behindert das Gericht nun aktiv Dr. F\u00fcllmich, w\u00e4hrend er sein abschlie\u00dfendes Pl\u00e4doyer h\u00e4lt.<br \/>\n&#8230;<br \/>\nDr. Reiner F\u00fcllmich ist international bekannt und respektiert als Verbraucherschutzanwalt. Er gewann bedeutende Prozesse gegen Gro\u00dfkonzerne wie Volkswagen, K\u00fchne &amp; Nagel und die Deutsche Bank. Als einer der ersten erkannte er, dass die Covid-Ma\u00dfnahmen Verbrechen gegen die Menschlichkeit darstellten. Zusammen mit drei weiteren Juristen gr\u00fcndete er den Corona-Ausschuss, um das Verhalten von Regierungen, Beh\u00f6rden und medizinischen Institutionen w\u00e4hrend der sogenannten \u201ePandemie\u201c aufzukl\u00e4ren. Dank akribischer Ermittlungsarbeit und der Konsultation von mehr als 150 Wissenschaftlern, Experten und Informanten aus aller Welt (darunter auch aus Pfizer, WHO, CDC, UN), sammelte er eine F\u00fclle an Beweismaterial, das er als \u201edas gr\u00f6\u00dfte Verbrechen gegen die Menschheit\u201c bezeichnete. Doch der deutsche Geheimdienst hatte bereits \u2013 in Zusammenarbeit mit dem G\u00f6ttinger Staatsanwalt Simon Phillip John und anderen Ankl\u00e4gern \u2013 beschlossen, einen Fall gegen F\u00fcllmich zu konstruieren.<br \/>\nDie Realit\u00e4t: Diese Summe war ein dokumentiertes pers\u00f6nliches Darlehen, um vor drohender Enteignung durch den Staat Gelder des Corona-Ausschusses zu sch\u00fctzen. Zusammen mit Viviane Fischer wurden aus Spendenmitteln Gold im Wert von 1 Million Euro erworben, um die Mittel abzusichern. Nachdem die Verteidigung bewies, dass die Vorw\u00fcrfe haltlos waren, behauptete das Gericht pl\u00f6tzlich, die Darlehen seien \u201egef\u00e4lscht\u201c.<br \/>\n&#8230;<br \/>\n18 Monate Isolationshaft \u2013 ohne Urteil<br \/>\nSeit 18 Monaten sitzt Dr. F\u00fcllmich unrechtm\u00e4\u00dfig in Untersuchungshaft im Hochsicherheitsgef\u00e4ngnis Rosdorf \u2013 obwohl laut deutschem Recht eine U-Haft nur maximal 6 Monate dauern darf. Er wurde unter Vorspiegelung falscher Tatsachen nach Mexiko gelockt, dort ohne Haftbefehl entf\u00fchrt und nach Deutschland abgeschoben \u2013 und schlie\u00dflich inhaftiert. Die Bedingungen seiner Haft sind gravierend:<br \/>\n&#8211; Isolationshaft von Juni bis Dezember 2024<br \/>\n&#8211; Entzug von Sonnenlicht, Sport und Schlaf<br \/>\n&#8211; Verbot, seine Anw\u00e4lte frei zu kontaktieren<br \/>\n&#8211; Nur drei Stunden Besuchszeit pro Monat<br \/>\n&#8211; Keine medizinische Grundversorgung<br \/>\n&#8211; Kein Abschied von seiner sterbenden Mutter erlaubt<br \/>\nSeit dem 10. Juni 2024 wird F\u00fcllmich nach Leibesvisitationen in Handschellen und Fu\u00dffesseln von gepanzerten Fahrzeugen und schwer bewaffneten Beamten zum Gericht eskortiert \u2013 als w\u00e4re er ein Terrorist.<br \/>\n&#8230;<br \/>\nGeheimdienst-Dossier belegt politisches Ziel: \u201eF\u00fcllmich muss gestoppt werden\u201c<br \/>\nEin dem Gericht vorgelegtes Dossier des deutschen Geheimdienstes, das ein Whistleblower \u00fcbergab, best\u00e4tigt: F\u00fcllmich steht seit 2021 unter \u00dcberwachung. Ziel war es, ihn \u201eum jeden Preis zu stoppen\u201c und \u201ezu verhindern, dass er eine politische Rolle einnimmt\u201c. Man solle dazu \u201evertrauensw\u00fcrdige Personen in seinem Umfeld einbinden\u201c und \u201eein Verfahren gegen ihn vorbereiten\u201c. Die Absicht ist eindeutig: Dr. F\u00fcllmich soll mundtot gemacht werden \u2013 weil er die Wahrheit sagt. Seine investigative Arbeit zur \u201ePandemie\u201c und zu den sogenannten \u201eImpfstoffen\u201c soll zum Schweigen gebracht werden.<br \/>\n&#8230; Alles vom 24.4.2025 bitte lesen auf<br \/>\n<a href=\"https:\/\/uncutnews.ch\/verfolgung-durch-den-staat-deutsches-geheimdienst-dossier-enthuellt-dr-reiner-fuellmich-muss-um-jeden-preis-gestoppt-werden\/\">https:\/\/uncutnews.ch\/verfolgung-durch-den-staat-deutsches-geheimdienst-dossier-enthuellt-dr-reiner-fuellmich-muss-um-jeden-preis-gestoppt-werden\/<\/a><\/p>\n<p>&nbsp;<\/p>\n<p><strong>Jetzt spricht Michael Ballweg \u00fcber seinen Fall \u2013 und enth\u00fcllt einen Justizskandal<\/strong><br \/>\nDer Fall Michael Ballweg ist ein handfester Justizskandal. Neun Monate sa\u00df Ballweg in Untersuchungshaft. Am Ende entschied das Landgericht Stuttgart, die Anklage gegen ihn wegen Betruges nicht zuzulassen. Das Gericht blamiert die Staatsanwaltschaft. So stellt das Landgericht nicht nur fest, dass die Ermittlungen v\u00f6llig unzureichend und fehlerhaft sind, sondern attestiert der Staatsanwaltschaft sogar, von vornherein von falschen Pr\u00e4missen und willk\u00fcrlichen Unterstellungen ausgegangen zu sein. Mehr Ohrfeigen f\u00fcr die Staatsanw\u00e4lte sind kaum denkbar. Christian Moser, einer seine Anw\u00e4lte kommentiert dazu in TE am Tag der Freilassung:<br \/>\n<em><strong>\u201eMeines Erachtens ist die Staatsanwaltschaft nun dazu aufgerufen, offenzulegen, worauf dieses Versagen beruht.<\/strong> <\/em>Es gibt ja nur zwei denkbare M\u00f6glichkeiten.<br \/>\nDie eine M\u00f6glichkeit ist, dass schlicht inkompetent gehandelt wurde.<br \/>\nDie andere M\u00f6glichkeit ist, dass so gehandelt werden sollte, mit dem gew\u00fcnschten Ergebnis, dass zwar am Ende die Sache scheitern musste, bis dahin aber gr\u00f6\u00dftm\u00f6glicher Schaden am Verm\u00f6gen, am Privatleben und am Ruf des Michael Ballweg, vor allem aber an der gesamten Querdenken-Bewegung erzielt wurde.<\/p>\n<p>Ich glaube aber, dass dies nicht gelungen ist. Es mag ein alter Grundsatz der Propaganda sein, dass man nur mit Schmutz werfen muss, damit etwas h\u00e4ngen bleibt, aber dieser Beschluss ist so eindeutig, dass er die Willk\u00fcr der Anklage und ihre politische Motivation offen ans Tageslicht rei\u00dft und Michael Ballweg vollst\u00e4ndig rehabilitiert.\u201c<br \/>\n&#8230; Alles vom 28.10.2023 bitte lesen auf<br \/>\n<a href=\"https:\/\/www.tichyseinblick.de\/feuilleton\/buecher\/jetzt-spricht-michael-ballweg-ueber-seinen-fall-und-enthuellt-einen-justizskandal\">https:\/\/www.tichyseinblick.de\/feuilleton\/buecher\/jetzt-spricht-michael-ballweg-ueber-seinen-fall-und-enthuellt-einen-justizskandal<\/a>\/<br \/>\n<em>.<\/em><br \/>\n<em>Michael Ballweg, Richtigstellung. Es war noch nie falsch, quer zu denken. <\/em><br \/>\n<em>Tiger Press, Paperback, ca. 220 Seiten. erscheint 20.11.2023, 24 Euro<\/em><\/p>\n<p>&nbsp;<\/p>\n","protected":false},"excerpt":{"rendered":"<p>Home\u00a0&gt;Business\u00a0&gt;Gesund\u00a0&gt;Rechtsstaat\u00a0&gt;Corona-Virus &gt;Corona-Justiz &gt;Corona-Staatsanwalt Listenauswahl eines Beitrags: Bitte anklicken oder runterscrollen Corona-Urteil gegen Pfarrer Lothar Mack am 19.12.2025 Landgericht Freiburg (7.1.2026) CDU sanktioniert Verteidiger\u00a0(23.8.2024) Verfolgung von F\u00fcllmich durch den Staat: Deutsches Geheimdienst-Dossier enth\u00fcllt (24.4.2025) Anzeige gegen drei Staatsanw\u00e4lte (18.2.2025) RKI-Protokolle ungeschw\u00e4zt: &hellip; <a href=\"https:\/\/www.freiburg-schwarzwald.de\/blog\/business\/gesund\/corona-virus\/corona-staatsanwalt\/\">Weiterlesen <span class=\"meta-nav\">&rarr;<\/span><\/a><\/p>\n","protected":false},"author":2,"featured_media":0,"parent":79419,"menu_order":0,"comment_status":"closed","ping_status":"closed","template":"","meta":{"footnotes":""},"class_list":["post-116753","page","type-page","status-publish","hentry"],"_links":{"self":[{"href":"https:\/\/www.freiburg-schwarzwald.de\/blog\/wp-json\/wp\/v2\/pages\/116753","targetHints":{"allow":["GET"]}}],"collection":[{"href":"https:\/\/www.freiburg-schwarzwald.de\/blog\/wp-json\/wp\/v2\/pages"}],"about":[{"href":"https:\/\/www.freiburg-schwarzwald.de\/blog\/wp-json\/wp\/v2\/types\/page"}],"author":[{"embeddable":true,"href":"https:\/\/www.freiburg-schwarzwald.de\/blog\/wp-json\/wp\/v2\/users\/2"}],"replies":[{"embeddable":true,"href":"https:\/\/www.freiburg-schwarzwald.de\/blog\/wp-json\/wp\/v2\/comments?post=116753"}],"version-history":[{"count":5,"href":"https:\/\/www.freiburg-schwarzwald.de\/blog\/wp-json\/wp\/v2\/pages\/116753\/revisions"}],"predecessor-version":[{"id":143757,"href":"https:\/\/www.freiburg-schwarzwald.de\/blog\/wp-json\/wp\/v2\/pages\/116753\/revisions\/143757"}],"up":[{"embeddable":true,"href":"https:\/\/www.freiburg-schwarzwald.de\/blog\/wp-json\/wp\/v2\/pages\/79419"}],"wp:attachment":[{"href":"https:\/\/www.freiburg-schwarzwald.de\/blog\/wp-json\/wp\/v2\/media?parent=116753"}],"curies":[{"name":"wp","href":"https:\/\/api.w.org\/{rel}","templated":true}]}}