{"id":115676,"date":"2023-09-26T21:09:10","date_gmt":"2023-09-26T19:09:10","guid":{"rendered":"https:\/\/www.freiburg-schwarzwald.de\/blog\/?page_id=115676"},"modified":"2026-02-01T08:55:50","modified_gmt":"2026-02-01T07:55:50","slug":"kommunal","status":"publish","type":"page","link":"https:\/\/www.freiburg-schwarzwald.de\/blog\/engagement\/zukunft\/demokratie\/kommunalwahl\/kommunal\/","title":{"rendered":"kommunal"},"content":{"rendered":"<p><a href=\"https:\/\/www.freiburg-schwarzwald.de\/blog\">Home<\/a>\u00a0&gt;<a title=\"Engagement\" href=\"https:\/\/www.freiburg-schwarzwald.de\/blog\/engagement\/\">Engagement<\/a>\u00a0&gt;<a title=\"Zukunft\" href=\"https:\/\/www.freiburg-schwarzwald.de\/blog\/engagement\/zukunft\/\">Zukunft<\/a>\u00a0&gt;<a title=\"Demokratie\" href=\"https:\/\/www.freiburg-schwarzwald.de\/blog\/engagement\/zukunft\/demokratie\/\">Demokratie<\/a> &gt;<a href=\"https:\/\/www.freiburg-schwarzwald.de\/blog\/engagement\/zukunft\/demokratie\/kommunalwahl\/\">Kommunalwahl<\/a> &gt;kommunal<\/p>\n<div id=\"attachment_115394\" style=\"width: 651px\" class=\"wp-caption alignnone\"><a href=\"https:\/\/www.freiburg-schwarzwald.de\/blog\/wp-content\/uploads\/2023\/09\/sonnenblumen-pan230820.jpg\"><img loading=\"lazy\" decoding=\"async\" aria-describedby=\"caption-attachment-115394\" class=\"size-full wp-image-115394\" src=\"https:\/\/www.freiburg-schwarzwald.de\/blog\/wp-content\/uploads\/2023\/09\/sonnenblumen-pan230820.jpg\" alt=\"\" width=\"641\" height=\"372\" srcset=\"https:\/\/www.freiburg-schwarzwald.de\/blog\/wp-content\/uploads\/2023\/09\/sonnenblumen-pan230820.jpg 641w, https:\/\/www.freiburg-schwarzwald.de\/blog\/wp-content\/uploads\/2023\/09\/sonnenblumen-pan230820-180x104.jpg 180w\" sizes=\"auto, (max-width: 641px) 100vw, 641px\" \/><\/a><p id=\"caption-attachment-115394\" class=\"wp-caption-text\">Sonnenblumen oben und Sonnenh\u00fcte unten am 20.8.2023<\/p><\/div>\n<ul>\n<li><em>Listenauswahl eines Beitrags (Artikel\/Datum, Seite\/Inhalt):\u00a0<span style=\"text-decoration: underline;\">Klicken<\/span>\u00a0oder scrollen<\/em><\/li>\n<li>Trotz Abwahl: Ex-B\u00fcrgermeister bekommt in den n\u00e4chsten Jahren 370.000 Euro Sold (31.1.2026)<\/li>\n<li>Migration: \u201eIrgendwann bricht das System. Genau an diesem Punkt sind wir jetzt\u201c (18.1.2026)<\/li>\n<li><a href=\"https:\/\/www.freiburg-schwarzwald.de\/blog\/regio\/freiburg\/stadtfreiburg\/\">So viel verdienen die Chefs der kommunalen Unternehmen in Freiburg<\/a> (16.1.2026)<\/li>\n<li><a href=\"https:\/\/www.freiburg-schwarzwald.de\/blog\/oberried\/\">Gegen den Trend \u2013 Oberried plant f\u00fcr 2026 mit einem ausgeglichenen Haushalt<\/a> (14.1.2026)<\/li>\n<li><a href=\"https:\/\/www.freiburg-schwarzwald.de\/blog\/regio\/orte\/kirchzarten\/\">Neujahrsempfang Kirchzarten am 2.1.2026<\/a>\u00a0(3.1.2026)<\/li>\n<li><a href=\"https:\/\/www.freiburg-schwarzwald.de\/blog\/stromausfall-von-links-in-berlin\/\">Stromausfall von links in Berlin<\/a>\u00a0(5.1.2026)<\/li>\n<li><a href=\"https:\/\/www.freiburg-schwarzwald.de\/blog\/regio\/tal\/dreisamtal\/dreisamtal-diskussion\/\">Kirchzarten am finanziellen Wendepunkt<\/a> (9.12.2025)<\/li>\n<li><a href=\"https:\/\/www.freiburg-schwarzwald.de\/blog\/engagement\/zukunft\/demokratie\/wahlrecht\/\">Passives Wahlrecht an AfD-ler verwehrt Ludwigshafen: Demokratie im Niedergang<\/a>\u00a0(9.12.2025)<\/li>\n<li><a href=\"https:\/\/www.freiburg-schwarzwald.de\/blog\/giessen-muss-friedlich-bleiben\/\">Giessen mu\u00df friedlich bleiben<\/a>\u00a0(28.11.2025)<\/li>\n<li><a href=\"https:\/\/www.freiburg-schwarzwald.de\/blog\/regio\/heidelberg\/\">Gunter Frank: Antisemitismus im Heidelberger Gemeinderat<\/a> (18.11.2025)<\/li>\n<li><a href=\"https:\/\/www.freiburg-schwarzwald.de\/blog\/engagement\/zukunft\/demokratie\/kommunalwahl\/gemeinde\/\">Der gro\u00dfe Raubzug wird vorbereitet: Auspl\u00fcnderung der Kommunen f\u00fcr den Klima-Komplex<\/a> (16.11.2025)<\/li>\n<li><a href=\"https:\/\/www.freiburg-schwarzwald.de\/blog\/kommunen-24-mrd-schulden\/\">Kommunen: 24 Milliarden Schulden<\/a> (26.9.2025)<\/li>\n<li>Gelsenkirchen: \u201eMigranten w\u00e4hlen AfD wegen \u00dcberfremdung\u201c (19.9.2025)<\/li>\n<li>Parteien machen Migration in NRW zum Tabu (5.9.2025)<\/li>\n<li><a href=\"https:\/\/www.freiburg-schwarzwald.de\/blog\/wahl-no-problem-no-opposition\/\">Wahl: no Problem no Opposition<\/a>\u00a0(29.8.2025)<\/li>\n<li>Mannheim im W\u00fcrgegriff: Migration, Klima- und Luxusprojekte ruinieren eine Stadt (26.8.2025)<\/li>\n<li><a href=\"https:\/\/www.freiburg-schwarzwald.de\/blog\/kirche-gegen-passives-wahlrecht\/\">Kirche gegen passives Wahlrecht<\/a>\u00a0(25.8.2025)<\/li>\n<li><a href=\"https:\/\/www.freiburg-schwarzwald.de\/blog\/ob-wahl-lu-kandidatur-verbot\/\">OB-Wahl LU: Kandidatur-Verbot<\/a>\u00a0(20.8.2025)<\/li>\n<li>Kommunen mit Rekorddefizit \u2013 und quasi machtlos dagegen (31.7.2025)<\/li>\n<li><a href=\"https:\/\/www.freiburg-schwarzwald.de\/blog\/kommunalwahl-hd-vorbild-fr\/\">Kommunalwahl: HD mit IDA als Vorbild f\u00fcr FR<\/a> (3.4.2024)<\/li>\n<li><a href=\"https:\/\/www.freiburg-schwarzwald.de\/blog\/regio\/orte\/gundelfingen\/\">B\u00fcrgermeisteramt Gundelfingen und Pressefreiheit<\/a>\u00a0(11.4.2024)<\/li>\n<li><a href=\"https:\/\/www.freiburg-schwarzwald.de\/blog\/regio\/freiburg\/kommunalwahl2024-fr\/\">Querdenker wollen in Freiburg bei der Kommunalwahl f\u00fcr die AfD kandidieren<\/a>\u00a0(4.1.2024)<\/li>\n<li>Nordhausen: Wahlbetrug bei der Wahl des Oberb\u00fcrgermeisters? (26.9.2023)<\/li>\n<li><\/li>\n<li><a href=\"https:\/\/www.freiburg-schwarzwald.de\/blog\/engagement\/zukunft\/demokratie\/kommunalwahl\/gemeinde\/\">Gemeinde<\/a><\/li>\n<li><a href=\"https:\/\/www.freiburg-schwarzwald.de\/blog\/regio\/freiburg\/kommunalwahl2024-fr\/\">Kommunalwahl2024-FR<\/a><\/li>\n<li><a href=\"https:\/\/www.freiburg-schwarzwald.de\/blog\/natur\/landwirt\/kommune\/\">Kommune (Landwirtschaft)<\/a><\/li>\n<li><a href=\"https:\/\/www.freiburg-schwarzwald.de\/blog\/regio\/orte\/\">Orte &#8211; Ortschaften &#8211; Gemeinden<\/a><\/li>\n<li><a href=\"https:\/\/www.freiburg-schwarzwald.de\/blog\/stadt\">Stadt<\/a><\/li>\n<li><a href=\"https:\/\/www.freiburg-schwarzwald.de\/blog\/engagement\/zukunft\/demokratie\/staatsversagen\/staatsverrat\/\">Staatsverrat<\/a><\/li>\n<\/ul>\n<p>&nbsp;<\/p>\n<p><strong>Trotz Abwahl: Ex-B\u00fcrgermeister bekommt in den n\u00e4chsten Jahren 370.000 Euro Sold<\/strong><br \/>\nNach 11 Tagen im Amt als Zehdenicks B\u00fcrgermeister erkrankte Alexander Kretzschmar. Nach 10 Monaten wurde er abgew\u00e4hlt und hat jetzt dennoch saftige finanzielle Anspr\u00fcche. Allein auf die Stadt Zehdenick kommen rund 370.000 Euro Kosten zu.<br \/>\n&#8230;<br \/>\nAls B\u00fcrgermeister war Kretzschmar ein Wahlbeamter. Er wurde f\u00fcr eine Amtszeit von 8 Jahren gew\u00e4hlt. Daher hat er nach dem brandenburgischen Gesetz Anspruch auf Besoldung und Versorgung, bis seine Amtszeit regul\u00e4r abgelaufen ist.<br \/>\n&#8230; Alles vom 31.1.2026 bitte lesen auf<br \/>\n<a href=\"https:\/\/apollo-news.net\/trotz-abwahl-ex-buergermeister-bekommt-in-den-naechsten-jahren-370-000-euro-sold\/\">https:\/\/apollo-news.net\/trotz-abwahl-ex-buergermeister-bekommt-in-den-naechsten-jahren-370-000-euro-sold\/<\/a><\/p>\n<p>&nbsp;<\/p>\n<p><strong>Migration: \u201eIrgendwann bricht das System. Genau an diesem Punkt sind wir jetzt\u201c<\/strong><br \/>\nDie Stadt Salzgitter will Asylbewerber zu gemeinn\u00fctziger Arbeit verpflichten. Nicht nur die Migrationspolitik tr\u00e4gt f\u00fcr Oberb\u00fcrgermeister Klingebiel (CDU) zur Finanzmisere der Kommunen bei: Diese w\u00fcrden durch den Bund \u201efremdbestimmt\u201c \u2013 und seien nicht mehr f\u00e4hig, ihre Kernaufgaben zu erf\u00fcllen.<br \/>\n&#8230;<br \/>\nWELT: Sie haben die Migration als einen wichtigen Faktor f\u00fcr die Not der Kommunen angesprochen. Wie gro\u00df ist ihr Anteil an der kommunalen Krise?<br \/>\nKlingebiel: Erheblich \u2013 in zweifacher Hinsicht.<br \/>\nErstens finanziell, weil es bis heute keine vollst\u00e4ndige Kostenerstattung gibt.<br \/>\nZweitens als weiteren Ausl\u00f6ser f\u00fcr den besagten Vertrauensverlust. Die Menschen erleben, dass Staat und Kommunen \u00fcberfordert sind.<br \/>\nIn Salzgitter haben wir Grundschulen, in denen 80 bis 95 Prozent der eingeschulten Kinder kein Deutsch sprechen. Die Lehrer leisten Enormes, aber eigentlich m\u00fcsste man die Klassen deutlich verkleinern. Stattdessen kommen, siehe Ganztag, immer neue Aufgaben hinzu.<br \/>\n&#8230; Alles vom 18.1.2026 bitte lesen auf<br \/>\n<a href=\"https:\/\/www.welt.de\/politik\/deutschland\/article69676b9869dcb7a3b21e9a1b\/finanzmisere-der-kommunen-irgendwann-bricht-das-system-genau-an-diesem-punkt-sind-wir-jetzt.html\">https:\/\/www.welt.de\/politik\/deutschland\/article69676b9869dcb7a3b21e9a1b\/finanzmisere-der-kommunen-irgendwann-bricht-das-system-genau-an-diesem-punkt-sind-wir-jetzt.html<\/a><\/p>\n<p>&nbsp;<\/p>\n<p><strong>Gelsenkirchen: \u201eMigranten w\u00e4hlen AfD wegen \u00dcberfremdung\u201c<\/strong><br \/>\nIm \u201eroten\u201c Gelsenkirchen muss die SPD in die Stichwahl: ausgerechnet gegen die AfD. In den B\u00fcrgerrat wurden beide Parteien sogar fast gleichauf gew\u00e4hlt, in der Wahl zum Oberb\u00fcrgermeister trennen die Parteien nur sieben Prozentpunkte. Um diesem Erfolg auf den Grund zu gehen, interviewt Maximilian Tichy die AfD-Landtagsabgeordnete und Gelsenkirchener B\u00fcrgerr\u00e4tin Enxhi Seli-Zacharias. Sie will gegen \u00dcberfremdung in ihrer Stadt vorgehen, unter anderem, indem die Nutzung arabischer Schriftzeichen in Einkaufsstra\u00dfen verboten wird.<br \/>\nDoch um Gelsenkirchen ist es auch sonst schlecht bestellt. Die Arbeitslosenquote betr\u00e4gt 15 Prozent \u2013 damit f\u00fchrt Gelsenkirchen in dieser traurigen Statistik. Doch statt ein Konzept zur Reindustrialisierung der Stadt vorzustellen, antwortet die Abgeordnete mit einem Plan, um eine bestimmte Gruppe der Arbeitslosen zum Umzug zu bewegen.<br \/>\n<a href=\"https:\/\/www.youtube.com\/watch?v=o5TUdtFq0dw\">https:\/\/www.youtube.com\/watch?v=o5TUdtFq0dw<\/a><br \/>\n.<br \/>\nAuch \u00fcber das massive Problem der Clan-Kriminalit\u00e4t spricht Tichy mit der Politikerin. Und sie gehen der Frage nach: Warum siegt die AfD ausgerechnet in den Wahlen f\u00fcr die Integrationsr\u00e4te, bei denen nur B\u00fcrger mit Migrationshintergrund wahlberechtigt sind?<br \/>\n&#8230; Alles vom 19.9.2025 von Maximilian Tichy mit Enxhi Seli-Zacharias bitte lesen auf<br \/>\n<a href=\"https:\/\/www.tichyseinblick.de\/video\/interview\/enxhi-seli-zacharias-afd-gelsenkirchen-ueberfremdung\/\">https:\/\/www.tichyseinblick.de\/video\/interview\/enxhi-seli-zacharias-afd-gelsenkirchen-ueberfremdung\/<\/a><\/p>\n<p>&nbsp;<\/p>\n<p><strong>Parteien machen Migration in NRW zum Tabu<\/strong><br \/>\n<strong>Schweigekartell in K\u00f6ln<\/strong><br \/>\nF\u00fcr Klartext ist im K\u00f6lner Kommunalwahlkampf kein Platz. Stattdessen zeigen Politiker, wie l\u00e4stig ihnen die Sorgen der B\u00fcrger in Wahrheit sind. Ein Kartell aus CDU, SPD, FDP, Gr\u00fcnen, Linken, Volt und Die Partei hat sich verpflichtet, das Thema Migration ausdr\u00fccklich nicht f\u00fcr die Zust\u00e4nde in der Stadt verantwortlich zu machen. Da\u00df diese Parteien auch noch so dreist sind, ihr Schweigegel\u00fcbde zu \u00fcberforderten Schulen, zur Wohnungsnot und insbesondere zur Ausl\u00e4nderkriminalit\u00e4t \u201eFairne\u00df-Vereinbarung\u201c zu nennen, setzt der W\u00e4hlerverachtung die Krone auf.<br \/>\nRealit\u00e4tsverweigerung ist in K\u00f6ln nicht neu. Erinnert sei an die Silvesternacht 2015\/16, als mehr als 600 M\u00e4dchen und junge Frauen auf der Domplatte und rund um den Hauptbahnhof Opfer schwerer sexueller \u00dcbergriffe wurden. Beim WDR, der wenige Meter entfernt residiert, brauchte man vier Tage, um sich endlich durchzuringen, die T\u00e4tergruppen zu benennen: Nordafrikaner und Araber. Peinlich damals auch der Ratschlag der heute noch amtierenden Oberb\u00fcrgermeisterin Henriette Reker, Frauen sollten k\u00fcnftig \u201eeine Arml\u00e4nge Abstand halten\u201c.<br \/>\nStra\u00dfenraub. Messerangriffe. Drogenhandel. Das Wegducken der anderen beim Thema Ausl\u00e4nderkriminalit\u00e4t ist der Turbobeschleuniger f\u00fcr den Wahlkampf der AfD. Ein Ignoranten-Kartell wird die \u201eblaue Welle\u201c, die am 14. September, dem Tag der Kommunalwahl, durch Nordrhein-Westfalen rauscht, nicht aufhalten. Im Gegenteil.<br \/>\n&#8230; Alles vom 5.9.2025 von Hans-Hermann Gockel bitte lesen in der JF 37\/25, Seite 2<\/p>\n<p>&nbsp;<\/p>\n<p><strong>Mannheim im W\u00fcrgegriff: Migration, Klima- und Luxusprojekte ruinieren eine Stadt<\/strong><br \/>\nW\u00e4hrend die Einnahmen aus der Gewerbesteuer wegbrechen, laufen Sozial- und Klimaprojekte unbeirrt weiter. Millionen werden ausgegeben f\u00fcr \u201eKlimaneutralit\u00e4t\u201c und Migration. Milliardenl\u00f6cher im Haushalt, und dem OB f\u00e4llt nichts anderes ein als Durchhalteparolen. Die St\u00e4dte implodieren.<\/p>\n<p>Zur Lage der Kommunen:<br \/>\nM\u00fcnchen hat 7 Milliarden Euro Schulden und macht dieses Jahr weitere 2 Milliarden Schulden! Immer mehr Kommunen stehen unter versch\u00e4rfter Haushaltsaufsicht oder gar vor der Zwangsverwaltung. Alles dank der kostenintensiven Energie-Klima- und Migrationspolitik und der Gerichte, die die St\u00e4dte zu dieser Politik zwingen dank NGOs wie Deutsche Umwelthilfe (DUH) und Klagen weiterer sogenannter Nichtregierungsorganisationen. Der Klimabeschluss des BVerfG aus 2021 war der Startschuss in die deutsche Energie- und Klimakatastrophe. Die Klimakonferenz im November in Brasilien k\u00f6nnte die letzte werden. Flasche leer.<br \/>\nTE beleuchtet die Lage der Kommunen: heute Mannheim.<br \/>\n&#8230;<br \/>\nMannheims wichtigste Einnahmequelle, die Gewerbesteuer, bricht weg. Ein Viertel des Haushalts kommt aus der Gewerbesteuer. Doch statt der geplanten 440 Millionen Euro flie\u00dfen jetzt h\u00f6chstens nur rund 350 Millionen. Ein Minus von 90 Millionen Euro in einem einzigen Jahr<br \/>\n&#8230;<br \/>\nMannheim ver\u00f6ffentlicht in seinen Haushaltspl\u00e4nen Ausgabenbl\u00f6cke f\u00fcr \u201eSoziales und Jugend\u201c. Das ist mit Abstand der gr\u00f6\u00dfte Posten \u2013 \u00fcber 400 Millionen Euro pro Jahr. Diese Summe beinhaltet zwar auch deutsche Sozialhilfeempf\u00e4nger, aber in einer Stadt, in der \u00fcber 50 Prozent der Bev\u00f6lkerung einen Migrationshintergrund haben, ist klar: Ein erheblicher Anteil dieser 400 Millionen entf\u00e4llt auf Migranten.<br \/>\nF\u00fcr sogenannte \u201eunbegleitete minderj\u00e4hrige Fl\u00fcchtlinge\u201c etwa meldete Mannheim bereits in den Vorjahren zweistellige Millionenbetr\u00e4ge \u2013 2016 lag der Aufwand zum Beispiel bei \u00fcber 20 Millionen Euro j\u00e4hrlich. Die Zahl ist seitdem nicht gesunken. Auch bei den Kosten der Unterkunft gibt es hohe Anteile f\u00fcr migrantische Haushalte, die B\u00fcrgergeld beziehen. Offizielle Detailquoten ver\u00f6ffentlicht die Stadt jedoch nicht.<br \/>\n&#8230;<br \/>\nMannheim hat sich wie viele andere St\u00e4dte selbst \u201everpflichtet\u201c, wie man das heute nennt, bis sp\u00e4testens 2040 \u201eklimaneutral\u201c zu werden. Grundlage sind der \u201eKlimaschutzaktionsplan\u201c und der \u201eLocal Green Deal\u201c, die in den letzten Jahren beschlossen wurden. Die Stadt ist zudem Mitglied im EU-Netzwerk \u201e100 Climate-Neutral Cities\u201c, das weitere teure Vorgaben und kostenintensive Berichtspflichten mit sich bringt.<br \/>\n&#8230;<br \/>\nDie einstige Industriestadt hat \u00fcberhaupt kein Geld mehr und geh\u00f6rt zu den am h\u00f6chsten verschuldeten St\u00e4dten in Baden-W\u00fcrttemberg. Daf\u00fcr leistet sie sich einen Hitzeschutz-Sachbearbeiter.<br \/>\n&#8230; Alles vom 26.8.2025 bitte lesen auf<br \/>\n<a href=\"https:\/\/www.tichyseinblick.de\/meinungen\/mannheim-im-wuergegriff-migration-klima-luxusprojekte-ruinieren-die-stadt\/\">https:\/\/www.tichyseinblick.de\/meinungen\/mannheim-im-wuergegriff-migration-klima-luxusprojekte-ruinieren-die-stadt\/<\/a><\/p>\n<p>&nbsp;<\/p>\n<p><strong>Kommunen mit Rekorddefizit \u2013 und quasi machtlos dagegen<\/strong><br \/>\nDie immer weiter steigenden Sozialausgaben und Personalkosten haben bei den Kommunen in Deutschland im vergangenen Jahr f\u00fcr ein Rekordminus gesorgt. Dem jetzt ver\u00f6ffentlichten Kommunalen Finanzreport 2025 der Bertelsmann Stiftung zufolge verbuchten alle St\u00e4dte und Gemeinden zusammen ein Minus von 24,8 Milliarden Euro.<br \/>\nNach \u00fcber zehn Jahren mit \u00dcbersch\u00fcssen gab es bereits 2023 eine Trendwende. Dabei sind den Studienautoren zufolge nicht die Einnahmen das Problem der K\u00e4mmerer. Die sind in allen L\u00e4ndern und bundesweit im vergangenen Jahr laut Finanzreport um f\u00fcnf Prozent gestiegen. Es sind die um zehn Prozent angewachsenen Ausgaben, die den Kommunen die Handlungsm\u00f6glichkeiten nehmen.<br \/>\nAls Gr\u00fcnde geben die Autoren die Inflation, steigende Sozialausgaben, Tariferh\u00f6hungen und damit die Personalkosten sowie h\u00f6here Energiepreise an. So haben sich die Personalkosten innerhalb von zehn Jahren verdoppelt. Gr\u00fcnde sind Stellenaufbau und hohe Tarifabschl\u00fcsse.<br \/>\nDie Sozialausgaben wiederum machten in den vergangenen zwei Jahren einen Sprung um ein Viertel auf 85 Milliarden Euro. \u201cDie Kommunen tragen ein gro\u00dfes Spektrum sozialer Aufgaben, die \u00fcberwiegend bundesgesetzlich geregelt, aber oft nicht ausreichend vom Bund gegenfinanziert sind\u201d, teilt die Stiftung mit.<br \/>\n&#8230; Alles vom 31.7.225 bitte lesen auf <a href=\"https:\/\/www.achgut.de\">https:\/\/www.achgut.de<\/a><\/p>\n<p>&nbsp;<\/p>\n<p><strong>Nordhausen: Wahlbetrug bei der Wahl des Oberb\u00fcrgermeisters?<\/strong><br \/>\nDas Rennen ist beendet. Kai Buchmann (parteilos) hat sich gegen J\u00f6rg Prophet (AfD) im zweiten Wahlgang um das Amt des Oberb\u00fcrgermeisters von Nordhausen durchsetzen k\u00f6nnen.<br \/>\nDas Ergebnis ist f\u00fcr die einen der Anlass, die Grenzen der AfD zu beschw\u00f6ren und das Ergebnis darauf zur\u00fcckzuf\u00fchren, dass Prophet keinen cordon sanitaire zu denen unterhalten habe, die in Systempressekreisen als rechtsextrem gelten. Die Wahl sei somit ein Ergebnis, das die Grenze der \u201cNormalisierung der AfD\u201d abstecke. Mit anderen Worten, h\u00e4tte Prophet keine Wahlkampfveranstaltung mit Maximilian Krah abgehalten und keine Veranstaltung des \u201cCompact-Magazins\u201d besucht, er h\u00e4tte wohl gewonnen. So steht es in der ARD-Tagesschau. <a href=\"https:\/\/www.tagesschau.de\/inland\/innenpolitik\/afd-nordhausen-100.html\">https:\/\/www.tagesschau.de\/inland\/innenpolitik\/afd-nordhausen-100.html<\/a><br \/>\nF\u00fcr die anderen ist das Ergebnis Anlass dazu, \u00fcber Wahlbetrug nachzudenken bzw. Wahlbetrug als M\u00f6glichkeit in den Raum zu stellen. Diejenigen, die das tun, sind vor allem durch das schlechte Abschneiden von J\u00f6rg Prophet unter Briefw\u00e4hlern motiviert.<br \/>\nHaben sie recht? Rollen wir das Feld von hinten auf. Wir haben uns die Daten aus Nordhausen f\u00fcr beide Wahlg\u00e4nge besorgt. Sie werden als nicht bearbeitbarer PDF-File (Zweiter Wahlgang) und als Bild-Datei (Erster Wahlgang) von der Stadt Nordhausen zur Verf\u00fcgung gestellt. Eher ein seltsames Verhalten.<br \/>\n&#8230;.<br \/>\nDas f\u00fchrt zur\u00fcck zur Frage: Wahlbetrug oder nicht. Letztlich m\u00fcsste ein Wahlbetrug in der Gr\u00f6\u00dfenordnung von rund 2.000 Briefwahl-Stimmen erfolgt sein, der prinzipiell m\u00f6glich w\u00e4re, aber ohne feste Strukturen und ein organisiertes Vorgehen, &#8230;<br \/>\n&#8230; Alles vom 26.9.2023 bitte lesen auf<br \/>\n<a href=\"https:\/\/sciencefiles.org\/2023\/09\/26\/nordhausen-wahlbetrug-bei-der-wahl-des-oberbuergermeisters\/\">https:\/\/sciencefiles.org\/2023\/09\/26\/nordhausen-wahlbetrug-bei-der-wahl-des-oberbuergermeisters\/<\/a><br \/>\n.<br \/>\n<em>Oberb\u00fcrgermeisterwahl am Sonntag 24.9.2023 in Nordhausen<\/em><br \/>\n<em>&#8222;Fr\u00fcher stand hier ein KZ &#8211; nun will die AfD das Rathaus erobern&#8220;<\/em><br \/>\n<em>SPD-Pressestelle Redaktionswerk Deutschland vom 20.9.2023<\/em><\/p>\n","protected":false},"excerpt":{"rendered":"<p>Home\u00a0&gt;Engagement\u00a0&gt;Zukunft\u00a0&gt;Demokratie &gt;Kommunalwahl &gt;kommunal Listenauswahl eines Beitrags (Artikel\/Datum, Seite\/Inhalt):\u00a0Klicken\u00a0oder scrollen Trotz Abwahl: Ex-B\u00fcrgermeister bekommt in den n\u00e4chsten Jahren 370.000 Euro Sold (31.1.2026) Migration: \u201eIrgendwann bricht das System. Genau an diesem Punkt sind wir jetzt\u201c (18.1.2026) So viel verdienen die Chefs der &hellip; <a href=\"https:\/\/www.freiburg-schwarzwald.de\/blog\/engagement\/zukunft\/demokratie\/kommunalwahl\/kommunal\/\">Weiterlesen <span class=\"meta-nav\">&rarr;<\/span><\/a><\/p>\n","protected":false},"author":2,"featured_media":0,"parent":46385,"menu_order":0,"comment_status":"closed","ping_status":"closed","template":"","meta":{"footnotes":""},"class_list":["post-115676","page","type-page","status-publish","hentry"],"_links":{"self":[{"href":"https:\/\/www.freiburg-schwarzwald.de\/blog\/wp-json\/wp\/v2\/pages\/115676","targetHints":{"allow":["GET"]}}],"collection":[{"href":"https:\/\/www.freiburg-schwarzwald.de\/blog\/wp-json\/wp\/v2\/pages"}],"about":[{"href":"https:\/\/www.freiburg-schwarzwald.de\/blog\/wp-json\/wp\/v2\/types\/page"}],"author":[{"embeddable":true,"href":"https:\/\/www.freiburg-schwarzwald.de\/blog\/wp-json\/wp\/v2\/users\/2"}],"replies":[{"embeddable":true,"href":"https:\/\/www.freiburg-schwarzwald.de\/blog\/wp-json\/wp\/v2\/comments?post=115676"}],"version-history":[{"count":6,"href":"https:\/\/www.freiburg-schwarzwald.de\/blog\/wp-json\/wp\/v2\/pages\/115676\/revisions"}],"predecessor-version":[{"id":145052,"href":"https:\/\/www.freiburg-schwarzwald.de\/blog\/wp-json\/wp\/v2\/pages\/115676\/revisions\/145052"}],"up":[{"embeddable":true,"href":"https:\/\/www.freiburg-schwarzwald.de\/blog\/wp-json\/wp\/v2\/pages\/46385"}],"wp:attachment":[{"href":"https:\/\/www.freiburg-schwarzwald.de\/blog\/wp-json\/wp\/v2\/media?parent=115676"}],"curies":[{"name":"wp","href":"https:\/\/api.w.org\/{rel}","templated":true}]}}