{"id":11493,"date":"2012-09-25T15:00:54","date_gmt":"2012-09-25T13:00:54","guid":{"rendered":"https:\/\/www.freiburg-schwarzwald.de\/blog\/?page_id=11493"},"modified":"2014-07-28T16:14:13","modified_gmt":"2014-07-28T14:14:13","slug":"krebskranke-kinder","status":"publish","type":"page","link":"https:\/\/www.freiburg-schwarzwald.de\/blog\/selbsthilfe\/krebs\/krebskranke-kinder\/","title":{"rendered":"Krebskranke-Kinder"},"content":{"rendered":"<p>Home &gt;<a title=\"Selbsthilfe\" href=\"https:\/\/www.freiburg-schwarzwald.de\/blog\/selbsthilfe\/\">Selbsthilfe<\/a> &gt;<a title=\"Krebs\" href=\"https:\/\/www.freiburg-schwarzwald.de\/blog\/selbsthilfe\/krebs\/\">Krebs<\/a> &gt;<a title=\"Kinder\" href=\"https:\/\/www.freiburg-schwarzwald.de\/blog\/selbsthilfe\/kinder\/\">Kinder<\/a> &gt;Krebskranke-Kinder<\/p>\n<div id=\"attachment_49521\" style=\"width: 649px\" class=\"wp-caption alignnone\"><a href=\"https:\/\/www.freiburg-schwarzwald.de\/blog\/selbsthilfe\/frauen\/amica\/frauenmantel-pan140722\/\" rel=\"attachment wp-att-49521\"><img loading=\"lazy\" decoding=\"async\" aria-describedby=\"caption-attachment-49521\" class=\"size-full wp-image-49521\" alt=\"Frauenmantel nach dem Regen am 22.7.2014\" src=\"https:\/\/www.freiburg-schwarzwald.de\/blog\/wp-content\/uploads\/2013\/03\/frauenmantel-pan140722.jpg\" width=\"639\" height=\"256\" srcset=\"https:\/\/www.freiburg-schwarzwald.de\/blog\/wp-content\/uploads\/2013\/03\/frauenmantel-pan140722.jpg 639w, https:\/\/www.freiburg-schwarzwald.de\/blog\/wp-content\/uploads\/2013\/03\/frauenmantel-pan140722-180x72.jpg 180w\" sizes=\"auto, (max-width: 639px) 100vw, 639px\" \/><\/a><p id=\"caption-attachment-49521\" class=\"wp-caption-text\">Frauenmantel nach dem Regen am 22.7.2014<\/p><\/div>\n<p>&nbsp;<\/p>\n<ul>\n<li><a href=\"https:\/\/www.freiburg-schwarzwald.de\/blog\/strandbad-tischtennis-krebs\/\">https:\/\/www.freiburg-schwarzwald.de\/blog\/strandbad-tischtennis-krebs\/<\/a>\u00a0(27.7.2014)<\/li>\n<li><a href=\"https:\/\/www.freiburg-schwarzwald.de\/blog\/muenstermarktfest-krebsspende\/\">https:\/\/www.freiburg-schwarzwald.de\/blog\/muenstermarktfest-krebsspende\/<\/a>\u00a0(7.11.2013)<\/li>\n<li><a href=\"https:\/\/www.freiburg-schwarzwald.de\/blog\/strandbad-tischtennisturnier-fuer-krebskranke-kinder\/\">https:\/\/www.freiburg-schwarzwald.de\/blog\/strandbad-tischtennisturnier-fuer-krebskranke-kinder\/<\/a>\u00a0(9\/2012)<\/li>\n<li><a href=\"https:\/\/www.freiburg-schwarzwald.de\/kinder1.htm#Siko aus Buchenbach hilft krebskranken Kindern\">Siko aus Buchenbach hilft krebskranken Kindern<\/a> (23.10.)<\/li>\n<li><a href=\"https:\/\/www.freiburg-schwarzwald.de\/eltern-helfen-eltern.htm\">Eltern helfen Eltern &#8211; Selbsthilfegruppen an der Uniklinik Freiburg<\/a> &gt;Eltern-helfenEltern<\/li>\n<li><a href=\"https:\/\/www.freiburg-schwarzwald.de\/littenweiler\/strandbad.htm#Strandbad-Tischtennisturnier am 10.9. mit Adolf Seger f\u00fcr guten Zweck\">Strandbad-Tischtennisturnier am 10.9. mit Adolf Seger f\u00fcr guten Zweck<\/a> &gt;Strandbad (10.9.2011)<\/li>\n<li><a href=\"https:\/\/www.freiburg-schwarzwald.de\/essenundtrinken.htm#Das Kochbuch, das hilft: Spendenprojekt zugunsten Kinderkrebs\">Das Kochbuch, das hilft: Spendenprojekt zugunsten Kinderkrebs<\/a> &gt;EssenundTrinken (22.11.2010)<\/li>\n<li><a href=\"https:\/\/www.freiburg-schwarzwald.de\/freiburg-persoenlich.htm#Adolf Seger: Das Umfeld stimmt hier einfach\">Adolf Seger: Das Umfeld stimmt hier einfach<\/a> &gt;Freiburg-Persoenlich (26.11.2009)<\/li>\n<li><a href=\"https:\/\/www.freiburg-schwarzwald.de\/gundelfingen1.htm#KUV spendet 6500 Euro an Kinderkrebsklinik und Essenstreff\">KUV spendet 6500 Euro an Kinderkrebsklinik und Essenstreff<\/a> &gt;Gundelfingen1 (3.2.2009)<\/li>\n<li><a href=\"https:\/\/www.freiburg-schwarzwald.de\/krebs2.htm#Bundesverdienstkreuz f\u00fcr Ehepaar Rendler\">Bundesverdienstkreuz f\u00fcr Ehepaar Rendler<\/a> &gt;Krebs2 (28.4.2008)<\/li>\n<li><a href=\"https:\/\/www.freiburg-schwarzwald.de\/krebs2.htm#F\u00f6rderverein stiftet eine Professur\u00a0an Uni-Kinderklinik\">F\u00f6rderverein stiftet eine Professur\u00a0an Uni-Kinderklinik<\/a> &gt;Krebs2 (26.1.2008)<\/li>\n<li><a href=\"https:\/\/www.freiburg-schwarzwald.de\/spende2.htm#100000 Euro von Aenne Burda Charity an Krebshilfe\">100000 Euro von Aenne Burda Charity an Krebshilfe<\/a> &gt;Spende2 (18.12.2007)<\/li>\n<li><a href=\"https:\/\/www.freiburg-schwarzwald.de\/muellheim1.htm#Kochbuch von 1890 zugunsten Kinderkrebshilfe - Kaufgebot erbeten\">Kochbuch von 1890 zugunsten Kinderkrebshilfe &#8211; Kaufgebot erbeten<\/a> &gt;Muellheim1 (27.11.2007)<\/li>\n<li><a href=\"https:\/\/www.freiburg-schwarzwald.de\/spende2.htm#Freiburger Dosenk\u00fcnstler Heinz Soucek - Ideen sprudeln ohne Unterla\u00df\">Freiburger Dosenk\u00fcnstler Heinz Soucek &#8211; Ideen sprudeln ohne Unterla\u00df<\/a> &gt;Spende2 (17.8.2007)<\/li>\n<li><a href=\"https:\/\/www.freiburg-schwarzwald.de\/laufen1.htm#Ultra-Lauf \u00fcber drei der h\u00f6chsten Schwarzwaldgipfel\">Ultra-Lauf \u00fcber drei der h\u00f6chsten Schwarzwaldgipfel<\/a> &gt;Laufen1 (10.11.2006)<\/li>\n<li><a href=\"https:\/\/www.freiburg-schwarzwald.de\/littenweiler\/narren1.htm#Dupfmuser Pfuser spenden an F\u00f6rderverein krebskranke Kinder Freiburg\">Dupfmuser Pfuser spenden an F\u00f6rderverein krebskranke Kinder Freiburg<\/a> &gt;Narren1 (16.2.2004)<\/li>\n<li><a href=\"https:\/\/www.freiburg-schwarzwald.de\/kinder1.htm#Sabrina aus Buggingen - Danke f\u00fcr Arbeit der Kinderkrebshilfe\u00a0Freiburg\">Sabrina aus Buggingen &#8211; Danke f\u00fcr Arbeit der Kinderkrebshilfe\u00a0Freiburg<\/a> &gt;Kinder1 (19.10.2004)<\/li>\n<li>F\u00f6rderverein f\u00fcr krebskranke Kinder e.V. in Freiburg seit 4.7.1980<\/li>\n<li>F\u00f6rderverein f\u00fcr krebskranke Kinder &#8211; Helfen hilft &#8211; Elternhaus: Ein Gef\u00fchl von Zuhause<\/li>\n<\/ul>\n<p><a href=\"https:\/\/www.freiburg-schwarzwald.de\/blog\/selbsthilfe\/krebs\/krebskranke-kinder\/kinderkrebs110326\/\" rel=\"attachment wp-att-11496\"><img loading=\"lazy\" decoding=\"async\" title=\"kinderkrebs110326\" alt=\"\" src=\"https:\/\/www.freiburg-schwarzwald.de\/blog\/wp-content\/uploads\/2012\/09\/kinderkrebs110326-135x180.jpg\" width=\"135\" height=\"180\" \/><\/a><\/p>\n<p><strong>F\u00f6rderverein f\u00fcr krebskranke Kinder e.V. in Freiburg seit 4.7.1980 <\/strong><\/p>\n<ul>\n<li>380000 Euro wurden 2004 der Uni-Kinderklinik gestiftet<\/li>\n<li>1893 Kinder und Jugendliche wurden krebskrank an der Uni-Klinik station\u00e4r behandelt<\/li>\n<li>78000 Euro\u00a0 betr\u00e4gt die Summe des Sozialfonds zur Unterst\u00fctzung von Familien<\/li>\n<li>941 Mitglieder hat der F\u00f6rderverein<\/li>\n<li>736 Gespr\u00e4che f\u00fchrte die Sozialarbeiterin des F\u00f6rdervereins<\/li>\n<\/ul>\n<p>F\u00f6rderverein f\u00fcr krebskranke Kinder- Helfen hilft &#8211; Elternhaus<br \/>\nClaus Geppert, Mathildenstr. 3, 79106 Freiburg, Tel 0761\/275242<br \/>\nElternhaus 1995 gebaut: 22 Zimmer mit 45 Betten, Geschwisterkindergarten.<br \/>\n<a href=\"https:\/\/www.ghelfen-hilft.de\/\">www.helfen-hilft.de<\/a> , <a href=\"mailto:info@helfen-hilft.de\">info@helfen-hilft.de<\/a> , <a href=\"mailto:geppert@helfen-hilft.de\">geppert@helfen-hilft.de<\/a><br \/>\n<strong>Konto 230 045 4 bei der Sparkasse Freiburg, BLZ 68050101<\/strong><\/p>\n<p>&nbsp;<\/p>\n<p><strong>F\u00f6rderverein f\u00fcr krebskranke Kinder &#8211; Helfen hilft &#8211; Elternhaus: Ein Gef\u00fchl von Zuhause<br \/>\n<\/strong><br \/>\nDiagnose <a title=\"Krebs\" href=\"https:\/\/www.freiburg-schwarzwald.de\/blog\/selbsthilfe\/krebs\/\">Krebs<\/a>: 2100 Kinder bekommen sie pro Jahr gestellt. W\u00e4hrend die Jungen und M\u00e4dchen meist sofort verstehen, was mit ihnen passiert, verlieren viele Eltern den Halt. Damit sie und die Geschwister nah beim kranken Kind sein k\u00f6nnen, gibt es in Freiburg ein Elternhaus.<\/p>\n<p>Das Kind hat Krebs. An dem Tag, als sie erfuhr, was mit Daniel los ist, hat sich Helga Herbergers Leben schlagartig ver\u00e4ndert. Vieles war pl\u00f6tzlich so unwichtig: die eigene Gesundheit, das Haus, das Geld. Nur keine Sekunde verpassen, hie\u00df die fortan die Devise. Auf jeden Fall bei ihm bleiben.<br \/>\nIn Heidelberg, wo sie herkommen, war alles noch einfach. Oma, Opa und eine Tante halfen mit bei der Rund-um-die Uhr-Betreuung am Klinikbett, Freunde und Nachbarn \u00fcbernahmen Arbeiten, die zu Hause liegen blieben. Doch als sich die neuen Abl\u00e4ufe gerade eingespielt hatten, kam schon wieder eine Ver\u00e4nderung: Daniel musste zur Knochenmarktransplantation nach Freiburg. Wieder alles umorgeln. Wie sollten sie sonst alles managen? T\u00e4glich hin- und herfahren? In ein Hotel ziehen? Und wohin mit Florian, dem zweiten Kind?<\/p>\n<p>Beim\u00a0<a href=\"https:\/\/www.freiburg-schwarzwald.de\/kinder.htm#Freiburg\">Freiburger F\u00f6rderverein f\u00fcr krebskranke Kinder<\/a>\u00a0kennt man die Probleme. Viele Vereinsmitglieder haben selbst ein krebskrankes Kind begleitet. &#8222;Die Diagnose zu verkraften, ist keine leichte Sache&#8220;, sagt Inge Rendler, stellvertretende Vorsitzende des Vereins. &#8222;Aber sich in einem v\u00f6llig ver\u00e4nderten Alltag zurecht zu finden, ist genauso schwer&#8220;. Viele Eltern schaffen es kaum, sind schnell \u00fcberfordert, wenn das Familienleben nur noch von der Krebstherapie diktiert wird. Oft m\u00fcssen sie wochenlange Trennungen hinnehmen. Und st\u00e4ndig wandeln sie auf dem schmalen Grat zwischen Angst und Bangen. Ein Dilemma der Eltern ist, dass sie ihre Sorgen mit niemandem teilen k\u00f6nnen. Gerade bei Alleinerziehenden stellen sich zudem h\u00e4ufig Geldn\u00f6te ein, weil sie nicht mehr voll arbeiten k\u00f6nnen. Nach 13-j\u00e4hriger Spendenakquise hat der Freiburger F\u00f6rderverein f\u00fcr krebskranke Kinder darum 1995 ein Elternhaus in der N\u00e4he zur Uni-Kinderklinik gebaut. Wenn Eltern mit ihren Kindern hierher kommen, sollen sie den R\u00fccken frei haben. Sie sollen einen Ort vorfinden, an dem sie sich geborgen f\u00fchlen und an dem man sich um sie k\u00fcmmert.<br \/>\nIn Deutschland ist das ziemlich einmalig. Zwar bieten andere Kliniken inzwischen auch schon Zimmer an &#8211; doch mehr meistens nicht. In Freiburg sind es von den Stationen nur wenige Schritte in das lichtdurchflutete Haus. Dort finden in nunmehr 37 Zimmern bis zu 73 Angeh\u00f6rige Unterkunft. Es gibt direkte Telefonleitungen an die Krankenbetten, komplett eingerichtete K\u00fcchen und Wohnzimmer, eine Waschk\u00fcche, eine Bibliothek, sowie ein Internet-Cafe mit drei leistungsf\u00e4higen Rechnern.<br \/>\nIn das ganzheitliche Konzept des Hauses passt, dass den Eltern zudem ein Team aus Sozialp\u00e4dagogen und Sozialarbeitern zur Verf\u00fcgung steht. Sie bieten Gespr\u00e4che an, helfen bei der Eingew\u00f6hnung wie bei psychischen Problemen und informieren \u00fcber Zusch\u00fcsse und Abrechnungen. Regelm\u00e4\u00dfige Veranstaltungen dienen der Kontaktaufnahme wie der Zerstreuung. Schlie\u00dflich finden im Elternhaus auch verwaiste Eltern R\u00fcckhalt. &#8222;Bei alledem wollen wir aber niemanden g\u00e4ngeln&#8220;, stellt die stellvertretende Sozialdienstmitarbeiterin Annette Hoeger fest. &#8222;Unser Ziel ist es, die Eltern zu unterst\u00fctzen, damit sie sich danach gegenseitig st\u00fctzen k\u00f6nnen&#8220;.<\/p>\n<p>Das Angebot wird dankbar angenommen. Z\u00e4hlte das Elternhaus anfangs rund 400 \u00dcbernachtungen pro Monat, sind es heute zwischen 1500 und 1800. Dies Alles wurde jedoch erst nach einem Erweiterungsbau im Jahre 2004 m\u00f6glich, den der Verein und seine Spender f\u00fcr 2 Mio \u20ac gebaut hat.<\/p>\n<p>Doch zum Gl\u00fcck bedeutet die hohe Nachfrage im Elternhaus nicht, dass immer mehr Kinder an Krebs erkranken. Die Freiburger Kinderklinik gilt vielmehr als Schwerpunktklinik f\u00fcr die Leuk\u00e4miebehandlung. Aus dem ganzen Land kommen krebskranke Kinder zu Frau Prof.Dr.Charlotte Niemeyer, denn sie gilt als Kapazit\u00e4t. Dabei l\u00e4sst die Erfolgsquote jeden noch so langen Anfahrtsweg kurz erscheinen: 75 Prozent aller Kinder mit akuter myeloischer Leuk\u00e4mie k\u00f6nnen heute als geheilt entlassen werden.<\/p>\n<p>Bis zum Ziel ist es tats\u00e4chlich viel weiter. Wenigstens acht Monate dauert die Chemotherapie. Wird eine Knochenmarktransplantation notwendig, kann sich der Aufenthalt schnell verl\u00e4ngern. Auch unter Medizinern ist heute unumstritten, dass die Betreuung der Kinder durch ihre Eltern von therapeutischem Nutzen sein kann. Folglich sieht man in der Kinderklinik das Engagement im Elternhaus auch positiv. Ziel einer Krebsbehandlung, sagt Charlotte Niemeyer, sei nicht nur die k\u00f6rperliche Heilung, sondern auch die seelische Gesundheit des Patienten, seiner Geschwister und der Eltern.<br \/>\nFr\u00fcher standen die Dinge anders. Eltern auf den Stationen st\u00f6rten. Wenn man sie an die Krankenbetten lie\u00df, dann, um ihre Kinder beim Sterben zu begleiten. Auch Inge Rendler kann sich noch erinnern. Als sie vor 18 Jahren mit ihrer Tochter nach Freiburg kam, gab es f\u00fcr Eltern weder Bett, noch Toilette, noch zu essen: &#8222;Wir haben alles mitgebracht. Sogar eine Campingliege zum Schlafen&#8220;.<\/p>\n<p>Frau Angelika Schaacke aus Bremen w\u00e4re damit nicht gedient gewesen. In den Jahren 2002-2004 war die Bremerin ganze neun Woche zu Hause. Ihr zweij\u00e4hriger Sohn Florian hatte den Krebs schon fast besiegt, als ein R\u00fcckfall die R\u00fcckkehr nach Freiburg erforderte. Wieder war die Mutter f\u00fcr Wochen von daheim wegbleiben &#8211; die anderen drei Kinder begannen zu rebellieren. Seit Januar 2004 lebten dann auch sie im Elternhaus, besuchten hiesige Schulen und die Geschwisterspielstube im Erdgeschoss. &#8222;Es ist f\u00fcr alle Beteiligten das Beste, wenn die Familie zusammen bleiben kann&#8220;, sagt deren Leiterin Sabine Bei\u00dfwenger. Zwischen sieben und acht Kinder sind dort st\u00e4ndig zu Gast. F\u00fcr jedes Alter wird gesorgt. Dabei erlebt Sabine Bei\u00dfwenger oft genug, dass Geschwisterkinder ins Hintertreffen geraten, weil sich Vater und Mutter nur noch um das kranke Kind k\u00fcmmern. Die Gesunden werden vergessen, sie stehen im Schatten der Krankheit.<br \/>\nDer Duft von frisch gebackenem Kuchen zieht durch das lichtdurchflutete Foyer des Elternhauses. Zum Freitagskaffee str\u00f6men sie in Scharen herbei: Junge, Alte, Gro\u00dfe, Kleine. Es ist wieder ein Anlass, auf andere Gedanken zu kommen. Nat\u00fcrlich kennt man sich. Kommt schnell ins Gespr\u00e4ch. &#8222;Das hier gibt einem ein Gef\u00fchl von zu Hause&#8220;, sagt Helga Herberger. &#8222;Dort w\u00fcrden wir jetzt auch viel zusammen sitzen&#8220;.<br \/>\nDoch die st\u00e4ndige N\u00e4he zu den anderen kann auch belasten. Angelika Schaacke f\u00fcrchtete besonders die Tage, an denen ein Kind gestorben ist. Dann sieht man die Eltern mit leeren Kindersitzen abreisen, und so sehr man mitf\u00fchlt, so wenig m\u00f6chte man sich damit auch noch belasten: &#8222;Wir hoffen doch alle, dass es uns nicht trifft und dass wir dem Haus einmal gl\u00fccklich den R\u00fccken kehren d\u00fcrfen&#8220;. So wie Britta Behling. Viele Wochen war die Rheinl\u00e4nderin hier gewesen an der Seite ihrer Tochter. Heute wird Julia entlassen &#8211; Abschied vom Elternhaus und den Bewohnern. &#8222;Das Haus und die Leute haben mir viel gegeben in einer schweren Zeit&#8220;, sagt Britta Behling. &#8222;Ich h\u00e4tte nicht gewusst, wie alles schaffen sollte&#8220;. Nun muss es morgen wieder ohne gehen. Britta Behling l\u00e4chelt: &#8222;Ich denke, das ist die leichtere \u00dcbung.&#8220;<\/p>\n","protected":false},"excerpt":{"rendered":"<p>Home &gt;Selbsthilfe &gt;Krebs &gt;Kinder &gt;Krebskranke-Kinder &nbsp; https:\/\/www.freiburg-schwarzwald.de\/blog\/strandbad-tischtennis-krebs\/\u00a0(27.7.2014) https:\/\/www.freiburg-schwarzwald.de\/blog\/muenstermarktfest-krebsspende\/\u00a0(7.11.2013) https:\/\/www.freiburg-schwarzwald.de\/blog\/strandbad-tischtennisturnier-fuer-krebskranke-kinder\/\u00a0(9\/2012) Siko aus Buchenbach hilft krebskranken Kindern (23.10.) Eltern helfen Eltern &#8211; Selbsthilfegruppen an der Uniklinik Freiburg &gt;Eltern-helfenEltern Strandbad-Tischtennisturnier am 10.9. mit Adolf Seger f\u00fcr guten Zweck &gt;Strandbad (10.9.2011) Das Kochbuch, das &hellip; <a href=\"https:\/\/www.freiburg-schwarzwald.de\/blog\/selbsthilfe\/krebs\/krebskranke-kinder\/\">Weiterlesen <span class=\"meta-nav\">&rarr;<\/span><\/a><\/p>\n","protected":false},"author":4,"featured_media":0,"parent":1132,"menu_order":0,"comment_status":"open","ping_status":"closed","template":"","meta":{"footnotes":""},"class_list":["post-11493","page","type-page","status-publish","hentry"],"_links":{"self":[{"href":"https:\/\/www.freiburg-schwarzwald.de\/blog\/wp-json\/wp\/v2\/pages\/11493","targetHints":{"allow":["GET"]}}],"collection":[{"href":"https:\/\/www.freiburg-schwarzwald.de\/blog\/wp-json\/wp\/v2\/pages"}],"about":[{"href":"https:\/\/www.freiburg-schwarzwald.de\/blog\/wp-json\/wp\/v2\/types\/page"}],"author":[{"embeddable":true,"href":"https:\/\/www.freiburg-schwarzwald.de\/blog\/wp-json\/wp\/v2\/users\/4"}],"replies":[{"embeddable":true,"href":"https:\/\/www.freiburg-schwarzwald.de\/blog\/wp-json\/wp\/v2\/comments?post=11493"}],"version-history":[{"count":0,"href":"https:\/\/www.freiburg-schwarzwald.de\/blog\/wp-json\/wp\/v2\/pages\/11493\/revisions"}],"up":[{"embeddable":true,"href":"https:\/\/www.freiburg-schwarzwald.de\/blog\/wp-json\/wp\/v2\/pages\/1132"}],"wp:attachment":[{"href":"https:\/\/www.freiburg-schwarzwald.de\/blog\/wp-json\/wp\/v2\/media?parent=11493"}],"curies":[{"name":"wp","href":"https:\/\/api.w.org\/{rel}","templated":true}]}}