{"id":114060,"date":"2023-07-28T13:50:04","date_gmt":"2023-07-28T11:50:04","guid":{"rendered":"https:\/\/www.freiburg-schwarzwald.de\/blog\/?page_id=114060"},"modified":"2024-09-08T17:11:14","modified_gmt":"2024-09-08T15:11:14","slug":"corona-kirchen","status":"publish","type":"page","link":"https:\/\/www.freiburg-schwarzwald.de\/blog\/business\/gesund\/corona-virus\/corona-kirchen\/","title":{"rendered":"Corona-Kirchen"},"content":{"rendered":"<p><a href=\"https:\/\/www.freiburg-schwarzwald.de\/blog\">Home<\/a>\u00a0&gt;<a title=\"Gesund\" href=\"https:\/\/www.freiburg-schwarzwald.de\/blog\/business\/gesund\/\">Gesund<\/a> &gt;<a title=\"Corona-Virus\" href=\"https:\/\/www.freiburg-schwarzwald.de\/blog\/business\/gesund\/corona-virus\/\">Corona-Virus<\/a>\u00a0&gt;<a href=\"https:\/\/www.freiburg-schwarzwald.de\/blog\/business\/gesund\/corona-virus\/corona-rechenschaft\/\">Corona-Rechenschaft<\/a> &gt;<a href=\"https:\/\/www.freiburg-schwarzwald.de\/blog\/business\/gesund\/corona-virus\/corona-aufarbeitung\/\">Corona-Aufarbeitung<\/a> &gt;Corona-Kirchen<\/p>\n<div id=\"attachment_111292\" style=\"width: 649px\" class=\"wp-caption alignnone\"><a href=\"https:\/\/www.freiburg-schwarzwald.de\/blog\/wp-content\/uploads\/2023\/03\/Freiburg-muenster-april-pan2304-2.jpg\"><img loading=\"lazy\" decoding=\"async\" aria-describedby=\"caption-attachment-111292\" class=\"size-full wp-image-111292\" src=\"https:\/\/www.freiburg-schwarzwald.de\/blog\/wp-content\/uploads\/2023\/03\/Freiburg-muenster-april-pan2304-2.jpg\" alt=\"\" width=\"639\" height=\"343\" srcset=\"https:\/\/www.freiburg-schwarzwald.de\/blog\/wp-content\/uploads\/2023\/03\/Freiburg-muenster-april-pan2304-2.jpg 639w, https:\/\/www.freiburg-schwarzwald.de\/blog\/wp-content\/uploads\/2023\/03\/Freiburg-muenster-april-pan2304-2-180x97.jpg 180w\" sizes=\"auto, (max-width: 639px) 100vw, 639px\" \/><\/a><p id=\"caption-attachment-111292\" class=\"wp-caption-text\">Freiburger M\u00fcnster Anfang April 2023 &#8211; Abendsonne<\/p><\/div>\n<ul>\n<li><a href=\"https:\/\/www.freiburg-schwarzwald.de\/blog\/religion\/katholisch\/katholizismus\/\">Kirche in Corona-Zeiten: Wie Flasche leer und Hosen voll<\/a>\u00a0(8.9.2024)<\/li>\n<li>Philine Conrad: &#8222;Kirche und Kultur nach Corona&#8220; &#8211; Er\u00f6ffnungspl\u00e4doyer (18.7.2023)<\/li>\n<\/ul>\n<p>&nbsp;<\/p>\n<p><strong>Philine Conrad: &#8222;Kirche und Kultur nach Corona&#8220; &#8211; Er\u00f6ffnungspl\u00e4doyer<\/strong><br \/>\nAm 18. Juli 2023 fand im Festsaal des Erfurter Rathauses die Disputation &#8222;Kirche und Kultur nach Corona. Analyse, Debatte und Konsequenzen&#8220; statt. Eine R\u00fcckschau auf die Veranstaltung mit den Pressestimmen und der Videoaufzeichnung finden Sie hier:<br \/>\n<a href=\"https:\/\/us06web.zoom.us\/rec\/share\/579CDuYc_eaJkfIgJ94or7SbGYqZeVf-kz_04g7US8gIAoJ92s6ujhgIkz-TsMVP.IZ8rL6JL-Cdgj91c?startTime=1689699183000\">https:\/\/us06web.zoom.us\/rec\/share\/579CDuYc_eaJkfIgJ94or7SbGYqZeVf-kz_04g7US8gIAoJ92s6ujhgIkz-TsMVP.IZ8rL6JL-Cdgj91c?startTime=1689699183000<\/a> Kenncode: Nb394=al<\/p>\n<p>Er\u00f6ffnungspl\u00e4doyer von Philine Conrad:<br \/>\n<em>Podiumsdiskussion Internationale Martin-Luther-Stiftung, 18. Juli 2023, Erfurt<\/em><br \/>\n<em>Welche besondere Erfahrung, Einsicht, Begebenheit w\u00e4hrend der \u201eCorona-Jahre\u201c Anfang 2020 bis Anfang 2023 hat Sie mit gro\u00dfer Kraft und Intensit\u00e4t a) in pers\u00f6nlicher\/privater und b) in beruflicher\/ dienstlicher Hinsicht bewegt, besch\u00e4ftigt, beeinflusst?<\/em><br \/>\n<a href=\"https:\/\/youtu.be\/gaM09eRl_r0\">https:\/\/youtu.be\/gaM09eRl_r0<\/a><br \/>\noder <a href=\"https:\/\/youtu.be\/IaCyccPs0PQ\">https:\/\/youtu.be\/IaCyccPs0PQ<\/a><br \/>\nIch freue mich, dass ich zu dieser Gelegenheit eingeladen wurde und hier sprechen darf.<br \/>\nVielen Dank! Mein Thema ist die Kunst, die Kultur, das verbindende Element der Gesellschaft, das Tor zu Emotionen, Gef\u00fchlen, gesellschaftlicher und pers\u00f6nlicher<br \/>\nReflexion, Auseinandersetzung, Lebendigkeit, Mu\u00dfe und Hingabe &#8211; zusammengefasst: das<br \/>\nLeben. Ich m\u00f6chte mich einmal vorstellen: Ich bin ein \u201cBlinddarm\u201d. Ein \u201cLeugner\u201d. Ein \u201cNazi\u201d -\u201crechts\u201d, \u201cunsolidarisch\u201d und \u201cegoistisch\u201d. Ich bin \u201cdumm\u201d, ein \u201cAasgeier\u201d und \u201cVerweigerer\u201d. Und ich bitte um Verst\u00e4ndnis, ich unterscheide nicht mit Sternchen zwischen Aasgeiern und Aasgeierinnen. Das Geschlecht spielt in diesem Zusammenhang keine Rolle. Ich bin eine \u201cdumme Sau\u201d, \u201czu kennzeichnen\u201d und soll \u201cSticker tragen\u201d. Ich bin ein \u201cGef\u00e4hrder\u201d, ein \u201cM\u00f6rder\u201d und ein \u201cTodesengel\u201d. Ich bin ein \u201cGegner\u201d. Gegen was? Ich bin ein \u201cMuffel\u201d. Eine \u201cdunkle Gestalt\u201d. Und soll \u201cin einem Loch verschwinden, aus dem ich rausgekrochen bin\u201d. Ich bin ein \u201cSozialsch\u00e4dling\u201d. Und \u201cbekloppt\u201d. Sie kennen die Gr\u00fcnde f\u00fcr diese Bezeichnungen.<br \/>\nGuten Abend. Da bin ich. Und mit Ihnen zusammen in einem Raum. Das finde ich wunderbar. Denn das war lange Zeit nicht m\u00f6glich. Ich durfte nicht rein. Dabei spreche und diskutiere ich gerne und tausche mich mit Neugier mit anderen aus. Dass das nicht ging, war ern\u00fcchternd, isolierend und schade.<br \/>\nNein, ich denke nicht, dass wir uns zur\u00fcck in eine Freiheit geimpft haben (Jens). Im<br \/>\nGegenteil. Ich pers\u00f6nlich sp\u00fcre eine Enge, Scheren im Kopf, verschlossene Herzen und die<br \/>\nEigenerm\u00e4chtigung, auf der richtigen Seite zu stehen. Man hat uns getrennt. 60 Millionen<br \/>\ngegen 20 Millionen. \u00be gegen \u00bc. Und das geht \u00fcber das Thema Corona hinaus. Es ist ein<br \/>\nBrennglas der aktuellen Zeit. Die Themen tauschen sich aus. Doch ich m\u00f6chte Sie fragen:<br \/>\nHaben Sie nicht auch den Eindruck, irgendetwas stimmt nicht in unserem Land?<br \/>\nIrgendetwas l\u00e4uft gerade verdammt schief.<br \/>\nAber hier geht es nicht um mich. Hier geht es um die Gesellschaft. Das Miteinander. Und<br \/>\nwie wir miteinander umgehen. Vor allem aber geht es um die Kunst &#8211; als Spiegel der<br \/>\nGesellschaft. Sie sollte hinweisen und warnen, wenn sich eine Gemeinschaft voneinander<br \/>\nentfernt. Doch sie war still. Das Schweigen war lauter als die Schreie der geb\u00e4renden<br \/>\nFrauen unter FFP2-Masken. Das Schweigen war lauter, als die hungernden Menschen auf<br \/>\nden Stra\u00dfen, die vor verschlossenen Essensausgaben standen. Das Schweigen war lauter<br \/>\nals die Warteschlangen an kalten Regentagen vor den Krankenh\u00e4usern oder die<br \/>\nMenschen, die im Winter zu Gottesdiensten vor den Kirchen auf kalten Steinen knieten.<br \/>\nDas Schweigen war lauter, als die Unruhe der Kinder, die im K\u00f6lner Dom auf ihre Spritze<br \/>\nwarteten. Das Schweigen war lauter als die Rufe der Menschen, die alleine hinter Plexiglas<br \/>\nin ihren Betten starben.<br \/>\nM\u00f6glicherweise f\u00fchlen Sie bereits jetzt eine starke Ablehnung gegen\u00fcber meiner Worte.<br \/>\nDas ist in Ordnung. Ich bin nicht gekommen, um zu gefallen. Und auch nicht f\u00fcr Applaus.<br \/>\nIch bin gekommen, weil mir unsere Gesellschaft seit 3 Jahren verdammt wichtig geworden<br \/>\nist. Vor allem, wenn uns Unmenschlichkeit als \u201cneue Normalit\u00e4t\u201d proklamiert wird.<br \/>\nIch empfinde Traurigkeit und Mitgef\u00fchl. F\u00fcr unser gesamtes Land. F\u00fcr beide L\u00e4nder, die wir einmal waren. Es zeigen sich Unterschiede. Der politische Geist ist aktiv. In einigen Teilen mehr als in anderen. Ich habe Mitgef\u00fchl, denn wir sind ein traumatisiertes Volk. Eine traumatisierte Gesellschaft. Und das haben die letzten Jahre, Monate und Wochen gezeigt.<br \/>\nWir tragen Hass, Abwertung und Arroganz in uns. Das ist schmerzhaft zu beobachten.<br \/>\nSie bemerken, mein Text ist aufgeladen. Ich m\u00f6chte nicht polarisieren. Es geschieht von<br \/>\nganz allein, indem ich benenne, dass etwas falsch l\u00e4uft in unserem Land. Nat\u00fcrlich ist das<br \/>\nmeine Ansicht. Sie d\u00fcrfen gerne eine andere haben. Doch meine bekommen Sie nicht. Und<br \/>\nich werde Sie auch nicht \u00e4ndern, wenn sie Ihnen missf\u00e4llt. Ich bin verwundert und irritiert \u00fcber unsere Gesellschaft und was sie gezeigt hat die letzten 3 Jahre. Nicht, DASS diese Dinge geschehen sind. Sondern dass dazu geschwiegen, und gegen andere Auffassungen gehetzt, verleumdet und verachtet wurde. Dass Grundwerte und \u00dcberzeugungen verletzt werden. Dass Worte und Taten nicht zusammenpassen.<br \/>\nWas aber hilft uns, wieder Unterhaltungen zu f\u00fchren &#8211; Sie wissen schon. Zwei Menschen<br \/>\ntauschen sich aus, jeder mit einer eigenen Haltung. Eine Unter &#8211; Haltung.<\/p>\n<p>Wie finden wir wieder zueinander?<br \/>\nIch denke: Musik, Konzerte, Theater, Filme, Tanz &#8211; das, was \u00fcber ein Jahr verboten war, bis heute eingeschr\u00e4nkt ist und wir unseren Beruf nicht mehr aus\u00fcben konnten, teilweise bis heute nicht k\u00f6nnen: Gemeinsames Erleben mit unbekannten Menschen in einem Raum. Kurzum: N\u00e4he. Das Eintauchen in tiefere Sph\u00e4ren des Bewusstseins. Begreifen, dass man ohne einander nicht kann, und es ein \u201cohneeinander\u201d nicht geben wird.<br \/>\nUnd das geht nicht per Video-Stream.<br \/>\nIch freue mich jedenfalls, jeden Einzelnen von Ihnen hier zu sehen. Jedes einzelne, offene, neugierige und wissbegierige Gesicht. Das ist Sch\u00f6nheit. Das ist Leben. Und vielleicht gibt es ja den einen oder anderen hier, der sich von meinen Worten sogar angesprochen f\u00fchlt. Ich freue mich auf das Gespr\u00e4ch.<br \/>\nErfurt, 18.7.2023, &#8211; <a href=\"https:\/\/www.philineconrad.com\">https:\/\/www.philineconrad.com<\/a><br \/>\n<a href=\"https:\/\/youtu.be\/gaM09eRl_r0\">https:\/\/youtu.be\/gaM09eRl_r0<\/a><br \/>\n.<br \/>\nAnmerkung zur o.a. Rede:<br \/>\nDie aufgez\u00e4hlten Begriffe im 2. Absatz des Textes sind Zitate aus g\u00e4ngigen, gro\u00dfen deutschen Medien \/ Zeitungen und Aussagen von Politikern. Alle Bezeichnungen wurden \u00f6ffentlich so genannt, verlesen oder niedergeschrieben.<br \/>\nDie \u2018Unvern\u00fcnftigen und Uneinsichtigen\u2019 rauben den Kindern eine unbeschwerte Kindheit und sie nehmen den alten Menschen die letzten Jahre. \u2018Als Christen k\u00f6nnen wir nicht tatenlos zusehen. Querdenkern kann unser &#8218;Hosanna&#8216; nicht gelten.\u2019\u201d (Gebhard F\u00fcrst, beim \u00f6kumenischen Advents-Gottesdienst in der evangelischen Stadtkirche Ludwigsburg, Sa, 27. November 2021)<br \/>\n&#8222;Gibt es ein besseres Argument f\u00fcr Achtsamkeit und die Impfung, als die Liebe zu unseren Mitmenschen?&#8220;, fragte der Bischof und fuhr fort: &#8222;Egoismen haben im Reich des sanftm\u00fctigen K\u00f6nigs Jesus Christus keinen Platz! Denn das egoistische Nein ist letztendlich ein Nein gegen das Leben!&#8220; (Gebhard F\u00fcrst, beim \u00f6kumenischen Advents-Gottesdienst in der evangelischen Stadtkirche Ludwigsburg, Sa, 27. November 2021)<br \/>\nBeide Zitate nachzulesen in:<br \/>\n<a href=\"https:\/\/www.katholisch.de\/artikel\/32175-bischof-fuerst-ungeimpfte-rauben-kindern-eine-unbeschwerte-kindheit\">https:\/\/www.katholisch.de\/artikel\/32175-bischof-fuerst-ungeimpfte-rauben-kindern-eine-unbeschwerte-kindheit<\/a><br \/>\noder hier: <a href=\"https:\/\/www.elk-wue.de\/news\/2021\/27112021-oekumenische-advents-eroeffnung\">https:\/\/www.elk-wue.de\/news\/2021\/27112021-oekumenische-advents-eroeffnung<\/a><br \/>\noder hier: <a href=\"https:\/\/www.swr.de\/swraktuell\/baden-wuerttemberg\/stuttgart\/bischof-fuerst-kritisiert-ungeimpfte-100.html\">https:\/\/www.swr.de\/swraktuell\/baden-wuerttemberg\/stuttgart\/bischof-fuerst-kritisiert-ungeimpfte-100.html<\/a><br \/>\n\u201cVon 2007 bis 2021 war Gebhard F\u00fcrst Vorsitzender der Publizistischen Kommission, einer der 14 Bisch\u00f6flichen Kommissionen der Deutschen Bischofskonferenz. Des Weiteren ist er Mitglied der Glaubenskommission und leitet deren Unterkommission Bioethik. [1] Von 2000 bis 2016 war Bischof F\u00fcrst Geistlicher Assistent des Zentralkomitees der deutschen Katholiken (ZdK).\u201d<br \/>\n&#8230; Alles vom 19.07.2023 bitte lesen auf<br \/>\n<a href=\"https:\/\/www.luther-stiftung.org\/de\/lutherstiftung\/aktuell\/detailansicht?tx_news_pi1%5Baction%5D=detail&amp;tx_news_pi1%5Bcontroller%5D=News&amp;tx_news_pi1%5Bnews%5D=55&amp;cHash=ad15157cdf3e3bc4a647fb5f726cfff8\">https:\/\/www.luther-stiftung.org\/de\/lutherstiftung\/aktuell\/detailansicht?tx_news_pi1%5Baction%5D=detail&amp;tx_news_pi1%5Bcontroller%5D=News&amp;tx_news_pi1%5Bnews%5D=55&amp;cHash=ad15157cdf3e3bc4a647fb5f726cfff8<\/a><\/p>\n<p>Einige Kommentare zum Youtube.Videostream:<br \/>\n<a href=\"https:\/\/www.katholisch.de\/artikel\/32175-bischof-fuerst-ungeimpfte-rauben-kindern-eine-unbeschwerte-kindheit\">https:\/\/youtu.be\/gaM09eRl_r0<\/a><br \/>\nEs ist zum heulen, weil es so wahrhaftig ist! So vielen Menschen wurde Unrecht getan! Ich durfte es an eigenen Leib erfahren, was es mit einem macht wenn man asozial, und Sch\u00e4dling genannt wird! Aber ich bin lieber asozial und Sch\u00e4dling, meinetwegen auch Blinddarm, doch ich habe niemanden ausgegrenzt, auch die nicht, die mich verachtet haben! Danke f\u00fcr diese emotionale, wundersch\u00f6ne Rede! Gr\u00fc\u00dfe aus \u00d6sterreich! mar<br \/>\n.<br \/>\nSehr gut auf den Punkt gebrachte Zusammenfassung der gesellschaftlichen Collectivhetze gegen Ungeimpfte(so nannte man Menschen mit zahlreichen Impfungen jedoch nicht mit der Corona Gentherapie Behandelte). Sehr aufrichtig und offen und wahr. Ein starker Charakter mit gro\u00dfem Mut. Sehr respektabel !!! Frau Conrad! Mrs<br \/>\n.<br \/>\nIch habe mir die zwei Stunden des Dialogs angeschaut, besonders Ihre Schlussworte waren beeindruckend. Ihre Worte zu Beginn haben mich zu Tr\u00e4nen ger\u00fchrt und ich kann Ihnen nur beipflichten, es war und ist schwer zu ertragen, wenn man zu den 20% geh\u00f6rt hat. Lieben Dank f\u00fcr Ihren Mut Hei<br \/>\n.<br \/>\nEine \u00fcberw\u00e4ltigende Rede als eindringlicher Appell gegen das Verdr\u00e4ngen und f\u00fcr eine schonungslose Aufarbeitung der Corona-Krise. Doch die Gesichter der Anwesenden sprechen B\u00e4nde, wir sind meilenweit von der Bereitschaft dazu entfernt. Vielen Dank f\u00fcr Ihren Mut, ich freue mich, Sie bald in Weimar zu erleben! CR<br \/>\n.<br \/>\nDanke! Gro\u00dfartige Aussage! Ja so ist es und war es! Wir 20% wurden ausgegrenzt und vom Leben abgeschnitten, 2G war und ist die Diskriminierung derer die sich nicht zu einer medizinischen Indikation sprich dem Impfexperiment mit einer Notzulassung eines Impfstoffes gesundheitlich Sch\u00e4digen zu lassen!! Die Verantwortlichen m\u00fcssen zur vollen strafrechtlichen Verantwortung ziehen und auch die die sich daran bereicherten!!! Cla<br \/>\n.<br \/>\nVielen Dank f\u00fcr diese bewegenden und, ja, leider muss man auch immer noch betonen, mutigen Worte. Sie sprechen mir aus dem Herzen und die Betretenheit der Zuh\u00f6rer ist nicht zu \u00fcbersehen. Leider erfahre ich t\u00e4glich, dass es bequemer ist, so zu tun als w\u00e4re doch alles nicht so schlimm gewesen. Es ist viel leichter den Menschen damals vorzuwerfen &#8222;Wie konnte man das nur geschehen lassen, das muss man doch mitbekommen haben.&#8220;, als das eigene erst k\u00fcrzlich, bzw. teilweise noch immer an den Tag gelegte Verhalten in Frage zu stellen. san<br \/>\n.<br \/>\nSeit diesen 3 Jahren, wei\u00df ich, warum ich in Deutschland ein st\u00e4ndiges Unruhegef\u00fchl mit mir rum schleppe. Es ist die Erkenntnis, dass all das was geschehen ist, immer wieder geschehen kann und die breite Masse macht mit. Mir l\u00e4uft es bei diesem Gedanken eiskalt den R\u00fccken runter. orr<br \/>\nEnde Kommentare<br \/>\n.<\/p>\n<p><strong>Rede der Schauspielerin Philine Conrad w\u00e4hrend der Debatte &#8222;Kirche und Kultur&#8220;<\/strong><br \/>\nAm 18.07.2023 fand im Erfurter Rathaus die Disputation &#8222;Kirche und Kultur nach Corona&#8220; statt. Organisiert und eingeladen von der Internationalen Martin-Luther-Stiftung.<br \/>\nDie gesamte teils hitzige Debatte kann man hier nachschauen: <a href=\"https:\/\/www.luther-stiftung.org\/de\/\">https:\/\/www.luther-stiftung.org\/de\/<\/a><\/p>\n<p>Vielen Dank an den Vorsitzenden der Stiftung Dr. Thomas A. Seidel, der zum zweiten Mal zu einem kritischen Austausch geladen hat. Selten heutzutage. Und wichtig. Hier ist die Rede der Schauspielerin Philine Conrad bei der Martin-Luther-Stiftung: <a href=\"https:\/\/youtu.be\/IaCyccPs0PQ\">https:\/\/youtu.be\/IaCyccPs0PQ<\/a><br \/>\n.<\/p>\n<p><strong>Corona-Debatte: Die Kultur hat sich w\u00e4hrend der Pandemie unterworfen<\/strong><br \/>\nJa, es gab K\u00fcnstler, die am Anfang der Corona-Zeit die Ma\u00dfnahmen kritisch hinterfragt haben. Aber es waren zu wenige.<br \/>\nDas ist die Frage, die mich seit Beginn der Pandemie umtreibt: Warum wird vonseiten der Kunst und der K\u00fcnstler \u00fcber einen so langen Zeitraum geschwiegen? Warum enth\u00e4lt man sich (bis auf einzelne Ausnahmen) jeglicher kontroversen Betrachtung der Situation und der anhaltenden Entwicklungen in unserem Land?<br \/>\n&#8230; Alles vom 6.2.2023 von Philine Conrad bitte lesen auf<br \/>\n<a href=\"https:\/\/www.berliner-zeitung.de\/open-source\/corona-debatte-die-kunst-hat-sich-waehrend-der-pandemie-unterworfen-li.314806\">https:\/\/www.berliner-zeitung.de\/open-source\/corona-debatte-die-kunst-hat-sich-waehrend-der-pandemie-unterworfen-li.314806<\/a><\/p>\n","protected":false},"excerpt":{"rendered":"<p>Home\u00a0&gt;Gesund &gt;Corona-Virus\u00a0&gt;Corona-Rechenschaft &gt;Corona-Aufarbeitung &gt;Corona-Kirchen Kirche in Corona-Zeiten: Wie Flasche leer und Hosen voll\u00a0(8.9.2024) Philine Conrad: &#8222;Kirche und Kultur nach Corona&#8220; &#8211; Er\u00f6ffnungspl\u00e4doyer (18.7.2023) &nbsp; Philine Conrad: &#8222;Kirche und Kultur nach Corona&#8220; &#8211; Er\u00f6ffnungspl\u00e4doyer Am 18. Juli 2023 fand im Festsaal &hellip; <a href=\"https:\/\/www.freiburg-schwarzwald.de\/blog\/business\/gesund\/corona-virus\/corona-kirchen\/\">Weiterlesen <span class=\"meta-nav\">&rarr;<\/span><\/a><\/p>\n","protected":false},"author":2,"featured_media":0,"parent":79419,"menu_order":0,"comment_status":"closed","ping_status":"closed","template":"","meta":{"footnotes":""},"class_list":["post-114060","page","type-page","status-publish","hentry"],"_links":{"self":[{"href":"https:\/\/www.freiburg-schwarzwald.de\/blog\/wp-json\/wp\/v2\/pages\/114060","targetHints":{"allow":["GET"]}}],"collection":[{"href":"https:\/\/www.freiburg-schwarzwald.de\/blog\/wp-json\/wp\/v2\/pages"}],"about":[{"href":"https:\/\/www.freiburg-schwarzwald.de\/blog\/wp-json\/wp\/v2\/types\/page"}],"author":[{"embeddable":true,"href":"https:\/\/www.freiburg-schwarzwald.de\/blog\/wp-json\/wp\/v2\/users\/2"}],"replies":[{"embeddable":true,"href":"https:\/\/www.freiburg-schwarzwald.de\/blog\/wp-json\/wp\/v2\/comments?post=114060"}],"version-history":[{"count":5,"href":"https:\/\/www.freiburg-schwarzwald.de\/blog\/wp-json\/wp\/v2\/pages\/114060\/revisions"}],"predecessor-version":[{"id":126798,"href":"https:\/\/www.freiburg-schwarzwald.de\/blog\/wp-json\/wp\/v2\/pages\/114060\/revisions\/126798"}],"up":[{"embeddable":true,"href":"https:\/\/www.freiburg-schwarzwald.de\/blog\/wp-json\/wp\/v2\/pages\/79419"}],"wp:attachment":[{"href":"https:\/\/www.freiburg-schwarzwald.de\/blog\/wp-json\/wp\/v2\/media?parent=114060"}],"curies":[{"name":"wp","href":"https:\/\/api.w.org\/{rel}","templated":true}]}}