{"id":113836,"date":"2023-07-20T21:20:24","date_gmt":"2023-07-20T19:20:24","guid":{"rendered":"https:\/\/www.freiburg-schwarzwald.de\/blog\/?page_id=113836"},"modified":"2025-12-12T13:03:50","modified_gmt":"2025-12-12T12:03:50","slug":"eu-identity-and-democracy","status":"publish","type":"page","link":"https:\/\/www.freiburg-schwarzwald.de\/blog\/global\/eu\/eu-identity-and-democracy\/","title":{"rendered":"EU-Identity-and-Democracy"},"content":{"rendered":"<p><a href=\"https:\/\/www.freiburg-schwarzwald.de\/blog\">Home<\/a>\u00a0&gt;<a title=\"Global\" href=\"https:\/\/www.freiburg-schwarzwald.de\/blog\/global\/\">Global<\/a>\u00a0&gt;<a title=\"EU\" href=\"https:\/\/www.freiburg-schwarzwald.de\/blog\/global\/eu\/\">EU<\/a>\u00a0&gt;<a title=\"Finanzsystem\" href=\"https:\/\/www.freiburg-schwarzwald.de\/blog\/global\/finanzsystem\/\">Finanzsystem<\/a> &gt;<a href=\"https:\/\/www.freiburg-schwarzwald.de\/blog\/global\/eu\/eu-reform\/\">EU-Reform<\/a> &gt;EU-Identity-and-Democracy<\/p>\n<div id=\"attachment_113355\" style=\"width: 648px\" class=\"wp-caption alignnone\"><a href=\"https:\/\/www.freiburg-schwarzwald.de\/blog\/wp-content\/uploads\/2023\/06\/getreide-stoerche-pan230625.jpg\"><img loading=\"lazy\" decoding=\"async\" aria-describedby=\"caption-attachment-113355\" class=\"size-full wp-image-113355\" src=\"https:\/\/www.freiburg-schwarzwald.de\/blog\/wp-content\/uploads\/2023\/06\/getreide-stoerche-pan230625.jpg\" alt=\"\" width=\"638\" height=\"349\" srcset=\"https:\/\/www.freiburg-schwarzwald.de\/blog\/wp-content\/uploads\/2023\/06\/getreide-stoerche-pan230625.jpg 638w, https:\/\/www.freiburg-schwarzwald.de\/blog\/wp-content\/uploads\/2023\/06\/getreide-stoerche-pan230625-180x98.jpg 180w\" sizes=\"auto, (max-width: 638px) 100vw, 638px\" \/><\/a><p id=\"caption-attachment-113355\" class=\"wp-caption-text\">St\u00f6rche im frisch geernteten Getreidefeld im Dreisamtal bei Freiburg 25.6.2023<\/p><\/div>\n<p>&nbsp;<\/p>\n<ul>\n<li><em>Listenauswahl eines Beitrags (Artikel\/Datum, Seite\/Inhalt): <span style=\"text-decoration: underline;\">Klicken<\/span> oder scrollen<\/em><\/li>\n<li><a href=\"https:\/\/www.freiburg-schwarzwald.de\/blog\/merz-normativer-westen-ade\/\">Merz: \u201eNormativer Westen\u201c ade<\/a>\u00a0(12.12.2025)<\/li>\n<li><a href=\"https:\/\/www.freiburg-schwarzwald.de\/blog\/global\/france\/frankreich2022\/\">Deutschland und Frankreich \u2013 Zwei kranke Zugpferde<\/a>\u00a0(27.12.2024)<\/li>\n<li><a href=\"https:\/\/www.freiburg-schwarzwald.de\/blog\/eu-demokratie-christentum\/\">EU \u2013 Demokratie \u2013 Christentum<\/a>\u00a0(21.11.2024)<\/li>\n<li>Eine antichristliche Demokratie mu\u00df in Tyrannis oder Anarchie versinken (20.11.2024)<\/li>\n<li>Fraktion Identit\u00e4t &amp; Demokratie (ID) im EU-Parlament (20.7.2023)<\/li>\n<\/ul>\n<p>&nbsp;<\/p>\n<p><strong>Eine antichristliche Demokratie mu\u00df in Tyrannis oder Anarchie versinken<\/strong><br \/>\n<strong>Die EU gegen das Christentum<\/strong><br \/>\nKein Zweifel: Die EU versteht sich nicht mehr als Sachwalter der europ\u00e4ischen Christenheit oder wenigstens ihres geistigen Erbes, sondern ist zum willigen Instrument eines noch nie dagewesenen Projekts in sozialem Engineering geworden, das zum Zweck hat, so ziemlich alles, was unserem Kontinent je heilig war, in sein Gegenteil zu verkehren oder doch immerhin zur Unkenntlichkeit zu verzerren.<br \/>\nDiese allgemeine Sachlage ist umso schockierender, bedenkt man die historischen Wurzeln der Europ\u00e4ischen Union, die gerade in ihrer Gr\u00fcndungsphase engstens mit der Erinnerung an das karolingische Imperium, das Heilige R\u00f6mische Reich, die kurze Weltvereinigung Karls V. und den habsburgischen Abendland-Gedanken verbunden war und vor allem von der klassischen Christdemokratie getragen wurde, die nach der Selbstdemontage des Nationalismus wie auch des Sozialismus die einzige moralisch halbwegs glaubw\u00fcrdige Tragkraft des Kontinents zu sein schien.<\/p>\n<p>Steht man heute in Br\u00fcssel auf der \u201ePlace Schuman\u201c im Herzen des EU-Viertels und erblickt \u00fcberall um sich herum nur Intersektionalit\u00e4tsfahnen, Regenbogenzebrastreifen, Klima-Awareness-Neusprech und Migrations-Bildchen, erscheint es nicht nur als Ironie der Geschichte, sondern auch als Zeichen erstaunlicher Klarsicht, dass eben jener von der heutigen EU immer noch als \u201eGr\u00fcndungsvater\u201c bem\u00fchte Robert Schuman einst schrieb:<br \/>\n\u201eDie Demokratie schuldet ihre Existenz dem Christentum; sie ist an dem Tag entstanden, als der Mensch begonnen hat, in der Zeitlichkeit des Diesseits die W\u00fcrde des Menschen zu verwirklichen, und zwar in individueller Freiheit, im Respekt der Rechte des Einzelnen und in Aus\u00fcbung der br\u00fcderlichen Liebe gegen jeden Menschen; niemals vor dem Kommen des Christ wurden solche Ideen entwickelt. [\u2026] Die Demokratie wird christlich sein oder wird gar nicht sein. Eine antichristliche Demokratie kann nur zu einer Karikatur werden, welche in Tyrannis oder Anarchie versinken mu\u00df.\u201c (Pour l\u2019Europe)<br \/>\n&#8230; Alles vom 20.11.2024 von David Engels bitte lesen auf<br \/>\n<a href=\"https:\/\/www.tichyseinblick.de\/meinungen\/eu-christentum\/\">https:\/\/www.tichyseinblick.de\/meinungen\/eu-christentum\/<\/a><\/p>\n<p>&nbsp;<\/p>\n<p><strong>Fraktion Identit\u00e4t &amp; Demokratie (ID) im EU-Parlament<\/strong><br \/>\n&#8222;Identit\u00e4t &amp; Demokratie&#8220; (ID) bzw. &#8222;Identity and Democracy&#8220; ist mit 62 Mitgliedern die sechstgr\u00f6\u00dfte Fraktion im 019 gew\u00e4hlten EU-Parlament. Ihr geh\u00f6ren MdEP aus neun EU-Mitgliedstaaten an, die meisten davon aus Italien (Lega), Frankreich (Rassemblement National) und Deutschland (AfD). Pr\u00e4sident Marco Zanni (Italien) und Vizepr\u00e4sidenten Jordan Bardella (Frankreich) und Dr. Gunnar Beck (Deutschland).<br \/>\n<a href=\"https:\/\/de.idgroup.eu\/mitglieder\">https:\/\/de.idgroup.eu\/mitglieder<\/a><\/p>\n<p>Der Fokus der Fraktion Identit\u00e4t &amp; Demokratie liegt auf der Schaffung von Arbeitspl\u00e4tzen und Wachstum, erh\u00f6hter Sicherheit, Eind\u00e4mmung illegaler Migration sowie auf der Verringerung der EU-B\u00fcrokratie und eine Zust\u00e4ndigkeitsverschiebung von der EU in die Nationalstaaten und untergeordnete Einheiten wie beispielsweise die Bundesl\u00e4nder.<br \/>\n.<br \/>\n<em>Demokratie<\/em><br \/>\nDie ID-Fraktion nimmt das demokratische Defizit der EU in Angriff und will mehr Kompetenzen f\u00fcr nationale Parlamente erk\u00e4mpfen. Sie sollen in der EU mehr zu sagen haben und Ergebnisse demokratisch durchgef\u00fchrter Referenden m\u00fcssen respektiert und eingehalten werden.<br \/>\n.<br \/>\n<em>Identit\u00e4t<\/em><br \/>\nWir wollen, dass die nationalen Identit\u00e4ten akzeptiert, respektiert und gesch\u00fctzt werden. Deshalb widerspricht unsere Fraktion der unkontrollierten Massenzuwanderung sowie einem Beitritt in die EU von nichteurop\u00e4ischen L\u00e4ndern wie der T\u00fcrkei.<br \/>\n.<br \/>\n<em>Souver\u00e4nit\u00e4t<\/em><br \/>\nJede europ\u00e4ische Nation sollte das Recht haben, ihre eigene Politik nach ihren eigenen Bed\u00fcrfnissen zu bestimmen. Die EU sollte aufh\u00f6ren, sich in die inneren Angelegenheiten ihrer Mitgliedstaaten einzumischen.<br \/>\n.<br \/>\n<em>Budget<\/em><br \/>\nDie Fraktion lehnt jeglichen Versuch ab, ein europaweites Budget und direkte EU-Steuern aufzuerlegen.<br \/>\n.<br \/>\n<em>Grenzen<\/em><br \/>\nEin besserer Schutz der EU-Au\u00dfengrenzen ist erforderlich. Jede Nation hat das Recht, ihre eigenen Grenzen zu sch\u00fctzen, zu kontrollieren und zu \u00fcberwachen. Die Europ\u00e4ische Union sollte illegale und kriminelle Einwanderer effektiver zur\u00fcck in ihre Herkunftsl\u00e4nder schicken.<br \/>\n.<br \/>\nGemeinsam mit Ihnen verteidigen wir Freiheit, Demokratie und Grundrechte. Wir k\u00e4mpfen f\u00fcr unser christlich-abendl\u00e4ndisches Erbe und f\u00fcr die Souver\u00e4nit\u00e4t unserer Nationalstaaten. Wir wollen eine schlanke EU, die sich auf vertraglich fixierte Kernzust\u00e4ndigkeiten beschr\u00e4nkt. Wir streiten f\u00fcr ein Europa freier B\u00fcrger und Vaterl\u00e4nder, die ihre Identit\u00e4t, ihre Demokratie und ihre oftmals blutig erstrittenen Verfassungen bewahren. Globalismus, Multikulturalismus und destruktiven Genderismus lehnen wir ab.<br \/>\n<a href=\"https:\/\/de.idgroup.eu\/\">https:\/\/de.idgroup.eu\/<\/a><br \/>\nNewsletter \u00fcber <a href=\"https:\/\/de.idgroup.eu\/newsletter\">https:\/\/de.idgroup.eu\/newsletter\u00a0<\/a><\/p>\n<p>F\u00fcr deutschsprachige Leser wird das Magazin &#8222;Blick auf Br\u00fcssel&#8220; herausgegeben.<br \/>\n<a href=\"https:\/\/de.idgroup.eu\/blick_auf_brussel\">https:\/\/de.idgroup.eu\/blick_auf_brussel<\/a><br \/>\nKostenloser Bezug \u00fcber <a href=\"https:\/\/blickaufbruessel.eu\/abo\">https:\/\/blickaufbruessel.eu\/abo<\/a><\/p>\n","protected":false},"excerpt":{"rendered":"<p>Home\u00a0&gt;Global\u00a0&gt;EU\u00a0&gt;Finanzsystem &gt;EU-Reform &gt;EU-Identity-and-Democracy &nbsp; Listenauswahl eines Beitrags (Artikel\/Datum, Seite\/Inhalt): Klicken oder scrollen Merz: \u201eNormativer Westen\u201c ade\u00a0(12.12.2025) Deutschland und Frankreich \u2013 Zwei kranke Zugpferde\u00a0(27.12.2024) EU \u2013 Demokratie \u2013 Christentum\u00a0(21.11.2024) Eine antichristliche Demokratie mu\u00df in Tyrannis oder Anarchie versinken (20.11.2024) Fraktion Identit\u00e4t &hellip; <a href=\"https:\/\/www.freiburg-schwarzwald.de\/blog\/global\/eu\/eu-identity-and-democracy\/\">Weiterlesen <span class=\"meta-nav\">&rarr;<\/span><\/a><\/p>\n","protected":false},"author":2,"featured_media":0,"parent":2859,"menu_order":0,"comment_status":"closed","ping_status":"closed","template":"","meta":{"footnotes":""},"class_list":["post-113836","page","type-page","status-publish","hentry"],"_links":{"self":[{"href":"https:\/\/www.freiburg-schwarzwald.de\/blog\/wp-json\/wp\/v2\/pages\/113836","targetHints":{"allow":["GET"]}}],"collection":[{"href":"https:\/\/www.freiburg-schwarzwald.de\/blog\/wp-json\/wp\/v2\/pages"}],"about":[{"href":"https:\/\/www.freiburg-schwarzwald.de\/blog\/wp-json\/wp\/v2\/types\/page"}],"author":[{"embeddable":true,"href":"https:\/\/www.freiburg-schwarzwald.de\/blog\/wp-json\/wp\/v2\/users\/2"}],"replies":[{"embeddable":true,"href":"https:\/\/www.freiburg-schwarzwald.de\/blog\/wp-json\/wp\/v2\/comments?post=113836"}],"version-history":[{"count":6,"href":"https:\/\/www.freiburg-schwarzwald.de\/blog\/wp-json\/wp\/v2\/pages\/113836\/revisions"}],"predecessor-version":[{"id":142801,"href":"https:\/\/www.freiburg-schwarzwald.de\/blog\/wp-json\/wp\/v2\/pages\/113836\/revisions\/142801"}],"up":[{"embeddable":true,"href":"https:\/\/www.freiburg-schwarzwald.de\/blog\/wp-json\/wp\/v2\/pages\/2859"}],"wp:attachment":[{"href":"https:\/\/www.freiburg-schwarzwald.de\/blog\/wp-json\/wp\/v2\/media?parent=113836"}],"curies":[{"name":"wp","href":"https:\/\/api.w.org\/{rel}","templated":true}]}}