{"id":113498,"date":"2023-07-06T08:50:44","date_gmt":"2023-07-06T06:50:44","guid":{"rendered":"https:\/\/www.freiburg-schwarzwald.de\/blog\/?page_id=113498"},"modified":"2023-07-06T09:02:37","modified_gmt":"2023-07-06T07:02:37","slug":"soelden","status":"publish","type":"page","link":"https:\/\/www.freiburg-schwarzwald.de\/blog\/regio\/orte\/soelden\/","title":{"rendered":"Soelden"},"content":{"rendered":"<p>Home &gt;<a title=\"Regio\" href=\"https:\/\/www.freiburg-schwarzwald.de\/blog\/regio\/\">Regio<\/a>\u00a0&gt;<a title=\"Orte\" href=\"https:\/\/www.freiburg-schwarzwald.de\/blog\/regio\/orte\/\">Orte<\/a> &gt;<a href=\"https:\/\/www.freiburg-schwarzwald.de\/blog\/regio\/berge\/schoenberg\/\">Sch\u00f6nberg<\/a> &gt;<a href=\"https:\/\/www.freiburg-schwarzwald.de\/blog\/regio\/orte\/hexental\/\">Hexental<\/a> &gt;Soelden<\/p>\n<div id=\"attachment_115\" style=\"width: 609px\" class=\"wp-caption alignnone\"><a href=\"https:\/\/www.freiburg-schwarzwald.de\/blog\/wp-content\/uploads\/2012\/03\/schauinslandturm0bpan-071228.jpg\"><img loading=\"lazy\" decoding=\"async\" aria-describedby=\"caption-attachment-115\" class=\"size-full wp-image-115\" src=\"https:\/\/www.freiburg-schwarzwald.de\/blog\/wp-content\/uploads\/2012\/03\/schauinslandturm0bpan-071228.jpg\" alt=\"\" width=\"599\" height=\"185\" srcset=\"https:\/\/www.freiburg-schwarzwald.de\/blog\/wp-content\/uploads\/2012\/03\/schauinslandturm0bpan-071228.jpg 599w, https:\/\/www.freiburg-schwarzwald.de\/blog\/wp-content\/uploads\/2012\/03\/schauinslandturm0bpan-071228-180x55.jpg 180w\" sizes=\"auto, (max-width: 599px) 100vw, 599px\" \/><\/a><p id=\"caption-attachment-115\" class=\"wp-caption-text\">Blick vom Schauinsland nach Westen \u00fcber Horben und Hexental zu Sch\u00f6nberg und Vogesen am 28.12.08<\/p><\/div>\n<p>&nbsp;<\/p>\n<ul>\n<li>Familienwerk S\u00f6lden im Cluniazenserkloster (2.7.2023)<\/li>\n<li><\/li>\n<li><strong><a href=\"https:\/\/www.freiburg-schwarzwald.de\/soelden.htm\">https:\/\/www.freiburg-schwarzwald.de\/soelden.htm<\/a> &gt;Archivseite S\u00f6lden<\/strong><\/li>\n<li><a href=\"https:\/\/www.freiburg-schwarzwald.de\/landfrauen.htm#Dorfhelferinnenwerk%20S%C3%B6lden%20-%20supertolle%20Helferinnen\">https:\/\/www.freiburg-schwarzwald.de\/landfrauen.htm#Dorfhelferinnenwerk%20S%C3%B6lden%20-%20supertolle%20Helferinnen<\/a> &gt;Archiv Dorfhelferinnen<\/li>\n<li><\/li>\n<li><a href=\"https:\/\/www.freiburg-schwarzwald.de\/blog\/selbsthilfe\/familie\/familienrecht\/\">Familie<\/a><\/li>\n<li><a href=\"https:\/\/www.freiburg-schwarzwald.de\/blog\/religion\/kirchen\/kloster\/\">Kloster<\/a><\/li>\n<li><a href=\"https:\/\/www.freiburg-schwarzwald.de\/blog\/natur\/landwirt\/landfrauen\/\">Landfrauen<\/a><\/li>\n<\/ul>\n<p>&nbsp;<\/p>\n<p><strong>Familienwerk S\u00f6lden im Cluniazenserkloster<\/strong><br \/>\nSo wurde das ehemalige Kloster in S\u00f6lden zur Heimat des Familienwerks<br \/>\nDie Schule gibt es seit 2001 nicht mehr. Und der Name Dorfhelferinnenwerk wurde Ende 2022 vom Familienwerk abgel\u00f6st. Berufsbild und Einsatzgebiete h\u00e4tten sich ver\u00e4ndert, erkl\u00e4rt die Leiterin der Einrichtung, Elisabeth Koch (63), unter Stuck und Deckengem\u00e4lde im einstigen Pr\u00e4laten- und heutigen Sitzungszimmer. Mangels Nachfrage sei die Ausbildung zur Dorfhelferinnen abgeschafft worden \u2013 und die eigens f\u00fcr die Schule errichteten Geb\u00e4ude abgerissen.<br \/>\nDas vom Heiligen Ulrich gegr\u00fcndete und den Cluniazensern unterstellte Frauenkloster sei nie sehr bedeutend gewesen, erz\u00e4hlt Koch. Hier h\u00e4tten h\u00f6chstens um die 20 Schwestern gelebt. Wie bei anderen Kl\u00f6stern auch gab es Phasen der Zerst\u00f6rung und des Wiederaufbaus. Und die S\u00e4kularisation hat auch in S\u00f6lden daf\u00fcr gesorgt, dass das Kloster 1806 aufgel\u00f6st wurde. Heute geh\u00f6rt der Komplex der Erzdi\u00f6zese.<\/p>\n<p>Beruf der Dorfhelferin ist nach dem zweiten Weltkrieg entstanden<br \/>\nDass hier 1957 eine Schule zur Ausbildung von Dorfhelferinnen eingerichtet wurde und von hier aus heute 300 Frauen zu ihren Eins\u00e4tzen starten, ist zwar mit Blick auf die Geschichte eine logisch erscheinende Verbindung. Doch einen tats\u00e4chlichen Zusammenhang zum einstigen Frauenkloster gibt es Gro\u00df zufolge nicht. Vielmehr hat das Familienwerk sein Domizil dem Engagement von Elisabeth Schwander zu verdanken. Die 2001 in Freiburg Verstorbene gr\u00fcndete 1954 das Dorfhelferinnenwerk, die Schule folgte drei Jahre sp\u00e4ter. Die Suche nach geeigneten R\u00e4umen hatte sie, wie Gro\u00df erz\u00e4hlt, nach S\u00f6lden gef\u00fchrt. Der Beruf der Dorfhelferin war nach dem Zweiten Weltkrieg wegen der Notsituationen in b\u00e4uerlichen Familien entstanden. Die Helferinnen sprangen ein, wenn eine B\u00e4uerin wegen einer Erkrankung ausfiel. Sie mussten sich daher in der Landwirtschaft auskennen \u2013 im Gegensatz zu Familienhelferinnen, die in St\u00e4dten ihr Einsatzgebiet hatten. Inzwischen haben die Familien- die Dorfhelferinnen \u00fcberall abgel\u00f6st. Eine Schule f\u00fcr sie gibt es in Freiburg.<br \/>\nDie Eins\u00e4tze werden laut Gro\u00df gr\u00f6\u00dftenteils \u00fcber Krankenkassen finanziert. Es gibt aber auch Zusch\u00fcsse etwa vom Sozialministerium. Partner vor Ort sind Sozialstationen, politische und kirchliche Gemeinden. Das Familienwerk selbst geh\u00f6rt zum Caritasverband. Um die Geb\u00e4ude, in denen die Einrichtung mietfrei wohnen darf, k\u00fcmmert sich das Erzbisch\u00f6fliche Ordinariat. &#8222;Kl\u00f6ster sind einfach immer tolle Orte&#8220;, findet Sozialarbeiterin Gro\u00df, die das Werk seit 2001 leitet. Sie sei dankbar, &#8222;dass wir hier sein d\u00fcrfen&#8220;.<br \/>\n.. Alles vom 2.7.2023 von Andrea Drescher bitte lesen auf<br \/>\n<a href=\"https:\/\/www.badische-zeitung.de\/so-wurde-das-ehemalige-kloster-in-soelden-zur-heimat-des-familienwerks\">https:\/\/www.badische-zeitung.de\/so-wurde-das-ehemalige-kloster-in-soelden-zur-heimat-des-familienwerks<\/a><\/p>\n<p><a href=\"http:\/\/www.familienwerk-soelden.de\">http:\/\/www.familienwerk-soelden.de<\/a><br \/>\n<a href=\"https:\/\/www.dorfhelferinnenwerk.de\">https:\/\/www.dorfhelferinnenwerk.de<\/a><\/p>\n<p>.<br \/>\n<strong>Kloster-Geschichte S\u00f6lden<\/strong><br \/>\n1115: Cluniazenserinnenpriorat wird durch \u00dcbertragen eines Frauenkonvents, das auf den Heiligen Ulrich zur\u00fcckgeht, begr\u00fcndet; S\u00f6lden wird Cluny unterstellt; \u00dcbergabe der Reliquie der Heiligen Fides.<br \/>\n1468: Brand zerst\u00f6rt Kirche und Klausur, anschlie\u00dfend Neubau; sp\u00e4tgotischer Bau von 1509 erhalten.<br \/>\n1582: Kloster wird, wie 1560 St. Ulrich, der Abtei in St. Peter angeschlossen.<br \/>\n1589 \u2013 1596: Propsteigeb\u00e4ude wird durch Neubau ersetzt.1596: Der heilige Markus zum zweiten Patron nach der heiligen Fides.<br \/>\n1744: Zerst\u00f6rung durch franz\u00f6sische Truppen<br \/>\n1764: Von Peter Thumb f\u00fcr St. Peter konstruierter Zwiebelturm wird in S\u00f6lden auf Kirche zweitverwertet.<br \/>\n1806\/1807: In Folge der S\u00e4kularisation wird das Kloster aufgel\u00f6st, Kirche wird zur Pfarrkirche.<\/p>\n","protected":false},"excerpt":{"rendered":"<p>Home &gt;Regio\u00a0&gt;Orte &gt;Sch\u00f6nberg &gt;Hexental &gt;Soelden &nbsp; Familienwerk S\u00f6lden im Cluniazenserkloster (2.7.2023) https:\/\/www.freiburg-schwarzwald.de\/soelden.htm &gt;Archivseite S\u00f6lden https:\/\/www.freiburg-schwarzwald.de\/landfrauen.htm#Dorfhelferinnenwerk%20S%C3%B6lden%20-%20supertolle%20Helferinnen &gt;Archiv Dorfhelferinnen Familie Kloster Landfrauen &nbsp; Familienwerk S\u00f6lden im Cluniazenserkloster So wurde das ehemalige Kloster in S\u00f6lden zur Heimat des Familienwerks Die Schule gibt es &hellip; <a href=\"https:\/\/www.freiburg-schwarzwald.de\/blog\/regio\/orte\/soelden\/\">Weiterlesen <span class=\"meta-nav\">&rarr;<\/span><\/a><\/p>\n","protected":false},"author":2,"featured_media":0,"parent":363,"menu_order":0,"comment_status":"closed","ping_status":"closed","template":"","meta":{"footnotes":""},"class_list":["post-113498","page","type-page","status-publish","hentry"],"_links":{"self":[{"href":"https:\/\/www.freiburg-schwarzwald.de\/blog\/wp-json\/wp\/v2\/pages\/113498","targetHints":{"allow":["GET"]}}],"collection":[{"href":"https:\/\/www.freiburg-schwarzwald.de\/blog\/wp-json\/wp\/v2\/pages"}],"about":[{"href":"https:\/\/www.freiburg-schwarzwald.de\/blog\/wp-json\/wp\/v2\/types\/page"}],"author":[{"embeddable":true,"href":"https:\/\/www.freiburg-schwarzwald.de\/blog\/wp-json\/wp\/v2\/users\/2"}],"replies":[{"embeddable":true,"href":"https:\/\/www.freiburg-schwarzwald.de\/blog\/wp-json\/wp\/v2\/comments?post=113498"}],"version-history":[{"count":4,"href":"https:\/\/www.freiburg-schwarzwald.de\/blog\/wp-json\/wp\/v2\/pages\/113498\/revisions"}],"predecessor-version":[{"id":113505,"href":"https:\/\/www.freiburg-schwarzwald.de\/blog\/wp-json\/wp\/v2\/pages\/113498\/revisions\/113505"}],"up":[{"embeddable":true,"href":"https:\/\/www.freiburg-schwarzwald.de\/blog\/wp-json\/wp\/v2\/pages\/363"}],"wp:attachment":[{"href":"https:\/\/www.freiburg-schwarzwald.de\/blog\/wp-json\/wp\/v2\/media?parent=113498"}],"curies":[{"name":"wp","href":"https:\/\/api.w.org\/{rel}","templated":true}]}}