{"id":113213,"date":"2023-06-25T17:32:21","date_gmt":"2023-06-25T15:32:21","guid":{"rendered":"https:\/\/www.freiburg-schwarzwald.de\/blog\/?page_id=113213"},"modified":"2026-04-18T21:38:41","modified_gmt":"2026-04-18T19:38:41","slug":"rechtsruck","status":"publish","type":"page","link":"https:\/\/www.freiburg-schwarzwald.de\/blog\/engagement\/zukunft\/demokratie\/rechts\/rechtsruck\/","title":{"rendered":"Rechtsruck"},"content":{"rendered":"<p><a href=\"https:\/\/freiburg-schwarzwald.de\/blog\">Home<\/a>\u00a0&gt;<a title=\"Engagement\" href=\"https:\/\/www.freiburg-schwarzwald.de\/blog\/engagement\/\">Engagement<\/a>\u00a0&gt;<a title=\"Zukunft\" href=\"https:\/\/www.freiburg-schwarzwald.de\/blog\/engagement\/zukunft\/\">Zukunft<\/a>\u00a0&gt;<a title=\"Demokratie\" href=\"https:\/\/www.freiburg-schwarzwald.de\/blog\/engagement\/zukunft\/demokratie\/\">Demokratie<\/a> &gt;Rechts &gt;<a href=\"https:\/\/www.freiburg-schwarzwald.de\/blog\/vereine\/partei\/afd\/\">AfD<\/a> &gt;Rechtsruck<\/p>\n<div id=\"attachment_112040\" style=\"width: 650px\" class=\"wp-caption alignnone\"><a href=\"https:\/\/www.freiburg-schwarzwald.de\/blog\/wp-content\/uploads\/2023\/04\/gartenzwerge-deutschland-pan230422.jpg\"><img loading=\"lazy\" decoding=\"async\" aria-describedby=\"caption-attachment-112040\" class=\"size-full wp-image-112040\" src=\"https:\/\/www.freiburg-schwarzwald.de\/blog\/wp-content\/uploads\/2023\/04\/gartenzwerge-deutschland-pan230422.jpg\" alt=\"\" width=\"640\" height=\"417\" srcset=\"https:\/\/www.freiburg-schwarzwald.de\/blog\/wp-content\/uploads\/2023\/04\/gartenzwerge-deutschland-pan230422.jpg 640w, https:\/\/www.freiburg-schwarzwald.de\/blog\/wp-content\/uploads\/2023\/04\/gartenzwerge-deutschland-pan230422-180x117.jpg 180w\" sizes=\"auto, (max-width: 640px) 100vw, 640px\" \/><\/a><p id=\"caption-attachment-112040\" class=\"wp-caption-text\">Gartenzwerge Deutschland Schwarz-Rot-Gold im April 2023<\/p><\/div>\n<ul>\n<li><em>Listenauswahl eines Beitrags (Artikel\/Datum, Seite\/Inhalt): <span style=\"text-decoration: underline;\">Klicken<\/span> oder scrollen<\/em><\/li>\n<li><a href=\"https:\/\/www.freiburg-schwarzwald.de\/blog\/vereine\/partei\/afd\/afd-engagement\/\">Karl Schwarz, Freiburger OB-Kandidat der AfD, ist Gegenwind gewohnt<\/a>\u00a0(17.4.2026)<\/li>\n<li><a href=\"https:\/\/www.freiburg-schwarzwald.de\/blog\/selbsthilfe\/jugend\/jugend-zukunft\/\">Pulverfass Boomer-Republik Deutschland: Warum die Jugend mit diesem Land bricht<\/a>\u00a0(3.4.2026)<\/li>\n<li><a href=\"https:\/\/www.freiburg-schwarzwald.de\/blog\/die-lehren-aus-den-ost-wahlen\/\">Die Lehren aus den Ost-Wahlen<\/a>\u00a0(25.9.2024)<\/li>\n<li><a href=\"https:\/\/www.freiburg-schwarzwald.de\/blog\/jugend-rechts-eltern-links\/\">Jugend rechts \u2013 Eltern links<\/a> (23.9.2024)<\/li>\n<li><a href=\"https:\/\/www.freiburg-schwarzwald.de\/blog\/verantwortungslose-wendehaelse\/\">Verantwortungslose Wendeh\u00e4lse<\/a>\u00a0(1.8.2024)<\/li>\n<li><a href=\"https:\/\/www.freiburg-schwarzwald.de\/blog\/eu-und-d-die-zukunft-ist-rechts\/\">EU und D: Die Zukunft ist rechts<\/a>\u00a0(11.6.2024)<\/li>\n<li><a href=\"https:\/\/www.freiburg-schwarzwald.de\/blog\/jugend-deutschland-rechtsruck\/\">Jugend in Deutschland: Rechtsruck<\/a>\u00a0(27.4.2024)<\/li>\n<li>Ein linkes Zeitalter endet (18.10.2023)<\/li>\n<li>Hessen: Gr\u00fcne Regierung, trotze konservativer Mehrheit (9.10.2023)<\/li>\n<li><a href=\"https:\/\/www.freiburg-schwarzwald.de\/blog\/engagement\/zukunft\/demokratie\/kommunalwahl\/kommunal\/\">Nordhausen: Wahlbetrug bei der Wahl des Oberb\u00fcrgermeisters?<\/a>\u00a0(26.9.2023)<\/li>\n<li><a href=\"https:\/\/www.freiburg-schwarzwald.de\/blog\/engagement\/zukunft\/demokratie\/konservatismus\/\">Zehn Behauptungen der Rechtspopulisten<\/a>\u00a0(25.9.2023)<\/li>\n<li><a href=\"https:\/\/www.freiburg-schwarzwald.de\/blog\/engagement\/zukunft\/demokratie\/rechts\/rechts-links\/\">Overton-Fenster: W\u00e4hlerverschiebung von links nach rechts<\/a>\u00a0(27.8.2023)<\/li>\n<li><a href=\"https:\/\/www.freiburg-schwarzwald.de\/blog\/global\/eu\/europawahl2024\/\">Maximilian Krah: Ich k\u00e4mpfe f\u00fcr ein Europa, das nicht unter der Fuchtel Amerikas steht<\/a>\u00a0(9.8.2023)<\/li>\n<li><a href=\"https:\/\/www.freiburg-schwarzwald.de\/blog\/engagement\/zukunft\/demokratie\/mitte\/\">Dem deutschen Parteiensystem droht der Supergau \u2013 L\u00fccke rechts der Mitte?<\/a> (7.8.2023)<\/li>\n<li><a href=\"https:\/\/www.freiburg-schwarzwald.de\/blog\/afd-buergermeister-von-doberan\/\">AfD: B\u00fcrgermeister von Doberan<\/a>\u00a0(10.8.2023)<\/li>\n<li>AfD nur noch knapp hinter Union \u2013 Deutschlands gordischer Knoten zieht sich zu (22.7.2023)<\/li>\n<li><a href=\"https:\/\/www.freiburg-schwarzwald.de\/blog\/sonneberg-wahl-als-chance\/\">Sonneberg: Wahl als Chance<\/a>\u00a0(27.6.2023)<\/li>\n<li><a href=\"https:\/\/www.freiburg-schwarzwald.de\/blog\/engagement\/zukunft\/demokratie\/rechts\/sonneberg-afd\/\">Ein Fanal f\u00fcr Deutschland: AfD-Landrat in Th\u00fcringen gew\u00e4hlt<\/a> (25.6.2023)<\/li>\n<li>Die Herkulesaufgabe der alternativen rechten Politik (24.6.2023)<\/li>\n<li>Dr. Maximilian Krah: &#8222;Politik von rechts&#8220; (24.6.2023)<\/li>\n<li>Weidel: Migration treibt W\u00e4hler nach rechts und hin zur AfD (21.6.2023)<\/li>\n<li><\/li>\n<li><a href=\"https:\/\/www.freiburg-schwarzwald.de\/blog\/vereine\/partei\/afd\/afd-engagement\/\">AfD-Engagement<\/a><\/li>\n<li><a href=\"https:\/\/www.freiburg-schwarzwald.de\/blog\/vereine\/partei\/cdu\/cdu-opposition\/\">CDU-Opposition<\/a><\/li>\n<li><a href=\"https:\/\/www.freiburg-schwarzwald.de\/blog\/global\/eu\/europawahl2024\/\">Europawahl2024<\/a><\/li>\n<li><a href=\"https:\/\/www.freiburg-schwarzwald.de\/blog\/kultur\/medien\/kampf-gegen-rechts\/\">Kampf-gegen-rechts<\/a><\/li>\n<li><a href=\"https:\/\/www.freiburg-schwarzwald.de\/blog\/engagement\/zukunft\/demokratie\/kommunalwahl\/kommunal\/\">kommunal<\/a><\/li>\n<li><a title=\"Konservativ\" href=\"https:\/\/www.freiburg-schwarzwald.de\/blog\/engagement\/zukunft\/demokratie\/konservativ\/\">Konservativ<\/a><\/li>\n<li><a title=\"Konservativismus\" href=\"https:\/\/www.freiburg-schwarzwald.de\/blog\/engagement\/zukunft\/demokratie\/konservativismus\/\">Konservativismus<\/a><\/li>\n<li><a href=\"https:\/\/www.freiburg-schwarzwald.de\/blog\/kultur\/medien\/diskussionskultur\/kontaktschuld\/\">Kontaktschuld<\/a><\/li>\n<li><a href=\"https:\/\/www.freiburg-schwarzwald.de\/blog\/engagement\/zukunft\/demokratie\/opposition\/\">Opposition<\/a><\/li>\n<li><a title=\"Rassismus\" href=\"https:\/\/www.freiburg-schwarzwald.de\/blog\/engagement\/rassismus\/\">Rassismus<\/a><\/li>\n<li><a href=\"https:\/\/www.freiburg-schwarzwald.de\/blog\/engagement\/zukunft\/demokratie\/rechts\/rechte-ecke\/\">Rechte-Ecke<\/a><\/li>\n<li><a href=\"https:\/\/www.freiburg-schwarzwald.de\/blog\/vereine\/partei\/rechte-partei\/\">Rechte Partei<\/a><\/li>\n<li><a href=\"https:\/\/www.freiburg-schwarzwald.de\/blog\/engagement\/zukunft\/demokratie\/rechts\/rechtsruck\/\">Rechtsruck<\/a><\/li>\n<li><a href=\"https:\/\/www.freiburg-schwarzwald.de\/blog\/vereine\/partei\/rechtskonservative\/\">Rechtskonservative<\/a><\/li>\n<li><a href=\"https:\/\/www.freiburg-schwarzwald.de\/blog\/engagement\/zukunft\/demokratie\/rechts\/sonneberg-afd\/\">Sonneberg-AfD<\/a><\/li>\n<li><a href=\"https:\/\/www.freiburg-schwarzwald.de\/blog\/engagement\/zukunft\/demokratie\/sozialismus\/sozialismus-gruene\/\">Sozialismus-Gruene<\/a><\/li>\n<li><a title=\"Wahlen-Ex-DDR\" href=\"https:\/\/www.freiburg-schwarzwald.de\/blog\/engagement\/zukunft\/demokratie\/wahlen-ex-ddr\/\">Wahlen-Ex-DDR<\/a><\/li>\n<li><a title=\"WerteUnion\" href=\"https:\/\/www.freiburg-schwarzwald.de\/blog\/vereine\/partei\/cdu\/werteunion\/\">Werteunion<\/a><\/li>\n<\/ul>\n<p>&nbsp;<\/p>\n<p><strong>Ein linkes Zeitalter endet<\/strong><br \/>\nDeutschland ist ein linkes Land. Der \u00f6ffentlich-rechtliche Rundfunk zeigt sich bereits seit Jahren als politischer Akteur linker Politik. Die einst konservative CDU hat sich zwei Jahrzehnte lang von den Sozialdemokraten die Politik diktieren lassen. Und auch die sozialen Medien werden von Linken beherrscht.<br \/>\nPositionen, die vor 20 Jahren v\u00f6llig normal waren, werden heute dem rechtsextremen Lager zugeschrieben und ein jeder, der nicht auf Linie ist, muss mit Ausgrenzung und Beschimpfung rechnen, was ein R\u00fcckblick auf die Corona-Zeit unzweifelhaft belegt.<br \/>\nDie linke Hegemonie beherrscht seit langem den Diskurs in diesem Land, doch das ist jetzt vorbei. Allzu deutlich wurde dies in den Tagen nach dem Anschlag auf Israel. In deutschen St\u00e4dten versammelten sich unz\u00e4hlige Menschen, zumeist mit Migrationshintergrund, und solidarisierten sich mit den Hamas, forderten die Vernichtung Israels und die Ausl\u00f6schung j\u00fcdischen Lebens.<br \/>\nDieses Ereignis, fast achtzig Jahre nach dem Ende der Shoah, sorgte f\u00fcr einen gesellschaftlichen Fl\u00e4chenbrand. Was jahrelang undenkbar schien, passierte binnen Stunden: Politiker aller Lager forderten lautstark die Abschiebung von Antisemiten.<br \/>\n&#8230; Alles vom 18.10.2023 bitte lesen auf<br \/>\n<a href=\"https:\/\/www.dersandwirt.de\/ein-linkes-zeitalter-endet\/\">https:\/\/www.dersandwirt.de\/ein-linkes-zeitalter-endet\/<\/a><\/p>\n<p>&nbsp;<\/p>\n<p><strong>Hessen: Gr\u00fcne Regierung, trotze konservativer Mehrheit<\/strong><br \/>\nFranz Josef Strau\u00df sprach am 7. Oktober 1986 auf dem CDU-Parteitag in Mainz die Orakelworte: \u201eWenn diese Bundesrepublik Deutschland einen fundamentalen Wandel in Richtung Rot-Gr\u00fcn vollziehen w\u00fcrde, dann w\u00e4re unsere Arbeit der letzten vierzig Jahre umsonst gewesen, dann w\u00e4re das Schicksal der Lebenden ungewi\u00df, und die Zukunft der kommenden Generationen w\u00fcrde auf dem Spiele stehen.\u201c<br \/>\nGenau das ist eingetreten: Das Schicksal der Lebenden ist ungewiss geworden, die Zukunft kommender Generationen steht auf dem Spiel. Und S\u00f6der w\u00fcrde Strau\u00df heute einen Rechtspopulisten nennen, sofern die Umfragen nicht etwas anderes herg\u00e4ben.<br \/>\n&#8230;<br \/>\nIn Hessen gibt es eine konservative Mehrheit, doch die Union koaliert mit den Gr\u00fcnen, die weder vom deutschen Volk, noch von der deutschen Wirtschaft, noch von der deutschen Kultur viel \u00fcbrig lassen wollen \u2013 von der deutschen Natur strenggenommen auch nicht \u2013, und l\u00e4sst sich von den Medien und dem NGO-Unterst\u00fctzersumpf deren extremistische Agenda aufdr\u00e4ngen. Ein erb\u00e4rmliches Schauspiel.<br \/>\n&#8230; Alles vom 9.10.2023 von Michael Klonovsky auf der &#8222;Acta diurna&#8220; bitte lesen auf<br \/>\n<a href=\"https:\/\/www.klonovsky.de\/2023\/10\/9-oktober-2023\/\">https:\/\/www.klonovsky.de\/2023\/10\/9-oktober-2023\/<\/a><\/p>\n<p>&nbsp;<\/p>\n<p>&nbsp;<\/p>\n<p><strong>AfD nur noch knapp hinter Union \u2013 Deutschlands gordischer Knoten zieht sich zu<\/strong><br \/>\nDie AfD erreicht einen neuen demoskopischen H\u00f6chstwert: 22 Prozent. Die Ampel kommt auf 39 Prozent \u2013 zu wenig f\u00fcr eine parlamentarische Mehrheit. Die unl\u00f6sbare Situation besteht darin, dass die Regierung Probleme produziert, die sie dadurch zu beheben gedenkt, dass sie noch gr\u00f6\u00dfere Probleme erzeugt.<br \/>\n&#8230;<br \/>\nAufgrund der Realit\u00e4tsverweigerung stehen die Parteien \u2013 mit Ausnahme der AfD \u2013 und viele Medien hilflos vor der Entwicklung, fl\u00fcchten in Propaganda, bem\u00fchen verzweifelt Klischees und zeigen sich doch nur als Gefangene ihrer Vorurteile. Selten lief politische Kommunikation so im Leerlauf, selten wurden tausendmal geh\u00f6rte Textbausteine und Phrasen bem\u00fcht, dass selbst Texte von ChatGPT \u00fcberraschender und farbiger wirkten. Grau ist den Funktion\u00e4ren der Parteien die Wirklichkeit, grau ist ihre Sprache.<br \/>\n<em><strong>Die unl\u00f6sbare Situation besteht darin, dass die Regierung Probleme produziert, die sie dadurch zu beheben gedenkt, dass sie noch gr\u00f6\u00dfere Probleme erzeugt.<\/strong> <\/em>Folgeabsch\u00e4tzung ist f\u00fcr sie ein Fremdwort, ihr Motto lautet hingegen: Ich will es, also macht es. Man nennt es Voluntarismus, die Wirklichkeit ist nichts, der Wille ist alles. Der Voluntarismus ist die deutsche Krankheit schlechthin. Der absolut gesetzte Wille ist die Leiter, die in die H\u00f6hen der Tr\u00e4ume f\u00fchrt.<br \/>\nDa die Eliten blind sind f\u00fcr das Desaster, das sie anrichten, muss es Propaganda richten. Doch Propaganda schafft die Wirklichkeit nicht aus der Welt, sie vermag den Blick auf die Wirklichkeit zu vernebeln, nur stellt sich Propaganda im gleichen Ma\u00dfe blo\u00df, wie sie gr\u00f6ber, absurder, wirklichkeitsferner wird, weil die Distanz zur Wirklichkeit un\u00fcberbr\u00fcckbar wird. Wer Boden- und Lufttemperatur vertauschen muss, um den Leuten einzureden, dass wir den hei\u00dfesten Sommer seit Menschengedenken haben, obwohl man eine Pullover anziehen muss, wenn man das Haus verl\u00e4sst, der ben\u00f6tigt die Klimaapokalyptik so sehr, die Hysterien und \u00c4ngste, um mit der gr\u00f6\u00dften aller gro\u00dfen, der gigantischen aller gigantischen Katastrophen den Fakt zu rechtfertigen, dass man die Wirtschaft gegen die Wand f\u00e4hrt.<br \/>\nDie Ratlosigkeit der Parteien, die sich in den \u00fcblichen Mustern des Orwellschen Politsprechs, den Verdrehungen, im Bem\u00fchen von Verschw\u00f6rungstheorien breitmacht, die Geschwindigkeit, in der man Zuflucht zu kommunistischen Regelungen von der Antidiskriminierungsdiskriminierung bis hin zur Etablierung von R\u00e4ten, um peu \u00e0 peu von einer parlamentarischen Republik in eine R\u00e4tediktatur \u00fcberzugehen, zeigt nur, dass die Eliten nicht aus ihrer Blase mehr herausfinden, sie mit ihrem Latein zwar nicht weiterkommen, nicht mehr so weiterregieren k\u00f6nnen, es aber wollen, die Regierten aber immer weniger mit dieser Regierung leben k\u00f6nnen.<br \/>\n.. Alles vom 22.7.2023 bitte lesen auf<br \/>\n<a href=\"https:\/\/www.tichyseinblick.de\/daili-es-sentials\/afd-22-prozent-hoechstwert-union-sonntagstrend-insa\/\">https:\/\/www.tichyseinblick.de\/daili-es-sentials\/afd-22-prozent-hoechstwert-union-sonntagstrend-insa\/<\/a><\/p>\n<p>&nbsp;<\/p>\n<p><strong>Die Herkulesaufgabe der alternativen rechten Politik<\/strong><br \/>\nMartin E. Renner beschreibt die \u00fcberaus schwere Arbeit der Opposition im Bundestag anhand der Hydra-Metapher, die gegen neun K\u00f6pfe anzuarbeiten habe:<br \/>\n1) Blockbildung der Parteien gegen die AfD, 2) Medien (Mainstream) 3) Wissenschaften (Gef\u00e4lligkeits-, Agendawiss.), 4) Bigtech, BigData, BigPharma, BigMoney &#8230;, 5) Justiz und Rechtspflege, 6) Verfassungsschutz, 7) \u00d6ffentl. Verwaltung, 8) Zivilgesellschaft (NGOs, Stiftungen, Lobby, ..)<br \/>\nZu diesen acht nationalen K\u00f6pfen kommt der internationale: 9) Globalisierung (EU sowie Organisationen wie WEF, WHO, &#8230; )<br \/>\n<a href=\"https:\/\/twitter.com\/renner_afd?lang=de\">https:\/\/twitter.com\/renner_afd?lang=de<\/a>, 24.6.2033<\/p>\n<p>.<\/p>\n<p><strong>Dr. Maximilian Krah: &#8222;Politik von rechts&#8220;<\/strong><br \/>\nDeutschland braucht eine rechtskonservative Wende<br \/>\n\u00bbAm Rande der Gesellschaft\u00ab &#8211; Diskussion mit mit Maximilian Krah, Ellen Kositza und G\u00f6tz Kubitschek.<br \/>\n<a href=\"https:\/\/youtu.be\/Yjm1IiTgSHY\">https:\/\/youtu.be\/Yjm1IiTgSHY<\/a>, 24.6.2023<br \/>\nKommentar: Wir m\u00fcssen dem Begriff rechts auf uns selbst anwenden, nur so kann man den Begriff rehabilitieren und dem Gegner, der ihn als Kampfbegriff verwendet, den Wind aus den Segeln nehmen. Bod<br \/>\n.<\/p>\n<p><strong>Weidel: Migration treibt W\u00e4hler nach rechts und hin zur AfD<\/strong><br \/>\nIn der Debatte zur Regierungserkl\u00e4rung von Olaf Scholz am 21.6.2023 beschreibt Alice Weidel in ihrer Generalabrechnung mit der Ampel die Gr\u00fcnde f\u00fcr das Erstarken der AfD. Der Hauptgrund liegt nach wie vor in der f\u00fcr die B\u00fcrger nicht zufriedenstellenden Migrationspolitik: \u201eDie Lasten tragen die B\u00fcrger. Sie zahlen den Preis, wenn der \u00f6ffentliche Raum zur No-Go-Area wird und brutale Messergewalt und Sexualdelikte zur Alltagserscheinung werden. Sie lassen die einheimische Bev\u00f6lkerung mit dieser perversen importierten Kriminalit\u00e4tsbelastung eiskalt im Stich.&#8220;<br \/>\n<a href=\"https:\/\/youtu.be\/Z-AcnyFAI70\">https:\/\/youtu.be\/Z-AcnyFAI70<\/a>, 21.6.2023<\/p>\n","protected":false},"excerpt":{"rendered":"<p>Home\u00a0&gt;Engagement\u00a0&gt;Zukunft\u00a0&gt;Demokratie &gt;Rechts &gt;AfD &gt;Rechtsruck Listenauswahl eines Beitrags (Artikel\/Datum, Seite\/Inhalt): Klicken oder scrollen Karl Schwarz, Freiburger OB-Kandidat der AfD, ist Gegenwind gewohnt\u00a0(17.4.2026) Pulverfass Boomer-Republik Deutschland: Warum die Jugend mit diesem Land bricht\u00a0(3.4.2026) Die Lehren aus den Ost-Wahlen\u00a0(25.9.2024) Jugend rechts \u2013 Eltern &hellip; <a href=\"https:\/\/www.freiburg-schwarzwald.de\/blog\/engagement\/zukunft\/demokratie\/rechts\/rechtsruck\/\">Weiterlesen <span class=\"meta-nav\">&rarr;<\/span><\/a><\/p>\n","protected":false},"author":2,"featured_media":0,"parent":58132,"menu_order":0,"comment_status":"closed","ping_status":"closed","template":"","meta":{"footnotes":""},"class_list":["post-113213","page","type-page","status-publish","hentry"],"_links":{"self":[{"href":"https:\/\/www.freiburg-schwarzwald.de\/blog\/wp-json\/wp\/v2\/pages\/113213","targetHints":{"allow":["GET"]}}],"collection":[{"href":"https:\/\/www.freiburg-schwarzwald.de\/blog\/wp-json\/wp\/v2\/pages"}],"about":[{"href":"https:\/\/www.freiburg-schwarzwald.de\/blog\/wp-json\/wp\/v2\/types\/page"}],"author":[{"embeddable":true,"href":"https:\/\/www.freiburg-schwarzwald.de\/blog\/wp-json\/wp\/v2\/users\/2"}],"replies":[{"embeddable":true,"href":"https:\/\/www.freiburg-schwarzwald.de\/blog\/wp-json\/wp\/v2\/comments?post=113213"}],"version-history":[{"count":6,"href":"https:\/\/www.freiburg-schwarzwald.de\/blog\/wp-json\/wp\/v2\/pages\/113213\/revisions"}],"predecessor-version":[{"id":148060,"href":"https:\/\/www.freiburg-schwarzwald.de\/blog\/wp-json\/wp\/v2\/pages\/113213\/revisions\/148060"}],"up":[{"embeddable":true,"href":"https:\/\/www.freiburg-schwarzwald.de\/blog\/wp-json\/wp\/v2\/pages\/58132"}],"wp:attachment":[{"href":"https:\/\/www.freiburg-schwarzwald.de\/blog\/wp-json\/wp\/v2\/media?parent=113213"}],"curies":[{"name":"wp","href":"https:\/\/api.w.org\/{rel}","templated":true}]}}