{"id":112689,"date":"2023-05-31T21:09:25","date_gmt":"2023-05-31T19:09:25","guid":{"rendered":"https:\/\/www.freiburg-schwarzwald.de\/blog\/?page_id=112689"},"modified":"2024-01-12T12:19:44","modified_gmt":"2024-01-12T11:19:44","slug":"passionsblumen","status":"publish","type":"page","link":"https:\/\/www.freiburg-schwarzwald.de\/blog\/natur\/flora\/passionsblumen\/","title":{"rendered":"Passionsblumen"},"content":{"rendered":"<p>Home &gt;<a title=\"Natur\" href=\"https:\/\/www.freiburg-schwarzwald.de\/blog\/natur\/\">Natur<\/a>\u00a0&gt;<a title=\"Flora\" href=\"https:\/\/www.freiburg-schwarzwald.de\/blog\/natur\/flora\/\">Flora<\/a>\u00a0&gt;<a title=\"Garten\" href=\"https:\/\/www.freiburg-schwarzwald.de\/blog\/natur\/garten\/\">Garten<\/a>\u00a0 &gt;<a href=\"https:\/\/www.freiburg-schwarzwald.de\/blog\/natur\/flora\/blumen\/\">Blumen<\/a> &gt;<a href=\"https:\/\/www.freiburg-schwarzwald.de\/blog\/natur\/flora\/frauenmantel\/\">Frauenmantel<\/a> &gt;Passionsblumen<\/p>\n<div id=\"attachment_5982\" style=\"width: 649px\" class=\"wp-caption alignnone\"><a href=\"https:\/\/www.freiburg-schwarzwald.de\/blog\/wp-content\/uploads\/2012\/06\/blumenwiese3pan120629.jpg\"><img loading=\"lazy\" decoding=\"async\" aria-describedby=\"caption-attachment-5982\" class=\"size-full wp-image-5982\" src=\"https:\/\/www.freiburg-schwarzwald.de\/blog\/wp-content\/uploads\/2012\/06\/blumenwiese3pan120629.jpg\" alt=\"\" width=\"639\" height=\"220\" srcset=\"https:\/\/www.freiburg-schwarzwald.de\/blog\/wp-content\/uploads\/2012\/06\/blumenwiese3pan120629.jpg 639w, https:\/\/www.freiburg-schwarzwald.de\/blog\/wp-content\/uploads\/2012\/06\/blumenwiese3pan120629-180x61.jpg 180w\" sizes=\"auto, (max-width: 639px) 100vw, 639px\" \/><\/a><p id=\"caption-attachment-5982\" class=\"wp-caption-text\">Blumenwiese am 29.6.2012<\/p><\/div>\n<ul>\n<li><a href=\"https:\/\/www.freiburg-schwarzwald.de\/blog\/natur\/garten\/botanischer-garten\/\">Schaugew\u00e4chsh\u00e4user im Botanischen Garten: Ausflug in die Freiburger Tropen<\/a>\u00a0(12.1.2024)<\/li>\n<li>Lebenslange Passion f\u00fcr Passionsblumen (30.5.2023)<\/li>\n<\/ul>\n<p>&nbsp;<\/p>\n<p><strong>Lebenslange Passion f\u00fcr Passionsblumen<\/strong><br \/>\nDie weltweit drittgr\u00f6\u00dfte Sammlung von Passionsblumen befindet sich in der Region. Der Ebneter Kaufmann und Z\u00fcchter Mattis Tessmann sucht nun nach einer M\u00f6glichkeit, sie der \u00d6ffentlichkeit zug\u00e4nglich zu machen. .<br \/>\nMattis Tessmann z\u00fcchtet Passionsblumen seit seiner fr\u00fchen Jugend. Mit 13 kaufte er sich seine erste Pflanze, f\u00fcnf Jahre sp\u00e4ter bev\u00f6lkerten an die hundert davon den elterlichen Garten. Heute, mit 30 Jahren, verf\u00fcgt er \u00fcber die drittgr\u00f6\u00dfte Sammlung der Welt. Das Wort Passion bedeutet Leid und Leidenschaft. Tessmann findet, dass beide Bedeutungen gut zu ihm passen. F\u00fcr Pflanzen habe er sich immer interessiert, sagt der ausgebildete G\u00e4rtner. Woher das kommt, wei\u00df er nicht. Weder seine Eltern noch seine Gro\u00dfeltern h\u00e4tten einen gr\u00fcnen Daumen. Aber ein Tessmann habe vor einigen Jahrhunderten ein paar Passionsblumen erstbeschrieben. &#8222;Vielleicht ist die Leidenschaft doch angelegt&#8220;, \u00fcberlegt Mattis Tessmann.<br \/>\nAufgewachsen ist er in B\u00f6blingen. Auf der R\u00fcckfahrt aus einem Urlaub hielten seine Eltern und er einmal an einem Baumarkt. Dort kaufte er damals seine erste Passionsblume. &#8222;Mit 15 ist dann der Wahnsinn ausgebrochen&#8220;, sagt er grinsend, denn von da an vergr\u00f6\u00dferte er seine Sammlung durch Tauschen, bis der ganze Garten vollstand. Heute besitzt er rund 350 der weltweit rund 570 Arten, dazu kommen einige Z\u00fcchtungen. Er schw\u00e4rmt von diesen Blumen: von der Vielfalt ihrer Bl\u00e4tter, von ihrer Evolution, von ihren Bl\u00fcten, die er &#8222;bezaubernd&#8220; und &#8222;magisch&#8220; nennt. Ohne diese Begeisterung w\u00fcrde er sicher nicht all die Zeit aufwenden. Nach Freiburg kam er wegen einer Panne und wegen der Liebe. Als Jugendlicher hatte er eher den Kaiserstuhl ins Auge gefasst, wegen des guten Klimas f\u00fcr die Passionsblume. Als er aber mit seiner heutigen Frau im Jahr 2014 aus einem Urlaub in Italien zur\u00fcckkehrte, da sprang das Auto in Freiburg nicht mehr an. &#8222;Stehen geblieben, hier geblieben&#8220;, sagt Tessmann mit einem Lachen. Heute haben die beiden vier Kinder, ihr \u00c4ltester bekam vor kurzem seine erste Passionsblume und sei begeistert, so der Vater. Die Familie wohnt in St. Peter \u2013 &#8222;ein guter Ort f\u00fcr die Hochlandarten&#8220;.<br \/>\nDie Pflanzen wachsen schnell und deshalb auch ineinander. Jedes Jahr trenne er sie eine Stunde lang auf \u2013 pro Pflanze. Das ergibt rund zwei Wochen reine Arbeitszeit. Tessmann geht deshalb im Herbst und Fr\u00fchling fr\u00fcher aus dem Haus und kommt sp\u00e4ter wieder heim. Und wie oft er seine Pflanzen schon hin- und hergefahren habe! Nach einem dauerhaften Standort f\u00fcr die Mutterpflanzen sucht er schon lange: ein Acker in der N\u00e4he, auf den soll dann ein Gew\u00e4chshaus, auch um die Sammlung im Rahmen von Ausstellungen \u00f6ffentlich zu machen. Vor kurzem hat er zumindest eine Bleibe f\u00fcr diesen Sommer gefunden, als Unterp\u00e4chter in Kirchzarten.<br \/>\nDie Passionsblumen spielten immer eine Rolle in seinem Leben. Nach 2014 gr\u00fcndete er einen Kurierdienst, er verma\u00df mit Drohnen Bauprojekte, arbeitete auch mal als Tagesvater und im Garten- und Landschaftsbau, bis er 2018 dann den Bioladen im Freiburger Stadtteil <a href=\"https:\/\/www.freiburg-schwarzwald.de\/blog\/regio\/freiburg\/ebnet\/\">Ebnet<\/a> er\u00f6ffnete.<br \/>\n&#8222;Das war ein spontaner Impuls&#8220;, sagt er. Er habe Passionsblumen verschicken wollen und sei mit dem damaligen Inhaber der Post ins Gespr\u00e4ch gekommen, dem der Laden zu gro\u00df war. Sie h\u00e4tten festgestellt, dass in Ebnet ein Lebensmittelladen fehle, wollten das \u00e4ndern und teilten sich fortan die R\u00e4umlichkeit (die BZ berichtete). Vor zwei Jahren k\u00fcndigte ihm die Vermieterin und der Laden zog an den heutigen Standort um. &#8222;Das Flair hier ist viel sch\u00f6ner&#8220;, sagt Tessmann heute.<br \/>\nWie viele Pflanzen er genau hat, kann nicht einmal er sagen \u2013 den Titel der drittgr\u00f6\u00dften Sammlung der Welt bekam er 2022 \u00fcber seine Bestandsliste von der Passiflora Society International zugesprochen. Im Sommer jedenfalls standen einige seiner Pflanzen vor dem Laden, sie seien sein Markenzeichen. &#8222;Die kommen sehr gut an&#8220;, sagt er. Seit kurzem kann man im Bioladen und in seinem Online-Shop auch Jungpflanzen kaufen. F\u00fcr Tessmann jedenfalls \u00fcberwiegt die Leidenschaft das Leid bei weitem: &#8222;Wenn ich eine Bl\u00fcte sehe, wei\u00df ich, warum ich das mache.&#8220;<\/p>\n<p>Passionsblumen<br \/>\nPassionsblumen stammen urspr\u00fcnglich aus Lateinamerika, wo sie sich in Wechselwirkung (&#8222;Koevolution&#8220;) mit Schmetterlingen entwickelt haben. Die Bl\u00fcten k\u00f6nnen bis zu 18 Zentimeter gro\u00df werden, \u00f6ffnen sich aber nur einmal, meist nur f\u00fcr einen Tag. Einige Arten haben essbare Fr\u00fcchte, von denen die Maracuja hierzulande wohl die bekannteste ist.<br \/>\n&#8230; Alles vom 31.5.2023 von Dominik Hei\u00dfler bitte lesen auf<br \/>\n<a href=\"https:\/\/www.badische-zeitung.de\/lebenslange-passion-fuer-passionsblumen--264898981.html\">https:\/\/www.badische-zeitung.de\/lebenslange-passion-fuer-passionsblumen&#8211;264898981.html<\/a><\/p>\n<p>Passiflora von Mattis Tessmann<br \/>\n0163\/7601285<br \/>\nAllmendweg 5, 79271 St.Peter<br \/>\n<a href=\"http:\/\/www.mstn-passiflora.de\/\">http:\/\/www.mstn-passiflora.de\/<\/a><\/p>\n","protected":false},"excerpt":{"rendered":"<p>Home &gt;Natur\u00a0&gt;Flora\u00a0&gt;Garten\u00a0 &gt;Blumen &gt;Frauenmantel &gt;Passionsblumen Schaugew\u00e4chsh\u00e4user im Botanischen Garten: Ausflug in die Freiburger Tropen\u00a0(12.1.2024) Lebenslange Passion f\u00fcr Passionsblumen (30.5.2023) &nbsp; Lebenslange Passion f\u00fcr Passionsblumen Die weltweit drittgr\u00f6\u00dfte Sammlung von Passionsblumen befindet sich in der Region. Der Ebneter Kaufmann und Z\u00fcchter &hellip; <a href=\"https:\/\/www.freiburg-schwarzwald.de\/blog\/natur\/flora\/passionsblumen\/\">Weiterlesen <span class=\"meta-nav\">&rarr;<\/span><\/a><\/p>\n","protected":false},"author":2,"featured_media":0,"parent":1531,"menu_order":0,"comment_status":"closed","ping_status":"closed","template":"","meta":{"footnotes":""},"class_list":["post-112689","page","type-page","status-publish","hentry"],"_links":{"self":[{"href":"https:\/\/www.freiburg-schwarzwald.de\/blog\/wp-json\/wp\/v2\/pages\/112689","targetHints":{"allow":["GET"]}}],"collection":[{"href":"https:\/\/www.freiburg-schwarzwald.de\/blog\/wp-json\/wp\/v2\/pages"}],"about":[{"href":"https:\/\/www.freiburg-schwarzwald.de\/blog\/wp-json\/wp\/v2\/types\/page"}],"author":[{"embeddable":true,"href":"https:\/\/www.freiburg-schwarzwald.de\/blog\/wp-json\/wp\/v2\/users\/2"}],"replies":[{"embeddable":true,"href":"https:\/\/www.freiburg-schwarzwald.de\/blog\/wp-json\/wp\/v2\/comments?post=112689"}],"version-history":[{"count":5,"href":"https:\/\/www.freiburg-schwarzwald.de\/blog\/wp-json\/wp\/v2\/pages\/112689\/revisions"}],"predecessor-version":[{"id":119355,"href":"https:\/\/www.freiburg-schwarzwald.de\/blog\/wp-json\/wp\/v2\/pages\/112689\/revisions\/119355"}],"up":[{"embeddable":true,"href":"https:\/\/www.freiburg-schwarzwald.de\/blog\/wp-json\/wp\/v2\/pages\/1531"}],"wp:attachment":[{"href":"https:\/\/www.freiburg-schwarzwald.de\/blog\/wp-json\/wp\/v2\/media?parent=112689"}],"curies":[{"name":"wp","href":"https:\/\/api.w.org\/{rel}","templated":true}]}}