{"id":111516,"date":"2023-04-07T11:42:50","date_gmt":"2023-04-07T09:42:50","guid":{"rendered":"https:\/\/www.freiburg-schwarzwald.de\/blog\/?page_id=111516"},"modified":"2025-11-16T15:54:06","modified_gmt":"2025-11-16T14:54:06","slug":"kita","status":"publish","type":"page","link":"https:\/\/www.freiburg-schwarzwald.de\/blog\/bildung\/kindergarten\/kita\/","title":{"rendered":"Kita"},"content":{"rendered":"<p>Home &gt;<a title=\"Bildung\" href=\"https:\/\/www.freiburg-schwarzwald.de\/blog\/bildung\/\">Bildung<\/a>\u00a0&gt;<a title=\"Kinder\" href=\"https:\/\/www.freiburg-schwarzwald.de\/blog\/selbsthilfe\/kinder\/\">Kinder<\/a>\u00a0&gt;<a title=\"Kindergarten\" href=\"https:\/\/www.freiburg-schwarzwald.de\/blog\/bildung\/kindergarten\/\">Kindergarten<\/a> &gt;<a href=\"https:\/\/www.freiburg-schwarzwald.de\/blog\/bildung\/kinderkrippe\/\">Kinderkrippe<\/a> &gt;Kita<\/p>\n<div id=\"attachment_11161\" style=\"width: 647px\" class=\"wp-caption alignnone\"><a href=\"https:\/\/www.freiburg-schwarzwald.de\/blog\/wp-content\/uploads\/2012\/09\/esskastanie-laub-pan091030.jpg\"><img loading=\"lazy\" decoding=\"async\" aria-describedby=\"caption-attachment-11161\" class=\"size-full wp-image-11161\" src=\"https:\/\/www.freiburg-schwarzwald.de\/blog\/wp-content\/uploads\/2012\/09\/esskastanie-laub-pan091030.jpg\" alt=\"\" width=\"637\" height=\"237\" srcset=\"https:\/\/www.freiburg-schwarzwald.de\/blog\/wp-content\/uploads\/2012\/09\/esskastanie-laub-pan091030.jpg 637w, https:\/\/www.freiburg-schwarzwald.de\/blog\/wp-content\/uploads\/2012\/09\/esskastanie-laub-pan091030-180x66.jpg 180w\" sizes=\"auto, (max-width: 637px) 100vw, 637px\" \/><\/a><p id=\"caption-attachment-11161\" class=\"wp-caption-text\">Kinderversteck im Herbstlaub der Esskastanie am 30.10.2009<\/p><\/div>\n<ul>\n<li><em>Listenauswahl eines Beitrags: Bitte <span style=\"text-decoration: underline;\">anklicken<\/span> oder runterscrollen<\/em><\/li>\n<li><a href=\"https:\/\/www.freiburg-schwarzwald.de\/blog\/tatort-kita-fruehsexualisierung\/\">Tatort Kita: Fr\u00fchsexualisierung<\/a>\u00a0(16.11.2025)<\/li>\n<li>Tatort Kita: Der woke Angriff auf unsere Kinder (6.11.2025)<\/li>\n<li><a href=\"https:\/\/www.freiburg-schwarzwald.de\/blog\/kultur\/medien\/diskussionskultur\/sippenhaft\/\">Vierj\u00e4hrige wegen falscher politischer Einstellung (AfD) aus Kita entfernen<\/a>\u00a0(29.10.2025)<\/li>\n<li><a href=\"https:\/\/www.freiburg-schwarzwald.de\/blog\/religion\/islam\/islam-maedchen\/\">Otto verkauft Ganzk\u00f6rperverschleierung f\u00fcr Kita-Kinder<\/a>\u00a0(26.8.2025)<\/li>\n<li><a href=\"https:\/\/www.freiburg-schwarzwald.de\/blog\/selbsthilfe\/krise\/sexuellermissbrauch\/\">Missbrauch in Freiburger Kita \u2013 Kontroverse<\/a> (15.8.2024)<\/li>\n<li><a href=\"https:\/\/www.freiburg-schwarzwald.de\/blog\/regio\/orte\/kirchzarten\/dietenbach\/\">Naturkita am Ruhbauernhof in Kirchzarten-Dietenbach<\/a>\u00a0(24.2.2024)<\/li>\n<li><a href=\"https:\/\/www.freiburg-schwarzwald.de\/blog\/kita-zarten-12-eckiger-holzbau\/\">Kita Zarten 12-eckiger Holzbau<\/a>\u00a0(4.2.2024)<\/li>\n<li>Tabu-Thema: Parallelgesellschaften in Deutschlands Kitas und Schulen (30.4.2023)<\/li>\n<li>Anstehende Erh\u00f6hung der Kitageb\u00fchren in Freiburg (11.4.2023)<\/li>\n<li>\u201eDu mir nix sagen, du deutsch!\u201c: Zoff mit Migranten-Jungs im Kindergarten (5.4.23)<\/li>\n<\/ul>\n<ul>\n<li><a title=\"Babyboom\" href=\"https:\/\/www.freiburg-schwarzwald.de\/blog\/selbsthilfe\/kinder\/babyboom\/\">Babyboom<\/a><\/li>\n<li><a href=\"https:\/\/www.freiburg-schwarzwald.de\/blog\/business\/gesund\/corona-virus\/corona-kinder\/\">Corona-Kinder<\/a><\/li>\n<li><a title=\"Erziehungsberatung\" href=\"https:\/\/www.freiburg-schwarzwald.de\/blog\/bildung\/erziehungsberatung\/\">Erziehungsberatung<\/a><\/li>\n<li><a href=\"https:\/\/www.freiburg-schwarzwald.de\/familienzentrum.htm\">Familienzentren<\/a>\u00a0&gt;Familienzentrum<\/li>\n<li><a href=\"https:\/\/www.freiburg-schwarzwald.de\/blog\/global\/integration\/fluechtlinge-islam\/\">Fl\u00fcchtlinge<\/a><\/li>\n<li><a href=\"https:\/\/www.freiburg-schwarzwald.de\/blog\/religion\/islam\/islam-deutschland\/\">Islam-Deutschland<\/a><\/li>\n<li><a href=\"https:\/\/www.freiburg-schwarzwald.de\/blog\/religion\/islam\/islam-maedchen\/\">Islam-M\u00e4dchen<\/a><\/li>\n<li><a href=\"https:\/\/www.freiburg-schwarzwald.de\/blog\/bildung\/kindergarten\/\">Kindergarten<\/a><\/li>\n<li><a title=\"Kinderkrippe\" href=\"https:\/\/www.freiburg-schwarzwald.de\/blog\/bildung\/kinderkrippe\/\">Kinderkrippen<\/a><\/li>\n<li><a href=\"https:\/\/www.freiburg-schwarzwald.de\/blog\/bildung\/kindergarten\/kita\/\">Kita<\/a><\/li>\n<li><a href=\"https:\/\/www.freiburg-schwarzwald.de\/blog\/selbsthilfe\/frauen\/gender\/lgbtq\/\">LBGTQ<\/a><\/li>\n<li><a href=\"https:\/\/www.freiburg-schwarzwald.de\/blog\/global\/migration\/migrantenkinder\/\">Migrantenkinder<\/a><\/li>\n<li><a title=\"Praegung\" href=\"https:\/\/www.freiburg-schwarzwald.de\/blog\/selbsthilfe\/kinder\/praegung\/\">Pr\u00e4gung<\/a><\/li>\n<li><a href=\"https:\/\/www.freiburg-schwarzwald.de\/blog\/selbsthilfe\/krise\/sexuellermissbrauch\/\">SexuellerMissbrauch<\/a><\/li>\n<li><a href=\"https:\/\/www.freiburg-schwarzwald.de\/littenweiler\/spielplatz.htm\">Spielpl\u00e4tze<\/a>\u00a0&gt;Spielplatz<\/li>\n<li><a href=\"https:\/\/www.freiburg-schwarzwald.de\/spielzeug.htm\">Spielzeug f\u00fcr Kinder<\/a>\u00a0&gt;Spielzeug<\/li>\n<li><a href=\"https:\/\/www.freiburg-schwarzwald.de\/maerchen.htm\">M\u00e4rchenerz\u00e4hler<\/a>\u00a0&gt;Maerchen<\/li>\n<\/ul>\n<p>&nbsp;<\/p>\n<div id=\"attachment_125152\" style=\"width: 651px\" class=\"wp-caption alignnone\"><a href=\"https:\/\/www.freiburg-schwarzwald.de\/blog\/wp-content\/uploads\/2024\/07\/kindereisenbahn13062024pan.jpg\"><img loading=\"lazy\" decoding=\"async\" aria-describedby=\"caption-attachment-125152\" class=\"size-full wp-image-125152\" src=\"https:\/\/www.freiburg-schwarzwald.de\/blog\/wp-content\/uploads\/2024\/07\/kindereisenbahn13062024pan.jpg\" alt=\"\" width=\"641\" height=\"324\" srcset=\"https:\/\/www.freiburg-schwarzwald.de\/blog\/wp-content\/uploads\/2024\/07\/kindereisenbahn13062024pan.jpg 641w, https:\/\/www.freiburg-schwarzwald.de\/blog\/wp-content\/uploads\/2024\/07\/kindereisenbahn13062024pan-180x91.jpg 180w\" sizes=\"auto, (max-width: 641px) 100vw, 641px\" \/><\/a><p id=\"caption-attachment-125152\" class=\"wp-caption-text\">Die gro\u00dfe 8 der Kindereisenbahn ist fertig am 10.6.2024<\/p><\/div>\n<p>&nbsp;<\/p>\n<p><strong>Tatort Kita: Der woke Angriff auf unsere Kinder<\/strong><br \/>\nSexuelle \u00dcbergriffe unter Kindern in Kitas h\u00e4ufen sich. Was steckt hinter dieser schockierenden Entwicklung? Unser neuer Dokumentarfilm<br \/>\n<a href=\"https:\/\/www.youtube.com\/watch?v=4glffL9P_jo\">https:\/\/www.youtube.com\/watch?v=4glffL9P_jo<\/a><br \/>\nzeigt, wie Kitas in ganz Deutschland zum ideologischen Experimentierfeld geworden sind. #Kinder werden in Kitas durch sexualp\u00e4dagogische Konzepte sexualisiert, zu &#8222;Doktorspielen&#8220; oder &#8222;K\u00f6rpererkundungen&#8220; ermuntert, wof\u00fcr teilweise sogar eigene R\u00e4ume bereitgestellt werden. Diese #P\u00e4dagogik verletzt Schamgrenzen und verwirrt Kinder in ihrer Identit\u00e4t.<\/p>\n<p>Unser Film beleuchtet die Zusammenh\u00e4nge und Ursachen. Au\u00dferdem decken wir exklusive Hintergr\u00fcnde zu den &#8222;#WHO-Standards f\u00fcr Sexualaufkl\u00e4rung in Europa&#8220; auf, die bisher in Deutschland noch nicht bekannt sind. Daf\u00fcr sprachen wir mit betroffenen Eltern, dem Psychologen Prof. Dr. Christian Schubert, den Kinder- und Jugendlichenpsychotherapeuten Anja und Roman G\u00f6beke, der Vertreterin der franz\u00f6sischen Kinderschutzorganisation \u201eMamans Louves\u201c, Christelle Comet, und dem Sozialwissenschaftler Thibault Kerlirzin.<br \/>\nUnsere Doku kann eine echte Ver\u00e4nderung in den Kitas herbeif\u00fchren. Verbreiten Sie sie daher bitte in Ihren Sozialen Netzwerken und Chatgruppen!<\/p>\n<p>Weiterf\u00fchrende Hinweise:<br \/>\n&#8222;WHO-Standards f\u00fcr Sexualaufkl\u00e4rung in Europa&#8220;: <a href=\"https:\/\/whocc.bioeg.de\/fileadmin\/user_upload\/BZgA_Standards_German.pdf\">https:\/\/whocc.bioeg.de\/fileadmin\/user_upload\/BZgA_Standards_German.pdf<\/a><br \/>\nStudie \u00fcber die WHO-Standards: <a href=\"https:\/\/www.mamanslouves.org\/wp-content\/uploads\/2025\/02\/etude_standards_oms.pdf\">https:\/\/www.mamanslouves.org\/wp-content\/uploads\/2025\/02\/etude_standards_oms.pdf<\/a><br \/>\n&#8222;KentlerGate: Kindesmissbrauch in staatlicher Verantwortung&#8220;: \u2022 #KentlerGate: Kindesmissbrauch in staatlic&#8230;<br \/>\nInitiative Elternaktion: <a href=\"https:\/\/elternaktion.de\/\">https:\/\/elternaktion.de\/<\/a><br \/>\nDemoF\u00fcrAlle-Brosch\u00fcren: <a href=\"https:\/\/demofueralle.de\/broschueren\/\">https:\/\/demofueralle.de\/broschueren\/<\/a><\/p>\n<p>6.11.2025<br \/>\n<a href=\"https:\/\/www.youtube.com\/watch?v=4glffL9P_jo\">https:\/\/www.youtube.com\/watch?v=4glffL9P_jo<\/a><\/p>\n<p>&nbsp;<\/p>\n<p>&nbsp;<\/p>\n<p><strong>Tabu-Thema: <a href=\"https:\/\/www.freiburg-schwarzwald.de\/blog\/global\/integration\/parallelgesellschaft\/\">Parallelgesellschaften<\/a> in Deutschlands Kitas und Schulen<\/strong><br \/>\nVor wenigen Tagen packte eine Erzieherin gegen\u00fcber \u201eFOL\u201c aus und berichtete von unhaltbaren Zust\u00e4nden in einem sogenannten \u201eBrennpunkt-Kindergarten\u201c in Baden-W\u00fcrttemberg. Die Schilderungen der Frau sind starker Tobak und m\u00f6gen manchem auch \u00fcbertrieben erscheinen. Aber: In der Folge haben sich offenbar mehrere Erzieherinnen aus ganz Deutschland gemeldet \u2013 unter anderem aus Bayern, Bremen und Niedersachsen \u2013 und die Eindr\u00fccke ihrer Kollegin aus dem S\u00fcdwesten best\u00e4tigt. Und auch Birgit Riedel vom Deutschen Jugendinstitut in M\u00fcnchen h\u00f6rt von solchen Problemen allem Anschein nach nicht zum ersten Mal: \u201eIch kenne solche Berichte auch und will sie nicht kleinreden.\u201c Die \u201eersch\u00fctternden Schilderungen\u201c seien daher \u201esicherlich berechtigt\u201c, so die Expertin.<br \/>\n&#8230;<br \/>\nNeben den Sprachbarrieren gebe es inzwischen Einrichtungen, in denen \u201e80 Prozent der Kinder einen Migrationshintergrund (haben) oder Fl\u00fcchtlingskinder\u201c sind.. &#8230;<br \/>\nEin Problem ist das aber vor allem f\u00fcr die Erzieherin und ihre Kolleginnen sowie die deutschen Kinder und deren Eltern, denn: \u201eDie f\u00fchlen sich stark, weil sie in der Mehrheit sind.\u201c Deutsche Eltern seien mehrfach vor dem Kindergarten \u201eabgepasst, beschimpft und beleidigt\u201c worden.<br \/>\n&#8230; Alles vom 30.4.2023 bitte lesen auf<br \/>\n<a href=\"https:\/\/reitschuster.de\/post\/tabu-thema-parallelgesellschaften-in-deutschlands-kitas-und-schulen\/\">https:\/\/reitschuster.de\/post\/tabu-thema-parallelgesellschaften-in-deutschlands-kitas-und-schulen\/<\/a><br \/>\n.<br \/>\nEinige Kommentare<br \/>\nAltkanzler Helmut Schmidt hat sich skeptisch \u00fcber die Aussichten ge\u00e4u\u00dfert, muslimische Migranten in die deutsche Gesellschaft zu integrieren. &#8222;Ich bin sehr skeptisch, was die Einwanderung aus islamischen Kulturen angeht&#8220;, sagte Schmidt in einem gemeinsamen SPIEGEL-Gespr\u00e4ch mit Gerhard Schr\u00f6der. &#8222;Bei den T\u00fcrken, bei den Leuten aus dem Libanon und den islamischen Staaten insgesamt&#8220; sehe er ein Problem, so Schmidt. Viele der Zugewanderten lebten in Ghettos, &#8222;und das Ghetto verst\u00e4rkt die Binnenkultur&#8220; T.T.<br \/>\n.<br \/>\nEs l\u00e4uft alles nach Plan und das schon seit 1960. Y. Mounk hat uns das in den Tagesthemen doch klar und deutlich gesagt und in B\u00fcchern von Kalergie, Hooton, Kaufmann usw. kann das jeder nachlesen oder googeln. Das Deutsche Volk soll ausgel\u00f6scht werden.<br \/>\n&#8230; Und selbstverst\u00e4ndlich sind mittlerweile Parallelgesellschaften entstanden, wo die Deutsche Sprache und Kultur nicht mehr gepflegt wird. Das brauchen die nicht mehr. Die Verk\u00e4uferin im Laden spricht kein Deutsch und die Kunden sind auch Migranten. Wozu \u00fcberhaupt noch Deutsche ??? &#8230;fragen sich schon heute die Migranten. Und nat\u00fcrlich werden die auch bald dahinter kommen, da\u00df sie wesentlich mehr und st\u00e4rker sind als wir. Bald werden die Restdeutschen gemobbt, geschlagen und aus dem Land gejagt, ist doch heute schon in Schulen und Innenst\u00e4dten f\u00fcr jedermann erkennbar. Und verantwortlich f\u00fcr diesen V\u00f6lkermord (offizielle UN-Definition) sind NICHT die Migranten. Fre<br \/>\n.<br \/>\nDas ist alles vorhersehbar gewesen. Eine Schule, wie wir sie kennen (also eine mit Klassenunterricht) ist auf eine gewissen Homogenit\u00e4t der Sch\u00fclerschaft angewiesen. Je mehr Kinder in dieses halbwegs homogene Gef\u00fcge nicht hineinpassen, desto weniger zielf\u00fchrend wird der Unterricht. Dieser ganze pseudop\u00e4dagogische Mist wie &#8222;Integration&#8220;, &#8222;Inklusion&#8220;, &#8222;Keiner darf zur\u00fcckbleiben!&#8220;, &#8222;Schule der Vielfalt&#8220; etc. hat nur zu einem gef\u00fchrt: Zu drastisch gesunkenen Lernleistungen, zu Frust, Gewalt, P\u00f6beleien etc.<br \/>\nSo wird eine Gesellschaft, die auf die Klugheit und die intellektuellen F\u00e4higkeiten ihrer Mitglieder angewiesen ist, gezielt massiv gesch\u00e4digt. D.K.<br \/>\n.<br \/>\nEs ist doch Wahnsinn Kinder die der deutschen Sprache nicht m\u00e4chtig sind in Kinderg\u00e4rten oder Schulen zu schicken, erst m\u00fcssen diese die Sprache weitgehen beherrschen, gerade auch um in der Schule am Unterricht teilnehmen zu k\u00f6nnen. Ich habe mir schon vorgestellt wie das w\u00e4re, wenn man mich in einem fremden Land in eine Schule schicken w\u00fcrde, ohne dass ich die Sprache beherrschte, v\u00f6llig sinnlos. Kan<br \/>\n.<br \/>\nDie traurige Wahrheit ist, dass wir f\u00fcr viele (l\u00e4ngst nicht alle) sogenannte Fl\u00fcchtlinge nur Christenschweine sind, gerade gut genug, ihnen ihre Rundumversorgung zu finanzieren. Diese &#8222;Werte&#8220; geben sie dann an ihre Kinder weiter. Da ist es nicht verwunderlich, wenn sich eine genauso extreme Gegenbewegung bildet. Gut m\u00f6glich, dass wir mittelfristig wieder Weimarer Verh\u00e4ltnisse haben werden. Tom<br \/>\n.<br \/>\nDass die meiste Gewalt von Migrantenkindern kommt, ist zwar offensichtlich und hinl\u00e4nglich bekannt &#8211; aber \u00f6ffentlich aussprechen darf man es nat\u00fcrlich nicht. Das w\u00e4re ja &#8222;nazi&#8220; und &#8222;rechts&#8220;. din<br \/>\n.<br \/>\nEs ist absehbar, wie das endet: Der Staat wird weiter Geld drucken und Schulden machen, damit die W\u00e4hlerschaft den schleichenden Wohlstandsverlust nicht so schnell am eigenen Leib sp\u00fcrt. Entweder wird die galoppierende Inflation eine W\u00e4hrungsreform erzwingen oder die EZB erh\u00f6ht die Zinsen so stark, dass die S\u00fcdl\u00e4nder pleite gehen und den Euroraum mit in den Abgrund ziehen, was ebenfalls zu einer W\u00e4hrungsreform f\u00fchrt. Die Transferleistungen werden eingestellt. Die nun mittellosen ehemaligen Transferleistungsempf\u00e4nger marodieren und versuchen, sich mit Gewalt zu holen, was sie mit Recht nicht mehr bekommen. Das Milit\u00e4r muss einschreiten. Die islamischen Staaten werden ihre Br\u00fcder hier unterst\u00fctzen und wir haben einen B\u00fcrgerkrieg Migranten gegen Deutsche. Keine Ahnung, wie lange es dauert, bis es soweit kommt. Aber ich sehe keine politisch gut organisierte Gegenbewegung, die es verhindern k\u00f6nnte. Ord<br \/>\nEnde Kommentare<\/p>\n<p>&nbsp;<\/p>\n<p><strong>Anstehende Erh\u00f6hung der Kitageb\u00fchren in Freiburg<\/strong><br \/>\n<strong>Der Kostendruck f\u00fcr Familien steigt in allen Lebensbereichen<\/strong><br \/>\nIm Wahlprogramm des Herrn Oberb\u00fcrgermeister Horn von 2018 wurde geworben mit &#8222;Ein Freiburg, in dem Kitas und Schulen als das wertgesch\u00e4tzt werden, was sie sind: Grundbausteine f\u00fcr eine faire Zukunftsperspektive. Eine Entlastung f\u00fcr Familien soll mit der langfristigen Abschaffung der Kitageb\u00fchren erreicht werden.&#8220; Statt Kitageb\u00fchren abzuschaffen, sollen diese nun erh\u00f6ht werden. Herr Horn hat sich zur\u00fcckliegend dazu ge\u00e4u\u00dfert, dass er die Abschaffung der Geb\u00fchren auf Landesebene bef\u00fcrworte. Fakt ist, dass die Stadt Freiburg in der Lage w\u00e4re, die Geb\u00fchren abzuschaffen.<br \/>\nIn der Beschlussvorlage des Gemeinderats werden als Hauptargumente f\u00fcr eine Erh\u00f6hung der Geb\u00fchren die gestiegenen Betriebs- und Personalkosten von 20 Prozent (2018 bis 2023) und der geringe Kostendeckungsgrad von zw\u00f6lf Prozent durch Elternbeitr\u00e4ge benannt. Die Kita-Geb\u00fchren sollen unter Ber\u00fccksichtigung der Einkommen gestaffelt werden. Die Einkommensgrenzen zur Berechnung der neuen Elternbeitr\u00e4ge sind in der Beschlussvorlage unter Ber\u00fccksichtigung der ausufernden Freiburger Mietpreise, Steigerung der Energiekosten, Erh\u00f6hung der Essenspreise zum neuen Kindergartenjahr sowie der Inflationsrate von etwa elf Prozent unzureichend validiert. Eine Staffelung der Geb\u00fchren in Bezug auf die Anhebung der Einkommensgrenzen \u2013 zum Beispiel Familie mit zwei Kindern auf 3499 Euro (neu) von 3356 Euro (alt) \u2013 ist irrwitzig, weil sie nicht die finanzielle Lebenswirklichkeit von Familien in Freiburg abbildet. Der Kostendruck f\u00fcr Familien steigt in allen Lebensbereichen (Wohnen, Mobilit\u00e4t, Ern\u00e4hrung, Betreuung). Die beruflichen Belastungen steigen noch dadurch, dass Betreuungseinrichtungen ihre Schlie\u00dfzeiten aufgrund von Personalmangel verk\u00fcrzen m\u00fcssen.<br \/>\nDie Stadt Freiburg beweist einmal mehr unter dem Deckmantel der Familienfreundlichkeit ihre Taktlosigkeit. Fr\u00fchkindliche Bildung sollte nichts kosten.<br \/>\nWie Otto Speck schon feststellte, erleben wir eine \u00d6konomisierung sozialer Dienstleistungen. Die Stadtverantwortlichen sowie politischen Akteure m\u00fcssen sich an der Frage messen lassen: &#8222;Was sind uns Kinder und Familien wert?&#8220; Aktuell erlebe ich, dass die Frage &#8222;Was kosten uns Kinder?&#8220; im Mittelpunkt haushaltstechnischer und familienpolitischer \u00dcberlegungen steht. Kurzum: Bildung wird vom Geldbeutel abh\u00e4ngig gemacht. Versch\u00e4rfend kommt die Umstellung auf eine kostenintensivere Mittagsverpflegung (etwa 90 bis 100 Euro \/ Monat) hinzu. Auch hier werden Zusch\u00fcsse gek\u00fcrzt. Es gibt f\u00fcr Familien keinen &#8222;Doppel-Wumms&#8220; im Sinne einer Entlastung, sondern einen &#8222;Doppel-Rums&#8220; in der Geldb\u00f6rse. Freiburg ist schick und exklusiv, aber jetzt nicht nur mehr allein auf dem Wohnungsmarkt.<br \/>\n11.4.2023, Michael Tischmacher, Freiburg, BZ<\/p>\n<p>&nbsp;<\/p>\n<p><strong>\u201eDu mir nix sagen, du deutsch!\u201c: Zoff mit Migranten-Jungs im Kindergarten<\/strong><br \/>\n<strong>Erzieherin packt aus<\/strong><br \/>\nMerz hatte im Januar 2023 beklagt, dass Lehrerinnen und Lehrer von vielen Sch\u00fclern insbesondere aus \u201eMigrantenfamilien\u201c nicht mehr respektiert w\u00fcrden. Der Christdemokrat sprach von \u201ekleinen Paschas\u201c und stellte fest: \u201eWir haben in den Schulen erhebliche Probleme.\u201c CDU-Chef Friedrich Merz erntete f\u00fcr seine \u00c4u\u00dferung zu kleinen Paschas viel Kritik. Probleme gibt es nicht nur in Schulen. Probleme gibt es offenbar schon in vielen Kindertagesst\u00e4tten.<br \/>\n\u201eIn der Einrichtung haben 80 Prozent der Kinder einen Migrationshintergrund oder sind Fl\u00fcchtlingskinder\u201c, sagt die Erzieherin \u00fcber ihre alte Arbeitsst\u00e4tte. Das f\u00fchre immer wieder zu Konflikten.<br \/>\n&#8230;.<br \/>\nDie Erzieherin berichtet auch von unsch\u00f6nen Szenen zwischen Eltern mit Migrationshintergrund und Eltern, die aus Deutschland stammen. So h\u00e4tten Ausl\u00e4nder deutsche Eltern vor der Einrichtung \u201eabgepasst, beschimpft und beleidigt\u201c. Sie w\u00fcrden ihre Kinder schlecht erziehen und seien schuld an vielen Problemen im Kindergarten. &#8222;Die f\u00fchlen sich stark, weil sie in der Mehrheit sind\u201c, sagt die Erzieherin. \u201eDie drehen den Spie\u00df um. Nicht wie man es in der Presse oft liest: Die b\u00f6sen Deutschen beschimpfen die Ausl\u00e4nder. Nein, hier ist es genau umgedreht!\u201c<br \/>\n&#8230;<br \/>\nDie Folgen beschreibt sie so: \u201eViele Erzieherinnen und Erzieher haben gar nicht mehr die Geduld, sich mit den Problemen auseinanderzusetzen, die durch Kinder mit Migrationshintergrund entstehen. Ihre Toleranz ist aufgebraucht.\u201c<br \/>\nSie kenne viele Kolleginnen, die anfangs offen waren f\u00fcr neue Kulturen und die sich darauf gefreut hatten, Kinder anderer Herkunft in das deutsche Kita-System einzugliedern. Doch mittlerweile w\u00fcrden sich immer mehr von ihnen fragen: \u201eWof\u00fcr machen wir das, wenn der Dank von der anderen Seite eh nicht da ist?\u201c<br \/>\n&#8230; Alles vom 5.4.2023 bitte lesen auf<br \/>\n<a href=\"https:\/\/www.focus.de\/panorama\/erzieherin-packt-aus-zoff-mit-migranten-jungs-im-kindergarten-du-mir-nix-sagen-du-deutsch_id_190115478.html\">https:\/\/www.focus.de\/panorama\/erzieherin-packt-aus-zoff-mit-migranten-jungs-im-kindergarten-du-mir-nix-sagen-du-deutsch_id_190115478.html<\/a><\/p>\n","protected":false},"excerpt":{"rendered":"<p>Home &gt;Bildung\u00a0&gt;Kinder\u00a0&gt;Kindergarten &gt;Kinderkrippe &gt;Kita Listenauswahl eines Beitrags: Bitte anklicken oder runterscrollen Tatort Kita: Fr\u00fchsexualisierung\u00a0(16.11.2025) Tatort Kita: Der woke Angriff auf unsere Kinder (6.11.2025) Vierj\u00e4hrige wegen falscher politischer Einstellung (AfD) aus Kita entfernen\u00a0(29.10.2025) Otto verkauft Ganzk\u00f6rperverschleierung f\u00fcr Kita-Kinder\u00a0(26.8.2025) Missbrauch in Freiburger &hellip; <a href=\"https:\/\/www.freiburg-schwarzwald.de\/blog\/bildung\/kindergarten\/kita\/\">Weiterlesen <span class=\"meta-nav\">&rarr;<\/span><\/a><\/p>\n","protected":false},"author":2,"featured_media":0,"parent":985,"menu_order":0,"comment_status":"closed","ping_status":"closed","template":"","meta":{"footnotes":""},"class_list":["post-111516","page","type-page","status-publish","hentry"],"_links":{"self":[{"href":"https:\/\/www.freiburg-schwarzwald.de\/blog\/wp-json\/wp\/v2\/pages\/111516","targetHints":{"allow":["GET"]}}],"collection":[{"href":"https:\/\/www.freiburg-schwarzwald.de\/blog\/wp-json\/wp\/v2\/pages"}],"about":[{"href":"https:\/\/www.freiburg-schwarzwald.de\/blog\/wp-json\/wp\/v2\/types\/page"}],"author":[{"embeddable":true,"href":"https:\/\/www.freiburg-schwarzwald.de\/blog\/wp-json\/wp\/v2\/users\/2"}],"replies":[{"embeddable":true,"href":"https:\/\/www.freiburg-schwarzwald.de\/blog\/wp-json\/wp\/v2\/comments?post=111516"}],"version-history":[{"count":5,"href":"https:\/\/www.freiburg-schwarzwald.de\/blog\/wp-json\/wp\/v2\/pages\/111516\/revisions"}],"predecessor-version":[{"id":141613,"href":"https:\/\/www.freiburg-schwarzwald.de\/blog\/wp-json\/wp\/v2\/pages\/111516\/revisions\/141613"}],"up":[{"embeddable":true,"href":"https:\/\/www.freiburg-schwarzwald.de\/blog\/wp-json\/wp\/v2\/pages\/985"}],"wp:attachment":[{"href":"https:\/\/www.freiburg-schwarzwald.de\/blog\/wp-json\/wp\/v2\/media?parent=111516"}],"curies":[{"name":"wp","href":"https:\/\/api.w.org\/{rel}","templated":true}]}}