{"id":111329,"date":"2023-04-01T10:23:59","date_gmt":"2023-04-01T08:23:59","guid":{"rendered":"https:\/\/www.freiburg-schwarzwald.de\/blog\/?page_id=111329"},"modified":"2025-04-27T08:40:14","modified_gmt":"2025-04-27T06:40:14","slug":"corona-ausgrenzung","status":"publish","type":"page","link":"https:\/\/www.freiburg-schwarzwald.de\/blog\/kultur\/medien\/diskussionskultur\/corona-ausgrenzung\/","title":{"rendered":"Corona-Ausgrenzung"},"content":{"rendered":"<p><a href=\"https:\/\/www.freiburg-schwarzwald.de\/blog\">Home<\/a>\u00a0&gt;<a title=\"Kultur\" href=\"https:\/\/www.freiburg-schwarzwald.de\/blog\/kultur\/\">Kultur<\/a>\u00a0&gt;<a title=\"Medien\" href=\"https:\/\/www.freiburg-schwarzwald.de\/blog\/kultur\/medien\/\">Medien<\/a>\u00a0&gt;<a title=\"Diskussionskultur\" href=\"https:\/\/www.freiburg-schwarzwald.de\/blog\/kultur\/medien\/diskussionskultur\/\">Diskussionskultur<\/a> &gt;<a href=\"https:\/\/www.freiburg-schwarzwald.de\/blog\/kultur\/medien\/diffamierung\/\">Diffamierung<\/a> &gt;Corona-Ausgrenzung<\/p>\n<div id=\"attachment_111292\" style=\"width: 649px\" class=\"wp-caption alignnone\"><a href=\"https:\/\/www.freiburg-schwarzwald.de\/blog\/wp-content\/uploads\/2023\/03\/Freiburg-muenster-april-pan2304-2.jpg\"><img loading=\"lazy\" decoding=\"async\" aria-describedby=\"caption-attachment-111292\" class=\"size-full wp-image-111292\" src=\"https:\/\/www.freiburg-schwarzwald.de\/blog\/wp-content\/uploads\/2023\/03\/Freiburg-muenster-april-pan2304-2.jpg\" alt=\"\" width=\"639\" height=\"343\" srcset=\"https:\/\/www.freiburg-schwarzwald.de\/blog\/wp-content\/uploads\/2023\/03\/Freiburg-muenster-april-pan2304-2.jpg 639w, https:\/\/www.freiburg-schwarzwald.de\/blog\/wp-content\/uploads\/2023\/03\/Freiburg-muenster-april-pan2304-2-180x97.jpg 180w\" sizes=\"auto, (max-width: 639px) 100vw, 639px\" \/><\/a><p id=\"caption-attachment-111292\" class=\"wp-caption-text\">Freiburger M\u00fcnster Anfang April 2023 &#8211; Abendsonne<\/p><\/div>\n<ul>\n<li><em>Listenauswahl eines Beitrags (Artikel\/Datum, Seite\/Inhalt):\u00a0<span style=\"text-decoration: underline;\">Klicken<\/span>\u00a0oder scrollen<\/em><\/li>\n<li><a href=\"https:\/\/www.freiburg-schwarzwald.de\/blog\/papst-politik-oder-seelsorge\/\">Papst: Politik oder Seelsorge?<\/a>\u00a0(22.4.2025)<\/li>\n<li>Dr. P\u00fcrner: Ausgrenzung \u2013 eine grenzwertige Erfahrung (30.3.2023)<\/li>\n<li><\/li>\n<li><a href=\"https:\/\/www.freiburg-schwarzwald.de\/blog\/engagement\/zukunft\/demokratie\/denunziation\/ausgrenzung\/\">Ausgrenzung<\/a><\/li>\n<li><a href=\"https:\/\/www.freiburg-schwarzwald.de\/blog\/business\/gesund\/corona-virus\/corona-aufarbeitung\/\">Corona-Aufarbeitung<\/a><\/li>\n<li><a href=\"https:\/\/www.freiburg-schwarzwald.de\/blog\/kultur\/medien\/meinungsfreiheit\/\">Meinungsfreiheit<\/a><\/li>\n<\/ul>\n<p>&nbsp;<\/p>\n<p><strong>Dr. P\u00fcrner: Ausgrenzung \u2013 eine grenzwertige Erfahrung<\/strong><br \/>\nOffenbar k\u00f6nnen diejenigen, die Ausgrenzung noch nicht erfahren mussten, nicht verstehen, wie schlimm das ist. Wie l\u00e4sst sich sonst so manch abscheuliches Verhalten auf Twitter erkl\u00e4ren? Und weshalb hat sich bisher kein f\u00fchrender Politiker f\u00fcr diese Unmenschlichkeit entschuldigt?<br \/>\n&#8230;<br \/>\nVor ein paar Tagen wurde auf Twitter ein Bild mit den \u201e2G-Regeln\u201c f\u00fcr einen Weihnachtsmarkt in Erinnerung gerufen.<\/p>\n<p><a href=\"https:\/\/www.freiburg-schwarzwald.de\/blog\/wp-content\/uploads\/2023\/04\/ausgrenzung-corona-weihnachtsmarkt2021.jpg\"><img loading=\"lazy\" decoding=\"async\" class=\"alignnone size-thumbnail wp-image-111332\" src=\"https:\/\/www.freiburg-schwarzwald.de\/blog\/wp-content\/uploads\/2023\/04\/ausgrenzung-corona-weihnachtsmarkt2021-91x180.jpg\" alt=\"\" width=\"91\" height=\"180\" srcset=\"https:\/\/www.freiburg-schwarzwald.de\/blog\/wp-content\/uploads\/2023\/04\/ausgrenzung-corona-weihnachtsmarkt2021-91x180.jpg 91w, https:\/\/www.freiburg-schwarzwald.de\/blog\/wp-content\/uploads\/2023\/04\/ausgrenzung-corona-weihnachtsmarkt2021-325x640.jpg 325w, https:\/\/www.freiburg-schwarzwald.de\/blog\/wp-content\/uploads\/2023\/04\/ausgrenzung-corona-weihnachtsmarkt2021.jpg 520w\" sizes=\"auto, (max-width: 91px) 100vw, 91px\" \/><\/a><br \/>\n\u201eUngeimpfte\u201c wurden ohne jeden Grund als Auss\u00e4tzige behandelt, die man nicht mal im Abseits stehend mit Essen beliefern durfte.<br \/>\nDiese Schilder gab es bis 2022 \u00fcberall.<br \/>\nSo etwas war nur in Deutschland m\u00f6glich.<br \/>\nWas f\u00fcr eine ekelhafte Gesellschaft ist das, die so etwas tut?<br \/>\n<a href=\"https:\/\/twitter.com\/holmenkollin\/status\/1640974332724666368\">https:\/\/twitter.com\/holmenkollin\/status\/1640974332724666368<\/a><br \/>\n.<br \/>\nDer Twitter-Account stellte die Frage \u201eWas f\u00fcr eine ekelhafte Gesellschaft ist das, die so etwas tut?\u201c Gemeint ist damit nicht allein, dass nur Geimpfte und Genesene am Weihnachtsmarkt teilnehmen durften. Gemeint ist auch \u2013 und das ist in dem Bild rot eingekringelt \u2013 die Tatsache, dass auf dem Schild deutlich zu lesen ist, dass die Weitergabe von Speisen und Getr\u00e4nke an Personen, die weder geimpft noch genesen sind, ausdr\u00fccklich nicht erlaubt sei.<br \/>\nEs ist ein bedr\u00fcckendes Dokument aus der Corona-Zeit. Menschen wurden ausgeschlossen, durften nicht einmal Speisen und Getr\u00e4nke erhalten. Und die anderen Besucher nahmen an der Ausgrenzung teil. Nat\u00fcrlich finden sich viele ekelhafte Kommentare darunter. Ekelhaft deshalb, weil sie das Schild verteidigen und mit Schadenfreude darauf reagieren, dass Ungeimpfte ausgeschlossen wurden. Nun mag man denken, dass es ja nur Twitter sei. Das ist in der Sache korrekt. Doch auch bei einer Vielzahl von Verfassern dieser widerw\u00e4rtigen Kommentare, die sich hinter anonymisierten Accounts verstecken, handelt es sich um Menschen. Und diese Menschen leben tats\u00e4chlich unter uns. Keine sch\u00f6ne Wahrheit. Nun repr\u00e4sentiert Twitter gewiss nicht die gesamte Gesellschaft. Doch muss unbedingt die Frage gestellt werden, wie es \u00fcberhaupt dazu kam, dass ein solches Schild aufgestellt wurde.<\/p>\n<p>Wer?<br \/>\nWer hat das veranlasst? Wer hat den Text entworfen? Wer hat es geschrieben? Wer aufgestellt? Und weshalb wurde es nicht einfach ignoriert? Jeder Besucher des Weihnachtsmarktes muss dieses Schild wahrgenommen haben. Und dann? Ging man in besinnlicher Weihnachtsstimmung weiter, a\u00df Bratwurst und trank Gl\u00fchwein, als sei nichts passiert? Wie kann das sein? Wie kann man auf diesem Weihnachtsmarkt noch essen und trinken, ohne dass es einem wieder hochkommt?<br \/>\nWas war mit den Budenbesitzern? \u00dcbten sie Kritik? Wohl nicht. Denn sie waren froh, endlich wieder was zu verdienen. Aber reicht das als Begr\u00fcndung? Mal angenommen, alle Budenbesitzer h\u00e4tten sich dieser Regelung nicht unterworfen. Dann h\u00e4tten sie ihren Stand wohl nicht aufbauen d\u00fcrfen. Klar. Und der Weihnachtsmarkt w\u00e4re ausgefallen.<br \/>\nOder was w\u00e4re wohl passiert, wenn die Besucher auf Grund des Schildes kehrt gemacht h\u00e4tten und somit ausgeblieben w\u00e4ren? Mit Verweis darauf, dass hier Menschen ausgeschlossen werden. Das h\u00e4tte echte Solidarit\u00e4t bedeutet.<br \/>\nH\u00e4tten die verantwortlichen Politiker das riskiert? Vermutlich nicht. Bevor Weihnachtsm\u00e4rkte erneut ausgefallen w\u00e4ren, h\u00e4tte man bei den Vorgaben eingelenkt. Wie sehr sich ein wenig Protest lohnen kann, zeigt folgendes Beispiel.<\/p>\n<p>Man h\u00e4tte sich wehren k\u00f6nnen<br \/>\nIm Dezember 2021 ruderte die bayerische Regierung nach heftiger Kritik von Berufsverb\u00e4nden zur\u00fcck und erlaubte in Skigebieten 2G statt 2G plus. Das bedeutete, die Besucher mussten keinen zus\u00e4tzlichen Test vorlegen.<br \/>\nDieses Zur\u00fcckrudern macht das unsinnige 2G keineswegs besser. Es zeigt aber deutlich, dass hier mit der Politik durchaus verhandelt werden konnte. Es standen wirtschaftliche Interessen und Druck durch die Verb\u00e4nde im Raum. Dies lie\u00df den \u201eGesundheitsschutz\u201c dann doch zur\u00fccktreten. W\u00e4re die Pandemie tats\u00e4chlich so schrecklich gewesen, dann h\u00e4tte es keinen Raum f\u00fcr derartige Verhandlungen und Spielr\u00e4ume geben d\u00fcrfen.<br \/>\nDoch warum ist Ausgrenzung so schlimm? Und weshalb k\u00f6nnen diejenigen, die es bisher nicht erfahren mussten, wenig mit diesem Leid anfangen? Oder wie l\u00e4sst sich sonst so manch abscheuliches Verhalten auf Twitter erkl\u00e4ren? Und weshalb hat sich bisher niemand aus der F\u00fchrungsriege der Politik f\u00fcr diese Unmenschlichkeit entschuldigt?<\/p>\n<p>Ausgrenzung zielt auf das Innerste<br \/>\nDie Ausgrenzung, wenn sie einen trifft, ber\u00fchrt das Innerste in uns. Wir bemerken, dass wir unerw\u00fcnscht sind. Nicht gewollt. Von der Gesellschaft ausgeschlossen. Unwichtig. Nicht mehr geachtet. Die ausgegrenzte Person empfindet Ohnmacht, ist hilflos, ist traurig. Zugleich dann w\u00fctend. Denn es ist nicht nur die Ausgrenzung aus der Gesellschaft. Es ist auch das Verbot mit anderen in Kontakt zu treten. Vor allem mit denjenigen, die ausgrenzen bzw. denjenigen, die mitmachen. Ein Gespr\u00e4ch wird unm\u00f6glich gemacht. Wer nicht mehr teilnehmen darf, der kann auch nicht mehr kommunizieren. Die Ausgegrenzten werden zu Schatten, dann verschwinden sie. Jemand, der immer im Licht steht, wird das nicht begreifen.<br \/>\nFragen sie mal einen Mannschaftskapit\u00e4n, wie sich der Ausschluss aus der Spielmannschaft anf\u00fchlt. Er wird es nicht beantworten k\u00f6nnen. Weil er es nicht kennt. Oder fragen Sie mal bei einem Klassentreffen den Sch\u00fclersprecher. Den, der inmitten der Sch\u00fcler stand und von diesen und den Lehrern beachtet und respektiert worden ist. Traurigerweise k\u00f6nnen sich manche Sch\u00fcler an andere gar nicht mehr erinnern.<br \/>\nWas ist wohl das Schlimmste bei einem Streit unter Paaren? Wenn einer geht. Wenn derjenige, mit dem man sich gerade streitet, einfach aufsteht, den R\u00fccken zudreht und davongeht. Hilflos und ohnm\u00e4chtig bleibt der andere zur\u00fcck. Er ist verdammt zu schweigen, denn er kann nichts mehr tun.<br \/>\nUnd obwohl nun viele Leser zumindest innerlich nicken werden, so k\u00f6nnen es doch nur diejenigen verstehen, die in ihrem Leben diese Situationen schon selbst erlebt haben. Ausgrenzung ist kein Kavaliersdelikt. Sie ist nat\u00fcrlich nicht strafbar. Ausgrenzung ist aber zutiefst inhuman und absolut absch\u00e4tzig. Und dieses Wissen scheint bei fast jedem vorhanden zu sein. Auch wenn man das Gef\u00fchl selbst nicht kennt, so wissen es die meisten, dass man dies nicht tut. Und doch ist es passiert. Dies macht die Aufarbeitung so schwierig. Es fehlte den meisten Besuchern des Weihnachtsmarktes an Gr\u00f6\u00dfe, sich diese Unmenschlichkeit einzugestehen.<\/p>\n<p>Wir k\u00f6nnen entscheiden, wie wir sein wollen<br \/>\nAlso liebe Besucher, Trainer, Lehrer und ihr vielen anderen, die Ihr mitgemacht und zugesehen habt. Ihr habt dazu beigetragen, dass aus einem blo\u00dfen Schild Realit\u00e4t werden konnte. Und auch wenn es Euch nicht passt \u2013 es wurden Menschen ausgegrenzt, w\u00e4hrend Ihr getrunken und gegessen habt. Manchen mag das nun unangenehm und besch\u00e4mend auffallen. Andere hingegen werden feststellen, dass sie solches Schild regelrecht gut hie\u00dfen. Diese Lust an Ausgrenzung gab es schon vor der Pandemie. Einige Trainer, Chefs, Beh\u00f6rdenleiter, Lehrer, Erzieher u. v. m. beweisen es t\u00e4glich aufs Neue. Die Pandemie hat es sichtbar werden lassen. Dieses Bild ist der Beweis. Und nun sollten sich einige zutiefst sch\u00e4men und ab sofort anders handeln. Denn zu jeder Zeit kann der Mensch f\u00fcr sich entscheiden, wie er sein m\u00f6chte.<br \/>\n&#8230; Alles vom 31.3.2023 von Friedrich P\u00fcrner bitte lesen auf<br \/>\n<a href=\"https:\/\/www.tichyseinblick.de\/meinungen\/ausgrenzung-eine-grenzwertige-erfahrung\/\">https:\/\/www.tichyseinblick.de\/meinungen\/ausgrenzung-eine-grenzwertige-erfahrung\/<\/a><\/p>\n<p><em>Dr. med. Friedrich P\u00fcrner, Jahrgang 1967, war nach seinem Medizinstudium in leitenden Positionen beim Bayerischen Landesamt f\u00fcr Gesundheit und Lebensmittelsicherheit t\u00e4tigt, bevor er 2018 die Leitung des Gesundheitsamts Aichach-Friedberg \u00fcbernahm. Im November 2020 wurde er pl\u00f6tzlich versetzt, nachdem er auf Twitter und in vielen Medien den Corona-Kurs der Bayerischen Staatsregierung kritisiert hatte.<\/em><\/p>\n<p>Friedrich P\u00fcrner: Diagnose Pandemie<br \/>\nDas kranke Gesundheitssystem<br \/>\nLMV, 208 Seiten, 18 Euro<br \/>\n.<br \/>\nEinige Kommentare:<br \/>\nLieber Dr. P\u00fcrner, ich werde es niemals vergessen, wie ich kurz vor Weihnachten, vor dem Fenster der Mensa, in der Schule meiner Tochter stand, um von drau\u00dfen zu beobachten, wie meine Tochter mit ihrer voll maskierten Klasse, ihr erstes Weihnachtskonzert vor voll maskiertem Publikum gab. Ungeimpften wurde der Zutritt untersagt. Meine ungeimpfte Frau ist Zuhause geblieben, weil es ihr zu peinlich war und es sie wohl zu sehr schmerzte. Ich, \u201eungeimpfter Covidiot\u201c bin demonstrativ hingegangen und mich drau\u00dfen an dieses Fenster gestellt, wo mich alle anderen sehen konnten. Habe sogar durch dieses Fenster ein Video mit dem Handy aufgenommen, um meiner Tochter zu zeigen, dass ich da war und alles gesehen habe. Ich werde die Blicke der Leute nie vergessen, als sie auf dem Weg nach drau\u00dfen an mir vorbeiliefen, w\u00e4hrend ich auf meine Tochter wartete, um sie am Haupteingang in Empfang zu nehmen. Dieses Gef\u00fchl, diese Beklemmung und Druck in der Brust und das gleichzeitig abschn\u00fcrende Gef\u00fchl um den Hals. Ich h\u00e4tte so etwas in Deutschland nie f\u00fcr m\u00f6glich gehalten. Nachdem ich auf Twitter dar\u00fcber schrieb, antworteten mir Leute Zeilen wie: \u201eUnd das ist auch gut so!! Du h\u00e4ttest dich einfach impfen lassen k\u00f6nnen, du Wichswichtel!\u201c. Ich wurde darauf hin, auf irgendwelche Listen, die als \u201eNazi\u201c, \u201eSchwurbler\u201c oder \u201eWichswichtel\u201c benannt wurden gesetzt, und das nur, weil ich mich nicht habe impfen lassen. Ganz zu schweigen davon, dass Familienmitglieder selbst im KZ Lager inhaftiert waren und auch ums Leben kamen. Ich bin entsetzt und finde es ungeheuerlich, dass bis heute niemand daf\u00fcr Rechenschaft abgeben musste und manche ihre politischen \u00c4mter weiterhin bekleiden, so als ob nie etwas passiert w\u00e4re. Die Wahrheit ist, nur die Wenigsten haben noch Anstand oder Charakter. F\u00fcr mich ist klar geworden, dass ein 1939 immer wieder und \u00fcberall erneut passieren kann, wo ein Geflecht aus Angst, Manipulation, L\u00fcgen und Hetze aufgefahren wird, um Menschen gegeneinander aufzubringen und gen\u00fcgend Mitl\u00e4ufer darauf warten, f\u00fcr die gute Sache anderen ihre Macht zu demonstrieren. Es gibt noch viel mehr zu erz\u00e4hlen aus der Zeit, doch es w\u00e4ren wohl zu viele Zeilen. N.P.<br \/>\n.<br \/>\nDie Mehrheit hat mitgemacht, davon wiederum eine Mehrheit lustvoll enthusiastisch, deshalb verlangt\/erwartet die Mehrheit gar kein Ersuchen um Entschuldigung, und deshalb wird sie ausbleiben wie die juristische Aufarbeitung auch. E.F.<br \/>\n.<br \/>\nPuerner schreibt auch auf Twitter zum Thema Corona Politik. Und eine hasserfuellte Meute stuerzt sich mit voellig unsachlichen, nur auf persoenlich Herabwuerdigung abzielendenPosts auf ihn. Puerner ist zur Jagd freigegeben. Eingeleitet wegen seines couragierten Verhaltens und der anschliessenden Entlassung. Das was das Jagdsignal. Wer etwas ueber \u201eHass &amp; Hetze,\u201c erfahren moechte, lese in seinem Account.Es IST wahrhaft abstossend! Les<br \/>\nEnde Kommentare<br \/>\n.<\/p>\n","protected":false},"excerpt":{"rendered":"<p>Home\u00a0&gt;Kultur\u00a0&gt;Medien\u00a0&gt;Diskussionskultur &gt;Diffamierung &gt;Corona-Ausgrenzung Listenauswahl eines Beitrags (Artikel\/Datum, Seite\/Inhalt):\u00a0Klicken\u00a0oder scrollen Papst: Politik oder Seelsorge?\u00a0(22.4.2025) Dr. P\u00fcrner: Ausgrenzung \u2013 eine grenzwertige Erfahrung (30.3.2023) Ausgrenzung Corona-Aufarbeitung Meinungsfreiheit &nbsp; Dr. P\u00fcrner: Ausgrenzung \u2013 eine grenzwertige Erfahrung Offenbar k\u00f6nnen diejenigen, die Ausgrenzung noch nicht erfahren &hellip; <a href=\"https:\/\/www.freiburg-schwarzwald.de\/blog\/kultur\/medien\/diskussionskultur\/corona-ausgrenzung\/\">Weiterlesen <span class=\"meta-nav\">&rarr;<\/span><\/a><\/p>\n","protected":false},"author":2,"featured_media":0,"parent":58939,"menu_order":0,"comment_status":"closed","ping_status":"closed","template":"","meta":{"footnotes":""},"class_list":["post-111329","page","type-page","status-publish","hentry"],"_links":{"self":[{"href":"https:\/\/www.freiburg-schwarzwald.de\/blog\/wp-json\/wp\/v2\/pages\/111329","targetHints":{"allow":["GET"]}}],"collection":[{"href":"https:\/\/www.freiburg-schwarzwald.de\/blog\/wp-json\/wp\/v2\/pages"}],"about":[{"href":"https:\/\/www.freiburg-schwarzwald.de\/blog\/wp-json\/wp\/v2\/types\/page"}],"author":[{"embeddable":true,"href":"https:\/\/www.freiburg-schwarzwald.de\/blog\/wp-json\/wp\/v2\/users\/2"}],"replies":[{"embeddable":true,"href":"https:\/\/www.freiburg-schwarzwald.de\/blog\/wp-json\/wp\/v2\/comments?post=111329"}],"version-history":[{"count":5,"href":"https:\/\/www.freiburg-schwarzwald.de\/blog\/wp-json\/wp\/v2\/pages\/111329\/revisions"}],"predecessor-version":[{"id":133290,"href":"https:\/\/www.freiburg-schwarzwald.de\/blog\/wp-json\/wp\/v2\/pages\/111329\/revisions\/133290"}],"up":[{"embeddable":true,"href":"https:\/\/www.freiburg-schwarzwald.de\/blog\/wp-json\/wp\/v2\/pages\/58939"}],"wp:attachment":[{"href":"https:\/\/www.freiburg-schwarzwald.de\/blog\/wp-json\/wp\/v2\/media?parent=111329"}],"curies":[{"name":"wp","href":"https:\/\/api.w.org\/{rel}","templated":true}]}}