{"id":110852,"date":"2023-03-19T20:00:19","date_gmt":"2023-03-19T19:00:19","guid":{"rendered":"https:\/\/www.freiburg-schwarzwald.de\/blog\/?page_id=110852"},"modified":"2025-10-01T19:11:20","modified_gmt":"2025-10-01T17:11:20","slug":"politik-infantil","status":"publish","type":"page","link":"https:\/\/www.freiburg-schwarzwald.de\/blog\/engagement\/zukunft\/demokratie\/politik\/politik-infantil\/","title":{"rendered":"Politik-infantil"},"content":{"rendered":"<p><a href=\"https:\/\/freiburg-schwarzwald.de\/blog\">Home<\/a>\u00a0&gt;<a title=\"Engagement\" href=\"https:\/\/www.freiburg-schwarzwald.de\/blog\/engagement\/\">Engagement<\/a>\u00a0&gt;<a title=\"Zukunft\" href=\"https:\/\/www.freiburg-schwarzwald.de\/blog\/engagement\/zukunft\/\">Zukunft<\/a>\u00a0&gt;<a title=\"Demokratie\" href=\"https:\/\/www.freiburg-schwarzwald.de\/blog\/engagement\/zukunft\/demokratie\/\">Demokratie<\/a>\u00a0&gt;<a href=\"https:\/\/www.freiburg-schwarzwald.de\/blog\/engagement\/zukunft\/demokratie\/politik\/\">Politik<\/a> &gt;Politik-infantil<\/p>\n<div id=\"attachment_30637\" style=\"width: 641px\" class=\"wp-caption alignnone\"><a href=\"https:\/\/www.freiburg-schwarzwald.de\/blog\/wp-content\/uploads\/2013\/05\/baechle-pan080905.jpg\"><img loading=\"lazy\" decoding=\"async\" aria-describedby=\"caption-attachment-30637\" class=\"size-full wp-image-30637\" src=\"https:\/\/www.freiburg-schwarzwald.de\/blog\/wp-content\/uploads\/2013\/05\/baechle-pan080905.jpg\" alt=\"\" width=\"631\" height=\"280\" srcset=\"https:\/\/www.freiburg-schwarzwald.de\/blog\/wp-content\/uploads\/2013\/05\/baechle-pan080905.jpg 631w, https:\/\/www.freiburg-schwarzwald.de\/blog\/wp-content\/uploads\/2013\/05\/baechle-pan080905-180x79.jpg 180w\" sizes=\"auto, (max-width: 631px) 100vw, 631px\" \/><\/a><p id=\"caption-attachment-30637\" class=\"wp-caption-text\">Freiburger B\u00e4chle am 5.9.2008 &#8211; zwar nass und sauber, aber kein Trinkwasser<\/p><\/div>\n<p>&nbsp;<\/p>\n<ul>\n<li><em>Listenauswahl eines Beitrags: Bitte anklicken oder runterscrollen<\/em><\/li>\n<li>EVP-Chef Weber ruft zur Sabotage der Moskauer U-Bahn auf (30.9.2025)<\/li>\n<li><a href=\"https:\/\/www.freiburg-schwarzwald.de\/blog\/vereine\/partei\/afd\/weidel\/\">Alice Weidel in Z\u00fcrich: Gespr\u00e4ch mit der Weltwoche<\/a>\u00a0(4.9.2025)<\/li>\n<li><a href=\"https:\/\/www.freiburg-schwarzwald.de\/blog\/kultur\/kulturverlust\/ineptokratie\/\">Winfried St\u00f6cker: AfD als Rettung vor politischer \u201eIneptokratie\u201c \u2013 Offener Brief<\/a> (3.2.2025)<\/li>\n<li><a href=\"https:\/\/www.freiburg-schwarzwald.de\/blog\/bildung\/infantil\/\">Der Siegestor: eine kurze Erfolgsgeschichte des Robert Habeck \u2013 Puerilismus<\/a>\u00a0(25.1.2025)<\/li>\n<li><a href=\"https:\/\/www.freiburg-schwarzwald.de\/blog\/musk-und-die-meinungsfreiheit\/\">Musk und die Meinungsfreiheit<\/a>\u00a0(30.12.2024)<\/li>\n<li><a href=\"https:\/\/www.freiburg-schwarzwald.de\/blog\/global\/deutschland\/deutschland-israel\/\">Haftbefehl gegen Netanjahu \u2013 Eine Schande f\u00fcr Deutschland<\/a>\u00a0(29.11.2024)<\/li>\n<li><a href=\"https:\/\/www.freiburg-schwarzwald.de\/blog\/kultur\/medien\/hass-hetze\/\">Hassrede: Leni Breymaier (SPD) nennt AfD \u201eEndometriose der Politik\u201c<\/a>\u00a0(15.12.2023)<\/li>\n<li>Baerbock: \u201eH\u00e4tte normalerweise nicht mal ein Praktikum gekriegt\u201c (25.4.2023)<\/li>\n<li>Richard David Precht: \u201eWas f\u00fcr ein Unfall, dass Annalena Baerbock Au\u00dfenministerin geworden ist\u201c (24.4.2023)<\/li>\n<li><a href=\"https:\/\/www.freiburg-schwarzwald.de\/blog\/global\/deutschland\/consent-of-the-governed\/\">Krieg gegen die eigene Bev\u00f6lkerung<\/a>\u00a0(22.4.2023)<\/li>\n<li>Habeck im Regenwald: &#8222;Ich bin so etwas wie euer H\u00e4uptling&#8220; (18.3.2023)<\/li>\n<\/ul>\n<ul>\n<li><a href=\"https:\/\/www.freiburg-schwarzwald.de\/blog\/bildung\/infantil\/\">Infantile Aussenministerin: \u201eWe are fighting a war against Russia\u201c<\/a> (27.1.2023)<\/li>\n<li><a href=\"https:\/\/www.freiburg-schwarzwald.de\/blog\/engagement\/zukunft\/demokratie\/naivitaet\/infantilisierung\/\">Die Infantilisierung der Politik<\/a>\u00a0(17.6.2022)<\/li>\n<li><a href=\"https:\/\/www.freiburg-schwarzwald.de\/blog\/bundestagsrede-emilia-fester\/\">Bundestagsrede Emilia Fester<\/a>\u00a0(21.3.2022)<\/li>\n<li><a href=\"https:\/\/www.freiburg-schwarzwald.de\/blog\/global\/deutschland\/deutschland-ukraine\/\">Habeck-Interview: \u201eDeutschland muss dienend f\u00fchren\u201c<\/a>\u00a0(12.3.2022)<\/li>\n<li><a href=\"https:\/\/www.freiburg-schwarzwald.de\/blog\/letzte-generation-blockade-b31\/\">Letzte Generation: Blockade B31<\/a>\u00a0(7.2.2022)<\/li>\n<li><a href=\"https:\/\/www.freiburg-schwarzwald.de\/blog\/bildung\/infantil\/\">Infantilisierung der Gr\u00fcnen-Politiker<\/a> (29.1.2022)<\/li>\n<li><a href=\"https:\/\/www.freiburg-schwarzwald.de\/blog\/bildung\/infantil\/\">Annalena Baerbock: Netz als Stromspeicher<\/a> (26,5,2021)<\/li>\n<li><a href=\"https:\/\/www.freiburg-schwarzwald.de\/blog\/business\/gesund\/corona-virus\/corona-angst\/\">Norbert Bolz: Angst macht dumm<\/a>\u00a0(11.12.2020)<\/li>\n<\/ul>\n<ul>\n<li><a href=\"https:\/\/www.freiburg-schwarzwald.de\/blog\/kultur\/kulturverlust\/ineptokratie\/\">Ineptokratie<\/a><\/li>\n<li><a href=\"https:\/\/www.freiburg-schwarzwald.de\/blog\/bildung\/infantil\/\">infantil<\/a><\/li>\n<li><a href=\"https:\/\/www.freiburg-schwarzwald.de\/blog\/engagement\/zukunft\/demokratie\/politik\/\">Politik<\/a><\/li>\n<li><a href=\"https:\/\/www.freiburg-schwarzwald.de\/blog\/engagement\/zukunft\/demokratie\/politik\/politiker\/\">Politiker<\/a><\/li>\n<li><a title=\"Politik-Ansichten\" href=\"https:\/\/www.freiburg-schwarzwald.de\/blog\/engagement\/zukunft\/demokratie\/politik-ansichten\/\">Politik-Ansichten<\/a><\/li>\n<li><a href=\"https:\/\/www.freiburg-schwarzwald.de\/blog\/engagement\/zukunft\/demokratie\/gruen-links\/politik-bullerbue\/\">Politik-Bullerb\u00fc<\/a><\/li>\n<li><a href=\"https:\/\/www.freiburg-schwarzwald.de\/blog\/engagement\/zukunft\/demokratie\/politik\/politik-illusionen\/\">Politik-Illusionen<\/a><\/li>\n<\/ul>\n<p><strong>EVP-Chef Weber ruft zur Sabotage der Moskauer U-Bahn auf<\/strong><br \/>\n<strong>Moskaus U\u2011Bahn stehe still, weil Manfreds starker Arm es will!<\/strong><br \/>\nCSU-Mann Manfred Weber verbl\u00fcfft bei Lanz mit einem \u201eVorschlag\u201c, der an politische Brandstiftung grenzt. Per Cyberangriff solle man die Moskauer U-Bahn lahmlegen. Nat\u00fcrlich nur als \u201eZeichen\u201c an Putin. Ein Aufruf zur <a href=\"https:\/\/www.freiburg-schwarzwald.de\/blog\/selbsthilfe\/krise\/gewalt\/sabotage\/\">Sabotage<\/a> kritischer Infrastruktur mit unkalkulierbaren Folgen: Dieser infantile Vorschlag offenbart das erschreckende Niveau europ\u00e4ischer Spitzenpolitik.<br \/>\n.<br \/>\nNa also \u2014 Manfred Weber hat bei Lanz wieder mal einen rausgehauen. Donnerwetter. Der CSU\u2011Mann und Chef der einflussreichsten Fraktion im EU\u2011Parlament lie\u00df neulich in der Sendung beil\u00e4ufig, aber v\u00f6llig ernsthaft fallen: \u201eMal f\u00fcr einen Tag die Moskauer U\u2011Bahn stillzustellen oder so.\u201c<br \/>\n&#8230;<br \/>\nRechts\u2011 und sicherheitspolitisch ist Webers Vorschlag als EU\u2011Politiker brisant bis explosionsgef\u00e4hrlich: Er liest sich wie eine Aufforderung zur St\u00f6rung kritischer Infrastruktur und kann straf\u2011, v\u00f6lker\u2011 und zivilrechtliche sowie politische Konsequenzen nach sich ziehen. Warum? Ganz einfach: Seine Formulierung ist faktisch eine Aufforderung zur Begehung einer rechtswidrigen Handlung (Sabotage, Hacking, St\u00f6rung \u00f6ffentlicher Dienste). In vielen Rechtsordnungen sind \u00f6ffentliche Aufrufe zur Straftat strafbar oder zumindest als Anstiftung zu werten.<br \/>\nDas zielgerichtete Lahmlegen einer U\u2011Bahn per Cyberma\u00dfnahmen k\u00f6nnte Tatbest\u00e4nde gegen Computersysteme, gegen den \u00f6ffentlichen Personenverkehr oder gegen die \u00f6ffentliche Sicherheit erf\u00fcllen. Viele Staaten ahnden Angriffe auf kritische Infrastruktur besonders scharf. Vermutlich wird Weber in Br\u00fcssel nichts passieren, aber was denkt er sich eigentlich dabei?<br \/>\nUnd das V\u00f6lkerrecht? Man muss nicht Frau Baerbock hei\u00dfen oder das V\u00f6lkerrecht studiert haben, um zu begreifen: Sollte Webers Vorschlag staatlich gesteuert oder von staatlichen Akteuren unterst\u00fctzt werden, w\u00e4ren v\u00f6lkerrechtliche Verantwortlichkeiten, diplomatische Proteste oder gar Fragen zur Anwendung von Gewalt (UN\u2011Charta) nicht mehr rein akademisch.<br \/>\n&#8230; Alles vom 30.9.2025 bitte lesen auf<br \/>\n<a href=\"https:\/\/www.tichyseinblick.de\/meinungen\/moskaus-u%e2%80%91bahn-weber-bei-lanz\/\">https:\/\/www.tichyseinblick.de\/meinungen\/moskaus-u%e2%80%91bahn-weber-bei-lanz\/<\/a><\/p>\n<p>&nbsp;<\/p>\n<p><strong>Baerbock: \u201eH\u00e4tte normalerweise nicht mal ein Praktikum gekriegt\u201c<\/strong><br \/>\nPrecht verspottet Baerbock: \u201eH\u00e4tte normalerweise nicht mal ein Praktikum gekriegt\u201c<br \/>\n&#8222;Verbale Entgleisung von dem Philosophen Richard David Precht! In einer Podcastfolge ist Precht der Kragen geplatzt. Wegen einer Gr\u00fcnen-Politikerin. \u201eWenn du jemanden wie Annalena Baerbock siehst in Peking&#8230; was l\u00f6st das in dir aus?\u201c, fragt ZDF-Moderator Markus Lanz seinen Busenfreund, den Philosophen Precht, in der j\u00fcngsten Ausgabe des Podcasts \u201eLanz&amp;Precht\u201c. (&#8230;)<br \/>\n\u201eDann hab ich das Gef\u00fchl&#8230;\u201c, beginnt Precht \u2013 und muss eine Pause einlegen. Dann f\u00e4hrt er fort. \u201eWenn ich ganz ehrlich sein soll, was f\u00fcr ein Unfall, dass diese Frau Au\u00dfenministerium geworden ist. Die h\u00e4tte unter normalen Umst\u00e4nden im Ausw\u00e4rtigen Amt nicht mal ein Praktikum gekriegt\u201c, behauptet der Philosoph, der zunehmend emotional wird.<br \/>\nBaerbock habe \u2013 mit der moralischen Inbrunst einer Klassensprecherin \u2013 China versucht zu erkl\u00e4ren, was westliche Werte sind und habe ein Eskalationsszenario an die Wand gemalt. In Deutschland solle man stattdessen kleinere Br\u00f6tchen backen. &#8220;<br \/>\n&#8230; Alles vom 25.4.2023 bitte lesen auf<br \/>\n<a href=\"https:\/\/www.merkur.de\/politik\/precht-verspottet-baerbock-haette-normalerweise-nicht-mal-ein-praktikum-gekriegt-92234020.html\">https:\/\/www.merkur.de\/politik\/precht-verspottet-baerbock-haette-normalerweise-nicht-mal-ein-praktikum-gekriegt-92234020.html<\/a><\/p>\n<p>&nbsp;<\/p>\n<p><strong>Richard David Precht: \u201eWas f\u00fcr ein Unfall, dass Annalena Baerbock Au\u00dfenministerin geworden ist\u201c<\/strong><br \/>\nIn dem Podcast \u201eLanz &amp; Precht\u201c (vom 21. April <a href=\"https:\/\/lanz-precht.podigee.io\/\">https:\/\/lanz-precht.podigee.io\/<\/a> ) hat sich der Philosoph Richard David Precht im Gespr\u00e4ch mit Markus Lanz abf\u00e4llig gegen\u00fcber Au\u00dfenministerin Annalena Baerbock ge\u00e4u\u00dfert. <a href=\"https:\/\/twitter.com\/i\/status\/1649561968892690432\">https:\/\/twitter.com\/i\/status\/1649561968892690432<\/a><br \/>\n&#8230; Precht: \u201eDann habe ich das Gef\u00fchl&#8230; Also wenn ich ganz ehrlich sein darf, dass ich dann immer denke, was f\u00fcr ein Unfall, dass diese Frau Au\u00dfenministerin geworden ist. <em><strong>Unter normalen Bedingungen h\u00e4tte die im Ausw\u00e4rtigen Amt noch nicht einmal ein Praktikum gekriegt<\/strong><\/em>. Dass jemand mit dieser moralischen Inbrunst einer Klassensprecherin einer Weltmacht, einer Kulturnation versucht zu erkl\u00e4ren, was westliche Werte sind, sie als systemische Rivalen definiert und quasi ein Eskalationsszenario an die Wand malt, eine wertegeleitete Au\u00dfenpolitik, die in Wirklichkeit eine konfrontationsgeleitete Au\u00dfenpolitik ist, statt einfach mal kleine Br\u00f6tchen zu backen und sich zu sagen: \u201aSolange wir in Deutschland wirtschaftlich erfolgreich sind, nehmen uns die Chinesen mit allem drum und dran ernst.\u2018\u201c Eine st\u00e4rkere Konfrontation w\u00fcrde die deutsche Wirtschaft, so Precht, in Gefahr bringen und geradezu zerst\u00f6ren. \u201eDann w\u00fcrde unsere westlichen Werte erst recht niemand ernst nehmen.\u201c Nicht Belehrungen seien sinnvoll, sondern das Vorleben richtiger Standards.<br \/>\n&#8230; Alles vom 24.4.2023 bitte lesen auf<br \/>\n<a href=\"https:\/\/www.berliner-zeitung.de\/politik-gesellschaft\/zdf-podcast-richard-david-precht-was-fuer-ein-unfall-dass-annalena-baerbock-aussenministerin-geworden-ist-li.341532\">https:\/\/www.berliner-zeitung.de\/politik-gesellschaft\/zdf-podcast-richard-david-precht-was-fuer-ein-unfall-dass-annalena-baerbock-aussenministerin-geworden-ist-li.341532<\/a><\/p>\n<p>&nbsp;<\/p>\n<p><strong>Habeck im Regenwald: &#8222;Ich bin so etwas wie euer H\u00e4uptling&#8220;<\/strong><br \/>\nSogenannten Unmut gab es dieser Tage wegen der Art des Auftretens von Vizekanzler Habeck und dessen Adabei Cem \u00d6. im brasilianischen Busch. Robert der Dreitageb\u00e4rtige hat Medienberichten zufolge beim Besuch des Dorfes Kambeba die Eingeborenen begr\u00fc\u00dft, als h\u00e4tten die noch nie einen Europ\u00e4er gesehen, und sich mit den Worten vorgestellt:<br \/>\n<em>\u201eIch bin Robert, das ist Cem, <\/em><br \/>\n<em>und wir sind Minister in der deutschen Regierung <\/em><br \/>\n<em>\u2013 das ist so etwas wie euer H\u00e4uptling, <\/em><br \/>\n<em>aber in einem anderen Land\u201d<\/em><br \/>\n(Habeck soll das Wort \u201eChief\u201c verwendet haben, das Anf\u00fchrer, Chef etc. bedeutet, aber eben auch H\u00e4uptling).<br \/>\nAu\u00dferdem sagte der H\u00e4uptling aus dem waldreichsten Land Mitteleuropas, das zu einem Drittel von B\u00e4umen bedeckt ist und mehr Holz hat als jedes andere Land der EU: \u201eF\u00fcr uns ist das sehr spannend zu verstehen, wie ihr im Wald leben k\u00f6nnt und den Wald sch\u00fctzen k\u00f6nnt, weil in Deutschland vor tausend Jahren die Deutschen alle B\u00e4ume gef\u00e4llt haben. Also unser Wald ist mehr oder weniger weg.\u201c<br \/>\nBei dieser Auskunft handelte es sich vermutlich weniger um einen Blick in die periodische deutsche \u201eHolznot\u201d der Vergangenheit als vielmehr um Wahrsage und Orakellallerei. Habeck gestattete dem Amazonas-Publikum einen Blick in die deutsche Zukunft nach der vollzogenen Energiewende. Sp\u00e4testens an dieser Stelle k\u00f6nnte das s\u00fcdamerikanische Publikum geargw\u00f6hnt haben, dass die G\u00e4ste aus Germany in Wirklichkeit gar keine H\u00e4uptling, sondern allenfalls Schamanen, Regenzauberer, sind.<br \/>\n&#8230; Alles vom 18.3.2023 bitte lesen auf<br \/>\n<a href=\"https:\/\/www.klonovsky.de\/2023\/03\/18-maerz-2023\/\">https:\/\/www.klonovsky.de\/2023\/03\/18-maerz-2023\/<\/a><br \/>\n.<br \/>\n<strong>H\u00e4uptling Habeck<\/strong><br \/>\nAbgesehen davon, welch bezeichnendes Licht seine Wortwahl auf das eigene Selbstverst\u00e4ndnis wirft, offenbart Habecks Auftritt auch, was zum Markenzeichen der Regierung Scholz zu werden droht: Unfassbare Unkenntnis. In seiner Rede in diesem Dorf behauptete der Minister, in Deutschland g\u00e4be es so gut wie keinen Wald mehr. Das war kurzzeitig im Mittelalter der Fall, als Holz ein unentbehrlicher Baustoff war. Seitdem sind die deutschen W\u00e4lder stetig gewachsen, haben das so genannte Waldsterben der 70er Jahre \u00fcberstanden und werden hoffentlich auch den Holzk\u00e4ferbefall \u00fcberstehen, der durch das gr\u00fcne Dogma, Holzbruch und Totholz nicht mehr aus den W\u00e4ldern zu entfernen, um \u201eUrw\u00e4lder\u201c zu schaffen, beg\u00fcnstigt wird.<br \/>\nNoch bedeckt der Wald ein Drittel der Landesfl\u00e4che und Habeck sollte seine n\u00e4chste Reise mit Cem durch die heimischen W\u00e4lder planen. Da k\u00f6nnten sie sich informieren, was ihre ideologiegesteuerte Politik, 2% der Landesfl\u00e4che mit Windr\u00e4dern zu bepflastern, in den W\u00e4ldern anrichtet. F\u00fcr ein Windrad m\u00fcssen 0,8 bis 1 Hektar Wald gerodet werden. Auch wenn ein Teil davon wieder aufgeforstet wird, kann man sagen, dass H\u00e4uptling Habeck mit seinem 2%-Ziel im Nebeneffekt verantwortlich f\u00fcr die gr\u00f6\u00dfte Waldvernichtung in Deutschland ist.<br \/>\nUnd wie sieht es mit dem Regenwald aus, dessen Rettung Habecks Herzensanliegen ist? In den Rotorbl\u00e4ttern eines Windrades wird Balsaholz verarbeitet. Balsab\u00e4ume wachsen im Regenwald. Indigene Gruppen und Umweltaktivisten fordern daher regelm\u00e4\u00dfig, dass die Windkraftindustrie auf anderes Material umschwenkt. Es ist paradox: F\u00fcr die Energiewende in Europa fallen B\u00e4ume in Lateinamerika den Kettens\u00e4gen zum Opfer. Zwar, was das Balsaholz betrifft, weniger in Brasilien, aber in Ecuador, das zu den Hauptexporteuren f\u00fcr Balsaholz mit einem Weltmarktanteil von 80 bis 90 Prozent geh\u00f6rt.<br \/>\nRobert und Cem fuhren anschlie\u00dfend nach Kolumbien, wo sei es vermieden, sich den Steinkohleabbau anzuschauen. Mit den \u00f6kologischen Folgen der Entscheidung, Deutschlands AKWs abzuschalten und daf\u00fcr wieder Kohlekraftwerke hochzufahren, die u.a. mit kolumbianischer Steinkohle gef\u00fcttert werden, wollte man sich lieber nicht befassen.<br \/>\n&#8230; Alles vom 17.3.2023 von Vera Lengsfeld bitte lesen auf<br \/>\n<a href=\"https:\/\/vera-lengsfeld.de\/2023\/03\/17\/haeuptling-habeck\/#more-6963\">https:\/\/vera-lengsfeld.de\/2023\/03\/17\/haeuptling-habeck\/#more-6963<\/a><\/p>\n","protected":false},"excerpt":{"rendered":"<p>Home\u00a0&gt;Engagement\u00a0&gt;Zukunft\u00a0&gt;Demokratie\u00a0&gt;Politik &gt;Politik-infantil &nbsp; Listenauswahl eines Beitrags: Bitte anklicken oder runterscrollen EVP-Chef Weber ruft zur Sabotage der Moskauer U-Bahn auf (30.9.2025) Alice Weidel in Z\u00fcrich: Gespr\u00e4ch mit der Weltwoche\u00a0(4.9.2025) Winfried St\u00f6cker: AfD als Rettung vor politischer \u201eIneptokratie\u201c \u2013 Offener Brief (3.2.2025) &hellip; <a href=\"https:\/\/www.freiburg-schwarzwald.de\/blog\/engagement\/zukunft\/demokratie\/politik\/politik-infantil\/\">Weiterlesen <span class=\"meta-nav\">&rarr;<\/span><\/a><\/p>\n","protected":false},"author":2,"featured_media":0,"parent":72376,"menu_order":0,"comment_status":"closed","ping_status":"closed","template":"","meta":{"footnotes":""},"class_list":["post-110852","page","type-page","status-publish","hentry"],"_links":{"self":[{"href":"https:\/\/www.freiburg-schwarzwald.de\/blog\/wp-json\/wp\/v2\/pages\/110852","targetHints":{"allow":["GET"]}}],"collection":[{"href":"https:\/\/www.freiburg-schwarzwald.de\/blog\/wp-json\/wp\/v2\/pages"}],"about":[{"href":"https:\/\/www.freiburg-schwarzwald.de\/blog\/wp-json\/wp\/v2\/types\/page"}],"author":[{"embeddable":true,"href":"https:\/\/www.freiburg-schwarzwald.de\/blog\/wp-json\/wp\/v2\/users\/2"}],"replies":[{"embeddable":true,"href":"https:\/\/www.freiburg-schwarzwald.de\/blog\/wp-json\/wp\/v2\/comments?post=110852"}],"version-history":[{"count":6,"href":"https:\/\/www.freiburg-schwarzwald.de\/blog\/wp-json\/wp\/v2\/pages\/110852\/revisions"}],"predecessor-version":[{"id":139633,"href":"https:\/\/www.freiburg-schwarzwald.de\/blog\/wp-json\/wp\/v2\/pages\/110852\/revisions\/139633"}],"up":[{"embeddable":true,"href":"https:\/\/www.freiburg-schwarzwald.de\/blog\/wp-json\/wp\/v2\/pages\/72376"}],"wp:attachment":[{"href":"https:\/\/www.freiburg-schwarzwald.de\/blog\/wp-json\/wp\/v2\/media?parent=110852"}],"curies":[{"name":"wp","href":"https:\/\/api.w.org\/{rel}","templated":true}]}}