{"id":1102,"date":"2012-04-11T13:17:11","date_gmt":"2012-04-11T13:17:11","guid":{"rendered":"https:\/\/www.freiburg-schwarzwald.de\/blog\/?page_id=1102"},"modified":"2025-10-02T20:24:35","modified_gmt":"2025-10-02T18:24:35","slug":"hilfe","status":"publish","type":"page","link":"https:\/\/www.freiburg-schwarzwald.de\/blog\/vereine\/hilfe\/","title":{"rendered":"Hilfe"},"content":{"rendered":"<p><a href=\"https:\/\/www.freiburg-schwarzwald.de\/forum\">Home<\/a> &gt;<a title=\"Vereine\" href=\"https:\/\/www.freiburg-schwarzwald.de\/blog\/vereine\/\">Vereine<\/a> &gt;Hilfe<\/p>\n<div id=\"attachment_1106\" style=\"width: 635px\" class=\"wp-caption alignnone\"><a href=\"https:\/\/www.freiburg-schwarzwald.de\/blog\/vereine\/hilfe\/laufen5pan-061026\/\" rel=\"attachment wp-att-1106\"><img loading=\"lazy\" decoding=\"async\" aria-describedby=\"caption-attachment-1106\" class=\"size-full wp-image-1106\" title=\"laufen5pan-061026\" src=\"https:\/\/www.freiburg-schwarzwald.de\/blog\/wp-content\/uploads\/2012\/04\/laufen5pan-061026.jpg\" alt=\"\" width=\"625\" height=\"201\" srcset=\"https:\/\/www.freiburg-schwarzwald.de\/blog\/wp-content\/uploads\/2012\/04\/laufen5pan-061026.jpg 625w, https:\/\/www.freiburg-schwarzwald.de\/blog\/wp-content\/uploads\/2012\/04\/laufen5pan-061026-180x57.jpg 180w\" sizes=\"auto, (max-width: 625px) 100vw, 625px\" \/><\/a><p id=\"caption-attachment-1106\" class=\"wp-caption-text\">Markgraeflerland: Tele-Blick vom Wiiwegli nach Westen \u00fcber Sulzburg-Laufen (links) zu den Vogesen am 26.10.2006<\/p><\/div>\n<p><strong>Hilfsorganisationen, Soziale Hilfsdienste, Nachbarschaftshilfe,<\/strong> &#8230;<\/p>\n<ul>\n<li><em>Listenauswahl eines Beitrags (Artikel\/Datum, Seite\/Inhalt):\u00a0<span style=\"text-decoration: underline;\">Klicken<\/span>\u00a0oder scrollen<\/em><\/li>\n<li><a href=\"https:\/\/www.freiburg-schwarzwald.de\/blog\/engagement\/engagiert-in-freiburg\/\">Engagiert in Freiburg: Anlaufstellen im \u00dcberblick<\/a>\u00a0(1.10.2025)<\/li>\n<li><a href=\"https:\/\/www.freiburg-schwarzwald.de\/blog\/engagement\/gemeinnuetzigkeit\/\">Pro Asyl \u2013 gemeinn\u00fctzige Organisation<\/a>\u00a0(27.8.2025)<\/li>\n<li><a href=\"https:\/\/www.freiburg-schwarzwald.de\/blog\/humanitaere-hilfe-usaid-unrwa\/\">Humanit\u00e4re Hilfe USAid UNRWA<\/a>\u00a0(1.7.2025)<\/li>\n<li><a href=\"https:\/\/www.freiburg-schwarzwald.de\/blog\/global\/entwicklungshilfe\/auslandshilfe\/\">Eine afrikanische Stimme zum R\u00fcckzug von USAID<\/a>\u00a0(25.3.2025)<\/li>\n<li><a href=\"https:\/\/www.freiburg-schwarzwald.de\/blog\/engagement\/ehrenamt\/\">Ehrenamt-Tag 29.6.2023 Freiburg: Neue Homepage<\/a>\u00a0(30.6.2023)<\/li>\n<li><a href=\"https:\/\/www.freiburg-schwarzwald.de\/blog\/engagement\/gutmenschen\/\">Markus Krall: Gute Menschen und Gutmenschen<\/a> (28.5.2023)<\/li>\n<li><a href=\"https:\/\/www.freiburg-schwarzwald.de\/blog\/global\/afrika\/afrika-helfersyndom\/\">Volker Seitz: Fernstenliebe ist leichter als N\u00e4chstenliebe<\/a>\u00a0(3.2.2022)<\/li>\n<li><a href=\"https:\/\/www.freiburg-schwarzwald.de\/blog\/natur\/klima\/ueberflutung\/\">Die vergessene Ahrtal-Katastrophe \u2013 Berichte von Betroffenen<\/a>\u00a0(26.8.2021)<\/li>\n<li><a href=\"https:\/\/www.freiburg-schwarzwald.de\/blog\/natur\/klima\/ueberflutung\/\">AAD im Ahrtal versagt \u2013 Oberst a.D. Eder hilft<\/a>\u00a0(3.8.2021)<\/li>\n<li><a href=\"https:\/\/www.freiburg-schwarzwald.de\/blog\/flut-staat-wie-medien-versagen\/\">Flut: Staat wie Medien versagen<\/a>\u00a0(27.7.2021)<\/li>\n<li><a href=\"https:\/\/www.freiburg-schwarzwald.de\/blog\/herzdruckmassage-im-notfall\/\">Herzdruckmassage im Notfall<\/a>\u00a0(16.6.2021)<\/li>\n<li><a href=\"https:\/\/www.freiburg-schwarzwald.de\/blog\/business\/gesund\/notdienste\/\">Polizei m\u00f6glichst digital aufsuchen \u2013 Corona<\/a>\u00a0(9.11.2020)<\/li>\n<li><a title=\"Herz\" href=\"https:\/\/www.freiburg-schwarzwald.de\/blog\/selbsthilfe\/chronisch\/herz\/\">Herzstillstand \u2013 Defibrillatoren \u2013 Region der Lebensretter<\/a>\u00a0(1.7.2020)<\/li>\n<li><a title=\"Freiburghaeltzusammen.de\" href=\"https:\/\/www.freiburg-schwarzwald.de\/blog\/freiburghaeltzusammen-de\/\">Freiburghaeltzusammen.de \u2013 neues Portal<\/a>\u00a0(22.4.2020)<\/li>\n<li><a title=\"NGO\" href=\"https:\/\/www.freiburg-schwarzwald.de\/blog\/vereine\/ngo\/\">40000 NGOs f\u00fcr Afrika \u2013 Helfersyndrom<\/a> (12.7.2017)<\/li>\n<li><span style=\"text-decoration: underline;\"><span style=\"color: #0066cc;\"><a href=\"https:\/\/www.freiburg-schwarzwald.de\/blog\/operieren-in-afrika-rumstadt\/\">https:\/\/www.freiburg-schwarzwald.de\/blog\/operieren-in-afrika-rumstadt\/<\/a><\/span><\/span>\u00a0(3.3.2014)<\/li>\n<li><a href=\"https:\/\/www.freiburg-schwarzwald.de\/blog\/traumanetzwerk-suedbaden\/\">https:\/\/www.freiburg-schwarzwald.de\/blog\/traumanetzwerk-suedbaden\/<\/a>\u00a0(3.3.2013)<\/li>\n<li><a href=\"https:\/\/www.freiburg-schwarzwald.de\/blog\/first-responder-in-buchenbach\/\">https:\/\/www.freiburg-schwarzwald.de\/blog\/first-responder-in-buchenbach\/<\/a>\u00a0(31.10.2012)<\/li>\n<li><\/li>\n<li><a href=\"https:\/\/www.freiburg-schwarzwald.de\/hilfe#Arbeiterwohlfahrt Freiburg\">Arbeiterwohlfahrt Freiburg &#8211; AWO<\/a><\/li>\n<li><a href=\"https:\/\/www.freiburg-schwarzwald.de\/blog\/global\/entwicklungshilfe\/auslandshilfe\/\">Auslandshilfe<\/a><\/li>\n<li><a title=\"Bergwacht\" href=\"https:\/\/www.freiburg-schwarzwald.de\/blog\/vereine\/hilfe\/bergwacht\/\">Bergwacht Schwarzwald<\/a> &gt;Bergwacht<\/li>\n<li><a href=\"https:\/\/www.freiburg-schwarzwald.de\/blutspende.htm\">Blut spenden<\/a> &gt;Blutspende<\/li>\n<li><a title=\"Caritas\" href=\"https:\/\/www.freiburg-schwarzwald.de\/blog\/religion\/kirchen\/caritas\/\">Caritas Freiburg<\/a><\/li>\n<li><a href=\"https:\/\/www.freiburg-schwarzwald.de\/littenweiler\/kirchen.htm#Diakonie Baden\">Diakonie Baden<\/a> &gt;Kirchen<\/li>\n<li><a href=\"https:\/\/www.freiburg-schwarzwald.de\/frauen1.htm#Dorfhelferin: Wenn die Mutter ausf\u00e4llt\">Dorfhelferinnen<\/a> &gt;www.frsw.de\/frauen1<\/li>\n<li><a href=\"https:\/\/www.freiburg-schwarzwald.de\/hilfe#Deutsches Rotes Kreuz Freiburg\">DRK Freiburg<\/a><\/li>\n<li><a href=\"https:\/\/www.freiburg-schwarzwald.de\/hilfe#DRK Freiburg - Kleiderkammer\">DRK Freiburg &#8211; Kleiderkammer<\/a><\/li>\n<li><a href=\"https:\/\/www.freiburg-schwarzwald.de\/hilfe#DRK - Notfallnachsorge Freiburg\">DRK &#8211; Notfallnachsorge Freiburg<\/a><\/li>\n<li><a href=\"https:\/\/www.freiburg-schwarzwald.de\/hilfe#DRK-Rettungsdienst Freiburg und Dreisamtal\">DRK-Rettungsdienst Freiburg mit Dreisamtal<\/a><\/li>\n<li><a href=\"https:\/\/www.freiburg-schwarzwald.de\/hilfe#DRK-Rettungshundestaffel Freiburg\">DRK-Rettungshundestaffel Freiburg<\/a><\/li>\n<li><a href=\"https:\/\/www.freiburg-schwarzwald.de\/hilfe#DRK - Ortsgruppe Freiburg-Kappel\">DRK &#8211; Ortsgruppe Freiburg-Kappel\/Ebnet<\/a><\/li>\n<li><a href=\"https:\/\/www.freiburg-schwarzwald.de\/hilfe#DRK Buchenbach - Schulsanit\u00e4ter\">DRK Buchenbach &#8211; Schulsanit\u00e4ter<\/a><\/li>\n<li><a href=\"https:\/\/www.freiburg-schwarzwald.de\/hilfe#DRK Oberried - vielseitige Aktivit\u00e4ten\">DRK Ortsverein Oberried &#8211; vielseitige Aktivit\u00e4ten<\/a><\/li>\n<li><a href=\"https:\/\/www.freiburg-schwarzwald.de\/stblasien1.htm#3700 Stunden im Ehrenamt geleistet\u00a0- DRK-Ortsverein St. Blasien\">DRK-Ortsverein St. Blasien<\/a> &gt;StBlasien1 (7.12.2005)<\/li>\n<li><a href=\"https:\/\/www.freiburg-schwarzwald.de\/hilfe#DRK Ortsverein Stegen\">DRK Ortsverein Stegen<\/a><\/li>\n<li><a href=\"https:\/\/www.freiburg-schwarzwald.de\/hilfe#DRK Ortsverein Zarten\">DRK Ortsverein Zarten<\/a><\/li>\n<li><a title=\"Eine-Welt-Forum\" href=\"https:\/\/www.freiburg-schwarzwald.de\/blog\/global\/einewelt\/eine-welt-forum\/\">Eine-Welt-Forum Freiburg<\/a><\/li>\n<li><a href=\"https:\/\/www.freiburg-schwarzwald.de\/blog\/engagement\/engagiert-in-freiburg\/\">Engagiert-in-Freiburg<\/a><\/li>\n<li><a href=\"https:\/\/www.freiburg-schwarzwald.de\/hilfe#Erste Hilfe Ausbildungszentrum-Beile\">Erste Hilfe Ausbildungszentrum-Beile<\/a><\/li>\n<li><a href=\"https:\/\/www.freiburg-schwarzwald.de\/soziales1.htm#Fabe - zwei neue Partner Kreulach Immo und Sweetware\">Fabe<\/a> &gt;Soziales1 (19.8.2004)<\/li>\n<li><a href=\"https:\/\/www.freiburg-schwarzwald.de\/migration.htm#Fl\u00fcchtlinge: R\u00fcckkehr- und Perspektivberatung in Freiburg\">Fl\u00fcchtlinge: R\u00fcckkehr- und Perspektivberatung f\u00fcr Fl\u00fcchtlinge<\/a> &gt;Migration<\/li>\n<li><a href=\"https:\/\/www.freiburg-schwarzwald.de\/hilfe#Freiburger Hilfsgemeinschaft e.V.\">Freiburger Hilfsgemeinschaft (FHG)<\/a><\/li>\n<li><a href=\"https:\/\/www.freiburg-schwarzwald.de\/hilfe#Freiburger Hilfsgemeinschaft e.V.\">FHG &#8211; Freiburger Hilfsgemeinschaft f\u00fcr psychisch kranke und behinderte Menschen<\/a> &gt;Hilfe<\/li>\n<li><a href=\"https:\/\/www.freiburg-schwarzwald.de\/hilfe#Freiburger Selbsthilfeb\u00fcro\">Freiburger Selbsthilfeb\u00fcro<\/a><\/li>\n<li><a href=\"https:\/\/www.freiburg-schwarzwald.de\/chronisch1.htm#Freiburger Stammzellendatei - Infos zur Typisierung\">Freiburger Stammzellendatei &#8211; Infos zur Typisierung<\/a> &gt;Chronisch1<\/li>\n<li><a href=\"https:\/\/www.freiburg-schwarzwald.de\/littenweiler\/ehrenamt.htm#Freiwilligen Agentur Freiburg\">FreiwilligenAgentur Freiburg<\/a> &gt;Ehrenamt<\/li>\n<li><a href=\"https:\/\/www.freiburg-schwarzwald.de\/bergbauern.htm#Freiwilligenhilfe auf Almwirtschaften\">Freiwilligenhilfe auf Almwirtschaften<\/a> &gt;Bergbauern<\/li>\n<li><a href=\"https:\/\/www.freiburg-schwarzwald.de\/hilfe#Gr\u00fcne Damen - \u00d6kumenische Krankenhaus-Hilfe (\u00d6KH)\">Gr\u00fcne Damen &#8211; \u00d6kumenische Krankenhaus-Hilfe (\u00d6KH)<\/a><\/li>\n<li><a href=\"https:\/\/www.freiburg-schwarzwald.de\/littenweiler\/soziales2.htm#Inner Wheel als Rotary-Unterclub auch in Freiburg - Hilfbereitschaft\">Inner Wheel als Rotary-Unterclub auch in Freiburg &#8211; Hilfsbereitschaft<\/a> &gt;Soziales2 (3.7.2004)<\/li>\n<li><a href=\"https:\/\/www.freiburg-schwarzwald.de\/hilfe#Jugendrotkreuz DRK\">Jugendrotkreuz DRK<\/a><\/li>\n<li><a href=\"https:\/\/www.freiburg-schwarzwald.de\/hilfe#Die Johanniter Freiburg\">Die Johanniter Freiburg<\/a><\/li>\n<li><a href=\"https:\/\/www.freiburg-schwarzwald.de\/littenweiler\/notdienste.htm#Notarzt-Wache beim Josefskrankenhaus: Kompetenzzentrum Notfallmedizin Freiburg\">Kompetenzzentrum Notfallmedizin Freiburg<\/a> &gt;Notdienste<\/li>\n<li><a href=\"https:\/\/www.freiburg-schwarzwald.de\/behinderung.htm#Lebenshilfe Breisgau und Hochschwarzwald\">Lebenshilfe<\/a> &gt;Behinderung<\/li>\n<li><a title=\"Liebe\" href=\"https:\/\/www.freiburg-schwarzwald.de\/blog\/selbsthilfe\/psyche\/liebe\/\">Liebe<\/a><\/li>\n<li><a href=\"https:\/\/www.freiburg-schwarzwald.de\/hilfe#Misereor\">Misereor<\/a><\/li>\n<li><a title=\"Miteinander-Stegen\" href=\"https:\/\/www.freiburg-schwarzwald.de\/blog\/vereine\/hilfe\/miteinander-stegen\/\">Miteinander Stegen<\/a><\/li>\n<li><a href=\"https:\/\/www.freiburg-schwarzwald.de\/hilfe#Malteser Hilfsdienst Freiburg\">Malteser Hilfsdienst Freiburg<\/a><\/li>\n<li><a href=\"https:\/\/www.freiburg-schwarzwald.de\/hilfe#Notfallnachsorgedienst Freiburg\">Notfallnachsorgedienst Freiburg<\/a><\/li>\n<li><a href=\"https:\/\/www.freiburg-schwarzwald.de\/littenweiler\/notdienste.htm#Notarzt-Wache beim Josefskrankenhaus: Kompetenzzentrum Notfallmedizin Freiburg\">Notarzt-Wache beim Josefskrankenhaus: Kompetenzzentrum Notfallmedizin Freiburg<\/a> &gt;Notdienste<\/li>\n<li><a href=\"https:\/\/www.freiburg-schwarzwald.de\/hilfe#Parit\u00e4tischer Wohlfahrtsverband Freiburg\">Parit\u00e4tische Dienste (fr\u00fcher: Parit\u00e4tischer Wohlfahrtsverband)<\/a><\/li>\n<li><a href=\"https:\/\/www.freiburg-schwarzwald.de\/hilfe#Patientenf\u00fcrsprecher Freiburg\">Patientenf\u00fcrsprecher Freiburg<\/a><\/li>\n<li><a href=\"https:\/\/www.freiburg-schwarzwald.de\/littenweiler\/polizei.htm\">Polizei Freiburg<\/a> &gt;Polizei<\/li>\n<li><a href=\"https:\/\/www.freiburg-schwarzwald.de\/psyche.htm#Psychosoziale Notfall-Versorgung - Netzwerk PSNV\">Psychosoziale Notfall-Versorgung &#8211; Netzwerk PSNV<\/a> &gt;Psyche<\/li>\n<li><a href=\"https:\/\/www.freiburg-schwarzwald.de\/littenweiler\/wiehre2.htm#Qu\u00e4kerbaracken an der Urachstrasse\">Qu\u00e4kerbaracken an der Urachstrasse<\/a> &gt;Wiehre2 (8.12.2009)<\/li>\n<li><a href=\"https:\/\/www.freiburg-schwarzwald.de\/hilfe#Rettungswache Dreisamtal in Kirchzarten seit 10 Jahren\">Rettungswache Dreisamtal in Kirchzarten 10 Jahre<\/a><\/li>\n<li><a href=\"https:\/\/www.freiburg-schwarzwald.de\/hilfe#Rettungshundestaffel Hochschwarzwald\">Rettungshundestaffel Hochschwarzwald<\/a><\/li>\n<li><a href=\"https:\/\/www.freiburg-schwarzwald.de\/hilfe#Richtige Hilfe e.V. in Emmendingen\">Richtige Hilfe e.V. in Emmendingen<\/a><\/li>\n<li><a title=\"Ride2Live\" href=\"https:\/\/www.freiburg-schwarzwald.de\/blog\/vereine\/hilfe\/ride2live\/\">Ride2Live in Kirchzarten<\/a><\/li>\n<li><a title=\"Rumaenien\" href=\"https:\/\/www.freiburg-schwarzwald.de\/blog\/global\/rumaenien\/\">Rum\u00e4nienhilfe Gisela Mengdehl<\/a><\/li>\n<li><a href=\"https:\/\/www.freiburg-schwarzwald.de\/schuldner.htm\">Schuldnerberatung<\/a> &gt;Schuldner<\/li>\n<li><a title=\"Solidarenergie\" href=\"https:\/\/www.freiburg-schwarzwald.de\/blog\/vereine\/hilfe\/solidarenergie\/\">SolidarEnergie<\/a><\/li>\n<li><a href=\"https:\/\/www.freiburg-schwarzwald.de\/littenweiler\/soziales.htm#Sozialstation Dreisamtal e.V.\">Sozialstation Dreisamtal<\/a> &gt;Soziales<\/li>\n<li><a title=\"SPES\" href=\"https:\/\/www.freiburg-schwarzwald.de\/blog\/vereine\/hilfe\/spes\/\">SPES<\/a><\/li>\n<li><a title=\"Suedwind-Freiburg\" href=\"https:\/\/www.freiburg-schwarzwald.de\/blog\/vereine\/hilfe\/suedwind-freiburg\/\">S\u00fcdwind Freiburg<\/a><\/li>\n<li><a href=\"https:\/\/www.freiburg-schwarzwald.de\/hilfe#Sulzburg - B\u00fcrgerhilfe im Alltag\">Sulzburg &#8211; B\u00fcrgerhilfe im Alltag<\/a><\/li>\n<li><a href=\"https:\/\/www.freiburg-schwarzwald.de\/hilfe#SWEF Radioportal \u2013 Ihr Radio f\u00fcr Soziales\">SWEF Radioportal \u2013 Ihr Radio f\u00fcr Soziales<\/a><\/li>\n<li><a href=\"https:\/\/www.freiburg-schwarzwald.de\/chronisch1.htm#Freiburger Stammzellendatei - Infos zur Typisierung\">Stammzellendatei Freiburg &#8211; Infos zur Typisierung<\/a> &gt;Chronisch1<\/li>\n<li><a href=\"https:\/\/www.freiburg-schwarzwald.de\/hilfe#THW Freiburg\">THW Freiburg<\/a><\/li>\n<li><a title=\"Tour-Hilfe\" href=\"https:\/\/www.freiburg-schwarzwald.de\/blog\/selbsthilfe\/soziales\/tour-hilfe\/\">Tour-Hilfe<\/a><\/li>\n<li><a title=\"VABE-Freiburg\" href=\"https:\/\/www.freiburg-schwarzwald.de\/blog\/vereine\/hilfe\/vabe-freiburg\/\">VABE Freiburg<\/a><\/li>\n<li><a title=\"Weissstorch-Breisgau\" href=\"https:\/\/www.freiburg-schwarzwald.de\/blog\/natur\/tiere\/storch\/weissstorch-breisgau\/\">Weissstorch Breisgau<br \/>\n<\/a><\/li>\n<li><\/li>\n<li><a href=\"https:\/\/www.freiburg-schwarzwald.de\/selbsthilfe.htm\">Selbsthilfeorganisationen f\u00f6rdern<\/a> &gt;Selbsthilfe<\/li>\n<li><a href=\"https:\/\/www.freiburg-schwarzwald.de\/littenweiler\/feuerwehr.htm\">Feuerwehren und Rettungsdienste<\/a> &gt;Feuerwehr<\/li>\n<li><a title=\"Fluechtlingshelfer\" href=\"https:\/\/www.freiburg-schwarzwald.de\/blog\/global\/integration\/fluechtlingshelfer\/\">Fluechtlingshelfer<\/a><\/li>\n<li><a href=\"https:\/\/www.freiburg-schwarzwald.de\/blog\/engagement\/gemeinnuetzigkeit\/\">Gemeinn\u00fctzigkeit<\/a><\/li>\n<li><a title=\"Helfer\" href=\"https:\/\/www.freiburg-schwarzwald.de\/blog\/vereine\/hilfe\/helfer\/\">Helfer<\/a><\/li>\n<li><a href=\"https:\/\/www.freiburg-schwarzwald.de\/littenweiler\/einewelt.htm\">Hilfsorganisation weltweit<\/a> &gt;EineWelt<\/li>\n<li><a href=\"https:\/\/www.freiburg-schwarzwald.de\/blog\/energie\/akw\/katastrophenschutz\/\">Kathastrophenschutz<\/a><\/li>\n<li><a href=\"https:\/\/www.freiburg-schwarzwald.de\/Organspende.htm\">Organspende<\/a> &gt;Organspende<\/li>\n<li><a title=\"Migrationsindustrie\" href=\"https:\/\/www.freiburg-schwarzwald.de\/blog\/global\/integration\/migrationsindustrie\/\">Migrationsindustrie<\/a><\/li>\n<li><a title=\"Selbsthilfe\" href=\"https:\/\/www.freiburg-schwarzwald.de\/blog\/selbsthilfe\/\">Selbsthilfegruppen<\/a><\/li>\n<li><a title=\"NGO\" href=\"https:\/\/www.freiburg-schwarzwald.de\/blog\/vereine\/ngo\/\">NGO<\/a><\/li>\n<li><a href=\"https:\/\/www.freiburg-schwarzwald.de\/littenweiler\/notdienste.htm\">Notruf<\/a> &gt;Notdienste<\/li>\n<li><a title=\"Zivilcourage\" href=\"https:\/\/www.freiburg-schwarzwald.de\/blog\/engagement\/zivilcourage\/\">Zivilcourage<\/a><\/li>\n<\/ul>\n<p>&nbsp;<\/p>\n<p><strong>Ein Patenonkel &#8211; Hilfsangebot<br \/>\n<\/strong>&#8222;Wenn es Dir schlecht geht, dann bin ich immer f\u00fcr Dich da.<br \/>\nAber wenn es Dir gut geht, dann lass es mich auch wissen.&#8220;<\/p>\n","protected":false},"excerpt":{"rendered":"<p>Home &gt;Vereine &gt;Hilfe Hilfsorganisationen, Soziale Hilfsdienste, Nachbarschaftshilfe, &#8230; Listenauswahl eines Beitrags (Artikel\/Datum, Seite\/Inhalt):\u00a0Klicken\u00a0oder scrollen Engagiert in Freiburg: Anlaufstellen im \u00dcberblick\u00a0(1.10.2025) Pro Asyl \u2013 gemeinn\u00fctzige Organisation\u00a0(27.8.2025) Humanit\u00e4re Hilfe USAid UNRWA\u00a0(1.7.2025) Eine afrikanische Stimme zum R\u00fcckzug von USAID\u00a0(25.3.2025) Ehrenamt-Tag 29.6.2023 Freiburg: Neue &hellip; <a href=\"https:\/\/www.freiburg-schwarzwald.de\/blog\/vereine\/hilfe\/\">Weiterlesen <span class=\"meta-nav\">&rarr;<\/span><\/a><\/p>\n","protected":false},"author":2,"featured_media":0,"parent":49,"menu_order":0,"comment_status":"open","ping_status":"closed","template":"","meta":{"footnotes":""},"class_list":["post-1102","page","type-page","status-publish","hentry"],"_links":{"self":[{"href":"https:\/\/www.freiburg-schwarzwald.de\/blog\/wp-json\/wp\/v2\/pages\/1102","targetHints":{"allow":["GET"]}}],"collection":[{"href":"https:\/\/www.freiburg-schwarzwald.de\/blog\/wp-json\/wp\/v2\/pages"}],"about":[{"href":"https:\/\/www.freiburg-schwarzwald.de\/blog\/wp-json\/wp\/v2\/types\/page"}],"author":[{"embeddable":true,"href":"https:\/\/www.freiburg-schwarzwald.de\/blog\/wp-json\/wp\/v2\/users\/2"}],"replies":[{"embeddable":true,"href":"https:\/\/www.freiburg-schwarzwald.de\/blog\/wp-json\/wp\/v2\/comments?post=1102"}],"version-history":[{"count":5,"href":"https:\/\/www.freiburg-schwarzwald.de\/blog\/wp-json\/wp\/v2\/pages\/1102\/revisions"}],"predecessor-version":[{"id":139708,"href":"https:\/\/www.freiburg-schwarzwald.de\/blog\/wp-json\/wp\/v2\/pages\/1102\/revisions\/139708"}],"up":[{"embeddable":true,"href":"https:\/\/www.freiburg-schwarzwald.de\/blog\/wp-json\/wp\/v2\/pages\/49"}],"wp:attachment":[{"href":"https:\/\/www.freiburg-schwarzwald.de\/blog\/wp-json\/wp\/v2\/media?parent=1102"}],"curies":[{"name":"wp","href":"https:\/\/api.w.org\/{rel}","templated":true}]}}