{"id":109939,"date":"2023-02-23T10:37:18","date_gmt":"2023-02-23T09:37:18","guid":{"rendered":"https:\/\/www.freiburg-schwarzwald.de\/blog\/?page_id=109939"},"modified":"2023-02-23T10:47:09","modified_gmt":"2023-02-23T09:47:09","slug":"nahwaermenetz","status":"publish","type":"page","link":"https:\/\/www.freiburg-schwarzwald.de\/blog\/energie\/energiepolitik\/nahwaermenetz\/","title":{"rendered":"Nahwaermenetz"},"content":{"rendered":"<p>Home &gt;<a title=\"Energie\" href=\"https:\/\/www.freiburg-schwarzwald.de\/blog\/energie\/\">Energie<\/a>\u00a0&gt;<a href=\"https:\/\/www.freiburg-schwarzwald.de\/blog\/energie\/kraft-waerme-kopplung\/\">Kraft-Waerme-Kopplung<\/a> &gt;<a href=\"https:\/\/www.freiburg-schwarzwald.de\/blog\/energie\/heizung\/\">Heizung<\/a> &gt;Nahwaermenetz<\/p>\n<div id=\"attachment_105464\" style=\"width: 649px\" class=\"wp-caption alignnone\"><a href=\"https:\/\/www.freiburg-schwarzwald.de\/blog\/wp-content\/uploads\/2022\/10\/herbstmorgen-zarten-schwarzwald-pan221015.jpg\"><img loading=\"lazy\" decoding=\"async\" aria-describedby=\"caption-attachment-105464\" class=\"size-full wp-image-105464\" src=\"https:\/\/www.freiburg-schwarzwald.de\/blog\/wp-content\/uploads\/2022\/10\/herbstmorgen-zarten-schwarzwald-pan221015.jpg\" alt=\"\" width=\"639\" height=\"332\" srcset=\"https:\/\/www.freiburg-schwarzwald.de\/blog\/wp-content\/uploads\/2022\/10\/herbstmorgen-zarten-schwarzwald-pan221015.jpg 639w, https:\/\/www.freiburg-schwarzwald.de\/blog\/wp-content\/uploads\/2022\/10\/herbstmorgen-zarten-schwarzwald-pan221015-180x94.jpg 180w\" sizes=\"auto, (max-width: 639px) 100vw, 639px\" \/><\/a><p id=\"caption-attachment-105464\" class=\"wp-caption-text\">Herbstmorgen bei einer Obstbaumwiese am Fu\u00df des Schwarzwaldes 13.10.2022<\/p><\/div>\n<ul>\n<li>Nahw\u00e4rmenetz Kirchzarten (23.2.2023)<\/li>\n<li><\/li>\n<li><a href=\"https:\/\/www.freiburg-schwarzwald.de\/blog\/energie\/pv\/pv-littenweiler\/\">PV-Littenweiler<\/a><\/li>\n<li><a href=\"https:\/\/www.freiburg-schwarzwald.de\/blog\/energie\/geothermie\/waermepumpe\/\">Waermepumpe<\/a><\/li>\n<li><a href=\"https:\/\/www.freiburg-schwarzwald.de\/blog\/energie\/solar\/solarthermie\/\">Solarthermie<\/a><\/li>\n<\/ul>\n<p>&nbsp;<\/p>\n<p><strong>Nahw\u00e4rmenetz Kirchzarten<\/strong><br \/>\n<em>Zu den beiden Artikeln (s.u.) \u00fcber ein m\u00f6gliches Nahw\u00e4rmenetz in den Kirchzartener Ortsteilen Burg-H\u00f6fen und -Birkenhof, in der BZ vom 16. und 18. Februar, schreibt ein Leser:<\/em><br \/>\nEin Nahw\u00e4rmenetz h\u00e4ngt von mehreren Faktoren ab, aber letztendlich nur von zweien. Zum einen vom Willen der Beteiligten. Da ist in Kirchzarten noch viel zu tun und die H\u00f6fener und Burger B\u00fcrger sollten f\u00fcr die kommende Gemeinderatswahl kandidieren und sich Mehrheiten beschaffen. Zum anderen vom Verst\u00e4ndnis der vier Grundrechenarten, denn Nahw\u00e4rmenetze rechnen sich immer. Vorausgesetzt wird allerdings auch die Kenntnis unseres Wirtschaftsmodells, mit Einnahmen und Ausgaben, Einkommen und Verm\u00f6gen und noch ein paar weiteren Kleinigkeiten. Die Energieversorger <a href=\"https:\/\/www.freiburg-schwarzwald.de\/blog\/energie\/strom\/badenova\/\">Badenova<\/a> und EWK haben quasi ein Monopol, und die B\u00fcrger bilden ein Polypol, sprich sie sind wehrlos. Bis sie sich wehren, dann sind sie wehrhaft und m\u00e4chtig.<\/p>\n<p>Die B\u00fcrger k\u00f6nnten versuchen, die EWK in eine B\u00fcrger-Energie-Genossenschaft zu verwandeln, die dann das Nahw\u00e4rmenetz betreibt. Machbar mit neuen Mehrheiten und K\u00f6pfen im Gemeinderat. Die Genossenschaften im Umkreis haben schon vor Jahren abgewinkt, als wir sie befragten. Die Diskussionen im Dreisamtal \u00fcber unsere zuk\u00fcnftige Energieversorgung (Strom, W\u00e4rme, Klima und so weiter) \u00e4hneln sich und werden von der Platzhirschen Badenova und EWK und einigen B\u00fcrgermeistern behindert. Wer eine Genossenschaft plant, hat einen langen Weg vor sich. Ob Birkenhof, Burg, Eschbach oder Stegen-Hauptstra\u00dfe, die Probleme und L\u00f6sungen sind die gleichen.<br \/>\n.<br \/>\nEs geht um einen Millionen-Markt und um ein altes Monopol der Energieversorgung. Nahw\u00e4rmenetz, PV-Anlagen auf D\u00e4chern und Garagen, <a href=\"https:\/\/www.freiburg-schwarzwald.de\/blog\/energie\/pv\/pv-littenweiler\/\">Solar am Schallschutzwall an der B 31<\/a>, Windkraftanlagen, <a href=\"https:\/\/www.freiburg-schwarzwald.de\/blog\/energie\/solar\/photovoltaik\/\">PV-Anlagen<\/a> f\u00fcr eigene Solarzapfs\u00e4ulen der E-Bikes und E-Autos, das k\u00f6nnte die Reihenfolge sein. Kostensenkung bei den Privaten und zugleich Verm\u00f6gensbildung, die an die Enkel vererbt werden kann. Vom F\u00f6rderverein haben wir f\u00fcnf Alternativen kalkuliert und Sieger war die individuelle, private W\u00e4rmepumpe mit hybrider Solaranlage und Speicher. Morgen k\u00f6nnte es losgehen. Gegen eine kleine Spende geben wir gerne unsere Planungen und Kalkulationen an Interessierte weiter und passen sie an die ver\u00e4nderten Rahmenbedingungen und Preise an. Trotzdem pl\u00e4diere ich f\u00fcr die Genossenschaftsl\u00f6sung, da nur diese die Transformation stemmen kann.<br \/>\n23.2.2023, Goetz Mosig-Baumeister, Stegen<br \/>\n.<br \/>\nVorsitzender des F\u00f6rdervereins f\u00fcr Energieeinsparung und Solar-Energie<br \/>\n<a href=\"https:\/\/klimaneutrales-dreisamtal.de\">https:\/\/klimaneutrales-dreisamtal.de<\/a><br \/>\n<a href=\"https:\/\/www.dersonnenkoenig.de\">https:\/\/www.dersonnenkoenig.de<\/a><br \/>\ngoetz.baumeister@gmx.de<br \/>\n.<br \/>\n<strong>Ob das Nahw\u00e4rmenetz in Kirchzarten-Burg kommt, h\u00e4ngt an den B\u00fcrgern<\/strong><br \/>\nDie Burger Ortsteile H\u00f6fen und Birkenhof k\u00f6nnten ein Nahw\u00e4rmenetz auf Basis von Hackschnitzeln aufbauen. Das Interesse an der Vorstellung einer Machbarkeitsstudie am Dienstag war gro\u00df. Doch es wurde auch einige Kritik laut.<br \/>\n&#8230; Alles vom 15.2.2023 von Kathrin Blum bitte lesen auf<br \/>\n<a href=\"https:\/\/www.badische-zeitung.de\/ob-das-nahwaermenetz-in-kirchzarten-burg-kommt-haengt-an-den-buergern--243125277.html\">https:\/\/www.badische-zeitung.de\/ob-das-nahwaermenetz-in-kirchzarten-burg-kommt-haengt-an-den-buergern&#8211;243125277.html<\/a><\/p>\n","protected":false},"excerpt":{"rendered":"<p>Home &gt;Energie\u00a0&gt;Kraft-Waerme-Kopplung &gt;Heizung &gt;Nahwaermenetz Nahw\u00e4rmenetz Kirchzarten (23.2.2023) PV-Littenweiler Waermepumpe Solarthermie &nbsp; Nahw\u00e4rmenetz Kirchzarten Zu den beiden Artikeln (s.u.) \u00fcber ein m\u00f6gliches Nahw\u00e4rmenetz in den Kirchzartener Ortsteilen Burg-H\u00f6fen und -Birkenhof, in der BZ vom 16. und 18. Februar, schreibt ein Leser: &hellip; <a href=\"https:\/\/www.freiburg-schwarzwald.de\/blog\/energie\/energiepolitik\/nahwaermenetz\/\">Weiterlesen <span class=\"meta-nav\">&rarr;<\/span><\/a><\/p>\n","protected":false},"author":2,"featured_media":0,"parent":1495,"menu_order":0,"comment_status":"closed","ping_status":"closed","template":"","meta":{"footnotes":""},"class_list":["post-109939","page","type-page","status-publish","hentry"],"_links":{"self":[{"href":"https:\/\/www.freiburg-schwarzwald.de\/blog\/wp-json\/wp\/v2\/pages\/109939","targetHints":{"allow":["GET"]}}],"collection":[{"href":"https:\/\/www.freiburg-schwarzwald.de\/blog\/wp-json\/wp\/v2\/pages"}],"about":[{"href":"https:\/\/www.freiburg-schwarzwald.de\/blog\/wp-json\/wp\/v2\/types\/page"}],"author":[{"embeddable":true,"href":"https:\/\/www.freiburg-schwarzwald.de\/blog\/wp-json\/wp\/v2\/users\/2"}],"replies":[{"embeddable":true,"href":"https:\/\/www.freiburg-schwarzwald.de\/blog\/wp-json\/wp\/v2\/comments?post=109939"}],"version-history":[{"count":4,"href":"https:\/\/www.freiburg-schwarzwald.de\/blog\/wp-json\/wp\/v2\/pages\/109939\/revisions"}],"predecessor-version":[{"id":109947,"href":"https:\/\/www.freiburg-schwarzwald.de\/blog\/wp-json\/wp\/v2\/pages\/109939\/revisions\/109947"}],"up":[{"embeddable":true,"href":"https:\/\/www.freiburg-schwarzwald.de\/blog\/wp-json\/wp\/v2\/pages\/1495"}],"wp:attachment":[{"href":"https:\/\/www.freiburg-schwarzwald.de\/blog\/wp-json\/wp\/v2\/media?parent=109939"}],"curies":[{"name":"wp","href":"https:\/\/api.w.org\/{rel}","templated":true}]}}