{"id":109887,"date":"2023-02-22T11:20:52","date_gmt":"2023-02-22T10:20:52","guid":{"rendered":"https:\/\/www.freiburg-schwarzwald.de\/blog\/?page_id=109887"},"modified":"2026-04-08T19:46:12","modified_gmt":"2026-04-08T17:46:12","slug":"vorschriften","status":"publish","type":"page","link":"https:\/\/www.freiburg-schwarzwald.de\/blog\/engagement\/vorschriften\/","title":{"rendered":"Vorschriften"},"content":{"rendered":"<p>Home &gt;<a title=\"Engagement\" href=\"https:\/\/www.freiburg-schwarzwald.de\/blog\/engagement\/\">Engagement<\/a> &gt;<a href=\"https:\/\/www.freiburg-schwarzwald.de\/blog\/engagement\/freiwillig\/\">Freiwillig<\/a> &gt;<a href=\"https:\/\/www.freiburg-schwarzwald.de\/blog\/kultur\/kulturverlust\/verbote\/\">Verbote<\/a>\u00a0&gt;<a href=\"https:\/\/www.freiburg-schwarzwald.de\/blog\/kultur\/kulturverlust\/\">Kulturverlust<\/a> &gt;<a href=\"https:\/\/www.freiburg-schwarzwald.de\/blog\/engagement\/zukunft\/demokratie\/staat\/\">Staat<\/a> &gt;Vorschriften<\/p>\n<div id=\"attachment_65729\" style=\"width: 648px\" class=\"wp-caption alignnone\"><a href=\"https:\/\/www.freiburg-schwarzwald.de\/blog\/wp-content\/uploads\/2017\/11\/rosbaum-holzbau7dg-nordwand-pan171012.jpg\"><img loading=\"lazy\" decoding=\"async\" aria-describedby=\"caption-attachment-65729\" class=\"size-full wp-image-65729\" src=\"https:\/\/www.freiburg-schwarzwald.de\/blog\/wp-content\/uploads\/2017\/11\/rosbaum-holzbau7dg-nordwand-pan171012.jpg\" alt=\"\" width=\"638\" height=\"302\" srcset=\"https:\/\/www.freiburg-schwarzwald.de\/blog\/wp-content\/uploads\/2017\/11\/rosbaum-holzbau7dg-nordwand-pan171012.jpg 638w, https:\/\/www.freiburg-schwarzwald.de\/blog\/wp-content\/uploads\/2017\/11\/rosbaum-holzbau7dg-nordwand-pan171012-180x85.jpg 180w\" sizes=\"auto, (max-width: 638px) 100vw, 638px\" \/><\/a><p id=\"caption-attachment-65729\" class=\"wp-caption-text\">Wohnungsmangel &#8211;<br \/>Dachgescho\u00df neu bauen im November 2017<\/p><\/div>\n<p>&nbsp;<\/p>\n<ul>\n<li><em>Listenauswahl eines Beitrags (Artikel\/Datum, Seite\/Inhalt):\u00a0<span style=\"text-decoration: underline;\">Klicken<\/span>\u00a0oder scrollen<\/em><\/li>\n<li>Markus Vahlefeld: Schilda \u2013 wie aus Fiktion Wirklichkeit wird (2.4.2026)<\/li>\n<li><a href=\"https:\/\/www.freiburg-schwarzwald.de\/blog\/business\/dienste\/immobilien\/wohnen\/wohneigentum\/\">Wohneigentumsquote 41,8 % in Deutschland: EU-Schlusslicht<\/a>\u00a0(28.11.2025)<\/li>\n<li><a href=\"https:\/\/www.freiburg-schwarzwald.de\/blog\/business\/wettbewerb\/\">Alle reden von Innovation und Technologie, aber keiner will das Neue<\/a>\u00a0(9.11.2025)<\/li>\n<li><a href=\"https:\/\/www.freiburg-schwarzwald.de\/blog\/selbstbestimmungsgesetz-wozu\/\">Selbstbestimmungsgesetz wozu?<\/a>\u00a0(31.8.2025)<\/li>\n<li><a href=\"https:\/\/www.freiburg-schwarzwald.de\/blog\/d-mittelstand-pleite-ar-milei\/\">D: Mittelstand pleite \u2013 AR: Milei<\/a>\u00a0(18.8.2025)<\/li>\n<li>Amtsstuben arbeiten nach Vorschrift (17.11.2024)<\/li>\n<li><a href=\"https:\/\/www.freiburg-schwarzwald.de\/blog\/engagement\/verbraucher\/regulieren\/\">Gr\u00fcne B\u00fcrokratie erdrosselt den Mittelstand<\/a>\u00a0(11.7.2024)<\/li>\n<li><a href=\"https:\/\/www.freiburg-schwarzwald.de\/blog\/demo-verbot-wegen-sicherheit\/\">Demo-Verbot wegen Sicherheit?<\/a>\u00a0(22.10.2023)<\/li>\n<li><a href=\"https:\/\/www.freiburg-schwarzwald.de\/blog\/grundsteuer-und-enteignung\/\">Grundsteuer und Enteignung<\/a>\u00a0(28.2.2023)<\/li>\n<li>Staatliche Vorschriften im Deutschlandfunk (27.2.2023)<\/li>\n<li>Vorschriften verhindern pers\u00f6nliches Engagement (22.2.2023)<\/li>\n<li>.<\/li>\n<li><a href=\"https:\/\/www.freiburg-schwarzwald.de\/blog\/engagement\/zukunft\/demokratie\/gesetze\/\">Gesetze<\/a><\/li>\n<li><a href=\"https:\/\/www.freiburg-schwarzwald.de\/blog\/engagement\/zukunft\/demokratie\/privateigentum\/\">Privateigentum<\/a><\/li>\n<li><a href=\"https:\/\/www.freiburg-schwarzwald.de\/blog\/engagement\/zukunft\/demokratie\/staatsapparat\/\">Staatsapparat<\/a><\/li>\n<li><a href=\"https:\/\/www.freiburg-schwarzwald.de\/blog\/business\/dienste\/immobilien\/wohnen\/wohneigentum\/\">Wohneigentum<\/a><\/li>\n<\/ul>\n<p>&nbsp;<\/p>\n<p><strong>Markus Vahlefeld: Schilda \u2013 wie aus Fiktion Wirklichkeit wird<\/strong><br \/>\n<strong>Schulgel\u00e4nder 7 cm zu tief, Bahnsteig zu schmal, Schwimmbecken 8 cm zu flach<\/strong><\/p>\n<p>Schilda ist ein fiktiver Ort, in dem die Schildb\u00fcrger wohnen. Einstmals bekannt f\u00fcr ihren Einfallsreichtum, wurden sie in die weite Welt entf\u00fchrt, um F\u00fcrsten und K\u00f6nigen als Ratgeber zu dienen. Schlie\u00dflich ersannen die Schildb\u00fcrger, sich dumm zu stellen, um endlich ihre Ruhe zu haben. So bauten sie ein Rathaus ohne Fenster und trugen das Licht in S\u00e4cken hinein. Die Erz\u00e4hlungen der Schildb\u00fcrgerstreiche sind weltber\u00fchmt. Sie geh\u00f6ren zum deutschsprachigen Kulturschatz, weil sich in ihnen auf eine sehr deutsche Weise weltfremde Intelligenz mit ganz irdischer Bl\u00f6dheit paart. Der Bau eines Stadttores, obwohl es gar keine Stadtmauer gab, geh\u00f6rt ganz sicher zu den lustigsten Geschichten, deren \u00c4hnlichkeit mit heutigen Ereignissen frappierend ist. Messerverbotszonen gab es zur Zeit Schildas noch nicht. Schilda ist zwar ein fiktiver Ort, Deutschland jedoch ganz real. Die weltfremde Intelligenz der Deutschen dr\u00fcckt sich oftmals in einer Vielzahl von sehr komplizierten Gesetzen aus. Die werden dann irgendwann so un\u00fcbersichtlich, dass sie nicht zu mehr Sicherheit und Klarheit f\u00fchren, sondern der irdischen Willk\u00fcr T\u00fcr und Tor \u00f6ffnen. Wenn Staat und Beh\u00f6rden etwas verhindern wollen, geben sie einfach ein Brandschutzgutachten in Auftrag. Das kann dann jede unliebsame Veranstaltung einer Oppositionspartei verhindern helfen oder sogar den Moscheebau zu K\u00f6ln um Jahre verz\u00f6gern.<\/p>\n<p>So traf es vor kurzem in der gar nicht fiktiven Stadt Frankfurt die Theobald-Ziegler-Schule, deren Schulgel\u00e4nder nach penibler Abmessung durch das Amt f\u00fcr Bau und Immobilien genau sieben Zentimeter unterhalb der DIN-Norm blieb. Sieben Zentimeter, die in dem hundert Jahre alten Schulgeb\u00e4ude jahrzehntelang niemandem aufgefallen waren und ergo niemanden gest\u00f6rt hatten. Passiert ist in all den Jahren ebenfalls nichts. Nun aber muss ein Sicherheitsdienst den Treppenaufgang der Sch\u00fcler bewachen, was mit irgendetwas um 3000 Euro pro Tag zu Buche schl\u00e4gt. Vor allem aber ist das Amt f\u00fcr Bau und Immobilien nun dazu \u00fcbergegangen, jede Schule, in der noch nichts passiert ist, zu vermessen. Schilda l\u00e4sst gr\u00fc\u00dfen.<\/p>\n<p>Waren es in Frankfurt noch sieben Zentimeter, so hat die Stadt Rheda-Wiedenbr\u00fcck sogar die Acht-Zentimeter-Latte gerissen. Dort war letztes Jahr das Schwimmbecken vermessen worden, und das Becken unterhalb des Dreimeterturms war nicht tief genug, und zwar um acht Zentimeter. Auch das war jahrelang niemandem aufgefallen, bis die Vertreter von Schilda mit Ma\u00dfband und Gesetzesbuch anr\u00fcckten. Schlie\u00dfung des Dreimeterturms stand genauso zur Debatte wie das Ausbaggern des Schwimmbeckens. Die Rheda-Wiedenbr\u00fccker wollten sich das nicht gefallen lassen, und so sprangen tausend von ihnen hintereinander vom Dreimeterturm, um zu beweisen, dass nichts passierte. Der B\u00fcrgermeister von Schilda \u2013 nein, von Rheda-Wiedenbr\u00fcck \u2013 gab daraufhin den Dreimeterturm in Eigenverantwortung wieder frei.<\/p>\n<p>Auch der kleine vogtl\u00e4ndische Bahnhof Zwotental erlang traurige Ber\u00fchmtheit, weil die Deutsche Bahn den Bahnsteig 2 des mehr als hundert Jahre alten Bahnhofs gesperrt hatte. Nat\u00fcrlich aus Sicherheitsgr\u00fcnden, der Bahnsteig sei zu schmal. Das war zwar auch niemandem in den vergangenen hundert Jahren aufgefallen, aber seit die Ingenieure aus Schilda nicht mehr Licht in S\u00e4cken ins Rathaus tragen m\u00fcssen, haben sie halt Zeit zum Messen. Der kleine Regionalzug fuhr also ohne Stopp durch Zwotental, hielt dann am n\u00e4chsten Bahnhof, wo die Zwotentaler dann eine Stunde warten mussten, um die Bahn zur\u00fcck zu nehmen, die am Bahnsteig 1 noch halten durfte. Bekannt wurde Zwotental als der umst\u00e4ndlichste Bahnhof Schildas. All diese Beispiele haben eine lustige und zipfelm\u00fctzige Seite, auch wenn die Verkomplizierung des Alltagslebens ganz offensichtlich Aufgabe von Schildas Ingenieuren geworden ist. Nun reden alle \u00fcbers Sparen und \u201eden G\u00fcrtel enger schnallen\u201c, und da h\u00f6rt der Spa\u00df leider auch auf. Denn nat\u00fcrlich sind all diese Beispiele auch Sinnbild f\u00fcr die eklatante Verschwendung von Geld und Ressourcen.<br \/>\n.<br \/>\nUnd da haben wir \u00fcber den Fall einer 14-j\u00e4hrigen islamistischen Gef\u00e4hrderin aus Paderborn noch gar nicht gesprochen, die enorme Kosten verursacht, da sie rund um die Uhr von zahlreichen Einsatzkr\u00e4ften bewacht werden muss. Wegen Strafunm\u00fcndigkeit k\u00f6nne man sie nicht wegsperren, hei\u00dft es. Oder der Fall von Huso B., einem bosnischen Asylbewerber, der bereits seit 2003 ausreisepflichtig ist, seitdem aber lieber mehr als hundert Straftaten beging und gar nicht erst abgeschoben wurde. Nun hat er insgesamt acht Kinder gezeugt, und w\u00e4hrend seine Strafakte kontinuierlich weiterw\u00e4chst, kassiert er 7000 Euro monatlich als St\u00fctze. Mehr als 400 Jahre ist das Buch \u00fcber die Schildb\u00fcrger bereits alt. Es hat sich wenig ge\u00e4ndert seitdem, nur dass Schildas Politiker heute viel enormere Summen zum Verprassen haben und niemand mehr die skurrilsten ihrer Einf\u00e4lle aufschreibt. Hiermit ist der Chronistenpflicht zumindest ansatzweise Rechnung getragen.<br \/>\n&#8230; Alles vom 2.4.2026 bitte lesen auf<br \/>\n<a href=\"https:\/\/kontrafunk.radio\/de\/sendung-nachhoeren\/politik-und-zeitgeschehen\/kontrafunk-aktuell\/kontrafunk-aktuell-vom-02-april-2026\">https:\/\/kontrafunk.radio\/de\/sendung-nachhoeren\/politik-und-zeitgeschehen\/kontrafunk-aktuell\/kontrafunk-aktuell-vom-02-april-2026<\/a><\/p>\n<p>&nbsp;<\/p>\n<p><strong>Amtsstuben arbeiten nach Vorschrift<\/strong><br \/>\nKurt Tucholsky hat mal gesagt, deutsch sein hei\u00dft, eine Sache um ihrer selbst willen zu \u00fcbertreiben. Leider begegnet uns das tats\u00e4chlich in vielen Amtsstuben.<br \/>\nDer nicht enden wollende Reigen an Regeln und Vorschriften wird mit heiligem Ernst durchgefochten.<br \/>\nEs wird f\u00fcr die Vorschrift gek\u00e4mpft und damit oft auch gegen die Unternehmer.<br \/>\nEs wird an dieser Stelle nicht reflektiert, welche Auswirkungen die Anwendung einer Vorschrift hat.<br \/>\nIch kann sogar verstehen, da\u00df kein Beamter sich \u00fcber eine Regel hinwegsetzen oder sie nicht interpretieren will, weil er bef\u00fcrchtet, sich schuldig zu machen. Und da\u00df man sich als Beamter als H\u00fcter der jeweiligen Regeln versteht. Das Ergebnis ist aber: L\u00e4hmung.\u201c<br \/>\nJan-Hendrik Goldbeck, gesch\u00e4ftsf\u00fchrender Gesellschafter der Bielefelder Baufirma Goldbeck, im \u201eHandelsblatt\u201c am 17. November 2024<\/p>\n<p>&nbsp;<\/p>\n<p><strong>Staatliche Vorschriften im Deutschlandfunk<\/strong><br \/>\n&#8222;Der <a href=\"https:\/\/www.freiburg-schwarzwald.de\/blog\/kultur\/medien\/oerr\/\">Deutschlandfunk<\/a> steht stellvertretend f\u00fcr eines der unheimlichsten Ph\u00e4nomene unserer Zeit: den Hass einer wohlhabenden linken Erben-Elite auf alles, was Millionen Menschen in diesem Land m\u00f6gen, sch\u00e4tzen, sich w\u00fcnschen und lieben.<br \/>\nDen Klassenkampf von oben nach unten, der uns vorschreiben will, wie wir zu sprechen haben und was wir zu essen haben.<br \/>\nWas man dort zu h\u00f6ren bekommt, hat sich von der Realit\u00e4t in unserem Land vollst\u00e4ndig entkoppelt. Beschrieben wird eine Welt, in der sich mutige Veganer, tapfere Transmenschen und nat\u00fcrlich linke und gr\u00fcne Politiker entschlossen den Bedrohungen unserer Zeit entgegenstellen, dem Rassismus, der unser Land durchwuchert, dem Klimawandel, dem Verbrennungsmotor.<br \/>\nDerzeit sendet der Deutschlandfunk eine sechsteilige Podcast-Serie \u00fcber Fleischkonsum mit dem Titel \u201eWen d\u00fcrfen wir essen?\u201c&#8220;<br \/>\n&#8230; Alles vom 27.2.2023 von &#8222;Achtung Reichelt!&#8220; bitte lesen auf<br \/>\n<a href=\"https:\/\/www.youtube.com\/watch?v=s6AeGX36fRM\">https:\/\/www.youtube.com\/watch?v=s6AeGX36fRM<\/a><\/p>\n<p>&nbsp;<\/p>\n<p><strong>Vorschriften verhindern pers\u00f6nliches Engagement<\/strong><br \/>\nDieser Beitrag zeigt stellvertretend f\u00fcr viele, wenn nicht f\u00fcr alle Bereiche auf, wie <a href=\"https:\/\/www.freiburg-schwarzwald.de\/blog\/engagement\/zukunft\/demokratie\/staatsapparat\/\">Beh\u00f6rden und andere Stellen<\/a>, einer Modernisierung, einem Umbau hin zu einfacheren Strukturen und Abl\u00e4ufen verhindern.<br \/>\nWer in einem Tiny House leben m\u00f6chte, hat sich damit lange auseinandergesetzt. Man geht bewusst einen Schritt zu einfachem Leben, in der Regel verbunden mit Ma\u00dfnahmen die Unabh\u00e4ngigkeit bedeuten. Komposttoilette, <a href=\"https:\/\/www.freiburg-schwarzwald.de\/blog\/energie\/solar\/photovoltaik\/\">Solarpanel<\/a>, Holzofen mit Wasserkreislauf, D\u00e4mmung mit Schafwolle, Lehmputze und Wasserfilteranlagen sind meistens in <a href=\"https:\/\/www.freiburg-schwarzwald.de\/blog\/business\/dienste\/immobilien\/holzhaus\/tiny-house\/\">Tiny Houses<\/a> integriert. Was braucht es da die in dem Beitrag genannten Auflagen und <a href=\"https:\/\/www.freiburg-schwarzwald.de\/blog\/business\/dienste\/immobilien\/holzhaus\/\">Genehmigungen<\/a>, insbesondere auf bestehenden privaten Grundst\u00fccken.<\/p>\n<p>Deutschland sollte ins Guinnessbuch als weltweit gr\u00f6\u00dfter Verhinderer, von allem, was uns die Politik vorgibt, eingetragen werden. Der Beitrag listet einen Marathon von Vorschriften und Beh\u00f6rdengenehmigungen auf, die einem jede Lust f\u00fcr pers\u00f6nliches Engagement bei der gro\u00dfen Wende mitzumachen, vermiest.<br \/>\n.<br \/>\nAber ohne uns, die Bev\u00f6lkerung, gibt es keine Modernisierung und keinen Umbau der Bundesrepublik.<br \/>\n22.2.2023, Edgar Faller, Pfaffenweiler<\/p>\n<p>Zu: &#8222;Die gro\u00dfen Probleme beim kleinen Wohnen&#8220;, Agenturbeitrag (BZ-Extra, 11. Februar)<br \/>\n.<br \/>\n<a href=\"https:\/\/www.balkonsolar.de\">https:\/\/www.balkonsolar.de<\/a><\/p>\n<p>&nbsp;<\/p>\n","protected":false},"excerpt":{"rendered":"<p>Home &gt;Engagement &gt;Freiwillig &gt;Verbote\u00a0&gt;Kulturverlust &gt;Staat &gt;Vorschriften &nbsp; Listenauswahl eines Beitrags (Artikel\/Datum, Seite\/Inhalt):\u00a0Klicken\u00a0oder scrollen Markus Vahlefeld: Schilda \u2013 wie aus Fiktion Wirklichkeit wird (2.4.2026) Wohneigentumsquote 41,8 % in Deutschland: EU-Schlusslicht\u00a0(28.11.2025) Alle reden von Innovation und Technologie, aber keiner will das Neue\u00a0(9.11.2025) &hellip; <a href=\"https:\/\/www.freiburg-schwarzwald.de\/blog\/engagement\/vorschriften\/\">Weiterlesen <span class=\"meta-nav\">&rarr;<\/span><\/a><\/p>\n","protected":false},"author":2,"featured_media":0,"parent":148,"menu_order":0,"comment_status":"closed","ping_status":"closed","template":"","meta":{"footnotes":""},"class_list":["post-109887","page","type-page","status-publish","hentry"],"_links":{"self":[{"href":"https:\/\/www.freiburg-schwarzwald.de\/blog\/wp-json\/wp\/v2\/pages\/109887","targetHints":{"allow":["GET"]}}],"collection":[{"href":"https:\/\/www.freiburg-schwarzwald.de\/blog\/wp-json\/wp\/v2\/pages"}],"about":[{"href":"https:\/\/www.freiburg-schwarzwald.de\/blog\/wp-json\/wp\/v2\/types\/page"}],"author":[{"embeddable":true,"href":"https:\/\/www.freiburg-schwarzwald.de\/blog\/wp-json\/wp\/v2\/users\/2"}],"replies":[{"embeddable":true,"href":"https:\/\/www.freiburg-schwarzwald.de\/blog\/wp-json\/wp\/v2\/comments?post=109887"}],"version-history":[{"count":5,"href":"https:\/\/www.freiburg-schwarzwald.de\/blog\/wp-json\/wp\/v2\/pages\/109887\/revisions"}],"predecessor-version":[{"id":147638,"href":"https:\/\/www.freiburg-schwarzwald.de\/blog\/wp-json\/wp\/v2\/pages\/109887\/revisions\/147638"}],"up":[{"embeddable":true,"href":"https:\/\/www.freiburg-schwarzwald.de\/blog\/wp-json\/wp\/v2\/pages\/148"}],"wp:attachment":[{"href":"https:\/\/www.freiburg-schwarzwald.de\/blog\/wp-json\/wp\/v2\/media?parent=109887"}],"curies":[{"name":"wp","href":"https:\/\/api.w.org\/{rel}","templated":true}]}}