{"id":10925,"date":"2012-09-20T15:17:43","date_gmt":"2012-09-20T13:17:43","guid":{"rendered":"https:\/\/www.freiburg-schwarzwald.de\/blog\/?page_id=10925"},"modified":"2018-12-18T08:57:32","modified_gmt":"2018-12-18T07:57:32","slug":"holzenergie-geno","status":"publish","type":"page","link":"https:\/\/www.freiburg-schwarzwald.de\/blog\/energie\/biomasse\/holzenergie-geno\/","title":{"rendered":"Holzenergie-Geno"},"content":{"rendered":"<p>Home &gt;<a title=\"Energie\" href=\"https:\/\/www.freiburg-schwarzwald.de\/blog\/energie\/\">Energie<\/a> &gt;<a title=\"Biomasse\" href=\"https:\/\/www.freiburg-schwarzwald.de\/blog\/energie\/biomasse\/\">Biomasse<\/a> &gt;<a title=\"Genossenschaften\" href=\"https:\/\/www.freiburg-schwarzwald.de\/blog\/business\/genossenschaften\/\">Genossenschaften<\/a> &gt;Holzenergie-Geno<\/p>\n<div id=\"attachment_10931\" style=\"width: 609px\" class=\"wp-caption alignnone\"><a href=\"https:\/\/www.freiburg-schwarzwald.de\/blog\/energie\/biomasse\/holzenergie-geno\/holzbeuge-immi-pan100417\/\" rel=\"attachment wp-att-10931\"><img loading=\"lazy\" decoding=\"async\" aria-describedby=\"caption-attachment-10931\" class=\"size-full wp-image-10931\" title=\"holzbeuge-immi-pan100417\" src=\"https:\/\/www.freiburg-schwarzwald.de\/blog\/wp-content\/uploads\/2012\/09\/holzbeuge-immi-pan100417.jpg\" alt=\"\" width=\"599\" height=\"180\" srcset=\"https:\/\/www.freiburg-schwarzwald.de\/blog\/wp-content\/uploads\/2012\/09\/holzbeuge-immi-pan100417.jpg 599w, https:\/\/www.freiburg-schwarzwald.de\/blog\/wp-content\/uploads\/2012\/09\/holzbeuge-immi-pan100417-180x54.jpg 180w\" sizes=\"auto, (max-width: 599px) 100vw, 599px\" \/><\/a><p id=\"caption-attachment-10931\" class=\"wp-caption-text\">Holzbeuge an der Immi im Dreisamtal 17.4.2010<\/p><\/div>\n<ul>\n<li>Contracting: Heizungsanlage und Geb\u00e4uded\u00e4mmung (27.11.2013)<\/li>\n<li><a href=\"https:\/\/www.freiburg-schwarzwald.de\/blog\/holzenergie-genossenschaft-engagierte-energiemenschen\/\">https:\/\/www.freiburg-schwarzwald.de\/blog\/holzenergie-genossenschaft-engagierte-energiemenschen\/<\/a>\u00a0(24.9.2012)<\/li>\n<li><a href=\"https:\/\/www.freiburg-schwarzwald.de\/blog\/bioenergieshop-eroffnung-bei-1-freiburger-holzheiztagen\/\">https:\/\/www.freiburg-schwarzwald.de\/blog\/bioenergieshop-eroffnung-bei-1-freiburger-holzheiztagen\/<\/a>\u00a0(7.9.2012)<\/li>\n<li>Regenerative Energien aus naturbelassener Biomasse \u2013 aus der Region f\u00fcr die Region<\/li>\n<li>\n<div align=\"left\">Badische Holzenergie-Genossenschaft<\/div>\n<\/li>\n<li><a href=\"https:\/\/www.bes-services.de\">www.bes-services.de<\/a><\/li>\n<li><a href=\"https:\/\/www.suedagentur.de\">www.suedagentur.de<\/a><\/li>\n<li><a href=\"https:\/\/www.bioenergieshop.de\">www.bioenergieshop.de<\/a><\/li>\n<\/ul>\n<p>&nbsp;<\/p>\n<p>&nbsp;<\/p>\n<p><strong>Regenerative Energien aus naturbelassener Biomasse \u2013 aus der Region f\u00fcr die Region<br \/>\n<\/strong><br \/>\nDie Badische Holzenergie-Genossenschaft will gemeinsam mit den B\u00fcrgerinnen und B\u00fcrgern aus den Regionen f\u00fcr die Regionen die Nutzung von regenerativer Energie f\u00f6rdern. Durch die Holzenergie-Geno werden vor allem kleine Projekte aus den Regionen finanziert und somit realisiert.<br \/>\nInvestitionsziele:<br \/>\nKauf und Finanzierung von Nahw\u00e4rme-Anlagen f\u00fcr MFH, Gewerbe und Kirchen<br \/>\nUnternehmensbeteiligung aus\u00a0Bereichen Contractoren, Biomasseproduzent, Forschung\/Entwicklung\u00a0Kesseltechnik<br \/>\nProduktion von Biobrennstoffen Pellet\/Brikett.<br \/>\nDie Holz Geno wird sich durch Finanzierungen, Investitionen, Beteiligungen an Projekten und Unternehmen beteiligen.<br \/>\nBiomasse als \u201e\u00d6l der Zukunft\u201c ist wesentlicher Bestandteil der bundesweiten Energiewende.<\/p>\n<p align=\"left\"><strong>Hallo liebe engagierte Energiemenschen,<br \/>\n<\/strong><br \/>\nWir wollen gemeinsam mit den B\u00fcrgerinnen und B\u00fcrgern die \u00f6rtliche dezentrale Nutzung regenerativer Energie in der Region f\u00f6rdern.\u00a0Mit Schwung, Kraft und Ungeduld wollen wir dies im Sinne der Energiewende voranbringen. Unsere gemeinsame Idee ist es, die Mittel der Genossenschaft in wirtschaftlich tragf\u00e4hige kleine bis gro\u00dfe regenerative Energieprojekte einzusetzen.<br \/>\n\u201eUnserer Energie von hier\u201c; mit diesem Leitsatz wollen wir \u00f6rtliche Unternehmen und Partner f\u00fcr die Realisierung unserer Projekte einsetzen, um so letztlich, neben der regionalen Wertsch\u00f6pfung und Umweltentlastung, eine nachhaltige Rendite zu sichern. Nach 2-3 Anlaufjahren streben wir eine Rendite von \u00fcber 5 %\/a an.<br \/>\nJeder Genosse hat schon ab 1.000 \u20ac Einlage eine Stimme und kann sein Engagement jederzeit aufstocken, beenden oder als Mitglied der Genossenschaft dauerhaft am wachsenden Wert teilhaben.<br \/>\nIn langer Vorarbeit hat es die Holzgeno geschafft, viele Individualisten und die Akzeptanz aller Politiker hinter sich zu bringen. Auch viele namhafte Akteure, Fachleute und Unternehmen sind Partner der Badischen Holzenergie Genossenschaft, wobei wir gleichzeitig f\u00fcr jeden weiteren Partner offen sind.<\/p>\n<p align=\"left\">\n<p><strong>Badische Holzenergie-Genossenschaft<br \/>\n<\/strong><br \/>\nOberer Gaisbergweg 19-21, 69115 Heidelberg<br \/>\nVerwaltungsanschrift: Zehntstra\u00dfe 37, 68723 Plankstadt<br \/>\nTel 06202 \/ 40 91 871, Fax 06202 \/ 40 91 822, <a href=\"mailto:info@holzenergie-geno.de\">info@holzenergie-geno.de<\/a><br \/>\n<a title=\"\u00d6ffnet externen Link in neuem Fenster\" href=\"https:\/\/www.holzenergie-geno.de\/\" target=\"_blank\">www.holzenergie-geno.de<\/a><\/p>\n<div>\n<p>Vorstand: Andreas Weber &amp; Markus Wallenwein<br \/>\nAufsichtsrat: Vorsitzender Dr. Ulrich Kaier, <a href=\"mailto:kaier.ulrich@holzenergie-geno.de\">kaier.ulrich@holzenergie-geno.de<\/a><\/p>\n<\/div>\n<p><a href=\"https:\/\/www.freiburg-schwarzwald.de\/blog\/energie\/biomasse\/holzenergie-geno\/holzgeno1209\/\" rel=\"attachment wp-att-10985\"><img loading=\"lazy\" decoding=\"async\" class=\"alignnone size-full wp-image-10985\" title=\"holzgeno1209\" src=\"https:\/\/www.freiburg-schwarzwald.de\/blog\/wp-content\/uploads\/2012\/09\/holzgeno1209.jpg\" alt=\"Holzenergie-Geno.de \" width=\"640\" height=\"519\" srcset=\"https:\/\/www.freiburg-schwarzwald.de\/blog\/wp-content\/uploads\/2012\/09\/holzgeno1209.jpg 640w, https:\/\/www.freiburg-schwarzwald.de\/blog\/wp-content\/uploads\/2012\/09\/holzgeno1209-180x145.jpg 180w\" sizes=\"auto, (max-width: 640px) 100vw, 640px\" \/><\/a><\/p>\n<p align=\"left\">\n<p align=\"left\"><strong>Partner der Holzenergie-Geno<\/strong><\/p>\n<p align=\"left\">Die Holzenergie-Geno arbeitet bei Ihren Projekten, Investitionen und Beteiligungen mit starken Partnern aus den\u00a0 egionen und der Holz und Pellet Industrie zusammen. Gemeinsam mit unseren starken Partnern wollen wir in der Region in kleinen Schritten die Energiewende schaffen. Partner aus den Bereichen<br \/>\nContracting \/ W\u00e4rmelieferung<br \/>\nEnergiecontracting Heidelberg AG<br \/>\nBioenergie Shop GmbH<\/p>\n<p>Pelletproduktion \/ Rohstoffhandel<br \/>\nEC Bioenergie Heidelberg GmbH &#8211; <a href=\"https:\/\/www.ec-bioenergie.de\">www.ec-bioenergie.de<\/a><br \/>\nBioenergie Handel GmbH &#8211; <a href=\"https:\/\/www.bes-services.de\">www.bes-services.de<\/a><\/p>\n<p>Regionalpartner<br \/>\nBioenergie Shop Rhein-Neckar<br \/>\nHema-Maier Mannheim GmbH<br \/>\nS\u00fcdagentur GmbH Freiburg &#8211; <a href=\"https:\/\/www.suegagentur.de\">www.suegagentur.de<\/a><br \/>\nFesa Freiburg GmbH &#8211; <a href=\"https:\/\/www.fesa.de\">www.fesa.de<\/a><br \/>\nBioenergie Shop Freiburg &#8211; <a href=\"https:\/\/www.bioenergieshop.de\">www.bioenergieshop.de<\/a><br \/>\nWinkler Energy Viernheim<\/p>\n<p align=\"left\">Unser Partnernetzwerk soll und wird wachsen. Wir freuen uns auf viele weitere kleine und gro\u00dfe Partner aus den Regionen zur gemeinsamen Erreichung unserer Ziele.<\/p>\n<p align=\"left\">\n<p align=\"left\">\n<p align=\"left\"><strong>Contracting: Heizungsanlage und Geb\u00e4uded\u00e4mmung<\/strong><\/p>\n<p>Heideberg\/Rhein-Neckar, 27. November 2013. (red\/ms) Der Wunsch, auf erneuerbare Energien umzusteigen, ist mittlerweile sehr pr\u00e4sent in der Gesellschaft. Doch h\u00e4ufig scheitert er an den finanziellen M\u00f6glichkeiten. Die Badische Holzenergie Genossenschaft will ein Konzept entwickelt haben, das sch\u00e4dliche Emissionen senkt, Energie einspart und f\u00fcr die Investoren und Kunden eine risikoarme Anlange ist. Im Pressegespr\u00e4ch erl\u00e4utern Genossenschaftsvorstand Andreas Weber und Aufsichtsrat Dr. Ulrich Kaier die Details.<\/p>\n<p>Noch steckt die Badische Holzenergie Genossenschaft in den Kinderschuhen: 27 Mitglieder, die gemeinsam 74.000 Euro als Einlage investiert haben. Bislang wurde nur ein Projekt umgesetzt. Doch man zeigt sich optimistisch, in der Zukunft Einiges bewegen zu k\u00f6nnen: Oft wird beim Thema Energiewende nur der Strom beachtet, die Beheizung dagegen stark vernachl\u00e4ssigt. Das ist jedoch ein riesiger Markt, sagt Dr. Ulrich Kaier. Der Diplomingenieur promovierte auf dem Gebiet \u201cFernw\u00e4rme, dezentrale Energie\u201d und leitete seitdem mehrere Unternehmen, die mit regenerativen Energien \u00a0arbeiten. Heute ist er im Aufsichtsrat der Genossenschaft. Gemeinsam mit Andreas Weber erl\u00e4uterte Herr Kaier das Genossenschaftskonzept, wie man kosteng\u00fcnstig auf eine Beheizung mit nachwachsenden Rohstoffen umstellen kann \u2013 insbesondere, wenn die bislang einzige Alternative eine \u00d6lheizung ist \u2013 beispielsweise, wenn Gebiete nicht durch Fernw\u00e4rme oder Gas erschlossen sind.<\/p>\n<p>Viele Privatpersonen, Gewerbebetriebe, Schulen und sogar ganze Kommunen w\u00fcnschen sich, auf erneuerbare Energien umzusteigen. Das scheitert allerdings h\u00e4ufig an knappen Finanzen. Dabei sind die laufenden Heizkosten eigentlich sogar h\u00e4ufig geringer \u2013 allerdings ist die Umr\u00fcstung meistens sehr kostspielig. Daher setze man auf das Gesch\u00e4ftsmodell des Contracting : Hierbei liegen die Kosten f\u00fcr Umr\u00fcstungen und die Installationen nicht bei den Kunden, sondern allein beim Anbieter. Bei der Badischen Holzenergie sieht das dann etwa so aus: \u00a0Die Genossenschaft bezahlt die neue Heizanlage, nach Wunsch auch die D\u00e4mmung des Geb\u00e4udes und andere Ma\u00dfnahmen, um den Energieverbrauch zu reduzieren. Dann wird ein Vertrag auf eine Laufzeit zwischen f\u00fcnfzehn und zwanzig Jahren abgeschlossen. Wenn dieser abgelaufen ist, geht die Heizanlage in den Besitz des Kunden \u00fcber oder eine vereinbarte Restzahlung muss noch geleistet werden. \u00c4hnlich wie beim Auto-Leasing.<\/p>\n<p>Statt Heiz\u00f6l oder anderen fossilen Ressourcen wird Holz als Brennstoff verwendet \u2013 oder besser gesagt Pellets: Das ist Brennmaterial, das aus den \u00dcberresten der Forstindustrie anf\u00e4llt. F\u00fcr einen Liter \u00d6l bedarf es etwa zwei Kilogramm, um die gleiche W\u00e4rmeleistung zu erzeugen \u2013 dennoch kommt man damit billiger davon: Denn das Kilo Pellet-Material kostet nur etwa ein Viertel dessen, was ein Liter \u00d6l kostet. Momentan wird noch wesentlich mehr Pellet-Material erzeugt als verbraucht wird. Somit ist die Heizmethode zumindest noch jetzt vollkommen nachhaltig \u2013 zumal der CO2-Verbrauch im Vergleich zu \u00d6l um etwa 96 Prozent reduziert wird.<\/p>\n<p><a href=\"https:\/\/www.freiburg-schwarzwald.de\/blog\/energie\/biomasse\/holzenergie-geno\/holzenergie-geno131127\/\" rel=\"attachment wp-att-41410\"><img loading=\"lazy\" decoding=\"async\" class=\"alignnone size-thumbnail wp-image-41410\" title=\"holzenergie-geno131127\" src=\"https:\/\/www.freiburg-schwarzwald.de\/blog\/wp-content\/uploads\/2012\/09\/holzenergie-geno131127-180x119.jpg\" alt=\"\" width=\"180\" height=\"119\" srcset=\"https:\/\/www.freiburg-schwarzwald.de\/blog\/wp-content\/uploads\/2012\/09\/holzenergie-geno131127-180x119.jpg 180w, https:\/\/www.freiburg-schwarzwald.de\/blog\/wp-content\/uploads\/2012\/09\/holzenergie-geno131127.jpg 606w\" sizes=\"auto, (max-width: 180px) 100vw, 180px\" \/><\/a>\u00a0\u00a0 Andreas Weber (links) und Dr. Ulrich\u00a0Kaier von der Holzenergie-Geno<br \/>\nF\u00fcr wen lohnt sich der Umstieg?<br \/>\nDie Genossenschaft will Holzpellet-Kessel mit einer Leistung zwischen 50 Kilowatt und 800 Kilowatt anbieten. Das reicht aus, um ganze Schulen oder kleine Gewerbebetriebe zu beheizen \u2013 f\u00fcr Ein-Familien-H\u00e4user ist das allerdings viel zu viel. Hauptzielgruppe sind mittelgro\u00dfe Geb\u00e4ude, die keine Fernw\u00e4rme nutzen k\u00f6nnen und mit alten \u00d6l-Anlagen warm gehalten werden. Bislang hat die Badische Holzenergie nur ein Projekt umgesetzt \u2013 das allerdings mit gro\u00dfem Erfolg: Ein Mehrfamilienhaus in Lenzkirch mit 14 Wohneinheiten. Vorhanden war eine \u00d6lheizung, die bereits 30 Jahre alt war, mit einem 85 Kilowatt-Kessel. Die Anlage verbrauchte jedes Jahr etwa 14.000 Liter Heiz\u00f6l und verursachte durchschnittliche Kosten von mehr als 14.000 Euro.<br \/>\nNach der Umr\u00fcstung zahlen die Bewohner nur noch 12.000 Euro pro Jahr. Au\u00dferdem wurde der CO2-Aussto\u00df um 37 Tonnen reduziert. \u00a0Die Investitionskosten in H\u00f6he von etwa 45.000 Euro tr\u00e4gt ausschlie\u00dflich die Genossenschaft. F\u00fcr die Mitglieder dennoch ein lukratives Gech\u00e4ft: Denn sie erhalten auf ihre Einlage derzeit 3,5 Prozent Rendite. Und sie haben als Mitglieder Einblick in alles, was die Genossenschaft macht.<\/p>\n<p>Wer ist Nutznie\u00dfer?<br \/>\nDer Vorstand und der Aufsichtsrat arbeiten ehrenamtlich. Dennoch steckt nat\u00fcrlich ein wirtschaftliches Interesse dahinter: Zum einen machen sie durch ihre Rendite Gewinn. Zum anderen durch die verrichteten Arbeiten: Genaugenommen f\u00fchrt die Genossenschaft n\u00e4mlich gar keine Umr\u00fcstungen durch \u2013 sondern organisiert und finanziert sie. Ziel ist es, m\u00f6glichst den gesamten Wertsch\u00f6pfungsprozess in der Region durchzuf\u00fchren. Beim Mehrfamilienhaus in Lenzkirch ist das laut Darstellung gelungen: Alle Leistungen wurden von Anbietern aus einem Umkreis von 60 Kilometern verrichtet. Auch der Brennstoff soll m\u00f6glichst aus der N\u00e4he kommen. Gerade noch zu verkraften seien Transportwege von bis zu 250 Kilometer, sagt Herr Weber. W\u00fcnschenswert w\u00e4re noch weniger, allerdings g\u00e4be es nicht in jedem Dorf ein Pallet-Werk, diese seien eher rar. Um die Auftragsvergabe k\u00fcmmert sich die Genossenschaft: Unter diversen Partnern, die verschiedene Arbeiten anbieten, sind auch zwei Unternehmen, von denen eines Herr Dr. Kaier und das andere von Andreas Weber gegr\u00fcndet wurden. Das soll allerdings nicht zu Konflikten f\u00fchren \u2013 sagt Herr Weber: Wir wollen offen gegen\u00fcber allen sein. Wenn ein lokaler Anbieter die gleiche Arbeit g\u00fcnstiger verrichten kann, soll der auch bevorzugt werden. Hier geht es wirklich nicht darum, wer das macht, sondern dass es gemacht wird. Daher sei auch der Aufbau eines Partnernetzwerkes von zentraler Bedeutung: Bislang suche man Gespr\u00e4che mit zahlreichen anderen klimabewussten Genossenschaften und Institutionen, um k\u00fcnftig effektiv kooperieren zu k\u00f6nnen. Ein Beispiel von vielen sei die KliBa.<\/p>\n<p>Welches Risiko besteht?<br \/>\nF\u00fcr die Kunden (Contracting-Nehmer) g\u00e4be es quasi gar kein Risiko, meint Herr Dr. Kaier. Diese seien ja an der Investition nicht beteiligt. Somit w\u00e4re selbst das schlimmste Szenario \u2013 also der Bankrott der Genossenschaft \u2013 halb so wild, da sie nur zuzusehen br\u00e4uchten, woher sie jetzt ihren Brennstoff erhalten. Ob das tats\u00e4chlich im Ernstfall so einfach geregelt werden kann? Hierzu h\u00e4tte man sich mehr Informationen gew\u00fcnscht. F\u00fcr die Mitglieder der Genossenschaft bestehe das gleiche Risiko, wie bei allen anderen Investes auch: Im schlimmsten Fall ist das Geld weg. Allerdings mache man sich dar\u00fcber eher wenig Gedanken: Wir bieten klimafreundliche Leistungen zu einem g\u00fcnstigeren Preis. Da wird die Nachfrage entsprechend hoch sein. Derzeit betr\u00e4gt die Rendite 3,5 Prozent \u2013 das ist weit mehr als man auf Sicht auf jedem Sparbuch erh\u00e4lt. Doch wie sicher ist es, dass es dabei bleibt? Herr Weber scheint jedenfalls sehr \u00fcberzeugt von dem Modell: Im gleichen Satz, in dem er sagt, man m\u00fcsse realistisch sein und d\u00fcrfe nicht zu viel versprechen, redet der fr\u00fchere Banker von einer angestrebten Rendite zwischen drei und f\u00fcnf Prozent.<\/p>\n<p>F\u00fcr 2014 sind derzeit sieben Projekte geplant \u2013 diese k\u00f6nnten nur an einer mangelnden Finanzierung scheitern, ansonsten sind sie bereits zugesagt \u2013 sobald genug Einlagen vorhanden sind, werden sie realisiert. Gerne w\u00fcrde man noch mehr machen \u2013 allerdings ist auch das davon abh\u00e4ngig, wie viele neue Mitglieder zu finden sind. Die Mindesteinlage f\u00fcr den Beitritt liegt bei 1.000 Euro, wobei auch h\u00f6here Summen eingelegt werden k\u00f6nnen. Das Stimmrecht bleibt parit\u00e4r, richtet sich also nicht nach H\u00f6he der Einlage. Wenn abgestimmt wird, hat jede Anleger eine Stimme. Insgesamt machte das Konzept einen soliden, gut durchdachten Eindruck von erfahrenen, im Markt aktiven Experten. Klar ist, dass hier nicht nur altruistisch gehandelt wird. Klar ist aber ebenso \u2013 wenn nicht ma\u00dflos \u00fcbertrieben wurde \u2013 dass die Projekte der Badischen \u00a0Holzenergie Genossenschaft f\u00fcr alle beteiligten Parteien vielversprechend klingen.<br \/>\n27.11.2013, M. Schredle<\/p>\n","protected":false},"excerpt":{"rendered":"<p>Home &gt;Energie &gt;Biomasse &gt;Genossenschaften &gt;Holzenergie-Geno Contracting: Heizungsanlage und Geb\u00e4uded\u00e4mmung (27.11.2013) https:\/\/www.freiburg-schwarzwald.de\/blog\/holzenergie-genossenschaft-engagierte-energiemenschen\/\u00a0(24.9.2012) https:\/\/www.freiburg-schwarzwald.de\/blog\/bioenergieshop-eroffnung-bei-1-freiburger-holzheiztagen\/\u00a0(7.9.2012) Regenerative Energien aus naturbelassener Biomasse \u2013 aus der Region f\u00fcr die Region Badische Holzenergie-Genossenschaft www.bes-services.de www.suedagentur.de www.bioenergieshop.de &nbsp; &nbsp; Regenerative Energien aus naturbelassener Biomasse \u2013 aus der Region &hellip; <a href=\"https:\/\/www.freiburg-schwarzwald.de\/blog\/energie\/biomasse\/holzenergie-geno\/\">Weiterlesen <span class=\"meta-nav\">&rarr;<\/span><\/a><\/p>\n","protected":false},"author":4,"featured_media":0,"parent":1486,"menu_order":0,"comment_status":"open","ping_status":"closed","template":"","meta":{"footnotes":""},"class_list":["post-10925","page","type-page","status-publish","hentry"],"_links":{"self":[{"href":"https:\/\/www.freiburg-schwarzwald.de\/blog\/wp-json\/wp\/v2\/pages\/10925","targetHints":{"allow":["GET"]}}],"collection":[{"href":"https:\/\/www.freiburg-schwarzwald.de\/blog\/wp-json\/wp\/v2\/pages"}],"about":[{"href":"https:\/\/www.freiburg-schwarzwald.de\/blog\/wp-json\/wp\/v2\/types\/page"}],"author":[{"embeddable":true,"href":"https:\/\/www.freiburg-schwarzwald.de\/blog\/wp-json\/wp\/v2\/users\/4"}],"replies":[{"embeddable":true,"href":"https:\/\/www.freiburg-schwarzwald.de\/blog\/wp-json\/wp\/v2\/comments?post=10925"}],"version-history":[{"count":0,"href":"https:\/\/www.freiburg-schwarzwald.de\/blog\/wp-json\/wp\/v2\/pages\/10925\/revisions"}],"up":[{"embeddable":true,"href":"https:\/\/www.freiburg-schwarzwald.de\/blog\/wp-json\/wp\/v2\/pages\/1486"}],"wp:attachment":[{"href":"https:\/\/www.freiburg-schwarzwald.de\/blog\/wp-json\/wp\/v2\/media?parent=10925"}],"curies":[{"name":"wp","href":"https:\/\/api.w.org\/{rel}","templated":true}]}}