{"id":108527,"date":"2023-01-15T18:42:34","date_gmt":"2023-01-15T17:42:34","guid":{"rendered":"https:\/\/www.freiburg-schwarzwald.de\/blog\/?page_id=108527"},"modified":"2026-04-13T19:37:26","modified_gmt":"2026-04-13T17:37:26","slug":"kriegspropaganda","status":"publish","type":"page","link":"https:\/\/www.freiburg-schwarzwald.de\/blog\/engagement\/zukunft\/krieg\/kriegspropaganda\/","title":{"rendered":"Kriegspropaganda"},"content":{"rendered":"<p><a href=\"https:\/\/www.freiburg-schwarzwald.de\/blog\">Home<\/a> &gt;<a href=\"https:\/\/www.freiburg-schwarzwald.de\/blog\/global\/ukraine\/ukraine-russland\/\">Ukraine-Russland<\/a> &gt;<a href=\"https:\/\/www.freiburg-schwarzwald.de\/blog\/global\/deutschland\/deutschland-ukraine\/\">Deutschland-Ukraine<\/a> &gt;<a href=\"https:\/\/www.freiburg-schwarzwald.de\/blog\/engagement\/zukunft\/krieg\/\">Krieg<\/a> &gt;Kriegspropaganda<\/p>\n<div id=\"attachment_105274\" style=\"width: 649px\" class=\"wp-caption alignnone\"><a href=\"https:\/\/www.freiburg-schwarzwald.de\/blog\/wp-content\/uploads\/2022\/10\/Dohnanyi-Krisen-pan20220923.jpg\"><img loading=\"lazy\" decoding=\"async\" aria-describedby=\"caption-attachment-105274\" class=\"size-full wp-image-105274\" src=\"https:\/\/www.freiburg-schwarzwald.de\/blog\/wp-content\/uploads\/2022\/10\/Dohnanyi-Krisen-pan20220923.jpg\" alt=\"\" width=\"639\" height=\"327\" srcset=\"https:\/\/www.freiburg-schwarzwald.de\/blog\/wp-content\/uploads\/2022\/10\/Dohnanyi-Krisen-pan20220923.jpg 639w, https:\/\/www.freiburg-schwarzwald.de\/blog\/wp-content\/uploads\/2022\/10\/Dohnanyi-Krisen-pan20220923-180x92.jpg 180w\" sizes=\"auto, (max-width: 639px) 100vw, 639px\" \/><\/a><p id=\"caption-attachment-105274\" class=\"wp-caption-text\">Klaus von Dohnanyi (SPD) 23.9.2022: USA und D haben unterschiedliche Interessen<\/p><\/div>\n<ul>\n<li><em>Listenauswahl eines Beitrags (Artikel\/Datum, Seite\/Inhalt):\u00a0<span style=\"text-decoration: underline;\">Klicken<\/span>\u00a0oder scrollen<\/em><\/li>\n<li><a href=\"https:\/\/www.freiburg-schwarzwald.de\/blog\/global\/hormuz\/\">Das \u00dcberschreiten der roten Linie: Journalismus im Irankrieg<\/a>\u00a0(13.4.2026)<\/li>\n<li>Miosga: \u201eHaben Sie nicht den Eindruck, dass Putin uns droht?\u201c Wo Journalismus sein sollte, spritzen Ignoranz und Ideologie aus allen Poren (10.2.2026)<\/li>\n<li>Martin Armstrong zur Gefahr eines 3. Weltkriegs (21.7.2025)<\/li>\n<li><a href=\"https:\/\/www.freiburg-schwarzwald.de\/blog\/kultur\/erinnerungskultur\/kriegsende8mai1945\/\">Hubertus Knabe: \u201eTag des Friedens\u201c statt \u201eTag der Befreiung\u201c<\/a>\u00a0(9.5.2025)<\/li>\n<li><a href=\"https:\/\/www.freiburg-schwarzwald.de\/blog\/engagement\/zukunft\/krieg\/kriegstreiber\/\">Patrik Baab: Zieh in den Krieg! Gegen das Verharmlosen von Krieg<\/a>\u00a0(26.4.2025)<\/li>\n<li><a href=\"https:\/\/www.freiburg-schwarzwald.de\/blog\/ard-didi-und-miosga\/\">ARD: Didi und Miosga<\/a>\u00a0(8.4.2025)<\/li>\n<li><a href=\"https:\/\/www.freiburg-schwarzwald.de\/blog\/engagement\/zukunft\/krieg\/kriegstreiber\/\">Kriegspropaganda stoppen: Traut Euch und durchbrecht die Schweigespirale!<\/a> (7.4.2025)<\/li>\n<li><a href=\"https:\/\/www.freiburg-schwarzwald.de\/blog\/friedens-statt-kriegstuechtigkeit\/\">Friedens- statt Kriegst\u00fcchtigkeit<\/a>\u00a0(4.4.2025)<\/li>\n<li><a href=\"https:\/\/www.freiburg-schwarzwald.de\/blog\/global\/ukraine\/ukraine-demokratie\/\">Die Bilder von Butscha: Realit\u00e4t oder Inszenierung?<\/a> (1.4.2025)<\/li>\n<li><a href=\"https:\/\/www.freiburg-schwarzwald.de\/blog\/engagement\/zukunft\/krieg\/kriegstreiber\/\">Will uns Russland 2029 wirklich angreifen? \u2013 Brigadegeneral Erich Vad<\/a>\u00a0(1.4.2025)<\/li>\n<li><a href=\"https:\/\/www.freiburg-schwarzwald.de\/blog\/global\/eu\/eu-krieg\/\">Kein Geheimnis mehr! Die EU r\u00fcstet f\u00fcr den Krieg \u2013 Readiness 2030<\/a> (24.3.2025)<\/li>\n<li>General Harald Kujat: Kriegshysterie &#8211; Es gibt keinerlei Beweise daf\u00fcr! (24.3.2025)<\/li>\n<li><a href=\"https:\/\/www.freiburg-schwarzwald.de\/blog\/engagement\/zukunft\/krieg\/kriegstuechtig\/\">Kriegst\u00fcchtigkeit \u2013 die gro\u00dfe L\u00fcge!<\/a>\u00a0(28.3.2025)<\/li>\n<li><a href=\"https:\/\/www.freiburg-schwarzwald.de\/blog\/europa-als-friedensmacht\/\">Europa als Friedensmacht<\/a>\u00a0(12.3.2025)<\/li>\n<li><a href=\"https:\/\/www.freiburg-schwarzwald.de\/blog\/global\/eu\/eu-krieg\/\">EU auf dem Abstellgleis: Aufr\u00fcstung statt Frieden, Papiergeld statt Bitcoin<\/a>\u00a0(3.3.2025)<\/li>\n<li>Auf \u201eKriegst\u00fcchtigkeit\u201c folgt die Forderung nach \u201eKriegsmentalit\u00e4t\u201c: NATO-Generalsekret\u00e4r will \u201eTurbo\u201c f\u00fcr Aufr\u00fcstung (13.12.2024)<\/li>\n<li><a href=\"https:\/\/www.freiburg-schwarzwald.de\/blog\/engagement\/zukunft\/krieg\/kriegstreiber\/\">Der Zeitenwendehals \u2013 Kriegstreiber Boris Pistorius<\/a>\u00a0(24.5.2024)<\/li>\n<li><a href=\"https:\/\/www.freiburg-schwarzwald.de\/blog\/kriegslust-von-militaers-fuer-kinder\/\">Kriegslust von Milit\u00e4rs und f\u00fcr Kinder<\/a>\u00a0(5.3.2024)<\/li>\n<li><a href=\"https:\/\/www.freiburg-schwarzwald.de\/blog\/kultur\/medien\/propaganda\/\">ZDF-Moderator verbreitet Pallywood-Video von Hamas<\/a>\u00a0(30.10.2023)<\/li>\n<li><a href=\"https:\/\/www.freiburg-schwarzwald.de\/blog\/global\/ukraine\/vorgeschichte\/\">Filmregisseur Domke-Schulz: Gesichter des Donbass<\/a>\u00a0(3.5.2023)<\/li>\n<li><a href=\"https:\/\/www.freiburg-schwarzwald.de\/blog\/lula-verhandlungen-ukraine\/\">Lula: Verhandlungen Ukraine<\/a> (4.2.2023)<\/li>\n<li>Jetzt verstehe ich meine Eltern &#8211; Was ist heute anders? (25.1.2023)<\/li>\n<li>Die konstante deutsche Kriegspropaganda (14.1.2023)<\/li>\n<li><\/li>\n<li><a href=\"https:\/\/www.freiburg-schwarzwald.de\/blog\/global\/ukraine\/donbass\/\">Donbass Ukraine-Russland<\/a><\/li>\n<li><a href=\"https:\/\/www.freiburg-schwarzwald.de\/blog\/global\/eu\/eu-krieg\/\">EU-Krieg<\/a><\/li>\n<li><a href=\"https:\/\/www.freiburg-schwarzwald.de\/blog\/energie\/gas\/\">Gas<\/a><\/li>\n<li><a href=\"https:\/\/www.freiburg-schwarzwald.de\/blog\/global\/kosovo\/\">Kosovo<\/a><\/li>\n<li><a href=\"https:\/\/www.freiburg-schwarzwald.de\/blog\/engagement\/zukunft\/frieden\/kriegsdienstverweigerung\/\">Kriegsdienstverweigerung<\/a><\/li>\n<li><a href=\"https:\/\/www.freiburg-schwarzwald.de\/blog\/kultur\/erinnerungskultur\/kriegsende8mai1945\/\">Kriegsende8Mai1945<\/a><\/li>\n<li><a href=\"https:\/\/www.freiburg-schwarzwald.de\/blog\/engagement\/zukunft\/krieg\/kriegspropaganda\/\">Kriegspropaganda<\/a><\/li>\n<li><a href=\"https:\/\/www.freiburg-schwarzwald.de\/blog\/engagement\/zukunft\/krieg\/kriegstreiber\/\">Kriegstreiber<\/a><\/li>\n<li><a href=\"https:\/\/www.freiburg-schwarzwald.de\/blog\/engagement\/zukunft\/krieg\/kriegstuechtig\/\">kriegst\u00fcchtig<\/a><\/li>\n<li><a href=\"https:\/\/www.freiburg-schwarzwald.de\/blog\/global\/eu\/europa\/nato\/\">NATO<\/a><\/li>\n<li><a href=\"https:\/\/www.freiburg-schwarzwald.de\/blog\/energie\/gas\/nordstream2\/\">Nordstream2<\/a><\/li>\n<li><a href=\"https:\/\/www.freiburg-schwarzwald.de\/blog\/global\/osteuropa\/\">Osteuropa<\/a><\/li>\n<li><a href=\"https:\/\/www.freiburg-schwarzwald.de\/blog\/engagement\/zukunft\/krieg\/panzer\/\">Panzer<\/a><\/li>\n<li><a href=\"https:\/\/www.freiburg-schwarzwald.de\/blog\/kultur\/medien\/propaganda\/\">Propaganda<\/a><\/li>\n<li><a href=\"https:\/\/www.freiburg-schwarzwald.de\/blog\/global\/russland\/\">Russland<\/a><\/li>\n<li><a title=\"Russlanddeutsche\" href=\"https:\/\/www.freiburg-schwarzwald.de\/blog\/global\/migration\/russlanddeutsche\/\">Russlanddeutsche<\/a><\/li>\n<li><a href=\"https:\/\/www.freiburg-schwarzwald.de\/blog\/global\/russland\/russland-bashing\/\">Russland-Bashing<\/a><\/li>\n<li><a href=\"https:\/\/www.freiburg-schwarzwald.de\/blog\/business\/wirtschaft\/sanktionen\/\">Sanktionen<\/a><\/li>\n<li><a title=\"Ukraine\" href=\"https:\/\/www.freiburg-schwarzwald.de\/blog\/global\/ukraine\/\">Ukraine<\/a><\/li>\n<li><a href=\"https:\/\/www.freiburg-schwarzwald.de\/blog\/global\/ukraine\/ukraine-frieden\/\">Ukraine-Frieden<\/a><\/li>\n<li><a href=\"https:\/\/www.freiburg-schwarzwald.de\/blog\/global\/ukraine\/ukraine-fanatismus\/\">Ukraine-Fanatismus<\/a><\/li>\n<li><a href=\"https:\/\/www.freiburg-schwarzwald.de\/blog\/global\/usa\/us-geopolitik\/\">US-Geopolitik<\/a><\/li>\n<li><a href=\"https:\/\/www.freiburg-schwarzwald.de\/blog\/global\/ukraine\/vorgeschichte\/\">Vorgeschichte\u00a0<\/a><\/li>\n<li><a href=\"https:\/\/www.freiburg-schwarzwald.de\/blog\/religion\/zivilreligion\/\">Zivilreligion<\/a><\/li>\n<\/ul>\n<p>&#8222;Feindschaft. Die gleiche Verf\u00fchrung der Menschen mit dem Trick, ihnen einen Feind zu bieten&#8220; (Albrecht M\u00fcller)<br \/>\n<em><strong>.<br \/>\n<\/strong><\/em>&#8222;Man l\u00fcgt uns in einen Krieg nach dem anderen hinein<br \/>\nund nennt dabei das T\u00f6ten von Menschen humanit\u00e4re Eins\u00e4tze.<br \/>\nWir verteidigen mit keinem Krieg irgendeinen humanit\u00e4ren Wert.<br \/>\nKrieg ist die Widerlegung aller Werte.&#8220;<br \/>\n<a href=\"https:\/\/www.freiburg-schwarzwald.de\/blog\/religion\/katholisch\/drewermann\/\">Eugen Drewermann\u00a0<\/a><em><strong><br \/>\n<\/strong><\/em>==========================================================<\/p>\n<p><strong>Miosga: \u201eHaben Sie nicht den Eindruck, dass Putin uns droht?\u201c Wo Journalismus sein sollte, spritzen Ignoranz und Ideologie aus allen Poren<\/strong><br \/>\n&#8230;<br \/>\nDie ARD erkennt in Miosga einen gro\u00dfen Wert. In Medien ist davon die Rede <a href=\"https:\/\/www.t-online.de\/unterhaltung\/tv\/id_100287288\/caren-miosga-das-verdient-die-anne-will-nachfolgerin-ard.html\">https:\/\/www.t-online.de\/unterhaltung\/tv\/id_100287288\/caren-miosga-das-verdient-die-anne-will-nachfolgerin-ard.html<\/a> , dass sich die Produktionskosten der Sendung im Jahr auf etwa 5,8 Millionen Euro belaufen. Miosga soll \u00fcber 570.000 Euro Gehalt im Jahr erhalten. Wie auch immer die genauen Zahlen aussehen: Die ARD-Frontfrau d\u00fcrfte zu den bestbezahlten Journalisten des Landes geh\u00f6ren.<br \/>\nSo sitzt also nun \u2013 und man muss sich das in seiner ganzen abgrundtiefen journalistischen Ignoranz vor Augen f\u00fchren \u2013 Miosga am Sonntagabend da und fragt Chrupalla: \u201eHaben Sie nicht den Eindruck, dass Putin uns droht?\u201c Jeder \u2013 und zwar wirklich jeder \u2013, der an Politik interessiert ist und die sabotierte Diskussion in Deutschland verfolgt, wei\u00df, was Chrupallas Standpunkt in dieser Sache ist. Medien in der gesamten Republik haben doch jenen Teil innerhalb der AfD, der dem M\u00e4rchen von der gro\u00dfen Bedrohung durch Putin nicht folgen will, der sich also f\u00fcr einen gem\u00e4\u00dfigteren Umgang mit Russland einsetzt und zu dem Chrupalla bekannterweise (!) geh\u00f6rt, oft genug durch den Dreck gezogen.<br \/>\n&#8230;<br \/>\nDer Frage, ob Chrupalla nicht den Eindruck habe, dass \u201ePutin uns droht?\u201c folgt die Aussage: \u201eDas macht er doch andauernd.\u201c<br \/>\nAn dieser Stelle wird etwas klar: Miosgas Frage ist nicht einfach einfallslos. Sie basiert auf einem Standpunkt \u2013 wobei \u201eStandpunkt\u201c hier ein Begriff ist, der der Realit\u00e4t nicht gerecht wird. Wer auf diese Weise sagt, dass Putin \u201euns\u201c \u201eandauernd\u201c bedrohe, hat den Pfad des Journalismus l\u00e4ngst verlassen. Die Aussage Miosgas ist von einer solchen Einseitigkeit gepr\u00e4gt, dass sie <em><strong>im propagandistischen Sinne<\/strong><\/em> zu lesen ist.<\/p>\n<p>Die NATO und Russland befinden sich im schwersten Konflikt seit dem Kalten Krieg. Scharfe T\u00f6ne und gegenseitige Bedrohungsvorw\u00fcrfe reihen sich wie Perlen an eine Kette. War es nicht der gegenw\u00e4rtige Au\u00dfenminister der Bundesrepublik, der noch vor kurzem sagte: \u201eRussland wird immer ein Feind f\u00fcr uns bleiben\u201c? <a href=\"https:\/\/www.berliner-zeitung.de\/politik-gesellschaft\/geopolitik\/kuenftiger-aussenminister-wadephul-russland-wird-immer-ein-feind-fuer-uns-bleiben-li.2320148\">https:\/\/www.berliner-zeitung.de\/politik-gesellschaft\/geopolitik\/kuenftiger-aussenminister-wadephul-russland-wird-immer-ein-feind-fuer-uns-bleiben-li.2320148<\/a><br \/>\nIn dieser massiven Konfliktsituation br\u00e4uchte es dringend einen \u00f6ffentlich-rechtlichen Journalismus, der in der Lage ist, <em><strong>Propaganda zu dekonstruieren<\/strong><\/em>, und nicht, sich mit ihr gemein zu machen.<br \/>\nWenn Miosga der Auffassung ist, dass Putin \u201euns\u201c \u201eandauernd\u201c (was hei\u00dft das?) bedroht, ohne das f\u00fcr Russland als bedrohlich wahrgenommene Agieren der NATO samt der US-Tiefenpolitik kritisch zu thematisieren, dann ist sie als Interviewerin an dieser Stelle deplatziert.<br \/>\nChrupalla antwortet auf Miosgas Frage: \u201eWir m\u00fcssen (\u2026) so schnell wie m\u00f6glich mit Putin wieder in die Gespr\u00e4che kommen. Ich hoffe, dass der Bundeskanzler endlich auch diesen Dialog wieder beginnt (\u2026) damit diese Eskalation endlich beendet wird.\u201c<br \/>\nMiosga fragt daraufhin erneut: \u201eVerstehe ich Sie richtig, dass Sie sich von Putin nicht bedroht f\u00fchlen?\u201c<br \/>\nAn dieser Stelle hat man nur noch einen Wunsch: Dieser \u00f6ffentlich-rechtliche Rundfunk m\u00f6ge bitte den Begriff \u201everstehen\u201c nie mehr gebrauchen. Ein vorgebliches \u201eVerstehen\u201c wird bei ihm zu einer ideologisch-taktischen Finesse. Wo \u201eVerstehen\u201c simuliert wird, ist Missverstehen Programm. Es reicht.<br \/>\n&#8230; Alles vom 10.2.2025 von Marcus Kl\u00f6ckner bitte lesen auf<br \/>\n<a href=\"https:\/\/www.nachdenkseiten.de\/?p=146067\">https:\/\/www.nachdenkseiten.de\/?p=146067<\/a><\/p>\n<p>&nbsp;<\/p>\n<p><strong>Martin Armstrong zur Gefahr eines 3. Weltkriegs<\/strong><br \/>\nIch denke, wir sollten das ernst nehmen:<br \/>\n<a href=\"https:\/\/uncutnews.ch\/exklusiv-top-prognostiker-gibt-eine-erschreckende-kriegsprognose-ab-daily-pulse\/\">https:\/\/uncutnews.ch\/exklusiv-top-prognostiker-gibt-eine-erschreckende-kriegsprognose-ab-daily-pulse\/<\/a><br \/>\nHaben wir noch 2026? Wird Putin weiterhin so klug agieren, wie bisher? Sich weiterhin nicht in die Falle locken lassen?<br \/>\nEs wird in diesem Krieg nicht wirklich um die Ukraine gehen, sondern um kollabierende Volkswirtschaften \u2013 und globale Eliten, die das entstehende Chaos als Deckmantel nutzen, um den Wohlstand der Bev\u00f6lkerung abzusch\u00f6pfen.<br \/>\nArmstrong sagt klar und deutlich: &#8222;Das Problem ist, dass wir (die USA\/NATO) diesen Krieg begonnen haben \u2013 nicht Putin.&#8220; Er verwies auf die Rolle von Victoria Nuland und John McCain beim Maidan-Umsturz. \u201eEs war Nuland, die die \u00dcbergangsregierung ausgew\u00e4hlt hat \u2013 die nicht gew\u00e4hlt war \u2013 und den B\u00fcrgerkrieg im Donbass ausgel\u00f6st hat.\u201c<br \/>\nWas vergangene Woche Mittwoch von diesem Jugendoffizier der Bundeswehr, diesem Heiko von Ditfurth, aber auch zu Putin von diesem angeblichen Friedensaktivisten Stefan Walther, auf der B\u00fchne des Ebneter Kultursommers ge\u00e4u\u00dfert wurde, ist an Verlogenheit und T\u00e4uschungsabsicht kaum zu \u00fcberbieten gewesen.<br \/>\nDie Reaktion auf meine Hinweise auf Willi Brandts Entspannungspolitik, auf KSZE, auf die Friedens- und Entspannungsperiode aller Staaten rund um Deutschland, die als Beweise dazu gedacht waren, dass Pazifismus nicht erfolglos gewesen ist, waren f\u00fcr mich niederschmetternd gewesen. Ich war fassungslos und ich bin es weiterhin.<br \/>\nSie brauchen den Krieg, denn der Krieg dient nur als ein Vorwand, um digitale W\u00e4hrungen durchzusetzen. Armstrong z\u00f6gerte keine Sekunde: \u201eJa. Das System ist nicht mehr haltbar.\u201c Die K\u00e4ufer von Staatsanleihen verschwinden, Regierungen sind \u00fcberschuldet. Historisch gesehen brechen Imperien zusammen, wenn sie keine Schulden mehr verkaufen k\u00f6nnen. Deshalb, so Armstrong, sei der \u201eGENIUS Act\u201c ein letzter Versuch, das System \u00fcber CBDCs und Stablecoins zu retten. Die Krypto-Fans, die das begr\u00fc\u00dfen? \u201eDie sind die letzten Idioten.&#8220;<br \/>\nDas Einzige, was wir tun k\u00f6nnen, ist, sich dem entgegenzustellen, den Mund aufzumachen und sich nicht mundtot machen zu lassen.<br \/>\nBitte, lasst mich in diesem Kampf gegen das Unrecht nicht allein! Glaubt nichts, wirklich nichts von denen, die im Interesse dieser Eskalation argumentieren!<br \/>\n21.7.2025, Herzliche Gr\u00fc\u00dfe, Andreas M\u00e4gdefrau, <a href=\"mailto:andreas.maegdefrau@posteo.de\">andreas.maegdefrau@posteo.de<\/a><\/p>\n<p>&nbsp;<\/p>\n<p><strong>General Harald Kujat: Kriegshysterie &#8211; Es gibt keinerlei Beweise daf\u00fcr!<\/strong><br \/>\nKujat zu Bundeswehr Zusatzschulden und Putin-Angstmache<br \/>\nAussage &#8222;In vier Jahren gibt es Krieg&#8220; sind and den Haaren herbeigezogen.<br \/>\n24.3.2025, <a href=\"https:\/\/www.youtube.com\/watch?v=GnJH0bwTCAM\">https:\/\/www.youtube.com\/watch?v=GnJH0bwTCAM<\/a><\/p>\n<p>.<\/p>\n<p><strong>Auf \u201eKriegst\u00fcchtigkeit\u201c folgt die Forderung nach \u201eKriegsmentalit\u00e4t\u201c: NATO-Generalsekret\u00e4r will \u201eTurbo\u201c f\u00fcr Aufr\u00fcstung<\/strong><br \/>\nNach \u201eKriegst\u00fcchtigkeit\u201c soll eine \u201eKriegsmentalit\u00e4t\u201c an den Tag gelegt werden \u2013 diese hat gerade NATO-Generalsekret\u00e4r Mark Rutte gefordert. In einer Grundsatzrede brachte er zudem zum Ausdruck, dass bei den Milit\u00e4rausgaben der \u201eTurbo\u201c aktiviert werden m\u00fcsse. Und im November meinte der Kanzlerkandidat der CDU, Friedrich Merz, in einer Rede: \u201eFrieden gibt es auf jedem Friedhof\u201c. Es wird immer deutlicher: Auf politischer Ebene sehen wir die Verrohung demokratischer Werte.<br \/>\n&#8230;.<br \/>\nRuttes Worte lassen aber auch erkennen, dass eine regelrechte Verwilderung menschlich-zivilisatorischer Errungenschaften auf der politischen B\u00fchne auszumachen ist.<br \/>\nKriegsmentalit\u00e4t \u2013 was hei\u00dft das denn? Alleine, dass es angebracht ist, diese Frage zu stellen und sie zu beantworten, zeigt den Grad der Verrohung innerhalb der gro\u00dfen Politik. Ein Soldat, der Kriegsmentalit\u00e4t verinnerlicht, muss seine Menschlichkeit ablegen. Ein Soldat, der mit der Kriegsmentalit\u00e4t auf das Schlachtfeld zieht, wird zum Abbild des Krieges in seiner schlimmsten Form. Schie\u00dfen \u2013 auf den Feind. Egal wohin. Hauptsache, der Feind ist tot. Zerst\u00f6ren, t\u00f6ten, massakrieren, vernichten, zerfetzen, zustechen, zuhauen, wo und wie es geht. Das bringt Kriegsmentalit\u00e4t hervor. Wenn auf der geistigen Ebene die Bereitschaft und der unbedingte Wille zum Krieg besteht, dann ist das Kriegsmentalit\u00e4t. Rutte hebt diesen Begriff auf Ebene des \u201eVerteidigungsb\u00fcndnisses\u201c NATO.<br \/>\nNATO, das hei\u00dft: 32 Mitgliedsstaaten und, laut Statistica, 7,6 Millionen Soldaten, zusammengesetzt aus regul\u00e4ren Soldaten und Reservisten. Dieses B\u00fcndnis also soll eine \u201eKriegsmentalit\u00e4t\u201c an den Tag legen?<br \/>\n&#8230; Alles vom 13.12.2024 von Marcus Kl\u00f6ckner bitte lesen auf<br \/>\n<a href=\"https:\/\/www.nachdenkseiten.de\/?p=126218\">https:\/\/www.nachdenkseiten.de\/?p=126218<\/a><\/p>\n<p>&nbsp;<\/p>\n<p><strong>Jetzt verstehe ich meine Eltern &#8211; Was ist heute anders?<\/strong><br \/>\nSie haben die Nazis nicht durchschaut. Sie haben die Gefahren des Krieges nicht erkannt. Von Demokratie haben sie sowieso nicht viel gehalten. Die Gleichschaltung der Medien haben sie nicht gesehen, sie f\u00fchlten sich wohl in der damit vermittelten Volksgemeinschaft. Was ist heute anders? Ich habe mir gestern Abend und heute das Medienecho auf die Entscheidung von Scholz, Panzer in die Ukraine zu liefern, angeschaut, zum Beispiel das Heute Journal und heute fr\u00fch die Regionalzeitung und hier zum Beispiel die deutsche Au\u00dfenministerin mit ihrer freih\u00e4ndig verk\u00fcndeten Kriegserkl\u00e4rung \u201eWe are fighting a war against Russia\u201c. <a href=\"https:\/\/twitter.com\/DrLuetke\/status\/1618227215803768832\">https:\/\/twitter.com\/DrLuetke\/status\/1618227215803768832<\/a><br \/>\n.<br \/>\nWas wir uns heute an Feindseligkeit gegen\u00fcber anderen V\u00f6lkern, an Gleichschaltung und an Agitation gefallen lassen und dem folgen, ist so schlimm wie die Agitation der Nazis. Es kommt auf feinere Weise daher, verk\u00fcndet von harmlos aussehenden Akteuren wie Annalena Baerbock und eben nicht in SS-Uniform. Aber es ist das Gleiche. <em><strong>Die gleiche Verf\u00fchrung der Menschen mit dem Trick, ihnen einen Feind zu bieten.<\/strong> <strong>Und alle zusammen gegen diesen Feind aufzustehen.<\/strong><\/em> Heute das Gleiche wie bei meinen Eltern zu Zeiten meiner Geburt im Jahre 1938.<br \/>\nMeine Eltern haben mitgemacht. Mein Vater oft ein bisschen kritisch. So wie heute auch viele sind. Heute stehen viele beiseite, k\u00fcmmern sich nicht darum, dass heute schon Krieg gef\u00fchrt wird und demn\u00e4chst noch mehr Krieg \u2013 mit deutschem Geld und deutschem Material und vermutlich auch mit deutschen Soldaten als Ausbilder der kriegf\u00fchrenden Nation.<br \/>\nWas soll der Unterschied sein? Heute ist alles etwas schmucker und eleganter aufgemacht. Der Moderator im Fernsehen schaut freundlich, wenn er die Beteiligung am Krieg verk\u00fcndet und ein st\u00e4rkeres milit\u00e4risches Engagement fordert. Der wiederholt auftretende Vorsitzende des Bundeswehrverbandes (ab Minute 11:18)<br \/>\n<a href=\"https:\/\/www.zdf.de\/nachrichten\/heute-journal\/heute-journal-vom-24-januar-2023-100.html\">https:\/\/www.zdf.de\/nachrichten\/heute-journal\/heute-journal-vom-24-januar-2023-100.html<\/a> verleiht dem Ganzen seinen Segen, indem er die Verz\u00f6gerung beklagt und mehr milit\u00e4risches Material fordert.<br \/>\nAuch der Moderator vergisst nicht zu kritisieren, dass jetzt alles viel zu sp\u00e4t sei, wir h\u00e4tten uns schon viel fr\u00fcher beteiligen m\u00fcssen. Aber das verk\u00fcndet er alles ganz adrett. So adrett, dass die deutsche Jugend nahezu komplett wegschaut. Was sind das f\u00fcr eingeschlafene Zeitgenossen, diese jungen Leute. Ignoranten und damit Kriegsbef\u00fcrworter. Wegseher und schon damit voll beteiligt.<br \/>\nSie wachen auf, wenn sie gerade am Vergl\u00fchen sind.<br \/>\nLeserbriefe zu diesem Beitrag finden Sie <a href=\"https:\/\/www.freiburg-schwarzwald.de\/blog\/vorkriegszeit\/\">hier<\/a>.<br \/>\n&#8230; Alles vom 25.1.2023 von Albrecht M\u00fcller. bitte lesen auf<br \/>\n<a href=\"https:\/\/www.nachdenkseiten.de\/?p=92996\">https:\/\/www.nachdenkseiten.de\/?p=92996<\/a><\/p>\n<p>&nbsp;<\/p>\n<p>&nbsp;<\/p>\n<p><strong>Die konstante deutsche Kriegspropaganda<\/strong><br \/>\n<em>Im Rubikon-Exklusivgespr\u00e4ch diskutiert Walter van Rossum mit den Publizisten Mathias Br\u00f6ckers und Dirk Pohlmann sowie dem Oberstleutnant a.D. J\u00fcrgen Rose \u00fcber die immer weiter um sich greifende Kriegslust der westlichen Eliten<\/em>.<\/p>\n<p>Jetzt durften wir es also doch noch erleben: durchgeknallte Kriegspropaganda wie aus dem Lehrbuch. Was auch immer geschieht, eisern und eiskalt wird ein au\u00dferordentlich primitives Narrativ in die Welt gebellt. Die Guten gegen die B\u00f6sen, und wir m\u00fcssen nur bis zum Endsieg durchhalten. Seit Corona ist von der Aufkl\u00e4rung nur noch ein Ascheh\u00e4ufchen \u00fcbrig geblieben. Eine verdammt unheilige Allianz aus Politik, Medien und Experten hat sich verschworen, die Vernunft durch Schwarmdummheit zu ersetzen. Doch was jetzt \u00fcber den Krieg in der Ukraine verbreitet wird, macht einen fassungslos. <em><strong>Binnen Stunden wurde weggebombt, was wir in den letzten 75 Jahren gelernt haben sollten.<\/strong><\/em><\/p>\n<p><em><strong>Heute sind unsere Eliten von einem Willen zum Krieg berauscht,<\/strong><\/em> der uns alle unmittelbar bedroht. Wie gef\u00e4hrlich das alles ist, erl\u00e4utert der einstige Luftwaffenoffizier J\u00fcrgen Rose und vermittelt zugleich ein Bild von der wahren milit\u00e4rischen Lage. Mit Sicherheit werden die Panzerlieferungen, die jetzt allerorten bejubelt werden, nicht \u00fcber den Ausgang des Krieges entscheiden. Sie werden ihn blo\u00df verl\u00e4ngern. Das wissen die Lieferanten ziemlich genau.<br \/>\nMathias Br\u00f6ckers hat k\u00fcrzlich eine Art Kriegstagebuch ver\u00f6ffentlicht, \u201eVom Ende der unipolaren Welt\u201c, in dem er erkl\u00e4rt, dass der Westen sich mit diesem Krieg sein eigenes Grab schaufelt. Wie lange dieser Krieg schon vorbereitet wurde, erl\u00e4utert Dirk Pohlmann.<\/p>\n<p>Unsere einstige Kanzlerin Angela Merkel hat vor ein paar Wochen in der Zeit unmissverst\u00e4ndlich <a href=\"https:\/\/www.freiburg-schwarzwald.de\/blog\/merkel-minsk-zum-zeitgewinn\/\">zu Protokoll gegeben<\/a>, dass der Westen keine Sekunde daran gedacht habe, das Abkommen \u201eMinsk 2\u201c in die Tat umzusetzen. Es sei vielmehr nur darum gegangen, durch dieses Abkommen Zeit zu gewinnen, um die Ukraine milit\u00e4risch aufzur\u00fcsten. Es klang so, als sei ihr und den anderen westlichen Garanten des Abkommens damit ein gro\u00dfer Coup gelungen.<br \/>\n&#8230; Alles vom 14.1.2023 von Walter van Rossum bitte lesen auf<br \/>\n<a href=\"https:\/\/www.rubikon.news\/artikel\/die-konstante-kriegspropaganda\">https:\/\/www.rubikon.news\/artikel\/die-konstante-kriegspropaganda<\/a><\/p>\n<p>&nbsp;<\/p>\n","protected":false},"excerpt":{"rendered":"<p>Home &gt;Ukraine-Russland &gt;Deutschland-Ukraine &gt;Krieg &gt;Kriegspropaganda Listenauswahl eines Beitrags (Artikel\/Datum, Seite\/Inhalt):\u00a0Klicken\u00a0oder scrollen Das \u00dcberschreiten der roten Linie: Journalismus im Irankrieg\u00a0(13.4.2026) Miosga: \u201eHaben Sie nicht den Eindruck, dass Putin uns droht?\u201c Wo Journalismus sein sollte, spritzen Ignoranz und Ideologie aus allen Poren &hellip; <a href=\"https:\/\/www.freiburg-schwarzwald.de\/blog\/engagement\/zukunft\/krieg\/kriegspropaganda\/\">Weiterlesen <span class=\"meta-nav\">&rarr;<\/span><\/a><\/p>\n","protected":false},"author":2,"featured_media":0,"parent":18096,"menu_order":0,"comment_status":"closed","ping_status":"closed","template":"","meta":{"footnotes":""},"class_list":["post-108527","page","type-page","status-publish","hentry"],"_links":{"self":[{"href":"https:\/\/www.freiburg-schwarzwald.de\/blog\/wp-json\/wp\/v2\/pages\/108527","targetHints":{"allow":["GET"]}}],"collection":[{"href":"https:\/\/www.freiburg-schwarzwald.de\/blog\/wp-json\/wp\/v2\/pages"}],"about":[{"href":"https:\/\/www.freiburg-schwarzwald.de\/blog\/wp-json\/wp\/v2\/types\/page"}],"author":[{"embeddable":true,"href":"https:\/\/www.freiburg-schwarzwald.de\/blog\/wp-json\/wp\/v2\/users\/2"}],"replies":[{"embeddable":true,"href":"https:\/\/www.freiburg-schwarzwald.de\/blog\/wp-json\/wp\/v2\/comments?post=108527"}],"version-history":[{"count":5,"href":"https:\/\/www.freiburg-schwarzwald.de\/blog\/wp-json\/wp\/v2\/pages\/108527\/revisions"}],"predecessor-version":[{"id":147861,"href":"https:\/\/www.freiburg-schwarzwald.de\/blog\/wp-json\/wp\/v2\/pages\/108527\/revisions\/147861"}],"up":[{"embeddable":true,"href":"https:\/\/www.freiburg-schwarzwald.de\/blog\/wp-json\/wp\/v2\/pages\/18096"}],"wp:attachment":[{"href":"https:\/\/www.freiburg-schwarzwald.de\/blog\/wp-json\/wp\/v2\/media?parent=108527"}],"curies":[{"name":"wp","href":"https:\/\/api.w.org\/{rel}","templated":true}]}}