{"id":108355,"date":"2023-01-11T11:19:47","date_gmt":"2023-01-11T10:19:47","guid":{"rendered":"https:\/\/www.freiburg-schwarzwald.de\/blog\/?page_id=108355"},"modified":"2024-06-22T13:39:20","modified_gmt":"2024-06-22T11:39:20","slug":"sterben","status":"publish","type":"page","link":"https:\/\/www.freiburg-schwarzwald.de\/blog\/selbsthilfe\/psyche\/trauer\/sterben\/","title":{"rendered":"Sterben"},"content":{"rendered":"<p>Home &gt;<a title=\"Selbsthilfe\" href=\"https:\/\/www.freiburg-schwarzwald.de\/blog\/selbsthilfe\/\">Selbsthilfe<\/a>\u00a0&gt;<a title=\"Gesund\" href=\"https:\/\/www.freiburg-schwarzwald.de\/blog\/business\/gesund\/\">Gesund<\/a>\u00a0&gt;<a title=\"Psyche\" href=\"https:\/\/www.freiburg-schwarzwald.de\/blog\/selbsthilfe\/psyche\/\">Psyche<\/a>\u00a0&gt;<a href=\"https:\/\/www.freiburg-schwarzwald.de\/blog\/selbsthilfe\/psyche\/trauer\/\">Trauer<\/a>\u00a0&gt;<a href=\"https:\/\/www.freiburg-schwarzwald.de\/blog\/religion\/religion-privatsache\/\">Religion<\/a> &gt;<a href=\"https:\/\/www.freiburg-schwarzwald.de\/blog\/selbsthilfe\/psyche\/trauer\/tod\/\">Tod<\/a> &gt;Sterben<\/p>\n<div id=\"attachment_106157\" style=\"width: 650px\" class=\"wp-caption alignnone\"><a href=\"https:\/\/www.freiburg-schwarzwald.de\/blog\/wp-content\/uploads\/2022\/11\/staufen-burg-wegekreuz-pan202211.jpg\"><img loading=\"lazy\" decoding=\"async\" aria-describedby=\"caption-attachment-106157\" class=\"size-full wp-image-106157\" src=\"https:\/\/www.freiburg-schwarzwald.de\/blog\/wp-content\/uploads\/2022\/11\/staufen-burg-wegekreuz-pan202211.jpg\" alt=\"\" width=\"640\" height=\"338\" srcset=\"https:\/\/www.freiburg-schwarzwald.de\/blog\/wp-content\/uploads\/2022\/11\/staufen-burg-wegekreuz-pan202211.jpg 640w, https:\/\/www.freiburg-schwarzwald.de\/blog\/wp-content\/uploads\/2022\/11\/staufen-burg-wegekreuz-pan202211-180x95.jpg 180w\" sizes=\"auto, (max-width: 640px) 100vw, 640px\" \/><\/a><p id=\"caption-attachment-106157\" class=\"wp-caption-text\">Staufener Burg im Markgr\u00e4fler Land &#8211; Wegekreuz im November 2022<\/p><\/div>\n<ul>\n<li><a href=\"https:\/\/www.freiburg-schwarzwald.de\/blog\/300000-alleine-sterben-lassen\/\">300.000 alleine sterben lassen<\/a>\u00a0(21.6.2024)<\/li>\n<li><a href=\"https:\/\/www.freiburg-schwarzwald.de\/blog\/signore-ti-amo\/\">Signore, ti amo<\/a>\u00a0(14.1.2023)<\/li>\n<li>DGHS: Humanes Sterben &#8211; Edith Vieser in Freiburg (11.1.2023)<\/li>\n<li>Deutsche Gesellschaft f\u00fcr Humanes Sterben (DGHS)<\/li>\n<li><\/li>\n<li><a href=\"https:\/\/www.freiburg-schwarzwald.de\/blog\/selbsthilfe\/senioren\/palliativ\/\">Palliativ<\/a><\/li>\n<li><a href=\"https:\/\/www.freiburg-schwarzwald.de\/blog\/selbsthilfe\/senioren\/sterbehilfe\/\">Sterbehilfe<\/a><\/li>\n<\/ul>\n<p>&nbsp;<\/p>\n<p><strong>DGHS: Humanes Sterben &#8211; Edith Vieser in Freiburg<\/strong><br \/>\nEdith Vieser ist die Freiburger Ansprechpartnerin der Deutschen Gesellschaft f\u00fcr Humanes Sterben. Die 71-J\u00e4hrige ber\u00e4t unter anderem zu Fragen um ein Lebensende in W\u00fcrde.<br \/>\nF\u00fcr den Tod vorzusorgen, ist Edith Vieser wichtig. Denn sie hat selbst erfahren, wie es ist, wenn das nicht passiert. Als ihre Mutter dement wurde, k\u00fcmmerte sie sich zehn Jahre lang um sie, erst zuhause, dann im betreuten Wohnen.<\/p>\n<p>&#8222;Das war eine anstrengende Zeit f\u00fcr mich&#8220;, blickt Vieser zur\u00fcck. Ihre Mutter hatte keine Vorsorge getroffen: Es gab keine Vollmacht f\u00fcr die Bank, keine Patientenverf\u00fcgung. Wenn sie ihre Mutter etwas fragte, sagte die meist nur: &#8222;Du machst das schon recht.&#8220;<\/p>\n<p>&#8222;Meine Kinder sollten das so nicht erleben m\u00fcssen&#8220;, sagt Vieser. Auf ihrer Suche, wie sie f\u00fcr ihr Lebensende vorsorgen konnte, stie\u00df sie zun\u00e4chst auf die Schweizer Sterbehilfeorganisation Lifecircle. &#8222;Die M\u00f6glichkeit zu haben, meinem Leben ein Ende setzen zu k\u00f6nnen, ist mir wichtig&#8220;, sagt sie. Sp\u00e4ter fand sie die Deutsche Gesellschaft f\u00fcr Humanes Sterben (DGHS) und schw\u00e4rmt heute noch von deren Patientenvorsorgemappe, dem Notfallausweis und der Beratung.<br \/>\nSeit M\u00e4rz 2022 ist Edith Vieser selbst die Freiburger Ansprechpartnerin der DGHS; zu ihrem ersten Gespr\u00e4chskreis im September war der Raum mit rund sechzig Leuten voll. Sie f\u00fchrt individuelle Beratungen durch, spricht mit Menschen, die Informationen zum Freitod oder eine entsprechende Organisation suchen. Viele fragen auch nach einer Patientenverf\u00fcgung. \u00dcber das Alter ihrer Gespr\u00e4chspartner kann sie nichts sagen: Die Kontakte finden am Telefon und anonym statt, doch &#8222;rein stimmlich und von den Fragen her&#8220; seien auch viele J\u00fcngere dabei.<\/p>\n<p>Ohnehin r\u00e4t sie: &#8222;Sorgen Sie vor, wenn Sie jung sind!&#8220; Die Fragen, mit denen man sich dabei konfrontiert sehe, seien sehr spannend: Wie will ich im Ernstfall versorgt werden? Will ich mechanische Hilfen? Ins Pflegeheim? Hospiz? K\u00fcnstliche Ern\u00e4hrung? Vieser sch\u00e4tzt es, bei den Gespr\u00e4chskreisen Menschen zu begegnen, mit denen sie \u00fcber solche Themen sprechen kann. Denn auch ihre Bekannten weichen dem Thema teilweise aus. Krankheit und Sterben seien nach wie vor Tabuthemen, so Vieser. Warum, das wei\u00df auch sie nicht genau.<br \/>\nVor kurzem gingen sie und ihre Familie auf einen Ruheberg. Alle haben sich einen Baum ausgesucht, wo sie sp\u00e4ter liegen m\u00f6chten. &#8222;Das war ein ganz normaler, freudiger Ausflug&#8220;, sagt Vieser.<\/p>\n<p>Die Arbeit bei der DGHS ist nicht ihr einziges Ehrenamt. Sie engagiert sich auch im Bundesverband <a href=\"https:\/\/www.freiburg-schwarzwald.de\/blog\/natur\/tiere\/hunde\/\">Rettungshunde<\/a>. &#8222;Das ist eine spannende Arbeit und man ist als Mensch gefordert&#8220;, erkl\u00e4rt sie. Seit 18 Jahren bildet sie dort Menschen und Hunde aus, leitete einige Jahre das Referat Ausbildung. &#8222;Da kann ich meine p\u00e4dagogische Erfahrung gut einbringen&#8220;, sagt sie und lacht.<br \/>\nSie liebt Freiburg, ist hier geboren, aufgewachsen, hat hier studiert und gearbeitet, als Lehrerin erst an einer Sonderschule, dann an einer F\u00f6rderschule. &#8222;Ich war sehr gerne Lehrerin&#8220;, erinnert sie sich. &#8222;Da war kein Tag wie der andere. Jeden Tag ist etwas passiert, auf das man sich neu einstellen musste. Ich bin nie in Routine verfallen.&#8220;<br \/>\nAuf die regelm\u00e4\u00dfigen Spazierg\u00e4nge mit ihren beiden Hunden legt sie dennoch gro\u00dfen Wert: &#8222;Zum Nachdenken und Gr\u00fcbeln&#8220;, wie sie sagt. Sie hat einen katalanischen H\u00fctehund und seit kurzem auch noch einen Zwergpudel. &#8222;Der ist so klein, dass er auch mit ins Altersheim k\u00f6nnte.&#8220;<br \/>\n&#8230; Alles vom 11.1.2023 von Dominik Hei\u00dfler bitte lesen auf<br \/>\n<a href=\"https:\/\/www.badische-zeitung.de\/sorgen-sie-vor-wenn-sie-jung-sind--236324254.html\">https:\/\/www.badische-zeitung.de\/sorgen-sie-vor-wenn-sie-jung-sind&#8211;236324254.html<\/a><br \/>\n.<\/p>\n<p><strong>Deutsche Gesellschaft f\u00fcr Humanes Sterben (DGHS)<\/strong><br \/>\nDie Deutsche Gesellschaft f\u00fcr Humanes Sterben (DGHS) e.V. mit derzeit knapp 25.000 Mitgliedern und Unterst\u00fctzern ist eine B\u00fcrgerrechts- und Patientenschutzorganisation, die sich seit ihrer Gr\u00fcndung im Jahr 1980 dem lebenslangen Selbstbestimmungsrecht des Menschen verpflichtet f\u00fchlt. Ihren Mitgliedern hilft die DGHS beim Erstellen und falls n\u00f6tig beim Durchsetzen der Patientenverf\u00fcgung. Auf politischer Ebene setzt sich die DGHS f\u00fcr eine umfassende gesetzliche Regelung der Sterbebegleitung und -hilfe ein. Die DGHS ist als eingetragener Verein organisiert, als gemeinn\u00fctzig anerkannt und finanziert sich aus Mitgliedsbeitr\u00e4gen und Spenden.<br \/>\n<a href=\"https:\/\/www.dghs.de\/\">https:\/\/www.dghs.de\/<\/a><br \/>\n<a href=\"https:\/\/www.dghs.de\/humanes-sterben.html\">https:\/\/www.dghs.de\/humanes-sterben.html<\/a><br \/>\n<a href=\"https:\/\/www.dghs.de\/patientenverfuegung.html\">https:\/\/www.dghs.de\/patientenverfuegung.html<\/a><\/p>\n","protected":false},"excerpt":{"rendered":"<p>Home &gt;Selbsthilfe\u00a0&gt;Gesund\u00a0&gt;Psyche\u00a0&gt;Trauer\u00a0&gt;Religion &gt;Tod &gt;Sterben 300.000 alleine sterben lassen\u00a0(21.6.2024) Signore, ti amo\u00a0(14.1.2023) DGHS: Humanes Sterben &#8211; Edith Vieser in Freiburg (11.1.2023) Deutsche Gesellschaft f\u00fcr Humanes Sterben (DGHS) Palliativ Sterbehilfe &nbsp; DGHS: Humanes Sterben &#8211; Edith Vieser in Freiburg Edith Vieser ist &hellip; <a href=\"https:\/\/www.freiburg-schwarzwald.de\/blog\/selbsthilfe\/psyche\/trauer\/sterben\/\">Weiterlesen <span class=\"meta-nav\">&rarr;<\/span><\/a><\/p>\n","protected":false},"author":2,"featured_media":0,"parent":68527,"menu_order":0,"comment_status":"closed","ping_status":"closed","template":"","meta":{"footnotes":""},"class_list":["post-108355","page","type-page","status-publish","hentry"],"_links":{"self":[{"href":"https:\/\/www.freiburg-schwarzwald.de\/blog\/wp-json\/wp\/v2\/pages\/108355","targetHints":{"allow":["GET"]}}],"collection":[{"href":"https:\/\/www.freiburg-schwarzwald.de\/blog\/wp-json\/wp\/v2\/pages"}],"about":[{"href":"https:\/\/www.freiburg-schwarzwald.de\/blog\/wp-json\/wp\/v2\/types\/page"}],"author":[{"embeddable":true,"href":"https:\/\/www.freiburg-schwarzwald.de\/blog\/wp-json\/wp\/v2\/users\/2"}],"replies":[{"embeddable":true,"href":"https:\/\/www.freiburg-schwarzwald.de\/blog\/wp-json\/wp\/v2\/comments?post=108355"}],"version-history":[{"count":5,"href":"https:\/\/www.freiburg-schwarzwald.de\/blog\/wp-json\/wp\/v2\/pages\/108355\/revisions"}],"predecessor-version":[{"id":124633,"href":"https:\/\/www.freiburg-schwarzwald.de\/blog\/wp-json\/wp\/v2\/pages\/108355\/revisions\/124633"}],"up":[{"embeddable":true,"href":"https:\/\/www.freiburg-schwarzwald.de\/blog\/wp-json\/wp\/v2\/pages\/68527"}],"wp:attachment":[{"href":"https:\/\/www.freiburg-schwarzwald.de\/blog\/wp-json\/wp\/v2\/media?parent=108355"}],"curies":[{"name":"wp","href":"https:\/\/api.w.org\/{rel}","templated":true}]}}