{"id":1079,"date":"2012-04-11T12:44:37","date_gmt":"2012-04-11T12:44:37","guid":{"rendered":"https:\/\/www.freiburg-schwarzwald.de\/blog\/?page_id=1079"},"modified":"2025-01-15T18:56:04","modified_gmt":"2025-01-15T17:56:04","slug":"hunde","status":"publish","type":"page","link":"https:\/\/www.freiburg-schwarzwald.de\/blog\/natur\/tiere\/hunde\/","title":{"rendered":"Hunde"},"content":{"rendered":"<p>Home &gt;<a title=\"Natur\" href=\"https:\/\/www.freiburg-schwarzwald.de\/blog\/natur\/\">Natur<\/a> &gt;<a title=\"Tiere\" href=\"https:\/\/www.freiburg-schwarzwald.de\/blog\/natur\/tiere\/\">Tiere<\/a> &gt;Hunde<\/p>\n<div id=\"attachment_1081\" style=\"width: 610px\" class=\"wp-caption alignnone\"><a href=\"https:\/\/www.freiburg-schwarzwald.de\/blog\/natur\/tiere\/hunde\/drk-rettungshundestaffel-fr0908\/\" rel=\"attachment wp-att-1081\"><img loading=\"lazy\" decoding=\"async\" aria-describedby=\"caption-attachment-1081\" class=\"size-full wp-image-1081\" title=\"drk-rettungshundestaffel-fr0908\" src=\"https:\/\/www.freiburg-schwarzwald.de\/blog\/wp-content\/uploads\/2012\/04\/drk-rettungshundestaffel-fr0908.jpg\" alt=\"\" width=\"600\" height=\"232\" srcset=\"https:\/\/www.freiburg-schwarzwald.de\/blog\/wp-content\/uploads\/2012\/04\/drk-rettungshundestaffel-fr0908.jpg 600w, https:\/\/www.freiburg-schwarzwald.de\/blog\/wp-content\/uploads\/2012\/04\/drk-rettungshundestaffel-fr0908-180x69.jpg 180w\" sizes=\"auto, (max-width: 600px) 100vw, 600px\" \/><\/a><p id=\"caption-attachment-1081\" class=\"wp-caption-text\">Training der DRK-Rettungshundestaffeln Freiburg und Hochschwarzwald im August 2009<\/p><\/div>\n<ul>\n<li><em>Listenauswahl eines Beitrags: Bitte anklicken oder runterscrollen<\/em><\/li>\n<li><a href=\"https:\/\/www.freiburg-schwarzwald.de\/blog\/josefskrankenhaus\/\">Als erster Therapiebegleithund darf Balou auf die Intensivstation des Josefskrankenhauses<\/a> (15.1.2025)<\/li>\n<li><a href=\"https:\/\/www.freiburg-schwarzwald.de\/blog\/hunde-und-hundehalter\/\">https:\/\/www.freiburg-schwarzwald.de\/blog\/hunde-und-hundehalter\/<\/a> (20.10.2018)<\/li>\n<li><a href=\"https:\/\/www.freiburg-schwarzwald.de\/blog\/huetehunde-schafe-st-peter\/\">https:\/\/www.freiburg-schwarzwald.de\/blog\/huetehunde-schafe-st-peter\/<\/a> (26.7.2016)<\/li>\n<li>PoopMap &#8211; Hundehaufen im Internet (27.6.2015)<\/li>\n<li>Rottweiler verletzt 15-j\u00e4hriges M\u00e4dchen in FR-Landwasser schwer (29.11.2014)<\/li>\n<li>Hunde haben auf den Feldern nichts verloren \u2013 Teningen plant Kontrollen (18.4.2013)<\/li>\n<li><a href=\"https:\/\/www.freiburg-schwarzwald.de\/hunde.htm#Hunde bemuttern in Ihringen ein verwaistes Rehkitz\">Hunde bemuttern in Ihringen ein verwaistes Rehkitz<\/a> &gt;Hunde (29.8.2011)<\/li>\n<li><a href=\"https:\/\/www.freiburg-schwarzwald.de\/hunde.htm#Deutsche geben mehr Geld f\u00fcr Hundefutter als f\u00fcr Babynahrung aus\">Deutsche geben mehr Geld f\u00fcr Hundefutter als f\u00fcr Babynahrung aus<\/a> &gt;Hunde (4.6.2011)<\/li>\n<li><a href=\"https:\/\/www.freiburg-schwarzwald.de\/hunde.htm#Hund bei\u00dft S\u00e4ugling in Kopf und Nacken: Lebensgefahr\">Hund bei\u00dft S\u00e4ugling in Kopf und Nacken: Lebensgefahr<\/a> &gt;Hunde (8.10.2009)<\/li>\n<li><a href=\"https:\/\/www.freiburg-schwarzwald.de\/hunde.htm#Training der DRK-Rettungshundestaffeln Freiburg und Hochschwarzwald\">Training der DRK-Rettungshundestaffeln Freiburg und Hochschwarzwald<\/a> &gt;Hunde (20.8.2009)<\/li>\n<li><a href=\"https:\/\/www.freiburg-schwarzwald.de\/hunde.htm#Zwei Hunde beissen Rehgei\u00df im Ibental tot\">Zwei Hunde beissen Rehgei\u00df im Ibental tot<\/a> &gt;Hunde (11.12.2008)<\/li>\n<li><a href=\"https:\/\/www.freiburg-schwarzwald.de\/littenweiler\/wagenburg.htm#Tierschutzorganisation Abseits betreut Wagenburghunde\">Tierschutzorganisation Abseits betreut Wagenburghunde<\/a> &gt;Wagenburg (23.10.2008)<\/li>\n<li><a href=\"https:\/\/www.freiburg-schwarzwald.de\/justiz1.htm#Jugendliche U-H\u00e4ftlinge arbeiten mit Hunden - Modellprojekt\">Jugendliche U-H\u00e4ftlinge arbeiten mit Hunden &#8211; Modellprojekt<\/a> &gt;Justiz1 (4.8.2008)<\/li>\n<li><a href=\"https:\/\/www.freiburg-schwarzwald.de\/littenweiler\/wiese.htm#B31-Tunneldach Littenweiler: Grillen weg, kurzes Gras, Hundeklo\">B31-Tunneldach Littenweiler: Grillen weg, kurzes Gras, Hundeklo<\/a> &gt;Wiese (14.6.2008)<\/li>\n<li><a href=\"https:\/\/www.freiburg-schwarzwald.de\/littenweiler\/ehrenamt5.htm#Hundehaufen-Reinigungsaktion in der H\u00f6llentalstra\u00dfe Littenweiler\">Hundehaufen-Reinigungsaktion in der H\u00f6llentalstra\u00dfe Littenweiler<\/a> &gt;Ehrenamt5 (9.6.2008)<\/li>\n<li><a href=\"https:\/\/www.freiburg-schwarzwald.de\/breitnau2.htm#Hunde haben auf Wiesen nichts zu verlieren\">Hunde haben auf Wiesen nichts zu verlieren<\/a> &gt;Breitnau2 (9.6.2008)<\/li>\n<li><a href=\"https:\/\/www.freiburg-schwarzwald.de\/hunde.htm#Hunde und L\u00e4ufer: Wei\u00df ich, was das Tier tut\">Hunde und L\u00e4ufer: Wei\u00df ich, was das Tier tut?<\/a> &gt;Hunde (19.5.2008)<\/li>\n<li><a href=\"https:\/\/www.freiburg-schwarzwald.de\/hunde.htm#Immer mehr Hundekot in der Landschaft: Landwirte fordern Infotafeln\">Immer mehr Hundekot in der Landschaft: Landwirte fordern Infotafeln<\/a> &gt;Hunde (22.4.2008)<\/li>\n<li><a href=\"https:\/\/www.freiburg-schwarzwald.de\/hunde.htm#Rettungshundestaffel des DRK 61-mal auf Menschensuche\">Rettungshundestaffel des DRK 61-mal auf Menschensuche<\/a> &gt;Hunde (8.1.2008)<\/li>\n<li><a href=\"https:\/\/www.freiburg-schwarzwald.de\/littenweiler\/littenweiler8.htm#Zaun am L\u00f6wen-Bolzplatz f\u00fcr unbeschwertes Spielen der Kinder\">Zaun am L\u00f6wen-Bolzplatz f\u00fcr unbeschwertes Spielen der Kinder<\/a> &gt;Littenweiler8 (21.9.2007)<\/li>\n<li><a href=\"https:\/\/www.freiburg-schwarzwald.de\/hunde.htm#Kein Platz f\u00fcr Fiffi in Freiburg - Pro und Contra\">Kein Platz f\u00fcr Fiffi in Freiburg &#8211; Pro und Contra<\/a> &gt;Hunde (25.7.2007)<\/li>\n<li><a href=\"https:\/\/www.freiburg-schwarzwald.de\/hunde.htm#Verhaltensbiologe Immanuel Birmelin wei\u00df, wie Hunde denken\">Verhaltensbiologe Immanuel Birmelin wei\u00df, wie Hunde denken<\/a> (11.4.2007)<\/li>\n<li><a href=\"https:\/\/www.freiburg-schwarzwald.de\/littenweiler\/dreisamtal1.htm#Hundekot an der Dreisam bei Ebnet\">Hundekot an der Dreisam bei Ebnet<\/a> &gt;Dreisamtal1 (7.7.2007)<\/li>\n<li><a href=\"https:\/\/www.freiburg-schwarzwald.de\/stmaergen2.htm#Pferdeseminare und Huskywanderungen im Holzschlag - Gamanam\">Pferdeseminare und Huskywanderungen im Holzschlag &#8211; Gamanam<\/a> &gt;StMaergen2 (30.6.2006)<\/li>\n<li><a href=\"https:\/\/www.freiburg-schwarzwald.de\/littenweiler\/umwelt2.htm#In FR 1,1 t Hundekot t\u00e4glich - Zoo Purkart sponsort Spender\">In FR 1,1 Tonnen Hundekot t\u00e4glich &#8211; Zoo Purkhart sponsort Spender<\/a> &gt;Umwelt2 (26.1.2006)<\/li>\n<li><a href=\"https:\/\/www.freiburg-schwarzwald.de\/tiere4.htm#DRK-Rettungshundestaffel Hochschwarzwald - 50 Eins\u00e4tze in 2005\">DRK-Rettungshundestaffel Hochschwarzwald &#8211; 50 Eins\u00e4tze in 2005<\/a> &gt;Tiere4 (4.1.2006)<\/li>\n<li><a href=\"https:\/\/www.freiburg-schwarzwald.de\/jagd.htm#Beste Nachsuchenh\u00fcndin von F\u00f6rster Stefan Mayer aus St.Blasien\">Beste Nachsuchenh\u00fcndin von F\u00f6rster Stefan Mayer aus St.Blasien<\/a> &gt;Jagd (20.6.2005)<\/li>\n<li><a href=\"https:\/\/www.freiburg-schwarzwald.de\/hilfe1.htm#Rettungshundestaffel Hochschwarzwald des DRK 2004\">Rettungshundestaffel Hochschwarzwald des DRK 2004<\/a> &gt;Hilfe1 (8.1.2005)<\/li>\n<li><\/li>\n<li><a href=\"https:\/\/www.freiburg-schwarzwald.de\/tierschutzverein.htm#Abseits ? Hilfe f\u00fcr Tier und Mensch in Freiburg\">Abseits \u2013 Hilfe f\u00fcr Tier und Mensch in L\u00f6ffingen-Dittishausen<\/a> &gt;Tierschutzverein<\/li>\n<li><a href=\"https:\/\/www.freiburg-schwarzwald.de\/hunde.htm#ANIMAgogik - MenschHund Erlebnis Welt\">ANIMAgogik &#8211; MenschHund Erlebnis Welt<\/a><\/li>\n<li><a href=\"https:\/\/www.freiburg-schwarzwald.de\/littenweiler\/wittental.htm#Bankenhof\">Berner Sennenhunde vom Bankenhof in Stegen<\/a> &gt;Wittental<\/li>\n<li>Freiburger Suchhunde (1.12.2012)<\/li>\n<li><a href=\"https:\/\/www.freiburg-schwarzwald.de\/hunde.htm#Hunde\">Hunde<\/a><\/li>\n<li><a href=\"https:\/\/www.freiburg-schwarzwald.de\/hunde.htm#Hundeschule Conny in Hartheim\">Hundeschule Conny in Hartheim<\/a><\/li>\n<li><a href=\"https:\/\/www.freiburg-schwarzwald.de\/hunde.htm#Hundeschule Kern in Emmendingen\">Hundeschule Kern in Emmendingen<\/a><\/li>\n<li><a href=\"https:\/\/www.freiburg-schwarzwald.de\/hunde.htm#Hundepension im Prissenhof im Dreisamtal\">Hundepension am Prissenhof im Dreisamtal<\/a><\/li>\n<li><a href=\"https:\/\/www.freiburg-schwarzwald.de\/hunde.htm#Hundeschule Gabi Scherle\">Hundeschule Gabi Scherle <\/a><\/li>\n<li><a href=\"https:\/\/www.freiburg-schwarzwald.de\/hunde.htm#TAPS Hundeschule in Gundelfingen\">Hundeschule TAPS in Gundelfingen<\/a><\/li>\n<li><a href=\"https:\/\/www.freiburg-schwarzwald.de\/hunde.htm#Hundeschule Ulrich in Opfingen\">Hundeschule Ulrich in Opfingen<\/a><\/li>\n<li><a href=\"https:\/\/www.freiburg-schwarzwald.de\/hunde.htm#Hundeschule Freiburg\">Theater mit dem Hund in Freiburg<\/a><\/li>\n<li><a href=\"https:\/\/www.freiburg-schwarzwald.de\/hunde.htm#Tierpsychologie Freiburg\">Tierpsychologie Freiburg<\/a><\/li>\n<li><\/li>\n<li><a title=\"Schafe\" href=\"https:\/\/www.freiburg-schwarzwald.de\/blog\/natur\/tiere\/schafe\/\">Schafe<\/a><\/li>\n<li><a href=\"https:\/\/www.freiburg-schwarzwald.de\/schlittenhunde.htm\">Schlittenhunderennen<\/a> &gt;Schlittenhunde<\/li>\n<li><a href=\"https:\/\/www.freiburg-schwarzwald.de\/hunde.htm#Wolfswinkel-Freiburg.de - Hunde in Freiburg\">Wolfswinkel-Freiburg.de &#8211; Hunde in Freiburg<\/a><\/li>\n<\/ul>\n<p>&nbsp;<\/p>\n<p><strong>Freiburger Suchhunde<\/strong><\/p>\n<p><span style=\"color: #000000;\"><a href=\"https:\/\/www.freiburg-schwarzwald.de\/blog\/natur\/tiere\/hunde\/suchhunde1freiburg121124\/\" rel=\"attachment wp-att-17084\"><img loading=\"lazy\" decoding=\"async\" class=\"alignnone size-thumbnail wp-image-17084\" title=\"suchhunde1freiburg121124\" src=\"https:\/\/www.freiburg-schwarzwald.de\/blog\/wp-content\/uploads\/2012\/04\/suchhunde1freiburg121124-135x180.jpg\" alt=\"\" width=\"135\" height=\"180\" srcset=\"https:\/\/www.freiburg-schwarzwald.de\/blog\/wp-content\/uploads\/2012\/04\/suchhunde1freiburg121124-135x180.jpg 135w, https:\/\/www.freiburg-schwarzwald.de\/blog\/wp-content\/uploads\/2012\/04\/suchhunde1freiburg121124.jpg 480w\" sizes=\"auto, (max-width: 135px) 100vw, 135px\" \/><\/a><\/span>\u00a0\u00a0\u00a0\u00a0\u00a0\u00a0\u00a0\u00a0\u00a0 <a href=\"https:\/\/www.freiburg-schwarzwald.de\/blog\/natur\/tiere\/hunde\/suchhunde2freiburg121124\/\" rel=\"attachment wp-att-17085\"><img loading=\"lazy\" decoding=\"async\" class=\"alignnone size-thumbnail wp-image-17085\" title=\"suchhunde2freiburg121124\" src=\"https:\/\/www.freiburg-schwarzwald.de\/blog\/wp-content\/uploads\/2012\/04\/suchhunde2freiburg121124-135x180.jpg\" alt=\"\" width=\"135\" height=\"180\" srcset=\"https:\/\/www.freiburg-schwarzwald.de\/blog\/wp-content\/uploads\/2012\/04\/suchhunde2freiburg121124-135x180.jpg 135w, https:\/\/www.freiburg-schwarzwald.de\/blog\/wp-content\/uploads\/2012\/04\/suchhunde2freiburg121124.jpg 480w\" sizes=\"auto, (max-width: 135px) 100vw, 135px\" \/><\/a>\u00a0\u00a0\u00a0\u00a0\u00a0\u00a0\u00a0\u00a0\u00a0 <a href=\"https:\/\/www.freiburg-schwarzwald.de\/blog\/natur\/tiere\/hunde\/suchhunde3freiburg121124\/\" rel=\"attachment wp-att-17086\"><img loading=\"lazy\" decoding=\"async\" class=\"alignnone size-thumbnail wp-image-17086\" title=\"suchhunde3freiburg121124\" src=\"https:\/\/www.freiburg-schwarzwald.de\/blog\/wp-content\/uploads\/2012\/04\/suchhunde3freiburg121124-135x180.jpg\" alt=\"\" width=\"135\" height=\"180\" srcset=\"https:\/\/www.freiburg-schwarzwald.de\/blog\/wp-content\/uploads\/2012\/04\/suchhunde3freiburg121124-135x180.jpg 135w, https:\/\/www.freiburg-schwarzwald.de\/blog\/wp-content\/uploads\/2012\/04\/suchhunde3freiburg121124.jpg 480w\" sizes=\"auto, (max-width: 135px) 100vw, 135px\" \/><\/a><br \/>\n(1)\u00a0\u00a01.12.2012<\/p>\n<p><a href=\"https:\/\/www.freiburg-schwarzwald.de\/blog\/natur\/tiere\/hunde\/suchhunde4freiburg121124\/\" rel=\"attachment wp-att-17087\"><img loading=\"lazy\" decoding=\"async\" class=\"alignnone size-thumbnail wp-image-17087\" title=\"suchhunde4freiburg121124\" src=\"https:\/\/www.freiburg-schwarzwald.de\/blog\/wp-content\/uploads\/2012\/04\/suchhunde4freiburg121124-139x180.jpg\" alt=\"\" width=\"139\" height=\"180\" srcset=\"https:\/\/www.freiburg-schwarzwald.de\/blog\/wp-content\/uploads\/2012\/04\/suchhunde4freiburg121124-139x180.jpg 139w, https:\/\/www.freiburg-schwarzwald.de\/blog\/wp-content\/uploads\/2012\/04\/suchhunde4freiburg121124.jpg 493w\" sizes=\"auto, (max-width: 139px) 100vw, 139px\" \/><\/a>\u00a0\u00a0\u00a0\u00a0\u00a0\u00a0\u00a0\u00a0\u00a0 <a href=\"https:\/\/www.freiburg-schwarzwald.de\/blog\/natur\/tiere\/hunde\/suchhunde5freiburg121124\/\" rel=\"attachment wp-att-17088\"><img loading=\"lazy\" decoding=\"async\" title=\"suchhunde5freiburg121124\" src=\"https:\/\/www.freiburg-schwarzwald.de\/blog\/wp-content\/uploads\/2012\/04\/suchhunde5freiburg121124-180x135.jpg\" alt=\"\" width=\"180\" height=\"135\" \/><\/a><br \/>\n(4)\u00a0\u00a0\u00a0\u00a0\u00a0\u00a0\u00a0\u00a0\u00a0\u00a0\u00a0\u00a0\u00a0\u00a0\u00a0\u00a0\u00a0\u00a0\u00a0\u00a0\u00a0\u00a0\u00a0\u00a0\u00a0\u00a0\u00a0\u00a0\u00a0\u00a0\u00a0\u00a0\u00a0\u00a0\u00a0\u00a0\u00a0\u00a0\u00a0\u00a0\u00a0\u00a0\u00a0\u00a0\u00a0\u00a0\u00a0\u00a0\u00a0\u00a0 (5) Suchhund trifft &#8222;normalen Spitz&#8220;<\/p>\n<p>(1) &#8211; (5) Am 1. Advent 1.12.2012 in der KaJo Freiburg: Die Suchhundestaffel Freiburg hat einen Stand aufgebaut, um bei eisiger K\u00e4lte zu informieren und zur Spende aufzufordern. Wichtig, da die Arbeit der Suchhunde nicht durch \u00f6ffentliche Mittel unterst\u00fctzt wird. Und Einsatzkleidung, Funkger\u00e4te, Pkws, Bergungsmaterial sind teuer.<\/p>\n<p><span style=\"color: #008000;\"><strong>Kto 10048753, BLZ 68050101, Sparkasse Freiburg N\u00f6rdlicher Breisgau<\/strong><\/span><\/p>\n<p>SuchHundeStaffel Freiburg e.V.<br \/>\nAlarmierung Tel 0049\/1727630512<br \/>\n<a href=\"https:\/\/www.freiburger-suchhunde.de\">www.freiburger-suchhunde.de<\/a><br \/>\n<a href=\"https:\/\/www.drv-rettungshunde.de\">www.drv-rettungshunde.de<\/a><\/p>\n<p>=============================================<\/p>\n<div id=\"attachment_101691\" style=\"width: 650px\" class=\"wp-caption alignnone\"><a href=\"https:\/\/www.freiburg-schwarzwald.de\/blog\/wp-content\/uploads\/2022\/06\/hund-anhaenger-pan220611.jpg\"><img loading=\"lazy\" decoding=\"async\" aria-describedby=\"caption-attachment-101691\" class=\"size-full wp-image-101691\" src=\"https:\/\/www.freiburg-schwarzwald.de\/blog\/wp-content\/uploads\/2022\/06\/hund-anhaenger-pan220611.jpg\" alt=\"\" width=\"640\" height=\"398\" srcset=\"https:\/\/www.freiburg-schwarzwald.de\/blog\/wp-content\/uploads\/2022\/06\/hund-anhaenger-pan220611.jpg 640w, https:\/\/www.freiburg-schwarzwald.de\/blog\/wp-content\/uploads\/2022\/06\/hund-anhaenger-pan220611-180x112.jpg 180w\" sizes=\"auto, (max-width: 640px) 100vw, 640px\" \/><\/a><p id=\"caption-attachment-101691\" class=\"wp-caption-text\">Hund zieht Anh\u00e4nger . genial am 11.6.2022<\/p><\/div>\n<p>&nbsp;<\/p>\n<p><strong>PoopMap &#8211; Hundehaufen im Internet<\/strong><br \/>\n6,7 Mio Hunde leben in Deutschland und \u00fcbernehmen in einer vereinsamenden Gesellschaft zunehmend soziale Funktionen. Doch die Kehrseite der Liebe zum Hund ist gewaltig: 5,5 Milliarden Hundehaufen j\u00e4hrlich sorgen f\u00fcr ein Tretminenfeld, zudem noch 400 Mio Gassibeutel mit einer Plastik-Halbwertszeit von 100erten von Jahren hinzukommen. Da sind die 300 Mio Euro Hundesteuereinnahmen machtlos. Der Beuteldiebstahl in Frankfurt hat die Stadt zum R\u00fcckbau der T\u00fctenspender veranla\u00dft Ob es die wasserl\u00f6slichen Dogtoi (12 giftgr\u00fcne Beutel f\u00fcr stolze 1,99 Euro) f\u00fcr umweltbewu\u00dfte Frauchen und Herrchen die Revolution bringen?<br \/>\nHamburg als heimliche Hauptstadt der Haufen dokumentiert die Beutel neuerdings im Internet unter <a href=\"https:\/\/www.poopmap.de\/deutsch\/\">https:\/\/www.poopmap.de\/deutsch\/<\/a>: &#8222;Finde und fotografiere mit deinem Smartphone so viele Hundekotbeutel wie m\u00f6glich und lade die Fotos hoch. Das Ergebnis wird eine eindrucksvolle Karte mit Fotos von allen Teilnehmern. Wichtig: Die Fotos brauchen einen GPS-Tag\/&#8220;Standort&#8220; um auf der Karte angezeigt zu werden.&#8220; \u00dcber so viel Kreativit\u00e4t bei der Wildentsorgung der Hundekotbeutel kann man bei den Bildern nur staunen. Da meldet Berlin schon ein neues Problem &#8211; die Wildpinkler. Als L\u00f6sung dienen offene Urinale, wo sich die St\u00e4dter nun dankbar erleichtern m\u00f6gen. Ganz so wie die vierbeinigen Freunde.<br \/>\n27-6-2015<br \/>\nHunde sind keine Haustiere, sie brauchen Auslauf. Hunde sind keine Stadttiere, sie benutzen keine Hundeklos. Ein Mensch, der auf fremde Menschen zurennt, sie ankl\u00e4fft, beschnuppert, anspringt, auf die Stra\u00dfe schei\u00dft, k\u00e4me in die Psychiatrie. Fr\u00fcher wurden Hunde umz\u00e4unt, jetzt Kinder zum Schutz vor Hunden. Wer falsch parkt, wird identifiziert. Hundebesitzer lassen Hunde auch in Verbotszonen unangeleint laufen, schei\u00dfen. Wenige Hundebesitzer tyrannisieren die Mehrheit der Nichthundebesitzer. Nirgendwo sonst in der Welt, die wir besuchten, lag so viel Hundeschei\u00dfe wie in Deutschen Gro\u00dfst\u00e4dten. Wer sich einen Hund anschafft, sollte ein Hundeauslaufgebiet nachweisen m\u00fcsse.<br \/>\n28.6.2015, G.Fried<\/p>\n<p>.<br \/>\n<strong>Rottweiler verletzt 15-j\u00e4hriges M\u00e4dchen in FR-Landwasser schwer<br \/>\n<\/strong>Ein 60 Kilogramm schwerer Rottweiler hat am Dienstag im Freiburger Stadtteil Landwasser eine 15-J\u00e4hrige angefallen und schwer verletzt. Das M\u00e4dchen erlitt Bisswunden an Gesicht und K\u00f6rper und befindet sich noch im Krankenhaus. &#8230;<br \/>\n&#8230; Alles vom 29.11.2014 bitte lesen auf<br \/>\n<a href=\"https:\/\/www.badische-zeitung.de\/rottweiler-verletzt-15-jaehriges-maedchen-schwer\">https:\/\/www.badische-zeitung.de\/rottweiler-verletzt-15-jaehriges-maedchen-schwer<\/a><\/p>\n<p><strong>K\u00f6rperliche \u00dcbergriffe werden in D nicht geahndet<\/strong><br \/>\n&#8222;Die Halterin mache sich schwere Vorw\u00fcrfe [&#8230;]&#8220; Ja, hinterher kommt immer das gro\u00dfe Gejammere, aber wehe man spricht die Leute darauf an, dass ihr Tier nicht angeleint ist. Rottweiler, Kampfhund, nicht angeleint. Noch Fragen? Ich h\u00e4tte da welche.<br \/>\n&#8211; Warum will die Justiz die Halterin nicht zur Verantwortung ziehen?<br \/>\n&#8211; Besteht in Baden-W\u00fcrttemberg nicht ohnehin Leinenzwang f\u00fcr Kampfhunde? (<a class=\"normalPfeil\" href=\"https:\/\/www.finanzen.de\/tierhalterhaftpflicht\/hundehaftpflicht\/hundesteuer-baden-wuerttemberg\" target=\"_blank\" rel=\"noopener\">https:\/\/www.finanzen.de\/tierhalterhaftpflicht\/hundehaftpflicht\/hundesteuer-baden-wuerttemberg<\/a>)<br \/>\n&#8211; Warum darf sie das Tier \u00fcberhaupt behalten? (Warum will sie das Tier \u00fcberhaupt behalten?)<br \/>\n&#8211; Wer kontrolliert, ob das Tier jetzt immer einen Maulkorb tr\u00e4gt?<br \/>\n&#8211; Warum werden k\u00f6rperliche \u00dcbergriffe in unserem &#8222;Rechtsstaat&#8220; (ganz allgemein) weniger verfolgt und bestraft als Steuerhinterziehung oder Diebstahl?<br \/>\nWenn ich gleichzeitig lesen muss, dass man Schwarzfahrer h\u00e4rter bestrafen will oder Leuten mit zehn Mann die Bude gest\u00fcrmt wird, weil sie drei Links zu urheberrechtlich gesch\u00fctzten Dingen verteilt haben wird mir echt schlecht. Daf\u00fcr scheint das n\u00f6tige &#8222;\u00f6ffentliche Interesse&#8220; vorhanden zu sein.<br \/>\n29.11.2014, Markus Vonderstra\u00df<\/p>\n<p><strong>Ein Rottweiler kommt einer Waffe gleich.<\/strong><br \/>\nWer einen Rottweiler ohne anzuleinen in einem Wohngebiet (und zudem N\u00e4he Spielpl\u00e4tze) laufen l\u00e4sst, zeigt eindeutig da\u00df er (oder sie) einen abnormalen Charakter besitzt. Ihm\/ihr sollte der Umgang mit Hunden untersagt werden. Die Mutter, die sich anscheinend mehr um den Rottweiler der neuen Freundin sorgt als um ihr eigenes, f\u00fcr das Leben entstelltes Kind im Krankenhaus, hatte ebenfalls einen nicht angeleinten Hund. Hier sollte das Jugendamt dringend t\u00e4tig werden und die Geeignetheit der Mutter als solche zu \u00fcberpr\u00fcfen.<br \/>\n29.11.2014, Manuel Rosenthal-Sch\u00f6pflin<\/p>\n<p>&nbsp;<\/p>\n<p>&nbsp;<\/p>\n<p><strong>Hunde haben auf den Feldern nichts verloren \u2013 Teningen plant Kontrollen<\/strong><\/p>\n<p>Freilaufende Hunde haben auf landwirtschaftlichen Fl\u00e4chen zu dieser Jahreszeit nichts verloren \u2013 und schon gar nichts zu hinterlassen. Auf dieses Problem weist die Gemeindeverwaltung Teningen in einer Pressemitteilung hin.<br \/>\nAlles vom 18.4.2013 bitte lesen auf<br \/>\n<a href=\"https:\/\/www.badische-zeitung.de\/hunde-haben-auf-den-feldern-nichts-verloren-teningen-plant-kontrollen\">https:\/\/www.badische-zeitung.de\/hunde-haben-auf-den-feldern-nichts-verloren-teningen-plant-kontrollen<br \/>\n<\/a>\u00a0.<br \/>\n<strong>Unkenntnis der Hundebesitzer<\/strong><br \/>\nIch wundere mich doch sehr \u00fcber die Unkenntnis und das Unverst\u00e4ndnis der Hunderbesitzer, die sich hier aufregen, wenn auf das leidige Thema Hundekot aufgerollt wird. Hundekot kann bekanntlich K\u00fche krank machen, indem der Kot \u00fcber das Futter (Gras oder Heu) von den K\u00fchen aufgenommen wird. Die K\u00fche infizieren sich und es kommt zu Fehlgeburten, sinkender Milchleistung, die K\u00fche k\u00f6nnen sogar verenden. Es gibt gegen diese Infektionen \u00fcber Hundekot kein Heilmittel und keine Impfung. Der Landwirt hat das Nachsehen! Und das alles &#8222;nur&#8220; weil Hundehalter ihre Hunde frei laufen und sie in die Wiesen kacken lassen. Daf\u00fcr haben wir gesetzliche Regelungen, und wer einen Hund h\u00e4lt, sollte so viel wissen, da\u00df er sich dran h\u00e4lt. Ich finde es absolut richtig, da\u00df Teningen etwas unternimmt, um die Landwirte zu unterst\u00fctzen. &#8230;.<br \/>\nFelder und Wiesen dienen der <a title=\"Ernaehrung\" href=\"https:\/\/www.freiburg-schwarzwald.de\/blog\/natur\/ernaehrung\/\">Nahrungsmittelerzeugung<\/a>. Es ist doch extrem unhygienisch, wenn Hunde ihr Gesch\u00e4ft hinterlassen, wo nachher eine Erntemaschine dr\u00fcberf\u00e4hrt und z.B. Getreide drischt, das zu Brot verbacken wird. Ganz zu schweigen von Gem\u00fcsefeldern. Wir m\u00fcssen doch hier nicht \u00fcber den Sinn oder die Richtigkeit eines Gesetzes diskutieren.<br \/>\n18.4.2013, Marianne Schulz<\/p>\n<p><strong>Die Landwirte sollten selbst entscheiden k\u00f6nnen<\/strong><br \/>\nDie Landwirte sollten selbst entscheiden k\u00f6nnen ob sie Hundekot auf ihren Feldern haben wollen oder nicht. Ich wei\u00df nicht wie man auf die Idee kommen kann ihnen vorschreiben zu wollen was sie auf ihren Feldern zu tolerieren haben und was nicht. Wie kann man bitte so eine Art Recht auf ein Hundeklo im Mais fordern?<br \/>\n18.4.2013, Ralph Walchner<\/p>\n","protected":false},"excerpt":{"rendered":"<p>Home &gt;Natur &gt;Tiere &gt;Hunde Listenauswahl eines Beitrags: Bitte anklicken oder runterscrollen Als erster Therapiebegleithund darf Balou auf die Intensivstation des Josefskrankenhauses (15.1.2025) https:\/\/www.freiburg-schwarzwald.de\/blog\/hunde-und-hundehalter\/ (20.10.2018) https:\/\/www.freiburg-schwarzwald.de\/blog\/huetehunde-schafe-st-peter\/ (26.7.2016) PoopMap &#8211; Hundehaufen im Internet (27.6.2015) Rottweiler verletzt 15-j\u00e4hriges M\u00e4dchen in FR-Landwasser schwer (29.11.2014) &hellip; <a href=\"https:\/\/www.freiburg-schwarzwald.de\/blog\/natur\/tiere\/hunde\/\">Weiterlesen <span class=\"meta-nav\">&rarr;<\/span><\/a><\/p>\n","protected":false},"author":2,"featured_media":0,"parent":256,"menu_order":0,"comment_status":"open","ping_status":"closed","template":"","meta":{"footnotes":""},"class_list":["post-1079","page","type-page","status-publish","hentry"],"_links":{"self":[{"href":"https:\/\/www.freiburg-schwarzwald.de\/blog\/wp-json\/wp\/v2\/pages\/1079","targetHints":{"allow":["GET"]}}],"collection":[{"href":"https:\/\/www.freiburg-schwarzwald.de\/blog\/wp-json\/wp\/v2\/pages"}],"about":[{"href":"https:\/\/www.freiburg-schwarzwald.de\/blog\/wp-json\/wp\/v2\/types\/page"}],"author":[{"embeddable":true,"href":"https:\/\/www.freiburg-schwarzwald.de\/blog\/wp-json\/wp\/v2\/users\/2"}],"replies":[{"embeddable":true,"href":"https:\/\/www.freiburg-schwarzwald.de\/blog\/wp-json\/wp\/v2\/comments?post=1079"}],"version-history":[{"count":3,"href":"https:\/\/www.freiburg-schwarzwald.de\/blog\/wp-json\/wp\/v2\/pages\/1079\/revisions"}],"predecessor-version":[{"id":129983,"href":"https:\/\/www.freiburg-schwarzwald.de\/blog\/wp-json\/wp\/v2\/pages\/1079\/revisions\/129983"}],"up":[{"embeddable":true,"href":"https:\/\/www.freiburg-schwarzwald.de\/blog\/wp-json\/wp\/v2\/pages\/256"}],"wp:attachment":[{"href":"https:\/\/www.freiburg-schwarzwald.de\/blog\/wp-json\/wp\/v2\/media?parent=1079"}],"curies":[{"name":"wp","href":"https:\/\/api.w.org\/{rel}","templated":true}]}}