{"id":10770,"date":"2012-09-12T09:38:27","date_gmt":"2012-09-12T07:38:27","guid":{"rendered":"https:\/\/www.freiburg-schwarzwald.de\/blog\/?page_id=10770"},"modified":"2018-11-21T10:49:38","modified_gmt":"2018-11-21T09:49:38","slug":"bachpaten","status":"publish","type":"page","link":"https:\/\/www.freiburg-schwarzwald.de\/blog\/regio\/fluss\/bachpaten\/","title":{"rendered":"Bachpaten"},"content":{"rendered":"<p>Home &gt;<a title=\"Wasser\" href=\"https:\/\/www.freiburg-schwarzwald.de\/blog\/natur\/wasser\/\">Wasser<\/a> &gt;<a title=\"Regio\" href=\"https:\/\/www.freiburg-schwarzwald.de\/blog\/regio\/\">Regio<\/a> &gt;<a title=\"Fluss\" href=\"https:\/\/www.freiburg-schwarzwald.de\/blog\/regio\/fluss\/\">Fluss<\/a>\u00a0&gt;<a title=\"Dreisam\" href=\"https:\/\/www.freiburg-schwarzwald.de\/blog\/regio\/fluss\/dreisam\/\">Dreisam<\/a> &gt;Bachpaten<\/p>\n<div id=\"attachment_9278\" style=\"width: 649px\" class=\"wp-caption alignnone\"><a href=\"https:\/\/www.freiburg-schwarzwald.de\/blog\/regio\/fluss\/dreisam\/dreisam-steine-pan120813\/\" rel=\"attachment wp-att-9278\"><img loading=\"lazy\" decoding=\"async\" aria-describedby=\"caption-attachment-9278\" class=\"size-full wp-image-9278\" title=\"dreisam-steine-pan120813\" src=\"https:\/\/www.freiburg-schwarzwald.de\/blog\/wp-content\/uploads\/2012\/08\/dreisam-steine-pan120813.jpg\" alt=\"\" width=\"639\" height=\"208\" srcset=\"https:\/\/www.freiburg-schwarzwald.de\/blog\/wp-content\/uploads\/2012\/08\/dreisam-steine-pan120813.jpg 639w, https:\/\/www.freiburg-schwarzwald.de\/blog\/wp-content\/uploads\/2012\/08\/dreisam-steine-pan120813-180x58.jpg 180w\" sizes=\"auto, (max-width: 639px) 100vw, 639px\" \/><\/a><p id=\"caption-attachment-9278\" class=\"wp-caption-text\">Zwei Stein-Seen als Bad f\u00fcr Kinder in der Dreisam am 13.8.2012<\/p><\/div>\n<ul>\n<ul>\n<li><a href=\"https:\/\/www.freiburg-schwarzwald.de\/littenweiler\/bachpaten.htm#Bachpatenschaften in Freiburg\">Bachpatenschaften Freiburg<\/a><\/li>\n<li><a href=\"https:\/\/www.freiburg-schwarzwald.de\/blog\/bachpaten-nistkasten-kontrolle\/\">https:\/\/www.freiburg-schwarzwald.de\/blog\/bachpaten-nistkasten-kontrolle\/<\/a> (21.11.2018)<\/li>\n<li><a href=\"https:\/\/www.freiburg-schwarzwald.de\/springkraut.htm#Bachpaten: Springkraut, Neophyten-Netzwerk, US-Jugendgruppen im Juli\">Bachpaten: Springkraut, Neophyten-Netzwerk, US-Jugendgruppen im Juli<\/a> &gt;Springkraut (15,3,)<\/li>\n<li><a href=\"https:\/\/www.freiburg-schwarzwald.de\/ehrenamt4.htm#B\u00fcrgerpreis 2009 belohnt kulturelles Engagement im Ehrenamt\">B\u00fcrgerpreis 2009 f\u00fcr Bachpaten<\/a> &gt;Ehrenamt4 (24.4.2009)<\/li>\n<li><a href=\"https:\/\/www.freiburg-schwarzwald.de\/littenweiler\/welchental.htm#Gew\u00e4sserpflege ehrenamtlich - Ufergeh\u00f6lze schneiden\">Gew\u00e4sserpflege ehrenamtlich &#8211; Ufergeh\u00f6lze schneiden<\/a> &gt;Welchental (16.2.2009)<\/li>\n<li><a href=\"https:\/\/www.freiburg-schwarzwald.de\/littenweiler\/bachpaten.htm#Freiburg packt an - Fusion mit den Bachpaten\">Freiburg packt an &#8211; Fusion mit den Bachpaten<\/a> &gt;Bachpaten (13.11.2008)<\/li>\n<li><a href=\"https:\/\/www.freiburg-schwarzwald.de\/littenweiler\/bachpaten.htm#Pflanzaktionen der Bachpaten im Rahmen von Freiburg packt an\">Pflanzaktionen der Bachpaten im Rahmen von &#8222;Freiburg packt an&#8220;<\/a> &gt;Bachpaten (11.11.2008)<\/li>\n<li><a href=\"https:\/\/www.freiburg-schwarzwald.de\/littenweiler\/bachpaten.htm#Jugendliche aus den USA bringen die Freiburger Natur auf Vordermann\">Jugendliche aus den USA bringen die Freiburger Natur auf Vordermann<\/a> &gt;Bachpaten (17.7.2008)<\/li>\n<li><a href=\"https:\/\/www.freiburg-schwarzwald.de\/neophyten.htm#Bienen stehen aufs Springkraut - Natursch\u00fctzer nicht\">Bienen stehen aufs Springkraut &#8211; Natursch\u00fctzer nicht<\/a> &gt;Neophyten (10.7.2008)<\/li>\n<li><a href=\"https:\/\/www.freiburg-schwarzwald.de\/neophyten.htm#Kampf dem Staudenkn\u00f6terich\">Kampf dem Staudenkn\u00f6terich<\/a> &gt;Neophyten (27.10.2007)<\/li>\n<li><a href=\"https:\/\/www.freiburg-schwarzwald.de\/littenweiler\/bach.htm#Bachpaten Freiburg -Umzug ins Technische Rathaus\">Bachpaten Freiburg -Umzug ins Technische Rathaus<\/a> &gt;Bach (21.6.2007)<\/li>\n<li><a href=\"https:\/\/www.freiburg-schwarzwald.de\/littenweiler\/umwelt3.htm#F\u00f6rderverein Bachpaten erh\u00e4lt in Stuttgart den Landesnaturschutzpreis\">F\u00f6rderverein Bachpaten erh\u00e4lt in Stuttgart den Landesnaturschutzpreis<\/a> &gt;Umwelt3 (13.3.2007)<\/li>\n<li><a href=\"https:\/\/www.freiburg-schwarzwald.de\/wald4.htm#Erlen von Pilz befallen: Auch Best\u00e4nde im Breisgau sind infiziert\">Erlen von Pilz befallen: Auch Best\u00e4nde im Breisgau sind infiziert<\/a> &gt;Wald4 (6,2,2007)<\/li>\n<li><a href=\"https:\/\/www.freiburg-schwarzwald.de\/littenweiler\/umwelt2.htm#Bachpaten Freiburg: Wieder Besuch aus Amerika\">Bachpaten Freiburg: Wieder Besuch aus Amerika<\/a> &gt;Umwelt2 (15.4.2006)<\/li>\n<li><a href=\"https:\/\/www.freiburg-schwarzwald.de\/littenweiler\/bach.htm\">B\u00e4che in Freiburg<\/a> &gt;Bach<\/li>\n<li><a title=\"Baechle-Kunst\" href=\"https:\/\/www.freiburg-schwarzwald.de\/blog\/kultur\/kunst\/baechle-kunst\/\">Baechle<\/a><\/li>\n<\/ul>\n<\/ul>\n<ul>\n<li><a title=\"Dreisam-Renaturierung\" href=\"https:\/\/www.freiburg-schwarzwald.de\/blog\/regio\/fluss\/dreisam\/dreisam-renaturierung\/\">Dreisam-Renaturierung<\/a><\/li>\n<li><a href=\"https:\/\/www.freiburg-schwarzwald.de\/neophyten.htm\">Neophyten<\/a> &gt;Neophyten<\/li>\n<\/ul>\n<p>&nbsp;<\/p>\n<p>&nbsp;<\/p>\n<p align=\"left\"><strong>Bachpatenschaften in Freiburg<\/strong><\/p>\n<p align=\"left\">Schulklassen, Firmen, Personen, &#8230; \u00fcbernehmen Patenschaften von <a href=\"https:\/\/www.freiburg-schwarzwald.de\/littenweiler\/bach.htm\">B\u00e4chen<\/a>, Flu\u00dfabschnitten und Biotopen. Noch frei: Der Bach entlang der Sonnenbergstrasse in Littenweiler sowie der Gewerbebach (beim Sandfang)<br \/>\nBachpatenschaften e.V., Postfach 1575, 79015 Freiburg, Tel 0761\/201-4456, Fax 201-4499<br \/>\nMitgliederzahl: 64,<br \/>\nHella Heuer-Klug, Biologin und Projektleiterin, <a href=\"mailto:Hella.Heuer-Klug@stadt.freiburg.de\">Hella.Heuer-Klug@stadt.freiburg.de<\/a><br \/>\nVorsitzende Hella Heuer-Klug, stellvertretender Vorsitzender Thomas Pantel, Schatzmeisterin Marion Klank, Schriftf\u00fchrerin Ulrike Stephan, Beisitzer Berthold Krieger und Silke Wrana (alle wie bisher).<br \/>\nTermine: Ausstellung bei der Badenmesse (14. bis 16. September), Ausrichtung der deutschlandweiten Bachpaten-Tagung (22.\/23. Oktober 2007).<br \/>\nMitgliederzahl: 67.<\/p>\n<p>F\u00f6rderverein Bachpatenschaften Freiburg e.V.<br \/>\nSundgauallee 25, 79114 Freiburg<br \/>\n<a href=\"https:\/\/www.bachpaten-freiburg.de\/\">www.bachpaten-freiburg.de<\/a><br \/>\n<a href=\"https:\/\/www.bachpaten-freiburg.de\/erle\" target=\"_blank\">www.bachpaten-freiburg.de\/erle<\/a><\/p>\n<p>Eigenbetrieb Stadtentw\u00e4sserung und F\u00f6rderverein Bachpatenschaften Freiburg e.V.<br \/>\nc\/o Technisches Rathaus, GuT<br \/>\nFrau Heuer-Klug, Frau Borodko-Schmidt, Frau Mousselon<br \/>\nTel 0761 \/ 2014 -456<br \/>\ne-Mail:\u00a0<a href=\"mailto:Hella.Heuer-Klug@stadt.freiburg.de\">Hella.Heuer-Klug@stadt.freiburg.de<\/a> und <a href=\"mailto:Monika.Borodko-Schmidt@stadt.freiburg.de\">Monika.Borodko-Schmidt@stadt.freiburg.de<\/a><br \/>\n<a href=\"mailto:kontakt@bachpaten-freiburg.de\">kontakt@bachpaten-freiburg.de<\/a><\/p>\n<p>&nbsp;<\/p>\n<p><strong>Freiburg packt an &#8211; Fusion mit den Bachpaten<\/strong><\/p>\n<p>Dieser Tage fand die diesj\u00e4hrige Mitgliederversammlung des &#8222;F\u00f6rdervereins Bachpatenschaften Freiburg&#8220; statt. Als Grund f\u00fcr den sp\u00e4ten Termin gab die Vereinsvorsitzende Hella Heuer-Klug den Umzug der &#8222;Bachpaten&#8220; ins Technische Rathaus an und die damit verbundenen Umstrukturierungen: &#8222;Seit Januar 2008 sind die Bachpaten nicht mehr beim Eigenbetrieb Stadtentw\u00e4sserung sondern beim Garten- und Tiefbauamt angesiedelt&#8220;, erkl\u00e4rte die Biologin den 20 anwesenden Vereinsmitgliedern. Mit diesem r\u00e4umlichen Umzug habe sich auch das Aufgabenfeld der Bachpaten ver\u00e4ndert: &#8222;Wir sind jetzt auch f\u00fcr die Aktion <a href=\"https:\/\/www.freiburg-schwarzwald.de\/littenweiler\/stadtfreiburg.htm#Freiburg packt an\">,Freiburg packt an\u2019<\/a> zust\u00e4ndig&#8220;, betonte Heuer-Klug. Nach dem altersbedingten Ausscheiden von Harald Rehbein, der bisher beim Garten- und Tiefbauamt f\u00fcr dieses Projekt zust\u00e4ndig war, sei es sinnvoll erschienen, Bachpaten und &#8222;Freiburg packt an&#8220; n\u00e4her zusammenzuf\u00fchren: &#8222;Es gibt da n\u00e4mlich zahlreiche \u00dcberschneidungen.&#8220; Mit der Fusionierung von Bachpaten und &#8222;Freiburg packt an&#8220; soll auch der Bachpaten-F\u00f6rderverein einen neuen Zuschnitt erhalten: &#8222;Es ist fast unm\u00f6glich, nach der Fusion beider Projekte im Rathaus die T\u00e4tigkeit des F\u00f6rdervereins strikt nach ,Bachpatenschaften\u2019 und ,Freiburg packt an\u2019 zu trennen&#8220;, begr\u00fcndete die Vereinsvorsitzende die geplanten \u00c4nderungen. Aus diesem Grund statteten die anwesenden Mitglieder den Vorstand mit einem Auftrag aus: Der Vorstand soll kl\u00e4ren, welche Schritte notwendig sind, um die Aktivit\u00e4ten des Bachpaten-F\u00f6rdervereins auch auf \u00f6kologisch ausgerichtete Inhalte des Projekts &#8222;Freiburg packt an&#8220; auszudehnen. &#8222;Wenn wir den Vereinszweck erweitern, k\u00f6nnte das auch eine M\u00f6glichkeit sein, weitere Mitgliederkreise zu erschlie\u00dfen&#8220;, sagte Gr\u00fcndungsmitglied Berthold Krieger bei der anschlie\u00dfenden Diskussion. Das Vorhaben sei daher durchaus als &#8222;Chance&#8220; zu sehen. Allerdings m\u00fcsse bei der konkreten Ausgestaltung darauf geachtet werden, dass die unmittelbare Bachpatenarbeit keine Nachteile erleide. Im zur\u00fcckliegenden Vereinsjahr beliefen sich die Leistungen des F\u00f6rdervereins auf 13 500 Euro; vorwiegend durch die kostenlose Ausleihe des vereinseigenen Bachpatenmobils, aber auch f\u00fcr die Anschaffung von Nisthilfen und sonstigen Ger\u00e4tschaften. Ein besonderes Ereignis sei 2007 zudem die Auszeichnung der Bachpatenarbeit mit dem Landesnaturschutzpreis gewesen.<br \/>\n13.11.2008, Andreas Braun<\/p>\n<p>&nbsp;<br \/>\n<strong>Pflanzaktionen der Bachpaten im Rahmen von &#8222;Freiburg packt an&#8220;<\/strong><\/p>\n<div id=\"attachment_10774\" style=\"width: 190px\" class=\"wp-caption alignnone\"><a href=\"https:\/\/www.freiburg-schwarzwald.de\/blog\/regio\/fluss\/bachpaten\/freiburg-packt-an0811\/\" rel=\"attachment wp-att-10774\"><img loading=\"lazy\" decoding=\"async\" aria-describedby=\"caption-attachment-10774\" class=\"size-thumbnail wp-image-10774\" title=\"freiburg-packt-an0811\" src=\"https:\/\/www.freiburg-schwarzwald.de\/blog\/wp-content\/uploads\/2012\/09\/freiburg-packt-an0811-180x135.jpg\" alt=\"\" width=\"180\" height=\"135\" srcset=\"https:\/\/www.freiburg-schwarzwald.de\/blog\/wp-content\/uploads\/2012\/09\/freiburg-packt-an0811-180x135.jpg 180w, https:\/\/www.freiburg-schwarzwald.de\/blog\/wp-content\/uploads\/2012\/09\/freiburg-packt-an0811.jpg 640w\" sizes=\"auto, (max-width: 180px) 100vw, 180px\" \/><\/a><p id=\"caption-attachment-10774\" class=\"wp-caption-text\">Die roten M\u00fctze von &#8222;Freiburg packt an&#8220; 11\/2008Bild: Helga Heuer-Klug<\/p><\/div>\n<p><span style=\"font-family: Arial; font-size: x-small;\">An den drei \u00d6rtlichkeiten Jugendverkehrsschule, Mundenhof, Alter Friedhof waren folgende Gruppen f\u00fcr <a href=\"https:\/\/www.freiburg-schwarzwald.de\/littenweiler\/stadtfreiburg.htm#Freiburg packt an\">&#8222;Freiburg packt an&#8220;<\/a>\u00a0 engagiert: Calvary Chapel, Clara-Grunwald-Schule (3 Klassen), Lorettoschule (1 Klasse), Turnseeschule (2 Klassen), Vigeliusschule 2 (1 Klasse), KonTiKi-Kindergruppe<br \/>\nInsgesamt nahmen etwa 200 Freiwillige teil.<\/span><\/p>\n<p>Aktionen: Pflanzen von Blumenzwiebeln: Schneegl\u00f6ckchen, Winterlinge, Lerchensporn, Blaustern, Krokusse<br \/>\nJugendverkehrsschule: 4.500 St\u00fcck insgesamt<br \/>\nMundenhof:\u00a0 10.650 St\u00fcck insgesamt<br \/>\nAlter Friedhof: 6.000 Krokusse<br \/>\nZu Beginn der einzelnen Pflanzaktionen wurden den Teilnehmern mit gro\u00dfen Bildern die Pflanzen vorgestellt und die \u00f6kologische Bedeutung von Fr\u00fchbl\u00fchern f\u00fcr fr\u00fch fliegende Insekten wie einige Wildhummelarten erl\u00e4utert. Auch auf Besonderheiten wie Nektarien oder Elaiosomen wurde hingewiesen. Ferner wurde darauf hingewiesen, dass es grunds\u00e4tzlich 2 Vermehrungs- und Verbreitungsstrategien gibt: Samen (mit Elaiosomen, damit Ameisen die Samen verschleppen) bzw. Zwiebelknospung, die zu einer Verdichtung der Best\u00e4nde an Ort und Stelle in den Folgejahren f\u00fchrt.<br \/>\nUnterschiedliche Pflanztechniken: Spatenschlag, Sodenaushub, einzelne Bohrl\u00f6cher &#8211; je nach Beschaffenheit des Bodens<br \/>\nAktion am 8.11.08:<br \/>\nAlter Friedhof, Begr\u00fc\u00dfung durch den ehemaligen Amtsleiter (Gartenamt) Bernhard Utz: Klasse 3 a der Turnseeschule (18 Kinder und Frau Lissek-Voigtel);<br \/>\nEinsatzleitung: Monika Borodko-Schmidt;<br \/>\nHelfer: Markus Kuhn (F\u00d6J) sowie Johann Beischer und Guilherme Vorrath de Melo (aus Brasilien)<\/p>\n<p>10.11.2008, Hella Heuer-Klug, F\u00f6rderverein Bachpatenschaften Freiburg e.V.<\/p>\n<p>&nbsp;<\/p>\n<p align=\"left\"><strong>Jugendliche aus den USA bringen die Freiburger Natur auf Vordermann<\/strong><\/p>\n<p>Noch bis Ende Juli machen insgesamt 1800 amerikanische Jugendliche in Freiburg Station: Sie sind Teilnehmer am Programm &#8222;People to people&#8220; (&#8222;Menschen zu Menschen&#8220;), bei dem jedes Jahr tausende Sch\u00fcler aus den Vereinigten Staaten nach Europa kommen. Ihre 30-t\u00e4gige Reise beginnt in England und endet in der Schweiz. Neben dem Kennenlernen von Land und Leuten steht auch gemeinn\u00fctzige Arbeit auf dem Plan: In Freiburg helfen sie beim Biotopschutz und der Pflege von Gr\u00fcnanlagen mit.<\/p>\n<p>Trotz Nieselregens sind gut zwei Dutzend jugendlicher Amerikaner am Kappler Sportplatz mit Eifer dabei, Wucherpflanzen zu entfernen und Langgras abzutransportieren, wof\u00fcr die Stadt Freiburg kein Geld mehr hat. &#8222;Solche Arbeiten in der Natur machen uns viel Spa\u00df&#8220;, sagt Lilia West. Wie ihre ebenfalls 17-j\u00e4hrige Freundin Mandy Hartford ist sie im US-amerikanischen Bundesstaat Connecticut zu Hause und erstmals in Deutschland. Die Natursch\u00fctzer sind buchst\u00e4blich auf der Durchreise: Insgesamt 43 Gruppen mit zusammen 1800 Teilnehmern schauen zwischen Ende Juni und Ende Juli tageweise in Freiburg vorbei. Die Gruppe von Lilia und Mandy kommt aus Karlsruhe, hat vorhin im Waldsee restaurant gegessen und \u00fcbernachtet nach dem Wucherpflanzenrupfen in einem Hotel. Am n\u00e4chsten Tag geht es weiter in die Schweiz. Manchmal sind die amerikanischen Besucher auch in Gastfamilien untergebracht. &#8222;Wir sind solches Engagement von zu Hause gewohnt&#8220; , erl\u00e4utert der 15-j\u00e4hrige Eric Guiliano: In den Vereinigten Staaten sei es \u00fcblich, w\u00e4hrend der Schulzeit gemeinn\u00fctzige Arbeiten abzuleisten, wof\u00fcr man dann im Gegenzug Punkte f\u00fcr sein Studium angerechnet bekomme. Und beim Umweltschutz engagiert sich Eric nach eigenem Bekunden besonders gern. &#8222;Unser Land tut bekanntlich zu wenig f\u00fcr den Klimaschutz, also wollen wir etwas f\u00fcr den Erhalt der Natur in Deutschland tun&#8220;, scherzt er. Dass die drei Jugendlichen ebenso wie der Rest der Gruppe auffallend freundlich und hilfsbereit sind, ist kein Zufall: &#8222;Es handelt sich um ausgew\u00e4hlte Jugendliche, die ihr Land w\u00fcrdig repr\u00e4sentieren k\u00f6nnen&#8220;, erl\u00e4utert Susan Paradis. Schon seit 17 Jahren ist die Lehrerin als Betreuerin dabei. Die Teilnahme am People-to-People-Projekt sei sehr begehrt; viele Sch\u00fcler w\u00fcrden in ihrer Freizeit lange daf\u00fcr arbeiten, um sich die Reise nach Europa leisten zu k\u00f6nnen. Die st\u00e4dtische Mitarbeiterin Hella Heuer-Klug von den Freiburger Bachpaten freut sich jedenfalls \u00fcber die helfenden H\u00e4nde zum Nulltarif: &#8222;Seit sechs Jahren kommen jeden Sommer amerikanische Jugendliche nach Freiburg, da kann man schon was machen&#8220; , meint die Biologin. Zirka 40 Tonnen eingeschleppter Problempflanzen wie Indisches Springkraut oder Japan-Kn\u00f6terich, die einheimische Arten an Gew\u00e4sserufern verdr\u00e4ngen, k\u00f6nnten so Jahr f\u00fcr Jahr beseitigt werden. &#8222;An mehreren Freiburger Gew\u00e4ssern hat sich die Situation dadurch deutlich verbessert&#8220;, so Heuer-Klug. Da die Bachpaten inzwischen zum st\u00e4dtischen Garten- und Tiefbauamt geh\u00f6ren und dort auch f\u00fcr die Aktion &#8222;Freiburg packt an&#8220; verantwortlich sind, ergeben sich neuerdings zus\u00e4tzliche M\u00f6glichkeiten: &#8222;Jetzt stehen auch andere Sachen auf dem Programm, beispielsweise die Reinigung der Schilder im Verkehrsgarten&#8220; , erkl\u00e4rt Heuer-Klug.<br \/>\nAndreas Braun, 17.7.2008, BZ<\/p>\n<p>People To People<br \/>\nDas Programm &#8222;People to People&#8220; wurde 1956 vom damaligen US-Pr\u00e4sidenten Dwight D. Eisenhower ins Leben gerufen und m\u00f6chte zur V\u00f6lkerverst\u00e4ndigung zwischen jungen Menschen weltweit beitragen. Es gibt ein mehrstufiges Auswahlverfahren mit Bewerbungsschreiben, Tests und Auswahlgespr\u00e4chen. Die Teilnahme am Programm kostet etwa 6000 Dollar (etwa 3800 Euro). F\u00fcr Bed\u00fcrftige gibt es Teilstipendien.<\/p>\n<p>&nbsp;<\/p>\n<p>&nbsp;<\/p>\n<p><strong>Wir haben eine Gew\u00e4sserp\u00e4dagogik entwickelt<\/strong><\/p>\n<p>Am kommenden Montag und Dienstag findet im Freiburger B\u00fcrgerhaus am Seepark die erste bundesweite Bachpatentagung statt. Themen der Veranstaltung, die von mehreren Kooperationspartnern ausgerichtet und aus Mitteln der &#8222;Stiftung Naturschutzfonds&#8220; des Landes Baden-W\u00fcrttemberg gef\u00f6rdert wird, sind Gew\u00e4sserp\u00e4dagogik, Nachhaltigkeit und M\u00f6glichkeiten zur Bek\u00e4mpfung eingeschleppter Pflanzen, die in der Fachsprache als &#8222;Neophyten&#8220; bezeichnet werden. BZ-Mitarbeiter Andreas Braun befragte die Vorsitzende des &#8222;F\u00f6rdervereins Freiburger Bachpatenschaften&#8220;, Hella Heuer-Klug zu dieser Tagung.<\/p>\n<p>BZ: <em>Frau Heuer-Klug, was genau sind eigentlich &#8222;Bachpaten&#8220; ?<br \/>\n<\/em>Heuer-Klug: Bachpaten sind Leute, die sich freiwillig f\u00fcr ein Gew\u00e4sser engagieren. In Freiburg ist der Kreis der Bachpatenschaften in \u00fcber 20 Jahren auf zirka 50 Gruppen angewachsen; darunter viele Schulen. Die Stadt legt Wert darauf, dass sich m\u00f6glichst viele Bev\u00f6lkerungskreise beteiligen k\u00f6nnen. Deshalb haben wir mit dem &#8222;Blauen Klassenzimmer&#8220; eine eigene Gew\u00e4sserp\u00e4dagogik entwickelt.<\/p>\n<p>BZ: <em>Worum geht es bei diesem Engagement in erster Linie? Eher um die technische Unterhaltung von Flie\u00dfgew\u00e4ssern oder um den Naturschutz?<br \/>\n<\/em>Heuer-Klug: Bachpaten helfen nat\u00fcrlich auch bei der Gew\u00e4sserunterhaltung, aber ihr Schwerpunkt liegt eindeutig auf \u00f6kologischen Verbesserungen, also im Bereich des Naturschutzes: Die Kontrolle von Nisthilfen oder der Einsatz f\u00fcr Libellen und Amphibien seien als Beispiele genannt. Aber gerade dadurch, dass Bachpaten die Gew\u00e4sser\u00f6kologie verbessern, entlasten sie auch die Gew\u00e4sserunterhaltung, denn das \u00f6kologisch intakte Gew\u00e4sser ist auch pflegeleicht.<\/p>\n<p>BZ: <em>Wie kam es zu der Idee, erstmals eine deutschlandweite Bachpaten-Tagung zu veranstalten?<br \/>\n<\/em>Heuer-Klug: Mittlerweile gibt es an vielen Orten Bachpatenschaften, und ihre Zahl nimmt st\u00e4ndig zu. Da macht eine Vernetzung Sinn. Vor rund zwei Jahren entstand die Idee einer gemeinsamen Tagung zwischen Hamburg, Rheinland-Pfalz und uns; dieses Jahr ist es nun so weit. Motivierend kommt hinzu, dass wir uns in der &#8222;Dekade Bildung f\u00fcr Nachhaltige Entwicklung&#8220; befinden, und n\u00e4chstes Jahr soll hier das Schwerpunktthema &#8222;Wasser&#8220; lauten.<\/p>\n<p>BZ: <em>Ein Schwerpunkt der Tagung ist die Bek\u00e4mpfung von Neophyten. Sind eingeschleppte Pflanzen denn wirklich so problematisch? Das Indische Springkraut zum Beispiel wird von vielen Leuten auch als Bereicherung empfunden &amp;<br \/>\n<\/em>Heuer-Klug: Auf das Konto solcher Neophyten, die Verdr\u00e4ngungsprozesse gro\u00dfen Stils bewirken, gehen aber auch wirtschaftliche Sch\u00e4den, etwa Hochwassergefahren durch Erosion oder die Destabilisierung von B\u00f6schungen. Bei uns sind inzwischen sogar Naturschutzgebiete gef\u00e4hrdet. Artenschutzma\u00dfnahmen sind daher in Frage gestellt, wenn solche Pflanzen in der Weise bei uns Fu\u00df fassen k\u00f6nnen, dass sie unsere Pflanzen- und Tiergesellschaften aus dem Gleichgewicht bringen.<br \/>\n<em><br \/>\nDie Bachpatentagung wird am Sonntag, 21. Oktober, um 18 Uhr mit einer \u00f6kumenischen Feier zum Thema &#8222;Wasser ist Leben&#8220; in der \u00f6kumenischen Kirche im Freiburger Stadtteil Rieselfeld er\u00f6ffnet. Der fachliche Teil beginnt am Montag, 22. Oktober, um 9 Uhr; ab 8 Uhr sind noch Anmeldungen m\u00f6glich.<\/em><br \/>\n<span style=\"font-family: Arial; font-size: x-small;\">Andreas Braun, 20.10.2007,<\/span><span style=\"font-family: Arial; font-size: x-small;\"> <a href=\"https:\/\/www.badische-zeitung.de\/\" target=\"_blank\">www.badische-zeitung.de<\/a><\/span><\/p>\n","protected":false},"excerpt":{"rendered":"<p>Home &gt;Wasser &gt;Regio &gt;Fluss\u00a0&gt;Dreisam &gt;Bachpaten Bachpatenschaften Freiburg https:\/\/www.freiburg-schwarzwald.de\/blog\/bachpaten-nistkasten-kontrolle\/ (21.11.2018) Bachpaten: Springkraut, Neophyten-Netzwerk, US-Jugendgruppen im Juli &gt;Springkraut (15,3,) B\u00fcrgerpreis 2009 f\u00fcr Bachpaten &gt;Ehrenamt4 (24.4.2009) Gew\u00e4sserpflege ehrenamtlich &#8211; Ufergeh\u00f6lze schneiden &gt;Welchental (16.2.2009) Freiburg packt an &#8211; Fusion mit den Bachpaten &gt;Bachpaten (13.11.2008) &hellip; <a href=\"https:\/\/www.freiburg-schwarzwald.de\/blog\/regio\/fluss\/bachpaten\/\">Weiterlesen <span class=\"meta-nav\">&rarr;<\/span><\/a><\/p>\n","protected":false},"author":4,"featured_media":0,"parent":9270,"menu_order":0,"comment_status":"open","ping_status":"closed","template":"","meta":{"footnotes":""},"class_list":["post-10770","page","type-page","status-publish","hentry"],"_links":{"self":[{"href":"https:\/\/www.freiburg-schwarzwald.de\/blog\/wp-json\/wp\/v2\/pages\/10770","targetHints":{"allow":["GET"]}}],"collection":[{"href":"https:\/\/www.freiburg-schwarzwald.de\/blog\/wp-json\/wp\/v2\/pages"}],"about":[{"href":"https:\/\/www.freiburg-schwarzwald.de\/blog\/wp-json\/wp\/v2\/types\/page"}],"author":[{"embeddable":true,"href":"https:\/\/www.freiburg-schwarzwald.de\/blog\/wp-json\/wp\/v2\/users\/4"}],"replies":[{"embeddable":true,"href":"https:\/\/www.freiburg-schwarzwald.de\/blog\/wp-json\/wp\/v2\/comments?post=10770"}],"version-history":[{"count":0,"href":"https:\/\/www.freiburg-schwarzwald.de\/blog\/wp-json\/wp\/v2\/pages\/10770\/revisions"}],"up":[{"embeddable":true,"href":"https:\/\/www.freiburg-schwarzwald.de\/blog\/wp-json\/wp\/v2\/pages\/9270"}],"wp:attachment":[{"href":"https:\/\/www.freiburg-schwarzwald.de\/blog\/wp-json\/wp\/v2\/media?parent=10770"}],"curies":[{"name":"wp","href":"https:\/\/api.w.org\/{rel}","templated":true}]}}