{"id":107604,"date":"2022-12-21T10:11:54","date_gmt":"2022-12-21T09:11:54","guid":{"rendered":"https:\/\/www.freiburg-schwarzwald.de\/blog\/?page_id=107604"},"modified":"2025-02-04T10:20:16","modified_gmt":"2025-02-04T09:20:16","slug":"politik-bullerbue","status":"publish","type":"page","link":"https:\/\/www.freiburg-schwarzwald.de\/blog\/engagement\/zukunft\/demokratie\/gruen-links\/politik-bullerbue\/","title":{"rendered":"Politik-Bullerb\u00fc"},"content":{"rendered":"<p><a href=\"https:\/\/freiburg-schwarzwald.de\/blog\">Home<\/a> &gt;<a title=\"Zukunft\" href=\"https:\/\/www.freiburg-schwarzwald.de\/blog\/engagement\/zukunft\/\">Zukunft<\/a>\u00a0&gt;<a title=\"Demokratie\" href=\"https:\/\/www.freiburg-schwarzwald.de\/blog\/engagement\/zukunft\/demokratie\/\">Demokratie<\/a>\u00a0&gt;<a title=\"Global\" href=\"https:\/\/www.freiburg-schwarzwald.de\/blog\/global\/\">Global<\/a>\u00a0&gt;<a title=\"Deutschland\" href=\"https:\/\/www.freiburg-schwarzwald.de\/blog\/global\/deutschland\/\">Deutschland<\/a> &gt;<a href=\"https:\/\/www.freiburg-schwarzwald.de\/blog\/engagement\/zukunft\/demokratie\/gruen-links\/\">Gruen-Links<\/a> &gt;Politik-Bullerb\u00fc<\/p>\n<div id=\"attachment_106684\" style=\"width: 554px\" class=\"wp-caption alignnone\"><a href=\"https:\/\/www.freiburg-schwarzwald.de\/blog\/wp-content\/uploads\/2022\/11\/maske-schleuse-pan221127.jpg\"><img loading=\"lazy\" decoding=\"async\" aria-describedby=\"caption-attachment-106684\" class=\"size-full wp-image-106684\" src=\"https:\/\/www.freiburg-schwarzwald.de\/blog\/wp-content\/uploads\/2022\/11\/maske-schleuse-pan221127.jpg\" alt=\"\" width=\"544\" height=\"333\" srcset=\"https:\/\/www.freiburg-schwarzwald.de\/blog\/wp-content\/uploads\/2022\/11\/maske-schleuse-pan221127.jpg 544w, https:\/\/www.freiburg-schwarzwald.de\/blog\/wp-content\/uploads\/2022\/11\/maske-schleuse-pan221127-180x110.jpg 180w\" sizes=\"auto, (max-width: 544px) 100vw, 544px\" \/><\/a><p id=\"caption-attachment-106684\" class=\"wp-caption-text\">Die letzte Angst vor der letzten Gefahr im Herbst 2022<\/p><\/div>\n<ul>\n<li><em>Listenauswahl eines Beitrags: Bitte anklicken oder runterscrollen<\/em><\/li>\n<li><a href=\"https:\/\/www.freiburg-schwarzwald.de\/blog\/kultur\/kulturverlust\/ineptokratie\/\">Winfried St\u00f6cker: AfD als Rettung vor politischer \u201eIneptokratie\u201c \u2013 Offener Brief<\/a>\u00a0(3.2.2025)<\/li>\n<li><a href=\"https:\/\/www.freiburg-schwarzwald.de\/blog\/sport\/sportlern\/fussball\/fussball-em2024\/\">Fussball-EM zeigt Niedergang<\/a>\u00a0(14.7.2024)<\/li>\n<li><a href=\"https:\/\/www.freiburg-schwarzwald.de\/blog\/engagement\/zukunft\/demokratie\/politik\/aussenpolitik\/\">\u201ePal\u00e4stinenser k\u00f6nnen nur in Frieden leben, wenn Israelis gehen\u201c \u2013 Baerbock irritiert mit Versprecher bei CNN<\/a>\u00a0(11.7.2024)<\/li>\n<li><a href=\"https:\/\/www.freiburg-schwarzwald.de\/blog\/beutelsbacher-konsens-kinder\/\">Beutelsbacher Konsens \u2013 Kinder<\/a>\u00a0(10.5.2023)<\/li>\n<li><a href=\"https:\/\/www.freiburg-schwarzwald.de\/blog\/engagement\/zukunft\/demokratie\/ampel\/\">Ampel: Politik der Verarmung<\/a>\u00a0(1.1.2023)<\/li>\n<li>Gr\u00fcne Zukunft: In Bullerb\u00fc gehen die Lichter aus (20.12.2022)<\/li>\n<\/ul>\n<ul>\n<li><a title=\"Aktivisten\" href=\"https:\/\/www.freiburg-schwarzwald.de\/blog\/vereine\/ngo\/aktivisten\/\">Aktivisten<\/a><\/li>\n<li><a title=\"Arroganz\" href=\"https:\/\/www.freiburg-schwarzwald.de\/blog\/engagement\/arroganz\/\">Arroganz<\/a><\/li>\n<li><a href=\"https:\/\/www.freiburg-schwarzwald.de\/blog\/bildung\/politische-bildung\/\">BpB<\/a><\/li>\n<li><a href=\"https:\/\/www.freiburg-schwarzwald.de\/blog\/engagement\/zukunft\/demokratie\/bundespraesident\/\">Bundespr\u00e4sident<\/a><\/li>\n<li><a title=\"Corona-Sozialismus\" href=\"https:\/\/www.freiburg-schwarzwald.de\/blog\/business\/rezession\/corona-sozialismus\/\">Corona-Sozialismus<\/a><\/li>\n<li><a href=\"https:\/\/www.freiburg-schwarzwald.de\/blog\/kultur\/kulturverlust\/ineptokratie\/\">Ineptokratie<\/a><\/li>\n<li><a href=\"https:\/\/www.freiburg-schwarzwald.de\/blog\/engagement\/zukunft\/demokratie\/naivitaet\/infantilisierung\/\">Infantilisierung<\/a><\/li>\n<li><a title=\"Klimapolitik\" href=\"https:\/\/www.freiburg-schwarzwald.de\/blog\/natur\/klima\/klimapolitik\/\">Klimapolitik<\/a><\/li>\n<li><a href=\"https:\/\/www.freiburg-schwarzwald.de\/blog\/selbsthilfe\/krise\/krisenpolitik\/\">Krisenpolitik<\/a><\/li>\n<li><a title=\"Klonovsky\" href=\"https:\/\/www.freiburg-schwarzwald.de\/blog\/kultur\/dichter\/klonovsky\/\">Klonovsky<\/a><\/li>\n<li><a href=\"https:\/\/www.freiburg-schwarzwald.de\/blog\/kultur\/medien\/medien-politik\/\">Medien-Politik<\/a><\/li>\n<li><a title=\"Migrationspolitik\" href=\"https:\/\/www.freiburg-schwarzwald.de\/blog\/global\/migration\/migrationspolitik\/\">Migrationspolitik ab 2020<\/a><\/li>\n<li><a href=\"https:\/\/www.freiburg-schwarzwald.de\/blog\/global\/netzwerke\/\">Netzwerke global<\/a><\/li>\n<li><a href=\"https:\/\/www.freiburg-schwarzwald.de\/blog\/global\/eu\/notverordnungen\/\">Notverordnungen<\/a><\/li>\n<li><a href=\"https:\/\/www.freiburg-schwarzwald.de\/blog\/engagement\/zukunft\/demokratie\/politik\/politik-illusionen\/\">Politik-Illusionen<\/a><\/li>\n<li><a href=\"https:\/\/www.freiburg-schwarzwald.de\/blog\/bildung\/politische-bildung\/\">Politische-Bildung<\/a><\/li>\n<li><a href=\"https:\/\/www.freiburg-schwarzwald.de\/blog\/engagement\/zukunft\/frieden\/regenbogen\/\">Regenbogen<\/a><\/li>\n<li><a href=\"https:\/\/www.freiburg-schwarzwald.de\/blog\/business\/wirtschaft\/sanktionen\/\">Sanktionen<\/a><\/li>\n<li><a href=\"https:\/\/www.freiburg-schwarzwald.de\/blog\/business\/volkswirtschaft\/verarmung\/\">Verarmung<\/a><\/li>\n<li><a href=\"https:\/\/www.freiburg-schwarzwald.de\/blog\/engagement\/zukunft\/demokratie\/politik\/zeitenwende\/\">Zeitenwende<\/a><\/li>\n<\/ul>\n<p><strong>Sie geh\u00f6ren zusammen:\u00a0<a href=\"https:\/\/www.freiburg-schwarzwald.de\/blog\/engagement\/zukunft\/demokratie\/entspannungspolitik\/\">Entspannungspolitik<\/a>\u00a0(Willy Brandt) und\u00a0<a href=\"https:\/\/www.freiburg-schwarzwald.de\/blog\/engagement\/zukunft\/frieden\/friedensbewegung\/\">Friedensbewegung<\/a>\u00a0(von Erhard Eppler bis\u00a0<\/strong><strong><a href=\"https:\/\/www.freiburg-schwarzwald.de\/blog\/religion\/katholisch\/drewermann\/\">Eugen Drewermann<\/a>)<br \/>\n========================================<br \/>\n<\/strong><\/p>\n<p><strong>Gr\u00fcne Zukunft: In Bullerb\u00fc gehen die Lichter aus<\/strong><br \/>\nGut ein Jahr ist die neue Bundesregierung im Amt. Vor allem die Gr\u00fcnen vermochten es, der Ampelkoalition ihren Stempel aufzudr\u00fccken. Angesichts einer vielfachen Problemlage scheint es jedoch, als habe der gr\u00fcne Zeitgeist seinen Zenit \u00fcberschritten.<br \/>\n&#8230;<br \/>\nPl\u00f6tzlich wird \u00fcberall SOS gefunkt, selbst beim zust\u00e4ndigen Katastrophenschutz: bedrohliche Energieengp\u00e4sse, Rekordinflation, Arbeitskr\u00e4ftemangel, Schuldenberge und eine Infrastruktur nicht nur bei der Bahn, die an die Wiederaufbaujahre nach dem Krieg erinnert. Dazu eine neue Fl\u00fcchtlingswelle auch jenseits der ukrainischen Trag\u00f6die, drohende Blackouts und ausgesprochen fatale Ergebnisse einer Bildungsstudie, derzufolge immer mehr Kinder nicht mehr richtig lesen und schreiben lernen. So droht eine Generation chancenloser Analphabeten heranzuwachsen.<br \/>\nEs ist, als sei nach 16 Merkel-Jahren der Schleier gel\u00fcftet worden, der \u00fcber dem Land lag. Nun liegen viele Dinge ziemlich nackt vor unser aller Augen. Manch einer k\u00f6nnte verzweifeln, w\u00e4re da nicht unser unersch\u00fctterlicher Bundeskanzler mit seiner f\u00fcrs ganze Jahr geltenden Weihnachtsbotschaft \u201eYou&#8217;ll never walk alone!\u201c (Du gehst niemals allein!). Das hat zwar nicht einmal Jesus Christus versprochen, aber das rotgr\u00fcne Himmelreich liegt ja auch schon auf Erden. Um genauer zu sein: Eigentlich ist es ein ur-gr\u00fcnes Himmelreich, ein irdisches Paradies im Hier und Jetzt.<br \/>\nEs h\u00f6rt auf den Namen \u201eBullerb\u00fc\u201c, Inbegriff eines idyllischen Gesellschaftszustands mit schwedischem Migrationshintergrund \u2013 Astrid Lindgrens idealtypische Kindheitsutopie ihres Geburtsortes Vimmerby. \u201eBullerb\u00fc\u201c auf deutsch, das ist ein Traumland voller Windr\u00e4der, H\u00fcpfburgen und Lastenfahrr\u00e4der, harmonisch, naturnah, konflikt- und plastikfrei, eine bunte, diverse, klimaneutrale, gender- und LGBTIAQ+-gerechte, ebenso grenzenlose wie weltoffene Gesellschaft, achtsam und tolerant gegen\u00fcber jederfrau. \u00dcber die Einhaltung der Regeln wachen die Antidiskriminierungs- und der Queer-Beauftragte, in voller sprachlicher Pracht: \u201eDer Beauftragte der Bundesregierung f\u00fcr die Akzeptanz sexueller und geschlechtlicher Vielfalt\u201c.<br \/>\n&#8230;<br \/>\nDas zentrale Hindernis f\u00fcr eine grunds\u00e4tzliche Ver\u00e4nderung bei der Betrachtung der Wirklichkeit ist jedoch nach wie vor die gr\u00fcne A-priori-Moralisierung aller Debatten, die zum Beispiel verhindert, dass \u00fcber muslimische Frauenverachtung, israelfeindlichen Antisemitismus arabischer Fl\u00fcchtlinge und ihren intoleranten Machismo ebenso offen diskutiert werden kann wie \u00fcber s\u00e4chsischen Rechtsradikalismus und die mangelhafte antirassistische \u201eAwareness\u201c sogenannter alter wei\u00dfer M\u00e4nner. Nota bene: Dr\u00e4ngende Probleme, die nicht angesprochen werden \u2013 von Kriminalit\u00e4t in Brennpunktkiezen bis zum absehbaren Drama einer verlorenen Generation ohne Bildung und Aufstiegschancen \u2013 k\u00f6nnen nicht in Angriff genommen oder gar gel\u00f6st werden.<br \/>\nDoch wie oft in der Geschichte sorgt der massive Druck der Verh\u00e4ltnisse f\u00fcr Ver\u00e4nderung. Die entscheidende Frage lautet: Wie gro\u00df muss er werden, damit sich die Gr\u00fcnen endg\u00fcltig von Bullerb\u00fc verabschieden?<br \/>\n&#8230; Alles vom 9.12.2022 von Reinhard Mohr bitte lesen auf<br \/>\n<a href=\"https:\/\/paz.de\/artikel\/in-bullerbue-gehen-die-lichter-aus-a7965.html\">https:\/\/paz.de\/artikel\/in-bullerbue-gehen-die-lichter-aus-a7965.html<\/a><\/p>\n<p>Einige Kommentare:<br \/>\nDas Format solcher Artikel ist ebenso bekannt wie erm\u00fcdend: der entsetzte liberale Zeitgenosse redet sich ein, da\u00df \u201cder Zenit\u201d des rotgr\u00fcngelbschwarzen Unheils \u00fcberschritten sei, weil jetzt die Ideologie mit der Wirklichkeit konfrontiert sei,was zuungunsten der Ideologie ausgehen werde. So einfach ist es leider nicht, ist doch \u201cdie Wirklichkeit\u201d eine h\u00f6chst schemenhafte Erscheinung. Was als wirklich gilt, ist medienvermittelt. So gilt derzeit als Ursache unserer Energieversorgungsprobleme die Entscheidung des b\u00f6sen Russen \u201cuns\u201d den Gashahn zuzudrehen. Wie soll in dieser Lesart das schockierende Erwachen aus der woken Traumwelt erfolgen? So wird es auch bei den anderen von Mohr aufgez\u00e4hlten Konfrontationen von Wirklichkeit und Ideologie gehen. Die \u201cWirklichkeit\u201d ist ideologisch zugerichtet, und dann stimmen die Feindbilder wieder.<br \/>\n20.12.2022, H.S.<\/p>\n<p>\u201c\u2026 baut sich ein rot-gr\u00fcnes Luftschloss: den Wohlfahrtsstaat mit offenen Grenzen \u2026\u201d. &#8211; Da alle Beteiligten einen IQ oberhalb der Grenze zum Schwachsinn besitzen, finde ich folgende Fragen mehr als interessant. A. Warum tun die Gr\u00fcnen das? B. Warum dulden\/f\u00f6rdern Liberale und Konservative diesen Weg? C. Wieso segnet der W\u00e4hler diesen Irrsinn Wahl f\u00fcr Wahl ab? &#8211; All dies w\u00fcrde ich wirklich gerne verstehen!<br \/>\n20.12.2022, M.L.<\/p>\n<p>Wahrschienlich war 2021 \u00fcberhaupt das erste und einzige Mal in der ganzen Demokratiegeschichte seit 2500 Jahren, dass eine politische Gruppierung, die VOR (!) der Wahl warheitsgem\u00e4\u00df und explizit dem Volk erkl\u00e4rt, sie wolle Verbrauch drosseln, Steuern erh\u00f6hen und die Preise f\u00fcr alle lebenswichtigen Produkte inkl. Lebensmittel drastisch erh\u00f6hen, trotzdem die Wahl gewinnt.<br \/>\n20.12.2022, B.K.<\/p>\n<p>Sp\u00e4tesdens seit Joschka Fischer sind die Gr\u00fcnen Kriegspartei. Ungl\u00e4ubig sind sie auch, denn die EU hat Kernkraft als grt\u00fcn eingestuft, aber der Habenichts \u201cverkohlt\u201d die Stromerzeugung.<br \/>\n20.12.2022, A.G.<\/p>\n<p>Die Gr\u00fcnen zerst\u00f6ren die klassischen Produktionsmittel (Marxsche Wortsch\u00f6pfung), also die Wirtschaft, und damit die materiellen Grundlagen der alten Gesellschaft. Sie bem\u00e4chtigen sich der neuen Produktionsmittel (Klimakram) um ihre Neuauflage des Klassenkampfes doch noch zum Sieg zu verhelfen. Sie enteignen die \u201cBourgeois\u201d, indem sie die Wirtschaft ruinieren und die Reste kollektivieren. Sie \u00fcbernehmen die Produktionsmittel. Ihr Klassenkampf ist auch ein Rassenkampf gegen die eigene Bev\u00f6lkerung. Sie dekorieren ihre destruktiven Machtgel\u00fcste, ihre niedere Gesinnung mit politischen &amp; ideologischen Kitsch.<br \/>\n20.12.2022, T.S.<\/p>\n<p>Sucht man hier nach Logik, dann kann es fast nur eine Antwort geben : Es geht gar nicht um die \u00f6ffentlich proklamierten Ziele, sondern das eigentliche Ziel lautet : Zerst\u00f6rung des Wirtschaftsstandorts Deutschland. Hier scheinen Vorgaben derjenigen ausgef\u00fchrt zu werden, denen diese Zerst\u00f6rung einen Vorteil bringt. Und das ganze linksgr\u00fcne Getue und die gr\u00fcnen \u201eErrungenschaften\u201c bedeuten nur den Weg hin zu dieser Vernichtung, sind jedoch nicht das (wirkliche) Ziel. Es scheint einzig und allein \u201eim Auftrag\u201c gehandelt zu werden. Alles Andere \u201emacht keinen Sinn\u201c. Arbeitete Merkel nicht auch bereits \u201eim Auftrag\u201c m\u00e4chtiger Einfl\u00fcsterer? Auch bei ihr ergeben anderslautende Erkl\u00e4rungen keinen \u201eSinn\u201c. Es ist das, was am Ende herauskommt, was z\u00e4hlt.<br \/>\n20.12.2022, W.A.<\/p>\n<p>W.A.: Vieles richtig, was Sie schreiben. Eine gro\u00dfe Abweichung zu meiner Meinung: Rot, Schwarz und Gr\u00fcn brauchten keinen Ansto\u00df von au\u00dfen, Keinen, der ihnen erz\u00e4hlt oder vorschreibt, was zu tun ist. # Mit Merkel kamen die Kommunisten an die Macht, w\u00e4hrend deren W\u00e4hler noch glaubten, sie w\u00e4hlten eine konservative Partei. Und damit wurde auch Gr\u00fcn, der legitime Nachfolger der 1970er Jahre K-Gruppen, nach oben gesp\u00fclt. Die Sozen waren von jeher schon niemals \u201csozialdemokratisch\u201d sondern im Grunde ihres Herzens immer sozialistisch. Drum konnten alle gemeinsam sich zur NeoSED zusammenf\u00fcgen und uns vorgaukeln, neben \u201cder Regierung\u201d g\u00e4be es auch eine Opposition. # Diese Verbrecher sind intrinsisch getrieben. Das ist ein viel st\u00e4rkerer Einflu\u00df und Antrieb, als er extrinsisch erzeugt werden k\u00f6nnte. Wenn deren Vorgehen und deren Ziele mit denen von global werkelnden Influenzern \u00fcbereinstimmen, sehe ich das Koinzidenz, aber nicht als Kausalit\u00e4t an. # Unterst\u00fctzend kommt hinzu, da\u00df \u201cwir\u201d 2 Generationen Weicheier herangezogen haben. Unter dem Motto \u201cunsere Kinder sollen es mal besser haben\u201d wuchsen die auf in dem Glauben, man m\u00fcsse sich etwas nur intensiv genug w\u00fcnschen, dann geht dieser Wunsch auch in Erf\u00fcllung. Hat mit dem Moped zum 16. und dem Auto zum 18. Geburtstag ja auch funktioniert. Die tun einfach das, was sie aus unserem Verhalten gelernt haben. Ich sag\u2019s Mal so: das haben wir jetzt davon.<br \/>\nMeinen Kommentar von gerade eben m\u00f6chte ich noch erg\u00e4nzen. Die Misere der Migration, der fehlschlagenden Integration, ist genau darauf zur\u00fcckzuf\u00fchren. Unsere Folgegenerationen, die jetzt schon \u201cdas Sagen\u201d haben und deren Einflu\u00df immer st\u00e4rker wird: die tun, was wir sie lehrten: Sie pampern die Migranten, statt zu f\u00f6rdern und zu fordern. Und f\u00fchlen sich gro\u00dfartig dabei. So wie wir, als unser Nachkomme v\u00f6llig unverdient zum 18. Geburtstag ins \u201cerste eigene Auto\u201d einstieg. # Und \u201cwir\u201d? Statt in uns zu gehen suchen und finden \u201cwir\u201d den \u201cSchuldigen\u201d irgendwo \u201cda drau\u00dfen\u201d.<br \/>\n20.12.2022, B.F.<\/p>\n<p>Auf den aktuellen Bericht von Frau Binnig zum \u201cgreen deal\u201d sei hingewiesen. Wer angesichts dessen, was hier erstaunlich offen und unverhohlen proklamiert wird, die Zwangskollektivierung inklusive, immer noch liberalkonservativ vor sich hintraeumt, hat den Schuss oder besser die Sch\u00fcsse nicht gehoert und verdr\u00e4ngt die naeher kommenden Einschlaege, oder er gehoert zu heimlichen Sympathisanten. Das politische Zauberwort ist uebrigens immer dasselbe : Macht. Nur wer die hat, gewinnt, egal was er Uebles vorhat. Die Frage fuer die Liberalkonservativen waere, der Konjunktiv ist bewusst gewaehlt, wie kommt man an diese Macht, unterstellt, man w\u00fcrde dann tatsaechlich den linksgruenen Stall ausmisten und nach dem reset neu ansetzen. Und hier ist der Begriff radikal dann auch angebracht, denn es geht um die Wurzeln. Ansonsten bricht das linksgruene Mycel irgendwann wieder durch, denn zumindest die psychokognitive Verfasstheit der Deutschen ist bis auf weiteres aeusserst volatil. Solange die Transformatoren koennen, werden sie es immer wieder versuchen, vor allem solange sie ueber die Mrd an Mitteln der Multis und Kapitalisten verf\u00fcgen. Leicht wird es also nicht. Die Alternative ist klar.<br \/>\n20.12.2022, R.N.<\/p>\n<p>Sp\u00e4testens nach der Diskussion um die Abschaltung der Atomkraftwerke kann man sehen, dass die Gr\u00fcnen zu einer religi\u00f6sen Sekte mutiert sind. Dem Klima wird als neuem Gott gehuldigt. Alle Merkmale einer Sekte sind vorhanden, nicht nur bei den Parteimitlieder selbst sondern auch bei den W\u00e4hler.: blinder Gefolgsam (wie sonst w\u00e4re die aktuellen Umfragewerte 15-20% zu erkl\u00e4ren. ) Regelm\u00e4\u00dfige Voraussagen auf ein Ende der Welt, wenn sich nichts \u00e4ndert, wie sie es wollen.. selbst die Zeugen Jehovas sind schon weiter und haben es aufgegeben, das Ende der Welt vorherzusagen. Und wenn es nicht klappt, braucht man nicht weniger, sondern mehr vom gr\u00fcnen Idealismus.. mehr Windr\u00e4der, mehr Solar, weniger Atom .. selbst wenn man bei der jetzigen hohen Ausbaustufe schon deutlich sehen kann, dass es nicht klappt, und auch bei der 20-fachen Anzahl an Windr\u00e4dern kein Strom erzeugt wird, wenn kein Wind weht\u2026 sorry, dass kann nur durch einen blinden Glauben an die Allmacht der Gr\u00fcnen erkl\u00e4rt werden. Nach dem Motto.. es wird schon gut gehen! Wir haben zwar eine konservative Mehrheit, die wird aber leider durch die erfolgreiche \u201cNazifizierung\u201d der AfD verhindert. Durch die Medien oder auch teilweise selbstverschuldet.. die Konservativen sind in eine Falle gelaufen und die Medien bem\u00fchen sich eifrig, dass Narrativ der rechtsradikalen AfD aufrecht zu erhalten.<br \/>\n20.12.2022, H.E.<\/p>\n<p>\u201c&#8230; das ist ein Traumland voller Windr\u00e4der, H\u00fcpfburgen und Lastenfahrr\u00e4der, harmonisch, naturnah, konflikt- und plastikfrei, eine bunte, diverse, klimaneutrale, gender- und LGBTIAQ+-gerechte &#8230;\u201d Das ist vor allem und insbesondere ein Albtraum! In dieser scheinbar auf das Individuum und sein Wohl zugeschnittenen Gesellschaft fehlt kurioserweise eines ganz besonders: Individualit\u00e4t! Des weiteren alles glamour\u00f6se, alle H\u00f6hepunkte, alles wonach es sich zu sehnen und zu streben lohnt. Weit und breit nur spinatgr\u00fcne Langeweile und Kichererbsen-Konformit\u00e4t. Nein danke! Ich bin schon mal vor so etwas geflohen, es nannte sich Kommunismus. Man\/Frau\/ es wollen wieder einmal einen neuen, \u201cbesseren\u201d Menschen erschaffen. Na denn gute Nacht. Da braucht\u2019s ne Menge Leichent\u00fccher und S\u00e4rge, denn so etwas endet stets mit einem: mit uns\u00e4glichem Leid!<br \/>\n20.12.2022, Z.W.<\/p>\n<p>Guter Text.<br \/>\nZITAT \u201cDass die realen, ganz praktischen und unausweichlichen Herausforderungen das Traumland von Bullerb\u00fc in eine einzige gro\u00dfe Baustelle verwandeln\u201d Sch\u00f6ne Metapher, aber eine Baustelle w\u00e4re ja etwas beruhigendes, denn dort wird (auf)gebaut. In D dagegen sieht es zunehmend aus wie nach einem fl\u00e4chendeckenden Bombenhagel. Und die Bombardierung geht weiter. Von Aufbau ist nichts zu sehen.<br \/>\nZITAT: \u201c&#8230;eines Sozialstaats, der l\u00e4ngst an seine finanziellen Grenzen gekommen ist\u201d. Es w\u00e4re sch\u00f6ne, wenn der Staat an seinen Grenzen angekommen w\u00e4re. Denn dann w\u00e4re er ja noch innerhalb (!) seiner Grenzen. In Wahrheit hat der seine Grenzen l\u00e4ngst sehr weit \u00fcberschritten. Die unausweichlichen Folgen jedoch, n\u00e4mlich ebenso unausweichlich wie auch in fehlgesteuerten Wirtschaftskreisl\u00e4ufen, zeigen sich in voller \u201cPracht\u201d erst nach einem l\u00e4ngeren Zeitraum. Die Folgen sind bereits heute unabwendbar.<br \/>\nZITAT \u201eDeutschland schlafwandelt gerade in eine neue Migrationskrise hinein\u201c. Als ob es die alte Migrationskrise bereits bew\u00e4ltigt oder hinter sich gelassen h\u00e4tte. Das dauert Jahrzehnte bis Jahrhunderte. Die begonnene Migrationskrise bekommt lediglich \u201cVerst\u00e4rkung\u201d.<br \/>\nZITAT \u201cDie entscheidende Frage lautet: Wie gro\u00df muss er werden, damit sich die Gr\u00fcnen endg\u00fcltig von Bullerb\u00fc verabschieden?\u201d Hier passt ein Bismarck Zitat: \u201cL\u00b4exc\u00e9s du mal, en devient le rem\u00e8de\u201d<br \/>\n20.12.2022, P.G.<\/p>\n<p>Zur Ehrenrettung von Bullerb\u00fc: Der Ort liegt in Sm\u00e5land. Die Menschen dort leben von harter Arbeit. Viel Steine und wenig Brot. Mit Gr\u00fcn haben die nichts am Hut. Die einzigen, die dummes Zeugs reden, kommen zuverl\u00e4ssig aus Schland. Typ pensionierte Kunsterzieherin, Lehrerin, T\u00f6pferin oder so ein Schei\u00df: \u201cSind Sie auch geimpft?\u201d &#8211; N\u00f6. Was besonders angenehm auff\u00e4llt: in jedem Vorgarten steht ein Flaggenmast mit der schwedischen Fahne. Die Flagge der EU sieht man \u00e4u\u00dferst selten, nicht so wie in Schland an jeder Ecke. Auch den bunten P\u00e4derastenfeudel sucht man vergeblich, hier und da vor einer Kirche oder dem Rathaus einer gr\u00f6\u00dferen Stadt, nicht so in Bullerb\u00fc. N\u00f6.<br \/>\n20.12.2022, J.K.<br \/>\nEnde Kommentare<\/p>\n","protected":false},"excerpt":{"rendered":"<p>Home &gt;Zukunft\u00a0&gt;Demokratie\u00a0&gt;Global\u00a0&gt;Deutschland &gt;Gruen-Links &gt;Politik-Bullerb\u00fc Listenauswahl eines Beitrags: Bitte anklicken oder runterscrollen Winfried St\u00f6cker: AfD als Rettung vor politischer \u201eIneptokratie\u201c \u2013 Offener Brief\u00a0(3.2.2025) Fussball-EM zeigt Niedergang\u00a0(14.7.2024) \u201ePal\u00e4stinenser k\u00f6nnen nur in Frieden leben, wenn Israelis gehen\u201c \u2013 Baerbock irritiert mit Versprecher bei &hellip; <a href=\"https:\/\/www.freiburg-schwarzwald.de\/blog\/engagement\/zukunft\/demokratie\/gruen-links\/politik-bullerbue\/\">Weiterlesen <span class=\"meta-nav\">&rarr;<\/span><\/a><\/p>\n","protected":false},"author":2,"featured_media":0,"parent":72944,"menu_order":0,"comment_status":"closed","ping_status":"closed","template":"","meta":{"footnotes":""},"class_list":["post-107604","page","type-page","status-publish","hentry"],"_links":{"self":[{"href":"https:\/\/www.freiburg-schwarzwald.de\/blog\/wp-json\/wp\/v2\/pages\/107604","targetHints":{"allow":["GET"]}}],"collection":[{"href":"https:\/\/www.freiburg-schwarzwald.de\/blog\/wp-json\/wp\/v2\/pages"}],"about":[{"href":"https:\/\/www.freiburg-schwarzwald.de\/blog\/wp-json\/wp\/v2\/types\/page"}],"author":[{"embeddable":true,"href":"https:\/\/www.freiburg-schwarzwald.de\/blog\/wp-json\/wp\/v2\/users\/2"}],"replies":[{"embeddable":true,"href":"https:\/\/www.freiburg-schwarzwald.de\/blog\/wp-json\/wp\/v2\/comments?post=107604"}],"version-history":[{"count":6,"href":"https:\/\/www.freiburg-schwarzwald.de\/blog\/wp-json\/wp\/v2\/pages\/107604\/revisions"}],"predecessor-version":[{"id":130629,"href":"https:\/\/www.freiburg-schwarzwald.de\/blog\/wp-json\/wp\/v2\/pages\/107604\/revisions\/130629"}],"up":[{"embeddable":true,"href":"https:\/\/www.freiburg-schwarzwald.de\/blog\/wp-json\/wp\/v2\/pages\/72944"}],"wp:attachment":[{"href":"https:\/\/www.freiburg-schwarzwald.de\/blog\/wp-json\/wp\/v2\/media?parent=107604"}],"curies":[{"name":"wp","href":"https:\/\/api.w.org\/{rel}","templated":true}]}}